{"id":256145,"date":"2024-03-04T15:32:51","date_gmt":"2024-03-04T14:32:51","guid":{"rendered":"https:\/\/webdesi-gn.fr\/dev_deltalabo\/?post_type=product&#038;p=256145"},"modified":"2026-03-27T10:21:07","modified_gmt":"2026-03-27T09:21:07","slug":"volumenometre-de-tassage-modele-stav-ii","status":"publish","type":"product","link":"https:\/\/webdesi-gn.fr\/dev_deltalabo\/produits\/cosmetique-huile-essentielle\/volumenometre-de-tassage-cosmetique-huile-essentielle\/volumenometre-de-tassage-modele-stav-ii\/","title":{"rendered":"Volum\u00e8nom\u00e8tre de tassage JEL STAV II"},"content":{"rendered":"","protected":false},"excerpt":{"rendered":"<p><strong>Volum\u00e8nom\u00e8tre de tassage JEL STAV II :<\/strong><\/p>\n<p>Le volum\u00e8nom\u00e8tre de tassage JEL STAV II r\u00e9pond aux sp\u00e9cifications de la pharmacop\u00e9e europ\u00e9enne, aux normes DIN ISO 787 Part 11, ISO 3953 et ASTM B 527-93.<\/p>\n<p>L&rsquo;instrument permet de d\u00e9terminer la densit\u00e9 des poudres tass\u00e9es.\u00a0<span dir=\"auto\">Il est compos\u00e9 d&rsquo;un bo\u00eetier en plastique souple, \u00e9quip\u00e9 d&rsquo;un moteur, d&rsquo;une commande pour le m\u00e9canisme de bourrage et d&rsquo;un verrou de tension pour maintenir le cylindre de mesure. Le JEL STAV II se commande via un \u00e9cran. <\/span>Les \u00e9prouvettes gradu\u00e9es sont disponibles en diff\u00e9rentes tailles : de 10, 25, 50, 100, 250, 500 et 1000mL. Un capot d&rsquo;insonorisation est disponible si n\u00e9cessaire.<\/p>\n<p>Instrument simple d&rsquo;utilisation, l&rsquo;op\u00e9rateur r\u00e8gle le nombre d&rsquo;impact de tassement au volum\u00e8nom\u00e8tre, et avec une pes\u00e9e de l&rsquo;\u00e9chantillon, il peut calculer la densit\u00e9 de sa poudre.<\/p>\n<p><strong>T\u00e9l\u00e9charger la brochure produit :<\/strong> <a href=\"https:\/\/www.deltalabo.fr\/wp-content\/uploads\/2025\/04\/Brochure-STAV-eng-DL.pdf\">Volum\u00e8nom\u00e8tre de tassage JEL STAV II<\/a><\/p>\n<p><strong>Visionner l&rsquo;utilisation du produit :<\/strong> <a href=\"https:\/\/www.engelsmann.de\/wp-content\/uploads\/2022\/04\/engelsmann-mischtechnik-stampfvolumeter-jel-stav-2-video.mp4\">Volum\u00e8nom\u00e8tre de tassage JEL STAV II<\/a><\/p>\n","protected":false},"featured_media":262130,"template":"","meta":{"_acf_changed":false,"site-sidebar-layout":"default","site-content-layout":"","ast-site-content-layout":"default","site-content-style":"default","site-sidebar-style":"default","ast-global-header-display":"","ast-banner-title-visibility":"","ast-main-header-display":"","ast-hfb-above-header-display":"","ast-hfb-below-header-display":"","ast-hfb-mobile-header-display":"","site-post-title":"","ast-breadcrumbs-content":"","ast-featured-img":"","footer-sml-layout":"","ast-disable-related-posts":"","theme-transparent-header-meta":"default","adv-header-id-meta":"","stick-header-meta":"","header-above-stick-meta":"","header-main-stick-meta":"","header-below-stick-meta":"","astra-migrate-meta-layouts":"set","ast-page-background-enabled":"default","ast-page-background-meta":{"desktop":{"background-color":"var(--ast-global-color-5)","background-image":"","background-repeat":"repeat","background-position":"center center","background-size":"auto","background-attachment":"scroll","background-type":"","background-media":"","overlay-type":"","overlay-color":"","overlay-opacity":"","overlay-gradient":""},"tablet":{"background-color":"","background-image":"","background-repeat":"repeat","background-position":"center center","background-size":"auto","background-attachment":"scroll","background-type":"","background-media":"","overlay-type":"","overlay-color":"","overlay-opacity":"","overlay-gradient":""},"mobile":{"background-color":"","background-image":"","background-repeat":"repeat","background-position":"center center","background-size":"auto","background-attachment":"scroll","background-type":"","background-media":"","overlay-type":"","overlay-color":"","overlay-opacity":"","overlay-gradient":""}},"ast-content-background-meta":{"desktop":{"background-color":"var(--ast-global-color-4)","background-image":"","background-repeat":"repeat","background-position":"center center","background-size":"auto","background-attachment":"scroll","background-type":"","background-media":"","overlay-type":"","overlay-color":"","overlay-opacity":"","overlay-gradient":""},"tablet":{"background-color":"var(--ast-global-color-4)","background-image":"","background-repeat":"repeat","background-position":"center center","background-size":"auto","background-attachment":"scroll","background-type":"","background-media":"","overlay-type":"","overlay-color":"","overlay-opacity":"","overlay-gradient":""},"mobile":{"background-color":"var(--ast-global-color-4)","background-image":"","background-repeat":"repeat","background-position":"center center","background-size":"auto","background-attachment":"scroll","background-type":"","background-media":"","overlay-type":"","overlay-color":"","overlay-opacity":"","overlay-gradient":""}}},"domaine":[17183],"normes":[17665],"product_brand":[],"product_cat":[17223,17931],"product_tag":[],"class_list":{"0":"post-256145","1":"product","2":"type-product","3":"status-publish","4":"has-post-thumbnail","6":"domaine-analyses-physico-chimiques","7":"normes-b-527-93","8":"product_cat-volumenometre-de-tassage","9":"product_cat-volumenometre-de-tassage-cosmetique-huile-essentielle","10":"desktop-align-left","11":"tablet-align-left","12":"mobile-align-left","14":"first","15":"instock","16":"shipping-taxable","17":"product-type-simple"},"acf":[],"yoast_head":"<!-- This site is optimized with the Yoast SEO plugin v27.4 - https:\/\/yoast.com\/product\/yoast-seo-wordpress\/ -->\n<title>Volum\u00e8nom\u00e8tre de tassage JEL STAV II | DeltaLabo<\/title>\n<meta name=\"robots\" content=\"noindex, follow, max-snippet:-1, max-image-preview:large, max-video-preview:-1\" \/>\n<meta property=\"og:locale\" content=\"fr_FR\" \/>\n<meta property=\"og:type\" content=\"article\" \/>\n<meta property=\"og:title\" content=\"Volum\u00e8nom\u00e8tre de tassage JEL STAV II | DeltaLabo\" \/>\n<meta property=\"og:description\" content=\"Volum\u00e8nom\u00e8tre de tassage JEL STAV II :  Le volum\u00e8nom\u00e8tre de tassage JEL STAV II r\u00e9pond aux sp\u00e9cifications de la pharmacop\u00e9e europ\u00e9enne, aux normes DIN ISO 787 Part 11, ISO 3953 et ASTM B 527-93.  L&#039;instrument permet de d\u00e9terminer la densit\u00e9 des poudres tass\u00e9es.\u00a0Il est compos\u00e9 d&#039;un bo\u00eetier en plastique souple, \u00e9quip\u00e9 d&#039;un moteur, d&#039;une commande pour le m\u00e9canisme de bourrage et d&#039;un verrou de tension pour maintenir le cylindre de mesure. Le JEL STAV II se commande via un \u00e9cran. Les \u00e9prouvettes gradu\u00e9es sont disponibles en diff\u00e9rentes tailles : de 10, 25, 50, 100, 250, 500 et 1000mL. Un capot d&#039;insonorisation est disponible si n\u00e9cessaire.  Instrument simple d&#039;utilisation, l&#039;op\u00e9rateur r\u00e8gle le nombre d&#039;impact de tassement au volum\u00e8nom\u00e8tre, et avec une pes\u00e9e de l&#039;\u00e9chantillon, il peut calculer la densit\u00e9 de sa poudre.  T\u00e9l\u00e9charger la brochure produit : Volum\u00e8nom\u00e8tre de tassage JEL STAV II  Visionner l&#039;utilisation du produit : Volum\u00e8nom\u00e8tre de tassage JEL STAV II\" \/>\n<meta property=\"og:url\" content=\"https:\/\/webdesi-gn.fr\/dev_deltalabo\/produits\/cosmetique-huile-essentielle\/volumenometre-de-tassage-cosmetique-huile-essentielle\/volumenometre-de-tassage-modele-stav-ii\/\" \/>\n<meta property=\"og:site_name\" content=\"DeltaLabo\" \/>\n<meta property=\"article:modified_time\" content=\"2026-03-27T09:21:07+00:00\" \/>\n<meta property=\"og:image\" content=\"https:\/\/webdesi-gn.fr\/dev_deltalabo\/wp-content\/uploads\/2025\/11\/DELTA-LABO-jel-stav-2-1.jpg\" \/>\n\t<meta property=\"og:image:width\" content=\"1200\" \/>\n\t<meta property=\"og:image:height\" content=\"800\" \/>\n\t<meta property=\"og:image:type\" content=\"image\/jpeg\" \/>\n<meta name=\"twitter:card\" content=\"summary_large_image\" \/>\n<meta name=\"twitter:label1\" content=\"Dur\u00e9e de lecture estim\u00e9e\" \/>\n\t<meta name=\"twitter:data1\" content=\"1 minute\" \/>\n<script type=\"application\/ld+json\" class=\"yoast-schema-graph\">{\"@context\":\"https:\\\/\\\/schema.org\",\"@graph\":[{\"@type\":\"WebPage\",\"@id\":\"https:\\\/\\\/webdesi-gn.fr\\\/dev_deltalabo\\\/produits\\\/cosmetique-huile-essentielle\\\/volumenometre-de-tassage-cosmetique-huile-essentielle\\\/volumenometre-de-tassage-modele-stav-ii\\\/\",\"url\":\"https:\\\/\\\/webdesi-gn.fr\\\/dev_deltalabo\\\/produits\\\/cosmetique-huile-essentielle\\\/volumenometre-de-tassage-cosmetique-huile-essentielle\\\/volumenometre-de-tassage-modele-stav-ii\\\/\",\"name\":\"Volum\u00e8nom\u00e8tre de tassage JEL STAV II | DeltaLabo\",\"isPartOf\":{\"@id\":\"https:\\\/\\\/webdesi-gn.fr\\\/dev_deltalabo\\\/#website\"},\"primaryImageOfPage\":{\"@id\":\"https:\\\/\\\/webdesi-gn.fr\\\/dev_deltalabo\\\/produits\\\/cosmetique-huile-essentielle\\\/volumenometre-de-tassage-cosmetique-huile-essentielle\\\/volumenometre-de-tassage-modele-stav-ii\\\/#primaryimage\"},\"image\":{\"@id\":\"https:\\\/\\\/webdesi-gn.fr\\\/dev_deltalabo\\\/produits\\\/cosmetique-huile-essentielle\\\/volumenometre-de-tassage-cosmetique-huile-essentielle\\\/volumenometre-de-tassage-modele-stav-ii\\\/#primaryimage\"},\"thumbnailUrl\":\"https:\\\/\\\/webdesi-gn.fr\\\/dev_deltalabo\\\/wp-content\\\/uploads\\\/2025\\\/11\\\/DELTA-LABO-jel-stav-2-1.jpg\",\"datePublished\":\"2024-03-04T14:32:51+00:00\",\"dateModified\":\"2026-03-27T09:21:07+00:00\",\"breadcrumb\":{\"@id\":\"https:\\\/\\\/webdesi-gn.fr\\\/dev_deltalabo\\\/produits\\\/cosmetique-huile-essentielle\\\/volumenometre-de-tassage-cosmetique-huile-essentielle\\\/volumenometre-de-tassage-modele-stav-ii\\\/#breadcrumb\"},\"inLanguage\":\"fr-FR\",\"potentialAction\":[{\"@type\":\"ReadAction\",\"target\":[\"https:\\\/\\\/webdesi-gn.fr\\\/dev_deltalabo\\\/produits\\\/cosmetique-huile-essentielle\\\/volumenometre-de-tassage-cosmetique-huile-essentielle\\\/volumenometre-de-tassage-modele-stav-ii\\\/\"]}]},{\"@type\":\"ImageObject\",\"inLanguage\":\"fr-FR\",\"@id\":\"https:\\\/\\\/webdesi-gn.fr\\\/dev_deltalabo\\\/produits\\\/cosmetique-huile-essentielle\\\/volumenometre-de-tassage-cosmetique-huile-essentielle\\\/volumenometre-de-tassage-modele-stav-ii\\\/#primaryimage\",\"url\":\"https:\\\/\\\/webdesi-gn.fr\\\/dev_deltalabo\\\/wp-content\\\/uploads\\\/2025\\\/11\\\/DELTA-LABO-jel-stav-2-1.jpg\",\"contentUrl\":\"https:\\\/\\\/webdesi-gn.fr\\\/dev_deltalabo\\\/wp-content\\\/uploads\\\/2025\\\/11\\\/DELTA-LABO-jel-stav-2-1.jpg\",\"width\":1200,\"height\":800},{\"@type\":\"BreadcrumbList\",\"@id\":\"https:\\\/\\\/webdesi-gn.fr\\\/dev_deltalabo\\\/produits\\\/cosmetique-huile-essentielle\\\/volumenometre-de-tassage-cosmetique-huile-essentielle\\\/volumenometre-de-tassage-modele-stav-ii\\\/#breadcrumb\",\"itemListElement\":[{\"@type\":\"ListItem\",\"position\":1,\"name\":\"Accueil\",\"item\":\"https:\\\/\\\/webdesi-gn.fr\\\/dev_deltalabo\\\/\"},{\"@type\":\"ListItem\",\"position\":2,\"name\":\"Produits\",\"item\":\"https:\\\/\\\/webdesi-gn.fr\\\/dev_deltalabo\\\/produits\\\/\"},{\"@type\":\"ListItem\",\"position\":3,\"name\":\"Volum\u00e8nom\u00e8tre de tassage JEL STAV II\"}]},{\"@type\":\"WebSite\",\"@id\":\"https:\\\/\\\/webdesi-gn.fr\\\/dev_deltalabo\\\/#website\",\"url\":\"https:\\\/\\\/webdesi-gn.fr\\\/dev_deltalabo\\\/\",\"name\":\"Delta Labo\",\"description\":\"Un site utilisant WordPress\",\"publisher\":{\"@id\":\"https:\\\/\\\/webdesi-gn.fr\\\/dev_deltalabo\\\/#organization\"},\"alternateName\":\"Delta Labo\",\"potentialAction\":[{\"@type\":\"SearchAction\",\"target\":{\"@type\":\"EntryPoint\",\"urlTemplate\":\"https:\\\/\\\/webdesi-gn.fr\\\/dev_deltalabo\\\/?s={search_term_string}\"},\"query-input\":{\"@type\":\"PropertyValueSpecification\",\"valueRequired\":true,\"valueName\":\"search_term_string\"}}],\"inLanguage\":\"fr-FR\"},{\"@type\":\"Organization\",\"@id\":\"https:\\\/\\\/webdesi-gn.fr\\\/dev_deltalabo\\\/#organization\",\"name\":\"DeltaLabo\",\"url\":\"https:\\\/\\\/webdesi-gn.fr\\\/dev_deltalabo\\\/\",\"logo\":{\"@type\":\"ImageObject\",\"inLanguage\":\"fr-FR\",\"@id\":\"https:\\\/\\\/webdesi-gn.fr\\\/dev_deltalabo\\\/#\\\/schema\\\/logo\\\/image\\\/\",\"url\":\"https:\\\/\\\/webdesi-gn.fr\\\/dev_deltalabo\\\/wp-content\\\/uploads\\\/2022\\\/07\\\/logo-deltalabo.png\",\"contentUrl\":\"https:\\\/\\\/webdesi-gn.fr\\\/dev_deltalabo\\\/wp-content\\\/uploads\\\/2022\\\/07\\\/logo-deltalabo.png\",\"width\":694,\"height\":306,\"caption\":\"DeltaLabo\"},\"image\":{\"@id\":\"https:\\\/\\\/webdesi-gn.fr\\\/dev_deltalabo\\\/#\\\/schema\\\/logo\\\/image\\\/\"}}]}<\/script>\n<!-- \/ Yoast SEO plugin. -->","yoast_head_json":{"title":"Volum\u00e8nom\u00e8tre de tassage JEL STAV II | DeltaLabo","robots":{"index":"noindex","follow":"follow","max-snippet":"max-snippet:-1","max-image-preview":"max-image-preview:large","max-video-preview":"max-video-preview:-1"},"og_locale":"fr_FR","og_type":"article","og_title":"Volum\u00e8nom\u00e8tre de tassage JEL STAV II | DeltaLabo","og_description":"Volum\u00e8nom\u00e8tre de tassage JEL STAV II :  Le volum\u00e8nom\u00e8tre de tassage JEL STAV II r\u00e9pond aux sp\u00e9cifications de la pharmacop\u00e9e europ\u00e9enne, aux normes DIN ISO 787 Part 11, ISO 3953 et ASTM B 527-93.  L'instrument permet de d\u00e9terminer la densit\u00e9 des poudres tass\u00e9es.\u00a0Il est compos\u00e9 d'un bo\u00eetier en plastique souple, \u00e9quip\u00e9 d'un moteur, d'une commande pour le m\u00e9canisme de bourrage et d'un verrou de tension pour maintenir le cylindre de mesure. Le JEL STAV II se commande via un \u00e9cran. Les \u00e9prouvettes gradu\u00e9es sont disponibles en diff\u00e9rentes tailles : de 10, 25, 50, 100, 250, 500 et 1000mL. Un capot d'insonorisation est disponible si n\u00e9cessaire.  Instrument simple d'utilisation, l'op\u00e9rateur r\u00e8gle le nombre d'impact de tassement au volum\u00e8nom\u00e8tre, et avec une pes\u00e9e de l'\u00e9chantillon, il peut calculer la densit\u00e9 de sa poudre.  T\u00e9l\u00e9charger la brochure produit : Volum\u00e8nom\u00e8tre de tassage JEL STAV II  Visionner l'utilisation du produit : Volum\u00e8nom\u00e8tre de tassage JEL STAV II","og_url":"https:\/\/webdesi-gn.fr\/dev_deltalabo\/produits\/cosmetique-huile-essentielle\/volumenometre-de-tassage-cosmetique-huile-essentielle\/volumenometre-de-tassage-modele-stav-ii\/","og_site_name":"DeltaLabo","article_modified_time":"2026-03-27T09:21:07+00:00","og_image":[{"width":1200,"height":800,"url":"https:\/\/webdesi-gn.fr\/dev_deltalabo\/wp-content\/uploads\/2025\/11\/DELTA-LABO-jel-stav-2-1.jpg","type":"image\/jpeg"}],"twitter_card":"summary_large_image","twitter_misc":{"Dur\u00e9e de lecture estim\u00e9e":"1 minute"},"schema":{"@context":"https:\/\/schema.org","@graph":[{"@type":"WebPage","@id":"https:\/\/webdesi-gn.fr\/dev_deltalabo\/produits\/cosmetique-huile-essentielle\/volumenometre-de-tassage-cosmetique-huile-essentielle\/volumenometre-de-tassage-modele-stav-ii\/","url":"https:\/\/webdesi-gn.fr\/dev_deltalabo\/produits\/cosmetique-huile-essentielle\/volumenometre-de-tassage-cosmetique-huile-essentielle\/volumenometre-de-tassage-modele-stav-ii\/","name":"Volum\u00e8nom\u00e8tre de tassage JEL STAV II | DeltaLabo","isPartOf":{"@id":"https:\/\/webdesi-gn.fr\/dev_deltalabo\/#website"},"primaryImageOfPage":{"@id":"https:\/\/webdesi-gn.fr\/dev_deltalabo\/produits\/cosmetique-huile-essentielle\/volumenometre-de-tassage-cosmetique-huile-essentielle\/volumenometre-de-tassage-modele-stav-ii\/#primaryimage"},"image":{"@id":"https:\/\/webdesi-gn.fr\/dev_deltalabo\/produits\/cosmetique-huile-essentielle\/volumenometre-de-tassage-cosmetique-huile-essentielle\/volumenometre-de-tassage-modele-stav-ii\/#primaryimage"},"thumbnailUrl":"https:\/\/webdesi-gn.fr\/dev_deltalabo\/wp-content\/uploads\/2025\/11\/DELTA-LABO-jel-stav-2-1.jpg","datePublished":"2024-03-04T14:32:51+00:00","dateModified":"2026-03-27T09:21:07+00:00","breadcrumb":{"@id":"https:\/\/webdesi-gn.fr\/dev_deltalabo\/produits\/cosmetique-huile-essentielle\/volumenometre-de-tassage-cosmetique-huile-essentielle\/volumenometre-de-tassage-modele-stav-ii\/#breadcrumb"},"inLanguage":"fr-FR","potentialAction":[{"@type":"ReadAction","target":["https:\/\/webdesi-gn.fr\/dev_deltalabo\/produits\/cosmetique-huile-essentielle\/volumenometre-de-tassage-cosmetique-huile-essentielle\/volumenometre-de-tassage-modele-stav-ii\/"]}]},{"@type":"ImageObject","inLanguage":"fr-FR","@id":"https:\/\/webdesi-gn.fr\/dev_deltalabo\/produits\/cosmetique-huile-essentielle\/volumenometre-de-tassage-cosmetique-huile-essentielle\/volumenometre-de-tassage-modele-stav-ii\/#primaryimage","url":"https:\/\/webdesi-gn.fr\/dev_deltalabo\/wp-content\/uploads\/2025\/11\/DELTA-LABO-jel-stav-2-1.jpg","contentUrl":"https:\/\/webdesi-gn.fr\/dev_deltalabo\/wp-content\/uploads\/2025\/11\/DELTA-LABO-jel-stav-2-1.jpg","width":1200,"height":800},{"@type":"BreadcrumbList","@id":"https:\/\/webdesi-gn.fr\/dev_deltalabo\/produits\/cosmetique-huile-essentielle\/volumenometre-de-tassage-cosmetique-huile-essentielle\/volumenometre-de-tassage-modele-stav-ii\/#breadcrumb","itemListElement":[{"@type":"ListItem","position":1,"name":"Accueil","item":"https:\/\/webdesi-gn.fr\/dev_deltalabo\/"},{"@type":"ListItem","position":2,"name":"Produits","item":"https:\/\/webdesi-gn.fr\/dev_deltalabo\/produits\/"},{"@type":"ListItem","position":3,"name":"Volum\u00e8nom\u00e8tre de tassage JEL STAV II"}]},{"@type":"WebSite","@id":"https:\/\/webdesi-gn.fr\/dev_deltalabo\/#website","url":"https:\/\/webdesi-gn.fr\/dev_deltalabo\/","name":"Delta Labo","description":"Un site utilisant WordPress","publisher":{"@id":"https:\/\/webdesi-gn.fr\/dev_deltalabo\/#organization"},"alternateName":"Delta Labo","potentialAction":[{"@type":"SearchAction","target":{"@type":"EntryPoint","urlTemplate":"https:\/\/webdesi-gn.fr\/dev_deltalabo\/?s={search_term_string}"},"query-input":{"@type":"PropertyValueSpecification","valueRequired":true,"valueName":"search_term_string"}}],"inLanguage":"fr-FR"},{"@type":"Organization","@id":"https:\/\/webdesi-gn.fr\/dev_deltalabo\/#organization","name":"DeltaLabo","url":"https:\/\/webdesi-gn.fr\/dev_deltalabo\/","logo":{"@type":"ImageObject","inLanguage":"fr-FR","@id":"https:\/\/webdesi-gn.fr\/dev_deltalabo\/#\/schema\/logo\/image\/","url":"https:\/\/webdesi-gn.fr\/dev_deltalabo\/wp-content\/uploads\/2022\/07\/logo-deltalabo.png","contentUrl":"https:\/\/webdesi-gn.fr\/dev_deltalabo\/wp-content\/uploads\/2022\/07\/logo-deltalabo.png","width":694,"height":306,"caption":"DeltaLabo"},"image":{"@id":"https:\/\/webdesi-gn.fr\/dev_deltalabo\/#\/schema\/logo\/image\/"}}]}},"_links":{"self":[{"href":"https:\/\/webdesi-gn.fr\/dev_deltalabo\/wp-json\/wp\/v2\/product\/256145","targetHints":{"allow":["GET"]}}],"collection":[{"href":"https:\/\/webdesi-gn.fr\/dev_deltalabo\/wp-json\/wp\/v2\/product"}],"about":[{"href":"https:\/\/webdesi-gn.fr\/dev_deltalabo\/wp-json\/wp\/v2\/types\/product"}],"wp:featuredmedia":[{"embeddable":true,"href":"https:\/\/webdesi-gn.fr\/dev_deltalabo\/wp-json\/wp\/v2\/media\/262130"}],"wp:attachment":[{"href":"https:\/\/webdesi-gn.fr\/dev_deltalabo\/wp-json\/wp\/v2\/media?parent=256145"}],"wp:term":[{"taxonomy":"domaine","embeddable":true,"href":"https:\/\/webdesi-gn.fr\/dev_deltalabo\/wp-json\/wp\/v2\/domaine?post=256145"},{"taxonomy":"normes","embeddable":true,"href":"https:\/\/webdesi-gn.fr\/dev_deltalabo\/wp-json\/wp\/v2\/normes?post=256145"},{"taxonomy":"product_brand","embeddable":true,"href":"https:\/\/webdesi-gn.fr\/dev_deltalabo\/wp-json\/wp\/v2\/product_brand?post=256145"},{"taxonomy":"product_cat","embeddable":true,"href":"https:\/\/webdesi-gn.fr\/dev_deltalabo\/wp-json\/wp\/v2\/product_cat?post=256145"},{"taxonomy":"product_tag","embeddable":true,"href":"https:\/\/webdesi-gn.fr\/dev_deltalabo\/wp-json\/wp\/v2\/product_tag?post=256145"}],"curies":[{"name":"wp","href":"https:\/\/api.w.org\/{rel}","templated":true}]}}