{"id":256255,"date":"2024-04-05T10:00:37","date_gmt":"2024-04-05T08:00:37","guid":{"rendered":"https:\/\/webdesi-gn.fr\/dev_deltalabo\/?post_type=product&#038;p=256255"},"modified":"2025-11-24T13:46:17","modified_gmt":"2025-11-24T12:46:17","slug":"pousse-seringue-kds-legato-200","status":"publish","type":"product","link":"https:\/\/webdesi-gn.fr\/dev_deltalabo\/produits\/categories\/pousse-seringue-kds-legato-200\/","title":{"rendered":"Pousse seringues \u00e0 clavier num\u00e9rique perfusant 2 canaux KDS &#8211; Legato 200"},"content":{"rendered":"","protected":false},"excerpt":{"rendered":"<p><strong>Pousse seringues \u00e0 clavier num\u00e9rique perfusant 2 canaux KDS &#8211; Legato 200 :<\/strong><\/p>\n<p>Le pousse seringues \u00e0 clavier num\u00e9rique perfusant 2 canaux KDS &#8211; Legato 200 accepte 2 seringues de 10\u00b5L \u00e0 140mL chacune. Le clavier tout num\u00e9rique facilite la saisie des param\u00e8tres de diam\u00e8tre de seringue et de d\u00e9bit. De plus, le KDS 200 est muni d&rsquo;une interface RS232 et accepte l&rsquo;option programmation.<\/p>\n<p>Caract\u00e9ristiques :<\/p>\n<ul>\n<li>Large \u00e9cran graphique tactile en couleur \u00e0 affichage dynamique<\/li>\n<li>Utilisation et programmation simplifi\u00e9es car toutes les informations sont affich\u00e9es simultan\u00e9ment<\/li>\n<li>M\u00e9canisme universel de blocage s\u00e9curis\u00e9 des seringues quelque soit leur diam\u00e8tre<\/li>\n<li>Moteur puissant de 34kg de force lin\u00e9aire d&rsquo;une pr\u00e9cision in\u00e9gal\u00e9e de 0,35% prot\u00e9g\u00e9 dans un car\u00e9nage en acier inox<\/li>\n<li>Tr\u00e8s large plage de d\u00e9bit : de 3,12pL\/min avec une seringue de 0,5\u00b5L jusqu&rsquo;\u00e0 215mL\/min avec une seringue de 140mL<\/li>\n<li>Multiples interfaces (TTL, RS232, USB, RS485, contact analogique)<\/li>\n<\/ul>\n<p><strong>T\u00e9l\u00e9charger la brochure produit :<\/strong> <a href=\"https:\/\/www.deltalabo.fr\/wp-content\/uploads\/2025\/03\/Doc-KDS-Legato-200_Datasheet-DL-2021.pdf\">Pousse seringues perfusant deux canaux KDS &#8211; Legato 200<\/a><\/p>\n<p><strong>T\u00e9l\u00e9charger la fiche technique :<\/strong> <a href=\"https:\/\/www.deltalabo.fr\/wp-content\/uploads\/2025\/03\/Brochure-KDS-Legato-200.pdf\">Pousse seringues KDS &#8211; Legato KDS200\/220, KDS210\/230, KDS250\/260, KDS270, KDS330<\/a><\/p>\n<p><strong>Questionnaire :<\/strong> <a class=\"wplightbox\" href=\"https:\/\/www.deltalabo.fr\/wp-content\/uploads\/2024\/04\/questionnaire.pdf\">Nous vous conseillons sur le mod\u00e8le adapt\u00e9 \u00e0 vos besoins !<\/a><\/p>\n","protected":false},"featured_media":262118,"template":"","meta":{"_acf_changed":false,"site-sidebar-layout":"default","site-content-layout":"","ast-site-content-layout":"default","site-content-style":"default","site-sidebar-style":"default","ast-global-header-display":"","ast-banner-title-visibility":"","ast-main-header-display":"","ast-hfb-above-header-display":"","ast-hfb-below-header-display":"","ast-hfb-mobile-header-display":"","site-post-title":"","ast-breadcrumbs-content":"","ast-featured-img":"","footer-sml-layout":"","ast-disable-related-posts":"","theme-transparent-header-meta":"","adv-header-id-meta":"","stick-header-meta":"","header-above-stick-meta":"","header-main-stick-meta":"","header-below-stick-meta":"","astra-migrate-meta-layouts":"default","ast-page-background-enabled":"default","ast-page-background-meta":{"desktop":{"background-color":"var(--ast-global-color-5)","background-image":"","background-repeat":"repeat","background-position":"center center","background-size":"auto","background-attachment":"scroll","background-type":"","background-media":"","overlay-type":"","overlay-color":"","overlay-opacity":"","overlay-gradient":""},"tablet":{"background-color":"","background-image":"","background-repeat":"repeat","background-position":"center center","background-size":"auto","background-attachment":"scroll","background-type":"","background-media":"","overlay-type":"","overlay-color":"","overlay-opacity":"","overlay-gradient":""},"mobile":{"background-color":"","background-image":"","background-repeat":"repeat","background-position":"center center","background-size":"auto","background-attachment":"scroll","background-type":"","background-media":"","overlay-type":"","overlay-color":"","overlay-opacity":"","overlay-gradient":""}},"ast-content-background-meta":{"desktop":{"background-color":"var(--ast-global-color-4)","background-image":"","background-repeat":"repeat","background-position":"center center","background-size":"auto","background-attachment":"scroll","background-type":"","background-media":"","overlay-type":"","overlay-color":"","overlay-opacity":"","overlay-gradient":""},"tablet":{"background-color":"var(--ast-global-color-4)","background-image":"","background-repeat":"repeat","background-position":"center center","background-size":"auto","background-attachment":"scroll","background-type":"","background-media":"","overlay-type":"","overlay-color":"","overlay-opacity":"","overlay-gradient":""},"mobile":{"background-color":"var(--ast-global-color-4)","background-image":"","background-repeat":"repeat","background-position":"center center","background-size":"auto","background-attachment":"scroll","background-type":"","background-media":"","overlay-type":"","overlay-color":"","overlay-opacity":"","overlay-gradient":""}}},"domaine":[17184,17185,17186],"normes":[],"product_brand":[],"product_cat":[17240],"product_tag":[],"class_list":{"0":"post-256255","1":"product","2":"type-product","3":"status-publish","4":"has-post-thumbnail","6":"domaine-pompes-pour-liquides","7":"domaine-preparation-echantillons","8":"domaine-recherche-et-developpement","9":"product_cat-categories","10":"desktop-align-left","11":"tablet-align-left","12":"mobile-align-left","14":"first","15":"instock","16":"shipping-taxable","17":"product-type-simple"},"acf":[],"yoast_head":"<!-- This site is optimized with the Yoast SEO plugin v27.4 - https:\/\/yoast.com\/product\/yoast-seo-wordpress\/ -->\n<title>Pousse seringues \u00e0 clavier num\u00e9rique perfusant 2 canaux KDS - Legato 200 | DeltaLabo<\/title>\n<meta name=\"robots\" content=\"noindex, follow, max-snippet:-1, max-image-preview:large, max-video-preview:-1\" \/>\n<meta property=\"og:locale\" content=\"fr_FR\" \/>\n<meta property=\"og:type\" content=\"article\" \/>\n<meta property=\"og:title\" content=\"Pousse seringues \u00e0 clavier num\u00e9rique perfusant 2 canaux KDS - Legato 200 | DeltaLabo\" \/>\n<meta property=\"og:description\" content=\"Pousse seringues \u00e0 clavier num\u00e9rique perfusant 2 canaux KDS - Legato 200 :  Le pousse seringues \u00e0 clavier num\u00e9rique perfusant 2 canaux KDS - Legato 200 accepte 2 seringues de 10\u00b5L \u00e0 140mL chacune. Le clavier tout num\u00e9rique facilite la saisie des param\u00e8tres de diam\u00e8tre de seringue et de d\u00e9bit. De plus, le KDS 200 est muni d&#039;une interface RS232 et accepte l&#039;option programmation.  Caract\u00e9ristiques :   Large \u00e9cran graphique tactile en couleur \u00e0 affichage dynamique  Utilisation et programmation simplifi\u00e9es car toutes les informations sont affich\u00e9es simultan\u00e9ment  M\u00e9canisme universel de blocage s\u00e9curis\u00e9 des seringues quelque soit leur diam\u00e8tre  Moteur puissant de 34kg de force lin\u00e9aire d&#039;une pr\u00e9cision in\u00e9gal\u00e9e de 0,35% prot\u00e9g\u00e9 dans un car\u00e9nage en acier inox  Tr\u00e8s large plage de d\u00e9bit : de 3,12pL\/min avec une seringue de 0,5\u00b5L jusqu&#039;\u00e0 215mL\/min avec une seringue de 140mL  Multiples interfaces (TTL, RS232, USB, RS485, contact analogique)  T\u00e9l\u00e9charger la brochure produit : Pousse seringues perfusant deux canaux KDS - Legato 200  T\u00e9l\u00e9charger la fiche technique : Pousse seringues KDS - Legato KDS200\/220, KDS210\/230, KDS250\/260, KDS270, KDS330  Questionnaire : Nous vous conseillons sur le mod\u00e8le adapt\u00e9 \u00e0 vos besoins !\" \/>\n<meta property=\"og:url\" content=\"https:\/\/webdesi-gn.fr\/dev_deltalabo\/produits\/biotechnologies\/pousse-seringue-kds-legato-200\/\" \/>\n<meta property=\"og:site_name\" content=\"DeltaLabo\" \/>\n<meta property=\"article:modified_time\" content=\"2025-11-24T12:46:17+00:00\" \/>\n<meta property=\"og:image\" content=\"https:\/\/webdesi-gn.fr\/dev_deltalabo\/wp-content\/uploads\/2024\/04\/DELTA-LABO-Pousse-seringues-KDS-Legato-200.jpg\" \/>\n\t<meta property=\"og:image:width\" content=\"576\" \/>\n\t<meta property=\"og:image:height\" content=\"412\" \/>\n\t<meta property=\"og:image:type\" content=\"image\/jpeg\" \/>\n<meta name=\"twitter:card\" content=\"summary_large_image\" \/>\n<meta name=\"twitter:label1\" content=\"Dur\u00e9e de lecture estim\u00e9e\" \/>\n\t<meta name=\"twitter:data1\" content=\"1 minute\" \/>\n<script type=\"application\/ld+json\" class=\"yoast-schema-graph\">{\"@context\":\"https:\\\/\\\/schema.org\",\"@graph\":[{\"@type\":\"WebPage\",\"@id\":\"https:\\\/\\\/webdesi-gn.fr\\\/dev_deltalabo\\\/produits\\\/biotechnologies\\\/pousse-seringue-kds-legato-200\\\/\",\"url\":\"https:\\\/\\\/webdesi-gn.fr\\\/dev_deltalabo\\\/produits\\\/biotechnologies\\\/pousse-seringue-kds-legato-200\\\/\",\"name\":\"Pousse seringues \u00e0 clavier num\u00e9rique perfusant 2 canaux KDS - Legato 200 | DeltaLabo\",\"isPartOf\":{\"@id\":\"https:\\\/\\\/webdesi-gn.fr\\\/dev_deltalabo\\\/#website\"},\"primaryImageOfPage\":{\"@id\":\"https:\\\/\\\/webdesi-gn.fr\\\/dev_deltalabo\\\/produits\\\/biotechnologies\\\/pousse-seringue-kds-legato-200\\\/#primaryimage\"},\"image\":{\"@id\":\"https:\\\/\\\/webdesi-gn.fr\\\/dev_deltalabo\\\/produits\\\/biotechnologies\\\/pousse-seringue-kds-legato-200\\\/#primaryimage\"},\"thumbnailUrl\":\"https:\\\/\\\/webdesi-gn.fr\\\/dev_deltalabo\\\/wp-content\\\/uploads\\\/2025\\\/11\\\/DELTA-LABO-Pousse-seringues-KDS-Legato-200.jpg\",\"datePublished\":\"2024-04-05T08:00:37+00:00\",\"dateModified\":\"2025-11-24T12:46:17+00:00\",\"breadcrumb\":{\"@id\":\"https:\\\/\\\/webdesi-gn.fr\\\/dev_deltalabo\\\/produits\\\/biotechnologies\\\/pousse-seringue-kds-legato-200\\\/#breadcrumb\"},\"inLanguage\":\"fr-FR\",\"potentialAction\":[{\"@type\":\"ReadAction\",\"target\":[\"https:\\\/\\\/webdesi-gn.fr\\\/dev_deltalabo\\\/produits\\\/biotechnologies\\\/pousse-seringue-kds-legato-200\\\/\"]}]},{\"@type\":\"ImageObject\",\"inLanguage\":\"fr-FR\",\"@id\":\"https:\\\/\\\/webdesi-gn.fr\\\/dev_deltalabo\\\/produits\\\/biotechnologies\\\/pousse-seringue-kds-legato-200\\\/#primaryimage\",\"url\":\"https:\\\/\\\/webdesi-gn.fr\\\/dev_deltalabo\\\/wp-content\\\/uploads\\\/2025\\\/11\\\/DELTA-LABO-Pousse-seringues-KDS-Legato-200.jpg\",\"contentUrl\":\"https:\\\/\\\/webdesi-gn.fr\\\/dev_deltalabo\\\/wp-content\\\/uploads\\\/2025\\\/11\\\/DELTA-LABO-Pousse-seringues-KDS-Legato-200.jpg\",\"width\":576,\"height\":412},{\"@type\":\"BreadcrumbList\",\"@id\":\"https:\\\/\\\/webdesi-gn.fr\\\/dev_deltalabo\\\/produits\\\/biotechnologies\\\/pousse-seringue-kds-legato-200\\\/#breadcrumb\",\"itemListElement\":[{\"@type\":\"ListItem\",\"position\":1,\"name\":\"Accueil\",\"item\":\"https:\\\/\\\/webdesi-gn.fr\\\/dev_deltalabo\\\/\"},{\"@type\":\"ListItem\",\"position\":2,\"name\":\"Produits\",\"item\":\"https:\\\/\\\/webdesi-gn.fr\\\/dev_deltalabo\\\/produits\\\/\"},{\"@type\":\"ListItem\",\"position\":3,\"name\":\"Pousse seringues \u00e0 clavier num\u00e9rique perfusant 2 canaux KDS &#8211; Legato 200\"}]},{\"@type\":\"WebSite\",\"@id\":\"https:\\\/\\\/webdesi-gn.fr\\\/dev_deltalabo\\\/#website\",\"url\":\"https:\\\/\\\/webdesi-gn.fr\\\/dev_deltalabo\\\/\",\"name\":\"Delta Labo\",\"description\":\"Un site utilisant WordPress\",\"publisher\":{\"@id\":\"https:\\\/\\\/webdesi-gn.fr\\\/dev_deltalabo\\\/#organization\"},\"alternateName\":\"Delta Labo\",\"potentialAction\":[{\"@type\":\"SearchAction\",\"target\":{\"@type\":\"EntryPoint\",\"urlTemplate\":\"https:\\\/\\\/webdesi-gn.fr\\\/dev_deltalabo\\\/?s={search_term_string}\"},\"query-input\":{\"@type\":\"PropertyValueSpecification\",\"valueRequired\":true,\"valueName\":\"search_term_string\"}}],\"inLanguage\":\"fr-FR\"},{\"@type\":\"Organization\",\"@id\":\"https:\\\/\\\/webdesi-gn.fr\\\/dev_deltalabo\\\/#organization\",\"name\":\"DeltaLabo\",\"url\":\"https:\\\/\\\/webdesi-gn.fr\\\/dev_deltalabo\\\/\",\"logo\":{\"@type\":\"ImageObject\",\"inLanguage\":\"fr-FR\",\"@id\":\"https:\\\/\\\/webdesi-gn.fr\\\/dev_deltalabo\\\/#\\\/schema\\\/logo\\\/image\\\/\",\"url\":\"https:\\\/\\\/webdesi-gn.fr\\\/dev_deltalabo\\\/wp-content\\\/uploads\\\/2022\\\/07\\\/logo-deltalabo.png\",\"contentUrl\":\"https:\\\/\\\/webdesi-gn.fr\\\/dev_deltalabo\\\/wp-content\\\/uploads\\\/2022\\\/07\\\/logo-deltalabo.png\",\"width\":694,\"height\":306,\"caption\":\"DeltaLabo\"},\"image\":{\"@id\":\"https:\\\/\\\/webdesi-gn.fr\\\/dev_deltalabo\\\/#\\\/schema\\\/logo\\\/image\\\/\"}}]}<\/script>\n<!-- \/ Yoast SEO plugin. -->","yoast_head_json":{"title":"Pousse seringues \u00e0 clavier num\u00e9rique perfusant 2 canaux KDS - Legato 200 | DeltaLabo","robots":{"index":"noindex","follow":"follow","max-snippet":"max-snippet:-1","max-image-preview":"max-image-preview:large","max-video-preview":"max-video-preview:-1"},"og_locale":"fr_FR","og_type":"article","og_title":"Pousse seringues \u00e0 clavier num\u00e9rique perfusant 2 canaux KDS - Legato 200 | DeltaLabo","og_description":"Pousse seringues \u00e0 clavier num\u00e9rique perfusant 2 canaux KDS - Legato 200 :  Le pousse seringues \u00e0 clavier num\u00e9rique perfusant 2 canaux KDS - Legato 200 accepte 2 seringues de 10\u00b5L \u00e0 140mL chacune. Le clavier tout num\u00e9rique facilite la saisie des param\u00e8tres de diam\u00e8tre de seringue et de d\u00e9bit. De plus, le KDS 200 est muni d'une interface RS232 et accepte l'option programmation.  Caract\u00e9ristiques :   Large \u00e9cran graphique tactile en couleur \u00e0 affichage dynamique  Utilisation et programmation simplifi\u00e9es car toutes les informations sont affich\u00e9es simultan\u00e9ment  M\u00e9canisme universel de blocage s\u00e9curis\u00e9 des seringues quelque soit leur diam\u00e8tre  Moteur puissant de 34kg de force lin\u00e9aire d'une pr\u00e9cision in\u00e9gal\u00e9e de 0,35% prot\u00e9g\u00e9 dans un car\u00e9nage en acier inox  Tr\u00e8s large plage de d\u00e9bit : de 3,12pL\/min avec une seringue de 0,5\u00b5L jusqu'\u00e0 215mL\/min avec une seringue de 140mL  Multiples interfaces (TTL, RS232, USB, RS485, contact analogique)  T\u00e9l\u00e9charger la brochure produit : Pousse seringues perfusant deux canaux KDS - Legato 200  T\u00e9l\u00e9charger la fiche technique : Pousse seringues KDS - Legato KDS200\/220, KDS210\/230, KDS250\/260, KDS270, KDS330  Questionnaire : Nous vous conseillons sur le mod\u00e8le adapt\u00e9 \u00e0 vos besoins !","og_url":"https:\/\/webdesi-gn.fr\/dev_deltalabo\/produits\/biotechnologies\/pousse-seringue-kds-legato-200\/","og_site_name":"DeltaLabo","article_modified_time":"2025-11-24T12:46:17+00:00","og_image":[{"width":576,"height":412,"url":"https:\/\/webdesi-gn.fr\/dev_deltalabo\/wp-content\/uploads\/2024\/04\/DELTA-LABO-Pousse-seringues-KDS-Legato-200.jpg","type":"image\/jpeg"}],"twitter_card":"summary_large_image","twitter_misc":{"Dur\u00e9e de lecture estim\u00e9e":"1 minute"},"schema":{"@context":"https:\/\/schema.org","@graph":[{"@type":"WebPage","@id":"https:\/\/webdesi-gn.fr\/dev_deltalabo\/produits\/biotechnologies\/pousse-seringue-kds-legato-200\/","url":"https:\/\/webdesi-gn.fr\/dev_deltalabo\/produits\/biotechnologies\/pousse-seringue-kds-legato-200\/","name":"Pousse seringues \u00e0 clavier num\u00e9rique perfusant 2 canaux KDS - Legato 200 | DeltaLabo","isPartOf":{"@id":"https:\/\/webdesi-gn.fr\/dev_deltalabo\/#website"},"primaryImageOfPage":{"@id":"https:\/\/webdesi-gn.fr\/dev_deltalabo\/produits\/biotechnologies\/pousse-seringue-kds-legato-200\/#primaryimage"},"image":{"@id":"https:\/\/webdesi-gn.fr\/dev_deltalabo\/produits\/biotechnologies\/pousse-seringue-kds-legato-200\/#primaryimage"},"thumbnailUrl":"https:\/\/webdesi-gn.fr\/dev_deltalabo\/wp-content\/uploads\/2025\/11\/DELTA-LABO-Pousse-seringues-KDS-Legato-200.jpg","datePublished":"2024-04-05T08:00:37+00:00","dateModified":"2025-11-24T12:46:17+00:00","breadcrumb":{"@id":"https:\/\/webdesi-gn.fr\/dev_deltalabo\/produits\/biotechnologies\/pousse-seringue-kds-legato-200\/#breadcrumb"},"inLanguage":"fr-FR","potentialAction":[{"@type":"ReadAction","target":["https:\/\/webdesi-gn.fr\/dev_deltalabo\/produits\/biotechnologies\/pousse-seringue-kds-legato-200\/"]}]},{"@type":"ImageObject","inLanguage":"fr-FR","@id":"https:\/\/webdesi-gn.fr\/dev_deltalabo\/produits\/biotechnologies\/pousse-seringue-kds-legato-200\/#primaryimage","url":"https:\/\/webdesi-gn.fr\/dev_deltalabo\/wp-content\/uploads\/2025\/11\/DELTA-LABO-Pousse-seringues-KDS-Legato-200.jpg","contentUrl":"https:\/\/webdesi-gn.fr\/dev_deltalabo\/wp-content\/uploads\/2025\/11\/DELTA-LABO-Pousse-seringues-KDS-Legato-200.jpg","width":576,"height":412},{"@type":"BreadcrumbList","@id":"https:\/\/webdesi-gn.fr\/dev_deltalabo\/produits\/biotechnologies\/pousse-seringue-kds-legato-200\/#breadcrumb","itemListElement":[{"@type":"ListItem","position":1,"name":"Accueil","item":"https:\/\/webdesi-gn.fr\/dev_deltalabo\/"},{"@type":"ListItem","position":2,"name":"Produits","item":"https:\/\/webdesi-gn.fr\/dev_deltalabo\/produits\/"},{"@type":"ListItem","position":3,"name":"Pousse seringues \u00e0 clavier num\u00e9rique perfusant 2 canaux KDS &#8211; Legato 200"}]},{"@type":"WebSite","@id":"https:\/\/webdesi-gn.fr\/dev_deltalabo\/#website","url":"https:\/\/webdesi-gn.fr\/dev_deltalabo\/","name":"Delta Labo","description":"Un site utilisant WordPress","publisher":{"@id":"https:\/\/webdesi-gn.fr\/dev_deltalabo\/#organization"},"alternateName":"Delta Labo","potentialAction":[{"@type":"SearchAction","target":{"@type":"EntryPoint","urlTemplate":"https:\/\/webdesi-gn.fr\/dev_deltalabo\/?s={search_term_string}"},"query-input":{"@type":"PropertyValueSpecification","valueRequired":true,"valueName":"search_term_string"}}],"inLanguage":"fr-FR"},{"@type":"Organization","@id":"https:\/\/webdesi-gn.fr\/dev_deltalabo\/#organization","name":"DeltaLabo","url":"https:\/\/webdesi-gn.fr\/dev_deltalabo\/","logo":{"@type":"ImageObject","inLanguage":"fr-FR","@id":"https:\/\/webdesi-gn.fr\/dev_deltalabo\/#\/schema\/logo\/image\/","url":"https:\/\/webdesi-gn.fr\/dev_deltalabo\/wp-content\/uploads\/2022\/07\/logo-deltalabo.png","contentUrl":"https:\/\/webdesi-gn.fr\/dev_deltalabo\/wp-content\/uploads\/2022\/07\/logo-deltalabo.png","width":694,"height":306,"caption":"DeltaLabo"},"image":{"@id":"https:\/\/webdesi-gn.fr\/dev_deltalabo\/#\/schema\/logo\/image\/"}}]}},"_links":{"self":[{"href":"https:\/\/webdesi-gn.fr\/dev_deltalabo\/wp-json\/wp\/v2\/product\/256255","targetHints":{"allow":["GET"]}}],"collection":[{"href":"https:\/\/webdesi-gn.fr\/dev_deltalabo\/wp-json\/wp\/v2\/product"}],"about":[{"href":"https:\/\/webdesi-gn.fr\/dev_deltalabo\/wp-json\/wp\/v2\/types\/product"}],"wp:featuredmedia":[{"embeddable":true,"href":"https:\/\/webdesi-gn.fr\/dev_deltalabo\/wp-json\/wp\/v2\/media\/262118"}],"wp:attachment":[{"href":"https:\/\/webdesi-gn.fr\/dev_deltalabo\/wp-json\/wp\/v2\/media?parent=256255"}],"wp:term":[{"taxonomy":"domaine","embeddable":true,"href":"https:\/\/webdesi-gn.fr\/dev_deltalabo\/wp-json\/wp\/v2\/domaine?post=256255"},{"taxonomy":"normes","embeddable":true,"href":"https:\/\/webdesi-gn.fr\/dev_deltalabo\/wp-json\/wp\/v2\/normes?post=256255"},{"taxonomy":"product_brand","embeddable":true,"href":"https:\/\/webdesi-gn.fr\/dev_deltalabo\/wp-json\/wp\/v2\/product_brand?post=256255"},{"taxonomy":"product_cat","embeddable":true,"href":"https:\/\/webdesi-gn.fr\/dev_deltalabo\/wp-json\/wp\/v2\/product_cat?post=256255"},{"taxonomy":"product_tag","embeddable":true,"href":"https:\/\/webdesi-gn.fr\/dev_deltalabo\/wp-json\/wp\/v2\/product_tag?post=256255"}],"curies":[{"name":"wp","href":"https:\/\/api.w.org\/{rel}","templated":true}]}}