{"id":256288,"date":"2024-04-05T11:34:54","date_gmt":"2024-04-05T09:34:54","guid":{"rendered":"https:\/\/webdesi-gn.fr\/dev_deltalabo\/?post_type=product&#038;p=256288"},"modified":"2025-11-24T13:45:53","modified_gmt":"2025-11-24T12:45:53","slug":"pousse-seringue-a-clavier-numerique-perfusant-aspirant-special-haute-pression-modele-kds-410","status":"publish","type":"product","link":"https:\/\/webdesi-gn.fr\/dev_deltalabo\/produits\/categories\/pousse-seringue-a-clavier-numerique-perfusant-aspirant-special-haute-pression-modele-kds-410\/","title":{"rendered":"Pousse seringue \u00e0 clavier num\u00e9rique perfusant aspirant sp\u00e9cial haute pression &#8211; KDS 410"},"content":{"rendered":"","protected":false},"excerpt":{"rendered":"<p><strong>Pousse seringue \u00e0 clavier num\u00e9rique perfusant aspirant sp\u00e9cial haute pression &#8211; KDS 410 :<\/strong><\/p>\n<p>Le pousse seringue \u00e0 clavier num\u00e9rique perfusant aspirant sp\u00e9cial haute pression &#8211; KDS 410 accepte 1 seringue de 10\u00b5L \u00e0 140mL et accepte les seringues sp\u00e9ciales en acier inox.<\/p>\n<p>Il est capable de fonctionner aussi bien en perfusion qu&rsquo;en aspiration et est dot\u00e9 d&rsquo;une force lin\u00e9aire de plus de 40kg. Il est particuli\u00e8rement adapt\u00e9 aux applications chimiques avec fluides visqueux.<\/p>\n<p>Le clavier tout num\u00e9rique facilite la saisie des param\u00e8tres de diam\u00e8tre de seringue et de d\u00e9bit. De plus, le KDS 410 est muni d&rsquo;une interface RS232 et accepte l&rsquo;option programmation.<\/p>\n<p><strong>T\u00e9l\u00e9charger la brochure produit :<\/strong> <a href=\"https:\/\/www.deltalabo.fr\/wp-content\/uploads\/2025\/03\/Brochure-kds410-eng-DL.pdf\">Pousse seringue \u00e0 clavier num\u00e9rique perfusant aspirant sp\u00e9cial haute pression &#8211; KDS 410<\/a><\/p>\n","protected":false},"featured_media":262111,"template":"","meta":{"_acf_changed":false,"site-sidebar-layout":"default","site-content-layout":"","ast-site-content-layout":"default","site-content-style":"default","site-sidebar-style":"default","ast-global-header-display":"","ast-banner-title-visibility":"","ast-main-header-display":"","ast-hfb-above-header-display":"","ast-hfb-below-header-display":"","ast-hfb-mobile-header-display":"","site-post-title":"","ast-breadcrumbs-content":"","ast-featured-img":"","footer-sml-layout":"","ast-disable-related-posts":"","theme-transparent-header-meta":"","adv-header-id-meta":"","stick-header-meta":"","header-above-stick-meta":"","header-main-stick-meta":"","header-below-stick-meta":"","astra-migrate-meta-layouts":"default","ast-page-background-enabled":"default","ast-page-background-meta":{"desktop":{"background-color":"var(--ast-global-color-5)","background-image":"","background-repeat":"repeat","background-position":"center center","background-size":"auto","background-attachment":"scroll","background-type":"","background-media":"","overlay-type":"","overlay-color":"","overlay-opacity":"","overlay-gradient":""},"tablet":{"background-color":"","background-image":"","background-repeat":"repeat","background-position":"center center","background-size":"auto","background-attachment":"scroll","background-type":"","background-media":"","overlay-type":"","overlay-color":"","overlay-opacity":"","overlay-gradient":""},"mobile":{"background-color":"","background-image":"","background-repeat":"repeat","background-position":"center center","background-size":"auto","background-attachment":"scroll","background-type":"","background-media":"","overlay-type":"","overlay-color":"","overlay-opacity":"","overlay-gradient":""}},"ast-content-background-meta":{"desktop":{"background-color":"var(--ast-global-color-4)","background-image":"","background-repeat":"repeat","background-position":"center center","background-size":"auto","background-attachment":"scroll","background-type":"","background-media":"","overlay-type":"","overlay-color":"","overlay-opacity":"","overlay-gradient":""},"tablet":{"background-color":"var(--ast-global-color-4)","background-image":"","background-repeat":"repeat","background-position":"center center","background-size":"auto","background-attachment":"scroll","background-type":"","background-media":"","overlay-type":"","overlay-color":"","overlay-opacity":"","overlay-gradient":""},"mobile":{"background-color":"var(--ast-global-color-4)","background-image":"","background-repeat":"repeat","background-position":"center center","background-size":"auto","background-attachment":"scroll","background-type":"","background-media":"","overlay-type":"","overlay-color":"","overlay-opacity":"","overlay-gradient":""}}},"domaine":[17184,17185,17186],"normes":[],"product_brand":[],"product_cat":[17240],"product_tag":[],"class_list":{"0":"post-256288","1":"product","2":"type-product","3":"status-publish","4":"has-post-thumbnail","6":"domaine-pompes-pour-liquides","7":"domaine-preparation-echantillons","8":"domaine-recherche-et-developpement","9":"product_cat-categories","10":"desktop-align-left","11":"tablet-align-left","12":"mobile-align-left","14":"first","15":"instock","16":"shipping-taxable","17":"product-type-simple"},"acf":[],"yoast_head":"<!-- This site is optimized with the Yoast SEO plugin v27.4 - https:\/\/yoast.com\/product\/yoast-seo-wordpress\/ -->\n<title>Pousse seringue \u00e0 clavier num\u00e9rique perfusant aspirant sp\u00e9cial haute pression - KDS 410 | DeltaLabo<\/title>\n<meta name=\"robots\" content=\"noindex, follow, max-snippet:-1, max-image-preview:large, max-video-preview:-1\" \/>\n<meta property=\"og:locale\" content=\"fr_FR\" \/>\n<meta property=\"og:type\" content=\"article\" \/>\n<meta property=\"og:title\" content=\"Pousse seringue \u00e0 clavier num\u00e9rique perfusant aspirant sp\u00e9cial haute pression - KDS 410 | DeltaLabo\" \/>\n<meta property=\"og:description\" content=\"Pousse seringue \u00e0 clavier num\u00e9rique perfusant aspirant sp\u00e9cial haute pression - KDS 410 :  Le pousse seringue \u00e0 clavier num\u00e9rique perfusant aspirant sp\u00e9cial haute pression - KDS 410 accepte 1 seringue de 10\u00b5L \u00e0 140mL et accepte les seringues sp\u00e9ciales en acier inox.  Il est capable de fonctionner aussi bien en perfusion qu&#039;en aspiration et est dot\u00e9 d&#039;une force lin\u00e9aire de plus de 40kg. Il est particuli\u00e8rement adapt\u00e9 aux applications chimiques avec fluides visqueux.  Le clavier tout num\u00e9rique facilite la saisie des param\u00e8tres de diam\u00e8tre de seringue et de d\u00e9bit. De plus, le KDS 410 est muni d&#039;une interface RS232 et accepte l&#039;option programmation.  T\u00e9l\u00e9charger la brochure produit : Pousse seringue \u00e0 clavier num\u00e9rique perfusant aspirant sp\u00e9cial haute pression - KDS 410\" \/>\n<meta property=\"og:url\" content=\"https:\/\/webdesi-gn.fr\/dev_deltalabo\/produits\/biotechnologies\/pousse-seringue-a-clavier-numerique-perfusant-aspirant-special-haute-pression-modele-kds-410\/\" \/>\n<meta property=\"og:site_name\" content=\"DeltaLabo\" \/>\n<meta property=\"article:modified_time\" content=\"2025-11-24T12:45:53+00:00\" \/>\n<meta property=\"og:image\" content=\"https:\/\/webdesi-gn.fr\/dev_deltalabo\/wp-content\/uploads\/2024\/04\/DELTA-LABO-Pousse-seringues-KDS-410.jpg\" \/>\n\t<meta property=\"og:image:width\" content=\"542\" \/>\n\t<meta property=\"og:image:height\" content=\"456\" \/>\n\t<meta property=\"og:image:type\" content=\"image\/jpeg\" \/>\n<meta name=\"twitter:card\" content=\"summary_large_image\" \/>\n<meta name=\"twitter:label1\" content=\"Dur\u00e9e de lecture estim\u00e9e\" \/>\n\t<meta name=\"twitter:data1\" content=\"1 minute\" \/>\n<script type=\"application\/ld+json\" class=\"yoast-schema-graph\">{\"@context\":\"https:\\\/\\\/schema.org\",\"@graph\":[{\"@type\":\"WebPage\",\"@id\":\"https:\\\/\\\/webdesi-gn.fr\\\/dev_deltalabo\\\/produits\\\/biotechnologies\\\/pousse-seringue-a-clavier-numerique-perfusant-aspirant-special-haute-pression-modele-kds-410\\\/\",\"url\":\"https:\\\/\\\/webdesi-gn.fr\\\/dev_deltalabo\\\/produits\\\/biotechnologies\\\/pousse-seringue-a-clavier-numerique-perfusant-aspirant-special-haute-pression-modele-kds-410\\\/\",\"name\":\"Pousse seringue \u00e0 clavier num\u00e9rique perfusant aspirant sp\u00e9cial haute pression - KDS 410 | DeltaLabo\",\"isPartOf\":{\"@id\":\"https:\\\/\\\/webdesi-gn.fr\\\/dev_deltalabo\\\/#website\"},\"primaryImageOfPage\":{\"@id\":\"https:\\\/\\\/webdesi-gn.fr\\\/dev_deltalabo\\\/produits\\\/biotechnologies\\\/pousse-seringue-a-clavier-numerique-perfusant-aspirant-special-haute-pression-modele-kds-410\\\/#primaryimage\"},\"image\":{\"@id\":\"https:\\\/\\\/webdesi-gn.fr\\\/dev_deltalabo\\\/produits\\\/biotechnologies\\\/pousse-seringue-a-clavier-numerique-perfusant-aspirant-special-haute-pression-modele-kds-410\\\/#primaryimage\"},\"thumbnailUrl\":\"https:\\\/\\\/webdesi-gn.fr\\\/dev_deltalabo\\\/wp-content\\\/uploads\\\/2025\\\/11\\\/DELTA-LABO-Pousse-seringues-KDS-410.jpg\",\"datePublished\":\"2024-04-05T09:34:54+00:00\",\"dateModified\":\"2025-11-24T12:45:53+00:00\",\"breadcrumb\":{\"@id\":\"https:\\\/\\\/webdesi-gn.fr\\\/dev_deltalabo\\\/produits\\\/biotechnologies\\\/pousse-seringue-a-clavier-numerique-perfusant-aspirant-special-haute-pression-modele-kds-410\\\/#breadcrumb\"},\"inLanguage\":\"fr-FR\",\"potentialAction\":[{\"@type\":\"ReadAction\",\"target\":[\"https:\\\/\\\/webdesi-gn.fr\\\/dev_deltalabo\\\/produits\\\/biotechnologies\\\/pousse-seringue-a-clavier-numerique-perfusant-aspirant-special-haute-pression-modele-kds-410\\\/\"]}]},{\"@type\":\"ImageObject\",\"inLanguage\":\"fr-FR\",\"@id\":\"https:\\\/\\\/webdesi-gn.fr\\\/dev_deltalabo\\\/produits\\\/biotechnologies\\\/pousse-seringue-a-clavier-numerique-perfusant-aspirant-special-haute-pression-modele-kds-410\\\/#primaryimage\",\"url\":\"https:\\\/\\\/webdesi-gn.fr\\\/dev_deltalabo\\\/wp-content\\\/uploads\\\/2025\\\/11\\\/DELTA-LABO-Pousse-seringues-KDS-410.jpg\",\"contentUrl\":\"https:\\\/\\\/webdesi-gn.fr\\\/dev_deltalabo\\\/wp-content\\\/uploads\\\/2025\\\/11\\\/DELTA-LABO-Pousse-seringues-KDS-410.jpg\",\"width\":542,\"height\":456},{\"@type\":\"BreadcrumbList\",\"@id\":\"https:\\\/\\\/webdesi-gn.fr\\\/dev_deltalabo\\\/produits\\\/biotechnologies\\\/pousse-seringue-a-clavier-numerique-perfusant-aspirant-special-haute-pression-modele-kds-410\\\/#breadcrumb\",\"itemListElement\":[{\"@type\":\"ListItem\",\"position\":1,\"name\":\"Accueil\",\"item\":\"https:\\\/\\\/webdesi-gn.fr\\\/dev_deltalabo\\\/\"},{\"@type\":\"ListItem\",\"position\":2,\"name\":\"Produits\",\"item\":\"https:\\\/\\\/webdesi-gn.fr\\\/dev_deltalabo\\\/produits\\\/\"},{\"@type\":\"ListItem\",\"position\":3,\"name\":\"Pousse seringue \u00e0 clavier num\u00e9rique perfusant aspirant sp\u00e9cial haute pression &#8211; KDS 410\"}]},{\"@type\":\"WebSite\",\"@id\":\"https:\\\/\\\/webdesi-gn.fr\\\/dev_deltalabo\\\/#website\",\"url\":\"https:\\\/\\\/webdesi-gn.fr\\\/dev_deltalabo\\\/\",\"name\":\"Delta Labo\",\"description\":\"Un site utilisant WordPress\",\"publisher\":{\"@id\":\"https:\\\/\\\/webdesi-gn.fr\\\/dev_deltalabo\\\/#organization\"},\"alternateName\":\"Delta Labo\",\"potentialAction\":[{\"@type\":\"SearchAction\",\"target\":{\"@type\":\"EntryPoint\",\"urlTemplate\":\"https:\\\/\\\/webdesi-gn.fr\\\/dev_deltalabo\\\/?s={search_term_string}\"},\"query-input\":{\"@type\":\"PropertyValueSpecification\",\"valueRequired\":true,\"valueName\":\"search_term_string\"}}],\"inLanguage\":\"fr-FR\"},{\"@type\":\"Organization\",\"@id\":\"https:\\\/\\\/webdesi-gn.fr\\\/dev_deltalabo\\\/#organization\",\"name\":\"DeltaLabo\",\"url\":\"https:\\\/\\\/webdesi-gn.fr\\\/dev_deltalabo\\\/\",\"logo\":{\"@type\":\"ImageObject\",\"inLanguage\":\"fr-FR\",\"@id\":\"https:\\\/\\\/webdesi-gn.fr\\\/dev_deltalabo\\\/#\\\/schema\\\/logo\\\/image\\\/\",\"url\":\"https:\\\/\\\/webdesi-gn.fr\\\/dev_deltalabo\\\/wp-content\\\/uploads\\\/2022\\\/07\\\/logo-deltalabo.png\",\"contentUrl\":\"https:\\\/\\\/webdesi-gn.fr\\\/dev_deltalabo\\\/wp-content\\\/uploads\\\/2022\\\/07\\\/logo-deltalabo.png\",\"width\":694,\"height\":306,\"caption\":\"DeltaLabo\"},\"image\":{\"@id\":\"https:\\\/\\\/webdesi-gn.fr\\\/dev_deltalabo\\\/#\\\/schema\\\/logo\\\/image\\\/\"}}]}<\/script>\n<!-- \/ Yoast SEO plugin. -->","yoast_head_json":{"title":"Pousse seringue \u00e0 clavier num\u00e9rique perfusant aspirant sp\u00e9cial haute pression - KDS 410 | DeltaLabo","robots":{"index":"noindex","follow":"follow","max-snippet":"max-snippet:-1","max-image-preview":"max-image-preview:large","max-video-preview":"max-video-preview:-1"},"og_locale":"fr_FR","og_type":"article","og_title":"Pousse seringue \u00e0 clavier num\u00e9rique perfusant aspirant sp\u00e9cial haute pression - KDS 410 | DeltaLabo","og_description":"Pousse seringue \u00e0 clavier num\u00e9rique perfusant aspirant sp\u00e9cial haute pression - KDS 410 :  Le pousse seringue \u00e0 clavier num\u00e9rique perfusant aspirant sp\u00e9cial haute pression - KDS 410 accepte 1 seringue de 10\u00b5L \u00e0 140mL et accepte les seringues sp\u00e9ciales en acier inox.  Il est capable de fonctionner aussi bien en perfusion qu'en aspiration et est dot\u00e9 d'une force lin\u00e9aire de plus de 40kg. Il est particuli\u00e8rement adapt\u00e9 aux applications chimiques avec fluides visqueux.  Le clavier tout num\u00e9rique facilite la saisie des param\u00e8tres de diam\u00e8tre de seringue et de d\u00e9bit. De plus, le KDS 410 est muni d'une interface RS232 et accepte l'option programmation.  T\u00e9l\u00e9charger la brochure produit : Pousse seringue \u00e0 clavier num\u00e9rique perfusant aspirant sp\u00e9cial haute pression - KDS 410","og_url":"https:\/\/webdesi-gn.fr\/dev_deltalabo\/produits\/biotechnologies\/pousse-seringue-a-clavier-numerique-perfusant-aspirant-special-haute-pression-modele-kds-410\/","og_site_name":"DeltaLabo","article_modified_time":"2025-11-24T12:45:53+00:00","og_image":[{"width":542,"height":456,"url":"https:\/\/webdesi-gn.fr\/dev_deltalabo\/wp-content\/uploads\/2024\/04\/DELTA-LABO-Pousse-seringues-KDS-410.jpg","type":"image\/jpeg"}],"twitter_card":"summary_large_image","twitter_misc":{"Dur\u00e9e de lecture estim\u00e9e":"1 minute"},"schema":{"@context":"https:\/\/schema.org","@graph":[{"@type":"WebPage","@id":"https:\/\/webdesi-gn.fr\/dev_deltalabo\/produits\/biotechnologies\/pousse-seringue-a-clavier-numerique-perfusant-aspirant-special-haute-pression-modele-kds-410\/","url":"https:\/\/webdesi-gn.fr\/dev_deltalabo\/produits\/biotechnologies\/pousse-seringue-a-clavier-numerique-perfusant-aspirant-special-haute-pression-modele-kds-410\/","name":"Pousse seringue \u00e0 clavier num\u00e9rique perfusant aspirant sp\u00e9cial haute pression - KDS 410 | DeltaLabo","isPartOf":{"@id":"https:\/\/webdesi-gn.fr\/dev_deltalabo\/#website"},"primaryImageOfPage":{"@id":"https:\/\/webdesi-gn.fr\/dev_deltalabo\/produits\/biotechnologies\/pousse-seringue-a-clavier-numerique-perfusant-aspirant-special-haute-pression-modele-kds-410\/#primaryimage"},"image":{"@id":"https:\/\/webdesi-gn.fr\/dev_deltalabo\/produits\/biotechnologies\/pousse-seringue-a-clavier-numerique-perfusant-aspirant-special-haute-pression-modele-kds-410\/#primaryimage"},"thumbnailUrl":"https:\/\/webdesi-gn.fr\/dev_deltalabo\/wp-content\/uploads\/2025\/11\/DELTA-LABO-Pousse-seringues-KDS-410.jpg","datePublished":"2024-04-05T09:34:54+00:00","dateModified":"2025-11-24T12:45:53+00:00","breadcrumb":{"@id":"https:\/\/webdesi-gn.fr\/dev_deltalabo\/produits\/biotechnologies\/pousse-seringue-a-clavier-numerique-perfusant-aspirant-special-haute-pression-modele-kds-410\/#breadcrumb"},"inLanguage":"fr-FR","potentialAction":[{"@type":"ReadAction","target":["https:\/\/webdesi-gn.fr\/dev_deltalabo\/produits\/biotechnologies\/pousse-seringue-a-clavier-numerique-perfusant-aspirant-special-haute-pression-modele-kds-410\/"]}]},{"@type":"ImageObject","inLanguage":"fr-FR","@id":"https:\/\/webdesi-gn.fr\/dev_deltalabo\/produits\/biotechnologies\/pousse-seringue-a-clavier-numerique-perfusant-aspirant-special-haute-pression-modele-kds-410\/#primaryimage","url":"https:\/\/webdesi-gn.fr\/dev_deltalabo\/wp-content\/uploads\/2025\/11\/DELTA-LABO-Pousse-seringues-KDS-410.jpg","contentUrl":"https:\/\/webdesi-gn.fr\/dev_deltalabo\/wp-content\/uploads\/2025\/11\/DELTA-LABO-Pousse-seringues-KDS-410.jpg","width":542,"height":456},{"@type":"BreadcrumbList","@id":"https:\/\/webdesi-gn.fr\/dev_deltalabo\/produits\/biotechnologies\/pousse-seringue-a-clavier-numerique-perfusant-aspirant-special-haute-pression-modele-kds-410\/#breadcrumb","itemListElement":[{"@type":"ListItem","position":1,"name":"Accueil","item":"https:\/\/webdesi-gn.fr\/dev_deltalabo\/"},{"@type":"ListItem","position":2,"name":"Produits","item":"https:\/\/webdesi-gn.fr\/dev_deltalabo\/produits\/"},{"@type":"ListItem","position":3,"name":"Pousse seringue \u00e0 clavier num\u00e9rique perfusant aspirant sp\u00e9cial haute pression &#8211; KDS 410"}]},{"@type":"WebSite","@id":"https:\/\/webdesi-gn.fr\/dev_deltalabo\/#website","url":"https:\/\/webdesi-gn.fr\/dev_deltalabo\/","name":"Delta Labo","description":"Un site utilisant WordPress","publisher":{"@id":"https:\/\/webdesi-gn.fr\/dev_deltalabo\/#organization"},"alternateName":"Delta Labo","potentialAction":[{"@type":"SearchAction","target":{"@type":"EntryPoint","urlTemplate":"https:\/\/webdesi-gn.fr\/dev_deltalabo\/?s={search_term_string}"},"query-input":{"@type":"PropertyValueSpecification","valueRequired":true,"valueName":"search_term_string"}}],"inLanguage":"fr-FR"},{"@type":"Organization","@id":"https:\/\/webdesi-gn.fr\/dev_deltalabo\/#organization","name":"DeltaLabo","url":"https:\/\/webdesi-gn.fr\/dev_deltalabo\/","logo":{"@type":"ImageObject","inLanguage":"fr-FR","@id":"https:\/\/webdesi-gn.fr\/dev_deltalabo\/#\/schema\/logo\/image\/","url":"https:\/\/webdesi-gn.fr\/dev_deltalabo\/wp-content\/uploads\/2022\/07\/logo-deltalabo.png","contentUrl":"https:\/\/webdesi-gn.fr\/dev_deltalabo\/wp-content\/uploads\/2022\/07\/logo-deltalabo.png","width":694,"height":306,"caption":"DeltaLabo"},"image":{"@id":"https:\/\/webdesi-gn.fr\/dev_deltalabo\/#\/schema\/logo\/image\/"}}]}},"_links":{"self":[{"href":"https:\/\/webdesi-gn.fr\/dev_deltalabo\/wp-json\/wp\/v2\/product\/256288","targetHints":{"allow":["GET"]}}],"collection":[{"href":"https:\/\/webdesi-gn.fr\/dev_deltalabo\/wp-json\/wp\/v2\/product"}],"about":[{"href":"https:\/\/webdesi-gn.fr\/dev_deltalabo\/wp-json\/wp\/v2\/types\/product"}],"wp:featuredmedia":[{"embeddable":true,"href":"https:\/\/webdesi-gn.fr\/dev_deltalabo\/wp-json\/wp\/v2\/media\/262111"}],"wp:attachment":[{"href":"https:\/\/webdesi-gn.fr\/dev_deltalabo\/wp-json\/wp\/v2\/media?parent=256288"}],"wp:term":[{"taxonomy":"domaine","embeddable":true,"href":"https:\/\/webdesi-gn.fr\/dev_deltalabo\/wp-json\/wp\/v2\/domaine?post=256288"},{"taxonomy":"normes","embeddable":true,"href":"https:\/\/webdesi-gn.fr\/dev_deltalabo\/wp-json\/wp\/v2\/normes?post=256288"},{"taxonomy":"product_brand","embeddable":true,"href":"https:\/\/webdesi-gn.fr\/dev_deltalabo\/wp-json\/wp\/v2\/product_brand?post=256288"},{"taxonomy":"product_cat","embeddable":true,"href":"https:\/\/webdesi-gn.fr\/dev_deltalabo\/wp-json\/wp\/v2\/product_cat?post=256288"},{"taxonomy":"product_tag","embeddable":true,"href":"https:\/\/webdesi-gn.fr\/dev_deltalabo\/wp-json\/wp\/v2\/product_tag?post=256288"}],"curies":[{"name":"wp","href":"https:\/\/api.w.org\/{rel}","templated":true}]}}