{"id":256298,"date":"2024-04-05T11:55:31","date_gmt":"2024-04-05T09:55:31","guid":{"rendered":"https:\/\/webdesi-gn.fr\/dev_deltalabo\/?post_type=product&#038;p=256298"},"modified":"2025-11-24T13:45:43","modified_gmt":"2025-11-24T12:45:43","slug":"cryobroyeur-a-azote-liquide-spex-freezer-mill-6875-large-capacite","status":"publish","type":"product","link":"https:\/\/webdesi-gn.fr\/dev_deltalabo\/produits\/categories\/cryobroyeur-a-azote-liquide-spex-freezer-mill-6875-large-capacite\/","title":{"rendered":"Cryobroyeur \u00e0 azote liquide SPEX &#8211; Freezer Mill CG-400 \/ CG-450 large capacit\u00e9"},"content":{"rendered":"","protected":false},"excerpt":{"rendered":"<p><strong>Cryobroyeur \u00e0 azote liquide SPEX &#8211; Freezer Mill CG-400 \/ CG-450 large capacit\u00e9 (50g) :<\/strong><\/p>\n<p>Principe de broyage : l&rsquo;\u00e9chantillon ainsi que l&rsquo;impacteur sont introduits dans un r\u00e9cipient de broyage (tube en polycarbonate ou en inox).<\/p>\n<p>L&rsquo;ensemble est immerg\u00e9 dans l&rsquo;azote liquide. Un champ magn\u00e9tique puissant provoque des all\u00e9s-retour rapide de l&rsquo;impacteur.<br \/>\nLes chocs r\u00e9p\u00e9t\u00e9s de l&rsquo;impacteur provoquent la d\u00e9sint\u00e9gration de l&rsquo;\u00e9chantillon.<\/p>\n<p>Le Freezer Mill est consid\u00e9r\u00e9 comme le broyeur des \u00ab\u00a0cas extr\u00eames\u00a0\u00bb !<\/p>\n<p><strong>T\u00e9l\u00e9charger la brochure produit :<\/strong> <a href=\"https:\/\/www.deltalabo.fr\/wp-content\/uploads\/2025\/05\/CG-500-400-200_FreezerMill-DL-1.pdf\">Freezer Mill CG-500, CG-450, CG-400, CG200<\/a><\/p>\n<p><strong>Exemples de broyages :<\/strong> <a href=\"https:\/\/www.deltalabo.fr\/wp-content\/uploads\/2025\/03\/DELTALABO-broyage-daliments-1.pdf\">Broyages d&rsquo;aliments<\/a><\/p>\n<p><strong>Visionner l&rsquo;utilisation du produit :<\/strong> <a href=\"https:\/\/www.youtube.com\/watch?v=UEN4sh4x0Q0\">Freezer Mill CG-400<\/a><\/p>\n","protected":false},"featured_media":262107,"template":"","meta":{"_acf_changed":false,"site-sidebar-layout":"default","site-content-layout":"","ast-site-content-layout":"default","site-content-style":"default","site-sidebar-style":"default","ast-global-header-display":"","ast-banner-title-visibility":"","ast-main-header-display":"","ast-hfb-above-header-display":"","ast-hfb-below-header-display":"","ast-hfb-mobile-header-display":"","site-post-title":"","ast-breadcrumbs-content":"","ast-featured-img":"","footer-sml-layout":"","ast-disable-related-posts":"","theme-transparent-header-meta":"","adv-header-id-meta":"","stick-header-meta":"","header-above-stick-meta":"","header-main-stick-meta":"","header-below-stick-meta":"","astra-migrate-meta-layouts":"default","ast-page-background-enabled":"default","ast-page-background-meta":{"desktop":{"background-color":"var(--ast-global-color-5)","background-image":"","background-repeat":"repeat","background-position":"center center","background-size":"auto","background-attachment":"scroll","background-type":"","background-media":"","overlay-type":"","overlay-color":"","overlay-opacity":"","overlay-gradient":""},"tablet":{"background-color":"","background-image":"","background-repeat":"repeat","background-position":"center center","background-size":"auto","background-attachment":"scroll","background-type":"","background-media":"","overlay-type":"","overlay-color":"","overlay-opacity":"","overlay-gradient":""},"mobile":{"background-color":"","background-image":"","background-repeat":"repeat","background-position":"center center","background-size":"auto","background-attachment":"scroll","background-type":"","background-media":"","overlay-type":"","overlay-color":"","overlay-opacity":"","overlay-gradient":""}},"ast-content-background-meta":{"desktop":{"background-color":"var(--ast-global-color-4)","background-image":"","background-repeat":"repeat","background-position":"center center","background-size":"auto","background-attachment":"scroll","background-type":"","background-media":"","overlay-type":"","overlay-color":"","overlay-opacity":"","overlay-gradient":""},"tablet":{"background-color":"var(--ast-global-color-4)","background-image":"","background-repeat":"repeat","background-position":"center center","background-size":"auto","background-attachment":"scroll","background-type":"","background-media":"","overlay-type":"","overlay-color":"","overlay-opacity":"","overlay-gradient":""},"mobile":{"background-color":"var(--ast-global-color-4)","background-image":"","background-repeat":"repeat","background-position":"center center","background-size":"auto","background-attachment":"scroll","background-type":"","background-media":"","overlay-type":"","overlay-color":"","overlay-opacity":"","overlay-gradient":""}}},"domaine":[],"normes":[17135],"product_brand":[],"product_cat":[17240],"product_tag":[],"class_list":{"0":"post-256298","1":"product","2":"type-product","3":"status-publish","4":"has-post-thumbnail","6":"normes-din-51562","7":"product_cat-categories","8":"desktop-align-left","9":"tablet-align-left","10":"mobile-align-left","12":"first","13":"instock","14":"shipping-taxable","15":"product-type-simple"},"acf":[],"yoast_head":"<!-- This site is optimized with the Yoast SEO plugin v27.4 - https:\/\/yoast.com\/product\/yoast-seo-wordpress\/ -->\n<title>Cryobroyeur \u00e0 azote liquide SPEX - Freezer Mill CG-400 \/ CG-450 large capacit\u00e9 | DeltaLabo<\/title>\n<meta name=\"robots\" content=\"noindex, follow, max-snippet:-1, max-image-preview:large, max-video-preview:-1\" \/>\n<meta property=\"og:locale\" content=\"fr_FR\" \/>\n<meta property=\"og:type\" content=\"article\" \/>\n<meta property=\"og:title\" content=\"Cryobroyeur \u00e0 azote liquide SPEX - Freezer Mill CG-400 \/ CG-450 large capacit\u00e9 | DeltaLabo\" \/>\n<meta property=\"og:description\" content=\"Cryobroyeur \u00e0 azote liquide SPEX - Freezer Mill CG-400 \/ CG-450 large capacit\u00e9 (50g) :  Principe de broyage : l&#039;\u00e9chantillon ainsi que l&#039;impacteur sont introduits dans un r\u00e9cipient de broyage (tube en polycarbonate ou en inox).  L&#039;ensemble est immerg\u00e9 dans l&#039;azote liquide. Un champ magn\u00e9tique puissant provoque des all\u00e9s-retour rapide de l&#039;impacteur. Les chocs r\u00e9p\u00e9t\u00e9s de l&#039;impacteur provoquent la d\u00e9sint\u00e9gration de l&#039;\u00e9chantillon.  Le Freezer Mill est consid\u00e9r\u00e9 comme le broyeur des &quot;cas extr\u00eames&quot; !  T\u00e9l\u00e9charger la brochure produit : Freezer Mill CG-500, CG-450, CG-400, CG200  Exemples de broyages : Broyages d&#039;aliments  Visionner l&#039;utilisation du produit : Freezer Mill CG-400\" \/>\n<meta property=\"og:url\" content=\"https:\/\/webdesi-gn.fr\/dev_deltalabo\/produits\/cat-produit\/cryobroyeur-a-azote-liquide-spex-freezer-mill-6875-large-capacite\/\" \/>\n<meta property=\"og:site_name\" content=\"DeltaLabo\" \/>\n<meta property=\"article:modified_time\" content=\"2025-11-24T12:45:43+00:00\" \/>\n<meta property=\"og:image\" content=\"https:\/\/webdesi-gn.fr\/dev_deltalabo\/wp-content\/uploads\/2024\/04\/DELTA-LABO-Cryobroyeur-Freezer-Mill-CG-400.jpg\" \/>\n\t<meta property=\"og:image:width\" content=\"550\" \/>\n\t<meta property=\"og:image:height\" content=\"550\" \/>\n\t<meta property=\"og:image:type\" content=\"image\/jpeg\" \/>\n<meta name=\"twitter:card\" content=\"summary_large_image\" \/>\n<meta name=\"twitter:label1\" content=\"Dur\u00e9e de lecture estim\u00e9e\" \/>\n\t<meta name=\"twitter:data1\" content=\"1 minute\" \/>\n<script type=\"application\/ld+json\" class=\"yoast-schema-graph\">{\"@context\":\"https:\\\/\\\/schema.org\",\"@graph\":[{\"@type\":\"WebPage\",\"@id\":\"https:\\\/\\\/webdesi-gn.fr\\\/dev_deltalabo\\\/produits\\\/cat-produit\\\/cryobroyeur-a-azote-liquide-spex-freezer-mill-6875-large-capacite\\\/\",\"url\":\"https:\\\/\\\/webdesi-gn.fr\\\/dev_deltalabo\\\/produits\\\/cat-produit\\\/cryobroyeur-a-azote-liquide-spex-freezer-mill-6875-large-capacite\\\/\",\"name\":\"Cryobroyeur \u00e0 azote liquide SPEX - Freezer Mill CG-400 \\\/ CG-450 large capacit\u00e9 | DeltaLabo\",\"isPartOf\":{\"@id\":\"https:\\\/\\\/webdesi-gn.fr\\\/dev_deltalabo\\\/#website\"},\"primaryImageOfPage\":{\"@id\":\"https:\\\/\\\/webdesi-gn.fr\\\/dev_deltalabo\\\/produits\\\/cat-produit\\\/cryobroyeur-a-azote-liquide-spex-freezer-mill-6875-large-capacite\\\/#primaryimage\"},\"image\":{\"@id\":\"https:\\\/\\\/webdesi-gn.fr\\\/dev_deltalabo\\\/produits\\\/cat-produit\\\/cryobroyeur-a-azote-liquide-spex-freezer-mill-6875-large-capacite\\\/#primaryimage\"},\"thumbnailUrl\":\"https:\\\/\\\/webdesi-gn.fr\\\/dev_deltalabo\\\/wp-content\\\/uploads\\\/2025\\\/11\\\/DELTA-LABO-Cryobroyeur-Freezer-Mill-CG-400.jpg\",\"datePublished\":\"2024-04-05T09:55:31+00:00\",\"dateModified\":\"2025-11-24T12:45:43+00:00\",\"breadcrumb\":{\"@id\":\"https:\\\/\\\/webdesi-gn.fr\\\/dev_deltalabo\\\/produits\\\/cat-produit\\\/cryobroyeur-a-azote-liquide-spex-freezer-mill-6875-large-capacite\\\/#breadcrumb\"},\"inLanguage\":\"fr-FR\",\"potentialAction\":[{\"@type\":\"ReadAction\",\"target\":[\"https:\\\/\\\/webdesi-gn.fr\\\/dev_deltalabo\\\/produits\\\/cat-produit\\\/cryobroyeur-a-azote-liquide-spex-freezer-mill-6875-large-capacite\\\/\"]}]},{\"@type\":\"ImageObject\",\"inLanguage\":\"fr-FR\",\"@id\":\"https:\\\/\\\/webdesi-gn.fr\\\/dev_deltalabo\\\/produits\\\/cat-produit\\\/cryobroyeur-a-azote-liquide-spex-freezer-mill-6875-large-capacite\\\/#primaryimage\",\"url\":\"https:\\\/\\\/webdesi-gn.fr\\\/dev_deltalabo\\\/wp-content\\\/uploads\\\/2025\\\/11\\\/DELTA-LABO-Cryobroyeur-Freezer-Mill-CG-400.jpg\",\"contentUrl\":\"https:\\\/\\\/webdesi-gn.fr\\\/dev_deltalabo\\\/wp-content\\\/uploads\\\/2025\\\/11\\\/DELTA-LABO-Cryobroyeur-Freezer-Mill-CG-400.jpg\",\"width\":550,\"height\":550},{\"@type\":\"BreadcrumbList\",\"@id\":\"https:\\\/\\\/webdesi-gn.fr\\\/dev_deltalabo\\\/produits\\\/cat-produit\\\/cryobroyeur-a-azote-liquide-spex-freezer-mill-6875-large-capacite\\\/#breadcrumb\",\"itemListElement\":[{\"@type\":\"ListItem\",\"position\":1,\"name\":\"Accueil\",\"item\":\"https:\\\/\\\/webdesi-gn.fr\\\/dev_deltalabo\\\/\"},{\"@type\":\"ListItem\",\"position\":2,\"name\":\"Produits\",\"item\":\"https:\\\/\\\/webdesi-gn.fr\\\/dev_deltalabo\\\/produits\\\/\"},{\"@type\":\"ListItem\",\"position\":3,\"name\":\"Cryobroyeur \u00e0 azote liquide SPEX &#8211; Freezer Mill CG-400 \\\/ CG-450 large capacit\u00e9\"}]},{\"@type\":\"WebSite\",\"@id\":\"https:\\\/\\\/webdesi-gn.fr\\\/dev_deltalabo\\\/#website\",\"url\":\"https:\\\/\\\/webdesi-gn.fr\\\/dev_deltalabo\\\/\",\"name\":\"Delta Labo\",\"description\":\"Un site utilisant WordPress\",\"publisher\":{\"@id\":\"https:\\\/\\\/webdesi-gn.fr\\\/dev_deltalabo\\\/#organization\"},\"alternateName\":\"Delta Labo\",\"potentialAction\":[{\"@type\":\"SearchAction\",\"target\":{\"@type\":\"EntryPoint\",\"urlTemplate\":\"https:\\\/\\\/webdesi-gn.fr\\\/dev_deltalabo\\\/?s={search_term_string}\"},\"query-input\":{\"@type\":\"PropertyValueSpecification\",\"valueRequired\":true,\"valueName\":\"search_term_string\"}}],\"inLanguage\":\"fr-FR\"},{\"@type\":\"Organization\",\"@id\":\"https:\\\/\\\/webdesi-gn.fr\\\/dev_deltalabo\\\/#organization\",\"name\":\"DeltaLabo\",\"url\":\"https:\\\/\\\/webdesi-gn.fr\\\/dev_deltalabo\\\/\",\"logo\":{\"@type\":\"ImageObject\",\"inLanguage\":\"fr-FR\",\"@id\":\"https:\\\/\\\/webdesi-gn.fr\\\/dev_deltalabo\\\/#\\\/schema\\\/logo\\\/image\\\/\",\"url\":\"https:\\\/\\\/webdesi-gn.fr\\\/dev_deltalabo\\\/wp-content\\\/uploads\\\/2022\\\/07\\\/logo-deltalabo.png\",\"contentUrl\":\"https:\\\/\\\/webdesi-gn.fr\\\/dev_deltalabo\\\/wp-content\\\/uploads\\\/2022\\\/07\\\/logo-deltalabo.png\",\"width\":694,\"height\":306,\"caption\":\"DeltaLabo\"},\"image\":{\"@id\":\"https:\\\/\\\/webdesi-gn.fr\\\/dev_deltalabo\\\/#\\\/schema\\\/logo\\\/image\\\/\"}}]}<\/script>\n<!-- \/ Yoast SEO plugin. -->","yoast_head_json":{"title":"Cryobroyeur \u00e0 azote liquide SPEX - Freezer Mill CG-400 \/ CG-450 large capacit\u00e9 | DeltaLabo","robots":{"index":"noindex","follow":"follow","max-snippet":"max-snippet:-1","max-image-preview":"max-image-preview:large","max-video-preview":"max-video-preview:-1"},"og_locale":"fr_FR","og_type":"article","og_title":"Cryobroyeur \u00e0 azote liquide SPEX - Freezer Mill CG-400 \/ CG-450 large capacit\u00e9 | DeltaLabo","og_description":"Cryobroyeur \u00e0 azote liquide SPEX - Freezer Mill CG-400 \/ CG-450 large capacit\u00e9 (50g) :  Principe de broyage : l'\u00e9chantillon ainsi que l'impacteur sont introduits dans un r\u00e9cipient de broyage (tube en polycarbonate ou en inox).  L'ensemble est immerg\u00e9 dans l'azote liquide. Un champ magn\u00e9tique puissant provoque des all\u00e9s-retour rapide de l'impacteur. Les chocs r\u00e9p\u00e9t\u00e9s de l'impacteur provoquent la d\u00e9sint\u00e9gration de l'\u00e9chantillon.  Le Freezer Mill est consid\u00e9r\u00e9 comme le broyeur des \"cas extr\u00eames\" !  T\u00e9l\u00e9charger la brochure produit : Freezer Mill CG-500, CG-450, CG-400, CG200  Exemples de broyages : Broyages d'aliments  Visionner l'utilisation du produit : Freezer Mill CG-400","og_url":"https:\/\/webdesi-gn.fr\/dev_deltalabo\/produits\/cat-produit\/cryobroyeur-a-azote-liquide-spex-freezer-mill-6875-large-capacite\/","og_site_name":"DeltaLabo","article_modified_time":"2025-11-24T12:45:43+00:00","og_image":[{"width":550,"height":550,"url":"https:\/\/webdesi-gn.fr\/dev_deltalabo\/wp-content\/uploads\/2024\/04\/DELTA-LABO-Cryobroyeur-Freezer-Mill-CG-400.jpg","type":"image\/jpeg"}],"twitter_card":"summary_large_image","twitter_misc":{"Dur\u00e9e de lecture estim\u00e9e":"1 minute"},"schema":{"@context":"https:\/\/schema.org","@graph":[{"@type":"WebPage","@id":"https:\/\/webdesi-gn.fr\/dev_deltalabo\/produits\/cat-produit\/cryobroyeur-a-azote-liquide-spex-freezer-mill-6875-large-capacite\/","url":"https:\/\/webdesi-gn.fr\/dev_deltalabo\/produits\/cat-produit\/cryobroyeur-a-azote-liquide-spex-freezer-mill-6875-large-capacite\/","name":"Cryobroyeur \u00e0 azote liquide SPEX - Freezer Mill CG-400 \/ CG-450 large capacit\u00e9 | DeltaLabo","isPartOf":{"@id":"https:\/\/webdesi-gn.fr\/dev_deltalabo\/#website"},"primaryImageOfPage":{"@id":"https:\/\/webdesi-gn.fr\/dev_deltalabo\/produits\/cat-produit\/cryobroyeur-a-azote-liquide-spex-freezer-mill-6875-large-capacite\/#primaryimage"},"image":{"@id":"https:\/\/webdesi-gn.fr\/dev_deltalabo\/produits\/cat-produit\/cryobroyeur-a-azote-liquide-spex-freezer-mill-6875-large-capacite\/#primaryimage"},"thumbnailUrl":"https:\/\/webdesi-gn.fr\/dev_deltalabo\/wp-content\/uploads\/2025\/11\/DELTA-LABO-Cryobroyeur-Freezer-Mill-CG-400.jpg","datePublished":"2024-04-05T09:55:31+00:00","dateModified":"2025-11-24T12:45:43+00:00","breadcrumb":{"@id":"https:\/\/webdesi-gn.fr\/dev_deltalabo\/produits\/cat-produit\/cryobroyeur-a-azote-liquide-spex-freezer-mill-6875-large-capacite\/#breadcrumb"},"inLanguage":"fr-FR","potentialAction":[{"@type":"ReadAction","target":["https:\/\/webdesi-gn.fr\/dev_deltalabo\/produits\/cat-produit\/cryobroyeur-a-azote-liquide-spex-freezer-mill-6875-large-capacite\/"]}]},{"@type":"ImageObject","inLanguage":"fr-FR","@id":"https:\/\/webdesi-gn.fr\/dev_deltalabo\/produits\/cat-produit\/cryobroyeur-a-azote-liquide-spex-freezer-mill-6875-large-capacite\/#primaryimage","url":"https:\/\/webdesi-gn.fr\/dev_deltalabo\/wp-content\/uploads\/2025\/11\/DELTA-LABO-Cryobroyeur-Freezer-Mill-CG-400.jpg","contentUrl":"https:\/\/webdesi-gn.fr\/dev_deltalabo\/wp-content\/uploads\/2025\/11\/DELTA-LABO-Cryobroyeur-Freezer-Mill-CG-400.jpg","width":550,"height":550},{"@type":"BreadcrumbList","@id":"https:\/\/webdesi-gn.fr\/dev_deltalabo\/produits\/cat-produit\/cryobroyeur-a-azote-liquide-spex-freezer-mill-6875-large-capacite\/#breadcrumb","itemListElement":[{"@type":"ListItem","position":1,"name":"Accueil","item":"https:\/\/webdesi-gn.fr\/dev_deltalabo\/"},{"@type":"ListItem","position":2,"name":"Produits","item":"https:\/\/webdesi-gn.fr\/dev_deltalabo\/produits\/"},{"@type":"ListItem","position":3,"name":"Cryobroyeur \u00e0 azote liquide SPEX &#8211; Freezer Mill CG-400 \/ CG-450 large capacit\u00e9"}]},{"@type":"WebSite","@id":"https:\/\/webdesi-gn.fr\/dev_deltalabo\/#website","url":"https:\/\/webdesi-gn.fr\/dev_deltalabo\/","name":"Delta Labo","description":"Un site utilisant WordPress","publisher":{"@id":"https:\/\/webdesi-gn.fr\/dev_deltalabo\/#organization"},"alternateName":"Delta Labo","potentialAction":[{"@type":"SearchAction","target":{"@type":"EntryPoint","urlTemplate":"https:\/\/webdesi-gn.fr\/dev_deltalabo\/?s={search_term_string}"},"query-input":{"@type":"PropertyValueSpecification","valueRequired":true,"valueName":"search_term_string"}}],"inLanguage":"fr-FR"},{"@type":"Organization","@id":"https:\/\/webdesi-gn.fr\/dev_deltalabo\/#organization","name":"DeltaLabo","url":"https:\/\/webdesi-gn.fr\/dev_deltalabo\/","logo":{"@type":"ImageObject","inLanguage":"fr-FR","@id":"https:\/\/webdesi-gn.fr\/dev_deltalabo\/#\/schema\/logo\/image\/","url":"https:\/\/webdesi-gn.fr\/dev_deltalabo\/wp-content\/uploads\/2022\/07\/logo-deltalabo.png","contentUrl":"https:\/\/webdesi-gn.fr\/dev_deltalabo\/wp-content\/uploads\/2022\/07\/logo-deltalabo.png","width":694,"height":306,"caption":"DeltaLabo"},"image":{"@id":"https:\/\/webdesi-gn.fr\/dev_deltalabo\/#\/schema\/logo\/image\/"}}]}},"_links":{"self":[{"href":"https:\/\/webdesi-gn.fr\/dev_deltalabo\/wp-json\/wp\/v2\/product\/256298","targetHints":{"allow":["GET"]}}],"collection":[{"href":"https:\/\/webdesi-gn.fr\/dev_deltalabo\/wp-json\/wp\/v2\/product"}],"about":[{"href":"https:\/\/webdesi-gn.fr\/dev_deltalabo\/wp-json\/wp\/v2\/types\/product"}],"wp:featuredmedia":[{"embeddable":true,"href":"https:\/\/webdesi-gn.fr\/dev_deltalabo\/wp-json\/wp\/v2\/media\/262107"}],"wp:attachment":[{"href":"https:\/\/webdesi-gn.fr\/dev_deltalabo\/wp-json\/wp\/v2\/media?parent=256298"}],"wp:term":[{"taxonomy":"domaine","embeddable":true,"href":"https:\/\/webdesi-gn.fr\/dev_deltalabo\/wp-json\/wp\/v2\/domaine?post=256298"},{"taxonomy":"normes","embeddable":true,"href":"https:\/\/webdesi-gn.fr\/dev_deltalabo\/wp-json\/wp\/v2\/normes?post=256298"},{"taxonomy":"product_brand","embeddable":true,"href":"https:\/\/webdesi-gn.fr\/dev_deltalabo\/wp-json\/wp\/v2\/product_brand?post=256298"},{"taxonomy":"product_cat","embeddable":true,"href":"https:\/\/webdesi-gn.fr\/dev_deltalabo\/wp-json\/wp\/v2\/product_cat?post=256298"},{"taxonomy":"product_tag","embeddable":true,"href":"https:\/\/webdesi-gn.fr\/dev_deltalabo\/wp-json\/wp\/v2\/product_tag?post=256298"}],"curies":[{"name":"wp","href":"https:\/\/api.w.org\/{rel}","templated":true}]}}