{"id":256304,"date":"2024-04-05T12:07:38","date_gmt":"2024-04-05T10:07:38","guid":{"rendered":"https:\/\/webdesi-gn.fr\/dev_deltalabo\/?post_type=product&#038;p=256304"},"modified":"2025-12-11T15:25:05","modified_gmt":"2025-12-11T14:25:05","slug":"broyeur-spex-genogrinder-2010","status":"publish","type":"product","link":"https:\/\/webdesi-gn.fr\/dev_deltalabo\/produits\/categories\/broyeur-spex-genogrinder-2010\/","title":{"rendered":"Broyeur SPEX COLE-PARMER Geno\/Grinder &#8211; 2010 HG-600"},"content":{"rendered":"","protected":false},"excerpt":{"rendered":"<p><strong>Broyeur SPEX COLE-PARMER Geno\/Grinder &#8211; 2010 HG-600 :<\/strong><\/p>\n<p>Principe de broyage : les \u00e9chantillons sont charg\u00e9s dans des micro plaques, des micro tubes, des tubes type Falcon de 15 ou 50mL ou tout autre contenant.<\/p>\n<p>Des auxiliaires de broyage (billes en acier inox, silice qualit\u00e9 biologie mol\u00e9culaire, zirconium&#8230;) sont introduits dans chaque tube avec ou sans tampon de broyage. L&rsquo;ensemble est charg\u00e9 sur le support universel et solidement fix\u00e9 gr\u00e2ce notamment \u00e0 des cales interm\u00e9diaires. Un couvercle de s\u00e9curit\u00e9 muni d&rsquo;une fen\u00eatre de visualisation est rabattu. Lors du fonctionnement, de rapides mouvements verticaux permettent aux billes d&rsquo;impacter les \u00e9chantillons.<\/p>\n<p>Des accessoires permettent de pr\u00e9refroidir les \u00e9chantillons au pr\u00e9alable.<\/p>\n<p><strong>T\u00e9l\u00e9charger la brochure produit :<\/strong> <a href=\"https:\/\/www.deltalabo.fr\/wp-content\/uploads\/2025\/05\/Doc-HG-600-GenoGrinder-rebranded-eng-DL.pdf\">Broyeur SPEX COLE-PARMER Geno\/Grinder &#8211; 2010 HG-600<\/a><\/p>\n<p><strong>T\u00e9l\u00e9charger la brochure \u00ab\u00a0accessoires\u00a0\u00bb : <\/strong><a href=\"https:\/\/www.deltalabo.fr\/wp-content\/uploads\/2025\/05\/HG-600-HG-400-accessory-manual-eng-DL.pdf\">Broyeur SPEX COLE-PARMER \u00a0<\/a><\/p>\n","protected":false},"featured_media":262102,"template":"","meta":{"_acf_changed":false,"site-sidebar-layout":"default","site-content-layout":"","ast-site-content-layout":"default","site-content-style":"default","site-sidebar-style":"default","ast-global-header-display":"","ast-banner-title-visibility":"","ast-main-header-display":"","ast-hfb-above-header-display":"","ast-hfb-below-header-display":"","ast-hfb-mobile-header-display":"","site-post-title":"","ast-breadcrumbs-content":"","ast-featured-img":"","footer-sml-layout":"","ast-disable-related-posts":"","theme-transparent-header-meta":"default","adv-header-id-meta":"","stick-header-meta":"","header-above-stick-meta":"","header-main-stick-meta":"","header-below-stick-meta":"","astra-migrate-meta-layouts":"set","ast-page-background-enabled":"default","ast-page-background-meta":{"desktop":{"background-color":"var(--ast-global-color-5)","background-image":"","background-repeat":"repeat","background-position":"center center","background-size":"auto","background-attachment":"scroll","background-type":"","background-media":"","overlay-type":"","overlay-color":"","overlay-opacity":"","overlay-gradient":""},"tablet":{"background-color":"","background-image":"","background-repeat":"repeat","background-position":"center center","background-size":"auto","background-attachment":"scroll","background-type":"","background-media":"","overlay-type":"","overlay-color":"","overlay-opacity":"","overlay-gradient":""},"mobile":{"background-color":"","background-image":"","background-repeat":"repeat","background-position":"center center","background-size":"auto","background-attachment":"scroll","background-type":"","background-media":"","overlay-type":"","overlay-color":"","overlay-opacity":"","overlay-gradient":""}},"ast-content-background-meta":{"desktop":{"background-color":"var(--ast-global-color-4)","background-image":"","background-repeat":"repeat","background-position":"center center","background-size":"auto","background-attachment":"scroll","background-type":"","background-media":"","overlay-type":"","overlay-color":"","overlay-opacity":"","overlay-gradient":""},"tablet":{"background-color":"var(--ast-global-color-4)","background-image":"","background-repeat":"repeat","background-position":"center center","background-size":"auto","background-attachment":"scroll","background-type":"","background-media":"","overlay-type":"","overlay-color":"","overlay-opacity":"","overlay-gradient":""},"mobile":{"background-color":"var(--ast-global-color-4)","background-image":"","background-repeat":"repeat","background-position":"center center","background-size":"auto","background-attachment":"scroll","background-type":"","background-media":"","overlay-type":"","overlay-color":"","overlay-opacity":"","overlay-gradient":""}}},"domaine":[],"normes":[17135],"product_brand":[],"product_cat":[17240],"product_tag":[],"class_list":{"0":"post-256304","1":"product","2":"type-product","3":"status-publish","4":"has-post-thumbnail","6":"normes-din-51562","7":"product_cat-categories","8":"desktop-align-left","9":"tablet-align-left","10":"mobile-align-left","12":"first","13":"instock","14":"shipping-taxable","15":"product-type-simple"},"acf":[],"yoast_head":"<!-- This site is optimized with the Yoast SEO plugin v27.4 - https:\/\/yoast.com\/product\/yoast-seo-wordpress\/ -->\n<title>Broyeur SPEX COLE-PARMER Geno\/Grinder - 2010 HG-600 | DeltaLabo<\/title>\n<meta name=\"robots\" content=\"noindex, follow, max-snippet:-1, max-image-preview:large, max-video-preview:-1\" \/>\n<meta property=\"og:locale\" content=\"fr_FR\" \/>\n<meta property=\"og:type\" content=\"article\" \/>\n<meta property=\"og:title\" content=\"Broyeur SPEX COLE-PARMER Geno\/Grinder - 2010 HG-600 | DeltaLabo\" \/>\n<meta property=\"og:description\" content=\"Broyeur SPEX COLE-PARMER Geno\/Grinder - 2010 HG-600 :  Principe de broyage : les \u00e9chantillons sont charg\u00e9s dans des micro plaques, des micro tubes, des tubes type Falcon de 15 ou 50mL ou tout autre contenant.  Des auxiliaires de broyage (billes en acier inox, silice qualit\u00e9 biologie mol\u00e9culaire, zirconium...) sont introduits dans chaque tube avec ou sans tampon de broyage. L&#039;ensemble est charg\u00e9 sur le support universel et solidement fix\u00e9 gr\u00e2ce notamment \u00e0 des cales interm\u00e9diaires. Un couvercle de s\u00e9curit\u00e9 muni d&#039;une fen\u00eatre de visualisation est rabattu. Lors du fonctionnement, de rapides mouvements verticaux permettent aux billes d&#039;impacter les \u00e9chantillons.  Des accessoires permettent de pr\u00e9refroidir les \u00e9chantillons au pr\u00e9alable.  T\u00e9l\u00e9charger la brochure produit : Broyeur SPEX COLE-PARMER Geno\/Grinder - 2010 HG-600  T\u00e9l\u00e9charger la brochure &quot;accessoires&quot; : Broyeur SPEX COLE-PARMER \u00a0\" \/>\n<meta property=\"og:url\" content=\"https:\/\/webdesi-gn.fr\/dev_deltalabo\/produits\/categories\/broyeur-spex-genogrinder-2010\/\" \/>\n<meta property=\"og:site_name\" content=\"DeltaLabo\" \/>\n<meta property=\"article:modified_time\" content=\"2025-12-11T14:25:05+00:00\" \/>\n<meta property=\"og:image\" content=\"https:\/\/webdesi-gn.fr\/dev_deltalabo\/wp-content\/uploads\/2025\/11\/DELTA-LABO-GenoGrinder-HG-600.jpg\" \/>\n\t<meta property=\"og:image:width\" content=\"550\" \/>\n\t<meta property=\"og:image:height\" content=\"550\" \/>\n\t<meta property=\"og:image:type\" content=\"image\/jpeg\" \/>\n<meta name=\"twitter:card\" content=\"summary_large_image\" \/>\n<meta name=\"twitter:label1\" content=\"Dur\u00e9e de lecture estim\u00e9e\" \/>\n\t<meta name=\"twitter:data1\" content=\"1 minute\" \/>\n<script type=\"application\/ld+json\" class=\"yoast-schema-graph\">{\"@context\":\"https:\\\/\\\/schema.org\",\"@graph\":[{\"@type\":\"WebPage\",\"@id\":\"https:\\\/\\\/webdesi-gn.fr\\\/dev_deltalabo\\\/produits\\\/categories\\\/broyeur-spex-genogrinder-2010\\\/\",\"url\":\"https:\\\/\\\/webdesi-gn.fr\\\/dev_deltalabo\\\/produits\\\/categories\\\/broyeur-spex-genogrinder-2010\\\/\",\"name\":\"Broyeur SPEX COLE-PARMER Geno\\\/Grinder - 2010 HG-600 | DeltaLabo\",\"isPartOf\":{\"@id\":\"https:\\\/\\\/webdesi-gn.fr\\\/dev_deltalabo\\\/#website\"},\"primaryImageOfPage\":{\"@id\":\"https:\\\/\\\/webdesi-gn.fr\\\/dev_deltalabo\\\/produits\\\/categories\\\/broyeur-spex-genogrinder-2010\\\/#primaryimage\"},\"image\":{\"@id\":\"https:\\\/\\\/webdesi-gn.fr\\\/dev_deltalabo\\\/produits\\\/categories\\\/broyeur-spex-genogrinder-2010\\\/#primaryimage\"},\"thumbnailUrl\":\"https:\\\/\\\/webdesi-gn.fr\\\/dev_deltalabo\\\/wp-content\\\/uploads\\\/2025\\\/11\\\/DELTA-LABO-GenoGrinder-HG-600.jpg\",\"datePublished\":\"2024-04-05T10:07:38+00:00\",\"dateModified\":\"2025-12-11T14:25:05+00:00\",\"breadcrumb\":{\"@id\":\"https:\\\/\\\/webdesi-gn.fr\\\/dev_deltalabo\\\/produits\\\/categories\\\/broyeur-spex-genogrinder-2010\\\/#breadcrumb\"},\"inLanguage\":\"fr-FR\",\"potentialAction\":[{\"@type\":\"ReadAction\",\"target\":[\"https:\\\/\\\/webdesi-gn.fr\\\/dev_deltalabo\\\/produits\\\/categories\\\/broyeur-spex-genogrinder-2010\\\/\"]}]},{\"@type\":\"ImageObject\",\"inLanguage\":\"fr-FR\",\"@id\":\"https:\\\/\\\/webdesi-gn.fr\\\/dev_deltalabo\\\/produits\\\/categories\\\/broyeur-spex-genogrinder-2010\\\/#primaryimage\",\"url\":\"https:\\\/\\\/webdesi-gn.fr\\\/dev_deltalabo\\\/wp-content\\\/uploads\\\/2025\\\/11\\\/DELTA-LABO-GenoGrinder-HG-600.jpg\",\"contentUrl\":\"https:\\\/\\\/webdesi-gn.fr\\\/dev_deltalabo\\\/wp-content\\\/uploads\\\/2025\\\/11\\\/DELTA-LABO-GenoGrinder-HG-600.jpg\",\"width\":550,\"height\":550},{\"@type\":\"BreadcrumbList\",\"@id\":\"https:\\\/\\\/webdesi-gn.fr\\\/dev_deltalabo\\\/produits\\\/categories\\\/broyeur-spex-genogrinder-2010\\\/#breadcrumb\",\"itemListElement\":[{\"@type\":\"ListItem\",\"position\":1,\"name\":\"Accueil\",\"item\":\"https:\\\/\\\/webdesi-gn.fr\\\/dev_deltalabo\\\/\"},{\"@type\":\"ListItem\",\"position\":2,\"name\":\"Produits\",\"item\":\"https:\\\/\\\/webdesi-gn.fr\\\/dev_deltalabo\\\/produits\\\/\"},{\"@type\":\"ListItem\",\"position\":3,\"name\":\"Broyeur SPEX COLE-PARMER Geno\\\/Grinder &#8211; 2010 HG-600\"}]},{\"@type\":\"WebSite\",\"@id\":\"https:\\\/\\\/webdesi-gn.fr\\\/dev_deltalabo\\\/#website\",\"url\":\"https:\\\/\\\/webdesi-gn.fr\\\/dev_deltalabo\\\/\",\"name\":\"Delta Labo\",\"description\":\"Un site utilisant WordPress\",\"publisher\":{\"@id\":\"https:\\\/\\\/webdesi-gn.fr\\\/dev_deltalabo\\\/#organization\"},\"alternateName\":\"Delta Labo\",\"potentialAction\":[{\"@type\":\"SearchAction\",\"target\":{\"@type\":\"EntryPoint\",\"urlTemplate\":\"https:\\\/\\\/webdesi-gn.fr\\\/dev_deltalabo\\\/?s={search_term_string}\"},\"query-input\":{\"@type\":\"PropertyValueSpecification\",\"valueRequired\":true,\"valueName\":\"search_term_string\"}}],\"inLanguage\":\"fr-FR\"},{\"@type\":\"Organization\",\"@id\":\"https:\\\/\\\/webdesi-gn.fr\\\/dev_deltalabo\\\/#organization\",\"name\":\"DeltaLabo\",\"url\":\"https:\\\/\\\/webdesi-gn.fr\\\/dev_deltalabo\\\/\",\"logo\":{\"@type\":\"ImageObject\",\"inLanguage\":\"fr-FR\",\"@id\":\"https:\\\/\\\/webdesi-gn.fr\\\/dev_deltalabo\\\/#\\\/schema\\\/logo\\\/image\\\/\",\"url\":\"https:\\\/\\\/webdesi-gn.fr\\\/dev_deltalabo\\\/wp-content\\\/uploads\\\/2022\\\/07\\\/logo-deltalabo.png\",\"contentUrl\":\"https:\\\/\\\/webdesi-gn.fr\\\/dev_deltalabo\\\/wp-content\\\/uploads\\\/2022\\\/07\\\/logo-deltalabo.png\",\"width\":694,\"height\":306,\"caption\":\"DeltaLabo\"},\"image\":{\"@id\":\"https:\\\/\\\/webdesi-gn.fr\\\/dev_deltalabo\\\/#\\\/schema\\\/logo\\\/image\\\/\"}}]}<\/script>\n<!-- \/ Yoast SEO plugin. -->","yoast_head_json":{"title":"Broyeur SPEX COLE-PARMER Geno\/Grinder - 2010 HG-600 | DeltaLabo","robots":{"index":"noindex","follow":"follow","max-snippet":"max-snippet:-1","max-image-preview":"max-image-preview:large","max-video-preview":"max-video-preview:-1"},"og_locale":"fr_FR","og_type":"article","og_title":"Broyeur SPEX COLE-PARMER Geno\/Grinder - 2010 HG-600 | DeltaLabo","og_description":"Broyeur SPEX COLE-PARMER Geno\/Grinder - 2010 HG-600 :  Principe de broyage : les \u00e9chantillons sont charg\u00e9s dans des micro plaques, des micro tubes, des tubes type Falcon de 15 ou 50mL ou tout autre contenant.  Des auxiliaires de broyage (billes en acier inox, silice qualit\u00e9 biologie mol\u00e9culaire, zirconium...) sont introduits dans chaque tube avec ou sans tampon de broyage. L'ensemble est charg\u00e9 sur le support universel et solidement fix\u00e9 gr\u00e2ce notamment \u00e0 des cales interm\u00e9diaires. Un couvercle de s\u00e9curit\u00e9 muni d'une fen\u00eatre de visualisation est rabattu. Lors du fonctionnement, de rapides mouvements verticaux permettent aux billes d'impacter les \u00e9chantillons.  Des accessoires permettent de pr\u00e9refroidir les \u00e9chantillons au pr\u00e9alable.  T\u00e9l\u00e9charger la brochure produit : Broyeur SPEX COLE-PARMER Geno\/Grinder - 2010 HG-600  T\u00e9l\u00e9charger la brochure \"accessoires\" : Broyeur SPEX COLE-PARMER \u00a0","og_url":"https:\/\/webdesi-gn.fr\/dev_deltalabo\/produits\/categories\/broyeur-spex-genogrinder-2010\/","og_site_name":"DeltaLabo","article_modified_time":"2025-12-11T14:25:05+00:00","og_image":[{"width":550,"height":550,"url":"https:\/\/webdesi-gn.fr\/dev_deltalabo\/wp-content\/uploads\/2025\/11\/DELTA-LABO-GenoGrinder-HG-600.jpg","type":"image\/jpeg"}],"twitter_card":"summary_large_image","twitter_misc":{"Dur\u00e9e de lecture estim\u00e9e":"1 minute"},"schema":{"@context":"https:\/\/schema.org","@graph":[{"@type":"WebPage","@id":"https:\/\/webdesi-gn.fr\/dev_deltalabo\/produits\/categories\/broyeur-spex-genogrinder-2010\/","url":"https:\/\/webdesi-gn.fr\/dev_deltalabo\/produits\/categories\/broyeur-spex-genogrinder-2010\/","name":"Broyeur SPEX COLE-PARMER Geno\/Grinder - 2010 HG-600 | DeltaLabo","isPartOf":{"@id":"https:\/\/webdesi-gn.fr\/dev_deltalabo\/#website"},"primaryImageOfPage":{"@id":"https:\/\/webdesi-gn.fr\/dev_deltalabo\/produits\/categories\/broyeur-spex-genogrinder-2010\/#primaryimage"},"image":{"@id":"https:\/\/webdesi-gn.fr\/dev_deltalabo\/produits\/categories\/broyeur-spex-genogrinder-2010\/#primaryimage"},"thumbnailUrl":"https:\/\/webdesi-gn.fr\/dev_deltalabo\/wp-content\/uploads\/2025\/11\/DELTA-LABO-GenoGrinder-HG-600.jpg","datePublished":"2024-04-05T10:07:38+00:00","dateModified":"2025-12-11T14:25:05+00:00","breadcrumb":{"@id":"https:\/\/webdesi-gn.fr\/dev_deltalabo\/produits\/categories\/broyeur-spex-genogrinder-2010\/#breadcrumb"},"inLanguage":"fr-FR","potentialAction":[{"@type":"ReadAction","target":["https:\/\/webdesi-gn.fr\/dev_deltalabo\/produits\/categories\/broyeur-spex-genogrinder-2010\/"]}]},{"@type":"ImageObject","inLanguage":"fr-FR","@id":"https:\/\/webdesi-gn.fr\/dev_deltalabo\/produits\/categories\/broyeur-spex-genogrinder-2010\/#primaryimage","url":"https:\/\/webdesi-gn.fr\/dev_deltalabo\/wp-content\/uploads\/2025\/11\/DELTA-LABO-GenoGrinder-HG-600.jpg","contentUrl":"https:\/\/webdesi-gn.fr\/dev_deltalabo\/wp-content\/uploads\/2025\/11\/DELTA-LABO-GenoGrinder-HG-600.jpg","width":550,"height":550},{"@type":"BreadcrumbList","@id":"https:\/\/webdesi-gn.fr\/dev_deltalabo\/produits\/categories\/broyeur-spex-genogrinder-2010\/#breadcrumb","itemListElement":[{"@type":"ListItem","position":1,"name":"Accueil","item":"https:\/\/webdesi-gn.fr\/dev_deltalabo\/"},{"@type":"ListItem","position":2,"name":"Produits","item":"https:\/\/webdesi-gn.fr\/dev_deltalabo\/produits\/"},{"@type":"ListItem","position":3,"name":"Broyeur SPEX COLE-PARMER Geno\/Grinder &#8211; 2010 HG-600"}]},{"@type":"WebSite","@id":"https:\/\/webdesi-gn.fr\/dev_deltalabo\/#website","url":"https:\/\/webdesi-gn.fr\/dev_deltalabo\/","name":"Delta Labo","description":"Un site utilisant WordPress","publisher":{"@id":"https:\/\/webdesi-gn.fr\/dev_deltalabo\/#organization"},"alternateName":"Delta Labo","potentialAction":[{"@type":"SearchAction","target":{"@type":"EntryPoint","urlTemplate":"https:\/\/webdesi-gn.fr\/dev_deltalabo\/?s={search_term_string}"},"query-input":{"@type":"PropertyValueSpecification","valueRequired":true,"valueName":"search_term_string"}}],"inLanguage":"fr-FR"},{"@type":"Organization","@id":"https:\/\/webdesi-gn.fr\/dev_deltalabo\/#organization","name":"DeltaLabo","url":"https:\/\/webdesi-gn.fr\/dev_deltalabo\/","logo":{"@type":"ImageObject","inLanguage":"fr-FR","@id":"https:\/\/webdesi-gn.fr\/dev_deltalabo\/#\/schema\/logo\/image\/","url":"https:\/\/webdesi-gn.fr\/dev_deltalabo\/wp-content\/uploads\/2022\/07\/logo-deltalabo.png","contentUrl":"https:\/\/webdesi-gn.fr\/dev_deltalabo\/wp-content\/uploads\/2022\/07\/logo-deltalabo.png","width":694,"height":306,"caption":"DeltaLabo"},"image":{"@id":"https:\/\/webdesi-gn.fr\/dev_deltalabo\/#\/schema\/logo\/image\/"}}]}},"_links":{"self":[{"href":"https:\/\/webdesi-gn.fr\/dev_deltalabo\/wp-json\/wp\/v2\/product\/256304","targetHints":{"allow":["GET"]}}],"collection":[{"href":"https:\/\/webdesi-gn.fr\/dev_deltalabo\/wp-json\/wp\/v2\/product"}],"about":[{"href":"https:\/\/webdesi-gn.fr\/dev_deltalabo\/wp-json\/wp\/v2\/types\/product"}],"wp:featuredmedia":[{"embeddable":true,"href":"https:\/\/webdesi-gn.fr\/dev_deltalabo\/wp-json\/wp\/v2\/media\/262102"}],"wp:attachment":[{"href":"https:\/\/webdesi-gn.fr\/dev_deltalabo\/wp-json\/wp\/v2\/media?parent=256304"}],"wp:term":[{"taxonomy":"domaine","embeddable":true,"href":"https:\/\/webdesi-gn.fr\/dev_deltalabo\/wp-json\/wp\/v2\/domaine?post=256304"},{"taxonomy":"normes","embeddable":true,"href":"https:\/\/webdesi-gn.fr\/dev_deltalabo\/wp-json\/wp\/v2\/normes?post=256304"},{"taxonomy":"product_brand","embeddable":true,"href":"https:\/\/webdesi-gn.fr\/dev_deltalabo\/wp-json\/wp\/v2\/product_brand?post=256304"},{"taxonomy":"product_cat","embeddable":true,"href":"https:\/\/webdesi-gn.fr\/dev_deltalabo\/wp-json\/wp\/v2\/product_cat?post=256304"},{"taxonomy":"product_tag","embeddable":true,"href":"https:\/\/webdesi-gn.fr\/dev_deltalabo\/wp-json\/wp\/v2\/product_tag?post=256304"}],"curies":[{"name":"wp","href":"https:\/\/api.w.org\/{rel}","templated":true}]}}