{"id":256498,"date":"2024-04-15T09:31:17","date_gmt":"2024-04-15T07:31:17","guid":{"rendered":"https:\/\/webdesi-gn.fr\/dev_deltalabo\/?post_type=product&#038;p=256498"},"modified":"2025-11-24T13:45:06","modified_gmt":"2025-11-24T12:45:06","slug":"homogeneiseur-sonificateur-a-ultra-sons-qsonica-misonix-q700-puissance-700w","status":"publish","type":"product","link":"https:\/\/webdesi-gn.fr\/dev_deltalabo\/produits\/categories\/homogeneiseur-sonificateur-a-ultra-sons-qsonica-misonix-q700-puissance-700w\/","title":{"rendered":"Sonificateur Qsonica Q700, puissance 700W"},"content":{"rendered":"","protected":false},"excerpt":{"rendered":"<p><strong>Sonificateur Qsonica Q700, puissance 700W :<\/strong><\/p>\n<p>Le sonificateur Qsonica Q700, gr\u00e2ce \u00e0 sa puissance de 700W, est un instrument polyvalent capable de traiter des volumes de quelques mL \u00e0 1L. Il est enti\u00e8rement programmable. L&rsquo;\u00e9nergie et la puissance d\u00e9livr\u00e9es s&rsquo;affichent num\u00e9riquement en Joules et en Watts pour des essais plus reproductibles.\u00a0L&rsquo;interface tactile simplifie la programmation et l&rsquo;acc\u00e8s aux fonctionnalit\u00e9s. Une sonde de temp\u00e9rature optionnelle permet d&rsquo;interrompre l&rsquo;\u00e9mission des ultra sons en fonction d&rsquo;un seuil de temp\u00e9rature programm\u00e9.<\/p>\n<p>Le sonificateur Qsonica &#8211; Misonix Q700 dispose de nombreux accessoires : microsondes, sondes \u00ab\u00a0cup horn\u00a0\u00bb sans contact, sonde pour microplaques etc&#8230;<\/p>\n<p>Les domaines d&rsquo;applications sont multiples : \u00e9clatements de cellules, dispersions de nanoparticules, homog\u00e9n\u00e9isations, d\u00e9sagr\u00e9gations, \u00e9mulsions etc&#8230;<\/p>\n<p><strong>T\u00e9l\u00e9charger la brochure produit :<\/strong> <a href=\"https:\/\/www.deltalabo.fr\/wp-content\/uploads\/2025\/04\/Sonicator-Catalog-2024-eng-DL-1.pdf\">Sonificateur Q700<\/a><\/p>\n<p><strong>Visualiser l&rsquo;utilisation du produit :<\/strong> <a href=\"https:\/\/youtu.be\/kCdi1dLBlLM?t=10\">Sonificateur Q700<\/a><\/p>\n","protected":false},"featured_media":262094,"template":"","meta":{"_acf_changed":false,"site-sidebar-layout":"default","site-content-layout":"","ast-site-content-layout":"default","site-content-style":"default","site-sidebar-style":"default","ast-global-header-display":"","ast-banner-title-visibility":"","ast-main-header-display":"","ast-hfb-above-header-display":"","ast-hfb-below-header-display":"","ast-hfb-mobile-header-display":"","site-post-title":"","ast-breadcrumbs-content":"","ast-featured-img":"","footer-sml-layout":"","ast-disable-related-posts":"","theme-transparent-header-meta":"","adv-header-id-meta":"","stick-header-meta":"","header-above-stick-meta":"","header-main-stick-meta":"","header-below-stick-meta":"","astra-migrate-meta-layouts":"default","ast-page-background-enabled":"default","ast-page-background-meta":{"desktop":{"background-color":"var(--ast-global-color-5)","background-image":"","background-repeat":"repeat","background-position":"center center","background-size":"auto","background-attachment":"scroll","background-type":"","background-media":"","overlay-type":"","overlay-color":"","overlay-opacity":"","overlay-gradient":""},"tablet":{"background-color":"","background-image":"","background-repeat":"repeat","background-position":"center center","background-size":"auto","background-attachment":"scroll","background-type":"","background-media":"","overlay-type":"","overlay-color":"","overlay-opacity":"","overlay-gradient":""},"mobile":{"background-color":"","background-image":"","background-repeat":"repeat","background-position":"center center","background-size":"auto","background-attachment":"scroll","background-type":"","background-media":"","overlay-type":"","overlay-color":"","overlay-opacity":"","overlay-gradient":""}},"ast-content-background-meta":{"desktop":{"background-color":"var(--ast-global-color-4)","background-image":"","background-repeat":"repeat","background-position":"center center","background-size":"auto","background-attachment":"scroll","background-type":"","background-media":"","overlay-type":"","overlay-color":"","overlay-opacity":"","overlay-gradient":""},"tablet":{"background-color":"var(--ast-global-color-4)","background-image":"","background-repeat":"repeat","background-position":"center center","background-size":"auto","background-attachment":"scroll","background-type":"","background-media":"","overlay-type":"","overlay-color":"","overlay-opacity":"","overlay-gradient":""},"mobile":{"background-color":"var(--ast-global-color-4)","background-image":"","background-repeat":"repeat","background-position":"center center","background-size":"auto","background-attachment":"scroll","background-type":"","background-media":"","overlay-type":"","overlay-color":"","overlay-opacity":"","overlay-gradient":""}}},"domaine":[],"normes":[17135],"product_brand":[],"product_cat":[17240],"product_tag":[],"class_list":{"0":"post-256498","1":"product","2":"type-product","3":"status-publish","4":"has-post-thumbnail","6":"normes-din-51562","7":"product_cat-categories","8":"desktop-align-left","9":"tablet-align-left","10":"mobile-align-left","12":"first","13":"instock","14":"shipping-taxable","15":"product-type-simple"},"acf":[],"yoast_head":"<!-- This site is optimized with the Yoast SEO plugin v27.4 - https:\/\/yoast.com\/product\/yoast-seo-wordpress\/ -->\n<title>Sonificateur Qsonica Q700, puissance 700W | DeltaLabo<\/title>\n<meta name=\"robots\" content=\"noindex, follow, max-snippet:-1, max-image-preview:large, max-video-preview:-1\" \/>\n<meta property=\"og:locale\" content=\"fr_FR\" \/>\n<meta property=\"og:type\" content=\"article\" \/>\n<meta property=\"og:title\" content=\"Sonificateur Qsonica Q700, puissance 700W | DeltaLabo\" \/>\n<meta property=\"og:description\" content=\"Sonificateur Qsonica Q700, puissance 700W :  Le sonificateur Qsonica Q700, gr\u00e2ce \u00e0 sa puissance de 700W, est un instrument polyvalent capable de traiter des volumes de quelques mL \u00e0 1L. Il est enti\u00e8rement programmable. L&#039;\u00e9nergie et la puissance d\u00e9livr\u00e9es s&#039;affichent num\u00e9riquement en Joules et en Watts pour des essais plus reproductibles.\u00a0L&#039;interface tactile simplifie la programmation et l&#039;acc\u00e8s aux fonctionnalit\u00e9s. Une sonde de temp\u00e9rature optionnelle permet d&#039;interrompre l&#039;\u00e9mission des ultra sons en fonction d&#039;un seuil de temp\u00e9rature programm\u00e9.  Le sonificateur Qsonica - Misonix Q700 dispose de nombreux accessoires : microsondes, sondes &quot;cup horn&quot; sans contact, sonde pour microplaques etc...  Les domaines d&#039;applications sont multiples : \u00e9clatements de cellules, dispersions de nanoparticules, homog\u00e9n\u00e9isations, d\u00e9sagr\u00e9gations, \u00e9mulsions etc...  T\u00e9l\u00e9charger la brochure produit : Sonificateur Q700  Visualiser l&#039;utilisation du produit : Sonificateur Q700\" \/>\n<meta property=\"og:url\" content=\"https:\/\/webdesi-gn.fr\/dev_deltalabo\/produits\/cat-produit\/homogeneiseur-sonificateur-a-ultra-sons-qsonica-misonix-q700-puissance-700w\/\" \/>\n<meta property=\"og:site_name\" content=\"DeltaLabo\" \/>\n<meta property=\"article:modified_time\" content=\"2025-11-24T12:45:06+00:00\" \/>\n<meta property=\"og:image\" content=\"https:\/\/webdesi-gn.fr\/dev_deltalabo\/wp-content\/uploads\/2024\/04\/DELTA-LABO-sonificateur-Misonix-Q700.webp\" \/>\n\t<meta property=\"og:image:width\" content=\"480\" \/>\n\t<meta property=\"og:image:height\" content=\"480\" \/>\n\t<meta property=\"og:image:type\" content=\"image\/webp\" \/>\n<meta name=\"twitter:card\" content=\"summary_large_image\" \/>\n<meta name=\"twitter:label1\" content=\"Dur\u00e9e de lecture estim\u00e9e\" \/>\n\t<meta name=\"twitter:data1\" content=\"1 minute\" \/>\n<script type=\"application\/ld+json\" class=\"yoast-schema-graph\">{\"@context\":\"https:\\\/\\\/schema.org\",\"@graph\":[{\"@type\":\"WebPage\",\"@id\":\"https:\\\/\\\/webdesi-gn.fr\\\/dev_deltalabo\\\/produits\\\/cat-produit\\\/homogeneiseur-sonificateur-a-ultra-sons-qsonica-misonix-q700-puissance-700w\\\/\",\"url\":\"https:\\\/\\\/webdesi-gn.fr\\\/dev_deltalabo\\\/produits\\\/cat-produit\\\/homogeneiseur-sonificateur-a-ultra-sons-qsonica-misonix-q700-puissance-700w\\\/\",\"name\":\"Sonificateur Qsonica Q700, puissance 700W | DeltaLabo\",\"isPartOf\":{\"@id\":\"https:\\\/\\\/webdesi-gn.fr\\\/dev_deltalabo\\\/#website\"},\"primaryImageOfPage\":{\"@id\":\"https:\\\/\\\/webdesi-gn.fr\\\/dev_deltalabo\\\/produits\\\/cat-produit\\\/homogeneiseur-sonificateur-a-ultra-sons-qsonica-misonix-q700-puissance-700w\\\/#primaryimage\"},\"image\":{\"@id\":\"https:\\\/\\\/webdesi-gn.fr\\\/dev_deltalabo\\\/produits\\\/cat-produit\\\/homogeneiseur-sonificateur-a-ultra-sons-qsonica-misonix-q700-puissance-700w\\\/#primaryimage\"},\"thumbnailUrl\":\"https:\\\/\\\/webdesi-gn.fr\\\/dev_deltalabo\\\/wp-content\\\/uploads\\\/2025\\\/11\\\/DELTA-LABO-sonificateur-Misonix-Q700.webp\",\"datePublished\":\"2024-04-15T07:31:17+00:00\",\"dateModified\":\"2025-11-24T12:45:06+00:00\",\"breadcrumb\":{\"@id\":\"https:\\\/\\\/webdesi-gn.fr\\\/dev_deltalabo\\\/produits\\\/cat-produit\\\/homogeneiseur-sonificateur-a-ultra-sons-qsonica-misonix-q700-puissance-700w\\\/#breadcrumb\"},\"inLanguage\":\"fr-FR\",\"potentialAction\":[{\"@type\":\"ReadAction\",\"target\":[\"https:\\\/\\\/webdesi-gn.fr\\\/dev_deltalabo\\\/produits\\\/cat-produit\\\/homogeneiseur-sonificateur-a-ultra-sons-qsonica-misonix-q700-puissance-700w\\\/\"]}]},{\"@type\":\"ImageObject\",\"inLanguage\":\"fr-FR\",\"@id\":\"https:\\\/\\\/webdesi-gn.fr\\\/dev_deltalabo\\\/produits\\\/cat-produit\\\/homogeneiseur-sonificateur-a-ultra-sons-qsonica-misonix-q700-puissance-700w\\\/#primaryimage\",\"url\":\"https:\\\/\\\/webdesi-gn.fr\\\/dev_deltalabo\\\/wp-content\\\/uploads\\\/2025\\\/11\\\/DELTA-LABO-sonificateur-Misonix-Q700.webp\",\"contentUrl\":\"https:\\\/\\\/webdesi-gn.fr\\\/dev_deltalabo\\\/wp-content\\\/uploads\\\/2025\\\/11\\\/DELTA-LABO-sonificateur-Misonix-Q700.webp\",\"width\":480,\"height\":480},{\"@type\":\"BreadcrumbList\",\"@id\":\"https:\\\/\\\/webdesi-gn.fr\\\/dev_deltalabo\\\/produits\\\/cat-produit\\\/homogeneiseur-sonificateur-a-ultra-sons-qsonica-misonix-q700-puissance-700w\\\/#breadcrumb\",\"itemListElement\":[{\"@type\":\"ListItem\",\"position\":1,\"name\":\"Accueil\",\"item\":\"https:\\\/\\\/webdesi-gn.fr\\\/dev_deltalabo\\\/\"},{\"@type\":\"ListItem\",\"position\":2,\"name\":\"Produits\",\"item\":\"https:\\\/\\\/webdesi-gn.fr\\\/dev_deltalabo\\\/produits\\\/\"},{\"@type\":\"ListItem\",\"position\":3,\"name\":\"Sonificateur Qsonica Q700, puissance 700W\"}]},{\"@type\":\"WebSite\",\"@id\":\"https:\\\/\\\/webdesi-gn.fr\\\/dev_deltalabo\\\/#website\",\"url\":\"https:\\\/\\\/webdesi-gn.fr\\\/dev_deltalabo\\\/\",\"name\":\"Delta Labo\",\"description\":\"Un site utilisant WordPress\",\"publisher\":{\"@id\":\"https:\\\/\\\/webdesi-gn.fr\\\/dev_deltalabo\\\/#organization\"},\"alternateName\":\"Delta Labo\",\"potentialAction\":[{\"@type\":\"SearchAction\",\"target\":{\"@type\":\"EntryPoint\",\"urlTemplate\":\"https:\\\/\\\/webdesi-gn.fr\\\/dev_deltalabo\\\/?s={search_term_string}\"},\"query-input\":{\"@type\":\"PropertyValueSpecification\",\"valueRequired\":true,\"valueName\":\"search_term_string\"}}],\"inLanguage\":\"fr-FR\"},{\"@type\":\"Organization\",\"@id\":\"https:\\\/\\\/webdesi-gn.fr\\\/dev_deltalabo\\\/#organization\",\"name\":\"DeltaLabo\",\"url\":\"https:\\\/\\\/webdesi-gn.fr\\\/dev_deltalabo\\\/\",\"logo\":{\"@type\":\"ImageObject\",\"inLanguage\":\"fr-FR\",\"@id\":\"https:\\\/\\\/webdesi-gn.fr\\\/dev_deltalabo\\\/#\\\/schema\\\/logo\\\/image\\\/\",\"url\":\"https:\\\/\\\/webdesi-gn.fr\\\/dev_deltalabo\\\/wp-content\\\/uploads\\\/2022\\\/07\\\/logo-deltalabo.png\",\"contentUrl\":\"https:\\\/\\\/webdesi-gn.fr\\\/dev_deltalabo\\\/wp-content\\\/uploads\\\/2022\\\/07\\\/logo-deltalabo.png\",\"width\":694,\"height\":306,\"caption\":\"DeltaLabo\"},\"image\":{\"@id\":\"https:\\\/\\\/webdesi-gn.fr\\\/dev_deltalabo\\\/#\\\/schema\\\/logo\\\/image\\\/\"}}]}<\/script>\n<!-- \/ Yoast SEO plugin. -->","yoast_head_json":{"title":"Sonificateur Qsonica Q700, puissance 700W | DeltaLabo","robots":{"index":"noindex","follow":"follow","max-snippet":"max-snippet:-1","max-image-preview":"max-image-preview:large","max-video-preview":"max-video-preview:-1"},"og_locale":"fr_FR","og_type":"article","og_title":"Sonificateur Qsonica Q700, puissance 700W | DeltaLabo","og_description":"Sonificateur Qsonica Q700, puissance 700W :  Le sonificateur Qsonica Q700, gr\u00e2ce \u00e0 sa puissance de 700W, est un instrument polyvalent capable de traiter des volumes de quelques mL \u00e0 1L. Il est enti\u00e8rement programmable. L'\u00e9nergie et la puissance d\u00e9livr\u00e9es s'affichent num\u00e9riquement en Joules et en Watts pour des essais plus reproductibles.\u00a0L'interface tactile simplifie la programmation et l'acc\u00e8s aux fonctionnalit\u00e9s. Une sonde de temp\u00e9rature optionnelle permet d'interrompre l'\u00e9mission des ultra sons en fonction d'un seuil de temp\u00e9rature programm\u00e9.  Le sonificateur Qsonica - Misonix Q700 dispose de nombreux accessoires : microsondes, sondes \"cup horn\" sans contact, sonde pour microplaques etc...  Les domaines d'applications sont multiples : \u00e9clatements de cellules, dispersions de nanoparticules, homog\u00e9n\u00e9isations, d\u00e9sagr\u00e9gations, \u00e9mulsions etc...  T\u00e9l\u00e9charger la brochure produit : Sonificateur Q700  Visualiser l'utilisation du produit : Sonificateur Q700","og_url":"https:\/\/webdesi-gn.fr\/dev_deltalabo\/produits\/cat-produit\/homogeneiseur-sonificateur-a-ultra-sons-qsonica-misonix-q700-puissance-700w\/","og_site_name":"DeltaLabo","article_modified_time":"2025-11-24T12:45:06+00:00","og_image":[{"width":480,"height":480,"url":"https:\/\/webdesi-gn.fr\/dev_deltalabo\/wp-content\/uploads\/2024\/04\/DELTA-LABO-sonificateur-Misonix-Q700.webp","type":"image\/webp"}],"twitter_card":"summary_large_image","twitter_misc":{"Dur\u00e9e de lecture estim\u00e9e":"1 minute"},"schema":{"@context":"https:\/\/schema.org","@graph":[{"@type":"WebPage","@id":"https:\/\/webdesi-gn.fr\/dev_deltalabo\/produits\/cat-produit\/homogeneiseur-sonificateur-a-ultra-sons-qsonica-misonix-q700-puissance-700w\/","url":"https:\/\/webdesi-gn.fr\/dev_deltalabo\/produits\/cat-produit\/homogeneiseur-sonificateur-a-ultra-sons-qsonica-misonix-q700-puissance-700w\/","name":"Sonificateur Qsonica Q700, puissance 700W | DeltaLabo","isPartOf":{"@id":"https:\/\/webdesi-gn.fr\/dev_deltalabo\/#website"},"primaryImageOfPage":{"@id":"https:\/\/webdesi-gn.fr\/dev_deltalabo\/produits\/cat-produit\/homogeneiseur-sonificateur-a-ultra-sons-qsonica-misonix-q700-puissance-700w\/#primaryimage"},"image":{"@id":"https:\/\/webdesi-gn.fr\/dev_deltalabo\/produits\/cat-produit\/homogeneiseur-sonificateur-a-ultra-sons-qsonica-misonix-q700-puissance-700w\/#primaryimage"},"thumbnailUrl":"https:\/\/webdesi-gn.fr\/dev_deltalabo\/wp-content\/uploads\/2025\/11\/DELTA-LABO-sonificateur-Misonix-Q700.webp","datePublished":"2024-04-15T07:31:17+00:00","dateModified":"2025-11-24T12:45:06+00:00","breadcrumb":{"@id":"https:\/\/webdesi-gn.fr\/dev_deltalabo\/produits\/cat-produit\/homogeneiseur-sonificateur-a-ultra-sons-qsonica-misonix-q700-puissance-700w\/#breadcrumb"},"inLanguage":"fr-FR","potentialAction":[{"@type":"ReadAction","target":["https:\/\/webdesi-gn.fr\/dev_deltalabo\/produits\/cat-produit\/homogeneiseur-sonificateur-a-ultra-sons-qsonica-misonix-q700-puissance-700w\/"]}]},{"@type":"ImageObject","inLanguage":"fr-FR","@id":"https:\/\/webdesi-gn.fr\/dev_deltalabo\/produits\/cat-produit\/homogeneiseur-sonificateur-a-ultra-sons-qsonica-misonix-q700-puissance-700w\/#primaryimage","url":"https:\/\/webdesi-gn.fr\/dev_deltalabo\/wp-content\/uploads\/2025\/11\/DELTA-LABO-sonificateur-Misonix-Q700.webp","contentUrl":"https:\/\/webdesi-gn.fr\/dev_deltalabo\/wp-content\/uploads\/2025\/11\/DELTA-LABO-sonificateur-Misonix-Q700.webp","width":480,"height":480},{"@type":"BreadcrumbList","@id":"https:\/\/webdesi-gn.fr\/dev_deltalabo\/produits\/cat-produit\/homogeneiseur-sonificateur-a-ultra-sons-qsonica-misonix-q700-puissance-700w\/#breadcrumb","itemListElement":[{"@type":"ListItem","position":1,"name":"Accueil","item":"https:\/\/webdesi-gn.fr\/dev_deltalabo\/"},{"@type":"ListItem","position":2,"name":"Produits","item":"https:\/\/webdesi-gn.fr\/dev_deltalabo\/produits\/"},{"@type":"ListItem","position":3,"name":"Sonificateur Qsonica Q700, puissance 700W"}]},{"@type":"WebSite","@id":"https:\/\/webdesi-gn.fr\/dev_deltalabo\/#website","url":"https:\/\/webdesi-gn.fr\/dev_deltalabo\/","name":"Delta Labo","description":"Un site utilisant WordPress","publisher":{"@id":"https:\/\/webdesi-gn.fr\/dev_deltalabo\/#organization"},"alternateName":"Delta Labo","potentialAction":[{"@type":"SearchAction","target":{"@type":"EntryPoint","urlTemplate":"https:\/\/webdesi-gn.fr\/dev_deltalabo\/?s={search_term_string}"},"query-input":{"@type":"PropertyValueSpecification","valueRequired":true,"valueName":"search_term_string"}}],"inLanguage":"fr-FR"},{"@type":"Organization","@id":"https:\/\/webdesi-gn.fr\/dev_deltalabo\/#organization","name":"DeltaLabo","url":"https:\/\/webdesi-gn.fr\/dev_deltalabo\/","logo":{"@type":"ImageObject","inLanguage":"fr-FR","@id":"https:\/\/webdesi-gn.fr\/dev_deltalabo\/#\/schema\/logo\/image\/","url":"https:\/\/webdesi-gn.fr\/dev_deltalabo\/wp-content\/uploads\/2022\/07\/logo-deltalabo.png","contentUrl":"https:\/\/webdesi-gn.fr\/dev_deltalabo\/wp-content\/uploads\/2022\/07\/logo-deltalabo.png","width":694,"height":306,"caption":"DeltaLabo"},"image":{"@id":"https:\/\/webdesi-gn.fr\/dev_deltalabo\/#\/schema\/logo\/image\/"}}]}},"_links":{"self":[{"href":"https:\/\/webdesi-gn.fr\/dev_deltalabo\/wp-json\/wp\/v2\/product\/256498","targetHints":{"allow":["GET"]}}],"collection":[{"href":"https:\/\/webdesi-gn.fr\/dev_deltalabo\/wp-json\/wp\/v2\/product"}],"about":[{"href":"https:\/\/webdesi-gn.fr\/dev_deltalabo\/wp-json\/wp\/v2\/types\/product"}],"wp:featuredmedia":[{"embeddable":true,"href":"https:\/\/webdesi-gn.fr\/dev_deltalabo\/wp-json\/wp\/v2\/media\/262094"}],"wp:attachment":[{"href":"https:\/\/webdesi-gn.fr\/dev_deltalabo\/wp-json\/wp\/v2\/media?parent=256498"}],"wp:term":[{"taxonomy":"domaine","embeddable":true,"href":"https:\/\/webdesi-gn.fr\/dev_deltalabo\/wp-json\/wp\/v2\/domaine?post=256498"},{"taxonomy":"normes","embeddable":true,"href":"https:\/\/webdesi-gn.fr\/dev_deltalabo\/wp-json\/wp\/v2\/normes?post=256498"},{"taxonomy":"product_brand","embeddable":true,"href":"https:\/\/webdesi-gn.fr\/dev_deltalabo\/wp-json\/wp\/v2\/product_brand?post=256498"},{"taxonomy":"product_cat","embeddable":true,"href":"https:\/\/webdesi-gn.fr\/dev_deltalabo\/wp-json\/wp\/v2\/product_cat?post=256498"},{"taxonomy":"product_tag","embeddable":true,"href":"https:\/\/webdesi-gn.fr\/dev_deltalabo\/wp-json\/wp\/v2\/product_tag?post=256498"}],"curies":[{"name":"wp","href":"https:\/\/api.w.org\/{rel}","templated":true}]}}