{"id":256508,"date":"2024-04-15T09:46:17","date_gmt":"2024-04-15T07:46:17","guid":{"rendered":"https:\/\/webdesi-gn.fr\/dev_deltalabo\/?post_type=product&#038;p=256508"},"modified":"2025-11-24T13:44:47","modified_gmt":"2025-11-24T12:44:47","slug":"sonificateur-qsonica-misonix-q125-puissance-125w","status":"publish","type":"product","link":"https:\/\/webdesi-gn.fr\/dev_deltalabo\/produits\/categories\/sonificateur-qsonica-misonix-q125-puissance-125w\/","title":{"rendered":"Sonificateur Qsonica Q125, puissance 125W"},"content":{"rendered":"","protected":false},"excerpt":{"rendered":"<p><strong>Sonificateur Qsonica Q125, puissance 125W :<\/strong><\/p>\n<p>Le sonificateur Qsonica Q125 est un instrument de routine d\u00e9di\u00e9 aux sonifications d&rsquo;\u00e9chantillons de faibles volumes. Sa puissance limit\u00e9e \u00e0 125W lui permet de traiter des volumes de quelques mL jusqu&rsquo;\u00e0 50mL. Il dispose \u00e9galement d&rsquo;accessoires compl\u00e9mentaires : microsonde multiple, sonde \u00ab\u00a0cup horn\u00a0\u00bb sans contact etc&#8230;<\/p>\n<p>Les domaines d&rsquo;applications sont multiples : \u00e9clatements de cellules, dispersions de nanoparticules, homog\u00e9n\u00e9isations, d\u00e9sagr\u00e9gations, \u00e9mulsions etc&#8230;<\/p>\n<p><strong>T\u00e9l\u00e9charger la brochure produit :<\/strong> <a href=\"https:\/\/www.deltalabo.fr\/wp-content\/uploads\/2025\/04\/Sonicator-Catalog-2024-eng-DL.pdf\">Sonificateur Q125<\/a><\/p>\n<p><strong>Visionner l\u2019utilisation du produit :<\/strong>\u00a0<a href=\"https:\/\/youtu.be\/19AZz4eN8C8\">Sonificateur Q125<\/a><\/p>\n<p>&nbsp;<\/p>\n<p><strong>Atomiseur \u00e0 ultrasons Qsonica QA40 :<\/strong><br \/>\nL&rsquo;atomiseur ultrasonique Qsonica QA40 est un sonificateur sp\u00e9cial fonctionnant \u00e0 40kHz. Coupl\u00e9 \u00e0 une pompe d&rsquo;alimentation, il g\u00e9n\u00e8re un spray (ou une brumisation) sur des surfaces tr\u00e8s localis\u00e9es \u00e0 raison de 2\u00b5L par seconde.<\/p>\n<p>Les domaines d&rsquo;applications sont multiples : traitement de circuits imprim\u00e9s, r\u00e9alisations de films, micro couches etc&#8230;<\/p>\n<p><strong>T\u00e9l\u00e9charger la brochure produit :<\/strong> <a href=\"https:\/\/www.deltalabo.fr\/wp-content\/uploads\/2025\/04\/Doc-QA40-engl-DL-2021.pdf\">Atomiseur \u00e0 ultrasons QA40<\/a><\/p>\n","protected":false},"featured_media":262089,"template":"","meta":{"_acf_changed":false,"site-sidebar-layout":"default","site-content-layout":"","ast-site-content-layout":"default","site-content-style":"default","site-sidebar-style":"default","ast-global-header-display":"","ast-banner-title-visibility":"","ast-main-header-display":"","ast-hfb-above-header-display":"","ast-hfb-below-header-display":"","ast-hfb-mobile-header-display":"","site-post-title":"","ast-breadcrumbs-content":"","ast-featured-img":"","footer-sml-layout":"","ast-disable-related-posts":"","theme-transparent-header-meta":"","adv-header-id-meta":"","stick-header-meta":"","header-above-stick-meta":"","header-main-stick-meta":"","header-below-stick-meta":"","astra-migrate-meta-layouts":"default","ast-page-background-enabled":"default","ast-page-background-meta":{"desktop":{"background-color":"var(--ast-global-color-5)","background-image":"","background-repeat":"repeat","background-position":"center center","background-size":"auto","background-attachment":"scroll","background-type":"","background-media":"","overlay-type":"","overlay-color":"","overlay-opacity":"","overlay-gradient":""},"tablet":{"background-color":"","background-image":"","background-repeat":"repeat","background-position":"center center","background-size":"auto","background-attachment":"scroll","background-type":"","background-media":"","overlay-type":"","overlay-color":"","overlay-opacity":"","overlay-gradient":""},"mobile":{"background-color":"","background-image":"","background-repeat":"repeat","background-position":"center center","background-size":"auto","background-attachment":"scroll","background-type":"","background-media":"","overlay-type":"","overlay-color":"","overlay-opacity":"","overlay-gradient":""}},"ast-content-background-meta":{"desktop":{"background-color":"var(--ast-global-color-4)","background-image":"","background-repeat":"repeat","background-position":"center center","background-size":"auto","background-attachment":"scroll","background-type":"","background-media":"","overlay-type":"","overlay-color":"","overlay-opacity":"","overlay-gradient":""},"tablet":{"background-color":"var(--ast-global-color-4)","background-image":"","background-repeat":"repeat","background-position":"center center","background-size":"auto","background-attachment":"scroll","background-type":"","background-media":"","overlay-type":"","overlay-color":"","overlay-opacity":"","overlay-gradient":""},"mobile":{"background-color":"var(--ast-global-color-4)","background-image":"","background-repeat":"repeat","background-position":"center center","background-size":"auto","background-attachment":"scroll","background-type":"","background-media":"","overlay-type":"","overlay-color":"","overlay-opacity":"","overlay-gradient":""}}},"domaine":[],"normes":[17135],"product_brand":[],"product_cat":[17240],"product_tag":[],"class_list":{"0":"post-256508","1":"product","2":"type-product","3":"status-publish","4":"has-post-thumbnail","6":"normes-din-51562","7":"product_cat-categories","8":"desktop-align-left","9":"tablet-align-left","10":"mobile-align-left","12":"first","13":"instock","14":"shipping-taxable","15":"product-type-simple"},"acf":[],"yoast_head":"<!-- This site is optimized with the Yoast SEO plugin v27.4 - https:\/\/yoast.com\/product\/yoast-seo-wordpress\/ -->\n<title>Sonificateur Qsonica Q125, puissance 125W | DeltaLabo<\/title>\n<meta name=\"robots\" content=\"noindex, follow, max-snippet:-1, max-image-preview:large, max-video-preview:-1\" \/>\n<meta property=\"og:locale\" content=\"fr_FR\" \/>\n<meta property=\"og:type\" content=\"article\" \/>\n<meta property=\"og:title\" content=\"Sonificateur Qsonica Q125, puissance 125W | DeltaLabo\" \/>\n<meta property=\"og:description\" content=\"Sonificateur Qsonica Q125, puissance 125W :  Le sonificateur Qsonica Q125 est un instrument de routine d\u00e9di\u00e9 aux sonifications d&#039;\u00e9chantillons de faibles volumes. Sa puissance limit\u00e9e \u00e0 125W lui permet de traiter des volumes de quelques mL jusqu&#039;\u00e0 50mL. Il dispose \u00e9galement d&#039;accessoires compl\u00e9mentaires : microsonde multiple, sonde &quot;cup horn&quot; sans contact etc...  Les domaines d&#039;applications sont multiples : \u00e9clatements de cellules, dispersions de nanoparticules, homog\u00e9n\u00e9isations, d\u00e9sagr\u00e9gations, \u00e9mulsions etc...  T\u00e9l\u00e9charger la brochure produit : Sonificateur Q125  Visionner l\u2019utilisation du produit :\u00a0Sonificateur Q125  &nbsp;  Atomiseur \u00e0 ultrasons Qsonica QA40 : L&#039;atomiseur ultrasonique Qsonica QA40 est un sonificateur sp\u00e9cial fonctionnant \u00e0 40kHz. Coupl\u00e9 \u00e0 une pompe d&#039;alimentation, il g\u00e9n\u00e8re un spray (ou une brumisation) sur des surfaces tr\u00e8s localis\u00e9es \u00e0 raison de 2\u00b5L par seconde.  Les domaines d&#039;applications sont multiples : traitement de circuits imprim\u00e9s, r\u00e9alisations de films, micro couches etc...  T\u00e9l\u00e9charger la brochure produit : Atomiseur \u00e0 ultrasons QA40\" \/>\n<meta property=\"og:url\" content=\"https:\/\/webdesi-gn.fr\/dev_deltalabo\/produits\/cat-produit\/sonificateur-qsonica-misonix-q125-puissance-125w\/\" \/>\n<meta property=\"og:site_name\" content=\"DeltaLabo\" \/>\n<meta property=\"article:modified_time\" content=\"2025-11-24T12:44:47+00:00\" \/>\n<meta property=\"og:image\" content=\"https:\/\/webdesi-gn.fr\/dev_deltalabo\/wp-content\/uploads\/2024\/04\/DELTA-LABO-sonificateur-Misonix-Q125.webp\" \/>\n\t<meta property=\"og:image:width\" content=\"480\" \/>\n\t<meta property=\"og:image:height\" content=\"480\" \/>\n\t<meta property=\"og:image:type\" content=\"image\/webp\" \/>\n<meta name=\"twitter:card\" content=\"summary_large_image\" \/>\n<meta name=\"twitter:label1\" content=\"Dur\u00e9e de lecture estim\u00e9e\" \/>\n\t<meta name=\"twitter:data1\" content=\"1 minute\" \/>\n<script type=\"application\/ld+json\" class=\"yoast-schema-graph\">{\"@context\":\"https:\\\/\\\/schema.org\",\"@graph\":[{\"@type\":\"WebPage\",\"@id\":\"https:\\\/\\\/webdesi-gn.fr\\\/dev_deltalabo\\\/produits\\\/cat-produit\\\/sonificateur-qsonica-misonix-q125-puissance-125w\\\/\",\"url\":\"https:\\\/\\\/webdesi-gn.fr\\\/dev_deltalabo\\\/produits\\\/cat-produit\\\/sonificateur-qsonica-misonix-q125-puissance-125w\\\/\",\"name\":\"Sonificateur Qsonica Q125, puissance 125W | DeltaLabo\",\"isPartOf\":{\"@id\":\"https:\\\/\\\/webdesi-gn.fr\\\/dev_deltalabo\\\/#website\"},\"primaryImageOfPage\":{\"@id\":\"https:\\\/\\\/webdesi-gn.fr\\\/dev_deltalabo\\\/produits\\\/cat-produit\\\/sonificateur-qsonica-misonix-q125-puissance-125w\\\/#primaryimage\"},\"image\":{\"@id\":\"https:\\\/\\\/webdesi-gn.fr\\\/dev_deltalabo\\\/produits\\\/cat-produit\\\/sonificateur-qsonica-misonix-q125-puissance-125w\\\/#primaryimage\"},\"thumbnailUrl\":\"https:\\\/\\\/webdesi-gn.fr\\\/dev_deltalabo\\\/wp-content\\\/uploads\\\/2025\\\/11\\\/DELTA-LABO-sonificateur-Misonix-Q125.webp\",\"datePublished\":\"2024-04-15T07:46:17+00:00\",\"dateModified\":\"2025-11-24T12:44:47+00:00\",\"breadcrumb\":{\"@id\":\"https:\\\/\\\/webdesi-gn.fr\\\/dev_deltalabo\\\/produits\\\/cat-produit\\\/sonificateur-qsonica-misonix-q125-puissance-125w\\\/#breadcrumb\"},\"inLanguage\":\"fr-FR\",\"potentialAction\":[{\"@type\":\"ReadAction\",\"target\":[\"https:\\\/\\\/webdesi-gn.fr\\\/dev_deltalabo\\\/produits\\\/cat-produit\\\/sonificateur-qsonica-misonix-q125-puissance-125w\\\/\"]}]},{\"@type\":\"ImageObject\",\"inLanguage\":\"fr-FR\",\"@id\":\"https:\\\/\\\/webdesi-gn.fr\\\/dev_deltalabo\\\/produits\\\/cat-produit\\\/sonificateur-qsonica-misonix-q125-puissance-125w\\\/#primaryimage\",\"url\":\"https:\\\/\\\/webdesi-gn.fr\\\/dev_deltalabo\\\/wp-content\\\/uploads\\\/2025\\\/11\\\/DELTA-LABO-sonificateur-Misonix-Q125.webp\",\"contentUrl\":\"https:\\\/\\\/webdesi-gn.fr\\\/dev_deltalabo\\\/wp-content\\\/uploads\\\/2025\\\/11\\\/DELTA-LABO-sonificateur-Misonix-Q125.webp\",\"width\":480,\"height\":480},{\"@type\":\"BreadcrumbList\",\"@id\":\"https:\\\/\\\/webdesi-gn.fr\\\/dev_deltalabo\\\/produits\\\/cat-produit\\\/sonificateur-qsonica-misonix-q125-puissance-125w\\\/#breadcrumb\",\"itemListElement\":[{\"@type\":\"ListItem\",\"position\":1,\"name\":\"Accueil\",\"item\":\"https:\\\/\\\/webdesi-gn.fr\\\/dev_deltalabo\\\/\"},{\"@type\":\"ListItem\",\"position\":2,\"name\":\"Produits\",\"item\":\"https:\\\/\\\/webdesi-gn.fr\\\/dev_deltalabo\\\/produits\\\/\"},{\"@type\":\"ListItem\",\"position\":3,\"name\":\"Sonificateur Qsonica Q125, puissance 125W\"}]},{\"@type\":\"WebSite\",\"@id\":\"https:\\\/\\\/webdesi-gn.fr\\\/dev_deltalabo\\\/#website\",\"url\":\"https:\\\/\\\/webdesi-gn.fr\\\/dev_deltalabo\\\/\",\"name\":\"Delta Labo\",\"description\":\"Un site utilisant WordPress\",\"publisher\":{\"@id\":\"https:\\\/\\\/webdesi-gn.fr\\\/dev_deltalabo\\\/#organization\"},\"alternateName\":\"Delta Labo\",\"potentialAction\":[{\"@type\":\"SearchAction\",\"target\":{\"@type\":\"EntryPoint\",\"urlTemplate\":\"https:\\\/\\\/webdesi-gn.fr\\\/dev_deltalabo\\\/?s={search_term_string}\"},\"query-input\":{\"@type\":\"PropertyValueSpecification\",\"valueRequired\":true,\"valueName\":\"search_term_string\"}}],\"inLanguage\":\"fr-FR\"},{\"@type\":\"Organization\",\"@id\":\"https:\\\/\\\/webdesi-gn.fr\\\/dev_deltalabo\\\/#organization\",\"name\":\"DeltaLabo\",\"url\":\"https:\\\/\\\/webdesi-gn.fr\\\/dev_deltalabo\\\/\",\"logo\":{\"@type\":\"ImageObject\",\"inLanguage\":\"fr-FR\",\"@id\":\"https:\\\/\\\/webdesi-gn.fr\\\/dev_deltalabo\\\/#\\\/schema\\\/logo\\\/image\\\/\",\"url\":\"https:\\\/\\\/webdesi-gn.fr\\\/dev_deltalabo\\\/wp-content\\\/uploads\\\/2022\\\/07\\\/logo-deltalabo.png\",\"contentUrl\":\"https:\\\/\\\/webdesi-gn.fr\\\/dev_deltalabo\\\/wp-content\\\/uploads\\\/2022\\\/07\\\/logo-deltalabo.png\",\"width\":694,\"height\":306,\"caption\":\"DeltaLabo\"},\"image\":{\"@id\":\"https:\\\/\\\/webdesi-gn.fr\\\/dev_deltalabo\\\/#\\\/schema\\\/logo\\\/image\\\/\"}}]}<\/script>\n<!-- \/ Yoast SEO plugin. -->","yoast_head_json":{"title":"Sonificateur Qsonica Q125, puissance 125W | DeltaLabo","robots":{"index":"noindex","follow":"follow","max-snippet":"max-snippet:-1","max-image-preview":"max-image-preview:large","max-video-preview":"max-video-preview:-1"},"og_locale":"fr_FR","og_type":"article","og_title":"Sonificateur Qsonica Q125, puissance 125W | DeltaLabo","og_description":"Sonificateur Qsonica Q125, puissance 125W :  Le sonificateur Qsonica Q125 est un instrument de routine d\u00e9di\u00e9 aux sonifications d'\u00e9chantillons de faibles volumes. Sa puissance limit\u00e9e \u00e0 125W lui permet de traiter des volumes de quelques mL jusqu'\u00e0 50mL. Il dispose \u00e9galement d'accessoires compl\u00e9mentaires : microsonde multiple, sonde \"cup horn\" sans contact etc...  Les domaines d'applications sont multiples : \u00e9clatements de cellules, dispersions de nanoparticules, homog\u00e9n\u00e9isations, d\u00e9sagr\u00e9gations, \u00e9mulsions etc...  T\u00e9l\u00e9charger la brochure produit : Sonificateur Q125  Visionner l\u2019utilisation du produit :\u00a0Sonificateur Q125  &nbsp;  Atomiseur \u00e0 ultrasons Qsonica QA40 : L'atomiseur ultrasonique Qsonica QA40 est un sonificateur sp\u00e9cial fonctionnant \u00e0 40kHz. Coupl\u00e9 \u00e0 une pompe d'alimentation, il g\u00e9n\u00e8re un spray (ou une brumisation) sur des surfaces tr\u00e8s localis\u00e9es \u00e0 raison de 2\u00b5L par seconde.  Les domaines d'applications sont multiples : traitement de circuits imprim\u00e9s, r\u00e9alisations de films, micro couches etc...  T\u00e9l\u00e9charger la brochure produit : Atomiseur \u00e0 ultrasons QA40","og_url":"https:\/\/webdesi-gn.fr\/dev_deltalabo\/produits\/cat-produit\/sonificateur-qsonica-misonix-q125-puissance-125w\/","og_site_name":"DeltaLabo","article_modified_time":"2025-11-24T12:44:47+00:00","og_image":[{"width":480,"height":480,"url":"https:\/\/webdesi-gn.fr\/dev_deltalabo\/wp-content\/uploads\/2024\/04\/DELTA-LABO-sonificateur-Misonix-Q125.webp","type":"image\/webp"}],"twitter_card":"summary_large_image","twitter_misc":{"Dur\u00e9e de lecture estim\u00e9e":"1 minute"},"schema":{"@context":"https:\/\/schema.org","@graph":[{"@type":"WebPage","@id":"https:\/\/webdesi-gn.fr\/dev_deltalabo\/produits\/cat-produit\/sonificateur-qsonica-misonix-q125-puissance-125w\/","url":"https:\/\/webdesi-gn.fr\/dev_deltalabo\/produits\/cat-produit\/sonificateur-qsonica-misonix-q125-puissance-125w\/","name":"Sonificateur Qsonica Q125, puissance 125W | DeltaLabo","isPartOf":{"@id":"https:\/\/webdesi-gn.fr\/dev_deltalabo\/#website"},"primaryImageOfPage":{"@id":"https:\/\/webdesi-gn.fr\/dev_deltalabo\/produits\/cat-produit\/sonificateur-qsonica-misonix-q125-puissance-125w\/#primaryimage"},"image":{"@id":"https:\/\/webdesi-gn.fr\/dev_deltalabo\/produits\/cat-produit\/sonificateur-qsonica-misonix-q125-puissance-125w\/#primaryimage"},"thumbnailUrl":"https:\/\/webdesi-gn.fr\/dev_deltalabo\/wp-content\/uploads\/2025\/11\/DELTA-LABO-sonificateur-Misonix-Q125.webp","datePublished":"2024-04-15T07:46:17+00:00","dateModified":"2025-11-24T12:44:47+00:00","breadcrumb":{"@id":"https:\/\/webdesi-gn.fr\/dev_deltalabo\/produits\/cat-produit\/sonificateur-qsonica-misonix-q125-puissance-125w\/#breadcrumb"},"inLanguage":"fr-FR","potentialAction":[{"@type":"ReadAction","target":["https:\/\/webdesi-gn.fr\/dev_deltalabo\/produits\/cat-produit\/sonificateur-qsonica-misonix-q125-puissance-125w\/"]}]},{"@type":"ImageObject","inLanguage":"fr-FR","@id":"https:\/\/webdesi-gn.fr\/dev_deltalabo\/produits\/cat-produit\/sonificateur-qsonica-misonix-q125-puissance-125w\/#primaryimage","url":"https:\/\/webdesi-gn.fr\/dev_deltalabo\/wp-content\/uploads\/2025\/11\/DELTA-LABO-sonificateur-Misonix-Q125.webp","contentUrl":"https:\/\/webdesi-gn.fr\/dev_deltalabo\/wp-content\/uploads\/2025\/11\/DELTA-LABO-sonificateur-Misonix-Q125.webp","width":480,"height":480},{"@type":"BreadcrumbList","@id":"https:\/\/webdesi-gn.fr\/dev_deltalabo\/produits\/cat-produit\/sonificateur-qsonica-misonix-q125-puissance-125w\/#breadcrumb","itemListElement":[{"@type":"ListItem","position":1,"name":"Accueil","item":"https:\/\/webdesi-gn.fr\/dev_deltalabo\/"},{"@type":"ListItem","position":2,"name":"Produits","item":"https:\/\/webdesi-gn.fr\/dev_deltalabo\/produits\/"},{"@type":"ListItem","position":3,"name":"Sonificateur Qsonica Q125, puissance 125W"}]},{"@type":"WebSite","@id":"https:\/\/webdesi-gn.fr\/dev_deltalabo\/#website","url":"https:\/\/webdesi-gn.fr\/dev_deltalabo\/","name":"Delta Labo","description":"Un site utilisant WordPress","publisher":{"@id":"https:\/\/webdesi-gn.fr\/dev_deltalabo\/#organization"},"alternateName":"Delta Labo","potentialAction":[{"@type":"SearchAction","target":{"@type":"EntryPoint","urlTemplate":"https:\/\/webdesi-gn.fr\/dev_deltalabo\/?s={search_term_string}"},"query-input":{"@type":"PropertyValueSpecification","valueRequired":true,"valueName":"search_term_string"}}],"inLanguage":"fr-FR"},{"@type":"Organization","@id":"https:\/\/webdesi-gn.fr\/dev_deltalabo\/#organization","name":"DeltaLabo","url":"https:\/\/webdesi-gn.fr\/dev_deltalabo\/","logo":{"@type":"ImageObject","inLanguage":"fr-FR","@id":"https:\/\/webdesi-gn.fr\/dev_deltalabo\/#\/schema\/logo\/image\/","url":"https:\/\/webdesi-gn.fr\/dev_deltalabo\/wp-content\/uploads\/2022\/07\/logo-deltalabo.png","contentUrl":"https:\/\/webdesi-gn.fr\/dev_deltalabo\/wp-content\/uploads\/2022\/07\/logo-deltalabo.png","width":694,"height":306,"caption":"DeltaLabo"},"image":{"@id":"https:\/\/webdesi-gn.fr\/dev_deltalabo\/#\/schema\/logo\/image\/"}}]}},"_links":{"self":[{"href":"https:\/\/webdesi-gn.fr\/dev_deltalabo\/wp-json\/wp\/v2\/product\/256508","targetHints":{"allow":["GET"]}}],"collection":[{"href":"https:\/\/webdesi-gn.fr\/dev_deltalabo\/wp-json\/wp\/v2\/product"}],"about":[{"href":"https:\/\/webdesi-gn.fr\/dev_deltalabo\/wp-json\/wp\/v2\/types\/product"}],"wp:featuredmedia":[{"embeddable":true,"href":"https:\/\/webdesi-gn.fr\/dev_deltalabo\/wp-json\/wp\/v2\/media\/262089"}],"wp:attachment":[{"href":"https:\/\/webdesi-gn.fr\/dev_deltalabo\/wp-json\/wp\/v2\/media?parent=256508"}],"wp:term":[{"taxonomy":"domaine","embeddable":true,"href":"https:\/\/webdesi-gn.fr\/dev_deltalabo\/wp-json\/wp\/v2\/domaine?post=256508"},{"taxonomy":"normes","embeddable":true,"href":"https:\/\/webdesi-gn.fr\/dev_deltalabo\/wp-json\/wp\/v2\/normes?post=256508"},{"taxonomy":"product_brand","embeddable":true,"href":"https:\/\/webdesi-gn.fr\/dev_deltalabo\/wp-json\/wp\/v2\/product_brand?post=256508"},{"taxonomy":"product_cat","embeddable":true,"href":"https:\/\/webdesi-gn.fr\/dev_deltalabo\/wp-json\/wp\/v2\/product_cat?post=256508"},{"taxonomy":"product_tag","embeddable":true,"href":"https:\/\/webdesi-gn.fr\/dev_deltalabo\/wp-json\/wp\/v2\/product_tag?post=256508"}],"curies":[{"name":"wp","href":"https:\/\/api.w.org\/{rel}","templated":true}]}}