{"id":256528,"date":"2024-04-15T10:17:58","date_gmt":"2024-04-15T08:17:58","guid":{"rendered":"https:\/\/webdesi-gn.fr\/dev_deltalabo\/?post_type=product&#038;p=256528"},"modified":"2025-04-02T13:51:54","modified_gmt":"2025-04-02T11:51:54","slug":"sonde-indirecte-pour-sonificateur-q500-q700","status":"publish","type":"product","link":"https:\/\/webdesi-gn.fr\/dev_deltalabo\/produits\/biotechnologies\/sonde-indirecte-pour-sonificateur-q500-q700\/","title":{"rendered":"Sonde indirecte pour sonificateur Q500\/Q700"},"content":{"rendered":"","protected":false},"excerpt":{"rendered":"<p>Sonde \u00e0 ultra sons indirecte \u00ab\u00a0cup horn\u00a0\u00bb 431 C2 pour sonificateurs Q500\/Q700 : la sonde 431C2 est pr\u00e9vue pour traiter plusieurs \u00e9chantillons en tubes de mani\u00e8re indirecte. La sonde \u00ab\u00a0cup horn\u00a0\u00bb est en position renvers\u00e9e, les ultra sons se propagent \u00e0 travers de l&rsquo;eau et vont traiter les \u00e9chantillons conditionn\u00e9s en micro tubes. Il est ainsi possible de traiter plusieurs \u00e9chantillons en tubes ferm\u00e9s de mani\u00e8re \u00e0 \u00e9viter toute contamination crois\u00e9e. Il est possible de raccorder la chambre de la sonde cup horn \u00e0 une circulation d&rsquo;eau pour \u00e9viter l&rsquo;\u00e9chauffement. Diff\u00e9rents portoirs adapt\u00e9s sont propos\u00e9s.<\/p>\n<p>En option, nous pouvons m\u00eame vous proposer une solution de thermor\u00e9gulation du bain de sonification!<\/p>\n<p><strong>T\u00e9l\u00e9charger la documentation :<\/strong> <a href=\"https:\/\/webdesi-gn.fr\/dev_deltalabo\/wp-content\/uploads\/2025\/04\/Doc-sonde-indirecte-pour-Q500-Q700-eng-DL.pdf\">Photos 431C2 &amp; portoirs<\/a><\/p>\n","protected":false},"featured_media":259410,"template":"","meta":{"_acf_changed":false,"site-sidebar-layout":"default","site-content-layout":"","ast-site-content-layout":"default","site-content-style":"default","site-sidebar-style":"default","ast-global-header-display":"","ast-banner-title-visibility":"","ast-main-header-display":"","ast-hfb-above-header-display":"","ast-hfb-below-header-display":"","ast-hfb-mobile-header-display":"","site-post-title":"","ast-breadcrumbs-content":"","ast-featured-img":"","footer-sml-layout":"","ast-disable-related-posts":"","theme-transparent-header-meta":"","adv-header-id-meta":"","stick-header-meta":"","header-above-stick-meta":"","header-main-stick-meta":"","header-below-stick-meta":"","astra-migrate-meta-layouts":"default","ast-page-background-enabled":"default","ast-page-background-meta":{"desktop":{"background-color":"var(--ast-global-color-5)","background-image":"","background-repeat":"repeat","background-position":"center center","background-size":"auto","background-attachment":"scroll","background-type":"","background-media":"","overlay-type":"","overlay-color":"","overlay-opacity":"","overlay-gradient":""},"tablet":{"background-color":"","background-image":"","background-repeat":"repeat","background-position":"center center","background-size":"auto","background-attachment":"scroll","background-type":"","background-media":"","overlay-type":"","overlay-color":"","overlay-opacity":"","overlay-gradient":""},"mobile":{"background-color":"","background-image":"","background-repeat":"repeat","background-position":"center center","background-size":"auto","background-attachment":"scroll","background-type":"","background-media":"","overlay-type":"","overlay-color":"","overlay-opacity":"","overlay-gradient":""}},"ast-content-background-meta":{"desktop":{"background-color":"var(--ast-global-color-4)","background-image":"","background-repeat":"repeat","background-position":"center center","background-size":"auto","background-attachment":"scroll","background-type":"","background-media":"","overlay-type":"","overlay-color":"","overlay-opacity":"","overlay-gradient":""},"tablet":{"background-color":"var(--ast-global-color-4)","background-image":"","background-repeat":"repeat","background-position":"center center","background-size":"auto","background-attachment":"scroll","background-type":"","background-media":"","overlay-type":"","overlay-color":"","overlay-opacity":"","overlay-gradient":""},"mobile":{"background-color":"var(--ast-global-color-4)","background-image":"","background-repeat":"repeat","background-position":"center center","background-size":"auto","background-attachment":"scroll","background-type":"","background-media":"","overlay-type":"","overlay-color":"","overlay-opacity":"","overlay-gradient":""}}},"domaine":[17185,17186],"normes":[],"product_brand":[],"product_cat":[92,87,90,94,91],"product_tag":[],"class_list":{"0":"post-256528","1":"product","2":"type-product","3":"status-publish","4":"has-post-thumbnail","6":"domaine-preparation-echantillons","7":"domaine-recherche-et-developpement","8":"product_cat-agro-alimentaire-boissons","9":"product_cat-biotechnologies","10":"product_cat-environnement","11":"product_cat-petrochimie-chimie-nucleaire","12":"product_cat-pharmacie-biochimie","13":"desktop-align-left","14":"tablet-align-left","15":"mobile-align-left","17":"first","18":"instock","19":"shipping-taxable","20":"purchasable","21":"product-type-simple"},"acf":[],"yoast_head":"<!-- This site is optimized with the Yoast SEO plugin v27.4 - https:\/\/yoast.com\/product\/yoast-seo-wordpress\/ -->\n<title>Sonde indirecte pour sonificateur Q500\/Q700 | DeltaLabo<\/title>\n<meta name=\"robots\" content=\"noindex, follow, max-snippet:-1, max-image-preview:large, max-video-preview:-1\" \/>\n<meta property=\"og:locale\" content=\"fr_FR\" \/>\n<meta property=\"og:type\" content=\"article\" \/>\n<meta property=\"og:title\" content=\"Sonde indirecte pour sonificateur Q500\/Q700 | DeltaLabo\" \/>\n<meta property=\"og:description\" content=\"Sonde \u00e0 ultra sons indirecte &quot;cup horn&quot; 431 C2 pour sonificateurs Q500\/Q700 : la sonde 431C2 est pr\u00e9vue pour traiter plusieurs \u00e9chantillons en tubes de mani\u00e8re indirecte. La sonde &quot;cup horn&quot; est en position renvers\u00e9e, les ultra sons se propagent \u00e0 travers de l&#039;eau et vont traiter les \u00e9chantillons conditionn\u00e9s en micro tubes. Il est ainsi possible de traiter plusieurs \u00e9chantillons en tubes ferm\u00e9s de mani\u00e8re \u00e0 \u00e9viter toute contamination crois\u00e9e. Il est possible de raccorder la chambre de la sonde cup horn \u00e0 une circulation d&#039;eau pour \u00e9viter l&#039;\u00e9chauffement. Diff\u00e9rents portoirs adapt\u00e9s sont propos\u00e9s.  En option, nous pouvons m\u00eame vous proposer une solution de thermor\u00e9gulation du bain de sonification!  T\u00e9l\u00e9charger la documentation : Photos 431C2 &amp; portoirs\" \/>\n<meta property=\"og:url\" content=\"https:\/\/webdesi-gn.fr\/dev_deltalabo\/produits\/biotechnologies\/sonde-indirecte-pour-sonificateur-q500-q700\/\" \/>\n<meta property=\"og:site_name\" content=\"DeltaLabo\" \/>\n<meta property=\"article:modified_time\" content=\"2025-04-02T11:51:54+00:00\" \/>\n<meta property=\"og:image\" content=\"https:\/\/webdesi-gn.fr\/dev_deltalabo\/wp-content\/uploads\/2024\/04\/DELTA-LABO-Sonde-indirecte-pour-Q700-ou-Q500.webp\" \/>\n\t<meta property=\"og:image:width\" content=\"480\" \/>\n\t<meta property=\"og:image:height\" content=\"480\" \/>\n\t<meta property=\"og:image:type\" content=\"image\/webp\" \/>\n<meta name=\"twitter:card\" content=\"summary_large_image\" \/>\n<meta name=\"twitter:label1\" content=\"Dur\u00e9e de lecture estim\u00e9e\" \/>\n\t<meta name=\"twitter:data1\" content=\"1 minute\" \/>\n<script type=\"application\/ld+json\" class=\"yoast-schema-graph\">{\"@context\":\"https:\\\/\\\/schema.org\",\"@graph\":[{\"@type\":\"WebPage\",\"@id\":\"https:\\\/\\\/webdesi-gn.fr\\\/dev_deltalabo\\\/produits\\\/biotechnologies\\\/sonde-indirecte-pour-sonificateur-q500-q700\\\/\",\"url\":\"https:\\\/\\\/webdesi-gn.fr\\\/dev_deltalabo\\\/produits\\\/biotechnologies\\\/sonde-indirecte-pour-sonificateur-q500-q700\\\/\",\"name\":\"Sonde indirecte pour sonificateur Q500\\\/Q700 | DeltaLabo\",\"isPartOf\":{\"@id\":\"https:\\\/\\\/webdesi-gn.fr\\\/dev_deltalabo\\\/#website\"},\"primaryImageOfPage\":{\"@id\":\"https:\\\/\\\/webdesi-gn.fr\\\/dev_deltalabo\\\/produits\\\/biotechnologies\\\/sonde-indirecte-pour-sonificateur-q500-q700\\\/#primaryimage\"},\"image\":{\"@id\":\"https:\\\/\\\/webdesi-gn.fr\\\/dev_deltalabo\\\/produits\\\/biotechnologies\\\/sonde-indirecte-pour-sonificateur-q500-q700\\\/#primaryimage\"},\"thumbnailUrl\":\"https:\\\/\\\/webdesi-gn.fr\\\/dev_deltalabo\\\/wp-content\\\/uploads\\\/2024\\\/04\\\/DELTA-LABO-Sonde-indirecte-pour-Q700-ou-Q500.webp\",\"datePublished\":\"2024-04-15T08:17:58+00:00\",\"dateModified\":\"2025-04-02T11:51:54+00:00\",\"breadcrumb\":{\"@id\":\"https:\\\/\\\/webdesi-gn.fr\\\/dev_deltalabo\\\/produits\\\/biotechnologies\\\/sonde-indirecte-pour-sonificateur-q500-q700\\\/#breadcrumb\"},\"inLanguage\":\"fr-FR\",\"potentialAction\":[{\"@type\":\"ReadAction\",\"target\":[\"https:\\\/\\\/webdesi-gn.fr\\\/dev_deltalabo\\\/produits\\\/biotechnologies\\\/sonde-indirecte-pour-sonificateur-q500-q700\\\/\"]}]},{\"@type\":\"ImageObject\",\"inLanguage\":\"fr-FR\",\"@id\":\"https:\\\/\\\/webdesi-gn.fr\\\/dev_deltalabo\\\/produits\\\/biotechnologies\\\/sonde-indirecte-pour-sonificateur-q500-q700\\\/#primaryimage\",\"url\":\"https:\\\/\\\/webdesi-gn.fr\\\/dev_deltalabo\\\/wp-content\\\/uploads\\\/2024\\\/04\\\/DELTA-LABO-Sonde-indirecte-pour-Q700-ou-Q500.webp\",\"contentUrl\":\"https:\\\/\\\/webdesi-gn.fr\\\/dev_deltalabo\\\/wp-content\\\/uploads\\\/2024\\\/04\\\/DELTA-LABO-Sonde-indirecte-pour-Q700-ou-Q500.webp\",\"width\":480,\"height\":480},{\"@type\":\"BreadcrumbList\",\"@id\":\"https:\\\/\\\/webdesi-gn.fr\\\/dev_deltalabo\\\/produits\\\/biotechnologies\\\/sonde-indirecte-pour-sonificateur-q500-q700\\\/#breadcrumb\",\"itemListElement\":[{\"@type\":\"ListItem\",\"position\":1,\"name\":\"Accueil\",\"item\":\"https:\\\/\\\/webdesi-gn.fr\\\/dev_deltalabo\\\/\"},{\"@type\":\"ListItem\",\"position\":2,\"name\":\"Produits\",\"item\":\"https:\\\/\\\/webdesi-gn.fr\\\/dev_deltalabo\\\/produits\\\/\"},{\"@type\":\"ListItem\",\"position\":3,\"name\":\"Sonde indirecte pour sonificateur Q500\\\/Q700\"}]},{\"@type\":\"WebSite\",\"@id\":\"https:\\\/\\\/webdesi-gn.fr\\\/dev_deltalabo\\\/#website\",\"url\":\"https:\\\/\\\/webdesi-gn.fr\\\/dev_deltalabo\\\/\",\"name\":\"Delta Labo\",\"description\":\"Un site utilisant WordPress\",\"publisher\":{\"@id\":\"https:\\\/\\\/webdesi-gn.fr\\\/dev_deltalabo\\\/#organization\"},\"alternateName\":\"Delta Labo\",\"potentialAction\":[{\"@type\":\"SearchAction\",\"target\":{\"@type\":\"EntryPoint\",\"urlTemplate\":\"https:\\\/\\\/webdesi-gn.fr\\\/dev_deltalabo\\\/?s={search_term_string}\"},\"query-input\":{\"@type\":\"PropertyValueSpecification\",\"valueRequired\":true,\"valueName\":\"search_term_string\"}}],\"inLanguage\":\"fr-FR\"},{\"@type\":\"Organization\",\"@id\":\"https:\\\/\\\/webdesi-gn.fr\\\/dev_deltalabo\\\/#organization\",\"name\":\"DeltaLabo\",\"url\":\"https:\\\/\\\/webdesi-gn.fr\\\/dev_deltalabo\\\/\",\"logo\":{\"@type\":\"ImageObject\",\"inLanguage\":\"fr-FR\",\"@id\":\"https:\\\/\\\/webdesi-gn.fr\\\/dev_deltalabo\\\/#\\\/schema\\\/logo\\\/image\\\/\",\"url\":\"https:\\\/\\\/webdesi-gn.fr\\\/dev_deltalabo\\\/wp-content\\\/uploads\\\/2022\\\/07\\\/logo-deltalabo.png\",\"contentUrl\":\"https:\\\/\\\/webdesi-gn.fr\\\/dev_deltalabo\\\/wp-content\\\/uploads\\\/2022\\\/07\\\/logo-deltalabo.png\",\"width\":694,\"height\":306,\"caption\":\"DeltaLabo\"},\"image\":{\"@id\":\"https:\\\/\\\/webdesi-gn.fr\\\/dev_deltalabo\\\/#\\\/schema\\\/logo\\\/image\\\/\"}}]}<\/script>\n<!-- \/ Yoast SEO plugin. -->","yoast_head_json":{"title":"Sonde indirecte pour sonificateur Q500\/Q700 | DeltaLabo","robots":{"index":"noindex","follow":"follow","max-snippet":"max-snippet:-1","max-image-preview":"max-image-preview:large","max-video-preview":"max-video-preview:-1"},"og_locale":"fr_FR","og_type":"article","og_title":"Sonde indirecte pour sonificateur Q500\/Q700 | DeltaLabo","og_description":"Sonde \u00e0 ultra sons indirecte \"cup horn\" 431 C2 pour sonificateurs Q500\/Q700 : la sonde 431C2 est pr\u00e9vue pour traiter plusieurs \u00e9chantillons en tubes de mani\u00e8re indirecte. La sonde \"cup horn\" est en position renvers\u00e9e, les ultra sons se propagent \u00e0 travers de l'eau et vont traiter les \u00e9chantillons conditionn\u00e9s en micro tubes. Il est ainsi possible de traiter plusieurs \u00e9chantillons en tubes ferm\u00e9s de mani\u00e8re \u00e0 \u00e9viter toute contamination crois\u00e9e. Il est possible de raccorder la chambre de la sonde cup horn \u00e0 une circulation d'eau pour \u00e9viter l'\u00e9chauffement. Diff\u00e9rents portoirs adapt\u00e9s sont propos\u00e9s.  En option, nous pouvons m\u00eame vous proposer une solution de thermor\u00e9gulation du bain de sonification!  T\u00e9l\u00e9charger la documentation : Photos 431C2 &amp; portoirs","og_url":"https:\/\/webdesi-gn.fr\/dev_deltalabo\/produits\/biotechnologies\/sonde-indirecte-pour-sonificateur-q500-q700\/","og_site_name":"DeltaLabo","article_modified_time":"2025-04-02T11:51:54+00:00","og_image":[{"width":480,"height":480,"url":"https:\/\/webdesi-gn.fr\/dev_deltalabo\/wp-content\/uploads\/2024\/04\/DELTA-LABO-Sonde-indirecte-pour-Q700-ou-Q500.webp","type":"image\/webp"}],"twitter_card":"summary_large_image","twitter_misc":{"Dur\u00e9e de lecture estim\u00e9e":"1 minute"},"schema":{"@context":"https:\/\/schema.org","@graph":[{"@type":"WebPage","@id":"https:\/\/webdesi-gn.fr\/dev_deltalabo\/produits\/biotechnologies\/sonde-indirecte-pour-sonificateur-q500-q700\/","url":"https:\/\/webdesi-gn.fr\/dev_deltalabo\/produits\/biotechnologies\/sonde-indirecte-pour-sonificateur-q500-q700\/","name":"Sonde indirecte pour sonificateur Q500\/Q700 | DeltaLabo","isPartOf":{"@id":"https:\/\/webdesi-gn.fr\/dev_deltalabo\/#website"},"primaryImageOfPage":{"@id":"https:\/\/webdesi-gn.fr\/dev_deltalabo\/produits\/biotechnologies\/sonde-indirecte-pour-sonificateur-q500-q700\/#primaryimage"},"image":{"@id":"https:\/\/webdesi-gn.fr\/dev_deltalabo\/produits\/biotechnologies\/sonde-indirecte-pour-sonificateur-q500-q700\/#primaryimage"},"thumbnailUrl":"https:\/\/webdesi-gn.fr\/dev_deltalabo\/wp-content\/uploads\/2024\/04\/DELTA-LABO-Sonde-indirecte-pour-Q700-ou-Q500.webp","datePublished":"2024-04-15T08:17:58+00:00","dateModified":"2025-04-02T11:51:54+00:00","breadcrumb":{"@id":"https:\/\/webdesi-gn.fr\/dev_deltalabo\/produits\/biotechnologies\/sonde-indirecte-pour-sonificateur-q500-q700\/#breadcrumb"},"inLanguage":"fr-FR","potentialAction":[{"@type":"ReadAction","target":["https:\/\/webdesi-gn.fr\/dev_deltalabo\/produits\/biotechnologies\/sonde-indirecte-pour-sonificateur-q500-q700\/"]}]},{"@type":"ImageObject","inLanguage":"fr-FR","@id":"https:\/\/webdesi-gn.fr\/dev_deltalabo\/produits\/biotechnologies\/sonde-indirecte-pour-sonificateur-q500-q700\/#primaryimage","url":"https:\/\/webdesi-gn.fr\/dev_deltalabo\/wp-content\/uploads\/2024\/04\/DELTA-LABO-Sonde-indirecte-pour-Q700-ou-Q500.webp","contentUrl":"https:\/\/webdesi-gn.fr\/dev_deltalabo\/wp-content\/uploads\/2024\/04\/DELTA-LABO-Sonde-indirecte-pour-Q700-ou-Q500.webp","width":480,"height":480},{"@type":"BreadcrumbList","@id":"https:\/\/webdesi-gn.fr\/dev_deltalabo\/produits\/biotechnologies\/sonde-indirecte-pour-sonificateur-q500-q700\/#breadcrumb","itemListElement":[{"@type":"ListItem","position":1,"name":"Accueil","item":"https:\/\/webdesi-gn.fr\/dev_deltalabo\/"},{"@type":"ListItem","position":2,"name":"Produits","item":"https:\/\/webdesi-gn.fr\/dev_deltalabo\/produits\/"},{"@type":"ListItem","position":3,"name":"Sonde indirecte pour sonificateur Q500\/Q700"}]},{"@type":"WebSite","@id":"https:\/\/webdesi-gn.fr\/dev_deltalabo\/#website","url":"https:\/\/webdesi-gn.fr\/dev_deltalabo\/","name":"Delta Labo","description":"Un site utilisant WordPress","publisher":{"@id":"https:\/\/webdesi-gn.fr\/dev_deltalabo\/#organization"},"alternateName":"Delta Labo","potentialAction":[{"@type":"SearchAction","target":{"@type":"EntryPoint","urlTemplate":"https:\/\/webdesi-gn.fr\/dev_deltalabo\/?s={search_term_string}"},"query-input":{"@type":"PropertyValueSpecification","valueRequired":true,"valueName":"search_term_string"}}],"inLanguage":"fr-FR"},{"@type":"Organization","@id":"https:\/\/webdesi-gn.fr\/dev_deltalabo\/#organization","name":"DeltaLabo","url":"https:\/\/webdesi-gn.fr\/dev_deltalabo\/","logo":{"@type":"ImageObject","inLanguage":"fr-FR","@id":"https:\/\/webdesi-gn.fr\/dev_deltalabo\/#\/schema\/logo\/image\/","url":"https:\/\/webdesi-gn.fr\/dev_deltalabo\/wp-content\/uploads\/2022\/07\/logo-deltalabo.png","contentUrl":"https:\/\/webdesi-gn.fr\/dev_deltalabo\/wp-content\/uploads\/2022\/07\/logo-deltalabo.png","width":694,"height":306,"caption":"DeltaLabo"},"image":{"@id":"https:\/\/webdesi-gn.fr\/dev_deltalabo\/#\/schema\/logo\/image\/"}}]}},"_links":{"self":[{"href":"https:\/\/webdesi-gn.fr\/dev_deltalabo\/wp-json\/wp\/v2\/product\/256528","targetHints":{"allow":["GET"]}}],"collection":[{"href":"https:\/\/webdesi-gn.fr\/dev_deltalabo\/wp-json\/wp\/v2\/product"}],"about":[{"href":"https:\/\/webdesi-gn.fr\/dev_deltalabo\/wp-json\/wp\/v2\/types\/product"}],"wp:featuredmedia":[{"embeddable":true,"href":"https:\/\/webdesi-gn.fr\/dev_deltalabo\/wp-json\/wp\/v2\/media\/259410"}],"wp:attachment":[{"href":"https:\/\/webdesi-gn.fr\/dev_deltalabo\/wp-json\/wp\/v2\/media?parent=256528"}],"wp:term":[{"taxonomy":"domaine","embeddable":true,"href":"https:\/\/webdesi-gn.fr\/dev_deltalabo\/wp-json\/wp\/v2\/domaine?post=256528"},{"taxonomy":"normes","embeddable":true,"href":"https:\/\/webdesi-gn.fr\/dev_deltalabo\/wp-json\/wp\/v2\/normes?post=256528"},{"taxonomy":"product_brand","embeddable":true,"href":"https:\/\/webdesi-gn.fr\/dev_deltalabo\/wp-json\/wp\/v2\/product_brand?post=256528"},{"taxonomy":"product_cat","embeddable":true,"href":"https:\/\/webdesi-gn.fr\/dev_deltalabo\/wp-json\/wp\/v2\/product_cat?post=256528"},{"taxonomy":"product_tag","embeddable":true,"href":"https:\/\/webdesi-gn.fr\/dev_deltalabo\/wp-json\/wp\/v2\/product_tag?post=256528"}],"curies":[{"name":"wp","href":"https:\/\/api.w.org\/{rel}","templated":true}]}}