{"id":256555,"date":"2024-04-15T11:10:18","date_gmt":"2024-04-15T09:10:18","guid":{"rendered":"https:\/\/webdesi-gn.fr\/dev_deltalabo\/?post_type=product&#038;p=256555"},"modified":"2026-03-27T09:57:21","modified_gmt":"2026-03-27T08:57:21","slug":"meuleuse-manuelle-herzog-hs-200","status":"publish","type":"product","link":"https:\/\/webdesi-gn.fr\/dev_deltalabo\/produits\/metallurgie-siderurgie\/surfaceuse\/meuleuse-manuelle-herzog-hs-200\/","title":{"rendered":"Meuleuse manuelle HERZOG &#8211; HS 200"},"content":{"rendered":"","protected":false},"excerpt":{"rendered":"<p><strong>Meuleuse manuelle HERZOG &#8211; HS 200 :<\/strong><\/p>\n<p>La meuleuse manuelle HERZOG &#8211; HS 200 est une meuleuse rectifieuse destin\u00e9e aux m\u00e9taux \u00e0 base d&rsquo;acier et de fonte brute.<\/p>\n<p>Le meulage permet l&rsquo;obtention de surfaces parfaites et reproductibles en vue d&rsquo;analyses spectrales.<\/p>\n<ul>\n<li>Positionnement manuel de l&rsquo;\u00e9chantillon<\/li>\n<li>Meulage manuel facilit\u00e9 gr\u00e2ce \u00e0 un bras mobile ais\u00e9ment d\u00e9pla\u00e7able<\/li>\n<li>Adapt\u00e9 au meulage sec ou humide<\/li>\n<li>D\u00e9marrage manuel du meulage<\/li>\n<\/ul>\n<p>En option : syst\u00e8me de serrage parall\u00e8le, surface aimant\u00e9e, combinaison des deux.<\/p>\n<p>Construction compacte facilitant son positionnement au sein du laboratoire :<br \/>\nL x P x H = 700 x 615 x 650 mm<\/p>\n<p><strong>T\u00e9l\u00e9charger la documentation :<\/strong> <a href=\"https:\/\/www.deltalabo.fr\/wp-content\/uploads\/2025\/04\/HS-200-brochure-engl-DL.pdf\">Meuleuse manuelle HERZOG &#8211; HS 200<\/a><\/p>\n","protected":false},"featured_media":262077,"template":"","meta":{"_acf_changed":false,"site-sidebar-layout":"default","site-content-layout":"","ast-site-content-layout":"default","site-content-style":"default","site-sidebar-style":"default","ast-global-header-display":"","ast-banner-title-visibility":"","ast-main-header-display":"","ast-hfb-above-header-display":"","ast-hfb-below-header-display":"","ast-hfb-mobile-header-display":"","site-post-title":"","ast-breadcrumbs-content":"","ast-featured-img":"","footer-sml-layout":"","ast-disable-related-posts":"","theme-transparent-header-meta":"default","adv-header-id-meta":"","stick-header-meta":"","header-above-stick-meta":"","header-main-stick-meta":"","header-below-stick-meta":"","astra-migrate-meta-layouts":"set","ast-page-background-enabled":"default","ast-page-background-meta":{"desktop":{"background-color":"var(--ast-global-color-5)","background-image":"","background-repeat":"repeat","background-position":"center center","background-size":"auto","background-attachment":"scroll","background-type":"","background-media":"","overlay-type":"","overlay-color":"","overlay-opacity":"","overlay-gradient":""},"tablet":{"background-color":"","background-image":"","background-repeat":"repeat","background-position":"center center","background-size":"auto","background-attachment":"scroll","background-type":"","background-media":"","overlay-type":"","overlay-color":"","overlay-opacity":"","overlay-gradient":""},"mobile":{"background-color":"","background-image":"","background-repeat":"repeat","background-position":"center center","background-size":"auto","background-attachment":"scroll","background-type":"","background-media":"","overlay-type":"","overlay-color":"","overlay-opacity":"","overlay-gradient":""}},"ast-content-background-meta":{"desktop":{"background-color":"var(--ast-global-color-4)","background-image":"","background-repeat":"repeat","background-position":"center center","background-size":"auto","background-attachment":"scroll","background-type":"","background-media":"","overlay-type":"","overlay-color":"","overlay-opacity":"","overlay-gradient":""},"tablet":{"background-color":"var(--ast-global-color-4)","background-image":"","background-repeat":"repeat","background-position":"center center","background-size":"auto","background-attachment":"scroll","background-type":"","background-media":"","overlay-type":"","overlay-color":"","overlay-opacity":"","overlay-gradient":""},"mobile":{"background-color":"var(--ast-global-color-4)","background-image":"","background-repeat":"repeat","background-position":"center center","background-size":"auto","background-attachment":"scroll","background-type":"","background-media":"","overlay-type":"","overlay-color":"","overlay-opacity":"","overlay-gradient":""}}},"domaine":[17185],"normes":[],"product_brand":[],"product_cat":[17212],"product_tag":[],"class_list":{"0":"post-256555","1":"product","2":"type-product","3":"status-publish","4":"has-post-thumbnail","6":"domaine-preparation-echantillons","7":"product_cat-surfaceuse","8":"desktop-align-left","9":"tablet-align-left","10":"mobile-align-left","12":"first","13":"instock","14":"shipping-taxable","15":"product-type-simple"},"acf":[],"yoast_head":"<!-- This site is optimized with the Yoast SEO plugin v27.4 - https:\/\/yoast.com\/product\/yoast-seo-wordpress\/ -->\n<title>Meuleuse manuelle HERZOG - HS 200 | DeltaLabo<\/title>\n<meta name=\"robots\" content=\"noindex, follow, max-snippet:-1, max-image-preview:large, max-video-preview:-1\" \/>\n<meta property=\"og:locale\" content=\"fr_FR\" \/>\n<meta property=\"og:type\" content=\"article\" \/>\n<meta property=\"og:title\" content=\"Meuleuse manuelle HERZOG - HS 200 | DeltaLabo\" \/>\n<meta property=\"og:description\" content=\"Meuleuse manuelle HERZOG - HS 200 :  La meuleuse manuelle HERZOG - HS 200 est une meuleuse rectifieuse destin\u00e9e aux m\u00e9taux \u00e0 base d&#039;acier et de fonte brute.  Le meulage permet l&#039;obtention de surfaces parfaites et reproductibles en vue d&#039;analyses spectrales.   Positionnement manuel de l&#039;\u00e9chantillon  Meulage manuel facilit\u00e9 gr\u00e2ce \u00e0 un bras mobile ais\u00e9ment d\u00e9pla\u00e7able  Adapt\u00e9 au meulage sec ou humide  D\u00e9marrage manuel du meulage  En option : syst\u00e8me de serrage parall\u00e8le, surface aimant\u00e9e, combinaison des deux.  Construction compacte facilitant son positionnement au sein du laboratoire : L x P x H = 700 x 615 x 650 mm  T\u00e9l\u00e9charger la documentation : Meuleuse manuelle HERZOG - HS 200\" \/>\n<meta property=\"og:url\" content=\"https:\/\/webdesi-gn.fr\/dev_deltalabo\/produits\/metallurgie-siderurgie\/surfaceuse\/meuleuse-manuelle-herzog-hs-200\/\" \/>\n<meta property=\"og:site_name\" content=\"DeltaLabo\" \/>\n<meta property=\"article:modified_time\" content=\"2026-03-27T08:57:21+00:00\" \/>\n<meta property=\"og:image\" content=\"https:\/\/webdesi-gn.fr\/dev_deltalabo\/wp-content\/uploads\/2025\/11\/DELTA-LABO-Meuleuse-manuelle-Herzog-HS-200.jpg\" \/>\n\t<meta property=\"og:image:width\" content=\"672\" \/>\n\t<meta property=\"og:image:height\" content=\"671\" \/>\n\t<meta property=\"og:image:type\" content=\"image\/jpeg\" \/>\n<meta name=\"twitter:card\" content=\"summary_large_image\" \/>\n<meta name=\"twitter:label1\" content=\"Dur\u00e9e de lecture estim\u00e9e\" \/>\n\t<meta name=\"twitter:data1\" content=\"1 minute\" \/>\n<script type=\"application\/ld+json\" class=\"yoast-schema-graph\">{\"@context\":\"https:\\\/\\\/schema.org\",\"@graph\":[{\"@type\":\"WebPage\",\"@id\":\"https:\\\/\\\/webdesi-gn.fr\\\/dev_deltalabo\\\/produits\\\/metallurgie-siderurgie\\\/surfaceuse\\\/meuleuse-manuelle-herzog-hs-200\\\/\",\"url\":\"https:\\\/\\\/webdesi-gn.fr\\\/dev_deltalabo\\\/produits\\\/metallurgie-siderurgie\\\/surfaceuse\\\/meuleuse-manuelle-herzog-hs-200\\\/\",\"name\":\"Meuleuse manuelle HERZOG - HS 200 | DeltaLabo\",\"isPartOf\":{\"@id\":\"https:\\\/\\\/webdesi-gn.fr\\\/dev_deltalabo\\\/#website\"},\"primaryImageOfPage\":{\"@id\":\"https:\\\/\\\/webdesi-gn.fr\\\/dev_deltalabo\\\/produits\\\/metallurgie-siderurgie\\\/surfaceuse\\\/meuleuse-manuelle-herzog-hs-200\\\/#primaryimage\"},\"image\":{\"@id\":\"https:\\\/\\\/webdesi-gn.fr\\\/dev_deltalabo\\\/produits\\\/metallurgie-siderurgie\\\/surfaceuse\\\/meuleuse-manuelle-herzog-hs-200\\\/#primaryimage\"},\"thumbnailUrl\":\"https:\\\/\\\/webdesi-gn.fr\\\/dev_deltalabo\\\/wp-content\\\/uploads\\\/2025\\\/11\\\/DELTA-LABO-Meuleuse-manuelle-Herzog-HS-200.jpg\",\"datePublished\":\"2024-04-15T09:10:18+00:00\",\"dateModified\":\"2026-03-27T08:57:21+00:00\",\"breadcrumb\":{\"@id\":\"https:\\\/\\\/webdesi-gn.fr\\\/dev_deltalabo\\\/produits\\\/metallurgie-siderurgie\\\/surfaceuse\\\/meuleuse-manuelle-herzog-hs-200\\\/#breadcrumb\"},\"inLanguage\":\"fr-FR\",\"potentialAction\":[{\"@type\":\"ReadAction\",\"target\":[\"https:\\\/\\\/webdesi-gn.fr\\\/dev_deltalabo\\\/produits\\\/metallurgie-siderurgie\\\/surfaceuse\\\/meuleuse-manuelle-herzog-hs-200\\\/\"]}]},{\"@type\":\"ImageObject\",\"inLanguage\":\"fr-FR\",\"@id\":\"https:\\\/\\\/webdesi-gn.fr\\\/dev_deltalabo\\\/produits\\\/metallurgie-siderurgie\\\/surfaceuse\\\/meuleuse-manuelle-herzog-hs-200\\\/#primaryimage\",\"url\":\"https:\\\/\\\/webdesi-gn.fr\\\/dev_deltalabo\\\/wp-content\\\/uploads\\\/2025\\\/11\\\/DELTA-LABO-Meuleuse-manuelle-Herzog-HS-200.jpg\",\"contentUrl\":\"https:\\\/\\\/webdesi-gn.fr\\\/dev_deltalabo\\\/wp-content\\\/uploads\\\/2025\\\/11\\\/DELTA-LABO-Meuleuse-manuelle-Herzog-HS-200.jpg\",\"width\":672,\"height\":671},{\"@type\":\"BreadcrumbList\",\"@id\":\"https:\\\/\\\/webdesi-gn.fr\\\/dev_deltalabo\\\/produits\\\/metallurgie-siderurgie\\\/surfaceuse\\\/meuleuse-manuelle-herzog-hs-200\\\/#breadcrumb\",\"itemListElement\":[{\"@type\":\"ListItem\",\"position\":1,\"name\":\"Accueil\",\"item\":\"https:\\\/\\\/webdesi-gn.fr\\\/dev_deltalabo\\\/\"},{\"@type\":\"ListItem\",\"position\":2,\"name\":\"Produits\",\"item\":\"https:\\\/\\\/webdesi-gn.fr\\\/dev_deltalabo\\\/produits\\\/\"},{\"@type\":\"ListItem\",\"position\":3,\"name\":\"Meuleuse manuelle HERZOG &#8211; HS 200\"}]},{\"@type\":\"WebSite\",\"@id\":\"https:\\\/\\\/webdesi-gn.fr\\\/dev_deltalabo\\\/#website\",\"url\":\"https:\\\/\\\/webdesi-gn.fr\\\/dev_deltalabo\\\/\",\"name\":\"Delta Labo\",\"description\":\"Un site utilisant WordPress\",\"publisher\":{\"@id\":\"https:\\\/\\\/webdesi-gn.fr\\\/dev_deltalabo\\\/#organization\"},\"alternateName\":\"Delta Labo\",\"potentialAction\":[{\"@type\":\"SearchAction\",\"target\":{\"@type\":\"EntryPoint\",\"urlTemplate\":\"https:\\\/\\\/webdesi-gn.fr\\\/dev_deltalabo\\\/?s={search_term_string}\"},\"query-input\":{\"@type\":\"PropertyValueSpecification\",\"valueRequired\":true,\"valueName\":\"search_term_string\"}}],\"inLanguage\":\"fr-FR\"},{\"@type\":\"Organization\",\"@id\":\"https:\\\/\\\/webdesi-gn.fr\\\/dev_deltalabo\\\/#organization\",\"name\":\"DeltaLabo\",\"url\":\"https:\\\/\\\/webdesi-gn.fr\\\/dev_deltalabo\\\/\",\"logo\":{\"@type\":\"ImageObject\",\"inLanguage\":\"fr-FR\",\"@id\":\"https:\\\/\\\/webdesi-gn.fr\\\/dev_deltalabo\\\/#\\\/schema\\\/logo\\\/image\\\/\",\"url\":\"https:\\\/\\\/webdesi-gn.fr\\\/dev_deltalabo\\\/wp-content\\\/uploads\\\/2022\\\/07\\\/logo-deltalabo.png\",\"contentUrl\":\"https:\\\/\\\/webdesi-gn.fr\\\/dev_deltalabo\\\/wp-content\\\/uploads\\\/2022\\\/07\\\/logo-deltalabo.png\",\"width\":694,\"height\":306,\"caption\":\"DeltaLabo\"},\"image\":{\"@id\":\"https:\\\/\\\/webdesi-gn.fr\\\/dev_deltalabo\\\/#\\\/schema\\\/logo\\\/image\\\/\"}}]}<\/script>\n<!-- \/ Yoast SEO plugin. -->","yoast_head_json":{"title":"Meuleuse manuelle HERZOG - HS 200 | DeltaLabo","robots":{"index":"noindex","follow":"follow","max-snippet":"max-snippet:-1","max-image-preview":"max-image-preview:large","max-video-preview":"max-video-preview:-1"},"og_locale":"fr_FR","og_type":"article","og_title":"Meuleuse manuelle HERZOG - HS 200 | DeltaLabo","og_description":"Meuleuse manuelle HERZOG - HS 200 :  La meuleuse manuelle HERZOG - HS 200 est une meuleuse rectifieuse destin\u00e9e aux m\u00e9taux \u00e0 base d'acier et de fonte brute.  Le meulage permet l'obtention de surfaces parfaites et reproductibles en vue d'analyses spectrales.   Positionnement manuel de l'\u00e9chantillon  Meulage manuel facilit\u00e9 gr\u00e2ce \u00e0 un bras mobile ais\u00e9ment d\u00e9pla\u00e7able  Adapt\u00e9 au meulage sec ou humide  D\u00e9marrage manuel du meulage  En option : syst\u00e8me de serrage parall\u00e8le, surface aimant\u00e9e, combinaison des deux.  Construction compacte facilitant son positionnement au sein du laboratoire : L x P x H = 700 x 615 x 650 mm  T\u00e9l\u00e9charger la documentation : Meuleuse manuelle HERZOG - HS 200","og_url":"https:\/\/webdesi-gn.fr\/dev_deltalabo\/produits\/metallurgie-siderurgie\/surfaceuse\/meuleuse-manuelle-herzog-hs-200\/","og_site_name":"DeltaLabo","article_modified_time":"2026-03-27T08:57:21+00:00","og_image":[{"width":672,"height":671,"url":"https:\/\/webdesi-gn.fr\/dev_deltalabo\/wp-content\/uploads\/2025\/11\/DELTA-LABO-Meuleuse-manuelle-Herzog-HS-200.jpg","type":"image\/jpeg"}],"twitter_card":"summary_large_image","twitter_misc":{"Dur\u00e9e de lecture estim\u00e9e":"1 minute"},"schema":{"@context":"https:\/\/schema.org","@graph":[{"@type":"WebPage","@id":"https:\/\/webdesi-gn.fr\/dev_deltalabo\/produits\/metallurgie-siderurgie\/surfaceuse\/meuleuse-manuelle-herzog-hs-200\/","url":"https:\/\/webdesi-gn.fr\/dev_deltalabo\/produits\/metallurgie-siderurgie\/surfaceuse\/meuleuse-manuelle-herzog-hs-200\/","name":"Meuleuse manuelle HERZOG - HS 200 | DeltaLabo","isPartOf":{"@id":"https:\/\/webdesi-gn.fr\/dev_deltalabo\/#website"},"primaryImageOfPage":{"@id":"https:\/\/webdesi-gn.fr\/dev_deltalabo\/produits\/metallurgie-siderurgie\/surfaceuse\/meuleuse-manuelle-herzog-hs-200\/#primaryimage"},"image":{"@id":"https:\/\/webdesi-gn.fr\/dev_deltalabo\/produits\/metallurgie-siderurgie\/surfaceuse\/meuleuse-manuelle-herzog-hs-200\/#primaryimage"},"thumbnailUrl":"https:\/\/webdesi-gn.fr\/dev_deltalabo\/wp-content\/uploads\/2025\/11\/DELTA-LABO-Meuleuse-manuelle-Herzog-HS-200.jpg","datePublished":"2024-04-15T09:10:18+00:00","dateModified":"2026-03-27T08:57:21+00:00","breadcrumb":{"@id":"https:\/\/webdesi-gn.fr\/dev_deltalabo\/produits\/metallurgie-siderurgie\/surfaceuse\/meuleuse-manuelle-herzog-hs-200\/#breadcrumb"},"inLanguage":"fr-FR","potentialAction":[{"@type":"ReadAction","target":["https:\/\/webdesi-gn.fr\/dev_deltalabo\/produits\/metallurgie-siderurgie\/surfaceuse\/meuleuse-manuelle-herzog-hs-200\/"]}]},{"@type":"ImageObject","inLanguage":"fr-FR","@id":"https:\/\/webdesi-gn.fr\/dev_deltalabo\/produits\/metallurgie-siderurgie\/surfaceuse\/meuleuse-manuelle-herzog-hs-200\/#primaryimage","url":"https:\/\/webdesi-gn.fr\/dev_deltalabo\/wp-content\/uploads\/2025\/11\/DELTA-LABO-Meuleuse-manuelle-Herzog-HS-200.jpg","contentUrl":"https:\/\/webdesi-gn.fr\/dev_deltalabo\/wp-content\/uploads\/2025\/11\/DELTA-LABO-Meuleuse-manuelle-Herzog-HS-200.jpg","width":672,"height":671},{"@type":"BreadcrumbList","@id":"https:\/\/webdesi-gn.fr\/dev_deltalabo\/produits\/metallurgie-siderurgie\/surfaceuse\/meuleuse-manuelle-herzog-hs-200\/#breadcrumb","itemListElement":[{"@type":"ListItem","position":1,"name":"Accueil","item":"https:\/\/webdesi-gn.fr\/dev_deltalabo\/"},{"@type":"ListItem","position":2,"name":"Produits","item":"https:\/\/webdesi-gn.fr\/dev_deltalabo\/produits\/"},{"@type":"ListItem","position":3,"name":"Meuleuse manuelle HERZOG &#8211; HS 200"}]},{"@type":"WebSite","@id":"https:\/\/webdesi-gn.fr\/dev_deltalabo\/#website","url":"https:\/\/webdesi-gn.fr\/dev_deltalabo\/","name":"Delta Labo","description":"Un site utilisant WordPress","publisher":{"@id":"https:\/\/webdesi-gn.fr\/dev_deltalabo\/#organization"},"alternateName":"Delta Labo","potentialAction":[{"@type":"SearchAction","target":{"@type":"EntryPoint","urlTemplate":"https:\/\/webdesi-gn.fr\/dev_deltalabo\/?s={search_term_string}"},"query-input":{"@type":"PropertyValueSpecification","valueRequired":true,"valueName":"search_term_string"}}],"inLanguage":"fr-FR"},{"@type":"Organization","@id":"https:\/\/webdesi-gn.fr\/dev_deltalabo\/#organization","name":"DeltaLabo","url":"https:\/\/webdesi-gn.fr\/dev_deltalabo\/","logo":{"@type":"ImageObject","inLanguage":"fr-FR","@id":"https:\/\/webdesi-gn.fr\/dev_deltalabo\/#\/schema\/logo\/image\/","url":"https:\/\/webdesi-gn.fr\/dev_deltalabo\/wp-content\/uploads\/2022\/07\/logo-deltalabo.png","contentUrl":"https:\/\/webdesi-gn.fr\/dev_deltalabo\/wp-content\/uploads\/2022\/07\/logo-deltalabo.png","width":694,"height":306,"caption":"DeltaLabo"},"image":{"@id":"https:\/\/webdesi-gn.fr\/dev_deltalabo\/#\/schema\/logo\/image\/"}}]}},"_links":{"self":[{"href":"https:\/\/webdesi-gn.fr\/dev_deltalabo\/wp-json\/wp\/v2\/product\/256555","targetHints":{"allow":["GET"]}}],"collection":[{"href":"https:\/\/webdesi-gn.fr\/dev_deltalabo\/wp-json\/wp\/v2\/product"}],"about":[{"href":"https:\/\/webdesi-gn.fr\/dev_deltalabo\/wp-json\/wp\/v2\/types\/product"}],"wp:featuredmedia":[{"embeddable":true,"href":"https:\/\/webdesi-gn.fr\/dev_deltalabo\/wp-json\/wp\/v2\/media\/262077"}],"wp:attachment":[{"href":"https:\/\/webdesi-gn.fr\/dev_deltalabo\/wp-json\/wp\/v2\/media?parent=256555"}],"wp:term":[{"taxonomy":"domaine","embeddable":true,"href":"https:\/\/webdesi-gn.fr\/dev_deltalabo\/wp-json\/wp\/v2\/domaine?post=256555"},{"taxonomy":"normes","embeddable":true,"href":"https:\/\/webdesi-gn.fr\/dev_deltalabo\/wp-json\/wp\/v2\/normes?post=256555"},{"taxonomy":"product_brand","embeddable":true,"href":"https:\/\/webdesi-gn.fr\/dev_deltalabo\/wp-json\/wp\/v2\/product_brand?post=256555"},{"taxonomy":"product_cat","embeddable":true,"href":"https:\/\/webdesi-gn.fr\/dev_deltalabo\/wp-json\/wp\/v2\/product_cat?post=256555"},{"taxonomy":"product_tag","embeddable":true,"href":"https:\/\/webdesi-gn.fr\/dev_deltalabo\/wp-json\/wp\/v2\/product_tag?post=256555"}],"curies":[{"name":"wp","href":"https:\/\/api.w.org\/{rel}","templated":true}]}}