{"id":256558,"date":"2024-04-15T11:12:44","date_gmt":"2024-04-15T09:12:44","guid":{"rendered":"https:\/\/webdesi-gn.fr\/dev_deltalabo\/?post_type=product&#038;p=256558"},"modified":"2024-04-15T11:12:44","modified_gmt":"2024-04-15T09:12:44","slug":"meuleuse-manuelle-a-disques-rotatifs-herzog-ht-350","status":"publish","type":"product","link":"https:\/\/webdesi-gn.fr\/dev_deltalabo\/produits\/cat-produit\/meuleuse-manuelle-a-disques-rotatifs-herzog-ht-350\/","title":{"rendered":"Meuleuse manuelle \u00e0 disques rotatifs HERZOG HT 350"},"content":{"rendered":"","protected":false},"excerpt":{"rendered":"<p>Rectifieuse manuelle \u00e0 disques rotatifs HERZOG mod\u00e8le HT 350 :<br \/>\nLa meuleuse manuelle HERZOG mod\u00e8le HT 350 est une meuleuse surfaceuse \u00e0 deux disques rotatifs destin\u00e9e aux m\u00e9taux \u00e0 base de fer, d&rsquo;acier et de fonte brute.<br \/>\nPositionnement manuel de l&rsquo;\u00e9chantillon.<br \/>\nDeux emplacements de meulage permettent l&rsquo;utilisation de deux types de disques abrasifs.<br \/>\nSyst\u00e8me d&rsquo;aspiration sous vide garantissant un parfait positionnement des disques abrasifs.<br \/>\nD\u00e9marrage manuel du meulage.<br \/>\nLe meulage permet l&rsquo;obtention de surfaces parfaites et reproductibles en vue d&rsquo;analyses spectrales.<br \/>\nEn option : syst\u00e8me de d\u00e9marrage par p\u00e9dale.<br \/>\nConstruction compacte facilitant son positionnement au sein du laboratoire :<br \/>\nL x P x H = 840 mm x 790 mm x 1060 mm<\/p>\n<p><strong>T\u00e9l\u00e9chargez la documentation :<\/strong> <a class=\"wplightbox\" href=\"https:\/\/webdesi-gn.fr\/dev_deltalabo\/wp-content\/uploads\/2024\/04\/HT350.pdf\">Meuleuse surfaceuse HERZOG HT 350<\/a><\/p>\n","protected":false},"featured_media":256560,"template":"","meta":{"_acf_changed":false,"site-sidebar-layout":"default","site-content-layout":"","ast-site-content-layout":"default","site-content-style":"default","site-sidebar-style":"default","ast-global-header-display":"","ast-banner-title-visibility":"","ast-main-header-display":"","ast-hfb-above-header-display":"","ast-hfb-below-header-display":"","ast-hfb-mobile-header-display":"","site-post-title":"","ast-breadcrumbs-content":"","ast-featured-img":"","footer-sml-layout":"","ast-disable-related-posts":"","theme-transparent-header-meta":"","adv-header-id-meta":"","stick-header-meta":"","header-above-stick-meta":"","header-main-stick-meta":"","header-below-stick-meta":"","astra-migrate-meta-layouts":"default","ast-page-background-enabled":"default","ast-page-background-meta":{"desktop":{"background-color":"var(--ast-global-color-5)","background-image":"","background-repeat":"repeat","background-position":"center center","background-size":"auto","background-attachment":"scroll","background-type":"","background-media":"","overlay-type":"","overlay-color":"","overlay-opacity":"","overlay-gradient":""},"tablet":{"background-color":"","background-image":"","background-repeat":"repeat","background-position":"center center","background-size":"auto","background-attachment":"scroll","background-type":"","background-media":"","overlay-type":"","overlay-color":"","overlay-opacity":"","overlay-gradient":""},"mobile":{"background-color":"","background-image":"","background-repeat":"repeat","background-position":"center center","background-size":"auto","background-attachment":"scroll","background-type":"","background-media":"","overlay-type":"","overlay-color":"","overlay-opacity":"","overlay-gradient":""}},"ast-content-background-meta":{"desktop":{"background-color":"var(--ast-global-color-4)","background-image":"","background-repeat":"repeat","background-position":"center center","background-size":"auto","background-attachment":"scroll","background-type":"","background-media":"","overlay-type":"","overlay-color":"","overlay-opacity":"","overlay-gradient":""},"tablet":{"background-color":"var(--ast-global-color-4)","background-image":"","background-repeat":"repeat","background-position":"center center","background-size":"auto","background-attachment":"scroll","background-type":"","background-media":"","overlay-type":"","overlay-color":"","overlay-opacity":"","overlay-gradient":""},"mobile":{"background-color":"var(--ast-global-color-4)","background-image":"","background-repeat":"repeat","background-position":"center center","background-size":"auto","background-attachment":"scroll","background-type":"","background-media":"","overlay-type":"","overlay-color":"","overlay-opacity":"","overlay-gradient":""}}},"domaine":[17185],"normes":[17135],"product_brand":[],"product_cat":[15],"product_tag":[],"class_list":{"0":"post-256558","1":"product","2":"type-product","3":"status-publish","4":"has-post-thumbnail","6":"domaine-preparation-echantillons","7":"normes-din-51562","8":"product_cat-cat-produit","9":"desktop-align-left","10":"tablet-align-left","11":"mobile-align-left","13":"first","14":"instock","15":"shipping-taxable","16":"purchasable","17":"product-type-simple"},"acf":[],"yoast_head":"<!-- This site is optimized with the Yoast SEO plugin v27.4 - https:\/\/yoast.com\/product\/yoast-seo-wordpress\/ -->\n<title>Meuleuse manuelle \u00e0 disques rotatifs HERZOG HT 350 | DeltaLabo<\/title>\n<meta name=\"robots\" content=\"noindex, follow, max-snippet:-1, max-image-preview:large, max-video-preview:-1\" \/>\n<meta property=\"og:locale\" content=\"fr_FR\" \/>\n<meta property=\"og:type\" content=\"article\" \/>\n<meta property=\"og:title\" content=\"Meuleuse manuelle \u00e0 disques rotatifs HERZOG HT 350 | DeltaLabo\" \/>\n<meta property=\"og:description\" content=\"Rectifieuse manuelle \u00e0 disques rotatifs HERZOG mod\u00e8le HT 350 : La meuleuse manuelle HERZOG mod\u00e8le HT 350 est une meuleuse surfaceuse \u00e0 deux disques rotatifs destin\u00e9e aux m\u00e9taux \u00e0 base de fer, d&#039;acier et de fonte brute. Positionnement manuel de l&#039;\u00e9chantillon. Deux emplacements de meulage permettent l&#039;utilisation de deux types de disques abrasifs. Syst\u00e8me d&#039;aspiration sous vide garantissant un parfait positionnement des disques abrasifs. D\u00e9marrage manuel du meulage. Le meulage permet l&#039;obtention de surfaces parfaites et reproductibles en vue d&#039;analyses spectrales. En option : syst\u00e8me de d\u00e9marrage par p\u00e9dale. Construction compacte facilitant son positionnement au sein du laboratoire : L x P x H = 840 mm x 790 mm x 1060 mm  T\u00e9l\u00e9chargez la documentation : Meuleuse surfaceuse HERZOG HT 350\" \/>\n<meta property=\"og:url\" content=\"https:\/\/webdesi-gn.fr\/dev_deltalabo\/produits\/domaines\/preparation-echantillons\/meuleuse-manuelle-a-disques-rotatifs-herzog-ht-350\/\" \/>\n<meta property=\"og:site_name\" content=\"DeltaLabo\" \/>\n<meta property=\"og:image\" content=\"https:\/\/webdesi-gn.fr\/dev_deltalabo\/wp-content\/uploads\/2024\/04\/Meuleuse_surfaceuse_HERZOG_HT_350.jpg\" \/>\n\t<meta property=\"og:image:width\" content=\"255\" \/>\n\t<meta property=\"og:image:height\" content=\"270\" \/>\n\t<meta property=\"og:image:type\" content=\"image\/jpeg\" \/>\n<meta name=\"twitter:card\" content=\"summary_large_image\" \/>\n<meta name=\"twitter:label1\" content=\"Dur\u00e9e de lecture estim\u00e9e\" \/>\n\t<meta name=\"twitter:data1\" content=\"1 minute\" \/>\n<script type=\"application\/ld+json\" class=\"yoast-schema-graph\">{\"@context\":\"https:\\\/\\\/schema.org\",\"@graph\":[{\"@type\":\"WebPage\",\"@id\":\"https:\\\/\\\/webdesi-gn.fr\\\/dev_deltalabo\\\/produits\\\/domaines\\\/preparation-echantillons\\\/meuleuse-manuelle-a-disques-rotatifs-herzog-ht-350\\\/\",\"url\":\"https:\\\/\\\/webdesi-gn.fr\\\/dev_deltalabo\\\/produits\\\/domaines\\\/preparation-echantillons\\\/meuleuse-manuelle-a-disques-rotatifs-herzog-ht-350\\\/\",\"name\":\"Meuleuse manuelle \u00e0 disques rotatifs HERZOG HT 350 | DeltaLabo\",\"isPartOf\":{\"@id\":\"https:\\\/\\\/webdesi-gn.fr\\\/dev_deltalabo\\\/#website\"},\"primaryImageOfPage\":{\"@id\":\"https:\\\/\\\/webdesi-gn.fr\\\/dev_deltalabo\\\/produits\\\/domaines\\\/preparation-echantillons\\\/meuleuse-manuelle-a-disques-rotatifs-herzog-ht-350\\\/#primaryimage\"},\"image\":{\"@id\":\"https:\\\/\\\/webdesi-gn.fr\\\/dev_deltalabo\\\/produits\\\/domaines\\\/preparation-echantillons\\\/meuleuse-manuelle-a-disques-rotatifs-herzog-ht-350\\\/#primaryimage\"},\"thumbnailUrl\":\"https:\\\/\\\/webdesi-gn.fr\\\/dev_deltalabo\\\/wp-content\\\/uploads\\\/2024\\\/04\\\/Meuleuse_surfaceuse_HERZOG_HT_350.jpg\",\"datePublished\":\"2024-04-15T09:12:44+00:00\",\"breadcrumb\":{\"@id\":\"https:\\\/\\\/webdesi-gn.fr\\\/dev_deltalabo\\\/produits\\\/domaines\\\/preparation-echantillons\\\/meuleuse-manuelle-a-disques-rotatifs-herzog-ht-350\\\/#breadcrumb\"},\"inLanguage\":\"fr-FR\",\"potentialAction\":[{\"@type\":\"ReadAction\",\"target\":[\"https:\\\/\\\/webdesi-gn.fr\\\/dev_deltalabo\\\/produits\\\/domaines\\\/preparation-echantillons\\\/meuleuse-manuelle-a-disques-rotatifs-herzog-ht-350\\\/\"]}]},{\"@type\":\"ImageObject\",\"inLanguage\":\"fr-FR\",\"@id\":\"https:\\\/\\\/webdesi-gn.fr\\\/dev_deltalabo\\\/produits\\\/domaines\\\/preparation-echantillons\\\/meuleuse-manuelle-a-disques-rotatifs-herzog-ht-350\\\/#primaryimage\",\"url\":\"https:\\\/\\\/webdesi-gn.fr\\\/dev_deltalabo\\\/wp-content\\\/uploads\\\/2024\\\/04\\\/Meuleuse_surfaceuse_HERZOG_HT_350.jpg\",\"contentUrl\":\"https:\\\/\\\/webdesi-gn.fr\\\/dev_deltalabo\\\/wp-content\\\/uploads\\\/2024\\\/04\\\/Meuleuse_surfaceuse_HERZOG_HT_350.jpg\",\"width\":255,\"height\":270},{\"@type\":\"BreadcrumbList\",\"@id\":\"https:\\\/\\\/webdesi-gn.fr\\\/dev_deltalabo\\\/produits\\\/domaines\\\/preparation-echantillons\\\/meuleuse-manuelle-a-disques-rotatifs-herzog-ht-350\\\/#breadcrumb\",\"itemListElement\":[{\"@type\":\"ListItem\",\"position\":1,\"name\":\"Accueil\",\"item\":\"https:\\\/\\\/webdesi-gn.fr\\\/dev_deltalabo\\\/\"},{\"@type\":\"ListItem\",\"position\":2,\"name\":\"Produits\",\"item\":\"https:\\\/\\\/webdesi-gn.fr\\\/dev_deltalabo\\\/produits\\\/\"},{\"@type\":\"ListItem\",\"position\":3,\"name\":\"Meuleuse manuelle \u00e0 disques rotatifs HERZOG HT 350\"}]},{\"@type\":\"WebSite\",\"@id\":\"https:\\\/\\\/webdesi-gn.fr\\\/dev_deltalabo\\\/#website\",\"url\":\"https:\\\/\\\/webdesi-gn.fr\\\/dev_deltalabo\\\/\",\"name\":\"Delta Labo\",\"description\":\"Un site utilisant WordPress\",\"publisher\":{\"@id\":\"https:\\\/\\\/webdesi-gn.fr\\\/dev_deltalabo\\\/#organization\"},\"alternateName\":\"Delta Labo\",\"potentialAction\":[{\"@type\":\"SearchAction\",\"target\":{\"@type\":\"EntryPoint\",\"urlTemplate\":\"https:\\\/\\\/webdesi-gn.fr\\\/dev_deltalabo\\\/?s={search_term_string}\"},\"query-input\":{\"@type\":\"PropertyValueSpecification\",\"valueRequired\":true,\"valueName\":\"search_term_string\"}}],\"inLanguage\":\"fr-FR\"},{\"@type\":\"Organization\",\"@id\":\"https:\\\/\\\/webdesi-gn.fr\\\/dev_deltalabo\\\/#organization\",\"name\":\"DeltaLabo\",\"url\":\"https:\\\/\\\/webdesi-gn.fr\\\/dev_deltalabo\\\/\",\"logo\":{\"@type\":\"ImageObject\",\"inLanguage\":\"fr-FR\",\"@id\":\"https:\\\/\\\/webdesi-gn.fr\\\/dev_deltalabo\\\/#\\\/schema\\\/logo\\\/image\\\/\",\"url\":\"https:\\\/\\\/webdesi-gn.fr\\\/dev_deltalabo\\\/wp-content\\\/uploads\\\/2022\\\/07\\\/logo-deltalabo.png\",\"contentUrl\":\"https:\\\/\\\/webdesi-gn.fr\\\/dev_deltalabo\\\/wp-content\\\/uploads\\\/2022\\\/07\\\/logo-deltalabo.png\",\"width\":694,\"height\":306,\"caption\":\"DeltaLabo\"},\"image\":{\"@id\":\"https:\\\/\\\/webdesi-gn.fr\\\/dev_deltalabo\\\/#\\\/schema\\\/logo\\\/image\\\/\"}}]}<\/script>\n<!-- \/ Yoast SEO plugin. -->","yoast_head_json":{"title":"Meuleuse manuelle \u00e0 disques rotatifs HERZOG HT 350 | DeltaLabo","robots":{"index":"noindex","follow":"follow","max-snippet":"max-snippet:-1","max-image-preview":"max-image-preview:large","max-video-preview":"max-video-preview:-1"},"og_locale":"fr_FR","og_type":"article","og_title":"Meuleuse manuelle \u00e0 disques rotatifs HERZOG HT 350 | DeltaLabo","og_description":"Rectifieuse manuelle \u00e0 disques rotatifs HERZOG mod\u00e8le HT 350 : La meuleuse manuelle HERZOG mod\u00e8le HT 350 est une meuleuse surfaceuse \u00e0 deux disques rotatifs destin\u00e9e aux m\u00e9taux \u00e0 base de fer, d'acier et de fonte brute. Positionnement manuel de l'\u00e9chantillon. Deux emplacements de meulage permettent l'utilisation de deux types de disques abrasifs. Syst\u00e8me d'aspiration sous vide garantissant un parfait positionnement des disques abrasifs. D\u00e9marrage manuel du meulage. Le meulage permet l'obtention de surfaces parfaites et reproductibles en vue d'analyses spectrales. En option : syst\u00e8me de d\u00e9marrage par p\u00e9dale. Construction compacte facilitant son positionnement au sein du laboratoire : L x P x H = 840 mm x 790 mm x 1060 mm  T\u00e9l\u00e9chargez la documentation : Meuleuse surfaceuse HERZOG HT 350","og_url":"https:\/\/webdesi-gn.fr\/dev_deltalabo\/produits\/domaines\/preparation-echantillons\/meuleuse-manuelle-a-disques-rotatifs-herzog-ht-350\/","og_site_name":"DeltaLabo","og_image":[{"width":255,"height":270,"url":"https:\/\/webdesi-gn.fr\/dev_deltalabo\/wp-content\/uploads\/2024\/04\/Meuleuse_surfaceuse_HERZOG_HT_350.jpg","type":"image\/jpeg"}],"twitter_card":"summary_large_image","twitter_misc":{"Dur\u00e9e de lecture estim\u00e9e":"1 minute"},"schema":{"@context":"https:\/\/schema.org","@graph":[{"@type":"WebPage","@id":"https:\/\/webdesi-gn.fr\/dev_deltalabo\/produits\/domaines\/preparation-echantillons\/meuleuse-manuelle-a-disques-rotatifs-herzog-ht-350\/","url":"https:\/\/webdesi-gn.fr\/dev_deltalabo\/produits\/domaines\/preparation-echantillons\/meuleuse-manuelle-a-disques-rotatifs-herzog-ht-350\/","name":"Meuleuse manuelle \u00e0 disques rotatifs HERZOG HT 350 | DeltaLabo","isPartOf":{"@id":"https:\/\/webdesi-gn.fr\/dev_deltalabo\/#website"},"primaryImageOfPage":{"@id":"https:\/\/webdesi-gn.fr\/dev_deltalabo\/produits\/domaines\/preparation-echantillons\/meuleuse-manuelle-a-disques-rotatifs-herzog-ht-350\/#primaryimage"},"image":{"@id":"https:\/\/webdesi-gn.fr\/dev_deltalabo\/produits\/domaines\/preparation-echantillons\/meuleuse-manuelle-a-disques-rotatifs-herzog-ht-350\/#primaryimage"},"thumbnailUrl":"https:\/\/webdesi-gn.fr\/dev_deltalabo\/wp-content\/uploads\/2024\/04\/Meuleuse_surfaceuse_HERZOG_HT_350.jpg","datePublished":"2024-04-15T09:12:44+00:00","breadcrumb":{"@id":"https:\/\/webdesi-gn.fr\/dev_deltalabo\/produits\/domaines\/preparation-echantillons\/meuleuse-manuelle-a-disques-rotatifs-herzog-ht-350\/#breadcrumb"},"inLanguage":"fr-FR","potentialAction":[{"@type":"ReadAction","target":["https:\/\/webdesi-gn.fr\/dev_deltalabo\/produits\/domaines\/preparation-echantillons\/meuleuse-manuelle-a-disques-rotatifs-herzog-ht-350\/"]}]},{"@type":"ImageObject","inLanguage":"fr-FR","@id":"https:\/\/webdesi-gn.fr\/dev_deltalabo\/produits\/domaines\/preparation-echantillons\/meuleuse-manuelle-a-disques-rotatifs-herzog-ht-350\/#primaryimage","url":"https:\/\/webdesi-gn.fr\/dev_deltalabo\/wp-content\/uploads\/2024\/04\/Meuleuse_surfaceuse_HERZOG_HT_350.jpg","contentUrl":"https:\/\/webdesi-gn.fr\/dev_deltalabo\/wp-content\/uploads\/2024\/04\/Meuleuse_surfaceuse_HERZOG_HT_350.jpg","width":255,"height":270},{"@type":"BreadcrumbList","@id":"https:\/\/webdesi-gn.fr\/dev_deltalabo\/produits\/domaines\/preparation-echantillons\/meuleuse-manuelle-a-disques-rotatifs-herzog-ht-350\/#breadcrumb","itemListElement":[{"@type":"ListItem","position":1,"name":"Accueil","item":"https:\/\/webdesi-gn.fr\/dev_deltalabo\/"},{"@type":"ListItem","position":2,"name":"Produits","item":"https:\/\/webdesi-gn.fr\/dev_deltalabo\/produits\/"},{"@type":"ListItem","position":3,"name":"Meuleuse manuelle \u00e0 disques rotatifs HERZOG HT 350"}]},{"@type":"WebSite","@id":"https:\/\/webdesi-gn.fr\/dev_deltalabo\/#website","url":"https:\/\/webdesi-gn.fr\/dev_deltalabo\/","name":"Delta Labo","description":"Un site utilisant WordPress","publisher":{"@id":"https:\/\/webdesi-gn.fr\/dev_deltalabo\/#organization"},"alternateName":"Delta Labo","potentialAction":[{"@type":"SearchAction","target":{"@type":"EntryPoint","urlTemplate":"https:\/\/webdesi-gn.fr\/dev_deltalabo\/?s={search_term_string}"},"query-input":{"@type":"PropertyValueSpecification","valueRequired":true,"valueName":"search_term_string"}}],"inLanguage":"fr-FR"},{"@type":"Organization","@id":"https:\/\/webdesi-gn.fr\/dev_deltalabo\/#organization","name":"DeltaLabo","url":"https:\/\/webdesi-gn.fr\/dev_deltalabo\/","logo":{"@type":"ImageObject","inLanguage":"fr-FR","@id":"https:\/\/webdesi-gn.fr\/dev_deltalabo\/#\/schema\/logo\/image\/","url":"https:\/\/webdesi-gn.fr\/dev_deltalabo\/wp-content\/uploads\/2022\/07\/logo-deltalabo.png","contentUrl":"https:\/\/webdesi-gn.fr\/dev_deltalabo\/wp-content\/uploads\/2022\/07\/logo-deltalabo.png","width":694,"height":306,"caption":"DeltaLabo"},"image":{"@id":"https:\/\/webdesi-gn.fr\/dev_deltalabo\/#\/schema\/logo\/image\/"}}]}},"_links":{"self":[{"href":"https:\/\/webdesi-gn.fr\/dev_deltalabo\/wp-json\/wp\/v2\/product\/256558","targetHints":{"allow":["GET"]}}],"collection":[{"href":"https:\/\/webdesi-gn.fr\/dev_deltalabo\/wp-json\/wp\/v2\/product"}],"about":[{"href":"https:\/\/webdesi-gn.fr\/dev_deltalabo\/wp-json\/wp\/v2\/types\/product"}],"wp:featuredmedia":[{"embeddable":true,"href":"https:\/\/webdesi-gn.fr\/dev_deltalabo\/wp-json\/wp\/v2\/media\/256560"}],"wp:attachment":[{"href":"https:\/\/webdesi-gn.fr\/dev_deltalabo\/wp-json\/wp\/v2\/media?parent=256558"}],"wp:term":[{"taxonomy":"domaine","embeddable":true,"href":"https:\/\/webdesi-gn.fr\/dev_deltalabo\/wp-json\/wp\/v2\/domaine?post=256558"},{"taxonomy":"normes","embeddable":true,"href":"https:\/\/webdesi-gn.fr\/dev_deltalabo\/wp-json\/wp\/v2\/normes?post=256558"},{"taxonomy":"product_brand","embeddable":true,"href":"https:\/\/webdesi-gn.fr\/dev_deltalabo\/wp-json\/wp\/v2\/product_brand?post=256558"},{"taxonomy":"product_cat","embeddable":true,"href":"https:\/\/webdesi-gn.fr\/dev_deltalabo\/wp-json\/wp\/v2\/product_cat?post=256558"},{"taxonomy":"product_tag","embeddable":true,"href":"https:\/\/webdesi-gn.fr\/dev_deltalabo\/wp-json\/wp\/v2\/product_tag?post=256558"}],"curies":[{"name":"wp","href":"https:\/\/api.w.org\/{rel}","templated":true}]}}