{"id":258547,"date":"2025-02-22T18:43:11","date_gmt":"2025-02-22T17:43:11","guid":{"rendered":"https:\/\/webdesi-gn.fr\/dev_deltalabo\/?post_type=product&#038;p=258547"},"modified":"2026-03-30T11:11:03","modified_gmt":"2026-03-30T09:11:03","slug":"tamiseuse-a-courant-dair-alpine-e200ls","status":"publish","type":"product","link":"https:\/\/webdesi-gn.fr\/dev_deltalabo\/produits\/cimenterie-materiaux\/tamiseuse\/tamiseuse-a-courant-dair-alpine-e200ls\/","title":{"rendered":"Tamiseuse \u00e0 courant d&rsquo;air Alpine NEXOPART &#8211; e200LS"},"content":{"rendered":"","protected":false},"excerpt":{"rendered":"<p><strong>Tamiseuse \u00e0 courant d&rsquo;air Alpine NEXOPART &#8211; e200LS :<\/strong><\/p>\n<p>La tamiseuse \u00e0 courant d&rsquo;air Alpine NEXOPART &#8211; e200LS poss\u00e8de le syst\u00e8me par excellence pour tamiser les poudres tr\u00e8s fines. Elle offre une efficacit\u00e9 maximale gr\u00e2ce \u00e0 deux composants qui travaillent ensemble : une buse fendue en rotation dans la chambre de tamisage et un aspirateur industriel connect\u00e9 \u00e0 la chambre de tamisage.<\/p>\n<p>D\u00e8s que l\u2019aspirateur est mis en route, il g\u00e9n\u00e8re un vide dans la chambre de tamisage. La fente \u00e9troite de la buse permet une acc\u00e9l\u00e9ration de l\u2019air qui va traverser le tamis par son dessous. Les particules situ\u00e9es sur le dessus du tamis sont alors dispers\u00e9es par le jet d\u2019air avant d\u2019\u00eatre aspir\u00e9es par l\u2019aspirateur vers le bas \u00e0 travers les mailles du tamis. L\u2019effet obtenu est une s\u00e9paration rapide et efficace du produit passant. Le refus reste sur le tamis et va \u00eatre pes\u00e9 \u00e0 nouveau \u00e0 la fin du tamisage.<\/p>\n<p>Contenu de la livraison : logiciel de conversion Lite, adaptateur de tamis, buse, couvercle en verre acrylique, silencieux d&rsquo;aspiration, marteau et brosse, \u00e9l\u00e9ment de connexion branchement \u00e9lectrique et manuel d&rsquo;utilisation.<\/p>\n<p>Veuillez noter qu&rsquo;une unit\u00e9 de d\u00e9poussi\u00e9rage pour la machine \u00e0 tamiser \u00e0 jet d&rsquo;air doit obligatoirement \u00eatre command\u00e9e.<\/p>\n<p><strong>T\u00e9l\u00e9charger la brochure produit <\/strong>: <a href=\"https:\/\/www.deltalabo.fr\/wp-content\/uploads\/2025\/02\/0011776-Tamiseuse-Alpine-e200LS-fra-DL.pdf\">Tamiseuse \u00e0 courant d&rsquo;air Alpine NEXOPART &#8211; e200LS<\/a><\/p>\n<p><strong>Visualiser l&rsquo;utilisation du produit<\/strong>\u00a0: <a href=\"https:\/\/youtu.be\/By4lR4890nU\">Tamiseuse \u00e0 courant d&rsquo;air Alpine NEXOPART &#8211; e200LS <\/a><\/p>\n","protected":false},"featured_media":262063,"template":"","meta":{"_acf_changed":false,"site-sidebar-layout":"default","site-content-layout":"","ast-site-content-layout":"default","site-content-style":"default","site-sidebar-style":"default","ast-global-header-display":"","ast-banner-title-visibility":"","ast-main-header-display":"","ast-hfb-above-header-display":"","ast-hfb-below-header-display":"","ast-hfb-mobile-header-display":"","site-post-title":"","ast-breadcrumbs-content":"","ast-featured-img":"","footer-sml-layout":"","ast-disable-related-posts":"","theme-transparent-header-meta":"default","adv-header-id-meta":"","stick-header-meta":"","header-above-stick-meta":"","header-main-stick-meta":"","header-below-stick-meta":"","astra-migrate-meta-layouts":"set","ast-page-background-enabled":"default","ast-page-background-meta":{"desktop":{"background-color":"var(--ast-global-color-5)","background-image":"","background-repeat":"repeat","background-position":"center center","background-size":"auto","background-attachment":"scroll","background-type":"","background-media":"","overlay-type":"","overlay-color":"","overlay-opacity":"","overlay-gradient":""},"tablet":{"background-color":"","background-image":"","background-repeat":"repeat","background-position":"center center","background-size":"auto","background-attachment":"scroll","background-type":"","background-media":"","overlay-type":"","overlay-color":"","overlay-opacity":"","overlay-gradient":""},"mobile":{"background-color":"","background-image":"","background-repeat":"repeat","background-position":"center center","background-size":"auto","background-attachment":"scroll","background-type":"","background-media":"","overlay-type":"","overlay-color":"","overlay-opacity":"","overlay-gradient":""}},"ast-content-background-meta":{"desktop":{"background-color":"var(--ast-global-color-4)","background-image":"","background-repeat":"repeat","background-position":"center center","background-size":"auto","background-attachment":"scroll","background-type":"","background-media":"","overlay-type":"","overlay-color":"","overlay-opacity":"","overlay-gradient":""},"tablet":{"background-color":"var(--ast-global-color-4)","background-image":"","background-repeat":"repeat","background-position":"center center","background-size":"auto","background-attachment":"scroll","background-type":"","background-media":"","overlay-type":"","overlay-color":"","overlay-opacity":"","overlay-gradient":""},"mobile":{"background-color":"var(--ast-global-color-4)","background-image":"","background-repeat":"repeat","background-position":"center center","background-size":"auto","background-attachment":"scroll","background-type":"","background-media":"","overlay-type":"","overlay-color":"","overlay-opacity":"","overlay-gradient":""}}},"domaine":[17183],"normes":[],"product_brand":[],"product_cat":[17209],"product_tag":[],"class_list":{"0":"post-258547","1":"product","2":"type-product","3":"status-publish","4":"has-post-thumbnail","6":"domaine-analyses-physico-chimiques","7":"product_cat-tamiseuse","8":"desktop-align-left","9":"tablet-align-left","10":"mobile-align-left","12":"first","13":"instock","14":"shipping-taxable","15":"purchasable","16":"product-type-simple"},"acf":[],"yoast_head":"<!-- This site is optimized with the Yoast SEO plugin v27.4 - https:\/\/yoast.com\/product\/yoast-seo-wordpress\/ -->\n<title>Tamiseuse \u00e0 courant d&#039;air Alpine NEXOPART - e200LS | DeltaLabo<\/title>\n<meta name=\"robots\" content=\"noindex, follow, max-snippet:-1, max-image-preview:large, max-video-preview:-1\" \/>\n<meta property=\"og:locale\" content=\"fr_FR\" \/>\n<meta property=\"og:type\" content=\"article\" \/>\n<meta property=\"og:title\" content=\"Tamiseuse \u00e0 courant d&#039;air Alpine NEXOPART - e200LS | DeltaLabo\" \/>\n<meta property=\"og:description\" content=\"Tamiseuse \u00e0 courant d&#039;air Alpine NEXOPART - e200LS :  La tamiseuse \u00e0 courant d&#039;air Alpine NEXOPART - e200LS poss\u00e8de le syst\u00e8me par excellence pour tamiser les poudres tr\u00e8s fines. Elle offre une efficacit\u00e9 maximale gr\u00e2ce \u00e0 deux composants qui travaillent ensemble : une buse fendue en rotation dans la chambre de tamisage et un aspirateur industriel connect\u00e9 \u00e0 la chambre de tamisage.  D\u00e8s que l\u2019aspirateur est mis en route, il g\u00e9n\u00e8re un vide dans la chambre de tamisage. La fente \u00e9troite de la buse permet une acc\u00e9l\u00e9ration de l\u2019air qui va traverser le tamis par son dessous. Les particules situ\u00e9es sur le dessus du tamis sont alors dispers\u00e9es par le jet d\u2019air avant d\u2019\u00eatre aspir\u00e9es par l\u2019aspirateur vers le bas \u00e0 travers les mailles du tamis. L\u2019effet obtenu est une s\u00e9paration rapide et efficace du produit passant. Le refus reste sur le tamis et va \u00eatre pes\u00e9 \u00e0 nouveau \u00e0 la fin du tamisage.  Contenu de la livraison : logiciel de conversion Lite, adaptateur de tamis, buse, couvercle en verre acrylique, silencieux d&#039;aspiration, marteau et brosse, \u00e9l\u00e9ment de connexion branchement \u00e9lectrique et manuel d&#039;utilisation.  Veuillez noter qu&#039;une unit\u00e9 de d\u00e9poussi\u00e9rage pour la machine \u00e0 tamiser \u00e0 jet d&#039;air doit obligatoirement \u00eatre command\u00e9e.  T\u00e9l\u00e9charger la brochure produit : Tamiseuse \u00e0 courant d&#039;air Alpine NEXOPART - e200LS  Visualiser l&#039;utilisation du produit\u00a0: Tamiseuse \u00e0 courant d&#039;air Alpine NEXOPART - e200LS\" \/>\n<meta property=\"og:url\" content=\"https:\/\/webdesi-gn.fr\/dev_deltalabo\/produits\/cimenterie-materiaux\/tamiseuse\/tamiseuse-a-courant-dair-alpine-e200ls\/\" \/>\n<meta property=\"og:site_name\" content=\"DeltaLabo\" \/>\n<meta property=\"article:modified_time\" content=\"2026-03-30T09:11:03+00:00\" \/>\n<meta property=\"og:image\" content=\"https:\/\/webdesi-gn.fr\/dev_deltalabo\/wp-content\/uploads\/2025\/11\/tamiseuse-courant-air-alpine-e200LS.jpg\" \/>\n\t<meta property=\"og:image:width\" content=\"500\" \/>\n\t<meta property=\"og:image:height\" content=\"500\" \/>\n\t<meta property=\"og:image:type\" content=\"image\/jpeg\" \/>\n<meta name=\"twitter:card\" content=\"summary_large_image\" \/>\n<meta name=\"twitter:label1\" content=\"Dur\u00e9e de lecture estim\u00e9e\" \/>\n\t<meta name=\"twitter:data1\" content=\"1 minute\" \/>\n<script type=\"application\/ld+json\" class=\"yoast-schema-graph\">{\"@context\":\"https:\\\/\\\/schema.org\",\"@graph\":[{\"@type\":\"WebPage\",\"@id\":\"https:\\\/\\\/webdesi-gn.fr\\\/dev_deltalabo\\\/produits\\\/cimenterie-materiaux\\\/tamiseuse\\\/tamiseuse-a-courant-dair-alpine-e200ls\\\/\",\"url\":\"https:\\\/\\\/webdesi-gn.fr\\\/dev_deltalabo\\\/produits\\\/cimenterie-materiaux\\\/tamiseuse\\\/tamiseuse-a-courant-dair-alpine-e200ls\\\/\",\"name\":\"Tamiseuse \u00e0 courant d'air Alpine NEXOPART - e200LS | DeltaLabo\",\"isPartOf\":{\"@id\":\"https:\\\/\\\/webdesi-gn.fr\\\/dev_deltalabo\\\/#website\"},\"primaryImageOfPage\":{\"@id\":\"https:\\\/\\\/webdesi-gn.fr\\\/dev_deltalabo\\\/produits\\\/cimenterie-materiaux\\\/tamiseuse\\\/tamiseuse-a-courant-dair-alpine-e200ls\\\/#primaryimage\"},\"image\":{\"@id\":\"https:\\\/\\\/webdesi-gn.fr\\\/dev_deltalabo\\\/produits\\\/cimenterie-materiaux\\\/tamiseuse\\\/tamiseuse-a-courant-dair-alpine-e200ls\\\/#primaryimage\"},\"thumbnailUrl\":\"https:\\\/\\\/webdesi-gn.fr\\\/dev_deltalabo\\\/wp-content\\\/uploads\\\/2025\\\/11\\\/tamiseuse-courant-air-alpine-e200LS.jpg\",\"datePublished\":\"2025-02-22T17:43:11+00:00\",\"dateModified\":\"2026-03-30T09:11:03+00:00\",\"breadcrumb\":{\"@id\":\"https:\\\/\\\/webdesi-gn.fr\\\/dev_deltalabo\\\/produits\\\/cimenterie-materiaux\\\/tamiseuse\\\/tamiseuse-a-courant-dair-alpine-e200ls\\\/#breadcrumb\"},\"inLanguage\":\"fr-FR\",\"potentialAction\":[{\"@type\":\"ReadAction\",\"target\":[\"https:\\\/\\\/webdesi-gn.fr\\\/dev_deltalabo\\\/produits\\\/cimenterie-materiaux\\\/tamiseuse\\\/tamiseuse-a-courant-dair-alpine-e200ls\\\/\"]}]},{\"@type\":\"ImageObject\",\"inLanguage\":\"fr-FR\",\"@id\":\"https:\\\/\\\/webdesi-gn.fr\\\/dev_deltalabo\\\/produits\\\/cimenterie-materiaux\\\/tamiseuse\\\/tamiseuse-a-courant-dair-alpine-e200ls\\\/#primaryimage\",\"url\":\"https:\\\/\\\/webdesi-gn.fr\\\/dev_deltalabo\\\/wp-content\\\/uploads\\\/2025\\\/11\\\/tamiseuse-courant-air-alpine-e200LS.jpg\",\"contentUrl\":\"https:\\\/\\\/webdesi-gn.fr\\\/dev_deltalabo\\\/wp-content\\\/uploads\\\/2025\\\/11\\\/tamiseuse-courant-air-alpine-e200LS.jpg\",\"width\":500,\"height\":500},{\"@type\":\"BreadcrumbList\",\"@id\":\"https:\\\/\\\/webdesi-gn.fr\\\/dev_deltalabo\\\/produits\\\/cimenterie-materiaux\\\/tamiseuse\\\/tamiseuse-a-courant-dair-alpine-e200ls\\\/#breadcrumb\",\"itemListElement\":[{\"@type\":\"ListItem\",\"position\":1,\"name\":\"Accueil\",\"item\":\"https:\\\/\\\/webdesi-gn.fr\\\/dev_deltalabo\\\/\"},{\"@type\":\"ListItem\",\"position\":2,\"name\":\"Produits\",\"item\":\"https:\\\/\\\/webdesi-gn.fr\\\/dev_deltalabo\\\/produits\\\/\"},{\"@type\":\"ListItem\",\"position\":3,\"name\":\"Tamiseuse \u00e0 courant d&rsquo;air Alpine NEXOPART &#8211; e200LS\"}]},{\"@type\":\"WebSite\",\"@id\":\"https:\\\/\\\/webdesi-gn.fr\\\/dev_deltalabo\\\/#website\",\"url\":\"https:\\\/\\\/webdesi-gn.fr\\\/dev_deltalabo\\\/\",\"name\":\"Delta Labo\",\"description\":\"Un site utilisant WordPress\",\"publisher\":{\"@id\":\"https:\\\/\\\/webdesi-gn.fr\\\/dev_deltalabo\\\/#organization\"},\"alternateName\":\"Delta Labo\",\"potentialAction\":[{\"@type\":\"SearchAction\",\"target\":{\"@type\":\"EntryPoint\",\"urlTemplate\":\"https:\\\/\\\/webdesi-gn.fr\\\/dev_deltalabo\\\/?s={search_term_string}\"},\"query-input\":{\"@type\":\"PropertyValueSpecification\",\"valueRequired\":true,\"valueName\":\"search_term_string\"}}],\"inLanguage\":\"fr-FR\"},{\"@type\":\"Organization\",\"@id\":\"https:\\\/\\\/webdesi-gn.fr\\\/dev_deltalabo\\\/#organization\",\"name\":\"DeltaLabo\",\"url\":\"https:\\\/\\\/webdesi-gn.fr\\\/dev_deltalabo\\\/\",\"logo\":{\"@type\":\"ImageObject\",\"inLanguage\":\"fr-FR\",\"@id\":\"https:\\\/\\\/webdesi-gn.fr\\\/dev_deltalabo\\\/#\\\/schema\\\/logo\\\/image\\\/\",\"url\":\"https:\\\/\\\/webdesi-gn.fr\\\/dev_deltalabo\\\/wp-content\\\/uploads\\\/2022\\\/07\\\/logo-deltalabo.png\",\"contentUrl\":\"https:\\\/\\\/webdesi-gn.fr\\\/dev_deltalabo\\\/wp-content\\\/uploads\\\/2022\\\/07\\\/logo-deltalabo.png\",\"width\":694,\"height\":306,\"caption\":\"DeltaLabo\"},\"image\":{\"@id\":\"https:\\\/\\\/webdesi-gn.fr\\\/dev_deltalabo\\\/#\\\/schema\\\/logo\\\/image\\\/\"}}]}<\/script>\n<!-- \/ Yoast SEO plugin. -->","yoast_head_json":{"title":"Tamiseuse \u00e0 courant d'air Alpine NEXOPART - e200LS | DeltaLabo","robots":{"index":"noindex","follow":"follow","max-snippet":"max-snippet:-1","max-image-preview":"max-image-preview:large","max-video-preview":"max-video-preview:-1"},"og_locale":"fr_FR","og_type":"article","og_title":"Tamiseuse \u00e0 courant d'air Alpine NEXOPART - e200LS | DeltaLabo","og_description":"Tamiseuse \u00e0 courant d'air Alpine NEXOPART - e200LS :  La tamiseuse \u00e0 courant d'air Alpine NEXOPART - e200LS poss\u00e8de le syst\u00e8me par excellence pour tamiser les poudres tr\u00e8s fines. Elle offre une efficacit\u00e9 maximale gr\u00e2ce \u00e0 deux composants qui travaillent ensemble : une buse fendue en rotation dans la chambre de tamisage et un aspirateur industriel connect\u00e9 \u00e0 la chambre de tamisage.  D\u00e8s que l\u2019aspirateur est mis en route, il g\u00e9n\u00e8re un vide dans la chambre de tamisage. La fente \u00e9troite de la buse permet une acc\u00e9l\u00e9ration de l\u2019air qui va traverser le tamis par son dessous. Les particules situ\u00e9es sur le dessus du tamis sont alors dispers\u00e9es par le jet d\u2019air avant d\u2019\u00eatre aspir\u00e9es par l\u2019aspirateur vers le bas \u00e0 travers les mailles du tamis. L\u2019effet obtenu est une s\u00e9paration rapide et efficace du produit passant. Le refus reste sur le tamis et va \u00eatre pes\u00e9 \u00e0 nouveau \u00e0 la fin du tamisage.  Contenu de la livraison : logiciel de conversion Lite, adaptateur de tamis, buse, couvercle en verre acrylique, silencieux d'aspiration, marteau et brosse, \u00e9l\u00e9ment de connexion branchement \u00e9lectrique et manuel d'utilisation.  Veuillez noter qu'une unit\u00e9 de d\u00e9poussi\u00e9rage pour la machine \u00e0 tamiser \u00e0 jet d'air doit obligatoirement \u00eatre command\u00e9e.  T\u00e9l\u00e9charger la brochure produit : Tamiseuse \u00e0 courant d'air Alpine NEXOPART - e200LS  Visualiser l'utilisation du produit\u00a0: Tamiseuse \u00e0 courant d'air Alpine NEXOPART - e200LS","og_url":"https:\/\/webdesi-gn.fr\/dev_deltalabo\/produits\/cimenterie-materiaux\/tamiseuse\/tamiseuse-a-courant-dair-alpine-e200ls\/","og_site_name":"DeltaLabo","article_modified_time":"2026-03-30T09:11:03+00:00","og_image":[{"width":500,"height":500,"url":"https:\/\/webdesi-gn.fr\/dev_deltalabo\/wp-content\/uploads\/2025\/11\/tamiseuse-courant-air-alpine-e200LS.jpg","type":"image\/jpeg"}],"twitter_card":"summary_large_image","twitter_misc":{"Dur\u00e9e de lecture estim\u00e9e":"1 minute"},"schema":{"@context":"https:\/\/schema.org","@graph":[{"@type":"WebPage","@id":"https:\/\/webdesi-gn.fr\/dev_deltalabo\/produits\/cimenterie-materiaux\/tamiseuse\/tamiseuse-a-courant-dair-alpine-e200ls\/","url":"https:\/\/webdesi-gn.fr\/dev_deltalabo\/produits\/cimenterie-materiaux\/tamiseuse\/tamiseuse-a-courant-dair-alpine-e200ls\/","name":"Tamiseuse \u00e0 courant d'air Alpine NEXOPART - e200LS | DeltaLabo","isPartOf":{"@id":"https:\/\/webdesi-gn.fr\/dev_deltalabo\/#website"},"primaryImageOfPage":{"@id":"https:\/\/webdesi-gn.fr\/dev_deltalabo\/produits\/cimenterie-materiaux\/tamiseuse\/tamiseuse-a-courant-dair-alpine-e200ls\/#primaryimage"},"image":{"@id":"https:\/\/webdesi-gn.fr\/dev_deltalabo\/produits\/cimenterie-materiaux\/tamiseuse\/tamiseuse-a-courant-dair-alpine-e200ls\/#primaryimage"},"thumbnailUrl":"https:\/\/webdesi-gn.fr\/dev_deltalabo\/wp-content\/uploads\/2025\/11\/tamiseuse-courant-air-alpine-e200LS.jpg","datePublished":"2025-02-22T17:43:11+00:00","dateModified":"2026-03-30T09:11:03+00:00","breadcrumb":{"@id":"https:\/\/webdesi-gn.fr\/dev_deltalabo\/produits\/cimenterie-materiaux\/tamiseuse\/tamiseuse-a-courant-dair-alpine-e200ls\/#breadcrumb"},"inLanguage":"fr-FR","potentialAction":[{"@type":"ReadAction","target":["https:\/\/webdesi-gn.fr\/dev_deltalabo\/produits\/cimenterie-materiaux\/tamiseuse\/tamiseuse-a-courant-dair-alpine-e200ls\/"]}]},{"@type":"ImageObject","inLanguage":"fr-FR","@id":"https:\/\/webdesi-gn.fr\/dev_deltalabo\/produits\/cimenterie-materiaux\/tamiseuse\/tamiseuse-a-courant-dair-alpine-e200ls\/#primaryimage","url":"https:\/\/webdesi-gn.fr\/dev_deltalabo\/wp-content\/uploads\/2025\/11\/tamiseuse-courant-air-alpine-e200LS.jpg","contentUrl":"https:\/\/webdesi-gn.fr\/dev_deltalabo\/wp-content\/uploads\/2025\/11\/tamiseuse-courant-air-alpine-e200LS.jpg","width":500,"height":500},{"@type":"BreadcrumbList","@id":"https:\/\/webdesi-gn.fr\/dev_deltalabo\/produits\/cimenterie-materiaux\/tamiseuse\/tamiseuse-a-courant-dair-alpine-e200ls\/#breadcrumb","itemListElement":[{"@type":"ListItem","position":1,"name":"Accueil","item":"https:\/\/webdesi-gn.fr\/dev_deltalabo\/"},{"@type":"ListItem","position":2,"name":"Produits","item":"https:\/\/webdesi-gn.fr\/dev_deltalabo\/produits\/"},{"@type":"ListItem","position":3,"name":"Tamiseuse \u00e0 courant d&rsquo;air Alpine NEXOPART &#8211; e200LS"}]},{"@type":"WebSite","@id":"https:\/\/webdesi-gn.fr\/dev_deltalabo\/#website","url":"https:\/\/webdesi-gn.fr\/dev_deltalabo\/","name":"Delta Labo","description":"Un site utilisant WordPress","publisher":{"@id":"https:\/\/webdesi-gn.fr\/dev_deltalabo\/#organization"},"alternateName":"Delta Labo","potentialAction":[{"@type":"SearchAction","target":{"@type":"EntryPoint","urlTemplate":"https:\/\/webdesi-gn.fr\/dev_deltalabo\/?s={search_term_string}"},"query-input":{"@type":"PropertyValueSpecification","valueRequired":true,"valueName":"search_term_string"}}],"inLanguage":"fr-FR"},{"@type":"Organization","@id":"https:\/\/webdesi-gn.fr\/dev_deltalabo\/#organization","name":"DeltaLabo","url":"https:\/\/webdesi-gn.fr\/dev_deltalabo\/","logo":{"@type":"ImageObject","inLanguage":"fr-FR","@id":"https:\/\/webdesi-gn.fr\/dev_deltalabo\/#\/schema\/logo\/image\/","url":"https:\/\/webdesi-gn.fr\/dev_deltalabo\/wp-content\/uploads\/2022\/07\/logo-deltalabo.png","contentUrl":"https:\/\/webdesi-gn.fr\/dev_deltalabo\/wp-content\/uploads\/2022\/07\/logo-deltalabo.png","width":694,"height":306,"caption":"DeltaLabo"},"image":{"@id":"https:\/\/webdesi-gn.fr\/dev_deltalabo\/#\/schema\/logo\/image\/"}}]}},"_links":{"self":[{"href":"https:\/\/webdesi-gn.fr\/dev_deltalabo\/wp-json\/wp\/v2\/product\/258547","targetHints":{"allow":["GET"]}}],"collection":[{"href":"https:\/\/webdesi-gn.fr\/dev_deltalabo\/wp-json\/wp\/v2\/product"}],"about":[{"href":"https:\/\/webdesi-gn.fr\/dev_deltalabo\/wp-json\/wp\/v2\/types\/product"}],"wp:featuredmedia":[{"embeddable":true,"href":"https:\/\/webdesi-gn.fr\/dev_deltalabo\/wp-json\/wp\/v2\/media\/262063"}],"wp:attachment":[{"href":"https:\/\/webdesi-gn.fr\/dev_deltalabo\/wp-json\/wp\/v2\/media?parent=258547"}],"wp:term":[{"taxonomy":"domaine","embeddable":true,"href":"https:\/\/webdesi-gn.fr\/dev_deltalabo\/wp-json\/wp\/v2\/domaine?post=258547"},{"taxonomy":"normes","embeddable":true,"href":"https:\/\/webdesi-gn.fr\/dev_deltalabo\/wp-json\/wp\/v2\/normes?post=258547"},{"taxonomy":"product_brand","embeddable":true,"href":"https:\/\/webdesi-gn.fr\/dev_deltalabo\/wp-json\/wp\/v2\/product_brand?post=258547"},{"taxonomy":"product_cat","embeddable":true,"href":"https:\/\/webdesi-gn.fr\/dev_deltalabo\/wp-json\/wp\/v2\/product_cat?post=258547"},{"taxonomy":"product_tag","embeddable":true,"href":"https:\/\/webdesi-gn.fr\/dev_deltalabo\/wp-json\/wp\/v2\/product_tag?post=258547"}],"curies":[{"name":"wp","href":"https:\/\/api.w.org\/{rel}","templated":true}]}}