{"id":258548,"date":"2025-02-23T08:22:00","date_gmt":"2025-02-23T07:22:00","guid":{"rendered":"https:\/\/webdesi-gn.fr\/dev_deltalabo\/?post_type=product&#038;p=258548"},"modified":"2025-11-24T13:43:18","modified_gmt":"2025-11-24T12:43:18","slug":"tamiseuse-rotap-rx29","status":"publish","type":"product","link":"https:\/\/webdesi-gn.fr\/dev_deltalabo\/produits\/categories\/tamiseuse-rotap-rx29\/","title":{"rendered":"Tamiseuse RO-TAP\u00ae NEXOPART &#8211; RX-29"},"content":{"rendered":"","protected":false},"excerpt":{"rendered":"<p><strong>Tamiseuse RO-TAP\u00ae NEXOPART &#8211; RX-29 :<\/strong><\/p>\n<p>La tamiseuse RO-TAP\u00ae NEXOPART &#8211; RX-29 fonctionne de mani\u00e8re bidimensionnelle. Elle combine une rotation horizontale \u00e0 des impulsions percutantes verticales, imitant ainsi les mouvements circulaires et de frappe du tamisage manuel.<\/p>\n<p>Cette m\u00e9thode de tamisage par vibration est particuli\u00e8rement adapt\u00e9e aux particules de formes inhabituelles. La tamiseuse RO-TAP\u00ae &#8211; RX-29 permet aux particules de se stratifier et de traverser les ouvertures critiques du tamis, supprimant un tamisage manuel suppl\u00e9mentaire.<\/p>\n<p>Gr\u00e2ce \u00e0 la coordination pr\u00e9cise des deux composantes de mouvement, la tamiseuse RO-TAP\u00ae &#8211; RX-29 am\u00e9liore consid\u00e9rablement la finesse de s\u00e9paration et la vitesse d\u2019analyse. Avec un tamisage standardis\u00e9 et automatis\u00e9, vous obtenez \u00e9galement des r\u00e9sultats reproductibles pour le tamisage \u00e0 sec.<\/p>\n<p>Caract\u00e9ristiques :<\/p>\n<ul>\n<li>Plage de granulom\u00e9trie : 20 \u00b5m &#8211; 125 mm<\/li>\n<li>Charge maximale de tamisage par tamis : environ 3 kg<\/li>\n<li>Poids de la tour de tamisage : max. 8,7 kg<\/li>\n<li>Diam\u00e8tre du tamis : 200 mm ou 203 mm<\/li>\n<li>Nombre maximal de tamis : 6 (hauteur 50 mm), 13 (hauteur 32 mm)<\/li>\n<\/ul>\n<p><strong>T\u00e9l\u00e9charger la brochure produit <\/strong>: <a href=\"https:\/\/www.deltalabo.fr\/wp-content\/uploads\/2025\/02\/0012148-Tamiseuse-ROTAP-RX29-doc-fra-DL.pdf\">Tamiseuse RO-TAP\u00ae NEXOPART &#8211; RX-29<\/a><\/p>\n<p><strong>Visualiser l&rsquo;utilisation du produit <\/strong>: <a href=\"https:\/\/youtu.be\/18Qj_gGDwoQ\">Tamiseuse RO-TAP\u00ae NEXOPART &#8211; RX-29<\/a><\/p>\n","protected":false},"featured_media":262062,"template":"","meta":{"_acf_changed":false,"site-sidebar-layout":"default","site-content-layout":"","ast-site-content-layout":"default","site-content-style":"default","site-sidebar-style":"default","ast-global-header-display":"","ast-banner-title-visibility":"","ast-main-header-display":"","ast-hfb-above-header-display":"","ast-hfb-below-header-display":"","ast-hfb-mobile-header-display":"","site-post-title":"","ast-breadcrumbs-content":"","ast-featured-img":"","footer-sml-layout":"","ast-disable-related-posts":"","theme-transparent-header-meta":"","adv-header-id-meta":"","stick-header-meta":"","header-above-stick-meta":"","header-main-stick-meta":"","header-below-stick-meta":"","astra-migrate-meta-layouts":"default","ast-page-background-enabled":"default","ast-page-background-meta":{"desktop":{"background-color":"var(--ast-global-color-5)","background-image":"","background-repeat":"repeat","background-position":"center center","background-size":"auto","background-attachment":"scroll","background-type":"","background-media":"","overlay-type":"","overlay-color":"","overlay-opacity":"","overlay-gradient":""},"tablet":{"background-color":"","background-image":"","background-repeat":"repeat","background-position":"center center","background-size":"auto","background-attachment":"scroll","background-type":"","background-media":"","overlay-type":"","overlay-color":"","overlay-opacity":"","overlay-gradient":""},"mobile":{"background-color":"","background-image":"","background-repeat":"repeat","background-position":"center center","background-size":"auto","background-attachment":"scroll","background-type":"","background-media":"","overlay-type":"","overlay-color":"","overlay-opacity":"","overlay-gradient":""}},"ast-content-background-meta":{"desktop":{"background-color":"var(--ast-global-color-4)","background-image":"","background-repeat":"repeat","background-position":"center center","background-size":"auto","background-attachment":"scroll","background-type":"","background-media":"","overlay-type":"","overlay-color":"","overlay-opacity":"","overlay-gradient":""},"tablet":{"background-color":"var(--ast-global-color-4)","background-image":"","background-repeat":"repeat","background-position":"center center","background-size":"auto","background-attachment":"scroll","background-type":"","background-media":"","overlay-type":"","overlay-color":"","overlay-opacity":"","overlay-gradient":""},"mobile":{"background-color":"var(--ast-global-color-4)","background-image":"","background-repeat":"repeat","background-position":"center center","background-size":"auto","background-attachment":"scroll","background-type":"","background-media":"","overlay-type":"","overlay-color":"","overlay-opacity":"","overlay-gradient":""}}},"domaine":[17183],"normes":[],"product_brand":[],"product_cat":[17240],"product_tag":[],"class_list":{"0":"post-258548","1":"product","2":"type-product","3":"status-publish","4":"has-post-thumbnail","6":"domaine-analyses-physico-chimiques","7":"product_cat-categories","8":"desktop-align-left","9":"tablet-align-left","10":"mobile-align-left","12":"first","13":"instock","14":"shipping-taxable","15":"product-type-simple"},"acf":[],"yoast_head":"<!-- This site is optimized with the Yoast SEO plugin v27.4 - https:\/\/yoast.com\/product\/yoast-seo-wordpress\/ -->\n<title>Tamiseuse RO-TAP\u00ae NEXOPART - RX-29 | DeltaLabo<\/title>\n<meta name=\"robots\" content=\"noindex, follow, max-snippet:-1, max-image-preview:large, max-video-preview:-1\" \/>\n<meta property=\"og:locale\" content=\"fr_FR\" \/>\n<meta property=\"og:type\" content=\"article\" \/>\n<meta property=\"og:title\" content=\"Tamiseuse RO-TAP\u00ae NEXOPART - RX-29 | DeltaLabo\" \/>\n<meta property=\"og:description\" content=\"Tamiseuse RO-TAP\u00ae NEXOPART - RX-29 :  La tamiseuse RO-TAP\u00ae NEXOPART - RX-29 fonctionne de mani\u00e8re bidimensionnelle. Elle combine une rotation horizontale \u00e0 des impulsions percutantes verticales, imitant ainsi les mouvements circulaires et de frappe du tamisage manuel.  Cette m\u00e9thode de tamisage par vibration est particuli\u00e8rement adapt\u00e9e aux particules de formes inhabituelles. La tamiseuse RO-TAP\u00ae - RX-29 permet aux particules de se stratifier et de traverser les ouvertures critiques du tamis, supprimant un tamisage manuel suppl\u00e9mentaire.  Gr\u00e2ce \u00e0 la coordination pr\u00e9cise des deux composantes de mouvement, la tamiseuse RO-TAP\u00ae - RX-29 am\u00e9liore consid\u00e9rablement la finesse de s\u00e9paration et la vitesse d\u2019analyse. Avec un tamisage standardis\u00e9 et automatis\u00e9, vous obtenez \u00e9galement des r\u00e9sultats reproductibles pour le tamisage \u00e0 sec.  Caract\u00e9ristiques :   Plage de granulom\u00e9trie : 20 \u00b5m - 125 mm  Charge maximale de tamisage par tamis : environ 3 kg  Poids de la tour de tamisage : max. 8,7 kg  Diam\u00e8tre du tamis : 200 mm ou 203 mm  Nombre maximal de tamis : 6 (hauteur 50 mm), 13 (hauteur 32 mm)  T\u00e9l\u00e9charger la brochure produit : Tamiseuse RO-TAP\u00ae NEXOPART - RX-29  Visualiser l&#039;utilisation du produit : Tamiseuse RO-TAP\u00ae NEXOPART - RX-29\" \/>\n<meta property=\"og:url\" content=\"https:\/\/webdesi-gn.fr\/dev_deltalabo\/produits\/cimenterie-carrieres\/tamiseuse-rotap-rx29\/\" \/>\n<meta property=\"og:site_name\" content=\"DeltaLabo\" \/>\n<meta property=\"article:modified_time\" content=\"2025-11-24T12:43:18+00:00\" \/>\n<meta property=\"og:image\" content=\"https:\/\/webdesi-gn.fr\/dev_deltalabo\/wp-content\/uploads\/2025\/02\/0012148-Tamiseuse-ROTAP-RX29-photo-redim-800x741-1.jpg\" \/>\n\t<meta property=\"og:image:width\" content=\"800\" \/>\n\t<meta property=\"og:image:height\" content=\"741\" \/>\n\t<meta property=\"og:image:type\" content=\"image\/jpeg\" \/>\n<meta name=\"twitter:card\" content=\"summary_large_image\" \/>\n<meta name=\"twitter:label1\" content=\"Dur\u00e9e de lecture estim\u00e9e\" \/>\n\t<meta name=\"twitter:data1\" content=\"1 minute\" \/>\n<script type=\"application\/ld+json\" class=\"yoast-schema-graph\">{\"@context\":\"https:\\\/\\\/schema.org\",\"@graph\":[{\"@type\":\"WebPage\",\"@id\":\"https:\\\/\\\/webdesi-gn.fr\\\/dev_deltalabo\\\/produits\\\/cimenterie-carrieres\\\/tamiseuse-rotap-rx29\\\/\",\"url\":\"https:\\\/\\\/webdesi-gn.fr\\\/dev_deltalabo\\\/produits\\\/cimenterie-carrieres\\\/tamiseuse-rotap-rx29\\\/\",\"name\":\"Tamiseuse RO-TAP\u00ae NEXOPART - RX-29 | DeltaLabo\",\"isPartOf\":{\"@id\":\"https:\\\/\\\/webdesi-gn.fr\\\/dev_deltalabo\\\/#website\"},\"primaryImageOfPage\":{\"@id\":\"https:\\\/\\\/webdesi-gn.fr\\\/dev_deltalabo\\\/produits\\\/cimenterie-carrieres\\\/tamiseuse-rotap-rx29\\\/#primaryimage\"},\"image\":{\"@id\":\"https:\\\/\\\/webdesi-gn.fr\\\/dev_deltalabo\\\/produits\\\/cimenterie-carrieres\\\/tamiseuse-rotap-rx29\\\/#primaryimage\"},\"thumbnailUrl\":\"https:\\\/\\\/webdesi-gn.fr\\\/dev_deltalabo\\\/wp-content\\\/uploads\\\/2025\\\/11\\\/0012148-Tamiseuse-ROTAP-RX29-photo-redim-800x741-1.jpg\",\"datePublished\":\"2025-02-23T07:22:00+00:00\",\"dateModified\":\"2025-11-24T12:43:18+00:00\",\"breadcrumb\":{\"@id\":\"https:\\\/\\\/webdesi-gn.fr\\\/dev_deltalabo\\\/produits\\\/cimenterie-carrieres\\\/tamiseuse-rotap-rx29\\\/#breadcrumb\"},\"inLanguage\":\"fr-FR\",\"potentialAction\":[{\"@type\":\"ReadAction\",\"target\":[\"https:\\\/\\\/webdesi-gn.fr\\\/dev_deltalabo\\\/produits\\\/cimenterie-carrieres\\\/tamiseuse-rotap-rx29\\\/\"]}]},{\"@type\":\"ImageObject\",\"inLanguage\":\"fr-FR\",\"@id\":\"https:\\\/\\\/webdesi-gn.fr\\\/dev_deltalabo\\\/produits\\\/cimenterie-carrieres\\\/tamiseuse-rotap-rx29\\\/#primaryimage\",\"url\":\"https:\\\/\\\/webdesi-gn.fr\\\/dev_deltalabo\\\/wp-content\\\/uploads\\\/2025\\\/11\\\/0012148-Tamiseuse-ROTAP-RX29-photo-redim-800x741-1.jpg\",\"contentUrl\":\"https:\\\/\\\/webdesi-gn.fr\\\/dev_deltalabo\\\/wp-content\\\/uploads\\\/2025\\\/11\\\/0012148-Tamiseuse-ROTAP-RX29-photo-redim-800x741-1.jpg\",\"width\":800,\"height\":741},{\"@type\":\"BreadcrumbList\",\"@id\":\"https:\\\/\\\/webdesi-gn.fr\\\/dev_deltalabo\\\/produits\\\/cimenterie-carrieres\\\/tamiseuse-rotap-rx29\\\/#breadcrumb\",\"itemListElement\":[{\"@type\":\"ListItem\",\"position\":1,\"name\":\"Accueil\",\"item\":\"https:\\\/\\\/webdesi-gn.fr\\\/dev_deltalabo\\\/\"},{\"@type\":\"ListItem\",\"position\":2,\"name\":\"Produits\",\"item\":\"https:\\\/\\\/webdesi-gn.fr\\\/dev_deltalabo\\\/produits\\\/\"},{\"@type\":\"ListItem\",\"position\":3,\"name\":\"Tamiseuse RO-TAP\u00ae NEXOPART &#8211; RX-29\"}]},{\"@type\":\"WebSite\",\"@id\":\"https:\\\/\\\/webdesi-gn.fr\\\/dev_deltalabo\\\/#website\",\"url\":\"https:\\\/\\\/webdesi-gn.fr\\\/dev_deltalabo\\\/\",\"name\":\"Delta Labo\",\"description\":\"Un site utilisant WordPress\",\"publisher\":{\"@id\":\"https:\\\/\\\/webdesi-gn.fr\\\/dev_deltalabo\\\/#organization\"},\"alternateName\":\"Delta Labo\",\"potentialAction\":[{\"@type\":\"SearchAction\",\"target\":{\"@type\":\"EntryPoint\",\"urlTemplate\":\"https:\\\/\\\/webdesi-gn.fr\\\/dev_deltalabo\\\/?s={search_term_string}\"},\"query-input\":{\"@type\":\"PropertyValueSpecification\",\"valueRequired\":true,\"valueName\":\"search_term_string\"}}],\"inLanguage\":\"fr-FR\"},{\"@type\":\"Organization\",\"@id\":\"https:\\\/\\\/webdesi-gn.fr\\\/dev_deltalabo\\\/#organization\",\"name\":\"DeltaLabo\",\"url\":\"https:\\\/\\\/webdesi-gn.fr\\\/dev_deltalabo\\\/\",\"logo\":{\"@type\":\"ImageObject\",\"inLanguage\":\"fr-FR\",\"@id\":\"https:\\\/\\\/webdesi-gn.fr\\\/dev_deltalabo\\\/#\\\/schema\\\/logo\\\/image\\\/\",\"url\":\"https:\\\/\\\/webdesi-gn.fr\\\/dev_deltalabo\\\/wp-content\\\/uploads\\\/2022\\\/07\\\/logo-deltalabo.png\",\"contentUrl\":\"https:\\\/\\\/webdesi-gn.fr\\\/dev_deltalabo\\\/wp-content\\\/uploads\\\/2022\\\/07\\\/logo-deltalabo.png\",\"width\":694,\"height\":306,\"caption\":\"DeltaLabo\"},\"image\":{\"@id\":\"https:\\\/\\\/webdesi-gn.fr\\\/dev_deltalabo\\\/#\\\/schema\\\/logo\\\/image\\\/\"}}]}<\/script>\n<!-- \/ Yoast SEO plugin. -->","yoast_head_json":{"title":"Tamiseuse RO-TAP\u00ae NEXOPART - RX-29 | DeltaLabo","robots":{"index":"noindex","follow":"follow","max-snippet":"max-snippet:-1","max-image-preview":"max-image-preview:large","max-video-preview":"max-video-preview:-1"},"og_locale":"fr_FR","og_type":"article","og_title":"Tamiseuse RO-TAP\u00ae NEXOPART - RX-29 | DeltaLabo","og_description":"Tamiseuse RO-TAP\u00ae NEXOPART - RX-29 :  La tamiseuse RO-TAP\u00ae NEXOPART - RX-29 fonctionne de mani\u00e8re bidimensionnelle. Elle combine une rotation horizontale \u00e0 des impulsions percutantes verticales, imitant ainsi les mouvements circulaires et de frappe du tamisage manuel.  Cette m\u00e9thode de tamisage par vibration est particuli\u00e8rement adapt\u00e9e aux particules de formes inhabituelles. La tamiseuse RO-TAP\u00ae - RX-29 permet aux particules de se stratifier et de traverser les ouvertures critiques du tamis, supprimant un tamisage manuel suppl\u00e9mentaire.  Gr\u00e2ce \u00e0 la coordination pr\u00e9cise des deux composantes de mouvement, la tamiseuse RO-TAP\u00ae - RX-29 am\u00e9liore consid\u00e9rablement la finesse de s\u00e9paration et la vitesse d\u2019analyse. Avec un tamisage standardis\u00e9 et automatis\u00e9, vous obtenez \u00e9galement des r\u00e9sultats reproductibles pour le tamisage \u00e0 sec.  Caract\u00e9ristiques :   Plage de granulom\u00e9trie : 20 \u00b5m - 125 mm  Charge maximale de tamisage par tamis : environ 3 kg  Poids de la tour de tamisage : max. 8,7 kg  Diam\u00e8tre du tamis : 200 mm ou 203 mm  Nombre maximal de tamis : 6 (hauteur 50 mm), 13 (hauteur 32 mm)  T\u00e9l\u00e9charger la brochure produit : Tamiseuse RO-TAP\u00ae NEXOPART - RX-29  Visualiser l'utilisation du produit : Tamiseuse RO-TAP\u00ae NEXOPART - RX-29","og_url":"https:\/\/webdesi-gn.fr\/dev_deltalabo\/produits\/cimenterie-carrieres\/tamiseuse-rotap-rx29\/","og_site_name":"DeltaLabo","article_modified_time":"2025-11-24T12:43:18+00:00","og_image":[{"width":800,"height":741,"url":"https:\/\/webdesi-gn.fr\/dev_deltalabo\/wp-content\/uploads\/2025\/02\/0012148-Tamiseuse-ROTAP-RX29-photo-redim-800x741-1.jpg","type":"image\/jpeg"}],"twitter_card":"summary_large_image","twitter_misc":{"Dur\u00e9e de lecture estim\u00e9e":"1 minute"},"schema":{"@context":"https:\/\/schema.org","@graph":[{"@type":"WebPage","@id":"https:\/\/webdesi-gn.fr\/dev_deltalabo\/produits\/cimenterie-carrieres\/tamiseuse-rotap-rx29\/","url":"https:\/\/webdesi-gn.fr\/dev_deltalabo\/produits\/cimenterie-carrieres\/tamiseuse-rotap-rx29\/","name":"Tamiseuse RO-TAP\u00ae NEXOPART - RX-29 | DeltaLabo","isPartOf":{"@id":"https:\/\/webdesi-gn.fr\/dev_deltalabo\/#website"},"primaryImageOfPage":{"@id":"https:\/\/webdesi-gn.fr\/dev_deltalabo\/produits\/cimenterie-carrieres\/tamiseuse-rotap-rx29\/#primaryimage"},"image":{"@id":"https:\/\/webdesi-gn.fr\/dev_deltalabo\/produits\/cimenterie-carrieres\/tamiseuse-rotap-rx29\/#primaryimage"},"thumbnailUrl":"https:\/\/webdesi-gn.fr\/dev_deltalabo\/wp-content\/uploads\/2025\/11\/0012148-Tamiseuse-ROTAP-RX29-photo-redim-800x741-1.jpg","datePublished":"2025-02-23T07:22:00+00:00","dateModified":"2025-11-24T12:43:18+00:00","breadcrumb":{"@id":"https:\/\/webdesi-gn.fr\/dev_deltalabo\/produits\/cimenterie-carrieres\/tamiseuse-rotap-rx29\/#breadcrumb"},"inLanguage":"fr-FR","potentialAction":[{"@type":"ReadAction","target":["https:\/\/webdesi-gn.fr\/dev_deltalabo\/produits\/cimenterie-carrieres\/tamiseuse-rotap-rx29\/"]}]},{"@type":"ImageObject","inLanguage":"fr-FR","@id":"https:\/\/webdesi-gn.fr\/dev_deltalabo\/produits\/cimenterie-carrieres\/tamiseuse-rotap-rx29\/#primaryimage","url":"https:\/\/webdesi-gn.fr\/dev_deltalabo\/wp-content\/uploads\/2025\/11\/0012148-Tamiseuse-ROTAP-RX29-photo-redim-800x741-1.jpg","contentUrl":"https:\/\/webdesi-gn.fr\/dev_deltalabo\/wp-content\/uploads\/2025\/11\/0012148-Tamiseuse-ROTAP-RX29-photo-redim-800x741-1.jpg","width":800,"height":741},{"@type":"BreadcrumbList","@id":"https:\/\/webdesi-gn.fr\/dev_deltalabo\/produits\/cimenterie-carrieres\/tamiseuse-rotap-rx29\/#breadcrumb","itemListElement":[{"@type":"ListItem","position":1,"name":"Accueil","item":"https:\/\/webdesi-gn.fr\/dev_deltalabo\/"},{"@type":"ListItem","position":2,"name":"Produits","item":"https:\/\/webdesi-gn.fr\/dev_deltalabo\/produits\/"},{"@type":"ListItem","position":3,"name":"Tamiseuse RO-TAP\u00ae NEXOPART &#8211; RX-29"}]},{"@type":"WebSite","@id":"https:\/\/webdesi-gn.fr\/dev_deltalabo\/#website","url":"https:\/\/webdesi-gn.fr\/dev_deltalabo\/","name":"Delta Labo","description":"Un site utilisant WordPress","publisher":{"@id":"https:\/\/webdesi-gn.fr\/dev_deltalabo\/#organization"},"alternateName":"Delta Labo","potentialAction":[{"@type":"SearchAction","target":{"@type":"EntryPoint","urlTemplate":"https:\/\/webdesi-gn.fr\/dev_deltalabo\/?s={search_term_string}"},"query-input":{"@type":"PropertyValueSpecification","valueRequired":true,"valueName":"search_term_string"}}],"inLanguage":"fr-FR"},{"@type":"Organization","@id":"https:\/\/webdesi-gn.fr\/dev_deltalabo\/#organization","name":"DeltaLabo","url":"https:\/\/webdesi-gn.fr\/dev_deltalabo\/","logo":{"@type":"ImageObject","inLanguage":"fr-FR","@id":"https:\/\/webdesi-gn.fr\/dev_deltalabo\/#\/schema\/logo\/image\/","url":"https:\/\/webdesi-gn.fr\/dev_deltalabo\/wp-content\/uploads\/2022\/07\/logo-deltalabo.png","contentUrl":"https:\/\/webdesi-gn.fr\/dev_deltalabo\/wp-content\/uploads\/2022\/07\/logo-deltalabo.png","width":694,"height":306,"caption":"DeltaLabo"},"image":{"@id":"https:\/\/webdesi-gn.fr\/dev_deltalabo\/#\/schema\/logo\/image\/"}}]}},"_links":{"self":[{"href":"https:\/\/webdesi-gn.fr\/dev_deltalabo\/wp-json\/wp\/v2\/product\/258548","targetHints":{"allow":["GET"]}}],"collection":[{"href":"https:\/\/webdesi-gn.fr\/dev_deltalabo\/wp-json\/wp\/v2\/product"}],"about":[{"href":"https:\/\/webdesi-gn.fr\/dev_deltalabo\/wp-json\/wp\/v2\/types\/product"}],"wp:featuredmedia":[{"embeddable":true,"href":"https:\/\/webdesi-gn.fr\/dev_deltalabo\/wp-json\/wp\/v2\/media\/262062"}],"wp:attachment":[{"href":"https:\/\/webdesi-gn.fr\/dev_deltalabo\/wp-json\/wp\/v2\/media?parent=258548"}],"wp:term":[{"taxonomy":"domaine","embeddable":true,"href":"https:\/\/webdesi-gn.fr\/dev_deltalabo\/wp-json\/wp\/v2\/domaine?post=258548"},{"taxonomy":"normes","embeddable":true,"href":"https:\/\/webdesi-gn.fr\/dev_deltalabo\/wp-json\/wp\/v2\/normes?post=258548"},{"taxonomy":"product_brand","embeddable":true,"href":"https:\/\/webdesi-gn.fr\/dev_deltalabo\/wp-json\/wp\/v2\/product_brand?post=258548"},{"taxonomy":"product_cat","embeddable":true,"href":"https:\/\/webdesi-gn.fr\/dev_deltalabo\/wp-json\/wp\/v2\/product_cat?post=258548"},{"taxonomy":"product_tag","embeddable":true,"href":"https:\/\/webdesi-gn.fr\/dev_deltalabo\/wp-json\/wp\/v2\/product_tag?post=258548"}],"curies":[{"name":"wp","href":"https:\/\/api.w.org\/{rel}","templated":true}]}}