{"id":259308,"date":"2025-03-30T11:56:04","date_gmt":"2025-03-30T09:56:04","guid":{"rendered":"https:\/\/webdesi-gn.fr\/dev_deltalabo\/?post_type=product&#038;p=259308"},"modified":"2025-11-24T15:40:10","modified_gmt":"2025-11-24T14:40:10","slug":"point-eclair-automatique-miniflash-avec-passeur-dechantillons","status":"publish","type":"product","link":"https:\/\/webdesi-gn.fr\/dev_deltalabo\/produits\/cat-produit\/point-eclair-automatique-miniflash-avec-passeur-dechantillons\/","title":{"rendered":"Point \u00e9clair automatique GRABNER MINIFLASH FP-VISION avec passeur d&rsquo;\u00e9chantillons"},"content":{"rendered":"","protected":false},"excerpt":{"rendered":"<p>Le Grabner Miniflash FP(H) Vision combin\u00e9 au passeur automatique (FPA) est tout particuli\u00e8rement adapt\u00e9 aux tests sur de nombreux \u00e9chantillons \u00e0 forte valeur ajout\u00e9e comme les huiles essentielles, compositions aromatiques, compositions parfum\u00e9es. Le volume d&rsquo;\u00e9chantillon n\u00e9cessaire est limit\u00e9 \u00e0 1- 2ml ! Le passeur automatique accepte 12 coupelles \u00e9chantillons.<\/p>\n<ul>\n<li>Conforme aux normes ASTM D6450 et ASTM D7094.<\/li>\n<li>Excellente corr\u00e9lation aux normes ASTM D93, ASTM D56, IP 170, ISO 3679\/3680, ASTM D3828.<\/li>\n<li>Cellule de mesure ferm\u00e9e pendant tout le processus de mesure.<\/li>\n<li>Plage de mesure selon la configuration : de -25\u00b0 \u00e0 400\u00b0C.<\/li>\n<li>Interfaces : 2 x Ethernet, 4 x USB.<\/li>\n<li>Contr\u00f4le possible \u00e0 partir d&rsquo;un ordinateur externe avec le logiciel COCKPIT livr\u00e9 en standard (ordinateur non fourni).<\/li>\n<li>Le Grabner Miniflash peut \u00e9galement \u00eatre utilis\u00e9 de mani\u00e8re autonome sans le passeur.<\/li>\n<\/ul>\n<p><strong>T\u00e9l\u00e9charger la brochure g\u00e9n\u00e9rale :<\/strong> <a href=\"https:\/\/www.deltalabo.fr\/wp-content\/uploads\/2025\/03\/Doc-generale-Miniflash-Vision-engl-DL.pdf\">Point \u00e9clair Grabner <\/a><a id=\"phbody_0_phbodycontent_0_ctl03_ctl04_rptrDocsTabListing_rptrDocsDownloadsListing_2_lnkdownloadUrl_2\" href=\"https:\/\/www.grabner-instruments.com\/-\/media\/ametekgrabnerinstruments\/files\/products\/fp-vision\/flash_vision_family.pdf?la=en&amp;revision=052f5349-65aa-4271-86fe-1f15aa59b13a\" target=\"_blank\" rel=\"noopener\">MINIFLASH FP Vision and FPA Vision Autosampler<\/a><\/p>\n<p><strong>T\u00e9l\u00e9charger la brochure produit : <\/strong><a href=\"https:\/\/www.deltalabo.fr\/wp-content\/uploads\/2025\/05\/DELTA-LABO-MiniFlash-FP-H-VISION-engl-DL.pdf\">Point \u00e9clair Grabner MINIFLASH FP(H) Vision<\/a><\/p>\n<p><strong>Visualiser l&rsquo;utilisation du produit<\/strong>\u00a0: <a href=\"https:\/\/www.youtube.com\/watch?v=HSf7wrBPWR0\">Point \u00e9clair Grabner MINIFLASH FP-VISION<\/a><\/p>\n","protected":false},"featured_media":262052,"template":"","meta":{"_acf_changed":false,"site-sidebar-layout":"default","site-content-layout":"","ast-site-content-layout":"default","site-content-style":"default","site-sidebar-style":"default","ast-global-header-display":"","ast-banner-title-visibility":"","ast-main-header-display":"","ast-hfb-above-header-display":"","ast-hfb-below-header-display":"","ast-hfb-mobile-header-display":"","site-post-title":"","ast-breadcrumbs-content":"","ast-featured-img":"","footer-sml-layout":"","ast-disable-related-posts":"","theme-transparent-header-meta":"default","adv-header-id-meta":"","stick-header-meta":"","header-above-stick-meta":"","header-main-stick-meta":"","header-below-stick-meta":"","astra-migrate-meta-layouts":"set","ast-page-background-enabled":"default","ast-page-background-meta":{"desktop":{"background-color":"var(--ast-global-color-5)","background-image":"","background-repeat":"repeat","background-position":"center center","background-size":"auto","background-attachment":"scroll","background-type":"","background-media":"","overlay-type":"","overlay-color":"","overlay-opacity":"","overlay-gradient":""},"tablet":{"background-color":"","background-image":"","background-repeat":"repeat","background-position":"center center","background-size":"auto","background-attachment":"scroll","background-type":"","background-media":"","overlay-type":"","overlay-color":"","overlay-opacity":"","overlay-gradient":""},"mobile":{"background-color":"","background-image":"","background-repeat":"repeat","background-position":"center center","background-size":"auto","background-attachment":"scroll","background-type":"","background-media":"","overlay-type":"","overlay-color":"","overlay-opacity":"","overlay-gradient":""}},"ast-content-background-meta":{"desktop":{"background-color":"var(--ast-global-color-4)","background-image":"","background-repeat":"repeat","background-position":"center center","background-size":"auto","background-attachment":"scroll","background-type":"","background-media":"","overlay-type":"","overlay-color":"","overlay-opacity":"","overlay-gradient":""},"tablet":{"background-color":"var(--ast-global-color-4)","background-image":"","background-repeat":"repeat","background-position":"center center","background-size":"auto","background-attachment":"scroll","background-type":"","background-media":"","overlay-type":"","overlay-color":"","overlay-opacity":"","overlay-gradient":""},"mobile":{"background-color":"var(--ast-global-color-4)","background-image":"","background-repeat":"repeat","background-position":"center center","background-size":"auto","background-attachment":"scroll","background-type":"","background-media":"","overlay-type":"","overlay-color":"","overlay-opacity":"","overlay-gradient":""}}},"domaine":[],"normes":[3363,3373,17135],"product_brand":[],"product_cat":[15],"product_tag":[],"class_list":{"0":"post-259308","1":"product","2":"type-product","3":"status-publish","4":"has-post-thumbnail","6":"normes-d6450","7":"normes-d7094","8":"normes-din-51562","9":"product_cat-cat-produit","10":"desktop-align-left","11":"tablet-align-left","12":"mobile-align-left","14":"first","15":"instock","16":"shipping-taxable","17":"product-type-simple"},"acf":[],"yoast_head":"<!-- This site is optimized with the Yoast SEO plugin v27.4 - https:\/\/yoast.com\/product\/yoast-seo-wordpress\/ -->\n<title>Point \u00e9clair automatique GRABNER MINIFLASH FP-VISION avec passeur d&#039;\u00e9chantillons | DeltaLabo<\/title>\n<meta name=\"robots\" content=\"noindex, follow, max-snippet:-1, max-image-preview:large, max-video-preview:-1\" \/>\n<meta property=\"og:locale\" content=\"fr_FR\" \/>\n<meta property=\"og:type\" content=\"article\" \/>\n<meta property=\"og:title\" content=\"Point \u00e9clair automatique GRABNER MINIFLASH FP-VISION avec passeur d&#039;\u00e9chantillons | DeltaLabo\" \/>\n<meta property=\"og:description\" content=\"Le Grabner Miniflash FP(H) Vision combin\u00e9 au passeur automatique (FPA) est tout particuli\u00e8rement adapt\u00e9 aux tests sur de nombreux \u00e9chantillons \u00e0 forte valeur ajout\u00e9e comme les huiles essentielles, compositions aromatiques, compositions parfum\u00e9es. Le volume d&#039;\u00e9chantillon n\u00e9cessaire est limit\u00e9 \u00e0 1- 2ml ! Le passeur automatique accepte 12 coupelles \u00e9chantillons.   Conforme aux normes ASTM D6450 et ASTM D7094.  Excellente corr\u00e9lation aux normes ASTM D93, ASTM D56, IP 170, ISO 3679\/3680, ASTM D3828.  Cellule de mesure ferm\u00e9e pendant tout le processus de mesure.  Plage de mesure selon la configuration : de -25\u00b0 \u00e0 400\u00b0C.  Interfaces : 2 x Ethernet, 4 x USB.  Contr\u00f4le possible \u00e0 partir d&#039;un ordinateur externe avec le logiciel COCKPIT livr\u00e9 en standard (ordinateur non fourni).  Le Grabner Miniflash peut \u00e9galement \u00eatre utilis\u00e9 de mani\u00e8re autonome sans le passeur.  T\u00e9l\u00e9charger la brochure g\u00e9n\u00e9rale : Point \u00e9clair Grabner MINIFLASH FP Vision and FPA Vision Autosampler  T\u00e9l\u00e9charger la brochure produit : Point \u00e9clair Grabner MINIFLASH FP(H) Vision  Visualiser l&#039;utilisation du produit\u00a0: Point \u00e9clair Grabner MINIFLASH FP-VISION\" \/>\n<meta property=\"og:url\" content=\"https:\/\/webdesi-gn.fr\/dev_deltalabo\/produits\/astm-d7094\/point-eclair-automatique-miniflash-avec-passeur-dechantillons\/\" \/>\n<meta property=\"og:site_name\" content=\"DeltaLabo\" \/>\n<meta property=\"article:modified_time\" content=\"2025-11-24T14:40:10+00:00\" \/>\n<meta property=\"og:image\" content=\"https:\/\/webdesi-gn.fr\/dev_deltalabo\/wp-content\/uploads\/2025\/11\/Miniflash-FPA.jpg\" \/>\n\t<meta property=\"og:image:width\" content=\"300\" \/>\n\t<meta property=\"og:image:height\" content=\"300\" \/>\n\t<meta property=\"og:image:type\" content=\"image\/jpeg\" \/>\n<meta name=\"twitter:card\" content=\"summary_large_image\" \/>\n<meta name=\"twitter:label1\" content=\"Dur\u00e9e de lecture estim\u00e9e\" \/>\n\t<meta name=\"twitter:data1\" content=\"1 minute\" \/>\n<script type=\"application\/ld+json\" class=\"yoast-schema-graph\">{\"@context\":\"https:\\\/\\\/schema.org\",\"@graph\":[{\"@type\":\"WebPage\",\"@id\":\"https:\\\/\\\/webdesi-gn.fr\\\/dev_deltalabo\\\/produits\\\/astm-d7094\\\/point-eclair-automatique-miniflash-avec-passeur-dechantillons\\\/\",\"url\":\"https:\\\/\\\/webdesi-gn.fr\\\/dev_deltalabo\\\/produits\\\/astm-d7094\\\/point-eclair-automatique-miniflash-avec-passeur-dechantillons\\\/\",\"name\":\"Point \u00e9clair automatique GRABNER MINIFLASH FP-VISION avec passeur d'\u00e9chantillons | DeltaLabo\",\"isPartOf\":{\"@id\":\"https:\\\/\\\/webdesi-gn.fr\\\/dev_deltalabo\\\/#website\"},\"primaryImageOfPage\":{\"@id\":\"https:\\\/\\\/webdesi-gn.fr\\\/dev_deltalabo\\\/produits\\\/astm-d7094\\\/point-eclair-automatique-miniflash-avec-passeur-dechantillons\\\/#primaryimage\"},\"image\":{\"@id\":\"https:\\\/\\\/webdesi-gn.fr\\\/dev_deltalabo\\\/produits\\\/astm-d7094\\\/point-eclair-automatique-miniflash-avec-passeur-dechantillons\\\/#primaryimage\"},\"thumbnailUrl\":\"https:\\\/\\\/webdesi-gn.fr\\\/dev_deltalabo\\\/wp-content\\\/uploads\\\/2025\\\/11\\\/Miniflash-FPA.jpg\",\"datePublished\":\"2025-03-30T09:56:04+00:00\",\"dateModified\":\"2025-11-24T14:40:10+00:00\",\"breadcrumb\":{\"@id\":\"https:\\\/\\\/webdesi-gn.fr\\\/dev_deltalabo\\\/produits\\\/astm-d7094\\\/point-eclair-automatique-miniflash-avec-passeur-dechantillons\\\/#breadcrumb\"},\"inLanguage\":\"fr-FR\",\"potentialAction\":[{\"@type\":\"ReadAction\",\"target\":[\"https:\\\/\\\/webdesi-gn.fr\\\/dev_deltalabo\\\/produits\\\/astm-d7094\\\/point-eclair-automatique-miniflash-avec-passeur-dechantillons\\\/\"]}]},{\"@type\":\"ImageObject\",\"inLanguage\":\"fr-FR\",\"@id\":\"https:\\\/\\\/webdesi-gn.fr\\\/dev_deltalabo\\\/produits\\\/astm-d7094\\\/point-eclair-automatique-miniflash-avec-passeur-dechantillons\\\/#primaryimage\",\"url\":\"https:\\\/\\\/webdesi-gn.fr\\\/dev_deltalabo\\\/wp-content\\\/uploads\\\/2025\\\/11\\\/Miniflash-FPA.jpg\",\"contentUrl\":\"https:\\\/\\\/webdesi-gn.fr\\\/dev_deltalabo\\\/wp-content\\\/uploads\\\/2025\\\/11\\\/Miniflash-FPA.jpg\",\"width\":300,\"height\":300},{\"@type\":\"BreadcrumbList\",\"@id\":\"https:\\\/\\\/webdesi-gn.fr\\\/dev_deltalabo\\\/produits\\\/astm-d7094\\\/point-eclair-automatique-miniflash-avec-passeur-dechantillons\\\/#breadcrumb\",\"itemListElement\":[{\"@type\":\"ListItem\",\"position\":1,\"name\":\"Accueil\",\"item\":\"https:\\\/\\\/webdesi-gn.fr\\\/dev_deltalabo\\\/\"},{\"@type\":\"ListItem\",\"position\":2,\"name\":\"Produits\",\"item\":\"https:\\\/\\\/webdesi-gn.fr\\\/dev_deltalabo\\\/produits\\\/\"},{\"@type\":\"ListItem\",\"position\":3,\"name\":\"Point \u00e9clair automatique GRABNER MINIFLASH FP-VISION avec passeur d&rsquo;\u00e9chantillons\"}]},{\"@type\":\"WebSite\",\"@id\":\"https:\\\/\\\/webdesi-gn.fr\\\/dev_deltalabo\\\/#website\",\"url\":\"https:\\\/\\\/webdesi-gn.fr\\\/dev_deltalabo\\\/\",\"name\":\"Delta Labo\",\"description\":\"Un site utilisant WordPress\",\"publisher\":{\"@id\":\"https:\\\/\\\/webdesi-gn.fr\\\/dev_deltalabo\\\/#organization\"},\"alternateName\":\"Delta Labo\",\"potentialAction\":[{\"@type\":\"SearchAction\",\"target\":{\"@type\":\"EntryPoint\",\"urlTemplate\":\"https:\\\/\\\/webdesi-gn.fr\\\/dev_deltalabo\\\/?s={search_term_string}\"},\"query-input\":{\"@type\":\"PropertyValueSpecification\",\"valueRequired\":true,\"valueName\":\"search_term_string\"}}],\"inLanguage\":\"fr-FR\"},{\"@type\":\"Organization\",\"@id\":\"https:\\\/\\\/webdesi-gn.fr\\\/dev_deltalabo\\\/#organization\",\"name\":\"DeltaLabo\",\"url\":\"https:\\\/\\\/webdesi-gn.fr\\\/dev_deltalabo\\\/\",\"logo\":{\"@type\":\"ImageObject\",\"inLanguage\":\"fr-FR\",\"@id\":\"https:\\\/\\\/webdesi-gn.fr\\\/dev_deltalabo\\\/#\\\/schema\\\/logo\\\/image\\\/\",\"url\":\"https:\\\/\\\/webdesi-gn.fr\\\/dev_deltalabo\\\/wp-content\\\/uploads\\\/2022\\\/07\\\/logo-deltalabo.png\",\"contentUrl\":\"https:\\\/\\\/webdesi-gn.fr\\\/dev_deltalabo\\\/wp-content\\\/uploads\\\/2022\\\/07\\\/logo-deltalabo.png\",\"width\":694,\"height\":306,\"caption\":\"DeltaLabo\"},\"image\":{\"@id\":\"https:\\\/\\\/webdesi-gn.fr\\\/dev_deltalabo\\\/#\\\/schema\\\/logo\\\/image\\\/\"}}]}<\/script>\n<!-- \/ Yoast SEO plugin. -->","yoast_head_json":{"title":"Point \u00e9clair automatique GRABNER MINIFLASH FP-VISION avec passeur d'\u00e9chantillons | DeltaLabo","robots":{"index":"noindex","follow":"follow","max-snippet":"max-snippet:-1","max-image-preview":"max-image-preview:large","max-video-preview":"max-video-preview:-1"},"og_locale":"fr_FR","og_type":"article","og_title":"Point \u00e9clair automatique GRABNER MINIFLASH FP-VISION avec passeur d'\u00e9chantillons | DeltaLabo","og_description":"Le Grabner Miniflash FP(H) Vision combin\u00e9 au passeur automatique (FPA) est tout particuli\u00e8rement adapt\u00e9 aux tests sur de nombreux \u00e9chantillons \u00e0 forte valeur ajout\u00e9e comme les huiles essentielles, compositions aromatiques, compositions parfum\u00e9es. Le volume d'\u00e9chantillon n\u00e9cessaire est limit\u00e9 \u00e0 1- 2ml ! Le passeur automatique accepte 12 coupelles \u00e9chantillons.   Conforme aux normes ASTM D6450 et ASTM D7094.  Excellente corr\u00e9lation aux normes ASTM D93, ASTM D56, IP 170, ISO 3679\/3680, ASTM D3828.  Cellule de mesure ferm\u00e9e pendant tout le processus de mesure.  Plage de mesure selon la configuration : de -25\u00b0 \u00e0 400\u00b0C.  Interfaces : 2 x Ethernet, 4 x USB.  Contr\u00f4le possible \u00e0 partir d'un ordinateur externe avec le logiciel COCKPIT livr\u00e9 en standard (ordinateur non fourni).  Le Grabner Miniflash peut \u00e9galement \u00eatre utilis\u00e9 de mani\u00e8re autonome sans le passeur.  T\u00e9l\u00e9charger la brochure g\u00e9n\u00e9rale : Point \u00e9clair Grabner MINIFLASH FP Vision and FPA Vision Autosampler  T\u00e9l\u00e9charger la brochure produit : Point \u00e9clair Grabner MINIFLASH FP(H) Vision  Visualiser l'utilisation du produit\u00a0: Point \u00e9clair Grabner MINIFLASH FP-VISION","og_url":"https:\/\/webdesi-gn.fr\/dev_deltalabo\/produits\/astm-d7094\/point-eclair-automatique-miniflash-avec-passeur-dechantillons\/","og_site_name":"DeltaLabo","article_modified_time":"2025-11-24T14:40:10+00:00","og_image":[{"width":300,"height":300,"url":"https:\/\/webdesi-gn.fr\/dev_deltalabo\/wp-content\/uploads\/2025\/11\/Miniflash-FPA.jpg","type":"image\/jpeg"}],"twitter_card":"summary_large_image","twitter_misc":{"Dur\u00e9e de lecture estim\u00e9e":"1 minute"},"schema":{"@context":"https:\/\/schema.org","@graph":[{"@type":"WebPage","@id":"https:\/\/webdesi-gn.fr\/dev_deltalabo\/produits\/astm-d7094\/point-eclair-automatique-miniflash-avec-passeur-dechantillons\/","url":"https:\/\/webdesi-gn.fr\/dev_deltalabo\/produits\/astm-d7094\/point-eclair-automatique-miniflash-avec-passeur-dechantillons\/","name":"Point \u00e9clair automatique GRABNER MINIFLASH FP-VISION avec passeur d'\u00e9chantillons | DeltaLabo","isPartOf":{"@id":"https:\/\/webdesi-gn.fr\/dev_deltalabo\/#website"},"primaryImageOfPage":{"@id":"https:\/\/webdesi-gn.fr\/dev_deltalabo\/produits\/astm-d7094\/point-eclair-automatique-miniflash-avec-passeur-dechantillons\/#primaryimage"},"image":{"@id":"https:\/\/webdesi-gn.fr\/dev_deltalabo\/produits\/astm-d7094\/point-eclair-automatique-miniflash-avec-passeur-dechantillons\/#primaryimage"},"thumbnailUrl":"https:\/\/webdesi-gn.fr\/dev_deltalabo\/wp-content\/uploads\/2025\/11\/Miniflash-FPA.jpg","datePublished":"2025-03-30T09:56:04+00:00","dateModified":"2025-11-24T14:40:10+00:00","breadcrumb":{"@id":"https:\/\/webdesi-gn.fr\/dev_deltalabo\/produits\/astm-d7094\/point-eclair-automatique-miniflash-avec-passeur-dechantillons\/#breadcrumb"},"inLanguage":"fr-FR","potentialAction":[{"@type":"ReadAction","target":["https:\/\/webdesi-gn.fr\/dev_deltalabo\/produits\/astm-d7094\/point-eclair-automatique-miniflash-avec-passeur-dechantillons\/"]}]},{"@type":"ImageObject","inLanguage":"fr-FR","@id":"https:\/\/webdesi-gn.fr\/dev_deltalabo\/produits\/astm-d7094\/point-eclair-automatique-miniflash-avec-passeur-dechantillons\/#primaryimage","url":"https:\/\/webdesi-gn.fr\/dev_deltalabo\/wp-content\/uploads\/2025\/11\/Miniflash-FPA.jpg","contentUrl":"https:\/\/webdesi-gn.fr\/dev_deltalabo\/wp-content\/uploads\/2025\/11\/Miniflash-FPA.jpg","width":300,"height":300},{"@type":"BreadcrumbList","@id":"https:\/\/webdesi-gn.fr\/dev_deltalabo\/produits\/astm-d7094\/point-eclair-automatique-miniflash-avec-passeur-dechantillons\/#breadcrumb","itemListElement":[{"@type":"ListItem","position":1,"name":"Accueil","item":"https:\/\/webdesi-gn.fr\/dev_deltalabo\/"},{"@type":"ListItem","position":2,"name":"Produits","item":"https:\/\/webdesi-gn.fr\/dev_deltalabo\/produits\/"},{"@type":"ListItem","position":3,"name":"Point \u00e9clair automatique GRABNER MINIFLASH FP-VISION avec passeur d&rsquo;\u00e9chantillons"}]},{"@type":"WebSite","@id":"https:\/\/webdesi-gn.fr\/dev_deltalabo\/#website","url":"https:\/\/webdesi-gn.fr\/dev_deltalabo\/","name":"Delta Labo","description":"Un site utilisant WordPress","publisher":{"@id":"https:\/\/webdesi-gn.fr\/dev_deltalabo\/#organization"},"alternateName":"Delta Labo","potentialAction":[{"@type":"SearchAction","target":{"@type":"EntryPoint","urlTemplate":"https:\/\/webdesi-gn.fr\/dev_deltalabo\/?s={search_term_string}"},"query-input":{"@type":"PropertyValueSpecification","valueRequired":true,"valueName":"search_term_string"}}],"inLanguage":"fr-FR"},{"@type":"Organization","@id":"https:\/\/webdesi-gn.fr\/dev_deltalabo\/#organization","name":"DeltaLabo","url":"https:\/\/webdesi-gn.fr\/dev_deltalabo\/","logo":{"@type":"ImageObject","inLanguage":"fr-FR","@id":"https:\/\/webdesi-gn.fr\/dev_deltalabo\/#\/schema\/logo\/image\/","url":"https:\/\/webdesi-gn.fr\/dev_deltalabo\/wp-content\/uploads\/2022\/07\/logo-deltalabo.png","contentUrl":"https:\/\/webdesi-gn.fr\/dev_deltalabo\/wp-content\/uploads\/2022\/07\/logo-deltalabo.png","width":694,"height":306,"caption":"DeltaLabo"},"image":{"@id":"https:\/\/webdesi-gn.fr\/dev_deltalabo\/#\/schema\/logo\/image\/"}}]}},"_links":{"self":[{"href":"https:\/\/webdesi-gn.fr\/dev_deltalabo\/wp-json\/wp\/v2\/product\/259308","targetHints":{"allow":["GET"]}}],"collection":[{"href":"https:\/\/webdesi-gn.fr\/dev_deltalabo\/wp-json\/wp\/v2\/product"}],"about":[{"href":"https:\/\/webdesi-gn.fr\/dev_deltalabo\/wp-json\/wp\/v2\/types\/product"}],"wp:featuredmedia":[{"embeddable":true,"href":"https:\/\/webdesi-gn.fr\/dev_deltalabo\/wp-json\/wp\/v2\/media\/262052"}],"wp:attachment":[{"href":"https:\/\/webdesi-gn.fr\/dev_deltalabo\/wp-json\/wp\/v2\/media?parent=259308"}],"wp:term":[{"taxonomy":"domaine","embeddable":true,"href":"https:\/\/webdesi-gn.fr\/dev_deltalabo\/wp-json\/wp\/v2\/domaine?post=259308"},{"taxonomy":"normes","embeddable":true,"href":"https:\/\/webdesi-gn.fr\/dev_deltalabo\/wp-json\/wp\/v2\/normes?post=259308"},{"taxonomy":"product_brand","embeddable":true,"href":"https:\/\/webdesi-gn.fr\/dev_deltalabo\/wp-json\/wp\/v2\/product_brand?post=259308"},{"taxonomy":"product_cat","embeddable":true,"href":"https:\/\/webdesi-gn.fr\/dev_deltalabo\/wp-json\/wp\/v2\/product_cat?post=259308"},{"taxonomy":"product_tag","embeddable":true,"href":"https:\/\/webdesi-gn.fr\/dev_deltalabo\/wp-json\/wp\/v2\/product_tag?post=259308"}],"curies":[{"name":"wp","href":"https:\/\/api.w.org\/{rel}","templated":true}]}}