{"id":259339,"date":"2025-03-30T18:26:54","date_gmt":"2025-03-30T16:26:54","guid":{"rendered":"https:\/\/webdesi-gn.fr\/dev_deltalabo\/?post_type=product&#038;p=259339"},"modified":"2025-12-11T14:51:57","modified_gmt":"2025-12-11T13:51:57","slug":"analyseur-elementaire-haute-precision-ditee-scientific-modele-oa800p","status":"publish","type":"product","link":"https:\/\/webdesi-gn.fr\/dev_deltalabo\/produits\/cat-produit\/analyseur-elementaire-haute-precision-ditee-scientific-modele-oa800p\/","title":{"rendered":"Analyseur \u00e9l\u00e9mentaire haute pr\u00e9cision Ditee Scientific mod\u00e8le OA800P"},"content":{"rendered":"","protected":false},"excerpt":{"rendered":"<p>L&rsquo;analyseur \u00e9l\u00e9mentaire RDE-OES (Rotating Disc Electrode Optical Emission Spectrometer) Ditee Scientific, mod\u00e8le OA800P est destin\u00e9 principalement \u00e0 l&rsquo;a\u00e9ronautique et conforme aux normes ASTM D6595 et ASTM D6728.<\/p>\n<p>L&rsquo;analyseur \u00e9l\u00e9mentaire OA800P b\u00e9n\u00e9ficie de la technologie \u00e0 16 d\u00e9tecteurs CMOS et permet d&rsquo;atteindre des seuils de d\u00e9tection particuli\u00e8rement faibles (inf \u00e0 3ppm).<\/p>\n<p>B\u00e9n\u00e9ficiant tout de m\u00eame d&rsquo;un excellent rapport qualit\u00e9 prix, l&rsquo;analyseur OA800P permet une d\u00e9termination rapide (environ 40 secondes) des 24 \u00e9l\u00e9ments essentiels dans les huiles usag\u00e9es ou carburants (Al, Ba, B, Cd, Ca, Cr, Cu, Fe, Pb, Mg, Mn, Mo, Ni, P, Si, Ag, Na, Sn, Ti, V, Zn, K, Li et Sb).<\/p>\n<p>L&rsquo;analyseur OA800P permet la d\u00e9termination \u00e9l\u00e9mentaire des \u00e9chantillons types :<br \/>\n&#8211; lubrifiants a\u00e9ronautiques<br \/>\n&#8211; additifs<br \/>\n&#8211; liquides de refroidissement<br \/>\n&#8211; carburants<\/p>\n<p><strong>T\u00e9l\u00e9charger la brochure g\u00e9n\u00e9rale :<\/strong> <a href=\"https:\/\/www.deltalabo.fr\/wp-content\/uploads\/2025\/03\/Analyseur-labo-OA800P-eng-DL.pdf\">Analyseur \u00e9l\u00e9mentaire OA800P<\/a><\/p>\n<p>&nbsp;<\/p>\n","protected":false},"featured_media":262044,"template":"","meta":{"_acf_changed":false,"site-sidebar-layout":"default","site-content-layout":"","ast-site-content-layout":"default","site-content-style":"default","site-sidebar-style":"default","ast-global-header-display":"","ast-banner-title-visibility":"","ast-main-header-display":"","ast-hfb-above-header-display":"","ast-hfb-below-header-display":"","ast-hfb-mobile-header-display":"","site-post-title":"","ast-breadcrumbs-content":"","ast-featured-img":"","footer-sml-layout":"","ast-disable-related-posts":"","theme-transparent-header-meta":"default","adv-header-id-meta":"","stick-header-meta":"","header-above-stick-meta":"","header-main-stick-meta":"","header-below-stick-meta":"","astra-migrate-meta-layouts":"set","ast-page-background-enabled":"default","ast-page-background-meta":{"desktop":{"background-color":"var(--ast-global-color-5)","background-image":"","background-repeat":"repeat","background-position":"center center","background-size":"auto","background-attachment":"scroll","background-type":"","background-media":"","overlay-type":"","overlay-color":"","overlay-opacity":"","overlay-gradient":""},"tablet":{"background-color":"","background-image":"","background-repeat":"repeat","background-position":"center center","background-size":"auto","background-attachment":"scroll","background-type":"","background-media":"","overlay-type":"","overlay-color":"","overlay-opacity":"","overlay-gradient":""},"mobile":{"background-color":"","background-image":"","background-repeat":"repeat","background-position":"center center","background-size":"auto","background-attachment":"scroll","background-type":"","background-media":"","overlay-type":"","overlay-color":"","overlay-opacity":"","overlay-gradient":""}},"ast-content-background-meta":{"desktop":{"background-color":"var(--ast-global-color-4)","background-image":"","background-repeat":"repeat","background-position":"center center","background-size":"auto","background-attachment":"scroll","background-type":"","background-media":"","overlay-type":"","overlay-color":"","overlay-opacity":"","overlay-gradient":""},"tablet":{"background-color":"var(--ast-global-color-4)","background-image":"","background-repeat":"repeat","background-position":"center center","background-size":"auto","background-attachment":"scroll","background-type":"","background-media":"","overlay-type":"","overlay-color":"","overlay-opacity":"","overlay-gradient":""},"mobile":{"background-color":"var(--ast-global-color-4)","background-image":"","background-repeat":"repeat","background-position":"center center","background-size":"auto","background-attachment":"scroll","background-type":"","background-media":"","overlay-type":"","overlay-color":"","overlay-opacity":"","overlay-gradient":""}}},"domaine":[],"normes":[3364,3366,17135],"product_brand":[],"product_cat":[15],"product_tag":[],"class_list":{"0":"post-259339","1":"product","2":"type-product","3":"status-publish","4":"has-post-thumbnail","6":"normes-d6595","7":"normes-d6728","8":"normes-din-51562","9":"product_cat-cat-produit","10":"desktop-align-left","11":"tablet-align-left","12":"mobile-align-left","14":"first","15":"instock","16":"shipping-taxable","17":"product-type-simple"},"acf":[],"yoast_head":"<!-- This site is optimized with the Yoast SEO plugin v27.4 - https:\/\/yoast.com\/product\/yoast-seo-wordpress\/ -->\n<title>Analyseur \u00e9l\u00e9mentaire haute pr\u00e9cision Ditee Scientific mod\u00e8le OA800P | DeltaLabo<\/title>\n<meta name=\"robots\" content=\"noindex, follow, max-snippet:-1, max-image-preview:large, max-video-preview:-1\" \/>\n<meta property=\"og:locale\" content=\"fr_FR\" \/>\n<meta property=\"og:type\" content=\"article\" \/>\n<meta property=\"og:title\" content=\"Analyseur \u00e9l\u00e9mentaire haute pr\u00e9cision Ditee Scientific mod\u00e8le OA800P | DeltaLabo\" \/>\n<meta property=\"og:description\" content=\"L&#039;analyseur \u00e9l\u00e9mentaire RDE-OES (Rotating Disc Electrode Optical Emission Spectrometer) Ditee Scientific, mod\u00e8le OA800P est destin\u00e9 principalement \u00e0 l&#039;a\u00e9ronautique et conforme aux normes ASTM D6595 et ASTM D6728.  L&#039;analyseur \u00e9l\u00e9mentaire OA800P b\u00e9n\u00e9ficie de la technologie \u00e0 16 d\u00e9tecteurs CMOS et permet d&#039;atteindre des seuils de d\u00e9tection particuli\u00e8rement faibles (inf \u00e0 3ppm).  B\u00e9n\u00e9ficiant tout de m\u00eame d&#039;un excellent rapport qualit\u00e9 prix, l&#039;analyseur OA800P permet une d\u00e9termination rapide (environ 40 secondes) des 24 \u00e9l\u00e9ments essentiels dans les huiles usag\u00e9es ou carburants (Al, Ba, B, Cd, Ca, Cr, Cu, Fe, Pb, Mg, Mn, Mo, Ni, P, Si, Ag, Na, Sn, Ti, V, Zn, K, Li et Sb).  L&#039;analyseur OA800P permet la d\u00e9termination \u00e9l\u00e9mentaire des \u00e9chantillons types : - lubrifiants a\u00e9ronautiques - additifs - liquides de refroidissement - carburants  T\u00e9l\u00e9charger la brochure g\u00e9n\u00e9rale : Analyseur \u00e9l\u00e9mentaire OA800P  &nbsp;\" \/>\n<meta property=\"og:url\" content=\"https:\/\/webdesi-gn.fr\/dev_deltalabo\/produits\/cat-produit\/analyseur-elementaire-haute-precision-ditee-scientific-modele-oa800p\/\" \/>\n<meta property=\"og:site_name\" content=\"DeltaLabo\" \/>\n<meta property=\"article:modified_time\" content=\"2025-12-11T13:51:57+00:00\" \/>\n<meta property=\"og:image\" content=\"https:\/\/webdesi-gn.fr\/dev_deltalabo\/wp-content\/uploads\/2025\/11\/DELTA-LABO-OA800P.jpg\" \/>\n\t<meta property=\"og:image:width\" content=\"367\" \/>\n\t<meta property=\"og:image:height\" content=\"239\" \/>\n\t<meta property=\"og:image:type\" content=\"image\/jpeg\" \/>\n<meta name=\"twitter:card\" content=\"summary_large_image\" \/>\n<meta name=\"twitter:label1\" content=\"Dur\u00e9e de lecture estim\u00e9e\" \/>\n\t<meta name=\"twitter:data1\" content=\"1 minute\" \/>\n<script type=\"application\/ld+json\" class=\"yoast-schema-graph\">{\"@context\":\"https:\\\/\\\/schema.org\",\"@graph\":[{\"@type\":\"WebPage\",\"@id\":\"https:\\\/\\\/webdesi-gn.fr\\\/dev_deltalabo\\\/produits\\\/cat-produit\\\/analyseur-elementaire-haute-precision-ditee-scientific-modele-oa800p\\\/\",\"url\":\"https:\\\/\\\/webdesi-gn.fr\\\/dev_deltalabo\\\/produits\\\/cat-produit\\\/analyseur-elementaire-haute-precision-ditee-scientific-modele-oa800p\\\/\",\"name\":\"Analyseur \u00e9l\u00e9mentaire haute pr\u00e9cision Ditee Scientific mod\u00e8le OA800P | DeltaLabo\",\"isPartOf\":{\"@id\":\"https:\\\/\\\/webdesi-gn.fr\\\/dev_deltalabo\\\/#website\"},\"primaryImageOfPage\":{\"@id\":\"https:\\\/\\\/webdesi-gn.fr\\\/dev_deltalabo\\\/produits\\\/cat-produit\\\/analyseur-elementaire-haute-precision-ditee-scientific-modele-oa800p\\\/#primaryimage\"},\"image\":{\"@id\":\"https:\\\/\\\/webdesi-gn.fr\\\/dev_deltalabo\\\/produits\\\/cat-produit\\\/analyseur-elementaire-haute-precision-ditee-scientific-modele-oa800p\\\/#primaryimage\"},\"thumbnailUrl\":\"https:\\\/\\\/webdesi-gn.fr\\\/dev_deltalabo\\\/wp-content\\\/uploads\\\/2025\\\/11\\\/DELTA-LABO-OA800P.jpg\",\"datePublished\":\"2025-03-30T16:26:54+00:00\",\"dateModified\":\"2025-12-11T13:51:57+00:00\",\"breadcrumb\":{\"@id\":\"https:\\\/\\\/webdesi-gn.fr\\\/dev_deltalabo\\\/produits\\\/cat-produit\\\/analyseur-elementaire-haute-precision-ditee-scientific-modele-oa800p\\\/#breadcrumb\"},\"inLanguage\":\"fr-FR\",\"potentialAction\":[{\"@type\":\"ReadAction\",\"target\":[\"https:\\\/\\\/webdesi-gn.fr\\\/dev_deltalabo\\\/produits\\\/cat-produit\\\/analyseur-elementaire-haute-precision-ditee-scientific-modele-oa800p\\\/\"]}]},{\"@type\":\"ImageObject\",\"inLanguage\":\"fr-FR\",\"@id\":\"https:\\\/\\\/webdesi-gn.fr\\\/dev_deltalabo\\\/produits\\\/cat-produit\\\/analyseur-elementaire-haute-precision-ditee-scientific-modele-oa800p\\\/#primaryimage\",\"url\":\"https:\\\/\\\/webdesi-gn.fr\\\/dev_deltalabo\\\/wp-content\\\/uploads\\\/2025\\\/11\\\/DELTA-LABO-OA800P.jpg\",\"contentUrl\":\"https:\\\/\\\/webdesi-gn.fr\\\/dev_deltalabo\\\/wp-content\\\/uploads\\\/2025\\\/11\\\/DELTA-LABO-OA800P.jpg\",\"width\":367,\"height\":239},{\"@type\":\"BreadcrumbList\",\"@id\":\"https:\\\/\\\/webdesi-gn.fr\\\/dev_deltalabo\\\/produits\\\/cat-produit\\\/analyseur-elementaire-haute-precision-ditee-scientific-modele-oa800p\\\/#breadcrumb\",\"itemListElement\":[{\"@type\":\"ListItem\",\"position\":1,\"name\":\"Accueil\",\"item\":\"https:\\\/\\\/webdesi-gn.fr\\\/dev_deltalabo\\\/\"},{\"@type\":\"ListItem\",\"position\":2,\"name\":\"Produits\",\"item\":\"https:\\\/\\\/webdesi-gn.fr\\\/dev_deltalabo\\\/produits\\\/\"},{\"@type\":\"ListItem\",\"position\":3,\"name\":\"Analyseur \u00e9l\u00e9mentaire haute pr\u00e9cision Ditee Scientific mod\u00e8le OA800P\"}]},{\"@type\":\"WebSite\",\"@id\":\"https:\\\/\\\/webdesi-gn.fr\\\/dev_deltalabo\\\/#website\",\"url\":\"https:\\\/\\\/webdesi-gn.fr\\\/dev_deltalabo\\\/\",\"name\":\"Delta Labo\",\"description\":\"Un site utilisant WordPress\",\"publisher\":{\"@id\":\"https:\\\/\\\/webdesi-gn.fr\\\/dev_deltalabo\\\/#organization\"},\"alternateName\":\"Delta Labo\",\"potentialAction\":[{\"@type\":\"SearchAction\",\"target\":{\"@type\":\"EntryPoint\",\"urlTemplate\":\"https:\\\/\\\/webdesi-gn.fr\\\/dev_deltalabo\\\/?s={search_term_string}\"},\"query-input\":{\"@type\":\"PropertyValueSpecification\",\"valueRequired\":true,\"valueName\":\"search_term_string\"}}],\"inLanguage\":\"fr-FR\"},{\"@type\":\"Organization\",\"@id\":\"https:\\\/\\\/webdesi-gn.fr\\\/dev_deltalabo\\\/#organization\",\"name\":\"DeltaLabo\",\"url\":\"https:\\\/\\\/webdesi-gn.fr\\\/dev_deltalabo\\\/\",\"logo\":{\"@type\":\"ImageObject\",\"inLanguage\":\"fr-FR\",\"@id\":\"https:\\\/\\\/webdesi-gn.fr\\\/dev_deltalabo\\\/#\\\/schema\\\/logo\\\/image\\\/\",\"url\":\"https:\\\/\\\/webdesi-gn.fr\\\/dev_deltalabo\\\/wp-content\\\/uploads\\\/2022\\\/07\\\/logo-deltalabo.png\",\"contentUrl\":\"https:\\\/\\\/webdesi-gn.fr\\\/dev_deltalabo\\\/wp-content\\\/uploads\\\/2022\\\/07\\\/logo-deltalabo.png\",\"width\":694,\"height\":306,\"caption\":\"DeltaLabo\"},\"image\":{\"@id\":\"https:\\\/\\\/webdesi-gn.fr\\\/dev_deltalabo\\\/#\\\/schema\\\/logo\\\/image\\\/\"}}]}<\/script>\n<!-- \/ Yoast SEO plugin. -->","yoast_head_json":{"title":"Analyseur \u00e9l\u00e9mentaire haute pr\u00e9cision Ditee Scientific mod\u00e8le OA800P | DeltaLabo","robots":{"index":"noindex","follow":"follow","max-snippet":"max-snippet:-1","max-image-preview":"max-image-preview:large","max-video-preview":"max-video-preview:-1"},"og_locale":"fr_FR","og_type":"article","og_title":"Analyseur \u00e9l\u00e9mentaire haute pr\u00e9cision Ditee Scientific mod\u00e8le OA800P | DeltaLabo","og_description":"L'analyseur \u00e9l\u00e9mentaire RDE-OES (Rotating Disc Electrode Optical Emission Spectrometer) Ditee Scientific, mod\u00e8le OA800P est destin\u00e9 principalement \u00e0 l'a\u00e9ronautique et conforme aux normes ASTM D6595 et ASTM D6728.  L'analyseur \u00e9l\u00e9mentaire OA800P b\u00e9n\u00e9ficie de la technologie \u00e0 16 d\u00e9tecteurs CMOS et permet d'atteindre des seuils de d\u00e9tection particuli\u00e8rement faibles (inf \u00e0 3ppm).  B\u00e9n\u00e9ficiant tout de m\u00eame d'un excellent rapport qualit\u00e9 prix, l'analyseur OA800P permet une d\u00e9termination rapide (environ 40 secondes) des 24 \u00e9l\u00e9ments essentiels dans les huiles usag\u00e9es ou carburants (Al, Ba, B, Cd, Ca, Cr, Cu, Fe, Pb, Mg, Mn, Mo, Ni, P, Si, Ag, Na, Sn, Ti, V, Zn, K, Li et Sb).  L'analyseur OA800P permet la d\u00e9termination \u00e9l\u00e9mentaire des \u00e9chantillons types : - lubrifiants a\u00e9ronautiques - additifs - liquides de refroidissement - carburants  T\u00e9l\u00e9charger la brochure g\u00e9n\u00e9rale : Analyseur \u00e9l\u00e9mentaire OA800P  &nbsp;","og_url":"https:\/\/webdesi-gn.fr\/dev_deltalabo\/produits\/cat-produit\/analyseur-elementaire-haute-precision-ditee-scientific-modele-oa800p\/","og_site_name":"DeltaLabo","article_modified_time":"2025-12-11T13:51:57+00:00","og_image":[{"width":367,"height":239,"url":"https:\/\/webdesi-gn.fr\/dev_deltalabo\/wp-content\/uploads\/2025\/11\/DELTA-LABO-OA800P.jpg","type":"image\/jpeg"}],"twitter_card":"summary_large_image","twitter_misc":{"Dur\u00e9e de lecture estim\u00e9e":"1 minute"},"schema":{"@context":"https:\/\/schema.org","@graph":[{"@type":"WebPage","@id":"https:\/\/webdesi-gn.fr\/dev_deltalabo\/produits\/cat-produit\/analyseur-elementaire-haute-precision-ditee-scientific-modele-oa800p\/","url":"https:\/\/webdesi-gn.fr\/dev_deltalabo\/produits\/cat-produit\/analyseur-elementaire-haute-precision-ditee-scientific-modele-oa800p\/","name":"Analyseur \u00e9l\u00e9mentaire haute pr\u00e9cision Ditee Scientific mod\u00e8le OA800P | DeltaLabo","isPartOf":{"@id":"https:\/\/webdesi-gn.fr\/dev_deltalabo\/#website"},"primaryImageOfPage":{"@id":"https:\/\/webdesi-gn.fr\/dev_deltalabo\/produits\/cat-produit\/analyseur-elementaire-haute-precision-ditee-scientific-modele-oa800p\/#primaryimage"},"image":{"@id":"https:\/\/webdesi-gn.fr\/dev_deltalabo\/produits\/cat-produit\/analyseur-elementaire-haute-precision-ditee-scientific-modele-oa800p\/#primaryimage"},"thumbnailUrl":"https:\/\/webdesi-gn.fr\/dev_deltalabo\/wp-content\/uploads\/2025\/11\/DELTA-LABO-OA800P.jpg","datePublished":"2025-03-30T16:26:54+00:00","dateModified":"2025-12-11T13:51:57+00:00","breadcrumb":{"@id":"https:\/\/webdesi-gn.fr\/dev_deltalabo\/produits\/cat-produit\/analyseur-elementaire-haute-precision-ditee-scientific-modele-oa800p\/#breadcrumb"},"inLanguage":"fr-FR","potentialAction":[{"@type":"ReadAction","target":["https:\/\/webdesi-gn.fr\/dev_deltalabo\/produits\/cat-produit\/analyseur-elementaire-haute-precision-ditee-scientific-modele-oa800p\/"]}]},{"@type":"ImageObject","inLanguage":"fr-FR","@id":"https:\/\/webdesi-gn.fr\/dev_deltalabo\/produits\/cat-produit\/analyseur-elementaire-haute-precision-ditee-scientific-modele-oa800p\/#primaryimage","url":"https:\/\/webdesi-gn.fr\/dev_deltalabo\/wp-content\/uploads\/2025\/11\/DELTA-LABO-OA800P.jpg","contentUrl":"https:\/\/webdesi-gn.fr\/dev_deltalabo\/wp-content\/uploads\/2025\/11\/DELTA-LABO-OA800P.jpg","width":367,"height":239},{"@type":"BreadcrumbList","@id":"https:\/\/webdesi-gn.fr\/dev_deltalabo\/produits\/cat-produit\/analyseur-elementaire-haute-precision-ditee-scientific-modele-oa800p\/#breadcrumb","itemListElement":[{"@type":"ListItem","position":1,"name":"Accueil","item":"https:\/\/webdesi-gn.fr\/dev_deltalabo\/"},{"@type":"ListItem","position":2,"name":"Produits","item":"https:\/\/webdesi-gn.fr\/dev_deltalabo\/produits\/"},{"@type":"ListItem","position":3,"name":"Analyseur \u00e9l\u00e9mentaire haute pr\u00e9cision Ditee Scientific mod\u00e8le OA800P"}]},{"@type":"WebSite","@id":"https:\/\/webdesi-gn.fr\/dev_deltalabo\/#website","url":"https:\/\/webdesi-gn.fr\/dev_deltalabo\/","name":"Delta Labo","description":"Un site utilisant WordPress","publisher":{"@id":"https:\/\/webdesi-gn.fr\/dev_deltalabo\/#organization"},"alternateName":"Delta Labo","potentialAction":[{"@type":"SearchAction","target":{"@type":"EntryPoint","urlTemplate":"https:\/\/webdesi-gn.fr\/dev_deltalabo\/?s={search_term_string}"},"query-input":{"@type":"PropertyValueSpecification","valueRequired":true,"valueName":"search_term_string"}}],"inLanguage":"fr-FR"},{"@type":"Organization","@id":"https:\/\/webdesi-gn.fr\/dev_deltalabo\/#organization","name":"DeltaLabo","url":"https:\/\/webdesi-gn.fr\/dev_deltalabo\/","logo":{"@type":"ImageObject","inLanguage":"fr-FR","@id":"https:\/\/webdesi-gn.fr\/dev_deltalabo\/#\/schema\/logo\/image\/","url":"https:\/\/webdesi-gn.fr\/dev_deltalabo\/wp-content\/uploads\/2022\/07\/logo-deltalabo.png","contentUrl":"https:\/\/webdesi-gn.fr\/dev_deltalabo\/wp-content\/uploads\/2022\/07\/logo-deltalabo.png","width":694,"height":306,"caption":"DeltaLabo"},"image":{"@id":"https:\/\/webdesi-gn.fr\/dev_deltalabo\/#\/schema\/logo\/image\/"}}]}},"_links":{"self":[{"href":"https:\/\/webdesi-gn.fr\/dev_deltalabo\/wp-json\/wp\/v2\/product\/259339","targetHints":{"allow":["GET"]}}],"collection":[{"href":"https:\/\/webdesi-gn.fr\/dev_deltalabo\/wp-json\/wp\/v2\/product"}],"about":[{"href":"https:\/\/webdesi-gn.fr\/dev_deltalabo\/wp-json\/wp\/v2\/types\/product"}],"wp:featuredmedia":[{"embeddable":true,"href":"https:\/\/webdesi-gn.fr\/dev_deltalabo\/wp-json\/wp\/v2\/media\/262044"}],"wp:attachment":[{"href":"https:\/\/webdesi-gn.fr\/dev_deltalabo\/wp-json\/wp\/v2\/media?parent=259339"}],"wp:term":[{"taxonomy":"domaine","embeddable":true,"href":"https:\/\/webdesi-gn.fr\/dev_deltalabo\/wp-json\/wp\/v2\/domaine?post=259339"},{"taxonomy":"normes","embeddable":true,"href":"https:\/\/webdesi-gn.fr\/dev_deltalabo\/wp-json\/wp\/v2\/normes?post=259339"},{"taxonomy":"product_brand","embeddable":true,"href":"https:\/\/webdesi-gn.fr\/dev_deltalabo\/wp-json\/wp\/v2\/product_brand?post=259339"},{"taxonomy":"product_cat","embeddable":true,"href":"https:\/\/webdesi-gn.fr\/dev_deltalabo\/wp-json\/wp\/v2\/product_cat?post=259339"},{"taxonomy":"product_tag","embeddable":true,"href":"https:\/\/webdesi-gn.fr\/dev_deltalabo\/wp-json\/wp\/v2\/product_tag?post=259339"}],"curies":[{"name":"wp","href":"https:\/\/api.w.org\/{rel}","templated":true}]}}