{"id":259518,"date":"2025-04-05T14:49:09","date_gmt":"2025-04-05T12:49:09","guid":{"rendered":"https:\/\/webdesi-gn.fr\/dev_deltalabo\/?post_type=product&#038;p=259518"},"modified":"2025-12-18T12:01:26","modified_gmt":"2025-12-18T11:01:26","slug":"point-de-fumee-automatique-etech-sp-03","status":"publish","type":"product","link":"https:\/\/webdesi-gn.fr\/dev_deltalabo\/produits\/petrochimie-chimie-nucleaire\/carbureacteurs-saf\/point-de-fumee-automatique-etech-sp-03\/","title":{"rendered":"Testeur automatique du point de fum\u00e9e Etech &#8211; EIE-SP-03"},"content":{"rendered":"","protected":false},"excerpt":{"rendered":"<p><strong>Testeur automatique du point de fum\u00e9e Etech &#8211; EIE-SP-03 :<\/strong><\/p>\n<p>Le point de fum\u00e9e automatique SP 03, d\u00e9velopp\u00e9 par Canada Etech International Enterprises Inc. (EIE), utilise les concepts et les m\u00e9thodes de test internationaux les plus avanc\u00e9s au monde, ce qui am\u00e9liore le degr\u00e9 d&rsquo;automatisation du testeur de point de fum\u00e9e, garantit la pr\u00e9cision des mesures et minimise les cons\u00e9quences n\u00e9fastes caus\u00e9es par les erreurs de l&rsquo;op\u00e9rateur.<\/p>\n<p>L&rsquo;instrument adopte la technologie de \u00ab vision artificielle \u00bb \u00e0 la pointe du domaine international de la mesure et du contr\u00f4le, qui r\u00e9alise la mesure automatique du point de fum\u00e9e, et ouvre un nouveau champ d&rsquo;application de la technologie de \u00ab vision artificielle \u00bb.<\/p>\n<p>Appuyez sur le bouton [D\u00e9marrer la mesure] de l&rsquo;\u00e9cran tactile, et l&rsquo;instrument allume automatiquement la m\u00e8che, ajuste la hauteur de la flamme, br\u00fble pendant 5 minutes, ajuste automatiquement la hauteur de la m\u00e8che jusqu&rsquo;\u00e0 ce que la suie apparaisse, la hauteur de la m\u00e8che est ensuite abaiss\u00e9e jusqu&rsquo;au point sans fum\u00e9e.<\/p>\n<p>La hauteur de la flamme sans fum\u00e9e est automatiquement captur\u00e9e, jug\u00e9e, mesur\u00e9e et enregistr\u00e9e dans le profil de flamme d\u00e9crit dans la norme, r\u00e9p\u00e9t\u00e9e trois fois, et la mesure est termin\u00e9e par un signal sonore.<\/p>\n<p>Conformes aux normes : ASTM D1322 et ISO 3014.<\/p>\n","protected":false},"featured_media":262041,"template":"","meta":{"_acf_changed":false,"site-sidebar-layout":"default","site-content-layout":"","ast-site-content-layout":"default","site-content-style":"default","site-sidebar-style":"default","ast-global-header-display":"","ast-banner-title-visibility":"","ast-main-header-display":"","ast-hfb-above-header-display":"","ast-hfb-below-header-display":"","ast-hfb-mobile-header-display":"","site-post-title":"","ast-breadcrumbs-content":"","ast-featured-img":"","footer-sml-layout":"","ast-disable-related-posts":"","theme-transparent-header-meta":"default","adv-header-id-meta":"","stick-header-meta":"","header-above-stick-meta":"","header-main-stick-meta":"","header-below-stick-meta":"","astra-migrate-meta-layouts":"set","ast-page-background-enabled":"default","ast-page-background-meta":{"desktop":{"background-color":"var(--ast-global-color-5)","background-image":"","background-repeat":"repeat","background-position":"center center","background-size":"auto","background-attachment":"scroll","background-type":"","background-media":"","overlay-type":"","overlay-color":"","overlay-opacity":"","overlay-gradient":""},"tablet":{"background-color":"","background-image":"","background-repeat":"repeat","background-position":"center center","background-size":"auto","background-attachment":"scroll","background-type":"","background-media":"","overlay-type":"","overlay-color":"","overlay-opacity":"","overlay-gradient":""},"mobile":{"background-color":"","background-image":"","background-repeat":"repeat","background-position":"center center","background-size":"auto","background-attachment":"scroll","background-type":"","background-media":"","overlay-type":"","overlay-color":"","overlay-opacity":"","overlay-gradient":""}},"ast-content-background-meta":{"desktop":{"background-color":"var(--ast-global-color-4)","background-image":"","background-repeat":"repeat","background-position":"center center","background-size":"auto","background-attachment":"scroll","background-type":"","background-media":"","overlay-type":"","overlay-color":"","overlay-opacity":"","overlay-gradient":""},"tablet":{"background-color":"var(--ast-global-color-4)","background-image":"","background-repeat":"repeat","background-position":"center center","background-size":"auto","background-attachment":"scroll","background-type":"","background-media":"","overlay-type":"","overlay-color":"","overlay-opacity":"","overlay-gradient":""},"mobile":{"background-color":"var(--ast-global-color-4)","background-image":"","background-repeat":"repeat","background-position":"center center","background-size":"auto","background-attachment":"scroll","background-type":"","background-media":"","overlay-type":"","overlay-color":"","overlay-opacity":"","overlay-gradient":""}}},"domaine":[],"normes":[3298,17105],"product_brand":[],"product_cat":[17192],"product_tag":[],"class_list":{"0":"post-259518","1":"product","2":"type-product","3":"status-publish","4":"has-post-thumbnail","6":"normes-d1322","7":"normes-iso-3014","8":"product_cat-carbureacteurs-saf","9":"desktop-align-left","10":"tablet-align-left","11":"mobile-align-left","13":"first","14":"instock","15":"shipping-taxable","16":"product-type-simple"},"acf":[],"yoast_head":"<!-- This site is optimized with the Yoast SEO plugin v27.4 - https:\/\/yoast.com\/product\/yoast-seo-wordpress\/ -->\n<title>Testeur automatique du point de fum\u00e9e Etech - EIE-SP-03 | DeltaLabo<\/title>\n<meta name=\"robots\" content=\"noindex, follow, max-snippet:-1, max-image-preview:large, max-video-preview:-1\" \/>\n<meta property=\"og:locale\" content=\"fr_FR\" \/>\n<meta property=\"og:type\" content=\"article\" \/>\n<meta property=\"og:title\" content=\"Testeur automatique du point de fum\u00e9e Etech - EIE-SP-03 | DeltaLabo\" \/>\n<meta property=\"og:description\" content=\"Testeur automatique du point de fum\u00e9e Etech - EIE-SP-03 :  Le point de fum\u00e9e automatique SP 03, d\u00e9velopp\u00e9 par Canada Etech International Enterprises Inc. (EIE), utilise les concepts et les m\u00e9thodes de test internationaux les plus avanc\u00e9s au monde, ce qui am\u00e9liore le degr\u00e9 d&#039;automatisation du testeur de point de fum\u00e9e, garantit la pr\u00e9cision des mesures et minimise les cons\u00e9quences n\u00e9fastes caus\u00e9es par les erreurs de l&#039;op\u00e9rateur.  L&#039;instrument adopte la technologie de \u00ab vision artificielle \u00bb \u00e0 la pointe du domaine international de la mesure et du contr\u00f4le, qui r\u00e9alise la mesure automatique du point de fum\u00e9e, et ouvre un nouveau champ d&#039;application de la technologie de \u00ab vision artificielle \u00bb.  Appuyez sur le bouton [D\u00e9marrer la mesure] de l&#039;\u00e9cran tactile, et l&#039;instrument allume automatiquement la m\u00e8che, ajuste la hauteur de la flamme, br\u00fble pendant 5 minutes, ajuste automatiquement la hauteur de la m\u00e8che jusqu&#039;\u00e0 ce que la suie apparaisse, la hauteur de la m\u00e8che est ensuite abaiss\u00e9e jusqu&#039;au point sans fum\u00e9e.  La hauteur de la flamme sans fum\u00e9e est automatiquement captur\u00e9e, jug\u00e9e, mesur\u00e9e et enregistr\u00e9e dans le profil de flamme d\u00e9crit dans la norme, r\u00e9p\u00e9t\u00e9e trois fois, et la mesure est termin\u00e9e par un signal sonore.  Conformes aux normes : ASTM D1322 et ISO 3014.\" \/>\n<meta property=\"og:url\" content=\"https:\/\/webdesi-gn.fr\/dev_deltalabo\/produits\/petrochimie-chimie-nucleaire\/carbureacteurs-saf\/point-de-fumee-automatique-etech-sp-03\/\" \/>\n<meta property=\"og:site_name\" content=\"DeltaLabo\" \/>\n<meta property=\"article:modified_time\" content=\"2025-12-18T11:01:26+00:00\" \/>\n<meta property=\"og:image\" content=\"https:\/\/webdesi-gn.fr\/dev_deltalabo\/wp-content\/uploads\/2025\/11\/SP-03-2.jpg\" \/>\n\t<meta property=\"og:image:width\" content=\"419\" \/>\n\t<meta property=\"og:image:height\" content=\"429\" \/>\n\t<meta property=\"og:image:type\" content=\"image\/jpeg\" \/>\n<meta name=\"twitter:card\" content=\"summary_large_image\" \/>\n<meta name=\"twitter:label1\" content=\"Dur\u00e9e de lecture estim\u00e9e\" \/>\n\t<meta name=\"twitter:data1\" content=\"1 minute\" \/>\n<script type=\"application\/ld+json\" class=\"yoast-schema-graph\">{\"@context\":\"https:\\\/\\\/schema.org\",\"@graph\":[{\"@type\":\"WebPage\",\"@id\":\"https:\\\/\\\/webdesi-gn.fr\\\/dev_deltalabo\\\/produits\\\/petrochimie-chimie-nucleaire\\\/carbureacteurs-saf\\\/point-de-fumee-automatique-etech-sp-03\\\/\",\"url\":\"https:\\\/\\\/webdesi-gn.fr\\\/dev_deltalabo\\\/produits\\\/petrochimie-chimie-nucleaire\\\/carbureacteurs-saf\\\/point-de-fumee-automatique-etech-sp-03\\\/\",\"name\":\"Testeur automatique du point de fum\u00e9e Etech - EIE-SP-03 | DeltaLabo\",\"isPartOf\":{\"@id\":\"https:\\\/\\\/webdesi-gn.fr\\\/dev_deltalabo\\\/#website\"},\"primaryImageOfPage\":{\"@id\":\"https:\\\/\\\/webdesi-gn.fr\\\/dev_deltalabo\\\/produits\\\/petrochimie-chimie-nucleaire\\\/carbureacteurs-saf\\\/point-de-fumee-automatique-etech-sp-03\\\/#primaryimage\"},\"image\":{\"@id\":\"https:\\\/\\\/webdesi-gn.fr\\\/dev_deltalabo\\\/produits\\\/petrochimie-chimie-nucleaire\\\/carbureacteurs-saf\\\/point-de-fumee-automatique-etech-sp-03\\\/#primaryimage\"},\"thumbnailUrl\":\"https:\\\/\\\/webdesi-gn.fr\\\/dev_deltalabo\\\/wp-content\\\/uploads\\\/2025\\\/11\\\/SP-03-2.jpg\",\"datePublished\":\"2025-04-05T12:49:09+00:00\",\"dateModified\":\"2025-12-18T11:01:26+00:00\",\"breadcrumb\":{\"@id\":\"https:\\\/\\\/webdesi-gn.fr\\\/dev_deltalabo\\\/produits\\\/petrochimie-chimie-nucleaire\\\/carbureacteurs-saf\\\/point-de-fumee-automatique-etech-sp-03\\\/#breadcrumb\"},\"inLanguage\":\"fr-FR\",\"potentialAction\":[{\"@type\":\"ReadAction\",\"target\":[\"https:\\\/\\\/webdesi-gn.fr\\\/dev_deltalabo\\\/produits\\\/petrochimie-chimie-nucleaire\\\/carbureacteurs-saf\\\/point-de-fumee-automatique-etech-sp-03\\\/\"]}]},{\"@type\":\"ImageObject\",\"inLanguage\":\"fr-FR\",\"@id\":\"https:\\\/\\\/webdesi-gn.fr\\\/dev_deltalabo\\\/produits\\\/petrochimie-chimie-nucleaire\\\/carbureacteurs-saf\\\/point-de-fumee-automatique-etech-sp-03\\\/#primaryimage\",\"url\":\"https:\\\/\\\/webdesi-gn.fr\\\/dev_deltalabo\\\/wp-content\\\/uploads\\\/2025\\\/11\\\/SP-03-2.jpg\",\"contentUrl\":\"https:\\\/\\\/webdesi-gn.fr\\\/dev_deltalabo\\\/wp-content\\\/uploads\\\/2025\\\/11\\\/SP-03-2.jpg\",\"width\":419,\"height\":429},{\"@type\":\"BreadcrumbList\",\"@id\":\"https:\\\/\\\/webdesi-gn.fr\\\/dev_deltalabo\\\/produits\\\/petrochimie-chimie-nucleaire\\\/carbureacteurs-saf\\\/point-de-fumee-automatique-etech-sp-03\\\/#breadcrumb\",\"itemListElement\":[{\"@type\":\"ListItem\",\"position\":1,\"name\":\"Accueil\",\"item\":\"https:\\\/\\\/webdesi-gn.fr\\\/dev_deltalabo\\\/\"},{\"@type\":\"ListItem\",\"position\":2,\"name\":\"Produits\",\"item\":\"https:\\\/\\\/webdesi-gn.fr\\\/dev_deltalabo\\\/produits\\\/\"},{\"@type\":\"ListItem\",\"position\":3,\"name\":\"Testeur automatique du point de fum\u00e9e Etech &#8211; EIE-SP-03\"}]},{\"@type\":\"WebSite\",\"@id\":\"https:\\\/\\\/webdesi-gn.fr\\\/dev_deltalabo\\\/#website\",\"url\":\"https:\\\/\\\/webdesi-gn.fr\\\/dev_deltalabo\\\/\",\"name\":\"Delta Labo\",\"description\":\"Un site utilisant WordPress\",\"publisher\":{\"@id\":\"https:\\\/\\\/webdesi-gn.fr\\\/dev_deltalabo\\\/#organization\"},\"alternateName\":\"Delta Labo\",\"potentialAction\":[{\"@type\":\"SearchAction\",\"target\":{\"@type\":\"EntryPoint\",\"urlTemplate\":\"https:\\\/\\\/webdesi-gn.fr\\\/dev_deltalabo\\\/?s={search_term_string}\"},\"query-input\":{\"@type\":\"PropertyValueSpecification\",\"valueRequired\":true,\"valueName\":\"search_term_string\"}}],\"inLanguage\":\"fr-FR\"},{\"@type\":\"Organization\",\"@id\":\"https:\\\/\\\/webdesi-gn.fr\\\/dev_deltalabo\\\/#organization\",\"name\":\"DeltaLabo\",\"url\":\"https:\\\/\\\/webdesi-gn.fr\\\/dev_deltalabo\\\/\",\"logo\":{\"@type\":\"ImageObject\",\"inLanguage\":\"fr-FR\",\"@id\":\"https:\\\/\\\/webdesi-gn.fr\\\/dev_deltalabo\\\/#\\\/schema\\\/logo\\\/image\\\/\",\"url\":\"https:\\\/\\\/webdesi-gn.fr\\\/dev_deltalabo\\\/wp-content\\\/uploads\\\/2022\\\/07\\\/logo-deltalabo.png\",\"contentUrl\":\"https:\\\/\\\/webdesi-gn.fr\\\/dev_deltalabo\\\/wp-content\\\/uploads\\\/2022\\\/07\\\/logo-deltalabo.png\",\"width\":694,\"height\":306,\"caption\":\"DeltaLabo\"},\"image\":{\"@id\":\"https:\\\/\\\/webdesi-gn.fr\\\/dev_deltalabo\\\/#\\\/schema\\\/logo\\\/image\\\/\"}}]}<\/script>\n<!-- \/ Yoast SEO plugin. -->","yoast_head_json":{"title":"Testeur automatique du point de fum\u00e9e Etech - EIE-SP-03 | DeltaLabo","robots":{"index":"noindex","follow":"follow","max-snippet":"max-snippet:-1","max-image-preview":"max-image-preview:large","max-video-preview":"max-video-preview:-1"},"og_locale":"fr_FR","og_type":"article","og_title":"Testeur automatique du point de fum\u00e9e Etech - EIE-SP-03 | DeltaLabo","og_description":"Testeur automatique du point de fum\u00e9e Etech - EIE-SP-03 :  Le point de fum\u00e9e automatique SP 03, d\u00e9velopp\u00e9 par Canada Etech International Enterprises Inc. (EIE), utilise les concepts et les m\u00e9thodes de test internationaux les plus avanc\u00e9s au monde, ce qui am\u00e9liore le degr\u00e9 d'automatisation du testeur de point de fum\u00e9e, garantit la pr\u00e9cision des mesures et minimise les cons\u00e9quences n\u00e9fastes caus\u00e9es par les erreurs de l'op\u00e9rateur.  L'instrument adopte la technologie de \u00ab vision artificielle \u00bb \u00e0 la pointe du domaine international de la mesure et du contr\u00f4le, qui r\u00e9alise la mesure automatique du point de fum\u00e9e, et ouvre un nouveau champ d'application de la technologie de \u00ab vision artificielle \u00bb.  Appuyez sur le bouton [D\u00e9marrer la mesure] de l'\u00e9cran tactile, et l'instrument allume automatiquement la m\u00e8che, ajuste la hauteur de la flamme, br\u00fble pendant 5 minutes, ajuste automatiquement la hauteur de la m\u00e8che jusqu'\u00e0 ce que la suie apparaisse, la hauteur de la m\u00e8che est ensuite abaiss\u00e9e jusqu'au point sans fum\u00e9e.  La hauteur de la flamme sans fum\u00e9e est automatiquement captur\u00e9e, jug\u00e9e, mesur\u00e9e et enregistr\u00e9e dans le profil de flamme d\u00e9crit dans la norme, r\u00e9p\u00e9t\u00e9e trois fois, et la mesure est termin\u00e9e par un signal sonore.  Conformes aux normes : ASTM D1322 et ISO 3014.","og_url":"https:\/\/webdesi-gn.fr\/dev_deltalabo\/produits\/petrochimie-chimie-nucleaire\/carbureacteurs-saf\/point-de-fumee-automatique-etech-sp-03\/","og_site_name":"DeltaLabo","article_modified_time":"2025-12-18T11:01:26+00:00","og_image":[{"width":419,"height":429,"url":"https:\/\/webdesi-gn.fr\/dev_deltalabo\/wp-content\/uploads\/2025\/11\/SP-03-2.jpg","type":"image\/jpeg"}],"twitter_card":"summary_large_image","twitter_misc":{"Dur\u00e9e de lecture estim\u00e9e":"1 minute"},"schema":{"@context":"https:\/\/schema.org","@graph":[{"@type":"WebPage","@id":"https:\/\/webdesi-gn.fr\/dev_deltalabo\/produits\/petrochimie-chimie-nucleaire\/carbureacteurs-saf\/point-de-fumee-automatique-etech-sp-03\/","url":"https:\/\/webdesi-gn.fr\/dev_deltalabo\/produits\/petrochimie-chimie-nucleaire\/carbureacteurs-saf\/point-de-fumee-automatique-etech-sp-03\/","name":"Testeur automatique du point de fum\u00e9e Etech - EIE-SP-03 | DeltaLabo","isPartOf":{"@id":"https:\/\/webdesi-gn.fr\/dev_deltalabo\/#website"},"primaryImageOfPage":{"@id":"https:\/\/webdesi-gn.fr\/dev_deltalabo\/produits\/petrochimie-chimie-nucleaire\/carbureacteurs-saf\/point-de-fumee-automatique-etech-sp-03\/#primaryimage"},"image":{"@id":"https:\/\/webdesi-gn.fr\/dev_deltalabo\/produits\/petrochimie-chimie-nucleaire\/carbureacteurs-saf\/point-de-fumee-automatique-etech-sp-03\/#primaryimage"},"thumbnailUrl":"https:\/\/webdesi-gn.fr\/dev_deltalabo\/wp-content\/uploads\/2025\/11\/SP-03-2.jpg","datePublished":"2025-04-05T12:49:09+00:00","dateModified":"2025-12-18T11:01:26+00:00","breadcrumb":{"@id":"https:\/\/webdesi-gn.fr\/dev_deltalabo\/produits\/petrochimie-chimie-nucleaire\/carbureacteurs-saf\/point-de-fumee-automatique-etech-sp-03\/#breadcrumb"},"inLanguage":"fr-FR","potentialAction":[{"@type":"ReadAction","target":["https:\/\/webdesi-gn.fr\/dev_deltalabo\/produits\/petrochimie-chimie-nucleaire\/carbureacteurs-saf\/point-de-fumee-automatique-etech-sp-03\/"]}]},{"@type":"ImageObject","inLanguage":"fr-FR","@id":"https:\/\/webdesi-gn.fr\/dev_deltalabo\/produits\/petrochimie-chimie-nucleaire\/carbureacteurs-saf\/point-de-fumee-automatique-etech-sp-03\/#primaryimage","url":"https:\/\/webdesi-gn.fr\/dev_deltalabo\/wp-content\/uploads\/2025\/11\/SP-03-2.jpg","contentUrl":"https:\/\/webdesi-gn.fr\/dev_deltalabo\/wp-content\/uploads\/2025\/11\/SP-03-2.jpg","width":419,"height":429},{"@type":"BreadcrumbList","@id":"https:\/\/webdesi-gn.fr\/dev_deltalabo\/produits\/petrochimie-chimie-nucleaire\/carbureacteurs-saf\/point-de-fumee-automatique-etech-sp-03\/#breadcrumb","itemListElement":[{"@type":"ListItem","position":1,"name":"Accueil","item":"https:\/\/webdesi-gn.fr\/dev_deltalabo\/"},{"@type":"ListItem","position":2,"name":"Produits","item":"https:\/\/webdesi-gn.fr\/dev_deltalabo\/produits\/"},{"@type":"ListItem","position":3,"name":"Testeur automatique du point de fum\u00e9e Etech &#8211; EIE-SP-03"}]},{"@type":"WebSite","@id":"https:\/\/webdesi-gn.fr\/dev_deltalabo\/#website","url":"https:\/\/webdesi-gn.fr\/dev_deltalabo\/","name":"Delta Labo","description":"Un site utilisant WordPress","publisher":{"@id":"https:\/\/webdesi-gn.fr\/dev_deltalabo\/#organization"},"alternateName":"Delta Labo","potentialAction":[{"@type":"SearchAction","target":{"@type":"EntryPoint","urlTemplate":"https:\/\/webdesi-gn.fr\/dev_deltalabo\/?s={search_term_string}"},"query-input":{"@type":"PropertyValueSpecification","valueRequired":true,"valueName":"search_term_string"}}],"inLanguage":"fr-FR"},{"@type":"Organization","@id":"https:\/\/webdesi-gn.fr\/dev_deltalabo\/#organization","name":"DeltaLabo","url":"https:\/\/webdesi-gn.fr\/dev_deltalabo\/","logo":{"@type":"ImageObject","inLanguage":"fr-FR","@id":"https:\/\/webdesi-gn.fr\/dev_deltalabo\/#\/schema\/logo\/image\/","url":"https:\/\/webdesi-gn.fr\/dev_deltalabo\/wp-content\/uploads\/2022\/07\/logo-deltalabo.png","contentUrl":"https:\/\/webdesi-gn.fr\/dev_deltalabo\/wp-content\/uploads\/2022\/07\/logo-deltalabo.png","width":694,"height":306,"caption":"DeltaLabo"},"image":{"@id":"https:\/\/webdesi-gn.fr\/dev_deltalabo\/#\/schema\/logo\/image\/"}}]}},"_links":{"self":[{"href":"https:\/\/webdesi-gn.fr\/dev_deltalabo\/wp-json\/wp\/v2\/product\/259518","targetHints":{"allow":["GET"]}}],"collection":[{"href":"https:\/\/webdesi-gn.fr\/dev_deltalabo\/wp-json\/wp\/v2\/product"}],"about":[{"href":"https:\/\/webdesi-gn.fr\/dev_deltalabo\/wp-json\/wp\/v2\/types\/product"}],"wp:featuredmedia":[{"embeddable":true,"href":"https:\/\/webdesi-gn.fr\/dev_deltalabo\/wp-json\/wp\/v2\/media\/262041"}],"wp:attachment":[{"href":"https:\/\/webdesi-gn.fr\/dev_deltalabo\/wp-json\/wp\/v2\/media?parent=259518"}],"wp:term":[{"taxonomy":"domaine","embeddable":true,"href":"https:\/\/webdesi-gn.fr\/dev_deltalabo\/wp-json\/wp\/v2\/domaine?post=259518"},{"taxonomy":"normes","embeddable":true,"href":"https:\/\/webdesi-gn.fr\/dev_deltalabo\/wp-json\/wp\/v2\/normes?post=259518"},{"taxonomy":"product_brand","embeddable":true,"href":"https:\/\/webdesi-gn.fr\/dev_deltalabo\/wp-json\/wp\/v2\/product_brand?post=259518"},{"taxonomy":"product_cat","embeddable":true,"href":"https:\/\/webdesi-gn.fr\/dev_deltalabo\/wp-json\/wp\/v2\/product_cat?post=259518"},{"taxonomy":"product_tag","embeddable":true,"href":"https:\/\/webdesi-gn.fr\/dev_deltalabo\/wp-json\/wp\/v2\/product_tag?post=259518"}],"curies":[{"name":"wp","href":"https:\/\/api.w.org\/{rel}","templated":true}]}}