{"id":259524,"date":"2025-04-05T15:32:06","date_gmt":"2025-04-05T13:32:06","guid":{"rendered":"https:\/\/webdesi-gn.fr\/dev_deltalabo\/?post_type=product&#038;p=259524"},"modified":"2025-11-24T13:42:03","modified_gmt":"2025-11-24T12:42:03","slug":"tubes-pour-test-de-stabilite-a-loxydation-thermique","status":"publish","type":"product","link":"https:\/\/webdesi-gn.fr\/dev_deltalabo\/produits\/cat-produit\/tubes-pour-test-de-stabilite-a-loxydation-thermique\/","title":{"rendered":"Tubes pour test de stabilit\u00e9 \u00e0 l\u2019oxydation thermique &#8211; Metaspec SKU 701-10"},"content":{"rendered":"","protected":false},"excerpt":{"rendered":"<p><strong>Tubes pour test de stabilit\u00e9 \u00e0 l\u2019oxydation thermique &#8211; Metaspec SKU 701-10 :<\/strong><\/p>\n<p>Les tubes pour test de stabilit\u00e9 \u00e0 l&rsquo;oxydation thermique SKU 701-10 r\u00e9pondent parfaitement aux exigences de la norme ASTM D3241, le test de stabilit\u00e9 \u00e0 l&rsquo;oxydation thermique du carburant aviation.<\/p>\n<p>La norme ASTM D3241 est con\u00e7ue pour tester la formation de d\u00e9p\u00f4ts \u00e0 la surface des tubes en pr\u00e9sence de certains types d&rsquo;impuret\u00e9s dans les carburants aviation. La qualit\u00e9 du carburant est \u00e9valu\u00e9e visuellement en comparant le tube avec un nuancier standard sous un grossissement de 3x ou en utilisant un appareil num\u00e9rique de mesure de l&rsquo;\u00e9paisseur des d\u00e9p\u00f4ts.<\/p>\n<p>Les tubes SKU 701-10 sont fabriqu\u00e9s en aluminium 6061 et polis par rotation. Cette finition de surface uniforme permet aux op\u00e9rateurs d&rsquo;\u00e9valuer facilement les tubes, soit visuellement, soit \u00e0 l&rsquo;aide d&rsquo;instruments num\u00e9riques. Des milliers de tests ont \u00e9t\u00e9 r\u00e9alis\u00e9s dans des laboratoires du monde entier et ont \u00e9tabli que les tubes SKU 701-10 fournissent des r\u00e9sultats statistiquement \u00e9quivalents \u00e0 ceux d&rsquo;autres marques, qu&rsquo;ils soient \u00e9valu\u00e9s visuellement ou num\u00e9riquement.<\/p>\n<p>Les tubes chauffants sont vendus par lot de dix. Chaque tube chauffant est soigneusement nettoy\u00e9, inspect\u00e9, num\u00e9rot\u00e9 et pr\u00eat \u00e0 \u00eatre utilis\u00e9 en laboratoire.<\/p>\n<p><strong>Nous contacter pour plus d&rsquo;informations concernant le rapport du comit\u00e9 d&rsquo;\u00e9valuation de l&rsquo;ASTM<\/strong><\/p>\n","protected":false},"featured_media":262037,"template":"","meta":{"_acf_changed":false,"site-sidebar-layout":"default","site-content-layout":"","ast-site-content-layout":"default","site-content-style":"default","site-sidebar-style":"default","ast-global-header-display":"","ast-banner-title-visibility":"","ast-main-header-display":"","ast-hfb-above-header-display":"","ast-hfb-below-header-display":"","ast-hfb-mobile-header-display":"","site-post-title":"","ast-breadcrumbs-content":"","ast-featured-img":"","footer-sml-layout":"","ast-disable-related-posts":"","theme-transparent-header-meta":"","adv-header-id-meta":"","stick-header-meta":"","header-above-stick-meta":"","header-main-stick-meta":"","header-below-stick-meta":"","astra-migrate-meta-layouts":"default","ast-page-background-enabled":"default","ast-page-background-meta":{"desktop":{"background-color":"var(--ast-global-color-5)","background-image":"","background-repeat":"repeat","background-position":"center center","background-size":"auto","background-attachment":"scroll","background-type":"","background-media":"","overlay-type":"","overlay-color":"","overlay-opacity":"","overlay-gradient":""},"tablet":{"background-color":"","background-image":"","background-repeat":"repeat","background-position":"center center","background-size":"auto","background-attachment":"scroll","background-type":"","background-media":"","overlay-type":"","overlay-color":"","overlay-opacity":"","overlay-gradient":""},"mobile":{"background-color":"","background-image":"","background-repeat":"repeat","background-position":"center center","background-size":"auto","background-attachment":"scroll","background-type":"","background-media":"","overlay-type":"","overlay-color":"","overlay-opacity":"","overlay-gradient":""}},"ast-content-background-meta":{"desktop":{"background-color":"var(--ast-global-color-4)","background-image":"","background-repeat":"repeat","background-position":"center center","background-size":"auto","background-attachment":"scroll","background-type":"","background-media":"","overlay-type":"","overlay-color":"","overlay-opacity":"","overlay-gradient":""},"tablet":{"background-color":"var(--ast-global-color-4)","background-image":"","background-repeat":"repeat","background-position":"center center","background-size":"auto","background-attachment":"scroll","background-type":"","background-media":"","overlay-type":"","overlay-color":"","overlay-opacity":"","overlay-gradient":""},"mobile":{"background-color":"var(--ast-global-color-4)","background-image":"","background-repeat":"repeat","background-position":"center center","background-size":"auto","background-attachment":"scroll","background-type":"","background-media":"","overlay-type":"","overlay-color":"","overlay-opacity":"","overlay-gradient":""}}},"domaine":[],"normes":[3326,17135],"product_brand":[],"product_cat":[15],"product_tag":[],"class_list":{"0":"post-259524","1":"product","2":"type-product","3":"status-publish","4":"has-post-thumbnail","6":"normes-d3241","7":"normes-din-51562","8":"product_cat-cat-produit","9":"desktop-align-left","10":"tablet-align-left","11":"mobile-align-left","13":"first","14":"instock","15":"shipping-taxable","16":"product-type-simple"},"acf":[],"yoast_head":"<!-- This site is optimized with the Yoast SEO plugin v27.4 - https:\/\/yoast.com\/product\/yoast-seo-wordpress\/ -->\n<title>Tubes pour test de stabilit\u00e9 \u00e0 l\u2019oxydation thermique - Metaspec SKU 701-10 | DeltaLabo<\/title>\n<meta name=\"robots\" content=\"noindex, follow, max-snippet:-1, max-image-preview:large, max-video-preview:-1\" \/>\n<meta property=\"og:locale\" content=\"fr_FR\" \/>\n<meta property=\"og:type\" content=\"article\" \/>\n<meta property=\"og:title\" content=\"Tubes pour test de stabilit\u00e9 \u00e0 l\u2019oxydation thermique - Metaspec SKU 701-10 | DeltaLabo\" \/>\n<meta property=\"og:description\" content=\"Tubes pour test de stabilit\u00e9 \u00e0 l\u2019oxydation thermique - Metaspec SKU 701-10 :  Les tubes pour test de stabilit\u00e9 \u00e0 l&#039;oxydation thermique SKU 701-10 r\u00e9pondent parfaitement aux exigences de la norme ASTM D3241, le test de stabilit\u00e9 \u00e0 l&#039;oxydation thermique du carburant aviation.  La norme ASTM D3241 est con\u00e7ue pour tester la formation de d\u00e9p\u00f4ts \u00e0 la surface des tubes en pr\u00e9sence de certains types d&#039;impuret\u00e9s dans les carburants aviation. La qualit\u00e9 du carburant est \u00e9valu\u00e9e visuellement en comparant le tube avec un nuancier standard sous un grossissement de 3x ou en utilisant un appareil num\u00e9rique de mesure de l&#039;\u00e9paisseur des d\u00e9p\u00f4ts.  Les tubes SKU 701-10 sont fabriqu\u00e9s en aluminium 6061 et polis par rotation. Cette finition de surface uniforme permet aux op\u00e9rateurs d&#039;\u00e9valuer facilement les tubes, soit visuellement, soit \u00e0 l&#039;aide d&#039;instruments num\u00e9riques. Des milliers de tests ont \u00e9t\u00e9 r\u00e9alis\u00e9s dans des laboratoires du monde entier et ont \u00e9tabli que les tubes SKU 701-10 fournissent des r\u00e9sultats statistiquement \u00e9quivalents \u00e0 ceux d&#039;autres marques, qu&#039;ils soient \u00e9valu\u00e9s visuellement ou num\u00e9riquement.  Les tubes chauffants sont vendus par lot de dix. Chaque tube chauffant est soigneusement nettoy\u00e9, inspect\u00e9, num\u00e9rot\u00e9 et pr\u00eat \u00e0 \u00eatre utilis\u00e9 en laboratoire.  Nous contacter pour plus d&#039;informations concernant le rapport du comit\u00e9 d&#039;\u00e9valuation de l&#039;ASTM\" \/>\n<meta property=\"og:url\" content=\"https:\/\/webdesi-gn.fr\/dev_deltalabo\/produits\/cat-produit\/tubes-pour-test-de-stabilite-a-loxydation-thermique\/\" \/>\n<meta property=\"og:site_name\" content=\"DeltaLabo\" \/>\n<meta property=\"article:modified_time\" content=\"2025-11-24T12:42:03+00:00\" \/>\n<meta property=\"og:image\" content=\"https:\/\/webdesi-gn.fr\/dev_deltalabo\/wp-content\/uploads\/2025\/04\/std-heat-1.jpg\" \/>\n\t<meta property=\"og:image:width\" content=\"581\" \/>\n\t<meta property=\"og:image:height\" content=\"416\" \/>\n\t<meta property=\"og:image:type\" content=\"image\/jpeg\" \/>\n<meta name=\"twitter:card\" content=\"summary_large_image\" \/>\n<meta name=\"twitter:label1\" content=\"Dur\u00e9e de lecture estim\u00e9e\" \/>\n\t<meta name=\"twitter:data1\" content=\"1 minute\" \/>\n<script type=\"application\/ld+json\" class=\"yoast-schema-graph\">{\"@context\":\"https:\\\/\\\/schema.org\",\"@graph\":[{\"@type\":\"WebPage\",\"@id\":\"https:\\\/\\\/webdesi-gn.fr\\\/dev_deltalabo\\\/produits\\\/cat-produit\\\/tubes-pour-test-de-stabilite-a-loxydation-thermique\\\/\",\"url\":\"https:\\\/\\\/webdesi-gn.fr\\\/dev_deltalabo\\\/produits\\\/cat-produit\\\/tubes-pour-test-de-stabilite-a-loxydation-thermique\\\/\",\"name\":\"Tubes pour test de stabilit\u00e9 \u00e0 l\u2019oxydation thermique - Metaspec SKU 701-10 | DeltaLabo\",\"isPartOf\":{\"@id\":\"https:\\\/\\\/webdesi-gn.fr\\\/dev_deltalabo\\\/#website\"},\"primaryImageOfPage\":{\"@id\":\"https:\\\/\\\/webdesi-gn.fr\\\/dev_deltalabo\\\/produits\\\/cat-produit\\\/tubes-pour-test-de-stabilite-a-loxydation-thermique\\\/#primaryimage\"},\"image\":{\"@id\":\"https:\\\/\\\/webdesi-gn.fr\\\/dev_deltalabo\\\/produits\\\/cat-produit\\\/tubes-pour-test-de-stabilite-a-loxydation-thermique\\\/#primaryimage\"},\"thumbnailUrl\":\"https:\\\/\\\/webdesi-gn.fr\\\/dev_deltalabo\\\/wp-content\\\/uploads\\\/2025\\\/11\\\/std-heat-1.jpg\",\"datePublished\":\"2025-04-05T13:32:06+00:00\",\"dateModified\":\"2025-11-24T12:42:03+00:00\",\"breadcrumb\":{\"@id\":\"https:\\\/\\\/webdesi-gn.fr\\\/dev_deltalabo\\\/produits\\\/cat-produit\\\/tubes-pour-test-de-stabilite-a-loxydation-thermique\\\/#breadcrumb\"},\"inLanguage\":\"fr-FR\",\"potentialAction\":[{\"@type\":\"ReadAction\",\"target\":[\"https:\\\/\\\/webdesi-gn.fr\\\/dev_deltalabo\\\/produits\\\/cat-produit\\\/tubes-pour-test-de-stabilite-a-loxydation-thermique\\\/\"]}]},{\"@type\":\"ImageObject\",\"inLanguage\":\"fr-FR\",\"@id\":\"https:\\\/\\\/webdesi-gn.fr\\\/dev_deltalabo\\\/produits\\\/cat-produit\\\/tubes-pour-test-de-stabilite-a-loxydation-thermique\\\/#primaryimage\",\"url\":\"https:\\\/\\\/webdesi-gn.fr\\\/dev_deltalabo\\\/wp-content\\\/uploads\\\/2025\\\/11\\\/std-heat-1.jpg\",\"contentUrl\":\"https:\\\/\\\/webdesi-gn.fr\\\/dev_deltalabo\\\/wp-content\\\/uploads\\\/2025\\\/11\\\/std-heat-1.jpg\",\"width\":581,\"height\":416},{\"@type\":\"BreadcrumbList\",\"@id\":\"https:\\\/\\\/webdesi-gn.fr\\\/dev_deltalabo\\\/produits\\\/cat-produit\\\/tubes-pour-test-de-stabilite-a-loxydation-thermique\\\/#breadcrumb\",\"itemListElement\":[{\"@type\":\"ListItem\",\"position\":1,\"name\":\"Accueil\",\"item\":\"https:\\\/\\\/webdesi-gn.fr\\\/dev_deltalabo\\\/\"},{\"@type\":\"ListItem\",\"position\":2,\"name\":\"Produits\",\"item\":\"https:\\\/\\\/webdesi-gn.fr\\\/dev_deltalabo\\\/produits\\\/\"},{\"@type\":\"ListItem\",\"position\":3,\"name\":\"Tubes pour test de stabilit\u00e9 \u00e0 l\u2019oxydation thermique &#8211; Metaspec SKU 701-10\"}]},{\"@type\":\"WebSite\",\"@id\":\"https:\\\/\\\/webdesi-gn.fr\\\/dev_deltalabo\\\/#website\",\"url\":\"https:\\\/\\\/webdesi-gn.fr\\\/dev_deltalabo\\\/\",\"name\":\"Delta Labo\",\"description\":\"Un site utilisant WordPress\",\"publisher\":{\"@id\":\"https:\\\/\\\/webdesi-gn.fr\\\/dev_deltalabo\\\/#organization\"},\"alternateName\":\"Delta Labo\",\"potentialAction\":[{\"@type\":\"SearchAction\",\"target\":{\"@type\":\"EntryPoint\",\"urlTemplate\":\"https:\\\/\\\/webdesi-gn.fr\\\/dev_deltalabo\\\/?s={search_term_string}\"},\"query-input\":{\"@type\":\"PropertyValueSpecification\",\"valueRequired\":true,\"valueName\":\"search_term_string\"}}],\"inLanguage\":\"fr-FR\"},{\"@type\":\"Organization\",\"@id\":\"https:\\\/\\\/webdesi-gn.fr\\\/dev_deltalabo\\\/#organization\",\"name\":\"DeltaLabo\",\"url\":\"https:\\\/\\\/webdesi-gn.fr\\\/dev_deltalabo\\\/\",\"logo\":{\"@type\":\"ImageObject\",\"inLanguage\":\"fr-FR\",\"@id\":\"https:\\\/\\\/webdesi-gn.fr\\\/dev_deltalabo\\\/#\\\/schema\\\/logo\\\/image\\\/\",\"url\":\"https:\\\/\\\/webdesi-gn.fr\\\/dev_deltalabo\\\/wp-content\\\/uploads\\\/2022\\\/07\\\/logo-deltalabo.png\",\"contentUrl\":\"https:\\\/\\\/webdesi-gn.fr\\\/dev_deltalabo\\\/wp-content\\\/uploads\\\/2022\\\/07\\\/logo-deltalabo.png\",\"width\":694,\"height\":306,\"caption\":\"DeltaLabo\"},\"image\":{\"@id\":\"https:\\\/\\\/webdesi-gn.fr\\\/dev_deltalabo\\\/#\\\/schema\\\/logo\\\/image\\\/\"}}]}<\/script>\n<!-- \/ Yoast SEO plugin. -->","yoast_head_json":{"title":"Tubes pour test de stabilit\u00e9 \u00e0 l\u2019oxydation thermique - Metaspec SKU 701-10 | DeltaLabo","robots":{"index":"noindex","follow":"follow","max-snippet":"max-snippet:-1","max-image-preview":"max-image-preview:large","max-video-preview":"max-video-preview:-1"},"og_locale":"fr_FR","og_type":"article","og_title":"Tubes pour test de stabilit\u00e9 \u00e0 l\u2019oxydation thermique - Metaspec SKU 701-10 | DeltaLabo","og_description":"Tubes pour test de stabilit\u00e9 \u00e0 l\u2019oxydation thermique - Metaspec SKU 701-10 :  Les tubes pour test de stabilit\u00e9 \u00e0 l'oxydation thermique SKU 701-10 r\u00e9pondent parfaitement aux exigences de la norme ASTM D3241, le test de stabilit\u00e9 \u00e0 l'oxydation thermique du carburant aviation.  La norme ASTM D3241 est con\u00e7ue pour tester la formation de d\u00e9p\u00f4ts \u00e0 la surface des tubes en pr\u00e9sence de certains types d'impuret\u00e9s dans les carburants aviation. La qualit\u00e9 du carburant est \u00e9valu\u00e9e visuellement en comparant le tube avec un nuancier standard sous un grossissement de 3x ou en utilisant un appareil num\u00e9rique de mesure de l'\u00e9paisseur des d\u00e9p\u00f4ts.  Les tubes SKU 701-10 sont fabriqu\u00e9s en aluminium 6061 et polis par rotation. Cette finition de surface uniforme permet aux op\u00e9rateurs d'\u00e9valuer facilement les tubes, soit visuellement, soit \u00e0 l'aide d'instruments num\u00e9riques. Des milliers de tests ont \u00e9t\u00e9 r\u00e9alis\u00e9s dans des laboratoires du monde entier et ont \u00e9tabli que les tubes SKU 701-10 fournissent des r\u00e9sultats statistiquement \u00e9quivalents \u00e0 ceux d'autres marques, qu'ils soient \u00e9valu\u00e9s visuellement ou num\u00e9riquement.  Les tubes chauffants sont vendus par lot de dix. Chaque tube chauffant est soigneusement nettoy\u00e9, inspect\u00e9, num\u00e9rot\u00e9 et pr\u00eat \u00e0 \u00eatre utilis\u00e9 en laboratoire.  Nous contacter pour plus d'informations concernant le rapport du comit\u00e9 d'\u00e9valuation de l'ASTM","og_url":"https:\/\/webdesi-gn.fr\/dev_deltalabo\/produits\/cat-produit\/tubes-pour-test-de-stabilite-a-loxydation-thermique\/","og_site_name":"DeltaLabo","article_modified_time":"2025-11-24T12:42:03+00:00","og_image":[{"width":581,"height":416,"url":"https:\/\/webdesi-gn.fr\/dev_deltalabo\/wp-content\/uploads\/2025\/04\/std-heat-1.jpg","type":"image\/jpeg"}],"twitter_card":"summary_large_image","twitter_misc":{"Dur\u00e9e de lecture estim\u00e9e":"1 minute"},"schema":{"@context":"https:\/\/schema.org","@graph":[{"@type":"WebPage","@id":"https:\/\/webdesi-gn.fr\/dev_deltalabo\/produits\/cat-produit\/tubes-pour-test-de-stabilite-a-loxydation-thermique\/","url":"https:\/\/webdesi-gn.fr\/dev_deltalabo\/produits\/cat-produit\/tubes-pour-test-de-stabilite-a-loxydation-thermique\/","name":"Tubes pour test de stabilit\u00e9 \u00e0 l\u2019oxydation thermique - Metaspec SKU 701-10 | DeltaLabo","isPartOf":{"@id":"https:\/\/webdesi-gn.fr\/dev_deltalabo\/#website"},"primaryImageOfPage":{"@id":"https:\/\/webdesi-gn.fr\/dev_deltalabo\/produits\/cat-produit\/tubes-pour-test-de-stabilite-a-loxydation-thermique\/#primaryimage"},"image":{"@id":"https:\/\/webdesi-gn.fr\/dev_deltalabo\/produits\/cat-produit\/tubes-pour-test-de-stabilite-a-loxydation-thermique\/#primaryimage"},"thumbnailUrl":"https:\/\/webdesi-gn.fr\/dev_deltalabo\/wp-content\/uploads\/2025\/11\/std-heat-1.jpg","datePublished":"2025-04-05T13:32:06+00:00","dateModified":"2025-11-24T12:42:03+00:00","breadcrumb":{"@id":"https:\/\/webdesi-gn.fr\/dev_deltalabo\/produits\/cat-produit\/tubes-pour-test-de-stabilite-a-loxydation-thermique\/#breadcrumb"},"inLanguage":"fr-FR","potentialAction":[{"@type":"ReadAction","target":["https:\/\/webdesi-gn.fr\/dev_deltalabo\/produits\/cat-produit\/tubes-pour-test-de-stabilite-a-loxydation-thermique\/"]}]},{"@type":"ImageObject","inLanguage":"fr-FR","@id":"https:\/\/webdesi-gn.fr\/dev_deltalabo\/produits\/cat-produit\/tubes-pour-test-de-stabilite-a-loxydation-thermique\/#primaryimage","url":"https:\/\/webdesi-gn.fr\/dev_deltalabo\/wp-content\/uploads\/2025\/11\/std-heat-1.jpg","contentUrl":"https:\/\/webdesi-gn.fr\/dev_deltalabo\/wp-content\/uploads\/2025\/11\/std-heat-1.jpg","width":581,"height":416},{"@type":"BreadcrumbList","@id":"https:\/\/webdesi-gn.fr\/dev_deltalabo\/produits\/cat-produit\/tubes-pour-test-de-stabilite-a-loxydation-thermique\/#breadcrumb","itemListElement":[{"@type":"ListItem","position":1,"name":"Accueil","item":"https:\/\/webdesi-gn.fr\/dev_deltalabo\/"},{"@type":"ListItem","position":2,"name":"Produits","item":"https:\/\/webdesi-gn.fr\/dev_deltalabo\/produits\/"},{"@type":"ListItem","position":3,"name":"Tubes pour test de stabilit\u00e9 \u00e0 l\u2019oxydation thermique &#8211; Metaspec SKU 701-10"}]},{"@type":"WebSite","@id":"https:\/\/webdesi-gn.fr\/dev_deltalabo\/#website","url":"https:\/\/webdesi-gn.fr\/dev_deltalabo\/","name":"Delta Labo","description":"Un site utilisant WordPress","publisher":{"@id":"https:\/\/webdesi-gn.fr\/dev_deltalabo\/#organization"},"alternateName":"Delta Labo","potentialAction":[{"@type":"SearchAction","target":{"@type":"EntryPoint","urlTemplate":"https:\/\/webdesi-gn.fr\/dev_deltalabo\/?s={search_term_string}"},"query-input":{"@type":"PropertyValueSpecification","valueRequired":true,"valueName":"search_term_string"}}],"inLanguage":"fr-FR"},{"@type":"Organization","@id":"https:\/\/webdesi-gn.fr\/dev_deltalabo\/#organization","name":"DeltaLabo","url":"https:\/\/webdesi-gn.fr\/dev_deltalabo\/","logo":{"@type":"ImageObject","inLanguage":"fr-FR","@id":"https:\/\/webdesi-gn.fr\/dev_deltalabo\/#\/schema\/logo\/image\/","url":"https:\/\/webdesi-gn.fr\/dev_deltalabo\/wp-content\/uploads\/2022\/07\/logo-deltalabo.png","contentUrl":"https:\/\/webdesi-gn.fr\/dev_deltalabo\/wp-content\/uploads\/2022\/07\/logo-deltalabo.png","width":694,"height":306,"caption":"DeltaLabo"},"image":{"@id":"https:\/\/webdesi-gn.fr\/dev_deltalabo\/#\/schema\/logo\/image\/"}}]}},"_links":{"self":[{"href":"https:\/\/webdesi-gn.fr\/dev_deltalabo\/wp-json\/wp\/v2\/product\/259524","targetHints":{"allow":["GET"]}}],"collection":[{"href":"https:\/\/webdesi-gn.fr\/dev_deltalabo\/wp-json\/wp\/v2\/product"}],"about":[{"href":"https:\/\/webdesi-gn.fr\/dev_deltalabo\/wp-json\/wp\/v2\/types\/product"}],"wp:featuredmedia":[{"embeddable":true,"href":"https:\/\/webdesi-gn.fr\/dev_deltalabo\/wp-json\/wp\/v2\/media\/262037"}],"wp:attachment":[{"href":"https:\/\/webdesi-gn.fr\/dev_deltalabo\/wp-json\/wp\/v2\/media?parent=259524"}],"wp:term":[{"taxonomy":"domaine","embeddable":true,"href":"https:\/\/webdesi-gn.fr\/dev_deltalabo\/wp-json\/wp\/v2\/domaine?post=259524"},{"taxonomy":"normes","embeddable":true,"href":"https:\/\/webdesi-gn.fr\/dev_deltalabo\/wp-json\/wp\/v2\/normes?post=259524"},{"taxonomy":"product_brand","embeddable":true,"href":"https:\/\/webdesi-gn.fr\/dev_deltalabo\/wp-json\/wp\/v2\/product_brand?post=259524"},{"taxonomy":"product_cat","embeddable":true,"href":"https:\/\/webdesi-gn.fr\/dev_deltalabo\/wp-json\/wp\/v2\/product_cat?post=259524"},{"taxonomy":"product_tag","embeddable":true,"href":"https:\/\/webdesi-gn.fr\/dev_deltalabo\/wp-json\/wp\/v2\/product_tag?post=259524"}],"curies":[{"name":"wp","href":"https:\/\/api.w.org\/{rel}","templated":true}]}}