{"id":259695,"date":"2025-04-14T13:44:44","date_gmt":"2025-04-14T11:44:44","guid":{"rendered":"https:\/\/webdesi-gn.fr\/dev_deltalabo\/?post_type=product&#038;p=259695"},"modified":"2025-11-24T13:41:36","modified_gmt":"2025-11-24T12:41:36","slug":"viscosimetre-tbs-2100e-f","status":"publish","type":"product","link":"https:\/\/webdesi-gn.fr\/dev_deltalabo\/produits\/cat-produit\/viscosimetre-tbs-2100e-f\/","title":{"rendered":"Viscosim\u00e8tre TANNAS TBS 2100E-F"},"content":{"rendered":"","protected":false},"excerpt":{"rendered":"<p><strong><span class=\"Y2IQFc\" lang=\"fr\">Viscosim\u00e8tre TANNAS TBS 2100E-F :<\/span><\/strong><\/p>\n<p><span class=\"Y2IQFc\" lang=\"fr\">Le viscosim\u00e8tre Tannas Tapered Bearing Simulator (TBS) 2100E-F est un viscosim\u00e8tre rotatif permettant de mesurer la viscosit\u00e9 des huiles moteur \u00e0 haute temp\u00e9rature et \u00e0 taux de cisaillement \u00e9lev\u00e9 (HTHS) sur un large taux de cisaillement (50 000 \u00e0 &gt;7 millions de secondes\u20131) et une plage de temp\u00e9ratures (40\u00b0C \u00e0 200\u00b0C).<\/span><\/p>\n<p><span class=\"Y2IQFc\" lang=\"fr\">Le TBS apporte un niveau accru de facilit\u00e9 d&rsquo;utilisation et de productivit\u00e9 pour l&rsquo;op\u00e9rateur, tant pour la recherche que pour les tests HTHS de routine en laboratoire. <\/span><\/p>\n<p><span class=\"Y2IQFc\" lang=\"fr\">Ces innovations incluent deux modes d&rsquo;automatisation compl\u00e8tes en option, un contr\u00f4le constant de la temp\u00e9rature, un moteur \u00e0 12 \u00e9tapes pour un r\u00e9glage simple du taux de cisaillement, un \u00e9change rapide d&rsquo;\u00e9chantillons par \u00ab chasse-rin\u00e7age \u00bb ainsi qu&rsquo;un contr\u00f4le informatique complet pour l&rsquo;\u00e9talonnage automatique, l&rsquo;injection d&rsquo;\u00e9chantillons et le reporting des donn\u00e9es.<\/span><\/p>\n<p id=\"tw-target-text\" class=\"tw-data-text tw-text-large tw-ta\" dir=\"ltr\" data-placeholder=\"Traduction\" data-ved=\"2ahUKEwi_qJGIk9eMAxUSSaQEHQfROV0Q3ewLegQICBAV\" aria-label=\"Texte traduit\u00a0: L'huile de r\u00e9f\u00e9rence TBS est disponible pour un fonctionnement \u00e0 des temp\u00e9ratures de 80\u00b0, 100\u00b0 et 150\u00b0C.\"><span class=\"Y2IQFc\" lang=\"fr\">L&rsquo;huile de r\u00e9f\u00e9rence TBS est disponible pour un fonctionnement \u00e0 des temp\u00e9ratures de 80\u00b0C, 100\u00b0C et 150\u00b0C.<\/span><\/p>\n<p><strong>T\u00e9l\u00e9charger la brochure produit :<\/strong> <a href=\"https:\/\/www.deltalabo.fr\/wp-content\/uploads\/2025\/04\/TBS_2100E-F_HTHS_Viscometer_Brochure-eng-DL.pdf\">Viscosim\u00e8tre TANNAS TBS 2100E-F<\/a><\/p>\n<p><strong>Visionner l&rsquo;utilisation du produit :<\/strong> <a href=\"https:\/\/youtu.be\/SL_uUNvM6Io?t=11\">Viscosim\u00e8tre TANNAS TBS 2100E-F<\/a><\/p>\n","protected":false},"featured_media":262030,"template":"","meta":{"_acf_changed":false,"site-sidebar-layout":"default","site-content-layout":"","ast-site-content-layout":"default","site-content-style":"default","site-sidebar-style":"default","ast-global-header-display":"","ast-banner-title-visibility":"","ast-main-header-display":"","ast-hfb-above-header-display":"","ast-hfb-below-header-display":"","ast-hfb-mobile-header-display":"","site-post-title":"","ast-breadcrumbs-content":"","ast-featured-img":"","footer-sml-layout":"","ast-disable-related-posts":"","theme-transparent-header-meta":"","adv-header-id-meta":"","stick-header-meta":"","header-above-stick-meta":"","header-main-stick-meta":"","header-below-stick-meta":"","astra-migrate-meta-layouts":"default","ast-page-background-enabled":"default","ast-page-background-meta":{"desktop":{"background-color":"var(--ast-global-color-5)","background-image":"","background-repeat":"repeat","background-position":"center center","background-size":"auto","background-attachment":"scroll","background-type":"","background-media":"","overlay-type":"","overlay-color":"","overlay-opacity":"","overlay-gradient":""},"tablet":{"background-color":"","background-image":"","background-repeat":"repeat","background-position":"center center","background-size":"auto","background-attachment":"scroll","background-type":"","background-media":"","overlay-type":"","overlay-color":"","overlay-opacity":"","overlay-gradient":""},"mobile":{"background-color":"","background-image":"","background-repeat":"repeat","background-position":"center center","background-size":"auto","background-attachment":"scroll","background-type":"","background-media":"","overlay-type":"","overlay-color":"","overlay-opacity":"","overlay-gradient":""}},"ast-content-background-meta":{"desktop":{"background-color":"var(--ast-global-color-4)","background-image":"","background-repeat":"repeat","background-position":"center center","background-size":"auto","background-attachment":"scroll","background-type":"","background-media":"","overlay-type":"","overlay-color":"","overlay-opacity":"","overlay-gradient":""},"tablet":{"background-color":"var(--ast-global-color-4)","background-image":"","background-repeat":"repeat","background-position":"center center","background-size":"auto","background-attachment":"scroll","background-type":"","background-media":"","overlay-type":"","overlay-color":"","overlay-opacity":"","overlay-gradient":""},"mobile":{"background-color":"var(--ast-global-color-4)","background-image":"","background-repeat":"repeat","background-position":"center center","background-size":"auto","background-attachment":"scroll","background-type":"","background-media":"","overlay-type":"","overlay-color":"","overlay-opacity":"","overlay-gradient":""}}},"domaine":[],"normes":[3337,3365,17135,17161],"product_brand":[],"product_cat":[15],"product_tag":[],"class_list":{"0":"post-259695","1":"product","2":"type-product","3":"status-publish","4":"has-post-thumbnail","6":"normes-d4683","7":"normes-d6616","8":"normes-din-51562","9":"normes-ip-370","10":"product_cat-cat-produit","11":"desktop-align-left","12":"tablet-align-left","13":"mobile-align-left","15":"first","16":"instock","17":"shipping-taxable","18":"purchasable","19":"product-type-simple"},"acf":[],"yoast_head":"<!-- This site is optimized with the Yoast SEO plugin v27.4 - https:\/\/yoast.com\/product\/yoast-seo-wordpress\/ -->\n<title>Viscosim\u00e8tre TANNAS TBS 2100E-F | DeltaLabo<\/title>\n<meta name=\"robots\" content=\"noindex, follow, max-snippet:-1, max-image-preview:large, max-video-preview:-1\" \/>\n<meta property=\"og:locale\" content=\"fr_FR\" \/>\n<meta property=\"og:type\" content=\"article\" \/>\n<meta property=\"og:title\" content=\"Viscosim\u00e8tre TANNAS TBS 2100E-F | DeltaLabo\" \/>\n<meta property=\"og:description\" content=\"Viscosim\u00e8tre TANNAS TBS 2100E-F :  Le viscosim\u00e8tre Tannas Tapered Bearing Simulator (TBS) 2100E-F est un viscosim\u00e8tre rotatif permettant de mesurer la viscosit\u00e9 des huiles moteur \u00e0 haute temp\u00e9rature et \u00e0 taux de cisaillement \u00e9lev\u00e9 (HTHS) sur un large taux de cisaillement (50 000 \u00e0 &gt;7 millions de secondes\u20131) et une plage de temp\u00e9ratures (40\u00b0C \u00e0 200\u00b0C).  Le TBS apporte un niveau accru de facilit\u00e9 d&#039;utilisation et de productivit\u00e9 pour l&#039;op\u00e9rateur, tant pour la recherche que pour les tests HTHS de routine en laboratoire.   Ces innovations incluent deux modes d&#039;automatisation compl\u00e8tes en option, un contr\u00f4le constant de la temp\u00e9rature, un moteur \u00e0 12 \u00e9tapes pour un r\u00e9glage simple du taux de cisaillement, un \u00e9change rapide d&#039;\u00e9chantillons par \u00ab chasse-rin\u00e7age \u00bb ainsi qu&#039;un contr\u00f4le informatique complet pour l&#039;\u00e9talonnage automatique, l&#039;injection d&#039;\u00e9chantillons et le reporting des donn\u00e9es. L&#039;huile de r\u00e9f\u00e9rence TBS est disponible pour un fonctionnement \u00e0 des temp\u00e9ratures de 80\u00b0C, 100\u00b0C et 150\u00b0C. T\u00e9l\u00e9charger la brochure produit : Viscosim\u00e8tre TANNAS TBS 2100E-F  Visionner l&#039;utilisation du produit : Viscosim\u00e8tre TANNAS TBS 2100E-F\" \/>\n<meta property=\"og:url\" content=\"https:\/\/webdesi-gn.fr\/dev_deltalabo\/produits\/cat-produit\/viscosimetre-tbs-2100e-f\/\" \/>\n<meta property=\"og:site_name\" content=\"DeltaLabo\" \/>\n<meta property=\"article:modified_time\" content=\"2025-11-24T12:41:36+00:00\" \/>\n<meta property=\"og:image\" content=\"https:\/\/webdesi-gn.fr\/dev_deltalabo\/wp-content\/uploads\/2025\/04\/DELTA-LABO-viscosimetre-TBS-2100E-F.jpg\" \/>\n\t<meta property=\"og:image:width\" content=\"435\" \/>\n\t<meta property=\"og:image:height\" content=\"471\" \/>\n\t<meta property=\"og:image:type\" content=\"image\/jpeg\" \/>\n<meta name=\"twitter:card\" content=\"summary_large_image\" \/>\n<meta name=\"twitter:label1\" content=\"Dur\u00e9e de lecture estim\u00e9e\" \/>\n\t<meta name=\"twitter:data1\" content=\"1 minute\" \/>\n<script type=\"application\/ld+json\" class=\"yoast-schema-graph\">{\"@context\":\"https:\\\/\\\/schema.org\",\"@graph\":[{\"@type\":\"WebPage\",\"@id\":\"https:\\\/\\\/webdesi-gn.fr\\\/dev_deltalabo\\\/produits\\\/cat-produit\\\/viscosimetre-tbs-2100e-f\\\/\",\"url\":\"https:\\\/\\\/webdesi-gn.fr\\\/dev_deltalabo\\\/produits\\\/cat-produit\\\/viscosimetre-tbs-2100e-f\\\/\",\"name\":\"Viscosim\u00e8tre TANNAS TBS 2100E-F | DeltaLabo\",\"isPartOf\":{\"@id\":\"https:\\\/\\\/webdesi-gn.fr\\\/dev_deltalabo\\\/#website\"},\"primaryImageOfPage\":{\"@id\":\"https:\\\/\\\/webdesi-gn.fr\\\/dev_deltalabo\\\/produits\\\/cat-produit\\\/viscosimetre-tbs-2100e-f\\\/#primaryimage\"},\"image\":{\"@id\":\"https:\\\/\\\/webdesi-gn.fr\\\/dev_deltalabo\\\/produits\\\/cat-produit\\\/viscosimetre-tbs-2100e-f\\\/#primaryimage\"},\"thumbnailUrl\":\"https:\\\/\\\/webdesi-gn.fr\\\/dev_deltalabo\\\/wp-content\\\/uploads\\\/2025\\\/11\\\/DELTA-LABO-viscosimetre-TBS-2100E-F.jpg\",\"datePublished\":\"2025-04-14T11:44:44+00:00\",\"dateModified\":\"2025-11-24T12:41:36+00:00\",\"breadcrumb\":{\"@id\":\"https:\\\/\\\/webdesi-gn.fr\\\/dev_deltalabo\\\/produits\\\/cat-produit\\\/viscosimetre-tbs-2100e-f\\\/#breadcrumb\"},\"inLanguage\":\"fr-FR\",\"potentialAction\":[{\"@type\":\"ReadAction\",\"target\":[\"https:\\\/\\\/webdesi-gn.fr\\\/dev_deltalabo\\\/produits\\\/cat-produit\\\/viscosimetre-tbs-2100e-f\\\/\"]}]},{\"@type\":\"ImageObject\",\"inLanguage\":\"fr-FR\",\"@id\":\"https:\\\/\\\/webdesi-gn.fr\\\/dev_deltalabo\\\/produits\\\/cat-produit\\\/viscosimetre-tbs-2100e-f\\\/#primaryimage\",\"url\":\"https:\\\/\\\/webdesi-gn.fr\\\/dev_deltalabo\\\/wp-content\\\/uploads\\\/2025\\\/11\\\/DELTA-LABO-viscosimetre-TBS-2100E-F.jpg\",\"contentUrl\":\"https:\\\/\\\/webdesi-gn.fr\\\/dev_deltalabo\\\/wp-content\\\/uploads\\\/2025\\\/11\\\/DELTA-LABO-viscosimetre-TBS-2100E-F.jpg\",\"width\":435,\"height\":471},{\"@type\":\"BreadcrumbList\",\"@id\":\"https:\\\/\\\/webdesi-gn.fr\\\/dev_deltalabo\\\/produits\\\/cat-produit\\\/viscosimetre-tbs-2100e-f\\\/#breadcrumb\",\"itemListElement\":[{\"@type\":\"ListItem\",\"position\":1,\"name\":\"Accueil\",\"item\":\"https:\\\/\\\/webdesi-gn.fr\\\/dev_deltalabo\\\/\"},{\"@type\":\"ListItem\",\"position\":2,\"name\":\"Produits\",\"item\":\"https:\\\/\\\/webdesi-gn.fr\\\/dev_deltalabo\\\/produits\\\/\"},{\"@type\":\"ListItem\",\"position\":3,\"name\":\"Viscosim\u00e8tre TANNAS TBS 2100E-F\"}]},{\"@type\":\"WebSite\",\"@id\":\"https:\\\/\\\/webdesi-gn.fr\\\/dev_deltalabo\\\/#website\",\"url\":\"https:\\\/\\\/webdesi-gn.fr\\\/dev_deltalabo\\\/\",\"name\":\"Delta Labo\",\"description\":\"Un site utilisant WordPress\",\"publisher\":{\"@id\":\"https:\\\/\\\/webdesi-gn.fr\\\/dev_deltalabo\\\/#organization\"},\"alternateName\":\"Delta Labo\",\"potentialAction\":[{\"@type\":\"SearchAction\",\"target\":{\"@type\":\"EntryPoint\",\"urlTemplate\":\"https:\\\/\\\/webdesi-gn.fr\\\/dev_deltalabo\\\/?s={search_term_string}\"},\"query-input\":{\"@type\":\"PropertyValueSpecification\",\"valueRequired\":true,\"valueName\":\"search_term_string\"}}],\"inLanguage\":\"fr-FR\"},{\"@type\":\"Organization\",\"@id\":\"https:\\\/\\\/webdesi-gn.fr\\\/dev_deltalabo\\\/#organization\",\"name\":\"DeltaLabo\",\"url\":\"https:\\\/\\\/webdesi-gn.fr\\\/dev_deltalabo\\\/\",\"logo\":{\"@type\":\"ImageObject\",\"inLanguage\":\"fr-FR\",\"@id\":\"https:\\\/\\\/webdesi-gn.fr\\\/dev_deltalabo\\\/#\\\/schema\\\/logo\\\/image\\\/\",\"url\":\"https:\\\/\\\/webdesi-gn.fr\\\/dev_deltalabo\\\/wp-content\\\/uploads\\\/2022\\\/07\\\/logo-deltalabo.png\",\"contentUrl\":\"https:\\\/\\\/webdesi-gn.fr\\\/dev_deltalabo\\\/wp-content\\\/uploads\\\/2022\\\/07\\\/logo-deltalabo.png\",\"width\":694,\"height\":306,\"caption\":\"DeltaLabo\"},\"image\":{\"@id\":\"https:\\\/\\\/webdesi-gn.fr\\\/dev_deltalabo\\\/#\\\/schema\\\/logo\\\/image\\\/\"}}]}<\/script>\n<!-- \/ Yoast SEO plugin. -->","yoast_head_json":{"title":"Viscosim\u00e8tre TANNAS TBS 2100E-F | DeltaLabo","robots":{"index":"noindex","follow":"follow","max-snippet":"max-snippet:-1","max-image-preview":"max-image-preview:large","max-video-preview":"max-video-preview:-1"},"og_locale":"fr_FR","og_type":"article","og_title":"Viscosim\u00e8tre TANNAS TBS 2100E-F | DeltaLabo","og_description":"Viscosim\u00e8tre TANNAS TBS 2100E-F :  Le viscosim\u00e8tre Tannas Tapered Bearing Simulator (TBS) 2100E-F est un viscosim\u00e8tre rotatif permettant de mesurer la viscosit\u00e9 des huiles moteur \u00e0 haute temp\u00e9rature et \u00e0 taux de cisaillement \u00e9lev\u00e9 (HTHS) sur un large taux de cisaillement (50 000 \u00e0 &gt;7 millions de secondes\u20131) et une plage de temp\u00e9ratures (40\u00b0C \u00e0 200\u00b0C).  Le TBS apporte un niveau accru de facilit\u00e9 d'utilisation et de productivit\u00e9 pour l'op\u00e9rateur, tant pour la recherche que pour les tests HTHS de routine en laboratoire.   Ces innovations incluent deux modes d'automatisation compl\u00e8tes en option, un contr\u00f4le constant de la temp\u00e9rature, un moteur \u00e0 12 \u00e9tapes pour un r\u00e9glage simple du taux de cisaillement, un \u00e9change rapide d'\u00e9chantillons par \u00ab chasse-rin\u00e7age \u00bb ainsi qu'un contr\u00f4le informatique complet pour l'\u00e9talonnage automatique, l'injection d'\u00e9chantillons et le reporting des donn\u00e9es. L'huile de r\u00e9f\u00e9rence TBS est disponible pour un fonctionnement \u00e0 des temp\u00e9ratures de 80\u00b0C, 100\u00b0C et 150\u00b0C. T\u00e9l\u00e9charger la brochure produit : Viscosim\u00e8tre TANNAS TBS 2100E-F  Visionner l'utilisation du produit : Viscosim\u00e8tre TANNAS TBS 2100E-F","og_url":"https:\/\/webdesi-gn.fr\/dev_deltalabo\/produits\/cat-produit\/viscosimetre-tbs-2100e-f\/","og_site_name":"DeltaLabo","article_modified_time":"2025-11-24T12:41:36+00:00","og_image":[{"width":435,"height":471,"url":"https:\/\/webdesi-gn.fr\/dev_deltalabo\/wp-content\/uploads\/2025\/04\/DELTA-LABO-viscosimetre-TBS-2100E-F.jpg","type":"image\/jpeg"}],"twitter_card":"summary_large_image","twitter_misc":{"Dur\u00e9e de lecture estim\u00e9e":"1 minute"},"schema":{"@context":"https:\/\/schema.org","@graph":[{"@type":"WebPage","@id":"https:\/\/webdesi-gn.fr\/dev_deltalabo\/produits\/cat-produit\/viscosimetre-tbs-2100e-f\/","url":"https:\/\/webdesi-gn.fr\/dev_deltalabo\/produits\/cat-produit\/viscosimetre-tbs-2100e-f\/","name":"Viscosim\u00e8tre TANNAS TBS 2100E-F | DeltaLabo","isPartOf":{"@id":"https:\/\/webdesi-gn.fr\/dev_deltalabo\/#website"},"primaryImageOfPage":{"@id":"https:\/\/webdesi-gn.fr\/dev_deltalabo\/produits\/cat-produit\/viscosimetre-tbs-2100e-f\/#primaryimage"},"image":{"@id":"https:\/\/webdesi-gn.fr\/dev_deltalabo\/produits\/cat-produit\/viscosimetre-tbs-2100e-f\/#primaryimage"},"thumbnailUrl":"https:\/\/webdesi-gn.fr\/dev_deltalabo\/wp-content\/uploads\/2025\/11\/DELTA-LABO-viscosimetre-TBS-2100E-F.jpg","datePublished":"2025-04-14T11:44:44+00:00","dateModified":"2025-11-24T12:41:36+00:00","breadcrumb":{"@id":"https:\/\/webdesi-gn.fr\/dev_deltalabo\/produits\/cat-produit\/viscosimetre-tbs-2100e-f\/#breadcrumb"},"inLanguage":"fr-FR","potentialAction":[{"@type":"ReadAction","target":["https:\/\/webdesi-gn.fr\/dev_deltalabo\/produits\/cat-produit\/viscosimetre-tbs-2100e-f\/"]}]},{"@type":"ImageObject","inLanguage":"fr-FR","@id":"https:\/\/webdesi-gn.fr\/dev_deltalabo\/produits\/cat-produit\/viscosimetre-tbs-2100e-f\/#primaryimage","url":"https:\/\/webdesi-gn.fr\/dev_deltalabo\/wp-content\/uploads\/2025\/11\/DELTA-LABO-viscosimetre-TBS-2100E-F.jpg","contentUrl":"https:\/\/webdesi-gn.fr\/dev_deltalabo\/wp-content\/uploads\/2025\/11\/DELTA-LABO-viscosimetre-TBS-2100E-F.jpg","width":435,"height":471},{"@type":"BreadcrumbList","@id":"https:\/\/webdesi-gn.fr\/dev_deltalabo\/produits\/cat-produit\/viscosimetre-tbs-2100e-f\/#breadcrumb","itemListElement":[{"@type":"ListItem","position":1,"name":"Accueil","item":"https:\/\/webdesi-gn.fr\/dev_deltalabo\/"},{"@type":"ListItem","position":2,"name":"Produits","item":"https:\/\/webdesi-gn.fr\/dev_deltalabo\/produits\/"},{"@type":"ListItem","position":3,"name":"Viscosim\u00e8tre TANNAS TBS 2100E-F"}]},{"@type":"WebSite","@id":"https:\/\/webdesi-gn.fr\/dev_deltalabo\/#website","url":"https:\/\/webdesi-gn.fr\/dev_deltalabo\/","name":"Delta Labo","description":"Un site utilisant WordPress","publisher":{"@id":"https:\/\/webdesi-gn.fr\/dev_deltalabo\/#organization"},"alternateName":"Delta Labo","potentialAction":[{"@type":"SearchAction","target":{"@type":"EntryPoint","urlTemplate":"https:\/\/webdesi-gn.fr\/dev_deltalabo\/?s={search_term_string}"},"query-input":{"@type":"PropertyValueSpecification","valueRequired":true,"valueName":"search_term_string"}}],"inLanguage":"fr-FR"},{"@type":"Organization","@id":"https:\/\/webdesi-gn.fr\/dev_deltalabo\/#organization","name":"DeltaLabo","url":"https:\/\/webdesi-gn.fr\/dev_deltalabo\/","logo":{"@type":"ImageObject","inLanguage":"fr-FR","@id":"https:\/\/webdesi-gn.fr\/dev_deltalabo\/#\/schema\/logo\/image\/","url":"https:\/\/webdesi-gn.fr\/dev_deltalabo\/wp-content\/uploads\/2022\/07\/logo-deltalabo.png","contentUrl":"https:\/\/webdesi-gn.fr\/dev_deltalabo\/wp-content\/uploads\/2022\/07\/logo-deltalabo.png","width":694,"height":306,"caption":"DeltaLabo"},"image":{"@id":"https:\/\/webdesi-gn.fr\/dev_deltalabo\/#\/schema\/logo\/image\/"}}]}},"_links":{"self":[{"href":"https:\/\/webdesi-gn.fr\/dev_deltalabo\/wp-json\/wp\/v2\/product\/259695","targetHints":{"allow":["GET"]}}],"collection":[{"href":"https:\/\/webdesi-gn.fr\/dev_deltalabo\/wp-json\/wp\/v2\/product"}],"about":[{"href":"https:\/\/webdesi-gn.fr\/dev_deltalabo\/wp-json\/wp\/v2\/types\/product"}],"wp:featuredmedia":[{"embeddable":true,"href":"https:\/\/webdesi-gn.fr\/dev_deltalabo\/wp-json\/wp\/v2\/media\/262030"}],"wp:attachment":[{"href":"https:\/\/webdesi-gn.fr\/dev_deltalabo\/wp-json\/wp\/v2\/media?parent=259695"}],"wp:term":[{"taxonomy":"domaine","embeddable":true,"href":"https:\/\/webdesi-gn.fr\/dev_deltalabo\/wp-json\/wp\/v2\/domaine?post=259695"},{"taxonomy":"normes","embeddable":true,"href":"https:\/\/webdesi-gn.fr\/dev_deltalabo\/wp-json\/wp\/v2\/normes?post=259695"},{"taxonomy":"product_brand","embeddable":true,"href":"https:\/\/webdesi-gn.fr\/dev_deltalabo\/wp-json\/wp\/v2\/product_brand?post=259695"},{"taxonomy":"product_cat","embeddable":true,"href":"https:\/\/webdesi-gn.fr\/dev_deltalabo\/wp-json\/wp\/v2\/product_cat?post=259695"},{"taxonomy":"product_tag","embeddable":true,"href":"https:\/\/webdesi-gn.fr\/dev_deltalabo\/wp-json\/wp\/v2\/product_tag?post=259695"}],"curies":[{"name":"wp","href":"https:\/\/api.w.org\/{rel}","templated":true}]}}