{"id":259698,"date":"2025-04-14T13:56:44","date_gmt":"2025-04-14T11:56:44","guid":{"rendered":"https:\/\/webdesi-gn.fr\/dev_deltalabo\/?post_type=product&#038;p=259698"},"modified":"2025-11-24T13:41:32","modified_gmt":"2025-11-24T12:41:32","slug":"test-de-depot-conducteur-tanev-cdt","status":"publish","type":"product","link":"https:\/\/webdesi-gn.fr\/dev_deltalabo\/produits\/cat-produit\/test-de-depot-conducteur-tanev-cdt\/","title":{"rendered":"Test de d\u00e9p\u00f4t conducteur TANNAS TanEV CDT"},"content":{"rendered":"","protected":false},"excerpt":{"rendered":"<p id=\"tw-target-text\" class=\"tw-data-text tw-text-large tw-ta\" dir=\"ltr\" data-placeholder=\"Traduction\" data-ved=\"2ahUKEwi_qJGIk9eMAxUSSaQEHQfROV0Q3ewLegQICBAV\" aria-label=\"Texte traduit\u00a0: L'instrument TanEV CDT\u00ae est con\u00e7u pour d\u00e9terminer la tendance des fluides lubrifiants \u00e0 former des d\u00e9p\u00f4ts de couches conductrices sur les enroulements de moteur en cuivre expos\u00e9s, les connecteurs et les composants \u00e9lectriques \u00e0 des temp\u00e9ratures \u00e9lev\u00e9es dans une transmission de v\u00e9hicule \u00e9lectrifi\u00e9 (VE). Un circuit imprim\u00e9 (PCB) sp\u00e9cialement modifi\u00e9 est plong\u00e9 dans le fluide de test \u00e0 150 \u00b0C pendant environ 500 heures tout en \u00e9tant aliment\u00e9 par un signal 5 V CC. La r\u00e9sistance, en Ohms fournie \u00e0 deux boucles de tension sur le PCB, est mesur\u00e9e en phase liquide et vapeur pendant toute la dur\u00e9e du test. Un test \u00e9choue lorsque des d\u00e9p\u00f4ts traversent des traces de cuivre sur le PCB.\"><strong><span class=\"Y2IQFc\" lang=\"fr\">L&rsquo;instrument TanEV CDT\u00ae est con\u00e7u pour d\u00e9terminer la tendance des fluides lubrifiants \u00e0 former des d\u00e9p\u00f4ts de couches conductrices sur les enroulements de moteur en cuivre expos\u00e9s, les connecteurs et les composants \u00e9lectriques \u00e0 des temp\u00e9ratures \u00e9lev\u00e9es dans une transmission de v\u00e9hicule \u00e9lectrifi\u00e9 (VE). <\/span><\/strong><\/p>\n<p class=\"tw-data-text tw-text-large tw-ta\" dir=\"ltr\" data-placeholder=\"Traduction\" data-ved=\"2ahUKEwi_qJGIk9eMAxUSSaQEHQfROV0Q3ewLegQICBAV\" aria-label=\"Texte traduit\u00a0: L'instrument TanEV CDT\u00ae est con\u00e7u pour d\u00e9terminer la tendance des fluides lubrifiants \u00e0 former des d\u00e9p\u00f4ts de couches conductrices sur les enroulements de moteur en cuivre expos\u00e9s, les connecteurs et les composants \u00e9lectriques \u00e0 des temp\u00e9ratures \u00e9lev\u00e9es dans une transmission de v\u00e9hicule \u00e9lectrifi\u00e9 (VE). Un circuit imprim\u00e9 (PCB) sp\u00e9cialement modifi\u00e9 est plong\u00e9 dans le fluide de test \u00e0 150 \u00b0C pendant environ 500 heures tout en \u00e9tant aliment\u00e9 par un signal 5 V CC. La r\u00e9sistance, en Ohms fournie \u00e0 deux boucles de tension sur le PCB, est mesur\u00e9e en phase liquide et vapeur pendant toute la dur\u00e9e du test. Un test \u00e9choue lorsque des d\u00e9p\u00f4ts traversent des traces de cuivre sur le PCB.\"><strong><span class=\"Y2IQFc\" lang=\"fr\">Un circuit imprim\u00e9 (PCB) sp\u00e9cialement modifi\u00e9 est plong\u00e9 dans le fluide de test \u00e0 150 \u00b0C pendant environ 500 heures tout en \u00e9tant aliment\u00e9 par un signal 5 V CC. <\/span><\/strong><\/p>\n<p class=\"tw-data-text tw-text-large tw-ta\" dir=\"ltr\" data-placeholder=\"Traduction\" data-ved=\"2ahUKEwi_qJGIk9eMAxUSSaQEHQfROV0Q3ewLegQICBAV\" aria-label=\"Texte traduit\u00a0: L'instrument TanEV CDT\u00ae est con\u00e7u pour d\u00e9terminer la tendance des fluides lubrifiants \u00e0 former des d\u00e9p\u00f4ts de couches conductrices sur les enroulements de moteur en cuivre expos\u00e9s, les connecteurs et les composants \u00e9lectriques \u00e0 des temp\u00e9ratures \u00e9lev\u00e9es dans une transmission de v\u00e9hicule \u00e9lectrifi\u00e9 (VE). Un circuit imprim\u00e9 (PCB) sp\u00e9cialement modifi\u00e9 est plong\u00e9 dans le fluide de test \u00e0 150 \u00b0C pendant environ 500 heures tout en \u00e9tant aliment\u00e9 par un signal 5 V CC. La r\u00e9sistance, en Ohms fournie \u00e0 deux boucles de tension sur le PCB, est mesur\u00e9e en phase liquide et vapeur pendant toute la dur\u00e9e du test. Un test \u00e9choue lorsque des d\u00e9p\u00f4ts traversent des traces de cuivre sur le PCB.\"><strong><span class=\"Y2IQFc\" lang=\"fr\">La r\u00e9sistance, en Ohms fournie \u00e0 deux boucles de tension sur le PCB, est mesur\u00e9e en phase liquide et vapeur pendant toute la dur\u00e9e du test. Un test \u00e9choue lorsque des d\u00e9p\u00f4ts traversent des traces de cuivre sur le PCB.<\/span><\/strong><\/p>\n<p><strong>T\u00e9l\u00e9charger la brochure produit :<\/strong> <a href=\"https:\/\/www.deltalabo.fr\/wp-content\/uploads\/2025\/04\/TanEV-CDT-Version-5-eng-DL.pdf\">Test de d\u00e9p\u00f4t conducteur TanEV CDT<\/a><\/p>\n","protected":false},"featured_media":262029,"template":"","meta":{"_acf_changed":false,"site-sidebar-layout":"default","site-content-layout":"","ast-site-content-layout":"default","site-content-style":"default","site-sidebar-style":"default","ast-global-header-display":"","ast-banner-title-visibility":"","ast-main-header-display":"","ast-hfb-above-header-display":"","ast-hfb-below-header-display":"","ast-hfb-mobile-header-display":"","site-post-title":"","ast-breadcrumbs-content":"","ast-featured-img":"","footer-sml-layout":"","ast-disable-related-posts":"","theme-transparent-header-meta":"","adv-header-id-meta":"","stick-header-meta":"","header-above-stick-meta":"","header-main-stick-meta":"","header-below-stick-meta":"","astra-migrate-meta-layouts":"default","ast-page-background-enabled":"default","ast-page-background-meta":{"desktop":{"background-color":"var(--ast-global-color-5)","background-image":"","background-repeat":"repeat","background-position":"center center","background-size":"auto","background-attachment":"scroll","background-type":"","background-media":"","overlay-type":"","overlay-color":"","overlay-opacity":"","overlay-gradient":""},"tablet":{"background-color":"","background-image":"","background-repeat":"repeat","background-position":"center center","background-size":"auto","background-attachment":"scroll","background-type":"","background-media":"","overlay-type":"","overlay-color":"","overlay-opacity":"","overlay-gradient":""},"mobile":{"background-color":"","background-image":"","background-repeat":"repeat","background-position":"center center","background-size":"auto","background-attachment":"scroll","background-type":"","background-media":"","overlay-type":"","overlay-color":"","overlay-opacity":"","overlay-gradient":""}},"ast-content-background-meta":{"desktop":{"background-color":"var(--ast-global-color-4)","background-image":"","background-repeat":"repeat","background-position":"center center","background-size":"auto","background-attachment":"scroll","background-type":"","background-media":"","overlay-type":"","overlay-color":"","overlay-opacity":"","overlay-gradient":""},"tablet":{"background-color":"var(--ast-global-color-4)","background-image":"","background-repeat":"repeat","background-position":"center center","background-size":"auto","background-attachment":"scroll","background-type":"","background-media":"","overlay-type":"","overlay-color":"","overlay-opacity":"","overlay-gradient":""},"mobile":{"background-color":"var(--ast-global-color-4)","background-image":"","background-repeat":"repeat","background-position":"center center","background-size":"auto","background-attachment":"scroll","background-type":"","background-media":"","overlay-type":"","overlay-color":"","overlay-opacity":"","overlay-gradient":""}}},"domaine":[],"normes":[17135],"product_brand":[],"product_cat":[15],"product_tag":[],"class_list":{"0":"post-259698","1":"product","2":"type-product","3":"status-publish","4":"has-post-thumbnail","6":"normes-din-51562","7":"product_cat-cat-produit","8":"desktop-align-left","9":"tablet-align-left","10":"mobile-align-left","12":"first","13":"instock","14":"shipping-taxable","15":"purchasable","16":"product-type-simple"},"acf":[],"yoast_head":"<!-- This site is optimized with the Yoast SEO plugin v27.4 - https:\/\/yoast.com\/product\/yoast-seo-wordpress\/ -->\n<title>Test de d\u00e9p\u00f4t conducteur TANNAS TanEV CDT | DeltaLabo<\/title>\n<meta name=\"robots\" content=\"noindex, follow, max-snippet:-1, max-image-preview:large, max-video-preview:-1\" \/>\n<meta property=\"og:locale\" content=\"fr_FR\" \/>\n<meta property=\"og:type\" content=\"article\" \/>\n<meta property=\"og:title\" content=\"Test de d\u00e9p\u00f4t conducteur TANNAS TanEV CDT | DeltaLabo\" \/>\n<meta property=\"og:description\" content=\"L&#039;instrument TanEV CDT\u00ae est con\u00e7u pour d\u00e9terminer la tendance des fluides lubrifiants \u00e0 former des d\u00e9p\u00f4ts de couches conductrices sur les enroulements de moteur en cuivre expos\u00e9s, les connecteurs et les composants \u00e9lectriques \u00e0 des temp\u00e9ratures \u00e9lev\u00e9es dans une transmission de v\u00e9hicule \u00e9lectrifi\u00e9 (VE).  Un circuit imprim\u00e9 (PCB) sp\u00e9cialement modifi\u00e9 est plong\u00e9 dans le fluide de test \u00e0 150 \u00b0C pendant environ 500 heures tout en \u00e9tant aliment\u00e9 par un signal 5 V CC.  La r\u00e9sistance, en Ohms fournie \u00e0 deux boucles de tension sur le PCB, est mesur\u00e9e en phase liquide et vapeur pendant toute la dur\u00e9e du test. Un test \u00e9choue lorsque des d\u00e9p\u00f4ts traversent des traces de cuivre sur le PCB. T\u00e9l\u00e9charger la brochure produit : Test de d\u00e9p\u00f4t conducteur TanEV CDT\" \/>\n<meta property=\"og:url\" content=\"https:\/\/webdesi-gn.fr\/dev_deltalabo\/produits\/cat-produit\/test-de-depot-conducteur-tanev-cdt\/\" \/>\n<meta property=\"og:site_name\" content=\"DeltaLabo\" \/>\n<meta property=\"article:modified_time\" content=\"2025-11-24T12:41:32+00:00\" \/>\n<meta property=\"og:image\" content=\"https:\/\/webdesi-gn.fr\/dev_deltalabo\/wp-content\/uploads\/2025\/04\/DELTA-LABO-test-de-depot-conducteur-Tan-EV-CDT.jpg\" \/>\n\t<meta property=\"og:image:width\" content=\"822\" \/>\n\t<meta property=\"og:image:height\" content=\"609\" \/>\n\t<meta property=\"og:image:type\" content=\"image\/jpeg\" \/>\n<meta name=\"twitter:card\" content=\"summary_large_image\" \/>\n<meta name=\"twitter:label1\" content=\"Dur\u00e9e de lecture estim\u00e9e\" \/>\n\t<meta name=\"twitter:data1\" content=\"1 minute\" \/>\n<script type=\"application\/ld+json\" class=\"yoast-schema-graph\">{\"@context\":\"https:\\\/\\\/schema.org\",\"@graph\":[{\"@type\":\"WebPage\",\"@id\":\"https:\\\/\\\/webdesi-gn.fr\\\/dev_deltalabo\\\/produits\\\/cat-produit\\\/test-de-depot-conducteur-tanev-cdt\\\/\",\"url\":\"https:\\\/\\\/webdesi-gn.fr\\\/dev_deltalabo\\\/produits\\\/cat-produit\\\/test-de-depot-conducteur-tanev-cdt\\\/\",\"name\":\"Test de d\u00e9p\u00f4t conducteur TANNAS TanEV CDT | DeltaLabo\",\"isPartOf\":{\"@id\":\"https:\\\/\\\/webdesi-gn.fr\\\/dev_deltalabo\\\/#website\"},\"primaryImageOfPage\":{\"@id\":\"https:\\\/\\\/webdesi-gn.fr\\\/dev_deltalabo\\\/produits\\\/cat-produit\\\/test-de-depot-conducteur-tanev-cdt\\\/#primaryimage\"},\"image\":{\"@id\":\"https:\\\/\\\/webdesi-gn.fr\\\/dev_deltalabo\\\/produits\\\/cat-produit\\\/test-de-depot-conducteur-tanev-cdt\\\/#primaryimage\"},\"thumbnailUrl\":\"https:\\\/\\\/webdesi-gn.fr\\\/dev_deltalabo\\\/wp-content\\\/uploads\\\/2025\\\/11\\\/DELTA-LABO-test-de-depot-conducteur-Tan-EV-CDT.jpg\",\"datePublished\":\"2025-04-14T11:56:44+00:00\",\"dateModified\":\"2025-11-24T12:41:32+00:00\",\"breadcrumb\":{\"@id\":\"https:\\\/\\\/webdesi-gn.fr\\\/dev_deltalabo\\\/produits\\\/cat-produit\\\/test-de-depot-conducteur-tanev-cdt\\\/#breadcrumb\"},\"inLanguage\":\"fr-FR\",\"potentialAction\":[{\"@type\":\"ReadAction\",\"target\":[\"https:\\\/\\\/webdesi-gn.fr\\\/dev_deltalabo\\\/produits\\\/cat-produit\\\/test-de-depot-conducteur-tanev-cdt\\\/\"]}]},{\"@type\":\"ImageObject\",\"inLanguage\":\"fr-FR\",\"@id\":\"https:\\\/\\\/webdesi-gn.fr\\\/dev_deltalabo\\\/produits\\\/cat-produit\\\/test-de-depot-conducteur-tanev-cdt\\\/#primaryimage\",\"url\":\"https:\\\/\\\/webdesi-gn.fr\\\/dev_deltalabo\\\/wp-content\\\/uploads\\\/2025\\\/11\\\/DELTA-LABO-test-de-depot-conducteur-Tan-EV-CDT.jpg\",\"contentUrl\":\"https:\\\/\\\/webdesi-gn.fr\\\/dev_deltalabo\\\/wp-content\\\/uploads\\\/2025\\\/11\\\/DELTA-LABO-test-de-depot-conducteur-Tan-EV-CDT.jpg\",\"width\":822,\"height\":609},{\"@type\":\"BreadcrumbList\",\"@id\":\"https:\\\/\\\/webdesi-gn.fr\\\/dev_deltalabo\\\/produits\\\/cat-produit\\\/test-de-depot-conducteur-tanev-cdt\\\/#breadcrumb\",\"itemListElement\":[{\"@type\":\"ListItem\",\"position\":1,\"name\":\"Accueil\",\"item\":\"https:\\\/\\\/webdesi-gn.fr\\\/dev_deltalabo\\\/\"},{\"@type\":\"ListItem\",\"position\":2,\"name\":\"Produits\",\"item\":\"https:\\\/\\\/webdesi-gn.fr\\\/dev_deltalabo\\\/produits\\\/\"},{\"@type\":\"ListItem\",\"position\":3,\"name\":\"Test de d\u00e9p\u00f4t conducteur TANNAS TanEV CDT\"}]},{\"@type\":\"WebSite\",\"@id\":\"https:\\\/\\\/webdesi-gn.fr\\\/dev_deltalabo\\\/#website\",\"url\":\"https:\\\/\\\/webdesi-gn.fr\\\/dev_deltalabo\\\/\",\"name\":\"Delta Labo\",\"description\":\"Un site utilisant WordPress\",\"publisher\":{\"@id\":\"https:\\\/\\\/webdesi-gn.fr\\\/dev_deltalabo\\\/#organization\"},\"alternateName\":\"Delta Labo\",\"potentialAction\":[{\"@type\":\"SearchAction\",\"target\":{\"@type\":\"EntryPoint\",\"urlTemplate\":\"https:\\\/\\\/webdesi-gn.fr\\\/dev_deltalabo\\\/?s={search_term_string}\"},\"query-input\":{\"@type\":\"PropertyValueSpecification\",\"valueRequired\":true,\"valueName\":\"search_term_string\"}}],\"inLanguage\":\"fr-FR\"},{\"@type\":\"Organization\",\"@id\":\"https:\\\/\\\/webdesi-gn.fr\\\/dev_deltalabo\\\/#organization\",\"name\":\"DeltaLabo\",\"url\":\"https:\\\/\\\/webdesi-gn.fr\\\/dev_deltalabo\\\/\",\"logo\":{\"@type\":\"ImageObject\",\"inLanguage\":\"fr-FR\",\"@id\":\"https:\\\/\\\/webdesi-gn.fr\\\/dev_deltalabo\\\/#\\\/schema\\\/logo\\\/image\\\/\",\"url\":\"https:\\\/\\\/webdesi-gn.fr\\\/dev_deltalabo\\\/wp-content\\\/uploads\\\/2022\\\/07\\\/logo-deltalabo.png\",\"contentUrl\":\"https:\\\/\\\/webdesi-gn.fr\\\/dev_deltalabo\\\/wp-content\\\/uploads\\\/2022\\\/07\\\/logo-deltalabo.png\",\"width\":694,\"height\":306,\"caption\":\"DeltaLabo\"},\"image\":{\"@id\":\"https:\\\/\\\/webdesi-gn.fr\\\/dev_deltalabo\\\/#\\\/schema\\\/logo\\\/image\\\/\"}}]}<\/script>\n<!-- \/ Yoast SEO plugin. -->","yoast_head_json":{"title":"Test de d\u00e9p\u00f4t conducteur TANNAS TanEV CDT | DeltaLabo","robots":{"index":"noindex","follow":"follow","max-snippet":"max-snippet:-1","max-image-preview":"max-image-preview:large","max-video-preview":"max-video-preview:-1"},"og_locale":"fr_FR","og_type":"article","og_title":"Test de d\u00e9p\u00f4t conducteur TANNAS TanEV CDT | DeltaLabo","og_description":"L'instrument TanEV CDT\u00ae est con\u00e7u pour d\u00e9terminer la tendance des fluides lubrifiants \u00e0 former des d\u00e9p\u00f4ts de couches conductrices sur les enroulements de moteur en cuivre expos\u00e9s, les connecteurs et les composants \u00e9lectriques \u00e0 des temp\u00e9ratures \u00e9lev\u00e9es dans une transmission de v\u00e9hicule \u00e9lectrifi\u00e9 (VE).  Un circuit imprim\u00e9 (PCB) sp\u00e9cialement modifi\u00e9 est plong\u00e9 dans le fluide de test \u00e0 150 \u00b0C pendant environ 500 heures tout en \u00e9tant aliment\u00e9 par un signal 5 V CC.  La r\u00e9sistance, en Ohms fournie \u00e0 deux boucles de tension sur le PCB, est mesur\u00e9e en phase liquide et vapeur pendant toute la dur\u00e9e du test. Un test \u00e9choue lorsque des d\u00e9p\u00f4ts traversent des traces de cuivre sur le PCB. T\u00e9l\u00e9charger la brochure produit : Test de d\u00e9p\u00f4t conducteur TanEV CDT","og_url":"https:\/\/webdesi-gn.fr\/dev_deltalabo\/produits\/cat-produit\/test-de-depot-conducteur-tanev-cdt\/","og_site_name":"DeltaLabo","article_modified_time":"2025-11-24T12:41:32+00:00","og_image":[{"width":822,"height":609,"url":"https:\/\/webdesi-gn.fr\/dev_deltalabo\/wp-content\/uploads\/2025\/04\/DELTA-LABO-test-de-depot-conducteur-Tan-EV-CDT.jpg","type":"image\/jpeg"}],"twitter_card":"summary_large_image","twitter_misc":{"Dur\u00e9e de lecture estim\u00e9e":"1 minute"},"schema":{"@context":"https:\/\/schema.org","@graph":[{"@type":"WebPage","@id":"https:\/\/webdesi-gn.fr\/dev_deltalabo\/produits\/cat-produit\/test-de-depot-conducteur-tanev-cdt\/","url":"https:\/\/webdesi-gn.fr\/dev_deltalabo\/produits\/cat-produit\/test-de-depot-conducteur-tanev-cdt\/","name":"Test de d\u00e9p\u00f4t conducteur TANNAS TanEV CDT | DeltaLabo","isPartOf":{"@id":"https:\/\/webdesi-gn.fr\/dev_deltalabo\/#website"},"primaryImageOfPage":{"@id":"https:\/\/webdesi-gn.fr\/dev_deltalabo\/produits\/cat-produit\/test-de-depot-conducteur-tanev-cdt\/#primaryimage"},"image":{"@id":"https:\/\/webdesi-gn.fr\/dev_deltalabo\/produits\/cat-produit\/test-de-depot-conducteur-tanev-cdt\/#primaryimage"},"thumbnailUrl":"https:\/\/webdesi-gn.fr\/dev_deltalabo\/wp-content\/uploads\/2025\/11\/DELTA-LABO-test-de-depot-conducteur-Tan-EV-CDT.jpg","datePublished":"2025-04-14T11:56:44+00:00","dateModified":"2025-11-24T12:41:32+00:00","breadcrumb":{"@id":"https:\/\/webdesi-gn.fr\/dev_deltalabo\/produits\/cat-produit\/test-de-depot-conducteur-tanev-cdt\/#breadcrumb"},"inLanguage":"fr-FR","potentialAction":[{"@type":"ReadAction","target":["https:\/\/webdesi-gn.fr\/dev_deltalabo\/produits\/cat-produit\/test-de-depot-conducteur-tanev-cdt\/"]}]},{"@type":"ImageObject","inLanguage":"fr-FR","@id":"https:\/\/webdesi-gn.fr\/dev_deltalabo\/produits\/cat-produit\/test-de-depot-conducteur-tanev-cdt\/#primaryimage","url":"https:\/\/webdesi-gn.fr\/dev_deltalabo\/wp-content\/uploads\/2025\/11\/DELTA-LABO-test-de-depot-conducteur-Tan-EV-CDT.jpg","contentUrl":"https:\/\/webdesi-gn.fr\/dev_deltalabo\/wp-content\/uploads\/2025\/11\/DELTA-LABO-test-de-depot-conducteur-Tan-EV-CDT.jpg","width":822,"height":609},{"@type":"BreadcrumbList","@id":"https:\/\/webdesi-gn.fr\/dev_deltalabo\/produits\/cat-produit\/test-de-depot-conducteur-tanev-cdt\/#breadcrumb","itemListElement":[{"@type":"ListItem","position":1,"name":"Accueil","item":"https:\/\/webdesi-gn.fr\/dev_deltalabo\/"},{"@type":"ListItem","position":2,"name":"Produits","item":"https:\/\/webdesi-gn.fr\/dev_deltalabo\/produits\/"},{"@type":"ListItem","position":3,"name":"Test de d\u00e9p\u00f4t conducteur TANNAS TanEV CDT"}]},{"@type":"WebSite","@id":"https:\/\/webdesi-gn.fr\/dev_deltalabo\/#website","url":"https:\/\/webdesi-gn.fr\/dev_deltalabo\/","name":"Delta Labo","description":"Un site utilisant WordPress","publisher":{"@id":"https:\/\/webdesi-gn.fr\/dev_deltalabo\/#organization"},"alternateName":"Delta Labo","potentialAction":[{"@type":"SearchAction","target":{"@type":"EntryPoint","urlTemplate":"https:\/\/webdesi-gn.fr\/dev_deltalabo\/?s={search_term_string}"},"query-input":{"@type":"PropertyValueSpecification","valueRequired":true,"valueName":"search_term_string"}}],"inLanguage":"fr-FR"},{"@type":"Organization","@id":"https:\/\/webdesi-gn.fr\/dev_deltalabo\/#organization","name":"DeltaLabo","url":"https:\/\/webdesi-gn.fr\/dev_deltalabo\/","logo":{"@type":"ImageObject","inLanguage":"fr-FR","@id":"https:\/\/webdesi-gn.fr\/dev_deltalabo\/#\/schema\/logo\/image\/","url":"https:\/\/webdesi-gn.fr\/dev_deltalabo\/wp-content\/uploads\/2022\/07\/logo-deltalabo.png","contentUrl":"https:\/\/webdesi-gn.fr\/dev_deltalabo\/wp-content\/uploads\/2022\/07\/logo-deltalabo.png","width":694,"height":306,"caption":"DeltaLabo"},"image":{"@id":"https:\/\/webdesi-gn.fr\/dev_deltalabo\/#\/schema\/logo\/image\/"}}]}},"_links":{"self":[{"href":"https:\/\/webdesi-gn.fr\/dev_deltalabo\/wp-json\/wp\/v2\/product\/259698","targetHints":{"allow":["GET"]}}],"collection":[{"href":"https:\/\/webdesi-gn.fr\/dev_deltalabo\/wp-json\/wp\/v2\/product"}],"about":[{"href":"https:\/\/webdesi-gn.fr\/dev_deltalabo\/wp-json\/wp\/v2\/types\/product"}],"wp:featuredmedia":[{"embeddable":true,"href":"https:\/\/webdesi-gn.fr\/dev_deltalabo\/wp-json\/wp\/v2\/media\/262029"}],"wp:attachment":[{"href":"https:\/\/webdesi-gn.fr\/dev_deltalabo\/wp-json\/wp\/v2\/media?parent=259698"}],"wp:term":[{"taxonomy":"domaine","embeddable":true,"href":"https:\/\/webdesi-gn.fr\/dev_deltalabo\/wp-json\/wp\/v2\/domaine?post=259698"},{"taxonomy":"normes","embeddable":true,"href":"https:\/\/webdesi-gn.fr\/dev_deltalabo\/wp-json\/wp\/v2\/normes?post=259698"},{"taxonomy":"product_brand","embeddable":true,"href":"https:\/\/webdesi-gn.fr\/dev_deltalabo\/wp-json\/wp\/v2\/product_brand?post=259698"},{"taxonomy":"product_cat","embeddable":true,"href":"https:\/\/webdesi-gn.fr\/dev_deltalabo\/wp-json\/wp\/v2\/product_cat?post=259698"},{"taxonomy":"product_tag","embeddable":true,"href":"https:\/\/webdesi-gn.fr\/dev_deltalabo\/wp-json\/wp\/v2\/product_tag?post=259698"}],"curies":[{"name":"wp","href":"https:\/\/api.w.org\/{rel}","templated":true}]}}