{"id":259701,"date":"2025-04-14T14:10:49","date_gmt":"2025-04-14T12:10:49","guid":{"rendered":"https:\/\/webdesi-gn.fr\/dev_deltalabo\/?post_type=product&#038;p=259701"},"modified":"2025-12-11T15:22:15","modified_gmt":"2025-12-11T14:22:15","slug":"bain-polyvalent-a-basse-temperature-sbt","status":"publish","type":"product","link":"https:\/\/webdesi-gn.fr\/dev_deltalabo\/produits\/cat-produit\/bain-polyvalent-a-basse-temperature-sbt\/","title":{"rendered":"Bain polyvalent \u00e0 basse temp\u00e9rature TANNAS SBT+2"},"content":{"rendered":"","protected":false},"excerpt":{"rendered":"<p id=\"tw-target-text\" class=\"tw-data-text tw-text-large tw-ta\" dir=\"ltr\" data-placeholder=\"Traduction\" data-ved=\"2ahUKEwi_qJGIk9eMAxUSSaQEHQfROV0Q3ewLegQICBAV\" aria-label=\"Texte traduit\u00a0: Les deux applications les plus reconnues du SBT\u00ae+2 sont le test SBT\u00ae (ASTM D5133 &amp; D7110) et le test de viscosit\u00e9 \u00e0 basse temp\u00e9rature (ASTM D2983). L'utilisation de la cellule de test brevet\u00e9e SimAir\u00ae permet au SBT\u00ae+2 d'\u00eatre maintenu \u00e0 une temp\u00e9rature constante pendant la p\u00e9riode de trempage de 16 heures du test D2983. Cela offre une plus grande polyvalence, un d\u00e9bit d\u2019\u00e9chantillons accru et une pr\u00e9cision am\u00e9lior\u00e9e par rapport aux bains d\u2019air et aux bains liquides programmables. La polyvalence du bain SBT\u00ae+2 provient de sa large plage de refroidissement, du contr\u00f4le manuel et automatique de la temp\u00e9rature, de l'incorporation d'une fen\u00eatre de visualisation et de cinq couvercles de bain facilement rempla\u00e7ables (modules d'insertion). Le bain sert d\u00e9sormais de source de refroidissement pour sept m\u00e9thodes de test diff\u00e9rentes \u00e0 basse temp\u00e9rature, ce qui en fait un instrument rentable pour les programmes de laboratoire exigeants.\"><span class=\"Y2IQFc\" lang=\"fr\">Les deux applications les plus reconnues du SBT\u00ae+2 sont <\/span><\/p>\n<ul>\n<li class=\"tw-data-text tw-text-large tw-ta\" dir=\"ltr\" data-placeholder=\"Traduction\" data-ved=\"2ahUKEwi_qJGIk9eMAxUSSaQEHQfROV0Q3ewLegQICBAV\" aria-label=\"Texte traduit\u00a0: Les deux applications les plus reconnues du SBT\u00ae+2 sont le test SBT\u00ae (ASTM D5133 &amp; D7110) et le test de viscosit\u00e9 \u00e0 basse temp\u00e9rature (ASTM D2983). L'utilisation de la cellule de test brevet\u00e9e SimAir\u00ae permet au SBT\u00ae+2 d'\u00eatre maintenu \u00e0 une temp\u00e9rature constante pendant la p\u00e9riode de trempage de 16 heures du test D2983. Cela offre une plus grande polyvalence, un d\u00e9bit d\u2019\u00e9chantillons accru et une pr\u00e9cision am\u00e9lior\u00e9e par rapport aux bains d\u2019air et aux bains liquides programmables. La polyvalence du bain SBT\u00ae+2 provient de sa large plage de refroidissement, du contr\u00f4le manuel et automatique de la temp\u00e9rature, de l'incorporation d'une fen\u00eatre de visualisation et de cinq couvercles de bain facilement rempla\u00e7ables (modules d'insertion). Le bain sert d\u00e9sormais de source de refroidissement pour sept m\u00e9thodes de test diff\u00e9rentes \u00e0 basse temp\u00e9rature, ce qui en fait un instrument rentable pour les programmes de laboratoire exigeants.\"><span class=\"Y2IQFc\" lang=\"fr\">le test SBT\u00ae\u00a0 &#8211; ASTM D5133 et ASTM D7110<\/span><\/li>\n<li class=\"tw-data-text tw-text-large tw-ta\" dir=\"ltr\" data-placeholder=\"Traduction\" data-ved=\"2ahUKEwi_qJGIk9eMAxUSSaQEHQfROV0Q3ewLegQICBAV\" aria-label=\"Texte traduit\u00a0: Les deux applications les plus reconnues du SBT\u00ae+2 sont le test SBT\u00ae (ASTM D5133 &amp; D7110) et le test de viscosit\u00e9 \u00e0 basse temp\u00e9rature (ASTM D2983). L'utilisation de la cellule de test brevet\u00e9e SimAir\u00ae permet au SBT\u00ae+2 d'\u00eatre maintenu \u00e0 une temp\u00e9rature constante pendant la p\u00e9riode de trempage de 16 heures du test D2983. Cela offre une plus grande polyvalence, un d\u00e9bit d\u2019\u00e9chantillons accru et une pr\u00e9cision am\u00e9lior\u00e9e par rapport aux bains d\u2019air et aux bains liquides programmables. La polyvalence du bain SBT\u00ae+2 provient de sa large plage de refroidissement, du contr\u00f4le manuel et automatique de la temp\u00e9rature, de l'incorporation d'une fen\u00eatre de visualisation et de cinq couvercles de bain facilement rempla\u00e7ables (modules d'insertion). Le bain sert d\u00e9sormais de source de refroidissement pour sept m\u00e9thodes de test diff\u00e9rentes \u00e0 basse temp\u00e9rature, ce qui en fait un instrument rentable pour les programmes de laboratoire exigeants.\"><span class=\"Y2IQFc\" lang=\"fr\">et le test de viscosit\u00e9 \u00e0 basse temp\u00e9rature &#8211; ASTM D2983<\/span><\/li>\n<\/ul>\n<p dir=\"ltr\" data-placeholder=\"Traduction\" data-ved=\"2ahUKEwi_qJGIk9eMAxUSSaQEHQfROV0Q3ewLegQICBAV\" aria-label=\"Texte traduit\u00a0: Les deux applications les plus reconnues du SBT\u00ae+2 sont le test SBT\u00ae (ASTM D5133 &amp; D7110) et le test de viscosit\u00e9 \u00e0 basse temp\u00e9rature (ASTM D2983). L'utilisation de la cellule de test brevet\u00e9e SimAir\u00ae permet au SBT\u00ae+2 d'\u00eatre maintenu \u00e0 une temp\u00e9rature constante pendant la p\u00e9riode de trempage de 16 heures du test D2983. Cela offre une plus grande polyvalence, un d\u00e9bit d\u2019\u00e9chantillons accru et une pr\u00e9cision am\u00e9lior\u00e9e par rapport aux bains d\u2019air et aux bains liquides programmables. La polyvalence du bain SBT\u00ae+2 provient de sa large plage de refroidissement, du contr\u00f4le manuel et automatique de la temp\u00e9rature, de l'incorporation d'une fen\u00eatre de visualisation et de cinq couvercles de bain facilement rempla\u00e7ables (modules d'insertion). Le bain sert d\u00e9sormais de source de refroidissement pour sept m\u00e9thodes de test diff\u00e9rentes \u00e0 basse temp\u00e9rature, ce qui en fait un instrument rentable pour les programmes de laboratoire exigeants.\">L&rsquo;instrument est conforme aux normes suivantes : ASTM D5133, ASTM D7110, ASTM D2983, ASTM D4684, ASTM D445, ASTM D97, ASTM D2500 et ASTM D2386.<\/p>\n<p class=\"tw-data-text tw-text-large tw-ta\" dir=\"ltr\" data-placeholder=\"Traduction\" data-ved=\"2ahUKEwi_qJGIk9eMAxUSSaQEHQfROV0Q3ewLegQICBAV\" aria-label=\"Texte traduit\u00a0: Les deux applications les plus reconnues du SBT\u00ae+2 sont le test SBT\u00ae (ASTM D5133 &amp; D7110) et le test de viscosit\u00e9 \u00e0 basse temp\u00e9rature (ASTM D2983). L'utilisation de la cellule de test brevet\u00e9e SimAir\u00ae permet au SBT\u00ae+2 d'\u00eatre maintenu \u00e0 une temp\u00e9rature constante pendant la p\u00e9riode de trempage de 16 heures du test D2983. Cela offre une plus grande polyvalence, un d\u00e9bit d\u2019\u00e9chantillons accru et une pr\u00e9cision am\u00e9lior\u00e9e par rapport aux bains d\u2019air et aux bains liquides programmables. La polyvalence du bain SBT\u00ae+2 provient de sa large plage de refroidissement, du contr\u00f4le manuel et automatique de la temp\u00e9rature, de l'incorporation d'une fen\u00eatre de visualisation et de cinq couvercles de bain facilement rempla\u00e7ables (modules d'insertion). Le bain sert d\u00e9sormais de source de refroidissement pour sept m\u00e9thodes de test diff\u00e9rentes \u00e0 basse temp\u00e9rature, ce qui en fait un instrument rentable pour les programmes de laboratoire exigeants.\"><span class=\"Y2IQFc\" lang=\"fr\">L&rsquo;utilisation de la cellule de test brevet\u00e9e SimAir\u00ae permet au SBT\u00ae+2 d&rsquo;\u00eatre maintenu \u00e0 une temp\u00e9rature constante pendant la p\u00e9riode de trempage de 16 heures du test D2983. Cela offre une plus grande polyvalence, un d\u00e9bit d\u2019\u00e9chantillons accru et une pr\u00e9cision am\u00e9lior\u00e9e par rapport aux bains d\u2019air et aux bains liquides programmables. <\/span><\/p>\n<p class=\"tw-data-text tw-text-large tw-ta\" dir=\"ltr\" data-placeholder=\"Traduction\" data-ved=\"2ahUKEwi_qJGIk9eMAxUSSaQEHQfROV0Q3ewLegQICBAV\" aria-label=\"Texte traduit\u00a0: Les deux applications les plus reconnues du SBT\u00ae+2 sont le test SBT\u00ae (ASTM D5133 &amp; D7110) et le test de viscosit\u00e9 \u00e0 basse temp\u00e9rature (ASTM D2983). L'utilisation de la cellule de test brevet\u00e9e SimAir\u00ae permet au SBT\u00ae+2 d'\u00eatre maintenu \u00e0 une temp\u00e9rature constante pendant la p\u00e9riode de trempage de 16 heures du test D2983. Cela offre une plus grande polyvalence, un d\u00e9bit d\u2019\u00e9chantillons accru et une pr\u00e9cision am\u00e9lior\u00e9e par rapport aux bains d\u2019air et aux bains liquides programmables. La polyvalence du bain SBT\u00ae+2 provient de sa large plage de refroidissement, du contr\u00f4le manuel et automatique de la temp\u00e9rature, de l'incorporation d'une fen\u00eatre de visualisation et de cinq couvercles de bain facilement rempla\u00e7ables (modules d'insertion). Le bain sert d\u00e9sormais de source de refroidissement pour sept m\u00e9thodes de test diff\u00e9rentes \u00e0 basse temp\u00e9rature, ce qui en fait un instrument rentable pour les programmes de laboratoire exigeants.\"><span class=\"Y2IQFc\" lang=\"fr\">La polyvalence du bain SBT\u00ae+2 provient de sa large plage de refroidissement (jusqu&rsquo;\u00e0 -70\u00b0C), du contr\u00f4le manuel et automatique de la temp\u00e9rature, de l&rsquo;incorporation d&rsquo;une fen\u00eatre de visualisation et de cinq couvercles de bain facilement rempla\u00e7ables. Le bain sert d\u00e9sormais de source de refroidissement pour sept m\u00e9thodes de test diff\u00e9rentes \u00e0 basse temp\u00e9rature.<\/span><\/p>\n<p><strong>T\u00e9l\u00e9charger la brochure produit :<\/strong> <a href=\"https:\/\/www.deltalabo.fr\/wp-content\/uploads\/2025\/04\/SBT\u00ae2-Brochure-2024-Eng-DL.pdf\">Bain polyvalent \u00e0 basse temp\u00e9rature SBT+2<\/a><\/p>\n","protected":false},"featured_media":262025,"template":"","meta":{"_acf_changed":false,"site-sidebar-layout":"default","site-content-layout":"","ast-site-content-layout":"default","site-content-style":"default","site-sidebar-style":"default","ast-global-header-display":"","ast-banner-title-visibility":"","ast-main-header-display":"","ast-hfb-above-header-display":"","ast-hfb-below-header-display":"","ast-hfb-mobile-header-display":"","site-post-title":"","ast-breadcrumbs-content":"","ast-featured-img":"","footer-sml-layout":"","ast-disable-related-posts":"","theme-transparent-header-meta":"default","adv-header-id-meta":"","stick-header-meta":"","header-above-stick-meta":"","header-main-stick-meta":"","header-below-stick-meta":"","astra-migrate-meta-layouts":"set","ast-page-background-enabled":"default","ast-page-background-meta":{"desktop":{"background-color":"var(--ast-global-color-5)","background-image":"","background-repeat":"repeat","background-position":"center center","background-size":"auto","background-attachment":"scroll","background-type":"","background-media":"","overlay-type":"","overlay-color":"","overlay-opacity":"","overlay-gradient":""},"tablet":{"background-color":"","background-image":"","background-repeat":"repeat","background-position":"center center","background-size":"auto","background-attachment":"scroll","background-type":"","background-media":"","overlay-type":"","overlay-color":"","overlay-opacity":"","overlay-gradient":""},"mobile":{"background-color":"","background-image":"","background-repeat":"repeat","background-position":"center center","background-size":"auto","background-attachment":"scroll","background-type":"","background-media":"","overlay-type":"","overlay-color":"","overlay-opacity":"","overlay-gradient":""}},"ast-content-background-meta":{"desktop":{"background-color":"var(--ast-global-color-4)","background-image":"","background-repeat":"repeat","background-position":"center center","background-size":"auto","background-attachment":"scroll","background-type":"","background-media":"","overlay-type":"","overlay-color":"","overlay-opacity":"","overlay-gradient":""},"tablet":{"background-color":"var(--ast-global-color-4)","background-image":"","background-repeat":"repeat","background-position":"center center","background-size":"auto","background-attachment":"scroll","background-type":"","background-media":"","overlay-type":"","overlay-color":"","overlay-opacity":"","overlay-gradient":""},"mobile":{"background-color":"var(--ast-global-color-4)","background-image":"","background-repeat":"repeat","background-position":"center center","background-size":"auto","background-attachment":"scroll","background-type":"","background-media":"","overlay-type":"","overlay-color":"","overlay-opacity":"","overlay-gradient":""}}},"domaine":[],"normes":[3316,3317,3324,3336,3338,3344,3376,3400,17135],"product_brand":[],"product_cat":[15],"product_tag":[],"class_list":{"0":"post-259701","1":"product","2":"type-product","3":"status-publish","4":"has-post-thumbnail","6":"normes-d2386","7":"normes-d2500","8":"normes-d2983","9":"normes-d445","10":"normes-d4684","11":"normes-d5133","12":"normes-d7110","13":"normes-d97","14":"normes-din-51562","15":"product_cat-cat-produit","16":"desktop-align-left","17":"tablet-align-left","18":"mobile-align-left","20":"first","21":"instock","22":"shipping-taxable","23":"purchasable","24":"product-type-simple"},"acf":[],"yoast_head":"<!-- This site is optimized with the Yoast SEO plugin v27.4 - https:\/\/yoast.com\/product\/yoast-seo-wordpress\/ -->\n<title>Bain polyvalent \u00e0 basse temp\u00e9rature TANNAS SBT+2 | DeltaLabo<\/title>\n<meta name=\"robots\" content=\"noindex, follow, max-snippet:-1, max-image-preview:large, max-video-preview:-1\" \/>\n<meta property=\"og:locale\" content=\"fr_FR\" \/>\n<meta property=\"og:type\" content=\"article\" \/>\n<meta property=\"og:title\" content=\"Bain polyvalent \u00e0 basse temp\u00e9rature TANNAS SBT+2 | DeltaLabo\" \/>\n<meta property=\"og:description\" content=\"Les deux applications les plus reconnues du SBT\u00ae+2 sont     le test SBT\u00ae\u00a0 - ASTM D5133 et ASTM D7110  et le test de viscosit\u00e9 \u00e0 basse temp\u00e9rature - ASTM D2983  L&#039;instrument est conforme aux normes suivantes : ASTM D5133, ASTM D7110, ASTM D2983, ASTM D4684, ASTM D445, ASTM D97, ASTM D2500 et ASTM D2386. L&#039;utilisation de la cellule de test brevet\u00e9e SimAir\u00ae permet au SBT\u00ae+2 d&#039;\u00eatre maintenu \u00e0 une temp\u00e9rature constante pendant la p\u00e9riode de trempage de 16 heures du test D2983. Cela offre une plus grande polyvalence, un d\u00e9bit d\u2019\u00e9chantillons accru et une pr\u00e9cision am\u00e9lior\u00e9e par rapport aux bains d\u2019air et aux bains liquides programmables.  La polyvalence du bain SBT\u00ae+2 provient de sa large plage de refroidissement (jusqu&#039;\u00e0 -70\u00b0C), du contr\u00f4le manuel et automatique de la temp\u00e9rature, de l&#039;incorporation d&#039;une fen\u00eatre de visualisation et de cinq couvercles de bain facilement rempla\u00e7ables. Le bain sert d\u00e9sormais de source de refroidissement pour sept m\u00e9thodes de test diff\u00e9rentes \u00e0 basse temp\u00e9rature. T\u00e9l\u00e9charger la brochure produit : Bain polyvalent \u00e0 basse temp\u00e9rature SBT+2\" \/>\n<meta property=\"og:url\" content=\"https:\/\/webdesi-gn.fr\/dev_deltalabo\/produits\/cat-produit\/bain-polyvalent-a-basse-temperature-sbt\/\" \/>\n<meta property=\"og:site_name\" content=\"DeltaLabo\" \/>\n<meta property=\"article:modified_time\" content=\"2025-12-11T14:22:15+00:00\" \/>\n<meta property=\"og:image\" content=\"https:\/\/webdesi-gn.fr\/dev_deltalabo\/wp-content\/uploads\/2025\/11\/DELTA-LABO-SBT2-Tannas.png\" \/>\n\t<meta property=\"og:image:width\" content=\"270\" \/>\n\t<meta property=\"og:image:height\" content=\"270\" \/>\n\t<meta property=\"og:image:type\" content=\"image\/png\" \/>\n<meta name=\"twitter:card\" content=\"summary_large_image\" \/>\n<meta name=\"twitter:label1\" content=\"Dur\u00e9e de lecture estim\u00e9e\" \/>\n\t<meta name=\"twitter:data1\" content=\"1 minute\" \/>\n<script type=\"application\/ld+json\" class=\"yoast-schema-graph\">{\"@context\":\"https:\\\/\\\/schema.org\",\"@graph\":[{\"@type\":\"WebPage\",\"@id\":\"https:\\\/\\\/webdesi-gn.fr\\\/dev_deltalabo\\\/produits\\\/cat-produit\\\/bain-polyvalent-a-basse-temperature-sbt\\\/\",\"url\":\"https:\\\/\\\/webdesi-gn.fr\\\/dev_deltalabo\\\/produits\\\/cat-produit\\\/bain-polyvalent-a-basse-temperature-sbt\\\/\",\"name\":\"Bain polyvalent \u00e0 basse temp\u00e9rature TANNAS SBT+2 | DeltaLabo\",\"isPartOf\":{\"@id\":\"https:\\\/\\\/webdesi-gn.fr\\\/dev_deltalabo\\\/#website\"},\"primaryImageOfPage\":{\"@id\":\"https:\\\/\\\/webdesi-gn.fr\\\/dev_deltalabo\\\/produits\\\/cat-produit\\\/bain-polyvalent-a-basse-temperature-sbt\\\/#primaryimage\"},\"image\":{\"@id\":\"https:\\\/\\\/webdesi-gn.fr\\\/dev_deltalabo\\\/produits\\\/cat-produit\\\/bain-polyvalent-a-basse-temperature-sbt\\\/#primaryimage\"},\"thumbnailUrl\":\"https:\\\/\\\/webdesi-gn.fr\\\/dev_deltalabo\\\/wp-content\\\/uploads\\\/2025\\\/11\\\/DELTA-LABO-SBT2-Tannas.png\",\"datePublished\":\"2025-04-14T12:10:49+00:00\",\"dateModified\":\"2025-12-11T14:22:15+00:00\",\"breadcrumb\":{\"@id\":\"https:\\\/\\\/webdesi-gn.fr\\\/dev_deltalabo\\\/produits\\\/cat-produit\\\/bain-polyvalent-a-basse-temperature-sbt\\\/#breadcrumb\"},\"inLanguage\":\"fr-FR\",\"potentialAction\":[{\"@type\":\"ReadAction\",\"target\":[\"https:\\\/\\\/webdesi-gn.fr\\\/dev_deltalabo\\\/produits\\\/cat-produit\\\/bain-polyvalent-a-basse-temperature-sbt\\\/\"]}]},{\"@type\":\"ImageObject\",\"inLanguage\":\"fr-FR\",\"@id\":\"https:\\\/\\\/webdesi-gn.fr\\\/dev_deltalabo\\\/produits\\\/cat-produit\\\/bain-polyvalent-a-basse-temperature-sbt\\\/#primaryimage\",\"url\":\"https:\\\/\\\/webdesi-gn.fr\\\/dev_deltalabo\\\/wp-content\\\/uploads\\\/2025\\\/11\\\/DELTA-LABO-SBT2-Tannas.png\",\"contentUrl\":\"https:\\\/\\\/webdesi-gn.fr\\\/dev_deltalabo\\\/wp-content\\\/uploads\\\/2025\\\/11\\\/DELTA-LABO-SBT2-Tannas.png\",\"width\":270,\"height\":270},{\"@type\":\"BreadcrumbList\",\"@id\":\"https:\\\/\\\/webdesi-gn.fr\\\/dev_deltalabo\\\/produits\\\/cat-produit\\\/bain-polyvalent-a-basse-temperature-sbt\\\/#breadcrumb\",\"itemListElement\":[{\"@type\":\"ListItem\",\"position\":1,\"name\":\"Accueil\",\"item\":\"https:\\\/\\\/webdesi-gn.fr\\\/dev_deltalabo\\\/\"},{\"@type\":\"ListItem\",\"position\":2,\"name\":\"Produits\",\"item\":\"https:\\\/\\\/webdesi-gn.fr\\\/dev_deltalabo\\\/produits\\\/\"},{\"@type\":\"ListItem\",\"position\":3,\"name\":\"Bain polyvalent \u00e0 basse temp\u00e9rature TANNAS SBT+2\"}]},{\"@type\":\"WebSite\",\"@id\":\"https:\\\/\\\/webdesi-gn.fr\\\/dev_deltalabo\\\/#website\",\"url\":\"https:\\\/\\\/webdesi-gn.fr\\\/dev_deltalabo\\\/\",\"name\":\"Delta Labo\",\"description\":\"Un site utilisant WordPress\",\"publisher\":{\"@id\":\"https:\\\/\\\/webdesi-gn.fr\\\/dev_deltalabo\\\/#organization\"},\"alternateName\":\"Delta Labo\",\"potentialAction\":[{\"@type\":\"SearchAction\",\"target\":{\"@type\":\"EntryPoint\",\"urlTemplate\":\"https:\\\/\\\/webdesi-gn.fr\\\/dev_deltalabo\\\/?s={search_term_string}\"},\"query-input\":{\"@type\":\"PropertyValueSpecification\",\"valueRequired\":true,\"valueName\":\"search_term_string\"}}],\"inLanguage\":\"fr-FR\"},{\"@type\":\"Organization\",\"@id\":\"https:\\\/\\\/webdesi-gn.fr\\\/dev_deltalabo\\\/#organization\",\"name\":\"DeltaLabo\",\"url\":\"https:\\\/\\\/webdesi-gn.fr\\\/dev_deltalabo\\\/\",\"logo\":{\"@type\":\"ImageObject\",\"inLanguage\":\"fr-FR\",\"@id\":\"https:\\\/\\\/webdesi-gn.fr\\\/dev_deltalabo\\\/#\\\/schema\\\/logo\\\/image\\\/\",\"url\":\"https:\\\/\\\/webdesi-gn.fr\\\/dev_deltalabo\\\/wp-content\\\/uploads\\\/2022\\\/07\\\/logo-deltalabo.png\",\"contentUrl\":\"https:\\\/\\\/webdesi-gn.fr\\\/dev_deltalabo\\\/wp-content\\\/uploads\\\/2022\\\/07\\\/logo-deltalabo.png\",\"width\":694,\"height\":306,\"caption\":\"DeltaLabo\"},\"image\":{\"@id\":\"https:\\\/\\\/webdesi-gn.fr\\\/dev_deltalabo\\\/#\\\/schema\\\/logo\\\/image\\\/\"}}]}<\/script>\n<!-- \/ Yoast SEO plugin. -->","yoast_head_json":{"title":"Bain polyvalent \u00e0 basse temp\u00e9rature TANNAS SBT+2 | DeltaLabo","robots":{"index":"noindex","follow":"follow","max-snippet":"max-snippet:-1","max-image-preview":"max-image-preview:large","max-video-preview":"max-video-preview:-1"},"og_locale":"fr_FR","og_type":"article","og_title":"Bain polyvalent \u00e0 basse temp\u00e9rature TANNAS SBT+2 | DeltaLabo","og_description":"Les deux applications les plus reconnues du SBT\u00ae+2 sont     le test SBT\u00ae\u00a0 - ASTM D5133 et ASTM D7110  et le test de viscosit\u00e9 \u00e0 basse temp\u00e9rature - ASTM D2983  L'instrument est conforme aux normes suivantes : ASTM D5133, ASTM D7110, ASTM D2983, ASTM D4684, ASTM D445, ASTM D97, ASTM D2500 et ASTM D2386. L'utilisation de la cellule de test brevet\u00e9e SimAir\u00ae permet au SBT\u00ae+2 d'\u00eatre maintenu \u00e0 une temp\u00e9rature constante pendant la p\u00e9riode de trempage de 16 heures du test D2983. Cela offre une plus grande polyvalence, un d\u00e9bit d\u2019\u00e9chantillons accru et une pr\u00e9cision am\u00e9lior\u00e9e par rapport aux bains d\u2019air et aux bains liquides programmables.  La polyvalence du bain SBT\u00ae+2 provient de sa large plage de refroidissement (jusqu'\u00e0 -70\u00b0C), du contr\u00f4le manuel et automatique de la temp\u00e9rature, de l'incorporation d'une fen\u00eatre de visualisation et de cinq couvercles de bain facilement rempla\u00e7ables. Le bain sert d\u00e9sormais de source de refroidissement pour sept m\u00e9thodes de test diff\u00e9rentes \u00e0 basse temp\u00e9rature. T\u00e9l\u00e9charger la brochure produit : Bain polyvalent \u00e0 basse temp\u00e9rature SBT+2","og_url":"https:\/\/webdesi-gn.fr\/dev_deltalabo\/produits\/cat-produit\/bain-polyvalent-a-basse-temperature-sbt\/","og_site_name":"DeltaLabo","article_modified_time":"2025-12-11T14:22:15+00:00","og_image":[{"width":270,"height":270,"url":"https:\/\/webdesi-gn.fr\/dev_deltalabo\/wp-content\/uploads\/2025\/11\/DELTA-LABO-SBT2-Tannas.png","type":"image\/png"}],"twitter_card":"summary_large_image","twitter_misc":{"Dur\u00e9e de lecture estim\u00e9e":"1 minute"},"schema":{"@context":"https:\/\/schema.org","@graph":[{"@type":"WebPage","@id":"https:\/\/webdesi-gn.fr\/dev_deltalabo\/produits\/cat-produit\/bain-polyvalent-a-basse-temperature-sbt\/","url":"https:\/\/webdesi-gn.fr\/dev_deltalabo\/produits\/cat-produit\/bain-polyvalent-a-basse-temperature-sbt\/","name":"Bain polyvalent \u00e0 basse temp\u00e9rature TANNAS SBT+2 | DeltaLabo","isPartOf":{"@id":"https:\/\/webdesi-gn.fr\/dev_deltalabo\/#website"},"primaryImageOfPage":{"@id":"https:\/\/webdesi-gn.fr\/dev_deltalabo\/produits\/cat-produit\/bain-polyvalent-a-basse-temperature-sbt\/#primaryimage"},"image":{"@id":"https:\/\/webdesi-gn.fr\/dev_deltalabo\/produits\/cat-produit\/bain-polyvalent-a-basse-temperature-sbt\/#primaryimage"},"thumbnailUrl":"https:\/\/webdesi-gn.fr\/dev_deltalabo\/wp-content\/uploads\/2025\/11\/DELTA-LABO-SBT2-Tannas.png","datePublished":"2025-04-14T12:10:49+00:00","dateModified":"2025-12-11T14:22:15+00:00","breadcrumb":{"@id":"https:\/\/webdesi-gn.fr\/dev_deltalabo\/produits\/cat-produit\/bain-polyvalent-a-basse-temperature-sbt\/#breadcrumb"},"inLanguage":"fr-FR","potentialAction":[{"@type":"ReadAction","target":["https:\/\/webdesi-gn.fr\/dev_deltalabo\/produits\/cat-produit\/bain-polyvalent-a-basse-temperature-sbt\/"]}]},{"@type":"ImageObject","inLanguage":"fr-FR","@id":"https:\/\/webdesi-gn.fr\/dev_deltalabo\/produits\/cat-produit\/bain-polyvalent-a-basse-temperature-sbt\/#primaryimage","url":"https:\/\/webdesi-gn.fr\/dev_deltalabo\/wp-content\/uploads\/2025\/11\/DELTA-LABO-SBT2-Tannas.png","contentUrl":"https:\/\/webdesi-gn.fr\/dev_deltalabo\/wp-content\/uploads\/2025\/11\/DELTA-LABO-SBT2-Tannas.png","width":270,"height":270},{"@type":"BreadcrumbList","@id":"https:\/\/webdesi-gn.fr\/dev_deltalabo\/produits\/cat-produit\/bain-polyvalent-a-basse-temperature-sbt\/#breadcrumb","itemListElement":[{"@type":"ListItem","position":1,"name":"Accueil","item":"https:\/\/webdesi-gn.fr\/dev_deltalabo\/"},{"@type":"ListItem","position":2,"name":"Produits","item":"https:\/\/webdesi-gn.fr\/dev_deltalabo\/produits\/"},{"@type":"ListItem","position":3,"name":"Bain polyvalent \u00e0 basse temp\u00e9rature TANNAS SBT+2"}]},{"@type":"WebSite","@id":"https:\/\/webdesi-gn.fr\/dev_deltalabo\/#website","url":"https:\/\/webdesi-gn.fr\/dev_deltalabo\/","name":"Delta Labo","description":"Un site utilisant WordPress","publisher":{"@id":"https:\/\/webdesi-gn.fr\/dev_deltalabo\/#organization"},"alternateName":"Delta Labo","potentialAction":[{"@type":"SearchAction","target":{"@type":"EntryPoint","urlTemplate":"https:\/\/webdesi-gn.fr\/dev_deltalabo\/?s={search_term_string}"},"query-input":{"@type":"PropertyValueSpecification","valueRequired":true,"valueName":"search_term_string"}}],"inLanguage":"fr-FR"},{"@type":"Organization","@id":"https:\/\/webdesi-gn.fr\/dev_deltalabo\/#organization","name":"DeltaLabo","url":"https:\/\/webdesi-gn.fr\/dev_deltalabo\/","logo":{"@type":"ImageObject","inLanguage":"fr-FR","@id":"https:\/\/webdesi-gn.fr\/dev_deltalabo\/#\/schema\/logo\/image\/","url":"https:\/\/webdesi-gn.fr\/dev_deltalabo\/wp-content\/uploads\/2022\/07\/logo-deltalabo.png","contentUrl":"https:\/\/webdesi-gn.fr\/dev_deltalabo\/wp-content\/uploads\/2022\/07\/logo-deltalabo.png","width":694,"height":306,"caption":"DeltaLabo"},"image":{"@id":"https:\/\/webdesi-gn.fr\/dev_deltalabo\/#\/schema\/logo\/image\/"}}]}},"_links":{"self":[{"href":"https:\/\/webdesi-gn.fr\/dev_deltalabo\/wp-json\/wp\/v2\/product\/259701","targetHints":{"allow":["GET"]}}],"collection":[{"href":"https:\/\/webdesi-gn.fr\/dev_deltalabo\/wp-json\/wp\/v2\/product"}],"about":[{"href":"https:\/\/webdesi-gn.fr\/dev_deltalabo\/wp-json\/wp\/v2\/types\/product"}],"wp:featuredmedia":[{"embeddable":true,"href":"https:\/\/webdesi-gn.fr\/dev_deltalabo\/wp-json\/wp\/v2\/media\/262025"}],"wp:attachment":[{"href":"https:\/\/webdesi-gn.fr\/dev_deltalabo\/wp-json\/wp\/v2\/media?parent=259701"}],"wp:term":[{"taxonomy":"domaine","embeddable":true,"href":"https:\/\/webdesi-gn.fr\/dev_deltalabo\/wp-json\/wp\/v2\/domaine?post=259701"},{"taxonomy":"normes","embeddable":true,"href":"https:\/\/webdesi-gn.fr\/dev_deltalabo\/wp-json\/wp\/v2\/normes?post=259701"},{"taxonomy":"product_brand","embeddable":true,"href":"https:\/\/webdesi-gn.fr\/dev_deltalabo\/wp-json\/wp\/v2\/product_brand?post=259701"},{"taxonomy":"product_cat","embeddable":true,"href":"https:\/\/webdesi-gn.fr\/dev_deltalabo\/wp-json\/wp\/v2\/product_cat?post=259701"},{"taxonomy":"product_tag","embeddable":true,"href":"https:\/\/webdesi-gn.fr\/dev_deltalabo\/wp-json\/wp\/v2\/product_tag?post=259701"}],"curies":[{"name":"wp","href":"https:\/\/api.w.org\/{rel}","templated":true}]}}