{"id":259848,"date":"2025-04-24T10:50:36","date_gmt":"2025-04-24T08:50:36","guid":{"rendered":"https:\/\/webdesi-gn.fr\/dev_deltalabo\/?post_type=product&#038;p=259848"},"modified":"2026-03-27T10:31:02","modified_gmt":"2026-03-27T09:31:02","slug":"analyseur-de-teneur-en-huile-ocma-550-astm-d7066-4","status":"publish","type":"product","link":"https:\/\/webdesi-gn.fr\/dev_deltalabo\/produits\/petrochimie-chimie-nucleaire\/carbureacteurs-saf\/analyseur-de-teneur-en-huile-ocma-550-astm-d7066-4\/","title":{"rendered":"Analyseur de teneur en hydrocarbures HORIBA &#8211; OCMA-550"},"content":{"rendered":"","protected":false},"excerpt":{"rendered":"<p><strong>Analyseur de teneur en hydrocarbures HORIBA &#8211; OCMA-550 :<\/strong><\/p>\n<p>L&rsquo;analyseur HORIBA OCMA-550 mesure les concentrations en hydrocarbures dans les eaux et les sols<span class=\"Y2IQFc\" lang=\"fr\">. Il est conforme \u00e0 la norme ASTM D7066-4.<\/span><\/p>\n<p class=\"tw-data-text tw-text-large tw-ta\" dir=\"ltr\" data-placeholder=\"Traduction\" data-ved=\"2ahUKEwiy7aTNpfCMAxUYTqQEHcrtIOwQ3ewLegQICBAV\" aria-label=\"Texte traduit\u00a0: OCMA-550 pour mesurer l'huile r\u00e9siduelle sur les composants et les concentrations d'huile adh\u00e9r\u00e9es sur des solides tels que le sol. La mesure peut \u00eatre facilement effectu\u00e9e uniquement en injectant l'\u00e9chantillon d'eau extrait dans la cellule attach\u00e9e et en le pla\u00e7ant sur l'\u00e9quipement. Ce mod\u00e8le pr\u00e9sente un design simple qui permet l'ouverture\/fermeture de la porte jusqu'au r\u00e9glage de la cellule d'une seule main. C'est le meilleur moyen de mesurer les \u00e9chantillons extraits, comme l'\u00e9valuation de l'huile r\u00e9siduelle sur les composants et mesure de l'huile contenue dans les aliments.\"><span class=\"Y2IQFc\" lang=\"fr\">Il est con\u00e7u pour \u00eatre simple d&rsquo;utilisation.<\/span><\/p>\n<p dir=\"ltr\" data-placeholder=\"Traduction\" data-ved=\"2ahUKEwiy7aTNpfCMAxUYTqQEHcrtIOwQ3ewLegQICBAV\" aria-label=\"Texte traduit\u00a0: OCMA-550 pour mesurer l'huile r\u00e9siduelle sur les composants et les concentrations d'huile adh\u00e9r\u00e9es sur des solides tels que le sol. La mesure peut \u00eatre facilement effectu\u00e9e uniquement en injectant l'\u00e9chantillon d'eau extrait dans la cellule attach\u00e9e et en le pla\u00e7ant sur l'\u00e9quipement. Ce mod\u00e8le pr\u00e9sente un design simple qui permet l'ouverture\/fermeture de la porte jusqu'au r\u00e9glage de la cellule d'une seule main. C'est le meilleur moyen de mesurer les \u00e9chantillons extraits, comme l'\u00e9valuation de l'huile r\u00e9siduelle sur les composants et mesure de l'huile contenue dans les aliments.\">Plage de mesures : 0 mg\/L \u00e0 200 mg\/L<\/p>\n<p dir=\"ltr\" data-placeholder=\"Traduction\" data-ved=\"2ahUKEwiy7aTNpfCMAxUYTqQEHcrtIOwQ3ewLegQICBAV\" aria-label=\"Texte traduit\u00a0: OCMA-550 pour mesurer l'huile r\u00e9siduelle sur les composants et les concentrations d'huile adh\u00e9r\u00e9es sur des solides tels que le sol. La mesure peut \u00eatre facilement effectu\u00e9e uniquement en injectant l'\u00e9chantillon d'eau extrait dans la cellule attach\u00e9e et en le pla\u00e7ant sur l'\u00e9quipement. Ce mod\u00e8le pr\u00e9sente un design simple qui permet l'ouverture\/fermeture de la porte jusqu'au r\u00e9glage de la cellule d'une seule main. C'est le meilleur moyen de mesurer les \u00e9chantillons extraits, comme l'\u00e9valuation de l'huile r\u00e9siduelle sur les composants et mesure de l'huile contenue dans les aliments.\">M\u00e9thode d&rsquo;extraction : l&rsquo;extraction se fait manuellement en dehors de l&rsquo;instrument.<\/p>\n<p><strong>T\u00e9l\u00e9charger la brochure produit :<\/strong> <a href=\"https:\/\/www.deltalabo.fr\/wp-content\/uploads\/2025\/04\/Doc-OCMA-500-550-selon-ASTM-D7066-4-engl-DL.pdf\">Analyseur de teneur en hydrocarbures HORIBA &#8211; OCMA-500 \/ OCMA-550<\/a><\/p>\n<p><strong>Visualiser l&rsquo;utilisation du produit :<\/strong> <a href=\"https:\/\/www.youtube.com\/watch?v=zF81UoBJGP8\">Analyseur de teneur en hydrocarbures HORIBA &#8211; OCMA-550<\/a><\/p>\n","protected":false},"featured_media":262018,"template":"","meta":{"_acf_changed":false,"site-sidebar-layout":"default","site-content-layout":"","ast-site-content-layout":"default","site-content-style":"default","site-sidebar-style":"default","ast-global-header-display":"","ast-banner-title-visibility":"","ast-main-header-display":"","ast-hfb-above-header-display":"","ast-hfb-below-header-display":"","ast-hfb-mobile-header-display":"","site-post-title":"","ast-breadcrumbs-content":"","ast-featured-img":"","footer-sml-layout":"","ast-disable-related-posts":"","theme-transparent-header-meta":"default","adv-header-id-meta":"","stick-header-meta":"","header-above-stick-meta":"","header-main-stick-meta":"","header-below-stick-meta":"","astra-migrate-meta-layouts":"set","ast-page-background-enabled":"default","ast-page-background-meta":{"desktop":{"background-color":"var(--ast-global-color-5)","background-image":"","background-repeat":"repeat","background-position":"center center","background-size":"auto","background-attachment":"scroll","background-type":"","background-media":"","overlay-type":"","overlay-color":"","overlay-opacity":"","overlay-gradient":""},"tablet":{"background-color":"","background-image":"","background-repeat":"repeat","background-position":"center center","background-size":"auto","background-attachment":"scroll","background-type":"","background-media":"","overlay-type":"","overlay-color":"","overlay-opacity":"","overlay-gradient":""},"mobile":{"background-color":"","background-image":"","background-repeat":"repeat","background-position":"center center","background-size":"auto","background-attachment":"scroll","background-type":"","background-media":"","overlay-type":"","overlay-color":"","overlay-opacity":"","overlay-gradient":""}},"ast-content-background-meta":{"desktop":{"background-color":"var(--ast-global-color-4)","background-image":"","background-repeat":"repeat","background-position":"center center","background-size":"auto","background-attachment":"scroll","background-type":"","background-media":"","overlay-type":"","overlay-color":"","overlay-opacity":"","overlay-gradient":""},"tablet":{"background-color":"var(--ast-global-color-4)","background-image":"","background-repeat":"repeat","background-position":"center center","background-size":"auto","background-attachment":"scroll","background-type":"","background-media":"","overlay-type":"","overlay-color":"","overlay-opacity":"","overlay-gradient":""},"mobile":{"background-color":"var(--ast-global-color-4)","background-image":"","background-repeat":"repeat","background-position":"center center","background-size":"auto","background-attachment":"scroll","background-type":"","background-media":"","overlay-type":"","overlay-color":"","overlay-opacity":"","overlay-gradient":""}}},"domaine":[],"normes":[3372,17135,17122],"product_brand":[],"product_cat":[17192,17193,17194,17195,17197,17913,17198,17199,17210],"product_tag":[],"class_list":{"0":"post-259848","1":"product","2":"type-product","3":"status-publish","4":"has-post-thumbnail","6":"normes-d7066-4","7":"normes-din-51562","8":"normes-iso-8754","9":"product_cat-carbureacteurs-saf","10":"product_cat-diesel-gazole","11":"product_cat-essence","12":"product_cat-fuels-lourds","13":"product_cat-graisses","14":"product_cat-hydrocarbures","15":"product_cat-lubrifiants-huiles","16":"product_cat-petrole-brut","17":"product_cat-saf","18":"desktop-align-left","19":"tablet-align-left","20":"mobile-align-left","22":"first","23":"instock","24":"shipping-taxable","25":"product-type-simple"},"acf":[],"yoast_head":"<!-- This site is optimized with the Yoast SEO plugin v27.4 - https:\/\/yoast.com\/product\/yoast-seo-wordpress\/ -->\n<title>Analyseur de teneur en hydrocarbures HORIBA - OCMA-550 | DeltaLabo<\/title>\n<meta name=\"robots\" content=\"noindex, follow, max-snippet:-1, max-image-preview:large, max-video-preview:-1\" \/>\n<meta property=\"og:locale\" content=\"fr_FR\" \/>\n<meta property=\"og:type\" content=\"article\" \/>\n<meta property=\"og:title\" content=\"Analyseur de teneur en hydrocarbures HORIBA - OCMA-550 | DeltaLabo\" \/>\n<meta property=\"og:description\" content=\"Analyseur de teneur en hydrocarbures HORIBA - OCMA-550 :  L&#039;analyseur HORIBA OCMA-550 mesure les concentrations en hydrocarbures dans les eaux et les sols. Il est conforme \u00e0 la norme ASTM D7066-4. Il est con\u00e7u pour \u00eatre simple d&#039;utilisation. Plage de mesures : 0 mg\/L \u00e0 200 mg\/L M\u00e9thode d&#039;extraction : l&#039;extraction se fait manuellement en dehors de l&#039;instrument. T\u00e9l\u00e9charger la brochure produit : Analyseur de teneur en hydrocarbures HORIBA - OCMA-500 \/ OCMA-550  Visualiser l&#039;utilisation du produit : Analyseur de teneur en hydrocarbures HORIBA - OCMA-550\" \/>\n<meta property=\"og:url\" content=\"https:\/\/webdesi-gn.fr\/dev_deltalabo\/produits\/petrochimie-chimie-nucleaire\/carbureacteurs-saf\/analyseur-de-teneur-en-huile-ocma-550-astm-d7066-4\/\" \/>\n<meta property=\"og:site_name\" content=\"DeltaLabo\" \/>\n<meta property=\"article:modified_time\" content=\"2026-03-27T09:31:02+00:00\" \/>\n<meta property=\"og:image\" content=\"https:\/\/webdesi-gn.fr\/dev_deltalabo\/wp-content\/uploads\/2025\/11\/DELTA-LABO-Analyseur-OCMA-550.webp\" \/>\n\t<meta property=\"og:image:width\" content=\"1200\" \/>\n\t<meta property=\"og:image:height\" content=\"1200\" \/>\n\t<meta property=\"og:image:type\" content=\"image\/webp\" \/>\n<meta name=\"twitter:card\" content=\"summary_large_image\" \/>\n<meta name=\"twitter:label1\" content=\"Dur\u00e9e de lecture estim\u00e9e\" \/>\n\t<meta name=\"twitter:data1\" content=\"1 minute\" \/>\n<script type=\"application\/ld+json\" class=\"yoast-schema-graph\">{\"@context\":\"https:\\\/\\\/schema.org\",\"@graph\":[{\"@type\":\"WebPage\",\"@id\":\"https:\\\/\\\/webdesi-gn.fr\\\/dev_deltalabo\\\/produits\\\/petrochimie-chimie-nucleaire\\\/carbureacteurs-saf\\\/analyseur-de-teneur-en-huile-ocma-550-astm-d7066-4\\\/\",\"url\":\"https:\\\/\\\/webdesi-gn.fr\\\/dev_deltalabo\\\/produits\\\/petrochimie-chimie-nucleaire\\\/carbureacteurs-saf\\\/analyseur-de-teneur-en-huile-ocma-550-astm-d7066-4\\\/\",\"name\":\"Analyseur de teneur en hydrocarbures HORIBA - OCMA-550 | DeltaLabo\",\"isPartOf\":{\"@id\":\"https:\\\/\\\/webdesi-gn.fr\\\/dev_deltalabo\\\/#website\"},\"primaryImageOfPage\":{\"@id\":\"https:\\\/\\\/webdesi-gn.fr\\\/dev_deltalabo\\\/produits\\\/petrochimie-chimie-nucleaire\\\/carbureacteurs-saf\\\/analyseur-de-teneur-en-huile-ocma-550-astm-d7066-4\\\/#primaryimage\"},\"image\":{\"@id\":\"https:\\\/\\\/webdesi-gn.fr\\\/dev_deltalabo\\\/produits\\\/petrochimie-chimie-nucleaire\\\/carbureacteurs-saf\\\/analyseur-de-teneur-en-huile-ocma-550-astm-d7066-4\\\/#primaryimage\"},\"thumbnailUrl\":\"https:\\\/\\\/webdesi-gn.fr\\\/dev_deltalabo\\\/wp-content\\\/uploads\\\/2025\\\/11\\\/DELTA-LABO-Analyseur-OCMA-550.webp\",\"datePublished\":\"2025-04-24T08:50:36+00:00\",\"dateModified\":\"2026-03-27T09:31:02+00:00\",\"breadcrumb\":{\"@id\":\"https:\\\/\\\/webdesi-gn.fr\\\/dev_deltalabo\\\/produits\\\/petrochimie-chimie-nucleaire\\\/carbureacteurs-saf\\\/analyseur-de-teneur-en-huile-ocma-550-astm-d7066-4\\\/#breadcrumb\"},\"inLanguage\":\"fr-FR\",\"potentialAction\":[{\"@type\":\"ReadAction\",\"target\":[\"https:\\\/\\\/webdesi-gn.fr\\\/dev_deltalabo\\\/produits\\\/petrochimie-chimie-nucleaire\\\/carbureacteurs-saf\\\/analyseur-de-teneur-en-huile-ocma-550-astm-d7066-4\\\/\"]}]},{\"@type\":\"ImageObject\",\"inLanguage\":\"fr-FR\",\"@id\":\"https:\\\/\\\/webdesi-gn.fr\\\/dev_deltalabo\\\/produits\\\/petrochimie-chimie-nucleaire\\\/carbureacteurs-saf\\\/analyseur-de-teneur-en-huile-ocma-550-astm-d7066-4\\\/#primaryimage\",\"url\":\"https:\\\/\\\/webdesi-gn.fr\\\/dev_deltalabo\\\/wp-content\\\/uploads\\\/2025\\\/11\\\/DELTA-LABO-Analyseur-OCMA-550.webp\",\"contentUrl\":\"https:\\\/\\\/webdesi-gn.fr\\\/dev_deltalabo\\\/wp-content\\\/uploads\\\/2025\\\/11\\\/DELTA-LABO-Analyseur-OCMA-550.webp\",\"width\":1200,\"height\":1200},{\"@type\":\"BreadcrumbList\",\"@id\":\"https:\\\/\\\/webdesi-gn.fr\\\/dev_deltalabo\\\/produits\\\/petrochimie-chimie-nucleaire\\\/carbureacteurs-saf\\\/analyseur-de-teneur-en-huile-ocma-550-astm-d7066-4\\\/#breadcrumb\",\"itemListElement\":[{\"@type\":\"ListItem\",\"position\":1,\"name\":\"Accueil\",\"item\":\"https:\\\/\\\/webdesi-gn.fr\\\/dev_deltalabo\\\/\"},{\"@type\":\"ListItem\",\"position\":2,\"name\":\"Produits\",\"item\":\"https:\\\/\\\/webdesi-gn.fr\\\/dev_deltalabo\\\/produits\\\/\"},{\"@type\":\"ListItem\",\"position\":3,\"name\":\"Analyseur de teneur en hydrocarbures HORIBA &#8211; OCMA-550\"}]},{\"@type\":\"WebSite\",\"@id\":\"https:\\\/\\\/webdesi-gn.fr\\\/dev_deltalabo\\\/#website\",\"url\":\"https:\\\/\\\/webdesi-gn.fr\\\/dev_deltalabo\\\/\",\"name\":\"Delta Labo\",\"description\":\"Un site utilisant WordPress\",\"publisher\":{\"@id\":\"https:\\\/\\\/webdesi-gn.fr\\\/dev_deltalabo\\\/#organization\"},\"alternateName\":\"Delta Labo\",\"potentialAction\":[{\"@type\":\"SearchAction\",\"target\":{\"@type\":\"EntryPoint\",\"urlTemplate\":\"https:\\\/\\\/webdesi-gn.fr\\\/dev_deltalabo\\\/?s={search_term_string}\"},\"query-input\":{\"@type\":\"PropertyValueSpecification\",\"valueRequired\":true,\"valueName\":\"search_term_string\"}}],\"inLanguage\":\"fr-FR\"},{\"@type\":\"Organization\",\"@id\":\"https:\\\/\\\/webdesi-gn.fr\\\/dev_deltalabo\\\/#organization\",\"name\":\"DeltaLabo\",\"url\":\"https:\\\/\\\/webdesi-gn.fr\\\/dev_deltalabo\\\/\",\"logo\":{\"@type\":\"ImageObject\",\"inLanguage\":\"fr-FR\",\"@id\":\"https:\\\/\\\/webdesi-gn.fr\\\/dev_deltalabo\\\/#\\\/schema\\\/logo\\\/image\\\/\",\"url\":\"https:\\\/\\\/webdesi-gn.fr\\\/dev_deltalabo\\\/wp-content\\\/uploads\\\/2022\\\/07\\\/logo-deltalabo.png\",\"contentUrl\":\"https:\\\/\\\/webdesi-gn.fr\\\/dev_deltalabo\\\/wp-content\\\/uploads\\\/2022\\\/07\\\/logo-deltalabo.png\",\"width\":694,\"height\":306,\"caption\":\"DeltaLabo\"},\"image\":{\"@id\":\"https:\\\/\\\/webdesi-gn.fr\\\/dev_deltalabo\\\/#\\\/schema\\\/logo\\\/image\\\/\"}}]}<\/script>\n<!-- \/ Yoast SEO plugin. -->","yoast_head_json":{"title":"Analyseur de teneur en hydrocarbures HORIBA - OCMA-550 | DeltaLabo","robots":{"index":"noindex","follow":"follow","max-snippet":"max-snippet:-1","max-image-preview":"max-image-preview:large","max-video-preview":"max-video-preview:-1"},"og_locale":"fr_FR","og_type":"article","og_title":"Analyseur de teneur en hydrocarbures HORIBA - OCMA-550 | DeltaLabo","og_description":"Analyseur de teneur en hydrocarbures HORIBA - OCMA-550 :  L'analyseur HORIBA OCMA-550 mesure les concentrations en hydrocarbures dans les eaux et les sols. Il est conforme \u00e0 la norme ASTM D7066-4. Il est con\u00e7u pour \u00eatre simple d'utilisation. Plage de mesures : 0 mg\/L \u00e0 200 mg\/L M\u00e9thode d'extraction : l'extraction se fait manuellement en dehors de l'instrument. T\u00e9l\u00e9charger la brochure produit : Analyseur de teneur en hydrocarbures HORIBA - OCMA-500 \/ OCMA-550  Visualiser l'utilisation du produit : Analyseur de teneur en hydrocarbures HORIBA - OCMA-550","og_url":"https:\/\/webdesi-gn.fr\/dev_deltalabo\/produits\/petrochimie-chimie-nucleaire\/carbureacteurs-saf\/analyseur-de-teneur-en-huile-ocma-550-astm-d7066-4\/","og_site_name":"DeltaLabo","article_modified_time":"2026-03-27T09:31:02+00:00","og_image":[{"width":1200,"height":1200,"url":"https:\/\/webdesi-gn.fr\/dev_deltalabo\/wp-content\/uploads\/2025\/11\/DELTA-LABO-Analyseur-OCMA-550.webp","type":"image\/webp"}],"twitter_card":"summary_large_image","twitter_misc":{"Dur\u00e9e de lecture estim\u00e9e":"1 minute"},"schema":{"@context":"https:\/\/schema.org","@graph":[{"@type":"WebPage","@id":"https:\/\/webdesi-gn.fr\/dev_deltalabo\/produits\/petrochimie-chimie-nucleaire\/carbureacteurs-saf\/analyseur-de-teneur-en-huile-ocma-550-astm-d7066-4\/","url":"https:\/\/webdesi-gn.fr\/dev_deltalabo\/produits\/petrochimie-chimie-nucleaire\/carbureacteurs-saf\/analyseur-de-teneur-en-huile-ocma-550-astm-d7066-4\/","name":"Analyseur de teneur en hydrocarbures HORIBA - OCMA-550 | DeltaLabo","isPartOf":{"@id":"https:\/\/webdesi-gn.fr\/dev_deltalabo\/#website"},"primaryImageOfPage":{"@id":"https:\/\/webdesi-gn.fr\/dev_deltalabo\/produits\/petrochimie-chimie-nucleaire\/carbureacteurs-saf\/analyseur-de-teneur-en-huile-ocma-550-astm-d7066-4\/#primaryimage"},"image":{"@id":"https:\/\/webdesi-gn.fr\/dev_deltalabo\/produits\/petrochimie-chimie-nucleaire\/carbureacteurs-saf\/analyseur-de-teneur-en-huile-ocma-550-astm-d7066-4\/#primaryimage"},"thumbnailUrl":"https:\/\/webdesi-gn.fr\/dev_deltalabo\/wp-content\/uploads\/2025\/11\/DELTA-LABO-Analyseur-OCMA-550.webp","datePublished":"2025-04-24T08:50:36+00:00","dateModified":"2026-03-27T09:31:02+00:00","breadcrumb":{"@id":"https:\/\/webdesi-gn.fr\/dev_deltalabo\/produits\/petrochimie-chimie-nucleaire\/carbureacteurs-saf\/analyseur-de-teneur-en-huile-ocma-550-astm-d7066-4\/#breadcrumb"},"inLanguage":"fr-FR","potentialAction":[{"@type":"ReadAction","target":["https:\/\/webdesi-gn.fr\/dev_deltalabo\/produits\/petrochimie-chimie-nucleaire\/carbureacteurs-saf\/analyseur-de-teneur-en-huile-ocma-550-astm-d7066-4\/"]}]},{"@type":"ImageObject","inLanguage":"fr-FR","@id":"https:\/\/webdesi-gn.fr\/dev_deltalabo\/produits\/petrochimie-chimie-nucleaire\/carbureacteurs-saf\/analyseur-de-teneur-en-huile-ocma-550-astm-d7066-4\/#primaryimage","url":"https:\/\/webdesi-gn.fr\/dev_deltalabo\/wp-content\/uploads\/2025\/11\/DELTA-LABO-Analyseur-OCMA-550.webp","contentUrl":"https:\/\/webdesi-gn.fr\/dev_deltalabo\/wp-content\/uploads\/2025\/11\/DELTA-LABO-Analyseur-OCMA-550.webp","width":1200,"height":1200},{"@type":"BreadcrumbList","@id":"https:\/\/webdesi-gn.fr\/dev_deltalabo\/produits\/petrochimie-chimie-nucleaire\/carbureacteurs-saf\/analyseur-de-teneur-en-huile-ocma-550-astm-d7066-4\/#breadcrumb","itemListElement":[{"@type":"ListItem","position":1,"name":"Accueil","item":"https:\/\/webdesi-gn.fr\/dev_deltalabo\/"},{"@type":"ListItem","position":2,"name":"Produits","item":"https:\/\/webdesi-gn.fr\/dev_deltalabo\/produits\/"},{"@type":"ListItem","position":3,"name":"Analyseur de teneur en hydrocarbures HORIBA &#8211; OCMA-550"}]},{"@type":"WebSite","@id":"https:\/\/webdesi-gn.fr\/dev_deltalabo\/#website","url":"https:\/\/webdesi-gn.fr\/dev_deltalabo\/","name":"Delta Labo","description":"Un site utilisant WordPress","publisher":{"@id":"https:\/\/webdesi-gn.fr\/dev_deltalabo\/#organization"},"alternateName":"Delta Labo","potentialAction":[{"@type":"SearchAction","target":{"@type":"EntryPoint","urlTemplate":"https:\/\/webdesi-gn.fr\/dev_deltalabo\/?s={search_term_string}"},"query-input":{"@type":"PropertyValueSpecification","valueRequired":true,"valueName":"search_term_string"}}],"inLanguage":"fr-FR"},{"@type":"Organization","@id":"https:\/\/webdesi-gn.fr\/dev_deltalabo\/#organization","name":"DeltaLabo","url":"https:\/\/webdesi-gn.fr\/dev_deltalabo\/","logo":{"@type":"ImageObject","inLanguage":"fr-FR","@id":"https:\/\/webdesi-gn.fr\/dev_deltalabo\/#\/schema\/logo\/image\/","url":"https:\/\/webdesi-gn.fr\/dev_deltalabo\/wp-content\/uploads\/2022\/07\/logo-deltalabo.png","contentUrl":"https:\/\/webdesi-gn.fr\/dev_deltalabo\/wp-content\/uploads\/2022\/07\/logo-deltalabo.png","width":694,"height":306,"caption":"DeltaLabo"},"image":{"@id":"https:\/\/webdesi-gn.fr\/dev_deltalabo\/#\/schema\/logo\/image\/"}}]}},"_links":{"self":[{"href":"https:\/\/webdesi-gn.fr\/dev_deltalabo\/wp-json\/wp\/v2\/product\/259848","targetHints":{"allow":["GET"]}}],"collection":[{"href":"https:\/\/webdesi-gn.fr\/dev_deltalabo\/wp-json\/wp\/v2\/product"}],"about":[{"href":"https:\/\/webdesi-gn.fr\/dev_deltalabo\/wp-json\/wp\/v2\/types\/product"}],"wp:featuredmedia":[{"embeddable":true,"href":"https:\/\/webdesi-gn.fr\/dev_deltalabo\/wp-json\/wp\/v2\/media\/262018"}],"wp:attachment":[{"href":"https:\/\/webdesi-gn.fr\/dev_deltalabo\/wp-json\/wp\/v2\/media?parent=259848"}],"wp:term":[{"taxonomy":"domaine","embeddable":true,"href":"https:\/\/webdesi-gn.fr\/dev_deltalabo\/wp-json\/wp\/v2\/domaine?post=259848"},{"taxonomy":"normes","embeddable":true,"href":"https:\/\/webdesi-gn.fr\/dev_deltalabo\/wp-json\/wp\/v2\/normes?post=259848"},{"taxonomy":"product_brand","embeddable":true,"href":"https:\/\/webdesi-gn.fr\/dev_deltalabo\/wp-json\/wp\/v2\/product_brand?post=259848"},{"taxonomy":"product_cat","embeddable":true,"href":"https:\/\/webdesi-gn.fr\/dev_deltalabo\/wp-json\/wp\/v2\/product_cat?post=259848"},{"taxonomy":"product_tag","embeddable":true,"href":"https:\/\/webdesi-gn.fr\/dev_deltalabo\/wp-json\/wp\/v2\/product_tag?post=259848"}],"curies":[{"name":"wp","href":"https:\/\/api.w.org\/{rel}","templated":true}]}}