{"id":259899,"date":"2025-04-29T14:13:44","date_gmt":"2025-04-29T12:13:44","guid":{"rendered":"https:\/\/webdesi-gn.fr\/dev_deltalabo\/?post_type=product&#038;p=259899"},"modified":"2025-11-24T16:30:38","modified_gmt":"2025-11-24T15:30:38","slug":"conductimetre-pour-carburants-stanhope-seta-jf-1a-st-99580-0-astm-d2624-ip-274-iso-6297","status":"publish","type":"product","link":"https:\/\/webdesi-gn.fr\/dev_deltalabo\/produits\/petrochimie-chimie-nucleaire\/carbureacteurs-saf\/conductimetre-pour-carburants-stanhope-seta-jf-1a-st-99580-0-astm-d2624-ip-274-iso-6297\/","title":{"rendered":"Conductim\u00e8tre pour carburants STANHOPE SETA &#8211; JF-1A-ST &#8211; 99580-0"},"content":{"rendered":"","protected":false},"excerpt":{"rendered":"<p><strong>Conductim\u00e8tre pour carburants STANHOPE SETA &#8211; JF-1A-ST &#8211; 99580-0 :<\/strong><\/p>\n<p>Le conductim\u00e8tre pour carburants STANHOPE SETA &#8211; JF-1A-ST a \u00e9t\u00e9 con\u00e7u sp\u00e9cialement pour la mesure de la conductivit\u00e9 des carbur\u00e9acteurs (JETS) et produits distill\u00e9s selon les normes ASTM D2624, IP 274 et ISO 6297.<\/p>\n<p>Il mesure la conductivit\u00e9 sur la plage de 0 \u00e0 2000 pS\/m. Le capteur de <span class=\"Y2IQFc\" lang=\"fr\">conductivit\u00e9 Stick permet aux utilisateurs de mesurer des \u00e9chantillons dans n&rsquo;importe quel r\u00e9cipient.<\/span><\/p>\n<p id=\"tw-target-text\" class=\"tw-data-text tw-text-large tw-ta\" dir=\"ltr\" data-placeholder=\"Traduction\" data-ved=\"2ahUKEwiqoJHNmv2MAxXnQ6QEHek8DSkQ3ewLegQICBAV\" aria-label=\"Texte traduit\u00a0: Plage de temp\u00e9rature de fonctionnement \u00e9tendue de -30 \u00b0C \u00e0 50 \u00b0C\"><span class=\"Y2IQFc\" lang=\"fr\">Plage de temp\u00e9rature : -30 \u00b0C \u00e0 50 \u00b0C.<\/span><\/p>\n<p><strong>T\u00e9l\u00e9charger la brochure produit :<\/strong>\u00a0<a href=\"https:\/\/www.deltalabo.fr\/wp-content\/uploads\/2025\/04\/Conductivity-Stick-99580-0-engl-DL.pdf\">Conductim\u00e8tre pour carburants Stanhope seta &#8211; JF-1A-ST &#8211; 99580-0<\/a><\/p>\n<p><strong>Visionner l&rsquo;utilisation du produit :<\/strong>\u00a0<a href=\"https:\/\/youtu.be\/FRhx_Rd7JA4\">Conductim\u00e8tre pour carburants Stanhope seta JF-1A-ST &#8211; 99580-0<\/a><\/p>\n","protected":false},"featured_media":262004,"template":"","meta":{"_acf_changed":false,"site-sidebar-layout":"default","site-content-layout":"","ast-site-content-layout":"default","site-content-style":"default","site-sidebar-style":"default","ast-global-header-display":"","ast-banner-title-visibility":"","ast-main-header-display":"","ast-hfb-above-header-display":"","ast-hfb-below-header-display":"","ast-hfb-mobile-header-display":"","site-post-title":"","ast-breadcrumbs-content":"","ast-featured-img":"","footer-sml-layout":"","ast-disable-related-posts":"","theme-transparent-header-meta":"","adv-header-id-meta":"","stick-header-meta":"","header-above-stick-meta":"","header-main-stick-meta":"","header-below-stick-meta":"","astra-migrate-meta-layouts":"default","ast-page-background-enabled":"default","ast-page-background-meta":{"desktop":{"background-color":"var(--ast-global-color-5)","background-image":"","background-repeat":"repeat","background-position":"center center","background-size":"auto","background-attachment":"scroll","background-type":"","background-media":"","overlay-type":"","overlay-color":"","overlay-opacity":"","overlay-gradient":""},"tablet":{"background-color":"","background-image":"","background-repeat":"repeat","background-position":"center center","background-size":"auto","background-attachment":"scroll","background-type":"","background-media":"","overlay-type":"","overlay-color":"","overlay-opacity":"","overlay-gradient":""},"mobile":{"background-color":"","background-image":"","background-repeat":"repeat","background-position":"center center","background-size":"auto","background-attachment":"scroll","background-type":"","background-media":"","overlay-type":"","overlay-color":"","overlay-opacity":"","overlay-gradient":""}},"ast-content-background-meta":{"desktop":{"background-color":"var(--ast-global-color-4)","background-image":"","background-repeat":"repeat","background-position":"center center","background-size":"auto","background-attachment":"scroll","background-type":"","background-media":"","overlay-type":"","overlay-color":"","overlay-opacity":"","overlay-gradient":""},"tablet":{"background-color":"var(--ast-global-color-4)","background-image":"","background-repeat":"repeat","background-position":"center center","background-size":"auto","background-attachment":"scroll","background-type":"","background-media":"","overlay-type":"","overlay-color":"","overlay-opacity":"","overlay-gradient":""},"mobile":{"background-color":"var(--ast-global-color-4)","background-image":"","background-repeat":"repeat","background-position":"center center","background-size":"auto","background-attachment":"scroll","background-type":"","background-media":"","overlay-type":"","overlay-color":"","overlay-opacity":"","overlay-gradient":""}}},"domaine":[],"normes":[3319,17135,17167,17118],"product_brand":[],"product_cat":[17192],"product_tag":[],"class_list":{"0":"post-259899","1":"product","2":"type-product","3":"status-publish","4":"has-post-thumbnail","6":"normes-d2624","7":"normes-din-51562","8":"normes-ip-274","9":"normes-iso-6297","10":"product_cat-carbureacteurs-saf","11":"desktop-align-left","12":"tablet-align-left","13":"mobile-align-left","15":"first","16":"instock","17":"shipping-taxable","18":"purchasable","19":"product-type-simple"},"acf":[],"yoast_head":"<!-- This site is optimized with the Yoast SEO plugin v27.4 - https:\/\/yoast.com\/product\/yoast-seo-wordpress\/ -->\n<title>Conductim\u00e8tre pour carburants STANHOPE SETA - JF-1A-ST - 99580-0 | DeltaLabo<\/title>\n<meta name=\"robots\" content=\"noindex, follow, max-snippet:-1, max-image-preview:large, max-video-preview:-1\" \/>\n<meta property=\"og:locale\" content=\"fr_FR\" \/>\n<meta property=\"og:type\" content=\"article\" \/>\n<meta property=\"og:title\" content=\"Conductim\u00e8tre pour carburants STANHOPE SETA - JF-1A-ST - 99580-0 | DeltaLabo\" \/>\n<meta property=\"og:description\" content=\"Conductim\u00e8tre pour carburants STANHOPE SETA - JF-1A-ST - 99580-0 :  Le conductim\u00e8tre pour carburants STANHOPE SETA - JF-1A-ST a \u00e9t\u00e9 con\u00e7u sp\u00e9cialement pour la mesure de la conductivit\u00e9 des carbur\u00e9acteurs (JETS) et produits distill\u00e9s selon les normes ASTM D2624, IP 274 et ISO 6297.  Il mesure la conductivit\u00e9 sur la plage de 0 \u00e0 2000 pS\/m. Le capteur de conductivit\u00e9 Stick permet aux utilisateurs de mesurer des \u00e9chantillons dans n&#039;importe quel r\u00e9cipient. Plage de temp\u00e9rature : -30 \u00b0C \u00e0 50 \u00b0C. T\u00e9l\u00e9charger la brochure produit :\u00a0Conductim\u00e8tre pour carburants Stanhope seta - JF-1A-ST - 99580-0  Visionner l&#039;utilisation du produit :\u00a0Conductim\u00e8tre pour carburants Stanhope seta JF-1A-ST - 99580-0\" \/>\n<meta property=\"og:url\" content=\"https:\/\/webdesi-gn.fr\/dev_deltalabo\/produits\/petrochimie-chimie-nucleaire\/carbureacteurs-saf\/conductimetre-pour-carburants-stanhope-seta-jf-1a-st-99580-0-astm-d2624-ip-274-iso-6297\/\" \/>\n<meta property=\"og:site_name\" content=\"DeltaLabo\" \/>\n<meta property=\"article:modified_time\" content=\"2025-11-24T15:30:38+00:00\" \/>\n<meta property=\"og:image\" content=\"https:\/\/webdesi-gn.fr\/dev_deltalabo\/wp-content\/uploads\/2025\/11\/DELTA-LABO-CONDUCTIVITY-STICK-99580-0.jpg\" \/>\n\t<meta property=\"og:image:width\" content=\"727\" \/>\n\t<meta property=\"og:image:height\" content=\"486\" \/>\n\t<meta property=\"og:image:type\" content=\"image\/jpeg\" \/>\n<meta name=\"twitter:card\" content=\"summary_large_image\" \/>\n<meta name=\"twitter:label1\" content=\"Dur\u00e9e de lecture estim\u00e9e\" \/>\n\t<meta name=\"twitter:data1\" content=\"1 minute\" \/>\n<script type=\"application\/ld+json\" class=\"yoast-schema-graph\">{\"@context\":\"https:\\\/\\\/schema.org\",\"@graph\":[{\"@type\":\"WebPage\",\"@id\":\"https:\\\/\\\/webdesi-gn.fr\\\/dev_deltalabo\\\/produits\\\/petrochimie-chimie-nucleaire\\\/carbureacteurs-saf\\\/conductimetre-pour-carburants-stanhope-seta-jf-1a-st-99580-0-astm-d2624-ip-274-iso-6297\\\/\",\"url\":\"https:\\\/\\\/webdesi-gn.fr\\\/dev_deltalabo\\\/produits\\\/petrochimie-chimie-nucleaire\\\/carbureacteurs-saf\\\/conductimetre-pour-carburants-stanhope-seta-jf-1a-st-99580-0-astm-d2624-ip-274-iso-6297\\\/\",\"name\":\"Conductim\u00e8tre pour carburants STANHOPE SETA - JF-1A-ST - 99580-0 | DeltaLabo\",\"isPartOf\":{\"@id\":\"https:\\\/\\\/webdesi-gn.fr\\\/dev_deltalabo\\\/#website\"},\"primaryImageOfPage\":{\"@id\":\"https:\\\/\\\/webdesi-gn.fr\\\/dev_deltalabo\\\/produits\\\/petrochimie-chimie-nucleaire\\\/carbureacteurs-saf\\\/conductimetre-pour-carburants-stanhope-seta-jf-1a-st-99580-0-astm-d2624-ip-274-iso-6297\\\/#primaryimage\"},\"image\":{\"@id\":\"https:\\\/\\\/webdesi-gn.fr\\\/dev_deltalabo\\\/produits\\\/petrochimie-chimie-nucleaire\\\/carbureacteurs-saf\\\/conductimetre-pour-carburants-stanhope-seta-jf-1a-st-99580-0-astm-d2624-ip-274-iso-6297\\\/#primaryimage\"},\"thumbnailUrl\":\"https:\\\/\\\/webdesi-gn.fr\\\/dev_deltalabo\\\/wp-content\\\/uploads\\\/2025\\\/11\\\/DELTA-LABO-CONDUCTIVITY-STICK-99580-0.jpg\",\"datePublished\":\"2025-04-29T12:13:44+00:00\",\"dateModified\":\"2025-11-24T15:30:38+00:00\",\"breadcrumb\":{\"@id\":\"https:\\\/\\\/webdesi-gn.fr\\\/dev_deltalabo\\\/produits\\\/petrochimie-chimie-nucleaire\\\/carbureacteurs-saf\\\/conductimetre-pour-carburants-stanhope-seta-jf-1a-st-99580-0-astm-d2624-ip-274-iso-6297\\\/#breadcrumb\"},\"inLanguage\":\"fr-FR\",\"potentialAction\":[{\"@type\":\"ReadAction\",\"target\":[\"https:\\\/\\\/webdesi-gn.fr\\\/dev_deltalabo\\\/produits\\\/petrochimie-chimie-nucleaire\\\/carbureacteurs-saf\\\/conductimetre-pour-carburants-stanhope-seta-jf-1a-st-99580-0-astm-d2624-ip-274-iso-6297\\\/\"]}]},{\"@type\":\"ImageObject\",\"inLanguage\":\"fr-FR\",\"@id\":\"https:\\\/\\\/webdesi-gn.fr\\\/dev_deltalabo\\\/produits\\\/petrochimie-chimie-nucleaire\\\/carbureacteurs-saf\\\/conductimetre-pour-carburants-stanhope-seta-jf-1a-st-99580-0-astm-d2624-ip-274-iso-6297\\\/#primaryimage\",\"url\":\"https:\\\/\\\/webdesi-gn.fr\\\/dev_deltalabo\\\/wp-content\\\/uploads\\\/2025\\\/11\\\/DELTA-LABO-CONDUCTIVITY-STICK-99580-0.jpg\",\"contentUrl\":\"https:\\\/\\\/webdesi-gn.fr\\\/dev_deltalabo\\\/wp-content\\\/uploads\\\/2025\\\/11\\\/DELTA-LABO-CONDUCTIVITY-STICK-99580-0.jpg\",\"width\":727,\"height\":486},{\"@type\":\"BreadcrumbList\",\"@id\":\"https:\\\/\\\/webdesi-gn.fr\\\/dev_deltalabo\\\/produits\\\/petrochimie-chimie-nucleaire\\\/carbureacteurs-saf\\\/conductimetre-pour-carburants-stanhope-seta-jf-1a-st-99580-0-astm-d2624-ip-274-iso-6297\\\/#breadcrumb\",\"itemListElement\":[{\"@type\":\"ListItem\",\"position\":1,\"name\":\"Accueil\",\"item\":\"https:\\\/\\\/webdesi-gn.fr\\\/dev_deltalabo\\\/\"},{\"@type\":\"ListItem\",\"position\":2,\"name\":\"Produits\",\"item\":\"https:\\\/\\\/webdesi-gn.fr\\\/dev_deltalabo\\\/produits\\\/\"},{\"@type\":\"ListItem\",\"position\":3,\"name\":\"Conductim\u00e8tre pour carburants STANHOPE SETA &#8211; JF-1A-ST &#8211; 99580-0\"}]},{\"@type\":\"WebSite\",\"@id\":\"https:\\\/\\\/webdesi-gn.fr\\\/dev_deltalabo\\\/#website\",\"url\":\"https:\\\/\\\/webdesi-gn.fr\\\/dev_deltalabo\\\/\",\"name\":\"Delta Labo\",\"description\":\"Un site utilisant WordPress\",\"publisher\":{\"@id\":\"https:\\\/\\\/webdesi-gn.fr\\\/dev_deltalabo\\\/#organization\"},\"alternateName\":\"Delta Labo\",\"potentialAction\":[{\"@type\":\"SearchAction\",\"target\":{\"@type\":\"EntryPoint\",\"urlTemplate\":\"https:\\\/\\\/webdesi-gn.fr\\\/dev_deltalabo\\\/?s={search_term_string}\"},\"query-input\":{\"@type\":\"PropertyValueSpecification\",\"valueRequired\":true,\"valueName\":\"search_term_string\"}}],\"inLanguage\":\"fr-FR\"},{\"@type\":\"Organization\",\"@id\":\"https:\\\/\\\/webdesi-gn.fr\\\/dev_deltalabo\\\/#organization\",\"name\":\"DeltaLabo\",\"url\":\"https:\\\/\\\/webdesi-gn.fr\\\/dev_deltalabo\\\/\",\"logo\":{\"@type\":\"ImageObject\",\"inLanguage\":\"fr-FR\",\"@id\":\"https:\\\/\\\/webdesi-gn.fr\\\/dev_deltalabo\\\/#\\\/schema\\\/logo\\\/image\\\/\",\"url\":\"https:\\\/\\\/webdesi-gn.fr\\\/dev_deltalabo\\\/wp-content\\\/uploads\\\/2022\\\/07\\\/logo-deltalabo.png\",\"contentUrl\":\"https:\\\/\\\/webdesi-gn.fr\\\/dev_deltalabo\\\/wp-content\\\/uploads\\\/2022\\\/07\\\/logo-deltalabo.png\",\"width\":694,\"height\":306,\"caption\":\"DeltaLabo\"},\"image\":{\"@id\":\"https:\\\/\\\/webdesi-gn.fr\\\/dev_deltalabo\\\/#\\\/schema\\\/logo\\\/image\\\/\"}}]}<\/script>\n<!-- \/ Yoast SEO plugin. -->","yoast_head_json":{"title":"Conductim\u00e8tre pour carburants STANHOPE SETA - JF-1A-ST - 99580-0 | DeltaLabo","robots":{"index":"noindex","follow":"follow","max-snippet":"max-snippet:-1","max-image-preview":"max-image-preview:large","max-video-preview":"max-video-preview:-1"},"og_locale":"fr_FR","og_type":"article","og_title":"Conductim\u00e8tre pour carburants STANHOPE SETA - JF-1A-ST - 99580-0 | DeltaLabo","og_description":"Conductim\u00e8tre pour carburants STANHOPE SETA - JF-1A-ST - 99580-0 :  Le conductim\u00e8tre pour carburants STANHOPE SETA - JF-1A-ST a \u00e9t\u00e9 con\u00e7u sp\u00e9cialement pour la mesure de la conductivit\u00e9 des carbur\u00e9acteurs (JETS) et produits distill\u00e9s selon les normes ASTM D2624, IP 274 et ISO 6297.  Il mesure la conductivit\u00e9 sur la plage de 0 \u00e0 2000 pS\/m. Le capteur de conductivit\u00e9 Stick permet aux utilisateurs de mesurer des \u00e9chantillons dans n'importe quel r\u00e9cipient. Plage de temp\u00e9rature : -30 \u00b0C \u00e0 50 \u00b0C. T\u00e9l\u00e9charger la brochure produit :\u00a0Conductim\u00e8tre pour carburants Stanhope seta - JF-1A-ST - 99580-0  Visionner l'utilisation du produit :\u00a0Conductim\u00e8tre pour carburants Stanhope seta JF-1A-ST - 99580-0","og_url":"https:\/\/webdesi-gn.fr\/dev_deltalabo\/produits\/petrochimie-chimie-nucleaire\/carbureacteurs-saf\/conductimetre-pour-carburants-stanhope-seta-jf-1a-st-99580-0-astm-d2624-ip-274-iso-6297\/","og_site_name":"DeltaLabo","article_modified_time":"2025-11-24T15:30:38+00:00","og_image":[{"width":727,"height":486,"url":"https:\/\/webdesi-gn.fr\/dev_deltalabo\/wp-content\/uploads\/2025\/11\/DELTA-LABO-CONDUCTIVITY-STICK-99580-0.jpg","type":"image\/jpeg"}],"twitter_card":"summary_large_image","twitter_misc":{"Dur\u00e9e de lecture estim\u00e9e":"1 minute"},"schema":{"@context":"https:\/\/schema.org","@graph":[{"@type":"WebPage","@id":"https:\/\/webdesi-gn.fr\/dev_deltalabo\/produits\/petrochimie-chimie-nucleaire\/carbureacteurs-saf\/conductimetre-pour-carburants-stanhope-seta-jf-1a-st-99580-0-astm-d2624-ip-274-iso-6297\/","url":"https:\/\/webdesi-gn.fr\/dev_deltalabo\/produits\/petrochimie-chimie-nucleaire\/carbureacteurs-saf\/conductimetre-pour-carburants-stanhope-seta-jf-1a-st-99580-0-astm-d2624-ip-274-iso-6297\/","name":"Conductim\u00e8tre pour carburants STANHOPE SETA - JF-1A-ST - 99580-0 | DeltaLabo","isPartOf":{"@id":"https:\/\/webdesi-gn.fr\/dev_deltalabo\/#website"},"primaryImageOfPage":{"@id":"https:\/\/webdesi-gn.fr\/dev_deltalabo\/produits\/petrochimie-chimie-nucleaire\/carbureacteurs-saf\/conductimetre-pour-carburants-stanhope-seta-jf-1a-st-99580-0-astm-d2624-ip-274-iso-6297\/#primaryimage"},"image":{"@id":"https:\/\/webdesi-gn.fr\/dev_deltalabo\/produits\/petrochimie-chimie-nucleaire\/carbureacteurs-saf\/conductimetre-pour-carburants-stanhope-seta-jf-1a-st-99580-0-astm-d2624-ip-274-iso-6297\/#primaryimage"},"thumbnailUrl":"https:\/\/webdesi-gn.fr\/dev_deltalabo\/wp-content\/uploads\/2025\/11\/DELTA-LABO-CONDUCTIVITY-STICK-99580-0.jpg","datePublished":"2025-04-29T12:13:44+00:00","dateModified":"2025-11-24T15:30:38+00:00","breadcrumb":{"@id":"https:\/\/webdesi-gn.fr\/dev_deltalabo\/produits\/petrochimie-chimie-nucleaire\/carbureacteurs-saf\/conductimetre-pour-carburants-stanhope-seta-jf-1a-st-99580-0-astm-d2624-ip-274-iso-6297\/#breadcrumb"},"inLanguage":"fr-FR","potentialAction":[{"@type":"ReadAction","target":["https:\/\/webdesi-gn.fr\/dev_deltalabo\/produits\/petrochimie-chimie-nucleaire\/carbureacteurs-saf\/conductimetre-pour-carburants-stanhope-seta-jf-1a-st-99580-0-astm-d2624-ip-274-iso-6297\/"]}]},{"@type":"ImageObject","inLanguage":"fr-FR","@id":"https:\/\/webdesi-gn.fr\/dev_deltalabo\/produits\/petrochimie-chimie-nucleaire\/carbureacteurs-saf\/conductimetre-pour-carburants-stanhope-seta-jf-1a-st-99580-0-astm-d2624-ip-274-iso-6297\/#primaryimage","url":"https:\/\/webdesi-gn.fr\/dev_deltalabo\/wp-content\/uploads\/2025\/11\/DELTA-LABO-CONDUCTIVITY-STICK-99580-0.jpg","contentUrl":"https:\/\/webdesi-gn.fr\/dev_deltalabo\/wp-content\/uploads\/2025\/11\/DELTA-LABO-CONDUCTIVITY-STICK-99580-0.jpg","width":727,"height":486},{"@type":"BreadcrumbList","@id":"https:\/\/webdesi-gn.fr\/dev_deltalabo\/produits\/petrochimie-chimie-nucleaire\/carbureacteurs-saf\/conductimetre-pour-carburants-stanhope-seta-jf-1a-st-99580-0-astm-d2624-ip-274-iso-6297\/#breadcrumb","itemListElement":[{"@type":"ListItem","position":1,"name":"Accueil","item":"https:\/\/webdesi-gn.fr\/dev_deltalabo\/"},{"@type":"ListItem","position":2,"name":"Produits","item":"https:\/\/webdesi-gn.fr\/dev_deltalabo\/produits\/"},{"@type":"ListItem","position":3,"name":"Conductim\u00e8tre pour carburants STANHOPE SETA &#8211; JF-1A-ST &#8211; 99580-0"}]},{"@type":"WebSite","@id":"https:\/\/webdesi-gn.fr\/dev_deltalabo\/#website","url":"https:\/\/webdesi-gn.fr\/dev_deltalabo\/","name":"Delta Labo","description":"Un site utilisant WordPress","publisher":{"@id":"https:\/\/webdesi-gn.fr\/dev_deltalabo\/#organization"},"alternateName":"Delta Labo","potentialAction":[{"@type":"SearchAction","target":{"@type":"EntryPoint","urlTemplate":"https:\/\/webdesi-gn.fr\/dev_deltalabo\/?s={search_term_string}"},"query-input":{"@type":"PropertyValueSpecification","valueRequired":true,"valueName":"search_term_string"}}],"inLanguage":"fr-FR"},{"@type":"Organization","@id":"https:\/\/webdesi-gn.fr\/dev_deltalabo\/#organization","name":"DeltaLabo","url":"https:\/\/webdesi-gn.fr\/dev_deltalabo\/","logo":{"@type":"ImageObject","inLanguage":"fr-FR","@id":"https:\/\/webdesi-gn.fr\/dev_deltalabo\/#\/schema\/logo\/image\/","url":"https:\/\/webdesi-gn.fr\/dev_deltalabo\/wp-content\/uploads\/2022\/07\/logo-deltalabo.png","contentUrl":"https:\/\/webdesi-gn.fr\/dev_deltalabo\/wp-content\/uploads\/2022\/07\/logo-deltalabo.png","width":694,"height":306,"caption":"DeltaLabo"},"image":{"@id":"https:\/\/webdesi-gn.fr\/dev_deltalabo\/#\/schema\/logo\/image\/"}}]}},"_links":{"self":[{"href":"https:\/\/webdesi-gn.fr\/dev_deltalabo\/wp-json\/wp\/v2\/product\/259899","targetHints":{"allow":["GET"]}}],"collection":[{"href":"https:\/\/webdesi-gn.fr\/dev_deltalabo\/wp-json\/wp\/v2\/product"}],"about":[{"href":"https:\/\/webdesi-gn.fr\/dev_deltalabo\/wp-json\/wp\/v2\/types\/product"}],"wp:featuredmedia":[{"embeddable":true,"href":"https:\/\/webdesi-gn.fr\/dev_deltalabo\/wp-json\/wp\/v2\/media\/262004"}],"wp:attachment":[{"href":"https:\/\/webdesi-gn.fr\/dev_deltalabo\/wp-json\/wp\/v2\/media?parent=259899"}],"wp:term":[{"taxonomy":"domaine","embeddable":true,"href":"https:\/\/webdesi-gn.fr\/dev_deltalabo\/wp-json\/wp\/v2\/domaine?post=259899"},{"taxonomy":"normes","embeddable":true,"href":"https:\/\/webdesi-gn.fr\/dev_deltalabo\/wp-json\/wp\/v2\/normes?post=259899"},{"taxonomy":"product_brand","embeddable":true,"href":"https:\/\/webdesi-gn.fr\/dev_deltalabo\/wp-json\/wp\/v2\/product_brand?post=259899"},{"taxonomy":"product_cat","embeddable":true,"href":"https:\/\/webdesi-gn.fr\/dev_deltalabo\/wp-json\/wp\/v2\/product_cat?post=259899"},{"taxonomy":"product_tag","embeddable":true,"href":"https:\/\/webdesi-gn.fr\/dev_deltalabo\/wp-json\/wp\/v2\/product_tag?post=259899"}],"curies":[{"name":"wp","href":"https:\/\/api.w.org\/{rel}","templated":true}]}}