{"id":259915,"date":"2025-04-29T15:37:02","date_gmt":"2025-04-29T13:37:02","guid":{"rendered":"https:\/\/webdesi-gn.fr\/dev_deltalabo\/?post_type=product&#038;p=259915"},"modified":"2025-11-24T16:26:06","modified_gmt":"2025-11-24T15:26:06","slug":"compteur-particulaire-laser-portable-stanhope-seta-modele-avcount-skydrol-ip-630-astm-d7619-astm-d975","status":"publish","type":"product","link":"https:\/\/webdesi-gn.fr\/dev_deltalabo\/produits\/petrochimie-chimie-nucleaire\/carbureacteurs-saf\/compteur-particulaire-laser-portable-stanhope-seta-modele-avcount-skydrol-ip-630-astm-d7619-astm-d975\/","title":{"rendered":"Compteur particulaire LASER portable STANHOPE SETA &#8211; AvCount3 Skydrol SA1105-0 &#8211; ASTM D7647 &#8211; IP 565 &#8211; IP 630"},"content":{"rendered":"","protected":false},"excerpt":{"rendered":"<p><strong>Compteur particulaire LASER portable STANHOPE SETA AvCount3 Skydrol SA1105-0 :<\/strong><\/p>\n<p>Le nouveau compteur particulaire portable est conforme aux normes ASTM D975; ASTM 6786; ASTM D7619; ASTM 7647; IP 565; IP 630; DEF STAN 91-86; DEF STAN 91-091; ISO 4406; ISO 60970; NAS 1638; SAE 4059.<\/p>\n<p>La norme IP 565 fait partie des sp\u00e9cifications de la DEF STAN 91-91 relatives aux Jets A1.<\/p>\n<p>La norme IP 630 est incluse dans les derni\u00e8res sp\u00e9cifications EN 590-2025.<\/p>\n<p>La norme ASTM D7619 fait partie des sp\u00e9cifications ASTM D975 relatives aux gazoles.<\/p>\n<p>Le nouveau compteur particulaire AvCount3 Skydroll est sp\u00e9cialement d\u00e9di\u00e9 aux lubrifiants a\u00e9ronautiques.<\/p>\n<p>Destin\u00e9 tout particuli\u00e8rement aux d\u00e9terminations particulaires dans les carbur\u00e9acteurs mais convient \u00e9galement \u00e0 tous les carburants et fluides hydrauliques.<\/p>\n<p>Instrument portable, compact, autonome et enti\u00e8rement automatique : une mesure ne dure que quelques minutes. Il peut \u00eatre utilis\u00e9 \u00e9galement sur paillasse \u00e0 partir d&rsquo;\u00e9chantillons conditionn\u00e9s en flacons.<\/p>\n<p><strong>T\u00e9l\u00e9charger la brochure produit :<\/strong> <a href=\"https:\/\/www.deltalabo.fr\/wp-content\/uploads\/2025\/04\/AvCount3-Skydrol-SA1105-0-eng-DL.pdf\">AvCount3 Skydrol SA1105-0\u00a0<\/a><\/p>\n","protected":false},"featured_media":262015,"template":"","meta":{"_acf_changed":false,"site-sidebar-layout":"default","site-content-layout":"","ast-site-content-layout":"default","site-content-style":"default","site-sidebar-style":"default","ast-global-header-display":"","ast-banner-title-visibility":"","ast-main-header-display":"","ast-hfb-above-header-display":"","ast-hfb-below-header-display":"","ast-hfb-mobile-header-display":"","site-post-title":"","ast-breadcrumbs-content":"","ast-featured-img":"","footer-sml-layout":"","ast-disable-related-posts":"","theme-transparent-header-meta":"default","adv-header-id-meta":"","stick-header-meta":"","header-above-stick-meta":"","header-main-stick-meta":"","header-below-stick-meta":"","astra-migrate-meta-layouts":"set","ast-page-background-enabled":"default","ast-page-background-meta":{"desktop":{"background-color":"var(--ast-global-color-5)","background-image":"","background-repeat":"repeat","background-position":"center center","background-size":"auto","background-attachment":"scroll","background-type":"","background-media":"","overlay-type":"","overlay-color":"","overlay-opacity":"","overlay-gradient":""},"tablet":{"background-color":"","background-image":"","background-repeat":"repeat","background-position":"center center","background-size":"auto","background-attachment":"scroll","background-type":"","background-media":"","overlay-type":"","overlay-color":"","overlay-opacity":"","overlay-gradient":""},"mobile":{"background-color":"","background-image":"","background-repeat":"repeat","background-position":"center center","background-size":"auto","background-attachment":"scroll","background-type":"","background-media":"","overlay-type":"","overlay-color":"","overlay-opacity":"","overlay-gradient":""}},"ast-content-background-meta":{"desktop":{"background-color":"var(--ast-global-color-4)","background-image":"","background-repeat":"repeat","background-position":"center center","background-size":"auto","background-attachment":"scroll","background-type":"","background-media":"","overlay-type":"","overlay-color":"","overlay-opacity":"","overlay-gradient":""},"tablet":{"background-color":"var(--ast-global-color-4)","background-image":"","background-repeat":"repeat","background-position":"center center","background-size":"auto","background-attachment":"scroll","background-type":"","background-media":"","overlay-type":"","overlay-color":"","overlay-opacity":"","overlay-gradient":""},"mobile":{"background-color":"var(--ast-global-color-4)","background-image":"","background-repeat":"repeat","background-position":"center center","background-size":"auto","background-attachment":"scroll","background-type":"","background-media":"","overlay-type":"","overlay-color":"","overlay-opacity":"","overlay-gradient":""}}},"domaine":[],"normes":[3367,3379,3381,3402,6999,7000,17135,17679,17147,17140,17112,17115,7001,6434],"product_brand":[],"product_cat":[17192],"product_tag":[],"class_list":{"0":"post-259915","1":"product","2":"type-product","3":"status-publish","4":"has-post-thumbnail","6":"normes-d6786","7":"normes-d7619","8":"normes-d7647","9":"normes-d975","10":"normes-def-stan-91-091","11":"normes-def-stan-91-86","12":"normes-din-51562","13":"normes-en-590-2025","14":"normes-ip-565","15":"normes-ip-630","16":"normes-iso-4406","17":"normes-iso-60970","18":"normes-nas-1638","19":"normes-sae-4059","20":"product_cat-carbureacteurs-saf","21":"desktop-align-left","22":"tablet-align-left","23":"mobile-align-left","25":"first","26":"instock","27":"shipping-taxable","28":"purchasable","29":"product-type-simple"},"acf":[],"yoast_head":"<!-- This site is optimized with the Yoast SEO plugin v27.4 - https:\/\/yoast.com\/product\/yoast-seo-wordpress\/ -->\n<title>Compteur particulaire LASER portable STANHOPE SETA - AvCount3 Skydrol SA1105-0 - ASTM D7647 - IP 565 - IP 630 | DeltaLabo<\/title>\n<meta name=\"robots\" content=\"noindex, follow, max-snippet:-1, max-image-preview:large, max-video-preview:-1\" \/>\n<meta property=\"og:locale\" content=\"fr_FR\" \/>\n<meta property=\"og:type\" content=\"article\" \/>\n<meta property=\"og:title\" content=\"Compteur particulaire LASER portable STANHOPE SETA - AvCount3 Skydrol SA1105-0 - ASTM D7647 - IP 565 - IP 630 | DeltaLabo\" \/>\n<meta property=\"og:description\" content=\"Compteur particulaire LASER portable STANHOPE SETA AvCount3 Skydrol SA1105-0 :  Le nouveau compteur particulaire portable est conforme aux normes ASTM D975; ASTM 6786; ASTM D7619; ASTM 7647; IP 565; IP 630; DEF STAN 91-86; DEF STAN 91-091; ISO 4406; ISO 60970; NAS 1638; SAE 4059.  La norme IP 565 fait partie des sp\u00e9cifications de la DEF STAN 91-91 relatives aux Jets A1.  La norme IP 630 est incluse dans les derni\u00e8res sp\u00e9cifications EN 590-2025.  La norme ASTM D7619 fait partie des sp\u00e9cifications ASTM D975 relatives aux gazoles.  Le nouveau compteur particulaire AvCount3 Skydroll est sp\u00e9cialement d\u00e9di\u00e9 aux lubrifiants a\u00e9ronautiques.  Destin\u00e9 tout particuli\u00e8rement aux d\u00e9terminations particulaires dans les carbur\u00e9acteurs mais convient \u00e9galement \u00e0 tous les carburants et fluides hydrauliques.  Instrument portable, compact, autonome et enti\u00e8rement automatique : une mesure ne dure que quelques minutes. Il peut \u00eatre utilis\u00e9 \u00e9galement sur paillasse \u00e0 partir d&#039;\u00e9chantillons conditionn\u00e9s en flacons.  T\u00e9l\u00e9charger la brochure produit : AvCount3 Skydrol SA1105-0\u00a0\" \/>\n<meta property=\"og:url\" content=\"https:\/\/webdesi-gn.fr\/dev_deltalabo\/produits\/petrochimie-chimie-nucleaire\/carbureacteurs-saf\/compteur-particulaire-laser-portable-stanhope-seta-modele-avcount-skydrol-ip-630-astm-d7619-astm-d975\/\" \/>\n<meta property=\"og:site_name\" content=\"DeltaLabo\" \/>\n<meta property=\"article:modified_time\" content=\"2025-11-24T15:26:06+00:00\" \/>\n<meta property=\"og:image\" content=\"https:\/\/webdesi-gn.fr\/dev_deltalabo\/wp-content\/uploads\/2025\/11\/DELTA-LABO-AVCount3-Skydrol.jpg\" \/>\n\t<meta property=\"og:image:width\" content=\"782\" \/>\n\t<meta property=\"og:image:height\" content=\"777\" \/>\n\t<meta property=\"og:image:type\" content=\"image\/jpeg\" \/>\n<meta name=\"twitter:card\" content=\"summary_large_image\" \/>\n<meta name=\"twitter:label1\" content=\"Dur\u00e9e de lecture estim\u00e9e\" \/>\n\t<meta name=\"twitter:data1\" content=\"1 minute\" \/>\n<script type=\"application\/ld+json\" class=\"yoast-schema-graph\">{\"@context\":\"https:\\\/\\\/schema.org\",\"@graph\":[{\"@type\":\"WebPage\",\"@id\":\"https:\\\/\\\/webdesi-gn.fr\\\/dev_deltalabo\\\/produits\\\/petrochimie-chimie-nucleaire\\\/carbureacteurs-saf\\\/compteur-particulaire-laser-portable-stanhope-seta-modele-avcount-skydrol-ip-630-astm-d7619-astm-d975\\\/\",\"url\":\"https:\\\/\\\/webdesi-gn.fr\\\/dev_deltalabo\\\/produits\\\/petrochimie-chimie-nucleaire\\\/carbureacteurs-saf\\\/compteur-particulaire-laser-portable-stanhope-seta-modele-avcount-skydrol-ip-630-astm-d7619-astm-d975\\\/\",\"name\":\"Compteur particulaire LASER portable STANHOPE SETA - AvCount3 Skydrol SA1105-0 - ASTM D7647 - IP 565 - IP 630 | DeltaLabo\",\"isPartOf\":{\"@id\":\"https:\\\/\\\/webdesi-gn.fr\\\/dev_deltalabo\\\/#website\"},\"primaryImageOfPage\":{\"@id\":\"https:\\\/\\\/webdesi-gn.fr\\\/dev_deltalabo\\\/produits\\\/petrochimie-chimie-nucleaire\\\/carbureacteurs-saf\\\/compteur-particulaire-laser-portable-stanhope-seta-modele-avcount-skydrol-ip-630-astm-d7619-astm-d975\\\/#primaryimage\"},\"image\":{\"@id\":\"https:\\\/\\\/webdesi-gn.fr\\\/dev_deltalabo\\\/produits\\\/petrochimie-chimie-nucleaire\\\/carbureacteurs-saf\\\/compteur-particulaire-laser-portable-stanhope-seta-modele-avcount-skydrol-ip-630-astm-d7619-astm-d975\\\/#primaryimage\"},\"thumbnailUrl\":\"https:\\\/\\\/webdesi-gn.fr\\\/dev_deltalabo\\\/wp-content\\\/uploads\\\/2025\\\/11\\\/DELTA-LABO-AVCount3-Skydrol.jpg\",\"datePublished\":\"2025-04-29T13:37:02+00:00\",\"dateModified\":\"2025-11-24T15:26:06+00:00\",\"breadcrumb\":{\"@id\":\"https:\\\/\\\/webdesi-gn.fr\\\/dev_deltalabo\\\/produits\\\/petrochimie-chimie-nucleaire\\\/carbureacteurs-saf\\\/compteur-particulaire-laser-portable-stanhope-seta-modele-avcount-skydrol-ip-630-astm-d7619-astm-d975\\\/#breadcrumb\"},\"inLanguage\":\"fr-FR\",\"potentialAction\":[{\"@type\":\"ReadAction\",\"target\":[\"https:\\\/\\\/webdesi-gn.fr\\\/dev_deltalabo\\\/produits\\\/petrochimie-chimie-nucleaire\\\/carbureacteurs-saf\\\/compteur-particulaire-laser-portable-stanhope-seta-modele-avcount-skydrol-ip-630-astm-d7619-astm-d975\\\/\"]}]},{\"@type\":\"ImageObject\",\"inLanguage\":\"fr-FR\",\"@id\":\"https:\\\/\\\/webdesi-gn.fr\\\/dev_deltalabo\\\/produits\\\/petrochimie-chimie-nucleaire\\\/carbureacteurs-saf\\\/compteur-particulaire-laser-portable-stanhope-seta-modele-avcount-skydrol-ip-630-astm-d7619-astm-d975\\\/#primaryimage\",\"url\":\"https:\\\/\\\/webdesi-gn.fr\\\/dev_deltalabo\\\/wp-content\\\/uploads\\\/2025\\\/11\\\/DELTA-LABO-AVCount3-Skydrol.jpg\",\"contentUrl\":\"https:\\\/\\\/webdesi-gn.fr\\\/dev_deltalabo\\\/wp-content\\\/uploads\\\/2025\\\/11\\\/DELTA-LABO-AVCount3-Skydrol.jpg\",\"width\":782,\"height\":777},{\"@type\":\"BreadcrumbList\",\"@id\":\"https:\\\/\\\/webdesi-gn.fr\\\/dev_deltalabo\\\/produits\\\/petrochimie-chimie-nucleaire\\\/carbureacteurs-saf\\\/compteur-particulaire-laser-portable-stanhope-seta-modele-avcount-skydrol-ip-630-astm-d7619-astm-d975\\\/#breadcrumb\",\"itemListElement\":[{\"@type\":\"ListItem\",\"position\":1,\"name\":\"Accueil\",\"item\":\"https:\\\/\\\/webdesi-gn.fr\\\/dev_deltalabo\\\/\"},{\"@type\":\"ListItem\",\"position\":2,\"name\":\"Produits\",\"item\":\"https:\\\/\\\/webdesi-gn.fr\\\/dev_deltalabo\\\/produits\\\/\"},{\"@type\":\"ListItem\",\"position\":3,\"name\":\"Compteur particulaire LASER portable STANHOPE SETA &#8211; AvCount3 Skydrol SA1105-0 &#8211; ASTM D7647 &#8211; IP 565 &#8211; IP 630\"}]},{\"@type\":\"WebSite\",\"@id\":\"https:\\\/\\\/webdesi-gn.fr\\\/dev_deltalabo\\\/#website\",\"url\":\"https:\\\/\\\/webdesi-gn.fr\\\/dev_deltalabo\\\/\",\"name\":\"Delta Labo\",\"description\":\"Un site utilisant WordPress\",\"publisher\":{\"@id\":\"https:\\\/\\\/webdesi-gn.fr\\\/dev_deltalabo\\\/#organization\"},\"alternateName\":\"Delta Labo\",\"potentialAction\":[{\"@type\":\"SearchAction\",\"target\":{\"@type\":\"EntryPoint\",\"urlTemplate\":\"https:\\\/\\\/webdesi-gn.fr\\\/dev_deltalabo\\\/?s={search_term_string}\"},\"query-input\":{\"@type\":\"PropertyValueSpecification\",\"valueRequired\":true,\"valueName\":\"search_term_string\"}}],\"inLanguage\":\"fr-FR\"},{\"@type\":\"Organization\",\"@id\":\"https:\\\/\\\/webdesi-gn.fr\\\/dev_deltalabo\\\/#organization\",\"name\":\"DeltaLabo\",\"url\":\"https:\\\/\\\/webdesi-gn.fr\\\/dev_deltalabo\\\/\",\"logo\":{\"@type\":\"ImageObject\",\"inLanguage\":\"fr-FR\",\"@id\":\"https:\\\/\\\/webdesi-gn.fr\\\/dev_deltalabo\\\/#\\\/schema\\\/logo\\\/image\\\/\",\"url\":\"https:\\\/\\\/webdesi-gn.fr\\\/dev_deltalabo\\\/wp-content\\\/uploads\\\/2022\\\/07\\\/logo-deltalabo.png\",\"contentUrl\":\"https:\\\/\\\/webdesi-gn.fr\\\/dev_deltalabo\\\/wp-content\\\/uploads\\\/2022\\\/07\\\/logo-deltalabo.png\",\"width\":694,\"height\":306,\"caption\":\"DeltaLabo\"},\"image\":{\"@id\":\"https:\\\/\\\/webdesi-gn.fr\\\/dev_deltalabo\\\/#\\\/schema\\\/logo\\\/image\\\/\"}}]}<\/script>\n<!-- \/ Yoast SEO plugin. -->","yoast_head_json":{"title":"Compteur particulaire LASER portable STANHOPE SETA - AvCount3 Skydrol SA1105-0 - ASTM D7647 - IP 565 - IP 630 | DeltaLabo","robots":{"index":"noindex","follow":"follow","max-snippet":"max-snippet:-1","max-image-preview":"max-image-preview:large","max-video-preview":"max-video-preview:-1"},"og_locale":"fr_FR","og_type":"article","og_title":"Compteur particulaire LASER portable STANHOPE SETA - AvCount3 Skydrol SA1105-0 - ASTM D7647 - IP 565 - IP 630 | DeltaLabo","og_description":"Compteur particulaire LASER portable STANHOPE SETA AvCount3 Skydrol SA1105-0 :  Le nouveau compteur particulaire portable est conforme aux normes ASTM D975; ASTM 6786; ASTM D7619; ASTM 7647; IP 565; IP 630; DEF STAN 91-86; DEF STAN 91-091; ISO 4406; ISO 60970; NAS 1638; SAE 4059.  La norme IP 565 fait partie des sp\u00e9cifications de la DEF STAN 91-91 relatives aux Jets A1.  La norme IP 630 est incluse dans les derni\u00e8res sp\u00e9cifications EN 590-2025.  La norme ASTM D7619 fait partie des sp\u00e9cifications ASTM D975 relatives aux gazoles.  Le nouveau compteur particulaire AvCount3 Skydroll est sp\u00e9cialement d\u00e9di\u00e9 aux lubrifiants a\u00e9ronautiques.  Destin\u00e9 tout particuli\u00e8rement aux d\u00e9terminations particulaires dans les carbur\u00e9acteurs mais convient \u00e9galement \u00e0 tous les carburants et fluides hydrauliques.  Instrument portable, compact, autonome et enti\u00e8rement automatique : une mesure ne dure que quelques minutes. Il peut \u00eatre utilis\u00e9 \u00e9galement sur paillasse \u00e0 partir d'\u00e9chantillons conditionn\u00e9s en flacons.  T\u00e9l\u00e9charger la brochure produit : AvCount3 Skydrol SA1105-0\u00a0","og_url":"https:\/\/webdesi-gn.fr\/dev_deltalabo\/produits\/petrochimie-chimie-nucleaire\/carbureacteurs-saf\/compteur-particulaire-laser-portable-stanhope-seta-modele-avcount-skydrol-ip-630-astm-d7619-astm-d975\/","og_site_name":"DeltaLabo","article_modified_time":"2025-11-24T15:26:06+00:00","og_image":[{"width":782,"height":777,"url":"https:\/\/webdesi-gn.fr\/dev_deltalabo\/wp-content\/uploads\/2025\/11\/DELTA-LABO-AVCount3-Skydrol.jpg","type":"image\/jpeg"}],"twitter_card":"summary_large_image","twitter_misc":{"Dur\u00e9e de lecture estim\u00e9e":"1 minute"},"schema":{"@context":"https:\/\/schema.org","@graph":[{"@type":"WebPage","@id":"https:\/\/webdesi-gn.fr\/dev_deltalabo\/produits\/petrochimie-chimie-nucleaire\/carbureacteurs-saf\/compteur-particulaire-laser-portable-stanhope-seta-modele-avcount-skydrol-ip-630-astm-d7619-astm-d975\/","url":"https:\/\/webdesi-gn.fr\/dev_deltalabo\/produits\/petrochimie-chimie-nucleaire\/carbureacteurs-saf\/compteur-particulaire-laser-portable-stanhope-seta-modele-avcount-skydrol-ip-630-astm-d7619-astm-d975\/","name":"Compteur particulaire LASER portable STANHOPE SETA - AvCount3 Skydrol SA1105-0 - ASTM D7647 - IP 565 - IP 630 | DeltaLabo","isPartOf":{"@id":"https:\/\/webdesi-gn.fr\/dev_deltalabo\/#website"},"primaryImageOfPage":{"@id":"https:\/\/webdesi-gn.fr\/dev_deltalabo\/produits\/petrochimie-chimie-nucleaire\/carbureacteurs-saf\/compteur-particulaire-laser-portable-stanhope-seta-modele-avcount-skydrol-ip-630-astm-d7619-astm-d975\/#primaryimage"},"image":{"@id":"https:\/\/webdesi-gn.fr\/dev_deltalabo\/produits\/petrochimie-chimie-nucleaire\/carbureacteurs-saf\/compteur-particulaire-laser-portable-stanhope-seta-modele-avcount-skydrol-ip-630-astm-d7619-astm-d975\/#primaryimage"},"thumbnailUrl":"https:\/\/webdesi-gn.fr\/dev_deltalabo\/wp-content\/uploads\/2025\/11\/DELTA-LABO-AVCount3-Skydrol.jpg","datePublished":"2025-04-29T13:37:02+00:00","dateModified":"2025-11-24T15:26:06+00:00","breadcrumb":{"@id":"https:\/\/webdesi-gn.fr\/dev_deltalabo\/produits\/petrochimie-chimie-nucleaire\/carbureacteurs-saf\/compteur-particulaire-laser-portable-stanhope-seta-modele-avcount-skydrol-ip-630-astm-d7619-astm-d975\/#breadcrumb"},"inLanguage":"fr-FR","potentialAction":[{"@type":"ReadAction","target":["https:\/\/webdesi-gn.fr\/dev_deltalabo\/produits\/petrochimie-chimie-nucleaire\/carbureacteurs-saf\/compteur-particulaire-laser-portable-stanhope-seta-modele-avcount-skydrol-ip-630-astm-d7619-astm-d975\/"]}]},{"@type":"ImageObject","inLanguage":"fr-FR","@id":"https:\/\/webdesi-gn.fr\/dev_deltalabo\/produits\/petrochimie-chimie-nucleaire\/carbureacteurs-saf\/compteur-particulaire-laser-portable-stanhope-seta-modele-avcount-skydrol-ip-630-astm-d7619-astm-d975\/#primaryimage","url":"https:\/\/webdesi-gn.fr\/dev_deltalabo\/wp-content\/uploads\/2025\/11\/DELTA-LABO-AVCount3-Skydrol.jpg","contentUrl":"https:\/\/webdesi-gn.fr\/dev_deltalabo\/wp-content\/uploads\/2025\/11\/DELTA-LABO-AVCount3-Skydrol.jpg","width":782,"height":777},{"@type":"BreadcrumbList","@id":"https:\/\/webdesi-gn.fr\/dev_deltalabo\/produits\/petrochimie-chimie-nucleaire\/carbureacteurs-saf\/compteur-particulaire-laser-portable-stanhope-seta-modele-avcount-skydrol-ip-630-astm-d7619-astm-d975\/#breadcrumb","itemListElement":[{"@type":"ListItem","position":1,"name":"Accueil","item":"https:\/\/webdesi-gn.fr\/dev_deltalabo\/"},{"@type":"ListItem","position":2,"name":"Produits","item":"https:\/\/webdesi-gn.fr\/dev_deltalabo\/produits\/"},{"@type":"ListItem","position":3,"name":"Compteur particulaire LASER portable STANHOPE SETA &#8211; AvCount3 Skydrol SA1105-0 &#8211; ASTM D7647 &#8211; IP 565 &#8211; IP 630"}]},{"@type":"WebSite","@id":"https:\/\/webdesi-gn.fr\/dev_deltalabo\/#website","url":"https:\/\/webdesi-gn.fr\/dev_deltalabo\/","name":"Delta Labo","description":"Un site utilisant WordPress","publisher":{"@id":"https:\/\/webdesi-gn.fr\/dev_deltalabo\/#organization"},"alternateName":"Delta Labo","potentialAction":[{"@type":"SearchAction","target":{"@type":"EntryPoint","urlTemplate":"https:\/\/webdesi-gn.fr\/dev_deltalabo\/?s={search_term_string}"},"query-input":{"@type":"PropertyValueSpecification","valueRequired":true,"valueName":"search_term_string"}}],"inLanguage":"fr-FR"},{"@type":"Organization","@id":"https:\/\/webdesi-gn.fr\/dev_deltalabo\/#organization","name":"DeltaLabo","url":"https:\/\/webdesi-gn.fr\/dev_deltalabo\/","logo":{"@type":"ImageObject","inLanguage":"fr-FR","@id":"https:\/\/webdesi-gn.fr\/dev_deltalabo\/#\/schema\/logo\/image\/","url":"https:\/\/webdesi-gn.fr\/dev_deltalabo\/wp-content\/uploads\/2022\/07\/logo-deltalabo.png","contentUrl":"https:\/\/webdesi-gn.fr\/dev_deltalabo\/wp-content\/uploads\/2022\/07\/logo-deltalabo.png","width":694,"height":306,"caption":"DeltaLabo"},"image":{"@id":"https:\/\/webdesi-gn.fr\/dev_deltalabo\/#\/schema\/logo\/image\/"}}]}},"_links":{"self":[{"href":"https:\/\/webdesi-gn.fr\/dev_deltalabo\/wp-json\/wp\/v2\/product\/259915","targetHints":{"allow":["GET"]}}],"collection":[{"href":"https:\/\/webdesi-gn.fr\/dev_deltalabo\/wp-json\/wp\/v2\/product"}],"about":[{"href":"https:\/\/webdesi-gn.fr\/dev_deltalabo\/wp-json\/wp\/v2\/types\/product"}],"wp:featuredmedia":[{"embeddable":true,"href":"https:\/\/webdesi-gn.fr\/dev_deltalabo\/wp-json\/wp\/v2\/media\/262015"}],"wp:attachment":[{"href":"https:\/\/webdesi-gn.fr\/dev_deltalabo\/wp-json\/wp\/v2\/media?parent=259915"}],"wp:term":[{"taxonomy":"domaine","embeddable":true,"href":"https:\/\/webdesi-gn.fr\/dev_deltalabo\/wp-json\/wp\/v2\/domaine?post=259915"},{"taxonomy":"normes","embeddable":true,"href":"https:\/\/webdesi-gn.fr\/dev_deltalabo\/wp-json\/wp\/v2\/normes?post=259915"},{"taxonomy":"product_brand","embeddable":true,"href":"https:\/\/webdesi-gn.fr\/dev_deltalabo\/wp-json\/wp\/v2\/product_brand?post=259915"},{"taxonomy":"product_cat","embeddable":true,"href":"https:\/\/webdesi-gn.fr\/dev_deltalabo\/wp-json\/wp\/v2\/product_cat?post=259915"},{"taxonomy":"product_tag","embeddable":true,"href":"https:\/\/webdesi-gn.fr\/dev_deltalabo\/wp-json\/wp\/v2\/product_tag?post=259915"}],"curies":[{"name":"wp","href":"https:\/\/api.w.org\/{rel}","templated":true}]}}