{"id":259927,"date":"2025-04-30T09:42:12","date_gmt":"2025-04-30T07:42:12","guid":{"rendered":"https:\/\/webdesi-gn.fr\/dev_deltalabo\/?post_type=product&#038;p=259927"},"modified":"2025-11-24T13:41:28","modified_gmt":"2025-11-24T12:41:28","slug":"broyeur-cryogenique-cryo-blade-cg-900","status":"publish","type":"product","link":"https:\/\/webdesi-gn.fr\/dev_deltalabo\/produits\/categories\/broyeur-cryogenique-cryo-blade-cg-900\/","title":{"rendered":"Broyeur cryog\u00e9nique Cole-Parmer\u00ae &#8211; CG-900 Cryo-Blade"},"content":{"rendered":"","protected":false},"excerpt":{"rendered":"<p><strong>Broyeur cryog\u00e9nique Cole-Parmer\u00ae &#8211; CG-900 Cryo-Blade :<\/strong><\/p>\n<p class=\"tw-data-text tw-text-large tw-ta\" dir=\"ltr\" data-placeholder=\"Traduction\" data-ved=\"2ahUKEwj7mq-zo_-MAxWMTaQEHc2pJL8Q3ewLegQICBAV\" aria-label=\"Texte traduit\u00a0: Le Cryo-Blade est un broyeur \u00e0 couteaux cryog\u00e9nique automatique. Le Cryo-Blade utilise une lame rotative pour broyer des \u00e9chantillons qui ont \u00e9t\u00e9 congel\u00e9s cryog\u00e9niquement pour produire une poudre fine et homog\u00e8ne. En travaillant \u00e0 la cryog\u00e9nie temp\u00e9ratures, l'instrument\"><span class=\"Y2IQFc\" lang=\"fr\">Le Cryo-Blade est un broyeur \u00e0 couteaux cryog\u00e9nique automatique. Il utilise une lame rotative pour broyer des \u00e9chantillons et produit une poudre fine et homog\u00e8ne.<\/span><\/p>\n<p class=\"tw-data-text tw-text-large tw-ta\" dir=\"ltr\" data-placeholder=\"Traduction\" data-ved=\"2ahUKEwj7mq-zo_-MAxWMTaQEHc2pJL8Q3ewLegQICBAV\" aria-label=\"Texte traduit\u00a0: Le Cryo-Blade est un broyeur \u00e0 couteaux cryog\u00e9nique automatique. Le Cryo-Blade utilise une lame rotative pour broyer des \u00e9chantillons qui ont \u00e9t\u00e9 congel\u00e9s cryog\u00e9niquement pour produire une poudre fine et homog\u00e8ne. En travaillant \u00e0 la cryog\u00e9nie temp\u00e9ratures, l'instrument\"><span class=\"Y2IQFc\" lang=\"fr\">Il peut traiter <\/span><span class=\"Y2IQFc\" lang=\"fr\">jusqu&rsquo;\u00e0 1 kg d&rsquo;\u00e9chantillon en moins de 15 minutes: l&rsquo;efficacit\u00e9 \u00e0 haut d\u00e9bit !<\/span><\/p>\n<p class=\"tw-data-text tw-text-large tw-ta\" dir=\"ltr\" data-placeholder=\"Traduction\" data-ved=\"2ahUKEwj7mq-zo_-MAxWMTaQEHc2pJL8Q3ewLegQICBAV\" aria-label=\"Texte traduit\u00a0: Traitement automatis\u00e9 r\u00e9volutionnaire du vrac aux portions de test en 15 minutes ou moins Haut d\u00e9bit\u00a0: traite jusqu'\u00e0 1\u00a0kg d'\u00e9chantillon par analyse Efficace - terminez une m\u00e9thode en 15 minutes ou moins Polyvalence\u00a0: possibilit\u00e9 d'utiliser de l'azote liquide ou de la neige carbonique pour traiter votre \u00e9chantillon S\u00e9curit\u00e9\u00a0: la distribution automatis\u00e9e d'azote liquide \u00e9limine la manipulation et la manipulation de l'azote liquide (brevet en instance) Le Cryo-Blade\u2122 est un broyeur cryog\u00e9nique de tr\u00e8s haute capacit\u00e9 pour une capacit\u00e9 de broyage et de traitement allant jusqu'\u00e0 1 kg. L'homog\u00e9n\u00e9it\u00e9 de l'\u00e9chantillon est tr\u00e8s efficace. Seulement 1 g est n\u00e9cessaire comme \u00e9chantillon d\u2019essai repr\u00e9sentatif \u00e0 partir d\u2019un lot broy\u00e9 de 1 kg. La capacit\u00e9 \u00e0 haut d\u00e9bit fait gagner un temps pr\u00e9cieux \u00e0 votre laboratoire et r\u00e9pond aux r\u00e9glementations de la Food and Drug Administration (FDA). Le Cryo-Blade distribue automatiquement de l'azote liquide pour permettre \u00e0 l'\u00e9chantillon d'atteindre des temp\u00e9ratures cryog\u00e9niques, puis active une phase de broyage pour pulv\u00e9riser les \u00e9chantillons, ce qui permet d'obtenir une pr\u00e9paration d'\u00e9chantillon r\u00e9p\u00e9table et reproductible. Aucune manipulation d\u2019azote liquide n\u2019est requise. Lorsque l'azote liquide n'est pas souhait\u00e9 ou disponible, l'unit\u00e9 peut \u00eatre utilis\u00e9e avec de la neige carbonique pour obtenir les r\u00e9sultats souhait\u00e9s. Modes automatiques et programm\u00e9s disponibles. En mode automatique, les param\u00e8tres sont d\u00e9finis en fonction du volume de l'\u00e9chantillon. Le mode programm\u00e9 permet aux utilisateurs de sauvegarder jusqu'\u00e0 10 protocoles. L'interface intuitive comprend 12 langues.\"><span class=\"Y2IQFc\" lang=\"fr\">Le Cryo-Blade est aliment\u00e9 automatiquement en azote liquide : a<\/span><span class=\"Y2IQFc\" lang=\"fr\">ucune manipulation d\u2019azote liquide n\u2019est requise.<\/span><\/p>\n<p><strong>T\u00e9l\u00e9charger la brochure produit :<\/strong> <a href=\"https:\/\/www.deltalabo.fr\/wp-content\/uploads\/2025\/04\/CG-900-Cryo-Blade-Cryogenic-Grinder-DL-1.pdf\">Broyeur cryog\u00e9nique Cole-Parmer\u00ae &#8211; CG-900 Cryo-Blade<\/a><\/p>\n<p><strong>Visualiser l&rsquo;utilisation du produit :<\/strong> <a href=\"https:\/\/youtu.be\/bJ--LLQHLF0\">Broyeur cryog\u00e9nique Cole-Parmer\u00ae CG-900 Cryo-Blade<\/a><\/p>\n","protected":false},"featured_media":262007,"template":"","meta":{"_acf_changed":false,"site-sidebar-layout":"default","site-content-layout":"","ast-site-content-layout":"default","site-content-style":"default","site-sidebar-style":"default","ast-global-header-display":"","ast-banner-title-visibility":"","ast-main-header-display":"","ast-hfb-above-header-display":"","ast-hfb-below-header-display":"","ast-hfb-mobile-header-display":"","site-post-title":"","ast-breadcrumbs-content":"","ast-featured-img":"","footer-sml-layout":"","ast-disable-related-posts":"","theme-transparent-header-meta":"","adv-header-id-meta":"","stick-header-meta":"","header-above-stick-meta":"","header-main-stick-meta":"","header-below-stick-meta":"","astra-migrate-meta-layouts":"default","ast-page-background-enabled":"default","ast-page-background-meta":{"desktop":{"background-color":"var(--ast-global-color-5)","background-image":"","background-repeat":"repeat","background-position":"center center","background-size":"auto","background-attachment":"scroll","background-type":"","background-media":"","overlay-type":"","overlay-color":"","overlay-opacity":"","overlay-gradient":""},"tablet":{"background-color":"","background-image":"","background-repeat":"repeat","background-position":"center center","background-size":"auto","background-attachment":"scroll","background-type":"","background-media":"","overlay-type":"","overlay-color":"","overlay-opacity":"","overlay-gradient":""},"mobile":{"background-color":"","background-image":"","background-repeat":"repeat","background-position":"center center","background-size":"auto","background-attachment":"scroll","background-type":"","background-media":"","overlay-type":"","overlay-color":"","overlay-opacity":"","overlay-gradient":""}},"ast-content-background-meta":{"desktop":{"background-color":"var(--ast-global-color-4)","background-image":"","background-repeat":"repeat","background-position":"center center","background-size":"auto","background-attachment":"scroll","background-type":"","background-media":"","overlay-type":"","overlay-color":"","overlay-opacity":"","overlay-gradient":""},"tablet":{"background-color":"var(--ast-global-color-4)","background-image":"","background-repeat":"repeat","background-position":"center center","background-size":"auto","background-attachment":"scroll","background-type":"","background-media":"","overlay-type":"","overlay-color":"","overlay-opacity":"","overlay-gradient":""},"mobile":{"background-color":"var(--ast-global-color-4)","background-image":"","background-repeat":"repeat","background-position":"center center","background-size":"auto","background-attachment":"scroll","background-type":"","background-media":"","overlay-type":"","overlay-color":"","overlay-opacity":"","overlay-gradient":""}}},"domaine":[17185,17186],"normes":[],"product_brand":[],"product_cat":[17240],"product_tag":[],"class_list":{"0":"post-259927","1":"product","2":"type-product","3":"status-publish","4":"has-post-thumbnail","6":"domaine-preparation-echantillons","7":"domaine-recherche-et-developpement","8":"product_cat-categories","9":"desktop-align-left","10":"tablet-align-left","11":"mobile-align-left","13":"first","14":"instock","15":"shipping-taxable","16":"product-type-simple"},"acf":[],"yoast_head":"<!-- This site is optimized with the Yoast SEO plugin v27.4 - https:\/\/yoast.com\/product\/yoast-seo-wordpress\/ -->\n<title>Broyeur cryog\u00e9nique Cole-Parmer\u00ae - CG-900 Cryo-Blade | DeltaLabo<\/title>\n<meta name=\"robots\" content=\"noindex, follow, max-snippet:-1, max-image-preview:large, max-video-preview:-1\" \/>\n<meta property=\"og:locale\" content=\"fr_FR\" \/>\n<meta property=\"og:type\" content=\"article\" \/>\n<meta property=\"og:title\" content=\"Broyeur cryog\u00e9nique Cole-Parmer\u00ae - CG-900 Cryo-Blade | DeltaLabo\" \/>\n<meta property=\"og:description\" content=\"Broyeur cryog\u00e9nique Cole-Parmer\u00ae - CG-900 Cryo-Blade : Le Cryo-Blade est un broyeur \u00e0 couteaux cryog\u00e9nique automatique. Il utilise une lame rotative pour broyer des \u00e9chantillons et produit une poudre fine et homog\u00e8ne. Il peut traiter jusqu&#039;\u00e0 1 kg d&#039;\u00e9chantillon en moins de 15 minutes: l&#039;efficacit\u00e9 \u00e0 haut d\u00e9bit ! Le Cryo-Blade est aliment\u00e9 automatiquement en azote liquide : aucune manipulation d\u2019azote liquide n\u2019est requise. T\u00e9l\u00e9charger la brochure produit : Broyeur cryog\u00e9nique Cole-Parmer\u00ae - CG-900 Cryo-Blade  Visualiser l&#039;utilisation du produit : Broyeur cryog\u00e9nique Cole-Parmer\u00ae CG-900 Cryo-Blade\" \/>\n<meta property=\"og:url\" content=\"https:\/\/webdesi-gn.fr\/dev_deltalabo\/produits\/biotechnologies\/broyeur-cryogenique-cryo-blade-cg-900\/\" \/>\n<meta property=\"og:site_name\" content=\"DeltaLabo\" \/>\n<meta property=\"article:modified_time\" content=\"2025-11-24T12:41:28+00:00\" \/>\n<meta property=\"og:image\" content=\"https:\/\/webdesi-gn.fr\/dev_deltalabo\/wp-content\/uploads\/2025\/04\/DELTA-LABO-Cryo-Blade-CG-900.jpg\" \/>\n\t<meta property=\"og:image:width\" content=\"478\" \/>\n\t<meta property=\"og:image:height\" content=\"571\" \/>\n\t<meta property=\"og:image:type\" content=\"image\/jpeg\" \/>\n<meta name=\"twitter:card\" content=\"summary_large_image\" \/>\n<meta name=\"twitter:label1\" content=\"Dur\u00e9e de lecture estim\u00e9e\" \/>\n\t<meta name=\"twitter:data1\" content=\"1 minute\" \/>\n<script type=\"application\/ld+json\" class=\"yoast-schema-graph\">{\"@context\":\"https:\\\/\\\/schema.org\",\"@graph\":[{\"@type\":\"WebPage\",\"@id\":\"https:\\\/\\\/webdesi-gn.fr\\\/dev_deltalabo\\\/produits\\\/biotechnologies\\\/broyeur-cryogenique-cryo-blade-cg-900\\\/\",\"url\":\"https:\\\/\\\/webdesi-gn.fr\\\/dev_deltalabo\\\/produits\\\/biotechnologies\\\/broyeur-cryogenique-cryo-blade-cg-900\\\/\",\"name\":\"Broyeur cryog\u00e9nique Cole-Parmer\u00ae - CG-900 Cryo-Blade | DeltaLabo\",\"isPartOf\":{\"@id\":\"https:\\\/\\\/webdesi-gn.fr\\\/dev_deltalabo\\\/#website\"},\"primaryImageOfPage\":{\"@id\":\"https:\\\/\\\/webdesi-gn.fr\\\/dev_deltalabo\\\/produits\\\/biotechnologies\\\/broyeur-cryogenique-cryo-blade-cg-900\\\/#primaryimage\"},\"image\":{\"@id\":\"https:\\\/\\\/webdesi-gn.fr\\\/dev_deltalabo\\\/produits\\\/biotechnologies\\\/broyeur-cryogenique-cryo-blade-cg-900\\\/#primaryimage\"},\"thumbnailUrl\":\"https:\\\/\\\/webdesi-gn.fr\\\/dev_deltalabo\\\/wp-content\\\/uploads\\\/2025\\\/11\\\/DELTA-LABO-Cryo-Blade-CG-900.jpg\",\"datePublished\":\"2025-04-30T07:42:12+00:00\",\"dateModified\":\"2025-11-24T12:41:28+00:00\",\"breadcrumb\":{\"@id\":\"https:\\\/\\\/webdesi-gn.fr\\\/dev_deltalabo\\\/produits\\\/biotechnologies\\\/broyeur-cryogenique-cryo-blade-cg-900\\\/#breadcrumb\"},\"inLanguage\":\"fr-FR\",\"potentialAction\":[{\"@type\":\"ReadAction\",\"target\":[\"https:\\\/\\\/webdesi-gn.fr\\\/dev_deltalabo\\\/produits\\\/biotechnologies\\\/broyeur-cryogenique-cryo-blade-cg-900\\\/\"]}]},{\"@type\":\"ImageObject\",\"inLanguage\":\"fr-FR\",\"@id\":\"https:\\\/\\\/webdesi-gn.fr\\\/dev_deltalabo\\\/produits\\\/biotechnologies\\\/broyeur-cryogenique-cryo-blade-cg-900\\\/#primaryimage\",\"url\":\"https:\\\/\\\/webdesi-gn.fr\\\/dev_deltalabo\\\/wp-content\\\/uploads\\\/2025\\\/11\\\/DELTA-LABO-Cryo-Blade-CG-900.jpg\",\"contentUrl\":\"https:\\\/\\\/webdesi-gn.fr\\\/dev_deltalabo\\\/wp-content\\\/uploads\\\/2025\\\/11\\\/DELTA-LABO-Cryo-Blade-CG-900.jpg\",\"width\":478,\"height\":571},{\"@type\":\"BreadcrumbList\",\"@id\":\"https:\\\/\\\/webdesi-gn.fr\\\/dev_deltalabo\\\/produits\\\/biotechnologies\\\/broyeur-cryogenique-cryo-blade-cg-900\\\/#breadcrumb\",\"itemListElement\":[{\"@type\":\"ListItem\",\"position\":1,\"name\":\"Accueil\",\"item\":\"https:\\\/\\\/webdesi-gn.fr\\\/dev_deltalabo\\\/\"},{\"@type\":\"ListItem\",\"position\":2,\"name\":\"Produits\",\"item\":\"https:\\\/\\\/webdesi-gn.fr\\\/dev_deltalabo\\\/produits\\\/\"},{\"@type\":\"ListItem\",\"position\":3,\"name\":\"Broyeur cryog\u00e9nique Cole-Parmer\u00ae &#8211; CG-900 Cryo-Blade\"}]},{\"@type\":\"WebSite\",\"@id\":\"https:\\\/\\\/webdesi-gn.fr\\\/dev_deltalabo\\\/#website\",\"url\":\"https:\\\/\\\/webdesi-gn.fr\\\/dev_deltalabo\\\/\",\"name\":\"Delta Labo\",\"description\":\"Un site utilisant WordPress\",\"publisher\":{\"@id\":\"https:\\\/\\\/webdesi-gn.fr\\\/dev_deltalabo\\\/#organization\"},\"alternateName\":\"Delta Labo\",\"potentialAction\":[{\"@type\":\"SearchAction\",\"target\":{\"@type\":\"EntryPoint\",\"urlTemplate\":\"https:\\\/\\\/webdesi-gn.fr\\\/dev_deltalabo\\\/?s={search_term_string}\"},\"query-input\":{\"@type\":\"PropertyValueSpecification\",\"valueRequired\":true,\"valueName\":\"search_term_string\"}}],\"inLanguage\":\"fr-FR\"},{\"@type\":\"Organization\",\"@id\":\"https:\\\/\\\/webdesi-gn.fr\\\/dev_deltalabo\\\/#organization\",\"name\":\"DeltaLabo\",\"url\":\"https:\\\/\\\/webdesi-gn.fr\\\/dev_deltalabo\\\/\",\"logo\":{\"@type\":\"ImageObject\",\"inLanguage\":\"fr-FR\",\"@id\":\"https:\\\/\\\/webdesi-gn.fr\\\/dev_deltalabo\\\/#\\\/schema\\\/logo\\\/image\\\/\",\"url\":\"https:\\\/\\\/webdesi-gn.fr\\\/dev_deltalabo\\\/wp-content\\\/uploads\\\/2022\\\/07\\\/logo-deltalabo.png\",\"contentUrl\":\"https:\\\/\\\/webdesi-gn.fr\\\/dev_deltalabo\\\/wp-content\\\/uploads\\\/2022\\\/07\\\/logo-deltalabo.png\",\"width\":694,\"height\":306,\"caption\":\"DeltaLabo\"},\"image\":{\"@id\":\"https:\\\/\\\/webdesi-gn.fr\\\/dev_deltalabo\\\/#\\\/schema\\\/logo\\\/image\\\/\"}}]}<\/script>\n<!-- \/ Yoast SEO plugin. -->","yoast_head_json":{"title":"Broyeur cryog\u00e9nique Cole-Parmer\u00ae - CG-900 Cryo-Blade | DeltaLabo","robots":{"index":"noindex","follow":"follow","max-snippet":"max-snippet:-1","max-image-preview":"max-image-preview:large","max-video-preview":"max-video-preview:-1"},"og_locale":"fr_FR","og_type":"article","og_title":"Broyeur cryog\u00e9nique Cole-Parmer\u00ae - CG-900 Cryo-Blade | DeltaLabo","og_description":"Broyeur cryog\u00e9nique Cole-Parmer\u00ae - CG-900 Cryo-Blade : Le Cryo-Blade est un broyeur \u00e0 couteaux cryog\u00e9nique automatique. Il utilise une lame rotative pour broyer des \u00e9chantillons et produit une poudre fine et homog\u00e8ne. Il peut traiter jusqu'\u00e0 1 kg d'\u00e9chantillon en moins de 15 minutes: l'efficacit\u00e9 \u00e0 haut d\u00e9bit ! Le Cryo-Blade est aliment\u00e9 automatiquement en azote liquide : aucune manipulation d\u2019azote liquide n\u2019est requise. T\u00e9l\u00e9charger la brochure produit : Broyeur cryog\u00e9nique Cole-Parmer\u00ae - CG-900 Cryo-Blade  Visualiser l'utilisation du produit : Broyeur cryog\u00e9nique Cole-Parmer\u00ae CG-900 Cryo-Blade","og_url":"https:\/\/webdesi-gn.fr\/dev_deltalabo\/produits\/biotechnologies\/broyeur-cryogenique-cryo-blade-cg-900\/","og_site_name":"DeltaLabo","article_modified_time":"2025-11-24T12:41:28+00:00","og_image":[{"width":478,"height":571,"url":"https:\/\/webdesi-gn.fr\/dev_deltalabo\/wp-content\/uploads\/2025\/04\/DELTA-LABO-Cryo-Blade-CG-900.jpg","type":"image\/jpeg"}],"twitter_card":"summary_large_image","twitter_misc":{"Dur\u00e9e de lecture estim\u00e9e":"1 minute"},"schema":{"@context":"https:\/\/schema.org","@graph":[{"@type":"WebPage","@id":"https:\/\/webdesi-gn.fr\/dev_deltalabo\/produits\/biotechnologies\/broyeur-cryogenique-cryo-blade-cg-900\/","url":"https:\/\/webdesi-gn.fr\/dev_deltalabo\/produits\/biotechnologies\/broyeur-cryogenique-cryo-blade-cg-900\/","name":"Broyeur cryog\u00e9nique Cole-Parmer\u00ae - CG-900 Cryo-Blade | DeltaLabo","isPartOf":{"@id":"https:\/\/webdesi-gn.fr\/dev_deltalabo\/#website"},"primaryImageOfPage":{"@id":"https:\/\/webdesi-gn.fr\/dev_deltalabo\/produits\/biotechnologies\/broyeur-cryogenique-cryo-blade-cg-900\/#primaryimage"},"image":{"@id":"https:\/\/webdesi-gn.fr\/dev_deltalabo\/produits\/biotechnologies\/broyeur-cryogenique-cryo-blade-cg-900\/#primaryimage"},"thumbnailUrl":"https:\/\/webdesi-gn.fr\/dev_deltalabo\/wp-content\/uploads\/2025\/11\/DELTA-LABO-Cryo-Blade-CG-900.jpg","datePublished":"2025-04-30T07:42:12+00:00","dateModified":"2025-11-24T12:41:28+00:00","breadcrumb":{"@id":"https:\/\/webdesi-gn.fr\/dev_deltalabo\/produits\/biotechnologies\/broyeur-cryogenique-cryo-blade-cg-900\/#breadcrumb"},"inLanguage":"fr-FR","potentialAction":[{"@type":"ReadAction","target":["https:\/\/webdesi-gn.fr\/dev_deltalabo\/produits\/biotechnologies\/broyeur-cryogenique-cryo-blade-cg-900\/"]}]},{"@type":"ImageObject","inLanguage":"fr-FR","@id":"https:\/\/webdesi-gn.fr\/dev_deltalabo\/produits\/biotechnologies\/broyeur-cryogenique-cryo-blade-cg-900\/#primaryimage","url":"https:\/\/webdesi-gn.fr\/dev_deltalabo\/wp-content\/uploads\/2025\/11\/DELTA-LABO-Cryo-Blade-CG-900.jpg","contentUrl":"https:\/\/webdesi-gn.fr\/dev_deltalabo\/wp-content\/uploads\/2025\/11\/DELTA-LABO-Cryo-Blade-CG-900.jpg","width":478,"height":571},{"@type":"BreadcrumbList","@id":"https:\/\/webdesi-gn.fr\/dev_deltalabo\/produits\/biotechnologies\/broyeur-cryogenique-cryo-blade-cg-900\/#breadcrumb","itemListElement":[{"@type":"ListItem","position":1,"name":"Accueil","item":"https:\/\/webdesi-gn.fr\/dev_deltalabo\/"},{"@type":"ListItem","position":2,"name":"Produits","item":"https:\/\/webdesi-gn.fr\/dev_deltalabo\/produits\/"},{"@type":"ListItem","position":3,"name":"Broyeur cryog\u00e9nique Cole-Parmer\u00ae &#8211; CG-900 Cryo-Blade"}]},{"@type":"WebSite","@id":"https:\/\/webdesi-gn.fr\/dev_deltalabo\/#website","url":"https:\/\/webdesi-gn.fr\/dev_deltalabo\/","name":"Delta Labo","description":"Un site utilisant WordPress","publisher":{"@id":"https:\/\/webdesi-gn.fr\/dev_deltalabo\/#organization"},"alternateName":"Delta Labo","potentialAction":[{"@type":"SearchAction","target":{"@type":"EntryPoint","urlTemplate":"https:\/\/webdesi-gn.fr\/dev_deltalabo\/?s={search_term_string}"},"query-input":{"@type":"PropertyValueSpecification","valueRequired":true,"valueName":"search_term_string"}}],"inLanguage":"fr-FR"},{"@type":"Organization","@id":"https:\/\/webdesi-gn.fr\/dev_deltalabo\/#organization","name":"DeltaLabo","url":"https:\/\/webdesi-gn.fr\/dev_deltalabo\/","logo":{"@type":"ImageObject","inLanguage":"fr-FR","@id":"https:\/\/webdesi-gn.fr\/dev_deltalabo\/#\/schema\/logo\/image\/","url":"https:\/\/webdesi-gn.fr\/dev_deltalabo\/wp-content\/uploads\/2022\/07\/logo-deltalabo.png","contentUrl":"https:\/\/webdesi-gn.fr\/dev_deltalabo\/wp-content\/uploads\/2022\/07\/logo-deltalabo.png","width":694,"height":306,"caption":"DeltaLabo"},"image":{"@id":"https:\/\/webdesi-gn.fr\/dev_deltalabo\/#\/schema\/logo\/image\/"}}]}},"_links":{"self":[{"href":"https:\/\/webdesi-gn.fr\/dev_deltalabo\/wp-json\/wp\/v2\/product\/259927","targetHints":{"allow":["GET"]}}],"collection":[{"href":"https:\/\/webdesi-gn.fr\/dev_deltalabo\/wp-json\/wp\/v2\/product"}],"about":[{"href":"https:\/\/webdesi-gn.fr\/dev_deltalabo\/wp-json\/wp\/v2\/types\/product"}],"wp:featuredmedia":[{"embeddable":true,"href":"https:\/\/webdesi-gn.fr\/dev_deltalabo\/wp-json\/wp\/v2\/media\/262007"}],"wp:attachment":[{"href":"https:\/\/webdesi-gn.fr\/dev_deltalabo\/wp-json\/wp\/v2\/media?parent=259927"}],"wp:term":[{"taxonomy":"domaine","embeddable":true,"href":"https:\/\/webdesi-gn.fr\/dev_deltalabo\/wp-json\/wp\/v2\/domaine?post=259927"},{"taxonomy":"normes","embeddable":true,"href":"https:\/\/webdesi-gn.fr\/dev_deltalabo\/wp-json\/wp\/v2\/normes?post=259927"},{"taxonomy":"product_brand","embeddable":true,"href":"https:\/\/webdesi-gn.fr\/dev_deltalabo\/wp-json\/wp\/v2\/product_brand?post=259927"},{"taxonomy":"product_cat","embeddable":true,"href":"https:\/\/webdesi-gn.fr\/dev_deltalabo\/wp-json\/wp\/v2\/product_cat?post=259927"},{"taxonomy":"product_tag","embeddable":true,"href":"https:\/\/webdesi-gn.fr\/dev_deltalabo\/wp-json\/wp\/v2\/product_tag?post=259927"}],"curies":[{"name":"wp","href":"https:\/\/api.w.org\/{rel}","templated":true}]}}