{"id":260003,"date":"2025-05-12T15:51:26","date_gmt":"2025-05-12T13:51:26","guid":{"rendered":"https:\/\/webdesi-gn.fr\/dev_deltalabo\/?post_type=product&#038;p=260003"},"modified":"2025-11-24T13:41:27","modified_gmt":"2025-11-24T12:41:27","slug":"point-decoulement-point-de-trouble-automatique-scavini-ppplus-astm-d97-ip-15-iso-3016-le-bon","status":"publish","type":"product","link":"https:\/\/webdesi-gn.fr\/dev_deltalabo\/produits\/cat-produit\/point-decoulement-point-de-trouble-automatique-scavini-ppplus-astm-d97-ip-15-iso-3016-le-bon\/","title":{"rendered":"Point d&rsquo;\u00e9coulement automatique SCAVINI PPPlus &#8211; ASTM D97 &#8211; IP 15 &#8211; ISO 3016"},"content":{"rendered":"","protected":false},"excerpt":{"rendered":"<p><strong>Appareil automatique point d&rsquo;\u00e9coulement SCAVINI PPPlus :<\/strong><\/p>\n<p>L&rsquo;appareil automatique de point d&rsquo;\u00e9coulement (Pour Point) Scavini PPPlus est bas\u00e9 sur le principe de la \u00ab\u00a0tilt method\u00a0\u00bb (inclinaison).<br \/>\nIl est rigoureusement conforme aux normes ASTM D97, IP 15, ISO 3015.<\/p>\n<p>L&rsquo;instrument PPPlus comprend un bloc chauffant et refroidissant int\u00e9gr\u00e9 \u00e0 une position pour des mesures de +60 \u00e0 -120\u00b0C (suivant les mod\u00e8les).<\/p>\n<p>Un large \u00e9cran graphique tactile facilite la programmation et le suivi de l&rsquo;essai.<br \/>\nEn outre, il est possible de sauvegarder les mesures sur une cl\u00e9 USB et\/ou de les exporter par le port Ethernet<\/p>\n<p><strong>T\u00e9l\u00e9charger la brochure produit :<\/strong> <a href=\"https:\/\/www.deltalabo.fr\/wp-content\/uploads\/2025\/03\/Doc-Point-decoulement-et-de-trouble-automatique-Scavini-eng-DL.pdf\">Point d&rsquo;\u00e9coulement automatique Scavini PPPlus<\/a><\/p>\n","protected":false},"featured_media":262006,"template":"","meta":{"_acf_changed":false,"site-sidebar-layout":"default","site-content-layout":"","ast-site-content-layout":"default","site-content-style":"default","site-sidebar-style":"default","ast-global-header-display":"","ast-banner-title-visibility":"","ast-main-header-display":"","ast-hfb-above-header-display":"","ast-hfb-below-header-display":"","ast-hfb-mobile-header-display":"","site-post-title":"","ast-breadcrumbs-content":"","ast-featured-img":"","footer-sml-layout":"","ast-disable-related-posts":"","theme-transparent-header-meta":"","adv-header-id-meta":"","stick-header-meta":"","header-above-stick-meta":"","header-main-stick-meta":"","header-below-stick-meta":"","astra-migrate-meta-layouts":"default","ast-page-background-enabled":"default","ast-page-background-meta":{"desktop":{"background-color":"var(--ast-global-color-5)","background-image":"","background-repeat":"repeat","background-position":"center center","background-size":"auto","background-attachment":"scroll","background-type":"","background-media":"","overlay-type":"","overlay-color":"","overlay-opacity":"","overlay-gradient":""},"tablet":{"background-color":"","background-image":"","background-repeat":"repeat","background-position":"center center","background-size":"auto","background-attachment":"scroll","background-type":"","background-media":"","overlay-type":"","overlay-color":"","overlay-opacity":"","overlay-gradient":""},"mobile":{"background-color":"","background-image":"","background-repeat":"repeat","background-position":"center center","background-size":"auto","background-attachment":"scroll","background-type":"","background-media":"","overlay-type":"","overlay-color":"","overlay-opacity":"","overlay-gradient":""}},"ast-content-background-meta":{"desktop":{"background-color":"var(--ast-global-color-4)","background-image":"","background-repeat":"repeat","background-position":"center center","background-size":"auto","background-attachment":"scroll","background-type":"","background-media":"","overlay-type":"","overlay-color":"","overlay-opacity":"","overlay-gradient":""},"tablet":{"background-color":"var(--ast-global-color-4)","background-image":"","background-repeat":"repeat","background-position":"center center","background-size":"auto","background-attachment":"scroll","background-type":"","background-media":"","overlay-type":"","overlay-color":"","overlay-opacity":"","overlay-gradient":""},"mobile":{"background-color":"var(--ast-global-color-4)","background-image":"","background-repeat":"repeat","background-position":"center center","background-size":"auto","background-attachment":"scroll","background-type":"","background-media":"","overlay-type":"","overlay-color":"","overlay-opacity":"","overlay-gradient":""}}},"domaine":[],"normes":[3400,17135,17175,17107],"product_brand":[],"product_cat":[15],"product_tag":[],"class_list":{"0":"post-260003","1":"product","2":"type-product","3":"status-publish","4":"has-post-thumbnail","6":"normes-d97","7":"normes-din-51562","8":"normes-ip-15","9":"normes-iso-3016","10":"product_cat-cat-produit","11":"desktop-align-left","12":"tablet-align-left","13":"mobile-align-left","15":"first","16":"instock","17":"shipping-taxable","18":"purchasable","19":"product-type-simple"},"acf":[],"yoast_head":"<!-- This site is optimized with the Yoast SEO plugin v27.4 - https:\/\/yoast.com\/product\/yoast-seo-wordpress\/ -->\n<title>Point d&#039;\u00e9coulement automatique SCAVINI PPPlus - ASTM D97 - IP 15 - ISO 3016 | DeltaLabo<\/title>\n<meta name=\"robots\" content=\"noindex, follow, max-snippet:-1, max-image-preview:large, max-video-preview:-1\" \/>\n<meta property=\"og:locale\" content=\"fr_FR\" \/>\n<meta property=\"og:type\" content=\"article\" \/>\n<meta property=\"og:title\" content=\"Point d&#039;\u00e9coulement automatique SCAVINI PPPlus - ASTM D97 - IP 15 - ISO 3016 | DeltaLabo\" \/>\n<meta property=\"og:description\" content=\"Appareil automatique point d&#039;\u00e9coulement SCAVINI PPPlus :  L&#039;appareil automatique de point d&#039;\u00e9coulement (Pour Point) Scavini PPPlus est bas\u00e9 sur le principe de la &quot;tilt method&quot; (inclinaison). Il est rigoureusement conforme aux normes ASTM D97, IP 15, ISO 3015.  L&#039;instrument PPPlus comprend un bloc chauffant et refroidissant int\u00e9gr\u00e9 \u00e0 une position pour des mesures de +60 \u00e0 -120\u00b0C (suivant les mod\u00e8les).  Un large \u00e9cran graphique tactile facilite la programmation et le suivi de l&#039;essai. En outre, il est possible de sauvegarder les mesures sur une cl\u00e9 USB et\/ou de les exporter par le port Ethernet  T\u00e9l\u00e9charger la brochure produit : Point d&#039;\u00e9coulement automatique Scavini PPPlus\" \/>\n<meta property=\"og:url\" content=\"https:\/\/webdesi-gn.fr\/dev_deltalabo\/produits\/cat-produit\/point-decoulement-point-de-trouble-automatique-scavini-ppplus-astm-d97-ip-15-iso-3016-le-bon\/\" \/>\n<meta property=\"og:site_name\" content=\"DeltaLabo\" \/>\n<meta property=\"article:modified_time\" content=\"2025-11-24T12:41:27+00:00\" \/>\n<meta property=\"og:image\" content=\"https:\/\/webdesi-gn.fr\/dev_deltalabo\/wp-content\/uploads\/2024\/02\/DELTA-LABO-Point-decoulement-point-de-trouble-Scavini-CPPP-1.jpg\" \/>\n\t<meta property=\"og:image:width\" content=\"792\" \/>\n\t<meta property=\"og:image:height\" content=\"791\" \/>\n\t<meta property=\"og:image:type\" content=\"image\/jpeg\" \/>\n<meta name=\"twitter:card\" content=\"summary_large_image\" \/>\n<meta name=\"twitter:label1\" content=\"Dur\u00e9e de lecture estim\u00e9e\" \/>\n\t<meta name=\"twitter:data1\" content=\"1 minute\" \/>\n<script type=\"application\/ld+json\" class=\"yoast-schema-graph\">{\"@context\":\"https:\\\/\\\/schema.org\",\"@graph\":[{\"@type\":\"WebPage\",\"@id\":\"https:\\\/\\\/webdesi-gn.fr\\\/dev_deltalabo\\\/produits\\\/cat-produit\\\/point-decoulement-point-de-trouble-automatique-scavini-ppplus-astm-d97-ip-15-iso-3016-le-bon\\\/\",\"url\":\"https:\\\/\\\/webdesi-gn.fr\\\/dev_deltalabo\\\/produits\\\/cat-produit\\\/point-decoulement-point-de-trouble-automatique-scavini-ppplus-astm-d97-ip-15-iso-3016-le-bon\\\/\",\"name\":\"Point d'\u00e9coulement automatique SCAVINI PPPlus - ASTM D97 - IP 15 - ISO 3016 | DeltaLabo\",\"isPartOf\":{\"@id\":\"https:\\\/\\\/webdesi-gn.fr\\\/dev_deltalabo\\\/#website\"},\"primaryImageOfPage\":{\"@id\":\"https:\\\/\\\/webdesi-gn.fr\\\/dev_deltalabo\\\/produits\\\/cat-produit\\\/point-decoulement-point-de-trouble-automatique-scavini-ppplus-astm-d97-ip-15-iso-3016-le-bon\\\/#primaryimage\"},\"image\":{\"@id\":\"https:\\\/\\\/webdesi-gn.fr\\\/dev_deltalabo\\\/produits\\\/cat-produit\\\/point-decoulement-point-de-trouble-automatique-scavini-ppplus-astm-d97-ip-15-iso-3016-le-bon\\\/#primaryimage\"},\"thumbnailUrl\":\"https:\\\/\\\/webdesi-gn.fr\\\/dev_deltalabo\\\/wp-content\\\/uploads\\\/2025\\\/11\\\/DELTA-LABO-Point-decoulement-point-de-trouble-Scavini-CPPP-1.jpg\",\"datePublished\":\"2025-05-12T13:51:26+00:00\",\"dateModified\":\"2025-11-24T12:41:27+00:00\",\"breadcrumb\":{\"@id\":\"https:\\\/\\\/webdesi-gn.fr\\\/dev_deltalabo\\\/produits\\\/cat-produit\\\/point-decoulement-point-de-trouble-automatique-scavini-ppplus-astm-d97-ip-15-iso-3016-le-bon\\\/#breadcrumb\"},\"inLanguage\":\"fr-FR\",\"potentialAction\":[{\"@type\":\"ReadAction\",\"target\":[\"https:\\\/\\\/webdesi-gn.fr\\\/dev_deltalabo\\\/produits\\\/cat-produit\\\/point-decoulement-point-de-trouble-automatique-scavini-ppplus-astm-d97-ip-15-iso-3016-le-bon\\\/\"]}]},{\"@type\":\"ImageObject\",\"inLanguage\":\"fr-FR\",\"@id\":\"https:\\\/\\\/webdesi-gn.fr\\\/dev_deltalabo\\\/produits\\\/cat-produit\\\/point-decoulement-point-de-trouble-automatique-scavini-ppplus-astm-d97-ip-15-iso-3016-le-bon\\\/#primaryimage\",\"url\":\"https:\\\/\\\/webdesi-gn.fr\\\/dev_deltalabo\\\/wp-content\\\/uploads\\\/2025\\\/11\\\/DELTA-LABO-Point-decoulement-point-de-trouble-Scavini-CPPP-1.jpg\",\"contentUrl\":\"https:\\\/\\\/webdesi-gn.fr\\\/dev_deltalabo\\\/wp-content\\\/uploads\\\/2025\\\/11\\\/DELTA-LABO-Point-decoulement-point-de-trouble-Scavini-CPPP-1.jpg\",\"width\":792,\"height\":791},{\"@type\":\"BreadcrumbList\",\"@id\":\"https:\\\/\\\/webdesi-gn.fr\\\/dev_deltalabo\\\/produits\\\/cat-produit\\\/point-decoulement-point-de-trouble-automatique-scavini-ppplus-astm-d97-ip-15-iso-3016-le-bon\\\/#breadcrumb\",\"itemListElement\":[{\"@type\":\"ListItem\",\"position\":1,\"name\":\"Accueil\",\"item\":\"https:\\\/\\\/webdesi-gn.fr\\\/dev_deltalabo\\\/\"},{\"@type\":\"ListItem\",\"position\":2,\"name\":\"Produits\",\"item\":\"https:\\\/\\\/webdesi-gn.fr\\\/dev_deltalabo\\\/produits\\\/\"},{\"@type\":\"ListItem\",\"position\":3,\"name\":\"Point d&rsquo;\u00e9coulement automatique SCAVINI PPPlus &#8211; ASTM D97 &#8211; IP 15 &#8211; ISO 3016\"}]},{\"@type\":\"WebSite\",\"@id\":\"https:\\\/\\\/webdesi-gn.fr\\\/dev_deltalabo\\\/#website\",\"url\":\"https:\\\/\\\/webdesi-gn.fr\\\/dev_deltalabo\\\/\",\"name\":\"Delta Labo\",\"description\":\"Un site utilisant WordPress\",\"publisher\":{\"@id\":\"https:\\\/\\\/webdesi-gn.fr\\\/dev_deltalabo\\\/#organization\"},\"alternateName\":\"Delta Labo\",\"potentialAction\":[{\"@type\":\"SearchAction\",\"target\":{\"@type\":\"EntryPoint\",\"urlTemplate\":\"https:\\\/\\\/webdesi-gn.fr\\\/dev_deltalabo\\\/?s={search_term_string}\"},\"query-input\":{\"@type\":\"PropertyValueSpecification\",\"valueRequired\":true,\"valueName\":\"search_term_string\"}}],\"inLanguage\":\"fr-FR\"},{\"@type\":\"Organization\",\"@id\":\"https:\\\/\\\/webdesi-gn.fr\\\/dev_deltalabo\\\/#organization\",\"name\":\"DeltaLabo\",\"url\":\"https:\\\/\\\/webdesi-gn.fr\\\/dev_deltalabo\\\/\",\"logo\":{\"@type\":\"ImageObject\",\"inLanguage\":\"fr-FR\",\"@id\":\"https:\\\/\\\/webdesi-gn.fr\\\/dev_deltalabo\\\/#\\\/schema\\\/logo\\\/image\\\/\",\"url\":\"https:\\\/\\\/webdesi-gn.fr\\\/dev_deltalabo\\\/wp-content\\\/uploads\\\/2022\\\/07\\\/logo-deltalabo.png\",\"contentUrl\":\"https:\\\/\\\/webdesi-gn.fr\\\/dev_deltalabo\\\/wp-content\\\/uploads\\\/2022\\\/07\\\/logo-deltalabo.png\",\"width\":694,\"height\":306,\"caption\":\"DeltaLabo\"},\"image\":{\"@id\":\"https:\\\/\\\/webdesi-gn.fr\\\/dev_deltalabo\\\/#\\\/schema\\\/logo\\\/image\\\/\"}}]}<\/script>\n<!-- \/ Yoast SEO plugin. -->","yoast_head_json":{"title":"Point d'\u00e9coulement automatique SCAVINI PPPlus - ASTM D97 - IP 15 - ISO 3016 | DeltaLabo","robots":{"index":"noindex","follow":"follow","max-snippet":"max-snippet:-1","max-image-preview":"max-image-preview:large","max-video-preview":"max-video-preview:-1"},"og_locale":"fr_FR","og_type":"article","og_title":"Point d'\u00e9coulement automatique SCAVINI PPPlus - ASTM D97 - IP 15 - ISO 3016 | DeltaLabo","og_description":"Appareil automatique point d'\u00e9coulement SCAVINI PPPlus :  L'appareil automatique de point d'\u00e9coulement (Pour Point) Scavini PPPlus est bas\u00e9 sur le principe de la \"tilt method\" (inclinaison). Il est rigoureusement conforme aux normes ASTM D97, IP 15, ISO 3015.  L'instrument PPPlus comprend un bloc chauffant et refroidissant int\u00e9gr\u00e9 \u00e0 une position pour des mesures de +60 \u00e0 -120\u00b0C (suivant les mod\u00e8les).  Un large \u00e9cran graphique tactile facilite la programmation et le suivi de l'essai. En outre, il est possible de sauvegarder les mesures sur une cl\u00e9 USB et\/ou de les exporter par le port Ethernet  T\u00e9l\u00e9charger la brochure produit : Point d'\u00e9coulement automatique Scavini PPPlus","og_url":"https:\/\/webdesi-gn.fr\/dev_deltalabo\/produits\/cat-produit\/point-decoulement-point-de-trouble-automatique-scavini-ppplus-astm-d97-ip-15-iso-3016-le-bon\/","og_site_name":"DeltaLabo","article_modified_time":"2025-11-24T12:41:27+00:00","og_image":[{"width":792,"height":791,"url":"https:\/\/webdesi-gn.fr\/dev_deltalabo\/wp-content\/uploads\/2024\/02\/DELTA-LABO-Point-decoulement-point-de-trouble-Scavini-CPPP-1.jpg","type":"image\/jpeg"}],"twitter_card":"summary_large_image","twitter_misc":{"Dur\u00e9e de lecture estim\u00e9e":"1 minute"},"schema":{"@context":"https:\/\/schema.org","@graph":[{"@type":"WebPage","@id":"https:\/\/webdesi-gn.fr\/dev_deltalabo\/produits\/cat-produit\/point-decoulement-point-de-trouble-automatique-scavini-ppplus-astm-d97-ip-15-iso-3016-le-bon\/","url":"https:\/\/webdesi-gn.fr\/dev_deltalabo\/produits\/cat-produit\/point-decoulement-point-de-trouble-automatique-scavini-ppplus-astm-d97-ip-15-iso-3016-le-bon\/","name":"Point d'\u00e9coulement automatique SCAVINI PPPlus - ASTM D97 - IP 15 - ISO 3016 | DeltaLabo","isPartOf":{"@id":"https:\/\/webdesi-gn.fr\/dev_deltalabo\/#website"},"primaryImageOfPage":{"@id":"https:\/\/webdesi-gn.fr\/dev_deltalabo\/produits\/cat-produit\/point-decoulement-point-de-trouble-automatique-scavini-ppplus-astm-d97-ip-15-iso-3016-le-bon\/#primaryimage"},"image":{"@id":"https:\/\/webdesi-gn.fr\/dev_deltalabo\/produits\/cat-produit\/point-decoulement-point-de-trouble-automatique-scavini-ppplus-astm-d97-ip-15-iso-3016-le-bon\/#primaryimage"},"thumbnailUrl":"https:\/\/webdesi-gn.fr\/dev_deltalabo\/wp-content\/uploads\/2025\/11\/DELTA-LABO-Point-decoulement-point-de-trouble-Scavini-CPPP-1.jpg","datePublished":"2025-05-12T13:51:26+00:00","dateModified":"2025-11-24T12:41:27+00:00","breadcrumb":{"@id":"https:\/\/webdesi-gn.fr\/dev_deltalabo\/produits\/cat-produit\/point-decoulement-point-de-trouble-automatique-scavini-ppplus-astm-d97-ip-15-iso-3016-le-bon\/#breadcrumb"},"inLanguage":"fr-FR","potentialAction":[{"@type":"ReadAction","target":["https:\/\/webdesi-gn.fr\/dev_deltalabo\/produits\/cat-produit\/point-decoulement-point-de-trouble-automatique-scavini-ppplus-astm-d97-ip-15-iso-3016-le-bon\/"]}]},{"@type":"ImageObject","inLanguage":"fr-FR","@id":"https:\/\/webdesi-gn.fr\/dev_deltalabo\/produits\/cat-produit\/point-decoulement-point-de-trouble-automatique-scavini-ppplus-astm-d97-ip-15-iso-3016-le-bon\/#primaryimage","url":"https:\/\/webdesi-gn.fr\/dev_deltalabo\/wp-content\/uploads\/2025\/11\/DELTA-LABO-Point-decoulement-point-de-trouble-Scavini-CPPP-1.jpg","contentUrl":"https:\/\/webdesi-gn.fr\/dev_deltalabo\/wp-content\/uploads\/2025\/11\/DELTA-LABO-Point-decoulement-point-de-trouble-Scavini-CPPP-1.jpg","width":792,"height":791},{"@type":"BreadcrumbList","@id":"https:\/\/webdesi-gn.fr\/dev_deltalabo\/produits\/cat-produit\/point-decoulement-point-de-trouble-automatique-scavini-ppplus-astm-d97-ip-15-iso-3016-le-bon\/#breadcrumb","itemListElement":[{"@type":"ListItem","position":1,"name":"Accueil","item":"https:\/\/webdesi-gn.fr\/dev_deltalabo\/"},{"@type":"ListItem","position":2,"name":"Produits","item":"https:\/\/webdesi-gn.fr\/dev_deltalabo\/produits\/"},{"@type":"ListItem","position":3,"name":"Point d&rsquo;\u00e9coulement automatique SCAVINI PPPlus &#8211; ASTM D97 &#8211; IP 15 &#8211; ISO 3016"}]},{"@type":"WebSite","@id":"https:\/\/webdesi-gn.fr\/dev_deltalabo\/#website","url":"https:\/\/webdesi-gn.fr\/dev_deltalabo\/","name":"Delta Labo","description":"Un site utilisant WordPress","publisher":{"@id":"https:\/\/webdesi-gn.fr\/dev_deltalabo\/#organization"},"alternateName":"Delta Labo","potentialAction":[{"@type":"SearchAction","target":{"@type":"EntryPoint","urlTemplate":"https:\/\/webdesi-gn.fr\/dev_deltalabo\/?s={search_term_string}"},"query-input":{"@type":"PropertyValueSpecification","valueRequired":true,"valueName":"search_term_string"}}],"inLanguage":"fr-FR"},{"@type":"Organization","@id":"https:\/\/webdesi-gn.fr\/dev_deltalabo\/#organization","name":"DeltaLabo","url":"https:\/\/webdesi-gn.fr\/dev_deltalabo\/","logo":{"@type":"ImageObject","inLanguage":"fr-FR","@id":"https:\/\/webdesi-gn.fr\/dev_deltalabo\/#\/schema\/logo\/image\/","url":"https:\/\/webdesi-gn.fr\/dev_deltalabo\/wp-content\/uploads\/2022\/07\/logo-deltalabo.png","contentUrl":"https:\/\/webdesi-gn.fr\/dev_deltalabo\/wp-content\/uploads\/2022\/07\/logo-deltalabo.png","width":694,"height":306,"caption":"DeltaLabo"},"image":{"@id":"https:\/\/webdesi-gn.fr\/dev_deltalabo\/#\/schema\/logo\/image\/"}}]}},"_links":{"self":[{"href":"https:\/\/webdesi-gn.fr\/dev_deltalabo\/wp-json\/wp\/v2\/product\/260003","targetHints":{"allow":["GET"]}}],"collection":[{"href":"https:\/\/webdesi-gn.fr\/dev_deltalabo\/wp-json\/wp\/v2\/product"}],"about":[{"href":"https:\/\/webdesi-gn.fr\/dev_deltalabo\/wp-json\/wp\/v2\/types\/product"}],"wp:featuredmedia":[{"embeddable":true,"href":"https:\/\/webdesi-gn.fr\/dev_deltalabo\/wp-json\/wp\/v2\/media\/262006"}],"wp:attachment":[{"href":"https:\/\/webdesi-gn.fr\/dev_deltalabo\/wp-json\/wp\/v2\/media?parent=260003"}],"wp:term":[{"taxonomy":"domaine","embeddable":true,"href":"https:\/\/webdesi-gn.fr\/dev_deltalabo\/wp-json\/wp\/v2\/domaine?post=260003"},{"taxonomy":"normes","embeddable":true,"href":"https:\/\/webdesi-gn.fr\/dev_deltalabo\/wp-json\/wp\/v2\/normes?post=260003"},{"taxonomy":"product_brand","embeddable":true,"href":"https:\/\/webdesi-gn.fr\/dev_deltalabo\/wp-json\/wp\/v2\/product_brand?post=260003"},{"taxonomy":"product_cat","embeddable":true,"href":"https:\/\/webdesi-gn.fr\/dev_deltalabo\/wp-json\/wp\/v2\/product_cat?post=260003"},{"taxonomy":"product_tag","embeddable":true,"href":"https:\/\/webdesi-gn.fr\/dev_deltalabo\/wp-json\/wp\/v2\/product_tag?post=260003"}],"curies":[{"name":"wp","href":"https:\/\/api.w.org\/{rel}","templated":true}]}}