{"id":260020,"date":"2025-05-13T10:27:46","date_gmt":"2025-05-13T08:27:46","guid":{"rendered":"https:\/\/webdesi-gn.fr\/dev_deltalabo\/?post_type=product&#038;p=260020"},"modified":"2025-11-24T16:29:46","modified_gmt":"2025-11-24T15:29:46","slug":"conductimetre-pour-encres-stanhope-seta-jf-1a-st-3","status":"publish","type":"product","link":"https:\/\/webdesi-gn.fr\/dev_deltalabo\/produits\/cat-produit\/conductimetre-pour-encres-stanhope-seta-jf-1a-st-3\/","title":{"rendered":"Conductim\u00e8tre pour encres STANHOPE SETA &#8211; JF-1A-ST-3 &#8211; 99583-0"},"content":{"rendered":"","protected":false},"excerpt":{"rendered":"<p><strong>Conductim\u00e8tre pour encres STANHOPE SETA &#8211; JF-1A-ST-3 &#8211; 99583-0 :<\/strong><\/p>\n<p>Le conductim\u00e8tre pour encres STANHOPE SETA &#8211; JF-1A-ST-3 &#8211; 99583-0 a \u00e9t\u00e9 con\u00e7u sp\u00e9cialement pour la mesure de la conductivit\u00e9 d<span class=\"Y2IQFc\" lang=\"fr\">es encres <\/span>selon les normes ASTM D2624 et IP 274.<\/p>\n<p>Il mesure la conductivit\u00e9 sur une plage de 0 \u00e0 10 000 pS\/cm.<\/p>\n<p>Le capteur de <span class=\"Y2IQFc\" lang=\"fr\">conductivit\u00e9 Stick permet aux utilisateurs de mesurer des \u00e9chantillons dans n&rsquo;importe quel r\u00e9cipient, de faible conductivit\u00e9, de mani\u00e8re pr\u00e9cise et rapide.<\/span><\/p>\n<p><strong>T\u00e9l\u00e9charger la brochure produit :<\/strong> <a href=\"https:\/\/www.deltalabo.fr\/wp-content\/uploads\/2025\/05\/Conductivity-Stick-99580-0-engl-DL.pdf\">Conductim\u00e8tre pour encres Stanhope Seta &#8211; JF-1A-ST-3 &#8211; 99583-0<\/a><\/p>\n","protected":false},"featured_media":262004,"template":"","meta":{"_acf_changed":false,"site-sidebar-layout":"default","site-content-layout":"","ast-site-content-layout":"default","site-content-style":"default","site-sidebar-style":"default","ast-global-header-display":"","ast-banner-title-visibility":"","ast-main-header-display":"","ast-hfb-above-header-display":"","ast-hfb-below-header-display":"","ast-hfb-mobile-header-display":"","site-post-title":"","ast-breadcrumbs-content":"","ast-featured-img":"","footer-sml-layout":"","ast-disable-related-posts":"","theme-transparent-header-meta":"default","adv-header-id-meta":"","stick-header-meta":"","header-above-stick-meta":"","header-main-stick-meta":"","header-below-stick-meta":"","astra-migrate-meta-layouts":"set","ast-page-background-enabled":"default","ast-page-background-meta":{"desktop":{"background-color":"var(--ast-global-color-5)","background-image":"","background-repeat":"repeat","background-position":"center center","background-size":"auto","background-attachment":"scroll","background-type":"","background-media":"","overlay-type":"","overlay-color":"","overlay-opacity":"","overlay-gradient":""},"tablet":{"background-color":"","background-image":"","background-repeat":"repeat","background-position":"center center","background-size":"auto","background-attachment":"scroll","background-type":"","background-media":"","overlay-type":"","overlay-color":"","overlay-opacity":"","overlay-gradient":""},"mobile":{"background-color":"","background-image":"","background-repeat":"repeat","background-position":"center center","background-size":"auto","background-attachment":"scroll","background-type":"","background-media":"","overlay-type":"","overlay-color":"","overlay-opacity":"","overlay-gradient":""}},"ast-content-background-meta":{"desktop":{"background-color":"var(--ast-global-color-4)","background-image":"","background-repeat":"repeat","background-position":"center center","background-size":"auto","background-attachment":"scroll","background-type":"","background-media":"","overlay-type":"","overlay-color":"","overlay-opacity":"","overlay-gradient":""},"tablet":{"background-color":"var(--ast-global-color-4)","background-image":"","background-repeat":"repeat","background-position":"center center","background-size":"auto","background-attachment":"scroll","background-type":"","background-media":"","overlay-type":"","overlay-color":"","overlay-opacity":"","overlay-gradient":""},"mobile":{"background-color":"var(--ast-global-color-4)","background-image":"","background-repeat":"repeat","background-position":"center center","background-size":"auto","background-attachment":"scroll","background-type":"","background-media":"","overlay-type":"","overlay-color":"","overlay-opacity":"","overlay-gradient":""}}},"domaine":[],"normes":[3319,17135,17167],"product_brand":[],"product_cat":[15],"product_tag":[],"class_list":{"0":"post-260020","1":"product","2":"type-product","3":"status-publish","4":"has-post-thumbnail","6":"normes-d2624","7":"normes-din-51562","8":"normes-ip-274","9":"product_cat-cat-produit","10":"desktop-align-left","11":"tablet-align-left","12":"mobile-align-left","14":"first","15":"instock","16":"shipping-taxable","17":"purchasable","18":"product-type-simple"},"acf":[],"yoast_head":"<!-- This site is optimized with the Yoast SEO plugin v27.4 - https:\/\/yoast.com\/product\/yoast-seo-wordpress\/ -->\n<title>Conductim\u00e8tre pour encres STANHOPE SETA - JF-1A-ST-3 - 99583-0 | DeltaLabo<\/title>\n<meta name=\"robots\" content=\"noindex, follow, max-snippet:-1, max-image-preview:large, max-video-preview:-1\" \/>\n<meta property=\"og:locale\" content=\"fr_FR\" \/>\n<meta property=\"og:type\" content=\"article\" \/>\n<meta property=\"og:title\" content=\"Conductim\u00e8tre pour encres STANHOPE SETA - JF-1A-ST-3 - 99583-0 | DeltaLabo\" \/>\n<meta property=\"og:description\" content=\"Conductim\u00e8tre pour encres STANHOPE SETA - JF-1A-ST-3 - 99583-0 :  Le conductim\u00e8tre pour encres STANHOPE SETA - JF-1A-ST-3 - 99583-0 a \u00e9t\u00e9 con\u00e7u sp\u00e9cialement pour la mesure de la conductivit\u00e9 des encres selon les normes ASTM D2624 et IP 274.  Il mesure la conductivit\u00e9 sur une plage de 0 \u00e0 10 000 pS\/cm.  Le capteur de conductivit\u00e9 Stick permet aux utilisateurs de mesurer des \u00e9chantillons dans n&#039;importe quel r\u00e9cipient, de faible conductivit\u00e9, de mani\u00e8re pr\u00e9cise et rapide.  T\u00e9l\u00e9charger la brochure produit : Conductim\u00e8tre pour encres Stanhope Seta - JF-1A-ST-3 - 99583-0\" \/>\n<meta property=\"og:url\" content=\"https:\/\/webdesi-gn.fr\/dev_deltalabo\/produits\/ip-274\/conductimetre-pour-encres-stanhope-seta-jf-1a-st-3\/\" \/>\n<meta property=\"og:site_name\" content=\"DeltaLabo\" \/>\n<meta property=\"article:modified_time\" content=\"2025-11-24T15:29:46+00:00\" \/>\n<meta property=\"og:image\" content=\"https:\/\/webdesi-gn.fr\/dev_deltalabo\/wp-content\/uploads\/2025\/11\/DELTA-LABO-CONDUCTIVITY-STICK-99580-0.jpg\" \/>\n\t<meta property=\"og:image:width\" content=\"727\" \/>\n\t<meta property=\"og:image:height\" content=\"486\" \/>\n\t<meta property=\"og:image:type\" content=\"image\/jpeg\" \/>\n<meta name=\"twitter:card\" content=\"summary_large_image\" \/>\n<meta name=\"twitter:label1\" content=\"Dur\u00e9e de lecture estim\u00e9e\" \/>\n\t<meta name=\"twitter:data1\" content=\"1 minute\" \/>\n<script type=\"application\/ld+json\" class=\"yoast-schema-graph\">{\"@context\":\"https:\\\/\\\/schema.org\",\"@graph\":[{\"@type\":\"WebPage\",\"@id\":\"https:\\\/\\\/webdesi-gn.fr\\\/dev_deltalabo\\\/produits\\\/ip-274\\\/conductimetre-pour-encres-stanhope-seta-jf-1a-st-3\\\/\",\"url\":\"https:\\\/\\\/webdesi-gn.fr\\\/dev_deltalabo\\\/produits\\\/ip-274\\\/conductimetre-pour-encres-stanhope-seta-jf-1a-st-3\\\/\",\"name\":\"Conductim\u00e8tre pour encres STANHOPE SETA - JF-1A-ST-3 - 99583-0 | DeltaLabo\",\"isPartOf\":{\"@id\":\"https:\\\/\\\/webdesi-gn.fr\\\/dev_deltalabo\\\/#website\"},\"primaryImageOfPage\":{\"@id\":\"https:\\\/\\\/webdesi-gn.fr\\\/dev_deltalabo\\\/produits\\\/ip-274\\\/conductimetre-pour-encres-stanhope-seta-jf-1a-st-3\\\/#primaryimage\"},\"image\":{\"@id\":\"https:\\\/\\\/webdesi-gn.fr\\\/dev_deltalabo\\\/produits\\\/ip-274\\\/conductimetre-pour-encres-stanhope-seta-jf-1a-st-3\\\/#primaryimage\"},\"thumbnailUrl\":\"https:\\\/\\\/webdesi-gn.fr\\\/dev_deltalabo\\\/wp-content\\\/uploads\\\/2025\\\/11\\\/DELTA-LABO-CONDUCTIVITY-STICK-99580-0.jpg\",\"datePublished\":\"2025-05-13T08:27:46+00:00\",\"dateModified\":\"2025-11-24T15:29:46+00:00\",\"breadcrumb\":{\"@id\":\"https:\\\/\\\/webdesi-gn.fr\\\/dev_deltalabo\\\/produits\\\/ip-274\\\/conductimetre-pour-encres-stanhope-seta-jf-1a-st-3\\\/#breadcrumb\"},\"inLanguage\":\"fr-FR\",\"potentialAction\":[{\"@type\":\"ReadAction\",\"target\":[\"https:\\\/\\\/webdesi-gn.fr\\\/dev_deltalabo\\\/produits\\\/ip-274\\\/conductimetre-pour-encres-stanhope-seta-jf-1a-st-3\\\/\"]}]},{\"@type\":\"ImageObject\",\"inLanguage\":\"fr-FR\",\"@id\":\"https:\\\/\\\/webdesi-gn.fr\\\/dev_deltalabo\\\/produits\\\/ip-274\\\/conductimetre-pour-encres-stanhope-seta-jf-1a-st-3\\\/#primaryimage\",\"url\":\"https:\\\/\\\/webdesi-gn.fr\\\/dev_deltalabo\\\/wp-content\\\/uploads\\\/2025\\\/11\\\/DELTA-LABO-CONDUCTIVITY-STICK-99580-0.jpg\",\"contentUrl\":\"https:\\\/\\\/webdesi-gn.fr\\\/dev_deltalabo\\\/wp-content\\\/uploads\\\/2025\\\/11\\\/DELTA-LABO-CONDUCTIVITY-STICK-99580-0.jpg\",\"width\":727,\"height\":486},{\"@type\":\"BreadcrumbList\",\"@id\":\"https:\\\/\\\/webdesi-gn.fr\\\/dev_deltalabo\\\/produits\\\/ip-274\\\/conductimetre-pour-encres-stanhope-seta-jf-1a-st-3\\\/#breadcrumb\",\"itemListElement\":[{\"@type\":\"ListItem\",\"position\":1,\"name\":\"Accueil\",\"item\":\"https:\\\/\\\/webdesi-gn.fr\\\/dev_deltalabo\\\/\"},{\"@type\":\"ListItem\",\"position\":2,\"name\":\"Produits\",\"item\":\"https:\\\/\\\/webdesi-gn.fr\\\/dev_deltalabo\\\/produits\\\/\"},{\"@type\":\"ListItem\",\"position\":3,\"name\":\"Conductim\u00e8tre pour encres STANHOPE SETA &#8211; JF-1A-ST-3 &#8211; 99583-0\"}]},{\"@type\":\"WebSite\",\"@id\":\"https:\\\/\\\/webdesi-gn.fr\\\/dev_deltalabo\\\/#website\",\"url\":\"https:\\\/\\\/webdesi-gn.fr\\\/dev_deltalabo\\\/\",\"name\":\"Delta Labo\",\"description\":\"Un site utilisant WordPress\",\"publisher\":{\"@id\":\"https:\\\/\\\/webdesi-gn.fr\\\/dev_deltalabo\\\/#organization\"},\"alternateName\":\"Delta Labo\",\"potentialAction\":[{\"@type\":\"SearchAction\",\"target\":{\"@type\":\"EntryPoint\",\"urlTemplate\":\"https:\\\/\\\/webdesi-gn.fr\\\/dev_deltalabo\\\/?s={search_term_string}\"},\"query-input\":{\"@type\":\"PropertyValueSpecification\",\"valueRequired\":true,\"valueName\":\"search_term_string\"}}],\"inLanguage\":\"fr-FR\"},{\"@type\":\"Organization\",\"@id\":\"https:\\\/\\\/webdesi-gn.fr\\\/dev_deltalabo\\\/#organization\",\"name\":\"DeltaLabo\",\"url\":\"https:\\\/\\\/webdesi-gn.fr\\\/dev_deltalabo\\\/\",\"logo\":{\"@type\":\"ImageObject\",\"inLanguage\":\"fr-FR\",\"@id\":\"https:\\\/\\\/webdesi-gn.fr\\\/dev_deltalabo\\\/#\\\/schema\\\/logo\\\/image\\\/\",\"url\":\"https:\\\/\\\/webdesi-gn.fr\\\/dev_deltalabo\\\/wp-content\\\/uploads\\\/2022\\\/07\\\/logo-deltalabo.png\",\"contentUrl\":\"https:\\\/\\\/webdesi-gn.fr\\\/dev_deltalabo\\\/wp-content\\\/uploads\\\/2022\\\/07\\\/logo-deltalabo.png\",\"width\":694,\"height\":306,\"caption\":\"DeltaLabo\"},\"image\":{\"@id\":\"https:\\\/\\\/webdesi-gn.fr\\\/dev_deltalabo\\\/#\\\/schema\\\/logo\\\/image\\\/\"}}]}<\/script>\n<!-- \/ Yoast SEO plugin. -->","yoast_head_json":{"title":"Conductim\u00e8tre pour encres STANHOPE SETA - JF-1A-ST-3 - 99583-0 | DeltaLabo","robots":{"index":"noindex","follow":"follow","max-snippet":"max-snippet:-1","max-image-preview":"max-image-preview:large","max-video-preview":"max-video-preview:-1"},"og_locale":"fr_FR","og_type":"article","og_title":"Conductim\u00e8tre pour encres STANHOPE SETA - JF-1A-ST-3 - 99583-0 | DeltaLabo","og_description":"Conductim\u00e8tre pour encres STANHOPE SETA - JF-1A-ST-3 - 99583-0 :  Le conductim\u00e8tre pour encres STANHOPE SETA - JF-1A-ST-3 - 99583-0 a \u00e9t\u00e9 con\u00e7u sp\u00e9cialement pour la mesure de la conductivit\u00e9 des encres selon les normes ASTM D2624 et IP 274.  Il mesure la conductivit\u00e9 sur une plage de 0 \u00e0 10 000 pS\/cm.  Le capteur de conductivit\u00e9 Stick permet aux utilisateurs de mesurer des \u00e9chantillons dans n'importe quel r\u00e9cipient, de faible conductivit\u00e9, de mani\u00e8re pr\u00e9cise et rapide.  T\u00e9l\u00e9charger la brochure produit : Conductim\u00e8tre pour encres Stanhope Seta - JF-1A-ST-3 - 99583-0","og_url":"https:\/\/webdesi-gn.fr\/dev_deltalabo\/produits\/ip-274\/conductimetre-pour-encres-stanhope-seta-jf-1a-st-3\/","og_site_name":"DeltaLabo","article_modified_time":"2025-11-24T15:29:46+00:00","og_image":[{"width":727,"height":486,"url":"https:\/\/webdesi-gn.fr\/dev_deltalabo\/wp-content\/uploads\/2025\/11\/DELTA-LABO-CONDUCTIVITY-STICK-99580-0.jpg","type":"image\/jpeg"}],"twitter_card":"summary_large_image","twitter_misc":{"Dur\u00e9e de lecture estim\u00e9e":"1 minute"},"schema":{"@context":"https:\/\/schema.org","@graph":[{"@type":"WebPage","@id":"https:\/\/webdesi-gn.fr\/dev_deltalabo\/produits\/ip-274\/conductimetre-pour-encres-stanhope-seta-jf-1a-st-3\/","url":"https:\/\/webdesi-gn.fr\/dev_deltalabo\/produits\/ip-274\/conductimetre-pour-encres-stanhope-seta-jf-1a-st-3\/","name":"Conductim\u00e8tre pour encres STANHOPE SETA - JF-1A-ST-3 - 99583-0 | DeltaLabo","isPartOf":{"@id":"https:\/\/webdesi-gn.fr\/dev_deltalabo\/#website"},"primaryImageOfPage":{"@id":"https:\/\/webdesi-gn.fr\/dev_deltalabo\/produits\/ip-274\/conductimetre-pour-encres-stanhope-seta-jf-1a-st-3\/#primaryimage"},"image":{"@id":"https:\/\/webdesi-gn.fr\/dev_deltalabo\/produits\/ip-274\/conductimetre-pour-encres-stanhope-seta-jf-1a-st-3\/#primaryimage"},"thumbnailUrl":"https:\/\/webdesi-gn.fr\/dev_deltalabo\/wp-content\/uploads\/2025\/11\/DELTA-LABO-CONDUCTIVITY-STICK-99580-0.jpg","datePublished":"2025-05-13T08:27:46+00:00","dateModified":"2025-11-24T15:29:46+00:00","breadcrumb":{"@id":"https:\/\/webdesi-gn.fr\/dev_deltalabo\/produits\/ip-274\/conductimetre-pour-encres-stanhope-seta-jf-1a-st-3\/#breadcrumb"},"inLanguage":"fr-FR","potentialAction":[{"@type":"ReadAction","target":["https:\/\/webdesi-gn.fr\/dev_deltalabo\/produits\/ip-274\/conductimetre-pour-encres-stanhope-seta-jf-1a-st-3\/"]}]},{"@type":"ImageObject","inLanguage":"fr-FR","@id":"https:\/\/webdesi-gn.fr\/dev_deltalabo\/produits\/ip-274\/conductimetre-pour-encres-stanhope-seta-jf-1a-st-3\/#primaryimage","url":"https:\/\/webdesi-gn.fr\/dev_deltalabo\/wp-content\/uploads\/2025\/11\/DELTA-LABO-CONDUCTIVITY-STICK-99580-0.jpg","contentUrl":"https:\/\/webdesi-gn.fr\/dev_deltalabo\/wp-content\/uploads\/2025\/11\/DELTA-LABO-CONDUCTIVITY-STICK-99580-0.jpg","width":727,"height":486},{"@type":"BreadcrumbList","@id":"https:\/\/webdesi-gn.fr\/dev_deltalabo\/produits\/ip-274\/conductimetre-pour-encres-stanhope-seta-jf-1a-st-3\/#breadcrumb","itemListElement":[{"@type":"ListItem","position":1,"name":"Accueil","item":"https:\/\/webdesi-gn.fr\/dev_deltalabo\/"},{"@type":"ListItem","position":2,"name":"Produits","item":"https:\/\/webdesi-gn.fr\/dev_deltalabo\/produits\/"},{"@type":"ListItem","position":3,"name":"Conductim\u00e8tre pour encres STANHOPE SETA &#8211; JF-1A-ST-3 &#8211; 99583-0"}]},{"@type":"WebSite","@id":"https:\/\/webdesi-gn.fr\/dev_deltalabo\/#website","url":"https:\/\/webdesi-gn.fr\/dev_deltalabo\/","name":"Delta Labo","description":"Un site utilisant WordPress","publisher":{"@id":"https:\/\/webdesi-gn.fr\/dev_deltalabo\/#organization"},"alternateName":"Delta Labo","potentialAction":[{"@type":"SearchAction","target":{"@type":"EntryPoint","urlTemplate":"https:\/\/webdesi-gn.fr\/dev_deltalabo\/?s={search_term_string}"},"query-input":{"@type":"PropertyValueSpecification","valueRequired":true,"valueName":"search_term_string"}}],"inLanguage":"fr-FR"},{"@type":"Organization","@id":"https:\/\/webdesi-gn.fr\/dev_deltalabo\/#organization","name":"DeltaLabo","url":"https:\/\/webdesi-gn.fr\/dev_deltalabo\/","logo":{"@type":"ImageObject","inLanguage":"fr-FR","@id":"https:\/\/webdesi-gn.fr\/dev_deltalabo\/#\/schema\/logo\/image\/","url":"https:\/\/webdesi-gn.fr\/dev_deltalabo\/wp-content\/uploads\/2022\/07\/logo-deltalabo.png","contentUrl":"https:\/\/webdesi-gn.fr\/dev_deltalabo\/wp-content\/uploads\/2022\/07\/logo-deltalabo.png","width":694,"height":306,"caption":"DeltaLabo"},"image":{"@id":"https:\/\/webdesi-gn.fr\/dev_deltalabo\/#\/schema\/logo\/image\/"}}]}},"_links":{"self":[{"href":"https:\/\/webdesi-gn.fr\/dev_deltalabo\/wp-json\/wp\/v2\/product\/260020","targetHints":{"allow":["GET"]}}],"collection":[{"href":"https:\/\/webdesi-gn.fr\/dev_deltalabo\/wp-json\/wp\/v2\/product"}],"about":[{"href":"https:\/\/webdesi-gn.fr\/dev_deltalabo\/wp-json\/wp\/v2\/types\/product"}],"wp:featuredmedia":[{"embeddable":true,"href":"https:\/\/webdesi-gn.fr\/dev_deltalabo\/wp-json\/wp\/v2\/media\/262004"}],"wp:attachment":[{"href":"https:\/\/webdesi-gn.fr\/dev_deltalabo\/wp-json\/wp\/v2\/media?parent=260020"}],"wp:term":[{"taxonomy":"domaine","embeddable":true,"href":"https:\/\/webdesi-gn.fr\/dev_deltalabo\/wp-json\/wp\/v2\/domaine?post=260020"},{"taxonomy":"normes","embeddable":true,"href":"https:\/\/webdesi-gn.fr\/dev_deltalabo\/wp-json\/wp\/v2\/normes?post=260020"},{"taxonomy":"product_brand","embeddable":true,"href":"https:\/\/webdesi-gn.fr\/dev_deltalabo\/wp-json\/wp\/v2\/product_brand?post=260020"},{"taxonomy":"product_cat","embeddable":true,"href":"https:\/\/webdesi-gn.fr\/dev_deltalabo\/wp-json\/wp\/v2\/product_cat?post=260020"},{"taxonomy":"product_tag","embeddable":true,"href":"https:\/\/webdesi-gn.fr\/dev_deltalabo\/wp-json\/wp\/v2\/product_tag?post=260020"}],"curies":[{"name":"wp","href":"https:\/\/api.w.org\/{rel}","templated":true}]}}