{"id":260022,"date":"2025-05-13T10:43:13","date_gmt":"2025-05-13T08:43:13","guid":{"rendered":"https:\/\/webdesi-gn.fr\/dev_deltalabo\/?post_type=product&#038;p=260022"},"modified":"2025-12-11T15:16:52","modified_gmt":"2025-12-11T14:16:52","slug":"armoire-de-securite-pour-le-stockage-de-batteries-au-lithium","status":"publish","type":"product","link":"https:\/\/webdesi-gn.fr\/dev_deltalabo\/produits\/cat-produit\/armoire-de-securite-pour-le-stockage-de-batteries-au-lithium\/","title":{"rendered":"Armoire de s\u00e9curit\u00e9 pour le stockage de batteries au lithium TRIONYX"},"content":{"rendered":"","protected":false},"excerpt":{"rendered":"<p><strong>Armoire de s\u00e9curit\u00e9 pour le stockage de batteries au lithium TRIONYX :<\/strong><\/p>\n<p>De fabrication fran\u00e7aise, les armoires de s\u00e9curit\u00e9 sp\u00e9cifiques au stockage de batteries au lithium TRIONYX sont conformes aux normes EN 14470-1.<\/p>\n<p>Elles sont r\u00e9sistantes au feu 90 minutes, 105 minutes, 180 minutes, garantissant ainsi une s\u00e9curit\u00e9 maximale.<\/p>\n<p>Existant en plusieurs mod\u00e8les de tailles diff\u00e9rentes pour parfaire tous les besoins de stockage, ces armoires peuvent \u00eatre \u00e9quip\u00e9es d&rsquo;\u00e9tag\u00e8res perfor\u00e9es, de bac de r\u00e9tention, d&rsquo;alarme sonore et visuelle ou encore d&rsquo;extincteur automatique interne \u00e0 l&rsquo;armoire.<\/p>\n<p><strong>T\u00e9l\u00e9charger la brochure produit :<\/strong> <a href=\"https:\/\/www.deltalabo.fr\/wp-content\/uploads\/2025\/05\/plaquette-armoires-lithium-DL.pdf\">Armoire de s\u00e9curit\u00e9 pour le stockage de batteries au lithium TRIONYX<\/a><\/p>\n<p><strong>Visualiser le guide du bon \u00e9quipement :<\/strong> <a href=\"https:\/\/www.youtube.com\/watch?v=Be3l4wQOIwg\">Armoire de s\u00e9curit\u00e9 pour le stockage de batteries au lithium TRIONYX<\/a><\/p>\n","protected":false},"featured_media":262000,"template":"","meta":{"_acf_changed":false,"site-sidebar-layout":"default","site-content-layout":"","ast-site-content-layout":"default","site-content-style":"default","site-sidebar-style":"default","ast-global-header-display":"","ast-banner-title-visibility":"","ast-main-header-display":"","ast-hfb-above-header-display":"","ast-hfb-below-header-display":"","ast-hfb-mobile-header-display":"","site-post-title":"","ast-breadcrumbs-content":"","ast-featured-img":"","footer-sml-layout":"","ast-disable-related-posts":"","theme-transparent-header-meta":"default","adv-header-id-meta":"","stick-header-meta":"","header-above-stick-meta":"","header-main-stick-meta":"","header-below-stick-meta":"","astra-migrate-meta-layouts":"set","ast-page-background-enabled":"default","ast-page-background-meta":{"desktop":{"background-color":"var(--ast-global-color-5)","background-image":"","background-repeat":"repeat","background-position":"center center","background-size":"auto","background-attachment":"scroll","background-type":"","background-media":"","overlay-type":"","overlay-color":"","overlay-opacity":"","overlay-gradient":""},"tablet":{"background-color":"","background-image":"","background-repeat":"repeat","background-position":"center center","background-size":"auto","background-attachment":"scroll","background-type":"","background-media":"","overlay-type":"","overlay-color":"","overlay-opacity":"","overlay-gradient":""},"mobile":{"background-color":"","background-image":"","background-repeat":"repeat","background-position":"center center","background-size":"auto","background-attachment":"scroll","background-type":"","background-media":"","overlay-type":"","overlay-color":"","overlay-opacity":"","overlay-gradient":""}},"ast-content-background-meta":{"desktop":{"background-color":"var(--ast-global-color-4)","background-image":"","background-repeat":"repeat","background-position":"center center","background-size":"auto","background-attachment":"scroll","background-type":"","background-media":"","overlay-type":"","overlay-color":"","overlay-opacity":"","overlay-gradient":""},"tablet":{"background-color":"var(--ast-global-color-4)","background-image":"","background-repeat":"repeat","background-position":"center center","background-size":"auto","background-attachment":"scroll","background-type":"","background-media":"","overlay-type":"","overlay-color":"","overlay-opacity":"","overlay-gradient":""},"mobile":{"background-color":"var(--ast-global-color-4)","background-image":"","background-repeat":"repeat","background-position":"center center","background-size":"auto","background-attachment":"scroll","background-type":"","background-media":"","overlay-type":"","overlay-color":"","overlay-opacity":"","overlay-gradient":""}}},"domaine":[],"normes":[17135,13258],"product_brand":[],"product_cat":[15],"product_tag":[],"class_list":{"0":"post-260022","1":"product","2":"type-product","3":"status-publish","4":"has-post-thumbnail","6":"normes-din-51562","7":"normes-en-14470-1","8":"product_cat-cat-produit","9":"desktop-align-left","10":"tablet-align-left","11":"mobile-align-left","13":"first","14":"instock","15":"shipping-taxable","16":"purchasable","17":"product-type-simple"},"acf":[],"yoast_head":"<!-- This site is optimized with the Yoast SEO plugin v27.4 - https:\/\/yoast.com\/product\/yoast-seo-wordpress\/ -->\n<title>Armoire de s\u00e9curit\u00e9 pour le stockage de batteries au lithium TRIONYX | DeltaLabo<\/title>\n<meta name=\"robots\" content=\"noindex, follow, max-snippet:-1, max-image-preview:large, max-video-preview:-1\" \/>\n<meta property=\"og:locale\" content=\"fr_FR\" \/>\n<meta property=\"og:type\" content=\"article\" \/>\n<meta property=\"og:title\" content=\"Armoire de s\u00e9curit\u00e9 pour le stockage de batteries au lithium TRIONYX | DeltaLabo\" \/>\n<meta property=\"og:description\" content=\"Armoire de s\u00e9curit\u00e9 pour le stockage de batteries au lithium TRIONYX :  De fabrication fran\u00e7aise, les armoires de s\u00e9curit\u00e9 sp\u00e9cifiques au stockage de batteries au lithium TRIONYX sont conformes aux normes EN 14470-1.  Elles sont r\u00e9sistantes au feu 90 minutes, 105 minutes, 180 minutes, garantissant ainsi une s\u00e9curit\u00e9 maximale.  Existant en plusieurs mod\u00e8les de tailles diff\u00e9rentes pour parfaire tous les besoins de stockage, ces armoires peuvent \u00eatre \u00e9quip\u00e9es d&#039;\u00e9tag\u00e8res perfor\u00e9es, de bac de r\u00e9tention, d&#039;alarme sonore et visuelle ou encore d&#039;extincteur automatique interne \u00e0 l&#039;armoire.  T\u00e9l\u00e9charger la brochure produit : Armoire de s\u00e9curit\u00e9 pour le stockage de batteries au lithium TRIONYX  Visualiser le guide du bon \u00e9quipement : Armoire de s\u00e9curit\u00e9 pour le stockage de batteries au lithium TRIONYX\" \/>\n<meta property=\"og:url\" content=\"https:\/\/webdesi-gn.fr\/dev_deltalabo\/produits\/cat-produit\/armoire-de-securite-pour-le-stockage-de-batteries-au-lithium\/\" \/>\n<meta property=\"og:site_name\" content=\"DeltaLabo\" \/>\n<meta property=\"article:modified_time\" content=\"2025-12-11T14:16:52+00:00\" \/>\n<meta property=\"og:image\" content=\"https:\/\/webdesi-gn.fr\/dev_deltalabo\/wp-content\/uploads\/2025\/11\/795NLIX4PRISELIBR-1-scaled-1.jpg\" \/>\n\t<meta property=\"og:image:width\" content=\"2252\" \/>\n\t<meta property=\"og:image:height\" content=\"2560\" \/>\n\t<meta property=\"og:image:type\" content=\"image\/jpeg\" \/>\n<meta name=\"twitter:card\" content=\"summary_large_image\" \/>\n<meta name=\"twitter:label1\" content=\"Dur\u00e9e de lecture estim\u00e9e\" \/>\n\t<meta name=\"twitter:data1\" content=\"1 minute\" \/>\n<script type=\"application\/ld+json\" class=\"yoast-schema-graph\">{\"@context\":\"https:\\\/\\\/schema.org\",\"@graph\":[{\"@type\":\"WebPage\",\"@id\":\"https:\\\/\\\/webdesi-gn.fr\\\/dev_deltalabo\\\/produits\\\/cat-produit\\\/armoire-de-securite-pour-le-stockage-de-batteries-au-lithium\\\/\",\"url\":\"https:\\\/\\\/webdesi-gn.fr\\\/dev_deltalabo\\\/produits\\\/cat-produit\\\/armoire-de-securite-pour-le-stockage-de-batteries-au-lithium\\\/\",\"name\":\"Armoire de s\u00e9curit\u00e9 pour le stockage de batteries au lithium TRIONYX | DeltaLabo\",\"isPartOf\":{\"@id\":\"https:\\\/\\\/webdesi-gn.fr\\\/dev_deltalabo\\\/#website\"},\"primaryImageOfPage\":{\"@id\":\"https:\\\/\\\/webdesi-gn.fr\\\/dev_deltalabo\\\/produits\\\/cat-produit\\\/armoire-de-securite-pour-le-stockage-de-batteries-au-lithium\\\/#primaryimage\"},\"image\":{\"@id\":\"https:\\\/\\\/webdesi-gn.fr\\\/dev_deltalabo\\\/produits\\\/cat-produit\\\/armoire-de-securite-pour-le-stockage-de-batteries-au-lithium\\\/#primaryimage\"},\"thumbnailUrl\":\"https:\\\/\\\/webdesi-gn.fr\\\/dev_deltalabo\\\/wp-content\\\/uploads\\\/2025\\\/11\\\/795NLIX4PRISELIBR-1-scaled-1.jpg\",\"datePublished\":\"2025-05-13T08:43:13+00:00\",\"dateModified\":\"2025-12-11T14:16:52+00:00\",\"breadcrumb\":{\"@id\":\"https:\\\/\\\/webdesi-gn.fr\\\/dev_deltalabo\\\/produits\\\/cat-produit\\\/armoire-de-securite-pour-le-stockage-de-batteries-au-lithium\\\/#breadcrumb\"},\"inLanguage\":\"fr-FR\",\"potentialAction\":[{\"@type\":\"ReadAction\",\"target\":[\"https:\\\/\\\/webdesi-gn.fr\\\/dev_deltalabo\\\/produits\\\/cat-produit\\\/armoire-de-securite-pour-le-stockage-de-batteries-au-lithium\\\/\"]}]},{\"@type\":\"ImageObject\",\"inLanguage\":\"fr-FR\",\"@id\":\"https:\\\/\\\/webdesi-gn.fr\\\/dev_deltalabo\\\/produits\\\/cat-produit\\\/armoire-de-securite-pour-le-stockage-de-batteries-au-lithium\\\/#primaryimage\",\"url\":\"https:\\\/\\\/webdesi-gn.fr\\\/dev_deltalabo\\\/wp-content\\\/uploads\\\/2025\\\/11\\\/795NLIX4PRISELIBR-1-scaled-1.jpg\",\"contentUrl\":\"https:\\\/\\\/webdesi-gn.fr\\\/dev_deltalabo\\\/wp-content\\\/uploads\\\/2025\\\/11\\\/795NLIX4PRISELIBR-1-scaled-1.jpg\",\"width\":2252,\"height\":2560},{\"@type\":\"BreadcrumbList\",\"@id\":\"https:\\\/\\\/webdesi-gn.fr\\\/dev_deltalabo\\\/produits\\\/cat-produit\\\/armoire-de-securite-pour-le-stockage-de-batteries-au-lithium\\\/#breadcrumb\",\"itemListElement\":[{\"@type\":\"ListItem\",\"position\":1,\"name\":\"Accueil\",\"item\":\"https:\\\/\\\/webdesi-gn.fr\\\/dev_deltalabo\\\/\"},{\"@type\":\"ListItem\",\"position\":2,\"name\":\"Produits\",\"item\":\"https:\\\/\\\/webdesi-gn.fr\\\/dev_deltalabo\\\/produits\\\/\"},{\"@type\":\"ListItem\",\"position\":3,\"name\":\"Armoire de s\u00e9curit\u00e9 pour le stockage de batteries au lithium TRIONYX\"}]},{\"@type\":\"WebSite\",\"@id\":\"https:\\\/\\\/webdesi-gn.fr\\\/dev_deltalabo\\\/#website\",\"url\":\"https:\\\/\\\/webdesi-gn.fr\\\/dev_deltalabo\\\/\",\"name\":\"Delta Labo\",\"description\":\"Un site utilisant WordPress\",\"publisher\":{\"@id\":\"https:\\\/\\\/webdesi-gn.fr\\\/dev_deltalabo\\\/#organization\"},\"alternateName\":\"Delta Labo\",\"potentialAction\":[{\"@type\":\"SearchAction\",\"target\":{\"@type\":\"EntryPoint\",\"urlTemplate\":\"https:\\\/\\\/webdesi-gn.fr\\\/dev_deltalabo\\\/?s={search_term_string}\"},\"query-input\":{\"@type\":\"PropertyValueSpecification\",\"valueRequired\":true,\"valueName\":\"search_term_string\"}}],\"inLanguage\":\"fr-FR\"},{\"@type\":\"Organization\",\"@id\":\"https:\\\/\\\/webdesi-gn.fr\\\/dev_deltalabo\\\/#organization\",\"name\":\"DeltaLabo\",\"url\":\"https:\\\/\\\/webdesi-gn.fr\\\/dev_deltalabo\\\/\",\"logo\":{\"@type\":\"ImageObject\",\"inLanguage\":\"fr-FR\",\"@id\":\"https:\\\/\\\/webdesi-gn.fr\\\/dev_deltalabo\\\/#\\\/schema\\\/logo\\\/image\\\/\",\"url\":\"https:\\\/\\\/webdesi-gn.fr\\\/dev_deltalabo\\\/wp-content\\\/uploads\\\/2022\\\/07\\\/logo-deltalabo.png\",\"contentUrl\":\"https:\\\/\\\/webdesi-gn.fr\\\/dev_deltalabo\\\/wp-content\\\/uploads\\\/2022\\\/07\\\/logo-deltalabo.png\",\"width\":694,\"height\":306,\"caption\":\"DeltaLabo\"},\"image\":{\"@id\":\"https:\\\/\\\/webdesi-gn.fr\\\/dev_deltalabo\\\/#\\\/schema\\\/logo\\\/image\\\/\"}}]}<\/script>\n<!-- \/ Yoast SEO plugin. -->","yoast_head_json":{"title":"Armoire de s\u00e9curit\u00e9 pour le stockage de batteries au lithium TRIONYX | DeltaLabo","robots":{"index":"noindex","follow":"follow","max-snippet":"max-snippet:-1","max-image-preview":"max-image-preview:large","max-video-preview":"max-video-preview:-1"},"og_locale":"fr_FR","og_type":"article","og_title":"Armoire de s\u00e9curit\u00e9 pour le stockage de batteries au lithium TRIONYX | DeltaLabo","og_description":"Armoire de s\u00e9curit\u00e9 pour le stockage de batteries au lithium TRIONYX :  De fabrication fran\u00e7aise, les armoires de s\u00e9curit\u00e9 sp\u00e9cifiques au stockage de batteries au lithium TRIONYX sont conformes aux normes EN 14470-1.  Elles sont r\u00e9sistantes au feu 90 minutes, 105 minutes, 180 minutes, garantissant ainsi une s\u00e9curit\u00e9 maximale.  Existant en plusieurs mod\u00e8les de tailles diff\u00e9rentes pour parfaire tous les besoins de stockage, ces armoires peuvent \u00eatre \u00e9quip\u00e9es d'\u00e9tag\u00e8res perfor\u00e9es, de bac de r\u00e9tention, d'alarme sonore et visuelle ou encore d'extincteur automatique interne \u00e0 l'armoire.  T\u00e9l\u00e9charger la brochure produit : Armoire de s\u00e9curit\u00e9 pour le stockage de batteries au lithium TRIONYX  Visualiser le guide du bon \u00e9quipement : Armoire de s\u00e9curit\u00e9 pour le stockage de batteries au lithium TRIONYX","og_url":"https:\/\/webdesi-gn.fr\/dev_deltalabo\/produits\/cat-produit\/armoire-de-securite-pour-le-stockage-de-batteries-au-lithium\/","og_site_name":"DeltaLabo","article_modified_time":"2025-12-11T14:16:52+00:00","og_image":[{"width":2252,"height":2560,"url":"https:\/\/webdesi-gn.fr\/dev_deltalabo\/wp-content\/uploads\/2025\/11\/795NLIX4PRISELIBR-1-scaled-1.jpg","type":"image\/jpeg"}],"twitter_card":"summary_large_image","twitter_misc":{"Dur\u00e9e de lecture estim\u00e9e":"1 minute"},"schema":{"@context":"https:\/\/schema.org","@graph":[{"@type":"WebPage","@id":"https:\/\/webdesi-gn.fr\/dev_deltalabo\/produits\/cat-produit\/armoire-de-securite-pour-le-stockage-de-batteries-au-lithium\/","url":"https:\/\/webdesi-gn.fr\/dev_deltalabo\/produits\/cat-produit\/armoire-de-securite-pour-le-stockage-de-batteries-au-lithium\/","name":"Armoire de s\u00e9curit\u00e9 pour le stockage de batteries au lithium TRIONYX | DeltaLabo","isPartOf":{"@id":"https:\/\/webdesi-gn.fr\/dev_deltalabo\/#website"},"primaryImageOfPage":{"@id":"https:\/\/webdesi-gn.fr\/dev_deltalabo\/produits\/cat-produit\/armoire-de-securite-pour-le-stockage-de-batteries-au-lithium\/#primaryimage"},"image":{"@id":"https:\/\/webdesi-gn.fr\/dev_deltalabo\/produits\/cat-produit\/armoire-de-securite-pour-le-stockage-de-batteries-au-lithium\/#primaryimage"},"thumbnailUrl":"https:\/\/webdesi-gn.fr\/dev_deltalabo\/wp-content\/uploads\/2025\/11\/795NLIX4PRISELIBR-1-scaled-1.jpg","datePublished":"2025-05-13T08:43:13+00:00","dateModified":"2025-12-11T14:16:52+00:00","breadcrumb":{"@id":"https:\/\/webdesi-gn.fr\/dev_deltalabo\/produits\/cat-produit\/armoire-de-securite-pour-le-stockage-de-batteries-au-lithium\/#breadcrumb"},"inLanguage":"fr-FR","potentialAction":[{"@type":"ReadAction","target":["https:\/\/webdesi-gn.fr\/dev_deltalabo\/produits\/cat-produit\/armoire-de-securite-pour-le-stockage-de-batteries-au-lithium\/"]}]},{"@type":"ImageObject","inLanguage":"fr-FR","@id":"https:\/\/webdesi-gn.fr\/dev_deltalabo\/produits\/cat-produit\/armoire-de-securite-pour-le-stockage-de-batteries-au-lithium\/#primaryimage","url":"https:\/\/webdesi-gn.fr\/dev_deltalabo\/wp-content\/uploads\/2025\/11\/795NLIX4PRISELIBR-1-scaled-1.jpg","contentUrl":"https:\/\/webdesi-gn.fr\/dev_deltalabo\/wp-content\/uploads\/2025\/11\/795NLIX4PRISELIBR-1-scaled-1.jpg","width":2252,"height":2560},{"@type":"BreadcrumbList","@id":"https:\/\/webdesi-gn.fr\/dev_deltalabo\/produits\/cat-produit\/armoire-de-securite-pour-le-stockage-de-batteries-au-lithium\/#breadcrumb","itemListElement":[{"@type":"ListItem","position":1,"name":"Accueil","item":"https:\/\/webdesi-gn.fr\/dev_deltalabo\/"},{"@type":"ListItem","position":2,"name":"Produits","item":"https:\/\/webdesi-gn.fr\/dev_deltalabo\/produits\/"},{"@type":"ListItem","position":3,"name":"Armoire de s\u00e9curit\u00e9 pour le stockage de batteries au lithium TRIONYX"}]},{"@type":"WebSite","@id":"https:\/\/webdesi-gn.fr\/dev_deltalabo\/#website","url":"https:\/\/webdesi-gn.fr\/dev_deltalabo\/","name":"Delta Labo","description":"Un site utilisant WordPress","publisher":{"@id":"https:\/\/webdesi-gn.fr\/dev_deltalabo\/#organization"},"alternateName":"Delta Labo","potentialAction":[{"@type":"SearchAction","target":{"@type":"EntryPoint","urlTemplate":"https:\/\/webdesi-gn.fr\/dev_deltalabo\/?s={search_term_string}"},"query-input":{"@type":"PropertyValueSpecification","valueRequired":true,"valueName":"search_term_string"}}],"inLanguage":"fr-FR"},{"@type":"Organization","@id":"https:\/\/webdesi-gn.fr\/dev_deltalabo\/#organization","name":"DeltaLabo","url":"https:\/\/webdesi-gn.fr\/dev_deltalabo\/","logo":{"@type":"ImageObject","inLanguage":"fr-FR","@id":"https:\/\/webdesi-gn.fr\/dev_deltalabo\/#\/schema\/logo\/image\/","url":"https:\/\/webdesi-gn.fr\/dev_deltalabo\/wp-content\/uploads\/2022\/07\/logo-deltalabo.png","contentUrl":"https:\/\/webdesi-gn.fr\/dev_deltalabo\/wp-content\/uploads\/2022\/07\/logo-deltalabo.png","width":694,"height":306,"caption":"DeltaLabo"},"image":{"@id":"https:\/\/webdesi-gn.fr\/dev_deltalabo\/#\/schema\/logo\/image\/"}}]}},"_links":{"self":[{"href":"https:\/\/webdesi-gn.fr\/dev_deltalabo\/wp-json\/wp\/v2\/product\/260022","targetHints":{"allow":["GET"]}}],"collection":[{"href":"https:\/\/webdesi-gn.fr\/dev_deltalabo\/wp-json\/wp\/v2\/product"}],"about":[{"href":"https:\/\/webdesi-gn.fr\/dev_deltalabo\/wp-json\/wp\/v2\/types\/product"}],"wp:featuredmedia":[{"embeddable":true,"href":"https:\/\/webdesi-gn.fr\/dev_deltalabo\/wp-json\/wp\/v2\/media\/262000"}],"wp:attachment":[{"href":"https:\/\/webdesi-gn.fr\/dev_deltalabo\/wp-json\/wp\/v2\/media?parent=260022"}],"wp:term":[{"taxonomy":"domaine","embeddable":true,"href":"https:\/\/webdesi-gn.fr\/dev_deltalabo\/wp-json\/wp\/v2\/domaine?post=260022"},{"taxonomy":"normes","embeddable":true,"href":"https:\/\/webdesi-gn.fr\/dev_deltalabo\/wp-json\/wp\/v2\/normes?post=260022"},{"taxonomy":"product_brand","embeddable":true,"href":"https:\/\/webdesi-gn.fr\/dev_deltalabo\/wp-json\/wp\/v2\/product_brand?post=260022"},{"taxonomy":"product_cat","embeddable":true,"href":"https:\/\/webdesi-gn.fr\/dev_deltalabo\/wp-json\/wp\/v2\/product_cat?post=260022"},{"taxonomy":"product_tag","embeddable":true,"href":"https:\/\/webdesi-gn.fr\/dev_deltalabo\/wp-json\/wp\/v2\/product_tag?post=260022"}],"curies":[{"name":"wp","href":"https:\/\/api.w.org\/{rel}","templated":true}]}}