{"id":260026,"date":"2025-05-13T11:05:19","date_gmt":"2025-05-13T09:05:19","guid":{"rendered":"https:\/\/webdesi-gn.fr\/dev_deltalabo\/?post_type=product&#038;p=260026"},"modified":"2025-11-24T13:41:27","modified_gmt":"2025-11-24T12:41:27","slug":"armoires-de-securite-pour-produits-dangereux-trionyx","status":"publish","type":"product","link":"https:\/\/webdesi-gn.fr\/dev_deltalabo\/produits\/cat-produit\/armoires-de-securite-pour-produits-dangereux-trionyx\/","title":{"rendered":"Hotte chimique de s\u00e9curit\u00e9 pour produits dangereux Trionyx Labopur"},"content":{"rendered":"","protected":false},"excerpt":{"rendered":"<p><strong>Hotte chimique de s\u00e9curit\u00e9 pour produits dangereux Trionyx Labopur :<\/strong><\/p>\n<p>Les hottes chimiques de s\u00e9curit\u00e9 pour produits dangereux TRIONYX Labopur sont de fabrication fran\u00e7aise et homologu\u00e9es \u00e0 la norme NF X 15-211.<\/p>\n<p>Conformes \u00e0 la norme PrEN 17242 Classe 1 et Classe 2, elles garantissent une manipulation s\u00e9curis\u00e9e des produits chimiques dangereux, en confinant les vapeurs dans l&rsquo;enceinte de manipulation puis en les \u00e9liminant via un filtre mol\u00e9culaire.<\/p>\n<ul>\n<li>Sorbonnes \u00e0 recirculation d\u2019air classe I &amp; II Labopur : les hottes de classe I poss\u00e8dent un d\u00e9tecteur de saturation du filtre.<\/li>\n<li>Syst\u00e8mes de ventilation-filtration<\/li>\n<li>Parois transparentes<\/li>\n<li>Facilit\u00e9 de remplacement du filtre<\/li>\n<li>Bac de r\u00e9tention en option<\/li>\n<li>Eclairage LED en option<\/li>\n<li>Faible niveau acoustique des ventilateurs : 60dB(A)<\/li>\n<\/ul>\n<p><strong>T\u00e9l\u00e9charger la brochure produit Hottes Classe 1 :<\/strong> <a href=\"https:\/\/www.deltalabo.fr\/wp-content\/uploads\/2025\/05\/HC1-25-T-fra-DL.pdf\">Hottes chimiques de s\u00e9curit\u00e9 pour produits dangereux TRIONYX Labopur Classe 1<\/a><\/p>\n<p><strong>T\u00e9l\u00e9charger la brochure produit Hottes Classe 2 :<\/strong> <a href=\"https:\/\/www.deltalabo.fr\/wp-content\/uploads\/2025\/05\/HC2-25-T-fra-DL.pdf\">Hottes chimiques de s\u00e9curit\u00e9 pour produits dangereux TRIONYX Labopur Classe 2<\/a><\/p>\n<p><strong>Visualiser l&rsquo;utilisation du produit :<\/strong> <a href=\"https:\/\/www.youtube.com\/watch?v=iybl3GEwpoE\">Hottes chimiques de s\u00e9curit\u00e9 pour produits dangereux TRIONYX Labopur<\/a><\/p>\n<p><strong>T\u00e9l\u00e9charger le diagnostic produit :<\/strong> <a href=\"https:\/\/www.deltalabo.fr\/wp-content\/uploads\/2025\/05\/diagnostic-chimique-a-faire-remplir-au-client-pour-determiner-le-bon-filtre-DL.pdf\">Questionnaire Trionyx Labopur<\/a><\/p>\n<p><strong>T\u00e9l\u00e9charger le questionnaire de prestation d&rsquo;installation par nos soins sur demande :<\/strong> <a href=\"https:\/\/www.deltalabo.fr\/wp-content\/uploads\/2025\/05\/questionnaire-IN-SITU-a-faire-remplir-au-client-pour-chiffrer-la-prestation.pdf\">Questionnaire d&rsquo;installation\u00a0<\/a><\/p>\n<p><strong>T\u00e9l\u00e9charger la brochure produit des accessoires :<\/strong> <a href=\"https:\/\/www.deltalabo.fr\/wp-content\/uploads\/2025\/05\/htables-24-fr-DL.pdf\">Table roulante pour hottes<\/a><\/p>\n","protected":false},"featured_media":261991,"template":"","meta":{"_acf_changed":false,"site-sidebar-layout":"default","site-content-layout":"","ast-site-content-layout":"default","site-content-style":"default","site-sidebar-style":"default","ast-global-header-display":"","ast-banner-title-visibility":"","ast-main-header-display":"","ast-hfb-above-header-display":"","ast-hfb-below-header-display":"","ast-hfb-mobile-header-display":"","site-post-title":"","ast-breadcrumbs-content":"","ast-featured-img":"","footer-sml-layout":"","ast-disable-related-posts":"","theme-transparent-header-meta":"","adv-header-id-meta":"","stick-header-meta":"","header-above-stick-meta":"","header-main-stick-meta":"","header-below-stick-meta":"","astra-migrate-meta-layouts":"default","ast-page-background-enabled":"default","ast-page-background-meta":{"desktop":{"background-color":"var(--ast-global-color-5)","background-image":"","background-repeat":"repeat","background-position":"center center","background-size":"auto","background-attachment":"scroll","background-type":"","background-media":"","overlay-type":"","overlay-color":"","overlay-opacity":"","overlay-gradient":""},"tablet":{"background-color":"","background-image":"","background-repeat":"repeat","background-position":"center center","background-size":"auto","background-attachment":"scroll","background-type":"","background-media":"","overlay-type":"","overlay-color":"","overlay-opacity":"","overlay-gradient":""},"mobile":{"background-color":"","background-image":"","background-repeat":"repeat","background-position":"center center","background-size":"auto","background-attachment":"scroll","background-type":"","background-media":"","overlay-type":"","overlay-color":"","overlay-opacity":"","overlay-gradient":""}},"ast-content-background-meta":{"desktop":{"background-color":"var(--ast-global-color-4)","background-image":"","background-repeat":"repeat","background-position":"center center","background-size":"auto","background-attachment":"scroll","background-type":"","background-media":"","overlay-type":"","overlay-color":"","overlay-opacity":"","overlay-gradient":""},"tablet":{"background-color":"var(--ast-global-color-4)","background-image":"","background-repeat":"repeat","background-position":"center center","background-size":"auto","background-attachment":"scroll","background-type":"","background-media":"","overlay-type":"","overlay-color":"","overlay-opacity":"","overlay-gradient":""},"mobile":{"background-color":"var(--ast-global-color-4)","background-image":"","background-repeat":"repeat","background-position":"center center","background-size":"auto","background-attachment":"scroll","background-type":"","background-media":"","overlay-type":"","overlay-color":"","overlay-opacity":"","overlay-gradient":""}}},"domaine":[],"normes":[17135,497],"product_brand":[],"product_cat":[15],"product_tag":[],"class_list":{"0":"post-260026","1":"product","2":"type-product","3":"status-publish","4":"has-post-thumbnail","6":"normes-din-51562","7":"normes-x-15-211","8":"product_cat-cat-produit","9":"desktop-align-left","10":"tablet-align-left","11":"mobile-align-left","13":"first","14":"instock","15":"shipping-taxable","16":"purchasable","17":"product-type-simple"},"acf":[],"yoast_head":"<!-- This site is optimized with the Yoast SEO plugin v27.4 - https:\/\/yoast.com\/product\/yoast-seo-wordpress\/ -->\n<title>Hotte chimique de s\u00e9curit\u00e9 pour produits dangereux Trionyx Labopur | DeltaLabo<\/title>\n<meta name=\"robots\" content=\"noindex, follow, max-snippet:-1, max-image-preview:large, max-video-preview:-1\" \/>\n<meta property=\"og:locale\" content=\"fr_FR\" \/>\n<meta property=\"og:type\" content=\"article\" \/>\n<meta property=\"og:title\" content=\"Hotte chimique de s\u00e9curit\u00e9 pour produits dangereux Trionyx Labopur | DeltaLabo\" \/>\n<meta property=\"og:description\" content=\"Hotte chimique de s\u00e9curit\u00e9 pour produits dangereux Trionyx Labopur :  Les hottes chimiques de s\u00e9curit\u00e9 pour produits dangereux TRIONYX Labopur sont de fabrication fran\u00e7aise et homologu\u00e9es \u00e0 la norme NF X 15-211.  Conformes \u00e0 la norme PrEN 17242 Classe 1 et Classe 2, elles garantissent une manipulation s\u00e9curis\u00e9e des produits chimiques dangereux, en confinant les vapeurs dans l&#039;enceinte de manipulation puis en les \u00e9liminant via un filtre mol\u00e9culaire.   Sorbonnes \u00e0 recirculation d\u2019air classe I &amp; II Labopur : les hottes de classe I poss\u00e8dent un d\u00e9tecteur de saturation du filtre.  Syst\u00e8mes de ventilation-filtration  Parois transparentes  Facilit\u00e9 de remplacement du filtre  Bac de r\u00e9tention en option  Eclairage LED en option  Faible niveau acoustique des ventilateurs : 60dB(A)  T\u00e9l\u00e9charger la brochure produit Hottes Classe 1 : Hottes chimiques de s\u00e9curit\u00e9 pour produits dangereux TRIONYX Labopur Classe 1  T\u00e9l\u00e9charger la brochure produit Hottes Classe 2 : Hottes chimiques de s\u00e9curit\u00e9 pour produits dangereux TRIONYX Labopur Classe 2  Visualiser l&#039;utilisation du produit : Hottes chimiques de s\u00e9curit\u00e9 pour produits dangereux TRIONYX Labopur  T\u00e9l\u00e9charger le diagnostic produit : Questionnaire Trionyx Labopur  T\u00e9l\u00e9charger le questionnaire de prestation d&#039;installation par nos soins sur demande : Questionnaire d&#039;installation\u00a0  T\u00e9l\u00e9charger la brochure produit des accessoires : Table roulante pour hottes\" \/>\n<meta property=\"og:url\" content=\"https:\/\/webdesi-gn.fr\/dev_deltalabo\/produits\/cat-produit\/armoires-de-securite-pour-produits-dangereux-trionyx\/\" \/>\n<meta property=\"og:site_name\" content=\"DeltaLabo\" \/>\n<meta property=\"article:modified_time\" content=\"2025-11-24T12:41:27+00:00\" \/>\n<meta property=\"og:image\" content=\"https:\/\/webdesi-gn.fr\/dev_deltalabo\/wp-content\/uploads\/2025\/05\/DELTA-LABO-hottes-2.jpg\" \/>\n\t<meta property=\"og:image:width\" content=\"639\" \/>\n\t<meta property=\"og:image:height\" content=\"635\" \/>\n\t<meta property=\"og:image:type\" content=\"image\/jpeg\" \/>\n<meta name=\"twitter:card\" content=\"summary_large_image\" \/>\n<meta name=\"twitter:label1\" content=\"Dur\u00e9e de lecture estim\u00e9e\" \/>\n\t<meta name=\"twitter:data1\" content=\"1 minute\" \/>\n<script type=\"application\/ld+json\" class=\"yoast-schema-graph\">{\"@context\":\"https:\\\/\\\/schema.org\",\"@graph\":[{\"@type\":\"WebPage\",\"@id\":\"https:\\\/\\\/webdesi-gn.fr\\\/dev_deltalabo\\\/produits\\\/cat-produit\\\/armoires-de-securite-pour-produits-dangereux-trionyx\\\/\",\"url\":\"https:\\\/\\\/webdesi-gn.fr\\\/dev_deltalabo\\\/produits\\\/cat-produit\\\/armoires-de-securite-pour-produits-dangereux-trionyx\\\/\",\"name\":\"Hotte chimique de s\u00e9curit\u00e9 pour produits dangereux Trionyx Labopur | DeltaLabo\",\"isPartOf\":{\"@id\":\"https:\\\/\\\/webdesi-gn.fr\\\/dev_deltalabo\\\/#website\"},\"primaryImageOfPage\":{\"@id\":\"https:\\\/\\\/webdesi-gn.fr\\\/dev_deltalabo\\\/produits\\\/cat-produit\\\/armoires-de-securite-pour-produits-dangereux-trionyx\\\/#primaryimage\"},\"image\":{\"@id\":\"https:\\\/\\\/webdesi-gn.fr\\\/dev_deltalabo\\\/produits\\\/cat-produit\\\/armoires-de-securite-pour-produits-dangereux-trionyx\\\/#primaryimage\"},\"thumbnailUrl\":\"https:\\\/\\\/webdesi-gn.fr\\\/dev_deltalabo\\\/wp-content\\\/uploads\\\/2025\\\/11\\\/DELTA-LABO-hottes-2.jpg\",\"datePublished\":\"2025-05-13T09:05:19+00:00\",\"dateModified\":\"2025-11-24T12:41:27+00:00\",\"breadcrumb\":{\"@id\":\"https:\\\/\\\/webdesi-gn.fr\\\/dev_deltalabo\\\/produits\\\/cat-produit\\\/armoires-de-securite-pour-produits-dangereux-trionyx\\\/#breadcrumb\"},\"inLanguage\":\"fr-FR\",\"potentialAction\":[{\"@type\":\"ReadAction\",\"target\":[\"https:\\\/\\\/webdesi-gn.fr\\\/dev_deltalabo\\\/produits\\\/cat-produit\\\/armoires-de-securite-pour-produits-dangereux-trionyx\\\/\"]}]},{\"@type\":\"ImageObject\",\"inLanguage\":\"fr-FR\",\"@id\":\"https:\\\/\\\/webdesi-gn.fr\\\/dev_deltalabo\\\/produits\\\/cat-produit\\\/armoires-de-securite-pour-produits-dangereux-trionyx\\\/#primaryimage\",\"url\":\"https:\\\/\\\/webdesi-gn.fr\\\/dev_deltalabo\\\/wp-content\\\/uploads\\\/2025\\\/11\\\/DELTA-LABO-hottes-2.jpg\",\"contentUrl\":\"https:\\\/\\\/webdesi-gn.fr\\\/dev_deltalabo\\\/wp-content\\\/uploads\\\/2025\\\/11\\\/DELTA-LABO-hottes-2.jpg\",\"width\":639,\"height\":635},{\"@type\":\"BreadcrumbList\",\"@id\":\"https:\\\/\\\/webdesi-gn.fr\\\/dev_deltalabo\\\/produits\\\/cat-produit\\\/armoires-de-securite-pour-produits-dangereux-trionyx\\\/#breadcrumb\",\"itemListElement\":[{\"@type\":\"ListItem\",\"position\":1,\"name\":\"Accueil\",\"item\":\"https:\\\/\\\/webdesi-gn.fr\\\/dev_deltalabo\\\/\"},{\"@type\":\"ListItem\",\"position\":2,\"name\":\"Produits\",\"item\":\"https:\\\/\\\/webdesi-gn.fr\\\/dev_deltalabo\\\/produits\\\/\"},{\"@type\":\"ListItem\",\"position\":3,\"name\":\"Hotte chimique de s\u00e9curit\u00e9 pour produits dangereux Trionyx Labopur\"}]},{\"@type\":\"WebSite\",\"@id\":\"https:\\\/\\\/webdesi-gn.fr\\\/dev_deltalabo\\\/#website\",\"url\":\"https:\\\/\\\/webdesi-gn.fr\\\/dev_deltalabo\\\/\",\"name\":\"Delta Labo\",\"description\":\"Un site utilisant WordPress\",\"publisher\":{\"@id\":\"https:\\\/\\\/webdesi-gn.fr\\\/dev_deltalabo\\\/#organization\"},\"alternateName\":\"Delta Labo\",\"potentialAction\":[{\"@type\":\"SearchAction\",\"target\":{\"@type\":\"EntryPoint\",\"urlTemplate\":\"https:\\\/\\\/webdesi-gn.fr\\\/dev_deltalabo\\\/?s={search_term_string}\"},\"query-input\":{\"@type\":\"PropertyValueSpecification\",\"valueRequired\":true,\"valueName\":\"search_term_string\"}}],\"inLanguage\":\"fr-FR\"},{\"@type\":\"Organization\",\"@id\":\"https:\\\/\\\/webdesi-gn.fr\\\/dev_deltalabo\\\/#organization\",\"name\":\"DeltaLabo\",\"url\":\"https:\\\/\\\/webdesi-gn.fr\\\/dev_deltalabo\\\/\",\"logo\":{\"@type\":\"ImageObject\",\"inLanguage\":\"fr-FR\",\"@id\":\"https:\\\/\\\/webdesi-gn.fr\\\/dev_deltalabo\\\/#\\\/schema\\\/logo\\\/image\\\/\",\"url\":\"https:\\\/\\\/webdesi-gn.fr\\\/dev_deltalabo\\\/wp-content\\\/uploads\\\/2022\\\/07\\\/logo-deltalabo.png\",\"contentUrl\":\"https:\\\/\\\/webdesi-gn.fr\\\/dev_deltalabo\\\/wp-content\\\/uploads\\\/2022\\\/07\\\/logo-deltalabo.png\",\"width\":694,\"height\":306,\"caption\":\"DeltaLabo\"},\"image\":{\"@id\":\"https:\\\/\\\/webdesi-gn.fr\\\/dev_deltalabo\\\/#\\\/schema\\\/logo\\\/image\\\/\"}}]}<\/script>\n<!-- \/ Yoast SEO plugin. -->","yoast_head_json":{"title":"Hotte chimique de s\u00e9curit\u00e9 pour produits dangereux Trionyx Labopur | DeltaLabo","robots":{"index":"noindex","follow":"follow","max-snippet":"max-snippet:-1","max-image-preview":"max-image-preview:large","max-video-preview":"max-video-preview:-1"},"og_locale":"fr_FR","og_type":"article","og_title":"Hotte chimique de s\u00e9curit\u00e9 pour produits dangereux Trionyx Labopur | DeltaLabo","og_description":"Hotte chimique de s\u00e9curit\u00e9 pour produits dangereux Trionyx Labopur :  Les hottes chimiques de s\u00e9curit\u00e9 pour produits dangereux TRIONYX Labopur sont de fabrication fran\u00e7aise et homologu\u00e9es \u00e0 la norme NF X 15-211.  Conformes \u00e0 la norme PrEN 17242 Classe 1 et Classe 2, elles garantissent une manipulation s\u00e9curis\u00e9e des produits chimiques dangereux, en confinant les vapeurs dans l'enceinte de manipulation puis en les \u00e9liminant via un filtre mol\u00e9culaire.   Sorbonnes \u00e0 recirculation d\u2019air classe I &amp; II Labopur : les hottes de classe I poss\u00e8dent un d\u00e9tecteur de saturation du filtre.  Syst\u00e8mes de ventilation-filtration  Parois transparentes  Facilit\u00e9 de remplacement du filtre  Bac de r\u00e9tention en option  Eclairage LED en option  Faible niveau acoustique des ventilateurs : 60dB(A)  T\u00e9l\u00e9charger la brochure produit Hottes Classe 1 : Hottes chimiques de s\u00e9curit\u00e9 pour produits dangereux TRIONYX Labopur Classe 1  T\u00e9l\u00e9charger la brochure produit Hottes Classe 2 : Hottes chimiques de s\u00e9curit\u00e9 pour produits dangereux TRIONYX Labopur Classe 2  Visualiser l'utilisation du produit : Hottes chimiques de s\u00e9curit\u00e9 pour produits dangereux TRIONYX Labopur  T\u00e9l\u00e9charger le diagnostic produit : Questionnaire Trionyx Labopur  T\u00e9l\u00e9charger le questionnaire de prestation d'installation par nos soins sur demande : Questionnaire d'installation\u00a0  T\u00e9l\u00e9charger la brochure produit des accessoires : Table roulante pour hottes","og_url":"https:\/\/webdesi-gn.fr\/dev_deltalabo\/produits\/cat-produit\/armoires-de-securite-pour-produits-dangereux-trionyx\/","og_site_name":"DeltaLabo","article_modified_time":"2025-11-24T12:41:27+00:00","og_image":[{"width":639,"height":635,"url":"https:\/\/webdesi-gn.fr\/dev_deltalabo\/wp-content\/uploads\/2025\/05\/DELTA-LABO-hottes-2.jpg","type":"image\/jpeg"}],"twitter_card":"summary_large_image","twitter_misc":{"Dur\u00e9e de lecture estim\u00e9e":"1 minute"},"schema":{"@context":"https:\/\/schema.org","@graph":[{"@type":"WebPage","@id":"https:\/\/webdesi-gn.fr\/dev_deltalabo\/produits\/cat-produit\/armoires-de-securite-pour-produits-dangereux-trionyx\/","url":"https:\/\/webdesi-gn.fr\/dev_deltalabo\/produits\/cat-produit\/armoires-de-securite-pour-produits-dangereux-trionyx\/","name":"Hotte chimique de s\u00e9curit\u00e9 pour produits dangereux Trionyx Labopur | DeltaLabo","isPartOf":{"@id":"https:\/\/webdesi-gn.fr\/dev_deltalabo\/#website"},"primaryImageOfPage":{"@id":"https:\/\/webdesi-gn.fr\/dev_deltalabo\/produits\/cat-produit\/armoires-de-securite-pour-produits-dangereux-trionyx\/#primaryimage"},"image":{"@id":"https:\/\/webdesi-gn.fr\/dev_deltalabo\/produits\/cat-produit\/armoires-de-securite-pour-produits-dangereux-trionyx\/#primaryimage"},"thumbnailUrl":"https:\/\/webdesi-gn.fr\/dev_deltalabo\/wp-content\/uploads\/2025\/11\/DELTA-LABO-hottes-2.jpg","datePublished":"2025-05-13T09:05:19+00:00","dateModified":"2025-11-24T12:41:27+00:00","breadcrumb":{"@id":"https:\/\/webdesi-gn.fr\/dev_deltalabo\/produits\/cat-produit\/armoires-de-securite-pour-produits-dangereux-trionyx\/#breadcrumb"},"inLanguage":"fr-FR","potentialAction":[{"@type":"ReadAction","target":["https:\/\/webdesi-gn.fr\/dev_deltalabo\/produits\/cat-produit\/armoires-de-securite-pour-produits-dangereux-trionyx\/"]}]},{"@type":"ImageObject","inLanguage":"fr-FR","@id":"https:\/\/webdesi-gn.fr\/dev_deltalabo\/produits\/cat-produit\/armoires-de-securite-pour-produits-dangereux-trionyx\/#primaryimage","url":"https:\/\/webdesi-gn.fr\/dev_deltalabo\/wp-content\/uploads\/2025\/11\/DELTA-LABO-hottes-2.jpg","contentUrl":"https:\/\/webdesi-gn.fr\/dev_deltalabo\/wp-content\/uploads\/2025\/11\/DELTA-LABO-hottes-2.jpg","width":639,"height":635},{"@type":"BreadcrumbList","@id":"https:\/\/webdesi-gn.fr\/dev_deltalabo\/produits\/cat-produit\/armoires-de-securite-pour-produits-dangereux-trionyx\/#breadcrumb","itemListElement":[{"@type":"ListItem","position":1,"name":"Accueil","item":"https:\/\/webdesi-gn.fr\/dev_deltalabo\/"},{"@type":"ListItem","position":2,"name":"Produits","item":"https:\/\/webdesi-gn.fr\/dev_deltalabo\/produits\/"},{"@type":"ListItem","position":3,"name":"Hotte chimique de s\u00e9curit\u00e9 pour produits dangereux Trionyx Labopur"}]},{"@type":"WebSite","@id":"https:\/\/webdesi-gn.fr\/dev_deltalabo\/#website","url":"https:\/\/webdesi-gn.fr\/dev_deltalabo\/","name":"Delta Labo","description":"Un site utilisant WordPress","publisher":{"@id":"https:\/\/webdesi-gn.fr\/dev_deltalabo\/#organization"},"alternateName":"Delta Labo","potentialAction":[{"@type":"SearchAction","target":{"@type":"EntryPoint","urlTemplate":"https:\/\/webdesi-gn.fr\/dev_deltalabo\/?s={search_term_string}"},"query-input":{"@type":"PropertyValueSpecification","valueRequired":true,"valueName":"search_term_string"}}],"inLanguage":"fr-FR"},{"@type":"Organization","@id":"https:\/\/webdesi-gn.fr\/dev_deltalabo\/#organization","name":"DeltaLabo","url":"https:\/\/webdesi-gn.fr\/dev_deltalabo\/","logo":{"@type":"ImageObject","inLanguage":"fr-FR","@id":"https:\/\/webdesi-gn.fr\/dev_deltalabo\/#\/schema\/logo\/image\/","url":"https:\/\/webdesi-gn.fr\/dev_deltalabo\/wp-content\/uploads\/2022\/07\/logo-deltalabo.png","contentUrl":"https:\/\/webdesi-gn.fr\/dev_deltalabo\/wp-content\/uploads\/2022\/07\/logo-deltalabo.png","width":694,"height":306,"caption":"DeltaLabo"},"image":{"@id":"https:\/\/webdesi-gn.fr\/dev_deltalabo\/#\/schema\/logo\/image\/"}}]}},"_links":{"self":[{"href":"https:\/\/webdesi-gn.fr\/dev_deltalabo\/wp-json\/wp\/v2\/product\/260026","targetHints":{"allow":["GET"]}}],"collection":[{"href":"https:\/\/webdesi-gn.fr\/dev_deltalabo\/wp-json\/wp\/v2\/product"}],"about":[{"href":"https:\/\/webdesi-gn.fr\/dev_deltalabo\/wp-json\/wp\/v2\/types\/product"}],"wp:featuredmedia":[{"embeddable":true,"href":"https:\/\/webdesi-gn.fr\/dev_deltalabo\/wp-json\/wp\/v2\/media\/261991"}],"wp:attachment":[{"href":"https:\/\/webdesi-gn.fr\/dev_deltalabo\/wp-json\/wp\/v2\/media?parent=260026"}],"wp:term":[{"taxonomy":"domaine","embeddable":true,"href":"https:\/\/webdesi-gn.fr\/dev_deltalabo\/wp-json\/wp\/v2\/domaine?post=260026"},{"taxonomy":"normes","embeddable":true,"href":"https:\/\/webdesi-gn.fr\/dev_deltalabo\/wp-json\/wp\/v2\/normes?post=260026"},{"taxonomy":"product_brand","embeddable":true,"href":"https:\/\/webdesi-gn.fr\/dev_deltalabo\/wp-json\/wp\/v2\/product_brand?post=260026"},{"taxonomy":"product_cat","embeddable":true,"href":"https:\/\/webdesi-gn.fr\/dev_deltalabo\/wp-json\/wp\/v2\/product_cat?post=260026"},{"taxonomy":"product_tag","embeddable":true,"href":"https:\/\/webdesi-gn.fr\/dev_deltalabo\/wp-json\/wp\/v2\/product_tag?post=260026"}],"curies":[{"name":"wp","href":"https:\/\/api.w.org\/{rel}","templated":true}]}}