{"id":260073,"date":"2025-05-19T10:33:15","date_gmt":"2025-05-19T08:33:15","guid":{"rendered":"https:\/\/webdesi-gn.fr\/dev_deltalabo\/?post_type=product&#038;p=260073"},"modified":"2025-11-24T15:30:18","modified_gmt":"2025-11-24T14:30:18","slug":"instrument-de-mesure-de-la-surveillance-en-ligne-des-lubrifiants-stanhope-seta-cm1000-0","status":"publish","type":"product","link":"https:\/\/webdesi-gn.fr\/dev_deltalabo\/produits\/metallurgie-siderurgie\/instrument-de-mesure-de-la-surveillance-en-ligne-des-lubrifiants-stanhope-seta-cm1000-0\/","title":{"rendered":"Analyseur en ligne de lubrifiants STANHOPE SETA &#8211; Seta Oil Arbiter CM1000-0"},"content":{"rendered":"","protected":false},"excerpt":{"rendered":"<p><strong>Analyseur en ligne de lubrifiants STANHOPE SETA &#8211; Seta Oil Arbiter CM1000-0 :<\/strong><\/p>\n<p>Le Seta Oil Arbiter CM1000-0 est un analyseur en ligne <span class=\"Y2IQFc\" lang=\"fr\">de lubrifiants permettant de suivre en continu :<\/span><\/p>\n<ul>\n<li id=\"tw-target-text\" class=\"tw-data-text tw-text-large tw-ta\" dir=\"ltr\" data-placeholder=\"Traduction\" data-ved=\"2ahUKEwiipoXdjq-NAxW1UqQEHYIjDtIQ3ewLegQICRAV\" aria-label=\"Texte traduit\u00a0: Seta Oil Arbiter est une suite de surveillance conditionnelle en ligne con\u00e7ue pour surveiller en temps r\u00e9el un flux constant de lubrifiant, en signalant les param\u00e8tres suivants\u00a0: D\u00e9bris d'usure m\u00e9tallique par taille et esp\u00e8ce m\u00e9tallique (\u00e9tat de la machine) Conductivit\u00e9 AC, permittivit\u00e9 (\u00e9tat de l'huile) Teneur en humidit\u00e9 (eau dissoute dans l'huile, contamination) Pression d'huile (\u00e9tat du syst\u00e8me de lubrification) Temp\u00e9rature de l'huile (\u00e9tat du syst\u00e8me de lubrification) Cette solution de surveillance de l'\u00e9tat est con\u00e7ue autour du capteur de d\u00e9bris d'usure et du capteur d'\u00e9tat du fluide. Les deux unit\u00e9s sont des capteurs en ligne robustes con\u00e7us sp\u00e9cifiquement pour fonctionner dans les syst\u00e8mes de lubrification. Les deux capteurs sont des appareils calibr\u00e9s en usine avec des pi\u00e8ces immobiles qui poss\u00e8dent une fiabilit\u00e9 \u00e9lev\u00e9e et une stabilit\u00e9 \u00e0 long terme, \u00e9liminant ainsi le besoin de r\u00e9\u00e9talonnage. L'utilisation de ces capteurs a fait ses preuves en mati\u00e8re de r\u00e9duction des co\u00fbts d'exploitation globaux des machines dans le cadre d'un programme de maintenance proactive, avec une r\u00e9duction associ\u00e9e des contr\u00f4les de routine, des tests en laboratoire et des temps d'arr\u00eat li\u00e9s aux pannes.\"><span class=\"Y2IQFc\" lang=\"fr\">la composition en d\u00e9bris d&rsquo;usure m\u00e9tallique<\/span><\/li>\n<li class=\"tw-data-text tw-text-large tw-ta\" dir=\"ltr\" data-placeholder=\"Traduction\" data-ved=\"2ahUKEwiipoXdjq-NAxW1UqQEHYIjDtIQ3ewLegQICRAV\" aria-label=\"Texte traduit\u00a0: Seta Oil Arbiter est une suite de surveillance conditionnelle en ligne con\u00e7ue pour surveiller en temps r\u00e9el un flux constant de lubrifiant, en signalant les param\u00e8tres suivants\u00a0: D\u00e9bris d'usure m\u00e9tallique par taille et esp\u00e8ce m\u00e9tallique (\u00e9tat de la machine) Conductivit\u00e9 AC, permittivit\u00e9 (\u00e9tat de l'huile) Teneur en humidit\u00e9 (eau dissoute dans l'huile, contamination) Pression d'huile (\u00e9tat du syst\u00e8me de lubrification) Temp\u00e9rature de l'huile (\u00e9tat du syst\u00e8me de lubrification) Cette solution de surveillance de l'\u00e9tat est con\u00e7ue autour du capteur de d\u00e9bris d'usure et du capteur d'\u00e9tat du fluide. Les deux unit\u00e9s sont des capteurs en ligne robustes con\u00e7us sp\u00e9cifiquement pour fonctionner dans les syst\u00e8mes de lubrification. Les deux capteurs sont des appareils calibr\u00e9s en usine avec des pi\u00e8ces immobiles qui poss\u00e8dent une fiabilit\u00e9 \u00e9lev\u00e9e et une stabilit\u00e9 \u00e0 long terme, \u00e9liminant ainsi le besoin de r\u00e9\u00e9talonnage. L'utilisation de ces capteurs a fait ses preuves en mati\u00e8re de r\u00e9duction des co\u00fbts d'exploitation globaux des machines dans le cadre d'un programme de maintenance proactive, avec une r\u00e9duction associ\u00e9e des contr\u00f4les de routine, des tests en laboratoire et des temps d'arr\u00eat li\u00e9s aux pannes.\">la conductivit\u00e9 \u00e9lectrique<\/li>\n<li class=\"tw-data-text tw-text-large tw-ta\" dir=\"ltr\" data-placeholder=\"Traduction\" data-ved=\"2ahUKEwiipoXdjq-NAxW1UqQEHYIjDtIQ3ewLegQICRAV\" aria-label=\"Texte traduit\u00a0: Seta Oil Arbiter est une suite de surveillance conditionnelle en ligne con\u00e7ue pour surveiller en temps r\u00e9el un flux constant de lubrifiant, en signalant les param\u00e8tres suivants\u00a0: D\u00e9bris d'usure m\u00e9tallique par taille et esp\u00e8ce m\u00e9tallique (\u00e9tat de la machine) Conductivit\u00e9 AC, permittivit\u00e9 (\u00e9tat de l'huile) Teneur en humidit\u00e9 (eau dissoute dans l'huile, contamination) Pression d'huile (\u00e9tat du syst\u00e8me de lubrification) Temp\u00e9rature de l'huile (\u00e9tat du syst\u00e8me de lubrification) Cette solution de surveillance de l'\u00e9tat est con\u00e7ue autour du capteur de d\u00e9bris d'usure et du capteur d'\u00e9tat du fluide. Les deux unit\u00e9s sont des capteurs en ligne robustes con\u00e7us sp\u00e9cifiquement pour fonctionner dans les syst\u00e8mes de lubrification. Les deux capteurs sont des appareils calibr\u00e9s en usine avec des pi\u00e8ces immobiles qui poss\u00e8dent une fiabilit\u00e9 \u00e9lev\u00e9e et une stabilit\u00e9 \u00e0 long terme, \u00e9liminant ainsi le besoin de r\u00e9\u00e9talonnage. L'utilisation de ces capteurs a fait ses preuves en mati\u00e8re de r\u00e9duction des co\u00fbts d'exploitation globaux des machines dans le cadre d'un programme de maintenance proactive, avec une r\u00e9duction associ\u00e9e des contr\u00f4les de routine, des tests en laboratoire et des temps d'arr\u00eat li\u00e9s aux pannes.\">la teneur en humidit\u00e9<\/li>\n<li class=\"tw-data-text tw-text-large tw-ta\" dir=\"ltr\" data-placeholder=\"Traduction\" data-ved=\"2ahUKEwiipoXdjq-NAxW1UqQEHYIjDtIQ3ewLegQICRAV\" aria-label=\"Texte traduit\u00a0: Seta Oil Arbiter est une suite de surveillance conditionnelle en ligne con\u00e7ue pour surveiller en temps r\u00e9el un flux constant de lubrifiant, en signalant les param\u00e8tres suivants\u00a0: D\u00e9bris d'usure m\u00e9tallique par taille et esp\u00e8ce m\u00e9tallique (\u00e9tat de la machine) Conductivit\u00e9 AC, permittivit\u00e9 (\u00e9tat de l'huile) Teneur en humidit\u00e9 (eau dissoute dans l'huile, contamination) Pression d'huile (\u00e9tat du syst\u00e8me de lubrification) Temp\u00e9rature de l'huile (\u00e9tat du syst\u00e8me de lubrification) Cette solution de surveillance de l'\u00e9tat est con\u00e7ue autour du capteur de d\u00e9bris d'usure et du capteur d'\u00e9tat du fluide. Les deux unit\u00e9s sont des capteurs en ligne robustes con\u00e7us sp\u00e9cifiquement pour fonctionner dans les syst\u00e8mes de lubrification. Les deux capteurs sont des appareils calibr\u00e9s en usine avec des pi\u00e8ces immobiles qui poss\u00e8dent une fiabilit\u00e9 \u00e9lev\u00e9e et une stabilit\u00e9 \u00e0 long terme, \u00e9liminant ainsi le besoin de r\u00e9\u00e9talonnage. L'utilisation de ces capteurs a fait ses preuves en mati\u00e8re de r\u00e9duction des co\u00fbts d'exploitation globaux des machines dans le cadre d'un programme de maintenance proactive, avec une r\u00e9duction associ\u00e9e des contr\u00f4les de routine, des tests en laboratoire et des temps d'arr\u00eat li\u00e9s aux pannes.\">la pression de l&rsquo;huile<\/li>\n<li class=\"tw-data-text tw-text-large tw-ta\" dir=\"ltr\" data-placeholder=\"Traduction\" data-ved=\"2ahUKEwiipoXdjq-NAxW1UqQEHYIjDtIQ3ewLegQICRAV\" aria-label=\"Texte traduit\u00a0: Seta Oil Arbiter est une suite de surveillance conditionnelle en ligne con\u00e7ue pour surveiller en temps r\u00e9el un flux constant de lubrifiant, en signalant les param\u00e8tres suivants\u00a0: D\u00e9bris d'usure m\u00e9tallique par taille et esp\u00e8ce m\u00e9tallique (\u00e9tat de la machine) Conductivit\u00e9 AC, permittivit\u00e9 (\u00e9tat de l'huile) Teneur en humidit\u00e9 (eau dissoute dans l'huile, contamination) Pression d'huile (\u00e9tat du syst\u00e8me de lubrification) Temp\u00e9rature de l'huile (\u00e9tat du syst\u00e8me de lubrification) Cette solution de surveillance de l'\u00e9tat est con\u00e7ue autour du capteur de d\u00e9bris d'usure et du capteur d'\u00e9tat du fluide. Les deux unit\u00e9s sont des capteurs en ligne robustes con\u00e7us sp\u00e9cifiquement pour fonctionner dans les syst\u00e8mes de lubrification. Les deux capteurs sont des appareils calibr\u00e9s en usine avec des pi\u00e8ces immobiles qui poss\u00e8dent une fiabilit\u00e9 \u00e9lev\u00e9e et une stabilit\u00e9 \u00e0 long terme, \u00e9liminant ainsi le besoin de r\u00e9\u00e9talonnage. L'utilisation de ces capteurs a fait ses preuves en mati\u00e8re de r\u00e9duction des co\u00fbts d'exploitation globaux des machines dans le cadre d'un programme de maintenance proactive, avec une r\u00e9duction associ\u00e9e des contr\u00f4les de routine, des tests en laboratoire et des temps d'arr\u00eat li\u00e9s aux pannes.\">la temp\u00e9rature de l&rsquo;huile<\/li>\n<\/ul>\n<p><strong>T\u00e9l\u00e9charger la brochure produit <\/strong>: <a href=\"https:\/\/www.deltalabo.fr\/wp-content\/uploads\/2025\/05\/Seta-Oil-Arbiter-CM1000-0-05.25-Eng-DL.pdf\">Analyseur en ligne de lubrifiants STANHOPE SETA &#8211; Seta Oil Arbiter CM1000-0<\/a><\/p>\n","protected":false},"featured_media":261989,"template":"","meta":{"_acf_changed":false,"site-sidebar-layout":"default","site-content-layout":"","ast-site-content-layout":"default","site-content-style":"default","site-sidebar-style":"default","ast-global-header-display":"","ast-banner-title-visibility":"","ast-main-header-display":"","ast-hfb-above-header-display":"","ast-hfb-below-header-display":"","ast-hfb-mobile-header-display":"","site-post-title":"","ast-breadcrumbs-content":"","ast-featured-img":"","footer-sml-layout":"","ast-disable-related-posts":"","theme-transparent-header-meta":"","adv-header-id-meta":"","stick-header-meta":"","header-above-stick-meta":"","header-main-stick-meta":"","header-below-stick-meta":"","astra-migrate-meta-layouts":"default","ast-page-background-enabled":"default","ast-page-background-meta":{"desktop":{"background-color":"var(--ast-global-color-5)","background-image":"","background-repeat":"repeat","background-position":"center center","background-size":"auto","background-attachment":"scroll","background-type":"","background-media":"","overlay-type":"","overlay-color":"","overlay-opacity":"","overlay-gradient":""},"tablet":{"background-color":"","background-image":"","background-repeat":"repeat","background-position":"center center","background-size":"auto","background-attachment":"scroll","background-type":"","background-media":"","overlay-type":"","overlay-color":"","overlay-opacity":"","overlay-gradient":""},"mobile":{"background-color":"","background-image":"","background-repeat":"repeat","background-position":"center center","background-size":"auto","background-attachment":"scroll","background-type":"","background-media":"","overlay-type":"","overlay-color":"","overlay-opacity":"","overlay-gradient":""}},"ast-content-background-meta":{"desktop":{"background-color":"var(--ast-global-color-4)","background-image":"","background-repeat":"repeat","background-position":"center center","background-size":"auto","background-attachment":"scroll","background-type":"","background-media":"","overlay-type":"","overlay-color":"","overlay-opacity":"","overlay-gradient":""},"tablet":{"background-color":"var(--ast-global-color-4)","background-image":"","background-repeat":"repeat","background-position":"center center","background-size":"auto","background-attachment":"scroll","background-type":"","background-media":"","overlay-type":"","overlay-color":"","overlay-opacity":"","overlay-gradient":""},"mobile":{"background-color":"var(--ast-global-color-4)","background-image":"","background-repeat":"repeat","background-position":"center center","background-size":"auto","background-attachment":"scroll","background-type":"","background-media":"","overlay-type":"","overlay-color":"","overlay-opacity":"","overlay-gradient":""}}},"domaine":[],"normes":[17135],"product_brand":[],"product_cat":[17240,86],"product_tag":[],"class_list":{"0":"post-260073","1":"product","2":"type-product","3":"status-publish","4":"has-post-thumbnail","6":"normes-din-51562","7":"product_cat-categories","8":"product_cat-metallurgie-siderurgie","9":"desktop-align-left","10":"tablet-align-left","11":"mobile-align-left","13":"first","14":"instock","15":"shipping-taxable","16":"product-type-simple"},"acf":[],"yoast_head":"<!-- This site is optimized with the Yoast SEO plugin v27.4 - https:\/\/yoast.com\/product\/yoast-seo-wordpress\/ -->\n<title>Analyseur en ligne de lubrifiants STANHOPE SETA - Seta Oil Arbiter CM1000-0 | DeltaLabo<\/title>\n<meta name=\"robots\" content=\"noindex, follow, max-snippet:-1, max-image-preview:large, max-video-preview:-1\" \/>\n<meta property=\"og:locale\" content=\"fr_FR\" \/>\n<meta property=\"og:type\" content=\"article\" \/>\n<meta property=\"og:title\" content=\"Analyseur en ligne de lubrifiants STANHOPE SETA - Seta Oil Arbiter CM1000-0 | DeltaLabo\" \/>\n<meta property=\"og:description\" content=\"Analyseur en ligne de lubrifiants STANHOPE SETA - Seta Oil Arbiter CM1000-0 :  Le Seta Oil Arbiter CM1000-0 est un analyseur en ligne de lubrifiants permettant de suivre en continu :   la composition en d\u00e9bris d&#039;usure m\u00e9tallique  la conductivit\u00e9 \u00e9lectrique  la teneur en humidit\u00e9  la pression de l&#039;huile  la temp\u00e9rature de l&#039;huile  T\u00e9l\u00e9charger la brochure produit : Analyseur en ligne de lubrifiants STANHOPE SETA - Seta Oil Arbiter CM1000-0\" \/>\n<meta property=\"og:url\" content=\"https:\/\/webdesi-gn.fr\/dev_deltalabo\/produits\/metallurgie-siderurgie\/instrument-de-mesure-de-la-surveillance-en-ligne-des-lubrifiants-stanhope-seta-cm1000-0\/\" \/>\n<meta property=\"og:site_name\" content=\"DeltaLabo\" \/>\n<meta property=\"article:modified_time\" content=\"2025-11-24T14:30:18+00:00\" \/>\n<meta property=\"og:image\" content=\"https:\/\/webdesi-gn.fr\/dev_deltalabo\/wp-content\/uploads\/2025\/11\/Stanhope-Seta-Seta-Oil-Arbiter-CM1000-0.jpg\" \/>\n\t<meta property=\"og:image:width\" content=\"400\" \/>\n\t<meta property=\"og:image:height\" content=\"400\" \/>\n\t<meta property=\"og:image:type\" content=\"image\/jpeg\" \/>\n<meta name=\"twitter:card\" content=\"summary_large_image\" \/>\n<script type=\"application\/ld+json\" class=\"yoast-schema-graph\">{\"@context\":\"https:\\\/\\\/schema.org\",\"@graph\":[{\"@type\":\"WebPage\",\"@id\":\"https:\\\/\\\/webdesi-gn.fr\\\/dev_deltalabo\\\/produits\\\/metallurgie-siderurgie\\\/instrument-de-mesure-de-la-surveillance-en-ligne-des-lubrifiants-stanhope-seta-cm1000-0\\\/\",\"url\":\"https:\\\/\\\/webdesi-gn.fr\\\/dev_deltalabo\\\/produits\\\/metallurgie-siderurgie\\\/instrument-de-mesure-de-la-surveillance-en-ligne-des-lubrifiants-stanhope-seta-cm1000-0\\\/\",\"name\":\"Analyseur en ligne de lubrifiants STANHOPE SETA - Seta Oil Arbiter CM1000-0 | DeltaLabo\",\"isPartOf\":{\"@id\":\"https:\\\/\\\/webdesi-gn.fr\\\/dev_deltalabo\\\/#website\"},\"primaryImageOfPage\":{\"@id\":\"https:\\\/\\\/webdesi-gn.fr\\\/dev_deltalabo\\\/produits\\\/metallurgie-siderurgie\\\/instrument-de-mesure-de-la-surveillance-en-ligne-des-lubrifiants-stanhope-seta-cm1000-0\\\/#primaryimage\"},\"image\":{\"@id\":\"https:\\\/\\\/webdesi-gn.fr\\\/dev_deltalabo\\\/produits\\\/metallurgie-siderurgie\\\/instrument-de-mesure-de-la-surveillance-en-ligne-des-lubrifiants-stanhope-seta-cm1000-0\\\/#primaryimage\"},\"thumbnailUrl\":\"https:\\\/\\\/webdesi-gn.fr\\\/dev_deltalabo\\\/wp-content\\\/uploads\\\/2025\\\/11\\\/Stanhope-Seta-Seta-Oil-Arbiter-CM1000-0.jpg\",\"datePublished\":\"2025-05-19T08:33:15+00:00\",\"dateModified\":\"2025-11-24T14:30:18+00:00\",\"breadcrumb\":{\"@id\":\"https:\\\/\\\/webdesi-gn.fr\\\/dev_deltalabo\\\/produits\\\/metallurgie-siderurgie\\\/instrument-de-mesure-de-la-surveillance-en-ligne-des-lubrifiants-stanhope-seta-cm1000-0\\\/#breadcrumb\"},\"inLanguage\":\"fr-FR\",\"potentialAction\":[{\"@type\":\"ReadAction\",\"target\":[\"https:\\\/\\\/webdesi-gn.fr\\\/dev_deltalabo\\\/produits\\\/metallurgie-siderurgie\\\/instrument-de-mesure-de-la-surveillance-en-ligne-des-lubrifiants-stanhope-seta-cm1000-0\\\/\"]}]},{\"@type\":\"ImageObject\",\"inLanguage\":\"fr-FR\",\"@id\":\"https:\\\/\\\/webdesi-gn.fr\\\/dev_deltalabo\\\/produits\\\/metallurgie-siderurgie\\\/instrument-de-mesure-de-la-surveillance-en-ligne-des-lubrifiants-stanhope-seta-cm1000-0\\\/#primaryimage\",\"url\":\"https:\\\/\\\/webdesi-gn.fr\\\/dev_deltalabo\\\/wp-content\\\/uploads\\\/2025\\\/11\\\/Stanhope-Seta-Seta-Oil-Arbiter-CM1000-0.jpg\",\"contentUrl\":\"https:\\\/\\\/webdesi-gn.fr\\\/dev_deltalabo\\\/wp-content\\\/uploads\\\/2025\\\/11\\\/Stanhope-Seta-Seta-Oil-Arbiter-CM1000-0.jpg\",\"width\":400,\"height\":400},{\"@type\":\"BreadcrumbList\",\"@id\":\"https:\\\/\\\/webdesi-gn.fr\\\/dev_deltalabo\\\/produits\\\/metallurgie-siderurgie\\\/instrument-de-mesure-de-la-surveillance-en-ligne-des-lubrifiants-stanhope-seta-cm1000-0\\\/#breadcrumb\",\"itemListElement\":[{\"@type\":\"ListItem\",\"position\":1,\"name\":\"Accueil\",\"item\":\"https:\\\/\\\/webdesi-gn.fr\\\/dev_deltalabo\\\/\"},{\"@type\":\"ListItem\",\"position\":2,\"name\":\"Produits\",\"item\":\"https:\\\/\\\/webdesi-gn.fr\\\/dev_deltalabo\\\/produits\\\/\"},{\"@type\":\"ListItem\",\"position\":3,\"name\":\"Analyseur en ligne de lubrifiants STANHOPE SETA &#8211; Seta Oil Arbiter CM1000-0\"}]},{\"@type\":\"WebSite\",\"@id\":\"https:\\\/\\\/webdesi-gn.fr\\\/dev_deltalabo\\\/#website\",\"url\":\"https:\\\/\\\/webdesi-gn.fr\\\/dev_deltalabo\\\/\",\"name\":\"Delta Labo\",\"description\":\"Un site utilisant WordPress\",\"publisher\":{\"@id\":\"https:\\\/\\\/webdesi-gn.fr\\\/dev_deltalabo\\\/#organization\"},\"alternateName\":\"Delta Labo\",\"potentialAction\":[{\"@type\":\"SearchAction\",\"target\":{\"@type\":\"EntryPoint\",\"urlTemplate\":\"https:\\\/\\\/webdesi-gn.fr\\\/dev_deltalabo\\\/?s={search_term_string}\"},\"query-input\":{\"@type\":\"PropertyValueSpecification\",\"valueRequired\":true,\"valueName\":\"search_term_string\"}}],\"inLanguage\":\"fr-FR\"},{\"@type\":\"Organization\",\"@id\":\"https:\\\/\\\/webdesi-gn.fr\\\/dev_deltalabo\\\/#organization\",\"name\":\"DeltaLabo\",\"url\":\"https:\\\/\\\/webdesi-gn.fr\\\/dev_deltalabo\\\/\",\"logo\":{\"@type\":\"ImageObject\",\"inLanguage\":\"fr-FR\",\"@id\":\"https:\\\/\\\/webdesi-gn.fr\\\/dev_deltalabo\\\/#\\\/schema\\\/logo\\\/image\\\/\",\"url\":\"https:\\\/\\\/webdesi-gn.fr\\\/dev_deltalabo\\\/wp-content\\\/uploads\\\/2022\\\/07\\\/logo-deltalabo.png\",\"contentUrl\":\"https:\\\/\\\/webdesi-gn.fr\\\/dev_deltalabo\\\/wp-content\\\/uploads\\\/2022\\\/07\\\/logo-deltalabo.png\",\"width\":694,\"height\":306,\"caption\":\"DeltaLabo\"},\"image\":{\"@id\":\"https:\\\/\\\/webdesi-gn.fr\\\/dev_deltalabo\\\/#\\\/schema\\\/logo\\\/image\\\/\"}}]}<\/script>\n<!-- \/ Yoast SEO plugin. -->","yoast_head_json":{"title":"Analyseur en ligne de lubrifiants STANHOPE SETA - Seta Oil Arbiter CM1000-0 | DeltaLabo","robots":{"index":"noindex","follow":"follow","max-snippet":"max-snippet:-1","max-image-preview":"max-image-preview:large","max-video-preview":"max-video-preview:-1"},"og_locale":"fr_FR","og_type":"article","og_title":"Analyseur en ligne de lubrifiants STANHOPE SETA - Seta Oil Arbiter CM1000-0 | DeltaLabo","og_description":"Analyseur en ligne de lubrifiants STANHOPE SETA - Seta Oil Arbiter CM1000-0 :  Le Seta Oil Arbiter CM1000-0 est un analyseur en ligne de lubrifiants permettant de suivre en continu :   la composition en d\u00e9bris d'usure m\u00e9tallique  la conductivit\u00e9 \u00e9lectrique  la teneur en humidit\u00e9  la pression de l'huile  la temp\u00e9rature de l'huile  T\u00e9l\u00e9charger la brochure produit : Analyseur en ligne de lubrifiants STANHOPE SETA - Seta Oil Arbiter CM1000-0","og_url":"https:\/\/webdesi-gn.fr\/dev_deltalabo\/produits\/metallurgie-siderurgie\/instrument-de-mesure-de-la-surveillance-en-ligne-des-lubrifiants-stanhope-seta-cm1000-0\/","og_site_name":"DeltaLabo","article_modified_time":"2025-11-24T14:30:18+00:00","og_image":[{"width":400,"height":400,"url":"https:\/\/webdesi-gn.fr\/dev_deltalabo\/wp-content\/uploads\/2025\/11\/Stanhope-Seta-Seta-Oil-Arbiter-CM1000-0.jpg","type":"image\/jpeg"}],"twitter_card":"summary_large_image","schema":{"@context":"https:\/\/schema.org","@graph":[{"@type":"WebPage","@id":"https:\/\/webdesi-gn.fr\/dev_deltalabo\/produits\/metallurgie-siderurgie\/instrument-de-mesure-de-la-surveillance-en-ligne-des-lubrifiants-stanhope-seta-cm1000-0\/","url":"https:\/\/webdesi-gn.fr\/dev_deltalabo\/produits\/metallurgie-siderurgie\/instrument-de-mesure-de-la-surveillance-en-ligne-des-lubrifiants-stanhope-seta-cm1000-0\/","name":"Analyseur en ligne de lubrifiants STANHOPE SETA - Seta Oil Arbiter CM1000-0 | DeltaLabo","isPartOf":{"@id":"https:\/\/webdesi-gn.fr\/dev_deltalabo\/#website"},"primaryImageOfPage":{"@id":"https:\/\/webdesi-gn.fr\/dev_deltalabo\/produits\/metallurgie-siderurgie\/instrument-de-mesure-de-la-surveillance-en-ligne-des-lubrifiants-stanhope-seta-cm1000-0\/#primaryimage"},"image":{"@id":"https:\/\/webdesi-gn.fr\/dev_deltalabo\/produits\/metallurgie-siderurgie\/instrument-de-mesure-de-la-surveillance-en-ligne-des-lubrifiants-stanhope-seta-cm1000-0\/#primaryimage"},"thumbnailUrl":"https:\/\/webdesi-gn.fr\/dev_deltalabo\/wp-content\/uploads\/2025\/11\/Stanhope-Seta-Seta-Oil-Arbiter-CM1000-0.jpg","datePublished":"2025-05-19T08:33:15+00:00","dateModified":"2025-11-24T14:30:18+00:00","breadcrumb":{"@id":"https:\/\/webdesi-gn.fr\/dev_deltalabo\/produits\/metallurgie-siderurgie\/instrument-de-mesure-de-la-surveillance-en-ligne-des-lubrifiants-stanhope-seta-cm1000-0\/#breadcrumb"},"inLanguage":"fr-FR","potentialAction":[{"@type":"ReadAction","target":["https:\/\/webdesi-gn.fr\/dev_deltalabo\/produits\/metallurgie-siderurgie\/instrument-de-mesure-de-la-surveillance-en-ligne-des-lubrifiants-stanhope-seta-cm1000-0\/"]}]},{"@type":"ImageObject","inLanguage":"fr-FR","@id":"https:\/\/webdesi-gn.fr\/dev_deltalabo\/produits\/metallurgie-siderurgie\/instrument-de-mesure-de-la-surveillance-en-ligne-des-lubrifiants-stanhope-seta-cm1000-0\/#primaryimage","url":"https:\/\/webdesi-gn.fr\/dev_deltalabo\/wp-content\/uploads\/2025\/11\/Stanhope-Seta-Seta-Oil-Arbiter-CM1000-0.jpg","contentUrl":"https:\/\/webdesi-gn.fr\/dev_deltalabo\/wp-content\/uploads\/2025\/11\/Stanhope-Seta-Seta-Oil-Arbiter-CM1000-0.jpg","width":400,"height":400},{"@type":"BreadcrumbList","@id":"https:\/\/webdesi-gn.fr\/dev_deltalabo\/produits\/metallurgie-siderurgie\/instrument-de-mesure-de-la-surveillance-en-ligne-des-lubrifiants-stanhope-seta-cm1000-0\/#breadcrumb","itemListElement":[{"@type":"ListItem","position":1,"name":"Accueil","item":"https:\/\/webdesi-gn.fr\/dev_deltalabo\/"},{"@type":"ListItem","position":2,"name":"Produits","item":"https:\/\/webdesi-gn.fr\/dev_deltalabo\/produits\/"},{"@type":"ListItem","position":3,"name":"Analyseur en ligne de lubrifiants STANHOPE SETA &#8211; Seta Oil Arbiter CM1000-0"}]},{"@type":"WebSite","@id":"https:\/\/webdesi-gn.fr\/dev_deltalabo\/#website","url":"https:\/\/webdesi-gn.fr\/dev_deltalabo\/","name":"Delta Labo","description":"Un site utilisant WordPress","publisher":{"@id":"https:\/\/webdesi-gn.fr\/dev_deltalabo\/#organization"},"alternateName":"Delta Labo","potentialAction":[{"@type":"SearchAction","target":{"@type":"EntryPoint","urlTemplate":"https:\/\/webdesi-gn.fr\/dev_deltalabo\/?s={search_term_string}"},"query-input":{"@type":"PropertyValueSpecification","valueRequired":true,"valueName":"search_term_string"}}],"inLanguage":"fr-FR"},{"@type":"Organization","@id":"https:\/\/webdesi-gn.fr\/dev_deltalabo\/#organization","name":"DeltaLabo","url":"https:\/\/webdesi-gn.fr\/dev_deltalabo\/","logo":{"@type":"ImageObject","inLanguage":"fr-FR","@id":"https:\/\/webdesi-gn.fr\/dev_deltalabo\/#\/schema\/logo\/image\/","url":"https:\/\/webdesi-gn.fr\/dev_deltalabo\/wp-content\/uploads\/2022\/07\/logo-deltalabo.png","contentUrl":"https:\/\/webdesi-gn.fr\/dev_deltalabo\/wp-content\/uploads\/2022\/07\/logo-deltalabo.png","width":694,"height":306,"caption":"DeltaLabo"},"image":{"@id":"https:\/\/webdesi-gn.fr\/dev_deltalabo\/#\/schema\/logo\/image\/"}}]}},"_links":{"self":[{"href":"https:\/\/webdesi-gn.fr\/dev_deltalabo\/wp-json\/wp\/v2\/product\/260073","targetHints":{"allow":["GET"]}}],"collection":[{"href":"https:\/\/webdesi-gn.fr\/dev_deltalabo\/wp-json\/wp\/v2\/product"}],"about":[{"href":"https:\/\/webdesi-gn.fr\/dev_deltalabo\/wp-json\/wp\/v2\/types\/product"}],"wp:featuredmedia":[{"embeddable":true,"href":"https:\/\/webdesi-gn.fr\/dev_deltalabo\/wp-json\/wp\/v2\/media\/261989"}],"wp:attachment":[{"href":"https:\/\/webdesi-gn.fr\/dev_deltalabo\/wp-json\/wp\/v2\/media?parent=260073"}],"wp:term":[{"taxonomy":"domaine","embeddable":true,"href":"https:\/\/webdesi-gn.fr\/dev_deltalabo\/wp-json\/wp\/v2\/domaine?post=260073"},{"taxonomy":"normes","embeddable":true,"href":"https:\/\/webdesi-gn.fr\/dev_deltalabo\/wp-json\/wp\/v2\/normes?post=260073"},{"taxonomy":"product_brand","embeddable":true,"href":"https:\/\/webdesi-gn.fr\/dev_deltalabo\/wp-json\/wp\/v2\/product_brand?post=260073"},{"taxonomy":"product_cat","embeddable":true,"href":"https:\/\/webdesi-gn.fr\/dev_deltalabo\/wp-json\/wp\/v2\/product_cat?post=260073"},{"taxonomy":"product_tag","embeddable":true,"href":"https:\/\/webdesi-gn.fr\/dev_deltalabo\/wp-json\/wp\/v2\/product_tag?post=260073"}],"curies":[{"name":"wp","href":"https:\/\/api.w.org\/{rel}","templated":true}]}}