{"id":260094,"date":"2025-05-20T11:26:45","date_gmt":"2025-05-20T09:26:45","guid":{"rendered":"https:\/\/webdesi-gn.fr\/dev_deltalabo\/?post_type=product&#038;p=260094"},"modified":"2025-11-24T15:30:18","modified_gmt":"2025-11-24T14:30:18","slug":"armoires-securisees-a-casiers-individuels-pour-telephone-portable-trionyx","status":"publish","type":"product","link":"https:\/\/webdesi-gn.fr\/dev_deltalabo\/produits\/metallurgie-siderurgie\/armoires-securisees-a-casiers-individuels-pour-telephone-portable-trionyx\/","title":{"rendered":"Armoire s\u00e9curis\u00e9e \u00e0 casiers individuels pour t\u00e9l\u00e9phone portable TRIONYX"},"content":{"rendered":"","protected":false},"excerpt":{"rendered":"<p><strong>Armoire s\u00e9curis\u00e9e \u00e0 casiers individuels pour t\u00e9l\u00e9phone portable :\u00a0<\/strong><\/p>\n<div id=\"title\" class=\"clear\">\n<p>De fabrication fran\u00e7aise, ces vestiaires \u00e0 casiers sont en structure m\u00e9tallique soud\u00e9 et sont garantis 2 ans.<\/p>\n<ul>\n<li>De 4 \u00e0 7 colonnes<\/li>\n<li>20 \u00e0 35 casiers<\/li>\n<li>Existent en diff\u00e9rents coloris<\/li>\n<li>Fixation murale possible<\/li>\n<li>Fermeture individuelle \u00e0 clef<\/li>\n<li>Porte-\u00e9tiquette individuel par casier<\/li>\n<\/ul>\n<p><strong>T\u00e9l\u00e9charger la brochure produit :<\/strong> <a href=\"https:\/\/www.deltalabo.fr\/wp-content\/uploads\/2025\/06\/doc-ASC35-fr-DL.pdf\">Armoire s\u00e9curis\u00e9e \u00e0 casiers individuels pour t\u00e9l\u00e9phone portable TRIONYX<\/a><\/p>\n<p><strong>T\u00e9l\u00e9charger la fiche technique du produit :<\/strong> <a href=\"https:\/\/www.deltalabo.fr\/wp-content\/uploads\/2025\/06\/fiche-produit-ASC35-fr-DL.pdf\">Armoire s\u00e9curis\u00e9e \u00e0 casiers individuels pour t\u00e9l\u00e9phone portable TRIONYX<\/a><\/p>\n<\/div>\n","protected":false},"featured_media":261984,"template":"","meta":{"_acf_changed":false,"site-sidebar-layout":"default","site-content-layout":"","ast-site-content-layout":"default","site-content-style":"default","site-sidebar-style":"default","ast-global-header-display":"","ast-banner-title-visibility":"","ast-main-header-display":"","ast-hfb-above-header-display":"","ast-hfb-below-header-display":"","ast-hfb-mobile-header-display":"","site-post-title":"","ast-breadcrumbs-content":"","ast-featured-img":"","footer-sml-layout":"","ast-disable-related-posts":"","theme-transparent-header-meta":"","adv-header-id-meta":"","stick-header-meta":"","header-above-stick-meta":"","header-main-stick-meta":"","header-below-stick-meta":"","astra-migrate-meta-layouts":"default","ast-page-background-enabled":"default","ast-page-background-meta":{"desktop":{"background-color":"var(--ast-global-color-5)","background-image":"","background-repeat":"repeat","background-position":"center center","background-size":"auto","background-attachment":"scroll","background-type":"","background-media":"","overlay-type":"","overlay-color":"","overlay-opacity":"","overlay-gradient":""},"tablet":{"background-color":"","background-image":"","background-repeat":"repeat","background-position":"center center","background-size":"auto","background-attachment":"scroll","background-type":"","background-media":"","overlay-type":"","overlay-color":"","overlay-opacity":"","overlay-gradient":""},"mobile":{"background-color":"","background-image":"","background-repeat":"repeat","background-position":"center center","background-size":"auto","background-attachment":"scroll","background-type":"","background-media":"","overlay-type":"","overlay-color":"","overlay-opacity":"","overlay-gradient":""}},"ast-content-background-meta":{"desktop":{"background-color":"var(--ast-global-color-4)","background-image":"","background-repeat":"repeat","background-position":"center center","background-size":"auto","background-attachment":"scroll","background-type":"","background-media":"","overlay-type":"","overlay-color":"","overlay-opacity":"","overlay-gradient":""},"tablet":{"background-color":"var(--ast-global-color-4)","background-image":"","background-repeat":"repeat","background-position":"center center","background-size":"auto","background-attachment":"scroll","background-type":"","background-media":"","overlay-type":"","overlay-color":"","overlay-opacity":"","overlay-gradient":""},"mobile":{"background-color":"var(--ast-global-color-4)","background-image":"","background-repeat":"repeat","background-position":"center center","background-size":"auto","background-attachment":"scroll","background-type":"","background-media":"","overlay-type":"","overlay-color":"","overlay-opacity":"","overlay-gradient":""}}},"domaine":[],"normes":[17135,5262,13258,13260],"product_brand":[],"product_cat":[86],"product_tag":[],"class_list":{"0":"post-260094","1":"product","2":"type-product","3":"status-publish","4":"has-post-thumbnail","6":"normes-din-51562","7":"normes-en-1363-1","8":"normes-en-14470-1","9":"normes-en-16121","10":"product_cat-metallurgie-siderurgie","11":"desktop-align-left","12":"tablet-align-left","13":"mobile-align-left","15":"first","16":"instock","17":"shipping-taxable","18":"purchasable","19":"product-type-simple"},"acf":[],"yoast_head":"<!-- This site is optimized with the Yoast SEO plugin v27.4 - https:\/\/yoast.com\/product\/yoast-seo-wordpress\/ -->\n<title>Armoire s\u00e9curis\u00e9e \u00e0 casiers individuels pour t\u00e9l\u00e9phone portable TRIONYX | DeltaLabo<\/title>\n<meta name=\"robots\" content=\"noindex, follow, max-snippet:-1, max-image-preview:large, max-video-preview:-1\" \/>\n<meta property=\"og:locale\" content=\"fr_FR\" \/>\n<meta property=\"og:type\" content=\"article\" \/>\n<meta property=\"og:title\" content=\"Armoire s\u00e9curis\u00e9e \u00e0 casiers individuels pour t\u00e9l\u00e9phone portable TRIONYX | DeltaLabo\" \/>\n<meta property=\"og:description\" content=\"Armoire s\u00e9curis\u00e9e \u00e0 casiers individuels pour t\u00e9l\u00e9phone portable :\u00a0   De fabrication fran\u00e7aise, ces vestiaires \u00e0 casiers sont en structure m\u00e9tallique soud\u00e9 et sont garantis 2 ans.   De 4 \u00e0 7 colonnes  20 \u00e0 35 casiers  Existent en diff\u00e9rents coloris  Fixation murale possible  Fermeture individuelle \u00e0 clef  Porte-\u00e9tiquette individuel par casier  T\u00e9l\u00e9charger la brochure produit : Armoire s\u00e9curis\u00e9e \u00e0 casiers individuels pour t\u00e9l\u00e9phone portable TRIONYX  T\u00e9l\u00e9charger la fiche technique du produit : Armoire s\u00e9curis\u00e9e \u00e0 casiers individuels pour t\u00e9l\u00e9phone portable TRIONYX\" \/>\n<meta property=\"og:url\" content=\"https:\/\/webdesi-gn.fr\/dev_deltalabo\/produits\/metallurgie-siderurgie\/armoires-securisees-a-casiers-individuels-pour-telephone-portable-trionyx\/\" \/>\n<meta property=\"og:site_name\" content=\"DeltaLabo\" \/>\n<meta property=\"article:modified_time\" content=\"2025-11-24T14:30:18+00:00\" \/>\n<meta property=\"og:image\" content=\"https:\/\/webdesi-gn.fr\/dev_deltalabo\/wp-content\/uploads\/2025\/11\/DELTA-LABO-Armoires-securisees-a-casiers-individuels-pour-telephone-portable-TRYONYX.webp\" \/>\n\t<meta property=\"og:image:width\" content=\"600\" \/>\n\t<meta property=\"og:image:height\" content=\"600\" \/>\n\t<meta property=\"og:image:type\" content=\"image\/webp\" \/>\n<meta name=\"twitter:card\" content=\"summary_large_image\" \/>\n<meta name=\"twitter:label1\" content=\"Dur\u00e9e de lecture estim\u00e9e\" \/>\n\t<meta name=\"twitter:data1\" content=\"1 minute\" \/>\n<script type=\"application\/ld+json\" class=\"yoast-schema-graph\">{\"@context\":\"https:\\\/\\\/schema.org\",\"@graph\":[{\"@type\":\"WebPage\",\"@id\":\"https:\\\/\\\/webdesi-gn.fr\\\/dev_deltalabo\\\/produits\\\/metallurgie-siderurgie\\\/armoires-securisees-a-casiers-individuels-pour-telephone-portable-trionyx\\\/\",\"url\":\"https:\\\/\\\/webdesi-gn.fr\\\/dev_deltalabo\\\/produits\\\/metallurgie-siderurgie\\\/armoires-securisees-a-casiers-individuels-pour-telephone-portable-trionyx\\\/\",\"name\":\"Armoire s\u00e9curis\u00e9e \u00e0 casiers individuels pour t\u00e9l\u00e9phone portable TRIONYX | DeltaLabo\",\"isPartOf\":{\"@id\":\"https:\\\/\\\/webdesi-gn.fr\\\/dev_deltalabo\\\/#website\"},\"primaryImageOfPage\":{\"@id\":\"https:\\\/\\\/webdesi-gn.fr\\\/dev_deltalabo\\\/produits\\\/metallurgie-siderurgie\\\/armoires-securisees-a-casiers-individuels-pour-telephone-portable-trionyx\\\/#primaryimage\"},\"image\":{\"@id\":\"https:\\\/\\\/webdesi-gn.fr\\\/dev_deltalabo\\\/produits\\\/metallurgie-siderurgie\\\/armoires-securisees-a-casiers-individuels-pour-telephone-portable-trionyx\\\/#primaryimage\"},\"thumbnailUrl\":\"https:\\\/\\\/webdesi-gn.fr\\\/dev_deltalabo\\\/wp-content\\\/uploads\\\/2025\\\/11\\\/DELTA-LABO-Armoires-securisees-a-casiers-individuels-pour-telephone-portable-TRYONYX.webp\",\"datePublished\":\"2025-05-20T09:26:45+00:00\",\"dateModified\":\"2025-11-24T14:30:18+00:00\",\"breadcrumb\":{\"@id\":\"https:\\\/\\\/webdesi-gn.fr\\\/dev_deltalabo\\\/produits\\\/metallurgie-siderurgie\\\/armoires-securisees-a-casiers-individuels-pour-telephone-portable-trionyx\\\/#breadcrumb\"},\"inLanguage\":\"fr-FR\",\"potentialAction\":[{\"@type\":\"ReadAction\",\"target\":[\"https:\\\/\\\/webdesi-gn.fr\\\/dev_deltalabo\\\/produits\\\/metallurgie-siderurgie\\\/armoires-securisees-a-casiers-individuels-pour-telephone-portable-trionyx\\\/\"]}]},{\"@type\":\"ImageObject\",\"inLanguage\":\"fr-FR\",\"@id\":\"https:\\\/\\\/webdesi-gn.fr\\\/dev_deltalabo\\\/produits\\\/metallurgie-siderurgie\\\/armoires-securisees-a-casiers-individuels-pour-telephone-portable-trionyx\\\/#primaryimage\",\"url\":\"https:\\\/\\\/webdesi-gn.fr\\\/dev_deltalabo\\\/wp-content\\\/uploads\\\/2025\\\/11\\\/DELTA-LABO-Armoires-securisees-a-casiers-individuels-pour-telephone-portable-TRYONYX.webp\",\"contentUrl\":\"https:\\\/\\\/webdesi-gn.fr\\\/dev_deltalabo\\\/wp-content\\\/uploads\\\/2025\\\/11\\\/DELTA-LABO-Armoires-securisees-a-casiers-individuels-pour-telephone-portable-TRYONYX.webp\",\"width\":600,\"height\":600},{\"@type\":\"BreadcrumbList\",\"@id\":\"https:\\\/\\\/webdesi-gn.fr\\\/dev_deltalabo\\\/produits\\\/metallurgie-siderurgie\\\/armoires-securisees-a-casiers-individuels-pour-telephone-portable-trionyx\\\/#breadcrumb\",\"itemListElement\":[{\"@type\":\"ListItem\",\"position\":1,\"name\":\"Accueil\",\"item\":\"https:\\\/\\\/webdesi-gn.fr\\\/dev_deltalabo\\\/\"},{\"@type\":\"ListItem\",\"position\":2,\"name\":\"Produits\",\"item\":\"https:\\\/\\\/webdesi-gn.fr\\\/dev_deltalabo\\\/produits\\\/\"},{\"@type\":\"ListItem\",\"position\":3,\"name\":\"Armoire s\u00e9curis\u00e9e \u00e0 casiers individuels pour t\u00e9l\u00e9phone portable TRIONYX\"}]},{\"@type\":\"WebSite\",\"@id\":\"https:\\\/\\\/webdesi-gn.fr\\\/dev_deltalabo\\\/#website\",\"url\":\"https:\\\/\\\/webdesi-gn.fr\\\/dev_deltalabo\\\/\",\"name\":\"Delta Labo\",\"description\":\"Un site utilisant WordPress\",\"publisher\":{\"@id\":\"https:\\\/\\\/webdesi-gn.fr\\\/dev_deltalabo\\\/#organization\"},\"alternateName\":\"Delta Labo\",\"potentialAction\":[{\"@type\":\"SearchAction\",\"target\":{\"@type\":\"EntryPoint\",\"urlTemplate\":\"https:\\\/\\\/webdesi-gn.fr\\\/dev_deltalabo\\\/?s={search_term_string}\"},\"query-input\":{\"@type\":\"PropertyValueSpecification\",\"valueRequired\":true,\"valueName\":\"search_term_string\"}}],\"inLanguage\":\"fr-FR\"},{\"@type\":\"Organization\",\"@id\":\"https:\\\/\\\/webdesi-gn.fr\\\/dev_deltalabo\\\/#organization\",\"name\":\"DeltaLabo\",\"url\":\"https:\\\/\\\/webdesi-gn.fr\\\/dev_deltalabo\\\/\",\"logo\":{\"@type\":\"ImageObject\",\"inLanguage\":\"fr-FR\",\"@id\":\"https:\\\/\\\/webdesi-gn.fr\\\/dev_deltalabo\\\/#\\\/schema\\\/logo\\\/image\\\/\",\"url\":\"https:\\\/\\\/webdesi-gn.fr\\\/dev_deltalabo\\\/wp-content\\\/uploads\\\/2022\\\/07\\\/logo-deltalabo.png\",\"contentUrl\":\"https:\\\/\\\/webdesi-gn.fr\\\/dev_deltalabo\\\/wp-content\\\/uploads\\\/2022\\\/07\\\/logo-deltalabo.png\",\"width\":694,\"height\":306,\"caption\":\"DeltaLabo\"},\"image\":{\"@id\":\"https:\\\/\\\/webdesi-gn.fr\\\/dev_deltalabo\\\/#\\\/schema\\\/logo\\\/image\\\/\"}}]}<\/script>\n<!-- \/ Yoast SEO plugin. -->","yoast_head_json":{"title":"Armoire s\u00e9curis\u00e9e \u00e0 casiers individuels pour t\u00e9l\u00e9phone portable TRIONYX | DeltaLabo","robots":{"index":"noindex","follow":"follow","max-snippet":"max-snippet:-1","max-image-preview":"max-image-preview:large","max-video-preview":"max-video-preview:-1"},"og_locale":"fr_FR","og_type":"article","og_title":"Armoire s\u00e9curis\u00e9e \u00e0 casiers individuels pour t\u00e9l\u00e9phone portable TRIONYX | DeltaLabo","og_description":"Armoire s\u00e9curis\u00e9e \u00e0 casiers individuels pour t\u00e9l\u00e9phone portable :\u00a0   De fabrication fran\u00e7aise, ces vestiaires \u00e0 casiers sont en structure m\u00e9tallique soud\u00e9 et sont garantis 2 ans.   De 4 \u00e0 7 colonnes  20 \u00e0 35 casiers  Existent en diff\u00e9rents coloris  Fixation murale possible  Fermeture individuelle \u00e0 clef  Porte-\u00e9tiquette individuel par casier  T\u00e9l\u00e9charger la brochure produit : Armoire s\u00e9curis\u00e9e \u00e0 casiers individuels pour t\u00e9l\u00e9phone portable TRIONYX  T\u00e9l\u00e9charger la fiche technique du produit : Armoire s\u00e9curis\u00e9e \u00e0 casiers individuels pour t\u00e9l\u00e9phone portable TRIONYX","og_url":"https:\/\/webdesi-gn.fr\/dev_deltalabo\/produits\/metallurgie-siderurgie\/armoires-securisees-a-casiers-individuels-pour-telephone-portable-trionyx\/","og_site_name":"DeltaLabo","article_modified_time":"2025-11-24T14:30:18+00:00","og_image":[{"width":600,"height":600,"url":"https:\/\/webdesi-gn.fr\/dev_deltalabo\/wp-content\/uploads\/2025\/11\/DELTA-LABO-Armoires-securisees-a-casiers-individuels-pour-telephone-portable-TRYONYX.webp","type":"image\/webp"}],"twitter_card":"summary_large_image","twitter_misc":{"Dur\u00e9e de lecture estim\u00e9e":"1 minute"},"schema":{"@context":"https:\/\/schema.org","@graph":[{"@type":"WebPage","@id":"https:\/\/webdesi-gn.fr\/dev_deltalabo\/produits\/metallurgie-siderurgie\/armoires-securisees-a-casiers-individuels-pour-telephone-portable-trionyx\/","url":"https:\/\/webdesi-gn.fr\/dev_deltalabo\/produits\/metallurgie-siderurgie\/armoires-securisees-a-casiers-individuels-pour-telephone-portable-trionyx\/","name":"Armoire s\u00e9curis\u00e9e \u00e0 casiers individuels pour t\u00e9l\u00e9phone portable TRIONYX | DeltaLabo","isPartOf":{"@id":"https:\/\/webdesi-gn.fr\/dev_deltalabo\/#website"},"primaryImageOfPage":{"@id":"https:\/\/webdesi-gn.fr\/dev_deltalabo\/produits\/metallurgie-siderurgie\/armoires-securisees-a-casiers-individuels-pour-telephone-portable-trionyx\/#primaryimage"},"image":{"@id":"https:\/\/webdesi-gn.fr\/dev_deltalabo\/produits\/metallurgie-siderurgie\/armoires-securisees-a-casiers-individuels-pour-telephone-portable-trionyx\/#primaryimage"},"thumbnailUrl":"https:\/\/webdesi-gn.fr\/dev_deltalabo\/wp-content\/uploads\/2025\/11\/DELTA-LABO-Armoires-securisees-a-casiers-individuels-pour-telephone-portable-TRYONYX.webp","datePublished":"2025-05-20T09:26:45+00:00","dateModified":"2025-11-24T14:30:18+00:00","breadcrumb":{"@id":"https:\/\/webdesi-gn.fr\/dev_deltalabo\/produits\/metallurgie-siderurgie\/armoires-securisees-a-casiers-individuels-pour-telephone-portable-trionyx\/#breadcrumb"},"inLanguage":"fr-FR","potentialAction":[{"@type":"ReadAction","target":["https:\/\/webdesi-gn.fr\/dev_deltalabo\/produits\/metallurgie-siderurgie\/armoires-securisees-a-casiers-individuels-pour-telephone-portable-trionyx\/"]}]},{"@type":"ImageObject","inLanguage":"fr-FR","@id":"https:\/\/webdesi-gn.fr\/dev_deltalabo\/produits\/metallurgie-siderurgie\/armoires-securisees-a-casiers-individuels-pour-telephone-portable-trionyx\/#primaryimage","url":"https:\/\/webdesi-gn.fr\/dev_deltalabo\/wp-content\/uploads\/2025\/11\/DELTA-LABO-Armoires-securisees-a-casiers-individuels-pour-telephone-portable-TRYONYX.webp","contentUrl":"https:\/\/webdesi-gn.fr\/dev_deltalabo\/wp-content\/uploads\/2025\/11\/DELTA-LABO-Armoires-securisees-a-casiers-individuels-pour-telephone-portable-TRYONYX.webp","width":600,"height":600},{"@type":"BreadcrumbList","@id":"https:\/\/webdesi-gn.fr\/dev_deltalabo\/produits\/metallurgie-siderurgie\/armoires-securisees-a-casiers-individuels-pour-telephone-portable-trionyx\/#breadcrumb","itemListElement":[{"@type":"ListItem","position":1,"name":"Accueil","item":"https:\/\/webdesi-gn.fr\/dev_deltalabo\/"},{"@type":"ListItem","position":2,"name":"Produits","item":"https:\/\/webdesi-gn.fr\/dev_deltalabo\/produits\/"},{"@type":"ListItem","position":3,"name":"Armoire s\u00e9curis\u00e9e \u00e0 casiers individuels pour t\u00e9l\u00e9phone portable TRIONYX"}]},{"@type":"WebSite","@id":"https:\/\/webdesi-gn.fr\/dev_deltalabo\/#website","url":"https:\/\/webdesi-gn.fr\/dev_deltalabo\/","name":"Delta Labo","description":"Un site utilisant WordPress","publisher":{"@id":"https:\/\/webdesi-gn.fr\/dev_deltalabo\/#organization"},"alternateName":"Delta Labo","potentialAction":[{"@type":"SearchAction","target":{"@type":"EntryPoint","urlTemplate":"https:\/\/webdesi-gn.fr\/dev_deltalabo\/?s={search_term_string}"},"query-input":{"@type":"PropertyValueSpecification","valueRequired":true,"valueName":"search_term_string"}}],"inLanguage":"fr-FR"},{"@type":"Organization","@id":"https:\/\/webdesi-gn.fr\/dev_deltalabo\/#organization","name":"DeltaLabo","url":"https:\/\/webdesi-gn.fr\/dev_deltalabo\/","logo":{"@type":"ImageObject","inLanguage":"fr-FR","@id":"https:\/\/webdesi-gn.fr\/dev_deltalabo\/#\/schema\/logo\/image\/","url":"https:\/\/webdesi-gn.fr\/dev_deltalabo\/wp-content\/uploads\/2022\/07\/logo-deltalabo.png","contentUrl":"https:\/\/webdesi-gn.fr\/dev_deltalabo\/wp-content\/uploads\/2022\/07\/logo-deltalabo.png","width":694,"height":306,"caption":"DeltaLabo"},"image":{"@id":"https:\/\/webdesi-gn.fr\/dev_deltalabo\/#\/schema\/logo\/image\/"}}]}},"_links":{"self":[{"href":"https:\/\/webdesi-gn.fr\/dev_deltalabo\/wp-json\/wp\/v2\/product\/260094","targetHints":{"allow":["GET"]}}],"collection":[{"href":"https:\/\/webdesi-gn.fr\/dev_deltalabo\/wp-json\/wp\/v2\/product"}],"about":[{"href":"https:\/\/webdesi-gn.fr\/dev_deltalabo\/wp-json\/wp\/v2\/types\/product"}],"wp:featuredmedia":[{"embeddable":true,"href":"https:\/\/webdesi-gn.fr\/dev_deltalabo\/wp-json\/wp\/v2\/media\/261984"}],"wp:attachment":[{"href":"https:\/\/webdesi-gn.fr\/dev_deltalabo\/wp-json\/wp\/v2\/media?parent=260094"}],"wp:term":[{"taxonomy":"domaine","embeddable":true,"href":"https:\/\/webdesi-gn.fr\/dev_deltalabo\/wp-json\/wp\/v2\/domaine?post=260094"},{"taxonomy":"normes","embeddable":true,"href":"https:\/\/webdesi-gn.fr\/dev_deltalabo\/wp-json\/wp\/v2\/normes?post=260094"},{"taxonomy":"product_brand","embeddable":true,"href":"https:\/\/webdesi-gn.fr\/dev_deltalabo\/wp-json\/wp\/v2\/product_brand?post=260094"},{"taxonomy":"product_cat","embeddable":true,"href":"https:\/\/webdesi-gn.fr\/dev_deltalabo\/wp-json\/wp\/v2\/product_cat?post=260094"},{"taxonomy":"product_tag","embeddable":true,"href":"https:\/\/webdesi-gn.fr\/dev_deltalabo\/wp-json\/wp\/v2\/product_tag?post=260094"}],"curies":[{"name":"wp","href":"https:\/\/api.w.org\/{rel}","templated":true}]}}