{"id":260130,"date":"2025-05-22T09:55:51","date_gmt":"2025-05-22T07:55:51","guid":{"rendered":"https:\/\/webdesi-gn.fr\/dev_deltalabo\/?post_type=product&#038;p=260130"},"modified":"2025-11-24T15:50:19","modified_gmt":"2025-11-24T14:50:19","slug":"appareil-pression-de-vapeur-grabner-minivap-vp-vision","status":"publish","type":"product","link":"https:\/\/webdesi-gn.fr\/dev_deltalabo\/produits\/cat-produit\/appareil-pression-de-vapeur-grabner-minivap-vp-vision\/","title":{"rendered":"Analyseur en ligne de pression de vapeur GRABNER MiniVap On-Line"},"content":{"rendered":"","protected":false},"excerpt":{"rendered":"<p><strong>Analyseur en ligne de pression de vapeur GRABNER MiniVap On-Line :<\/strong><\/p>\n<p><span class=\"Y2IQFc\" lang=\"fr\">Le Grabner MiniVap On-Line est un analyseur de mesure en ligne utilis\u00e9 pour la d\u00e9termination de la pression de vapeur de l&rsquo;essence, du p\u00e9trole brut et du GPL:<\/span><\/p>\n<ul>\n<li><span class=\"Y2IQFc\" lang=\"fr\">pression de vapeur des essences : conforme aux normes ASTM D6378, ASTM D5191, ASTM D4953, ASTM D323, ASTM D5188, EN 13016, IP 394, IP 409<\/span><\/li>\n<li><span class=\"Y2IQFc\" lang=\"fr\">pression de vapeur du p\u00e9trole brut : conforme aux normes ASTM D6377, ASTM D323<\/span><\/li>\n<li>pression de vapeur du GPL : conforme aux normes ASTM D6897, ASTM D1267<\/li>\n<\/ul>\n<p class=\"tw-data-text tw-text-large tw-ta\" dir=\"ltr\" data-placeholder=\"Traduction\" data-ved=\"2ahUKEwintbmv17aNAxWYTaQEHVxNIusQ3ewLegQICRAV\" aria-label=\"Texte traduit\u00a0: MINIVAP ON-LINE est un analyseur de surveillance de processus pour la d\u00e9termination de la pression de vapeur de l'essence, du p\u00e9trole brut, du GPL et du NPG. En outre, le rapport vapeur-liquide (LVR) de l'essence peut \u00eatre mesur\u00e9. Le principe de mesure est identique \u00e0 celui des instruments de laboratoire MINIVAP utilis\u00e9s dans le monde entier et le MINIVAP ON-LINE produit donc des r\u00e9sultats \u00e9quivalents. Jusqu'\u00e0 2 flux d'\u00e9chantillons diff\u00e9rents peuvent \u00eatre connect\u00e9s \u00e0 un seul analyseur. Ce testeur de pression de vapeur de proc\u00e9d\u00e9 est enti\u00e8rement conforme aux normes ASTM pertinentes de l'industrie pour l'essence (ASTM D6378), le p\u00e9trole brut (D6377) et le GPL (D6897).\"><span class=\"Y2IQFc\" lang=\"fr\">Jusqu&rsquo;\u00e0 2 flux d&rsquo;\u00e9chantillons diff\u00e9rents peuvent \u00eatre connect\u00e9s \u00e0 un seul analyseur.\u00a0<\/span><\/p>\n<ul>\n<li>Plage de mesure selon la configuration : de 20\u00b0C \u00e0 60\u00b0C.<\/li>\n<li>Plage de pression : 0 \u00e0 1000 kPa.<\/li>\n<li><span class=\"Y2IQFc\" lang=\"fr\">Temps de cycle de 7 minutes.<\/span><\/li>\n<\/ul>\n<p><strong>T\u00e9l\u00e9charger la brochure produit : <\/strong><a href=\"https:\/\/www.deltalabo.fr\/wp-content\/uploads\/2025\/05\/Minivap-on-line-VP-Vision-engl-DL.pdf\">Analyseur en ligne de pression de vapeur GRABNER MiniVap On-Line<\/a><\/p>\n<p><strong>Visionner l&rsquo;utilisation du produit : <\/strong><a href=\"https:\/\/www.youtube.com\/watch?v=3ykJKgEUf3g\">Analyseur en ligne de pression de vapeur GRABNER MiniVap On-Line<\/a><\/p>\n","protected":false},"featured_media":261981,"template":"","meta":{"_acf_changed":false,"site-sidebar-layout":"default","site-content-layout":"","ast-site-content-layout":"default","site-content-style":"default","site-sidebar-style":"default","ast-global-header-display":"","ast-banner-title-visibility":"","ast-main-header-display":"","ast-hfb-above-header-display":"","ast-hfb-below-header-display":"","ast-hfb-mobile-header-display":"","site-post-title":"","ast-breadcrumbs-content":"","ast-featured-img":"","footer-sml-layout":"","ast-disable-related-posts":"","theme-transparent-header-meta":"default","adv-header-id-meta":"","stick-header-meta":"","header-above-stick-meta":"","header-main-stick-meta":"","header-below-stick-meta":"","astra-migrate-meta-layouts":"set","ast-page-background-enabled":"default","ast-page-background-meta":{"desktop":{"background-color":"var(--ast-global-color-5)","background-image":"","background-repeat":"repeat","background-position":"center center","background-size":"auto","background-attachment":"scroll","background-type":"","background-media":"","overlay-type":"","overlay-color":"","overlay-opacity":"","overlay-gradient":""},"tablet":{"background-color":"","background-image":"","background-repeat":"repeat","background-position":"center center","background-size":"auto","background-attachment":"scroll","background-type":"","background-media":"","overlay-type":"","overlay-color":"","overlay-opacity":"","overlay-gradient":""},"mobile":{"background-color":"","background-image":"","background-repeat":"repeat","background-position":"center center","background-size":"auto","background-attachment":"scroll","background-type":"","background-media":"","overlay-type":"","overlay-color":"","overlay-opacity":"","overlay-gradient":""}},"ast-content-background-meta":{"desktop":{"background-color":"var(--ast-global-color-4)","background-image":"","background-repeat":"repeat","background-position":"center center","background-size":"auto","background-attachment":"scroll","background-type":"","background-media":"","overlay-type":"","overlay-color":"","overlay-opacity":"","overlay-gradient":""},"tablet":{"background-color":"var(--ast-global-color-4)","background-image":"","background-repeat":"repeat","background-position":"center center","background-size":"auto","background-attachment":"scroll","background-type":"","background-media":"","overlay-type":"","overlay-color":"","overlay-opacity":"","overlay-gradient":""},"mobile":{"background-color":"var(--ast-global-color-4)","background-image":"","background-repeat":"repeat","background-position":"center center","background-size":"auto","background-attachment":"scroll","background-type":"","background-media":"","overlay-type":"","overlay-color":"","overlay-opacity":"","overlay-gradient":""}}},"domaine":[],"normes":[3294,3325,3343,3345,3346,3361,3362,3370,17135,5257,5258,17159,17158,17154],"product_brand":[],"product_cat":[15],"product_tag":[],"class_list":{"0":"post-260130","1":"product","2":"type-product","3":"status-publish","4":"has-post-thumbnail","6":"normes-d1267","7":"normes-d323","8":"normes-d4953","9":"normes-d5188","10":"normes-d5191","11":"normes-d6377","12":"normes-d6378","13":"normes-d6897","14":"normes-din-51562","15":"normes-en-13016-1","16":"normes-en-13016-2","17":"normes-ip-394","18":"normes-ip-409","19":"normes-ip-481","20":"product_cat-cat-produit","21":"desktop-align-left","22":"tablet-align-left","23":"mobile-align-left","25":"first","26":"instock","27":"shipping-taxable","28":"product-type-simple"},"acf":[],"yoast_head":"<!-- This site is optimized with the Yoast SEO plugin v27.4 - https:\/\/yoast.com\/product\/yoast-seo-wordpress\/ -->\n<title>Analyseur en ligne de pression de vapeur GRABNER MiniVap On-Line | DeltaLabo<\/title>\n<meta name=\"robots\" content=\"noindex, follow, max-snippet:-1, max-image-preview:large, max-video-preview:-1\" \/>\n<meta property=\"og:locale\" content=\"fr_FR\" \/>\n<meta property=\"og:type\" content=\"article\" \/>\n<meta property=\"og:title\" content=\"Analyseur en ligne de pression de vapeur GRABNER MiniVap On-Line | DeltaLabo\" \/>\n<meta property=\"og:description\" content=\"Analyseur en ligne de pression de vapeur GRABNER MiniVap On-Line :  Le Grabner MiniVap On-Line est un analyseur de mesure en ligne utilis\u00e9 pour la d\u00e9termination de la pression de vapeur de l&#039;essence, du p\u00e9trole brut et du GPL:   pression de vapeur des essences : conforme aux normes ASTM D6378, ASTM D5191, ASTM D4953, ASTM D323, ASTM D5188, EN 13016, IP 394, IP 409  pression de vapeur du p\u00e9trole brut : conforme aux normes ASTM D6377, ASTM D323  pression de vapeur du GPL : conforme aux normes ASTM D6897, ASTM D1267  Jusqu&#039;\u00e0 2 flux d&#039;\u00e9chantillons diff\u00e9rents peuvent \u00eatre connect\u00e9s \u00e0 un seul analyseur.\u00a0    Plage de mesure selon la configuration : de 20\u00b0C \u00e0 60\u00b0C.  Plage de pression : 0 \u00e0 1000 kPa.  Temps de cycle de 7 minutes.  T\u00e9l\u00e9charger la brochure produit : Analyseur en ligne de pression de vapeur GRABNER MiniVap On-Line  Visionner l&#039;utilisation du produit : Analyseur en ligne de pression de vapeur GRABNER MiniVap On-Line\" \/>\n<meta property=\"og:url\" content=\"https:\/\/webdesi-gn.fr\/dev_deltalabo\/produits\/astm-d323\/appareil-pression-de-vapeur-grabner-minivap-vp-vision\/\" \/>\n<meta property=\"og:site_name\" content=\"DeltaLabo\" \/>\n<meta property=\"article:modified_time\" content=\"2025-11-24T14:50:19+00:00\" \/>\n<meta property=\"og:image\" content=\"https:\/\/webdesi-gn.fr\/dev_deltalabo\/wp-content\/uploads\/2025\/11\/DELTA-LABO-Grabner-MiniVap-On-Line.webp\" \/>\n\t<meta property=\"og:image:width\" content=\"961\" \/>\n\t<meta property=\"og:image:height\" content=\"961\" \/>\n\t<meta property=\"og:image:type\" content=\"image\/webp\" \/>\n<meta name=\"twitter:card\" content=\"summary_large_image\" \/>\n<meta name=\"twitter:label1\" content=\"Dur\u00e9e de lecture estim\u00e9e\" \/>\n\t<meta name=\"twitter:data1\" content=\"1 minute\" \/>\n<script type=\"application\/ld+json\" class=\"yoast-schema-graph\">{\"@context\":\"https:\\\/\\\/schema.org\",\"@graph\":[{\"@type\":\"WebPage\",\"@id\":\"https:\\\/\\\/webdesi-gn.fr\\\/dev_deltalabo\\\/produits\\\/astm-d323\\\/appareil-pression-de-vapeur-grabner-minivap-vp-vision\\\/\",\"url\":\"https:\\\/\\\/webdesi-gn.fr\\\/dev_deltalabo\\\/produits\\\/astm-d323\\\/appareil-pression-de-vapeur-grabner-minivap-vp-vision\\\/\",\"name\":\"Analyseur en ligne de pression de vapeur GRABNER MiniVap On-Line | DeltaLabo\",\"isPartOf\":{\"@id\":\"https:\\\/\\\/webdesi-gn.fr\\\/dev_deltalabo\\\/#website\"},\"primaryImageOfPage\":{\"@id\":\"https:\\\/\\\/webdesi-gn.fr\\\/dev_deltalabo\\\/produits\\\/astm-d323\\\/appareil-pression-de-vapeur-grabner-minivap-vp-vision\\\/#primaryimage\"},\"image\":{\"@id\":\"https:\\\/\\\/webdesi-gn.fr\\\/dev_deltalabo\\\/produits\\\/astm-d323\\\/appareil-pression-de-vapeur-grabner-minivap-vp-vision\\\/#primaryimage\"},\"thumbnailUrl\":\"https:\\\/\\\/webdesi-gn.fr\\\/dev_deltalabo\\\/wp-content\\\/uploads\\\/2025\\\/11\\\/DELTA-LABO-Grabner-MiniVap-On-Line.webp\",\"datePublished\":\"2025-05-22T07:55:51+00:00\",\"dateModified\":\"2025-11-24T14:50:19+00:00\",\"breadcrumb\":{\"@id\":\"https:\\\/\\\/webdesi-gn.fr\\\/dev_deltalabo\\\/produits\\\/astm-d323\\\/appareil-pression-de-vapeur-grabner-minivap-vp-vision\\\/#breadcrumb\"},\"inLanguage\":\"fr-FR\",\"potentialAction\":[{\"@type\":\"ReadAction\",\"target\":[\"https:\\\/\\\/webdesi-gn.fr\\\/dev_deltalabo\\\/produits\\\/astm-d323\\\/appareil-pression-de-vapeur-grabner-minivap-vp-vision\\\/\"]}]},{\"@type\":\"ImageObject\",\"inLanguage\":\"fr-FR\",\"@id\":\"https:\\\/\\\/webdesi-gn.fr\\\/dev_deltalabo\\\/produits\\\/astm-d323\\\/appareil-pression-de-vapeur-grabner-minivap-vp-vision\\\/#primaryimage\",\"url\":\"https:\\\/\\\/webdesi-gn.fr\\\/dev_deltalabo\\\/wp-content\\\/uploads\\\/2025\\\/11\\\/DELTA-LABO-Grabner-MiniVap-On-Line.webp\",\"contentUrl\":\"https:\\\/\\\/webdesi-gn.fr\\\/dev_deltalabo\\\/wp-content\\\/uploads\\\/2025\\\/11\\\/DELTA-LABO-Grabner-MiniVap-On-Line.webp\",\"width\":961,\"height\":961},{\"@type\":\"BreadcrumbList\",\"@id\":\"https:\\\/\\\/webdesi-gn.fr\\\/dev_deltalabo\\\/produits\\\/astm-d323\\\/appareil-pression-de-vapeur-grabner-minivap-vp-vision\\\/#breadcrumb\",\"itemListElement\":[{\"@type\":\"ListItem\",\"position\":1,\"name\":\"Accueil\",\"item\":\"https:\\\/\\\/webdesi-gn.fr\\\/dev_deltalabo\\\/\"},{\"@type\":\"ListItem\",\"position\":2,\"name\":\"Produits\",\"item\":\"https:\\\/\\\/webdesi-gn.fr\\\/dev_deltalabo\\\/produits\\\/\"},{\"@type\":\"ListItem\",\"position\":3,\"name\":\"Analyseur en ligne de pression de vapeur GRABNER MiniVap On-Line\"}]},{\"@type\":\"WebSite\",\"@id\":\"https:\\\/\\\/webdesi-gn.fr\\\/dev_deltalabo\\\/#website\",\"url\":\"https:\\\/\\\/webdesi-gn.fr\\\/dev_deltalabo\\\/\",\"name\":\"Delta Labo\",\"description\":\"Un site utilisant WordPress\",\"publisher\":{\"@id\":\"https:\\\/\\\/webdesi-gn.fr\\\/dev_deltalabo\\\/#organization\"},\"alternateName\":\"Delta Labo\",\"potentialAction\":[{\"@type\":\"SearchAction\",\"target\":{\"@type\":\"EntryPoint\",\"urlTemplate\":\"https:\\\/\\\/webdesi-gn.fr\\\/dev_deltalabo\\\/?s={search_term_string}\"},\"query-input\":{\"@type\":\"PropertyValueSpecification\",\"valueRequired\":true,\"valueName\":\"search_term_string\"}}],\"inLanguage\":\"fr-FR\"},{\"@type\":\"Organization\",\"@id\":\"https:\\\/\\\/webdesi-gn.fr\\\/dev_deltalabo\\\/#organization\",\"name\":\"DeltaLabo\",\"url\":\"https:\\\/\\\/webdesi-gn.fr\\\/dev_deltalabo\\\/\",\"logo\":{\"@type\":\"ImageObject\",\"inLanguage\":\"fr-FR\",\"@id\":\"https:\\\/\\\/webdesi-gn.fr\\\/dev_deltalabo\\\/#\\\/schema\\\/logo\\\/image\\\/\",\"url\":\"https:\\\/\\\/webdesi-gn.fr\\\/dev_deltalabo\\\/wp-content\\\/uploads\\\/2022\\\/07\\\/logo-deltalabo.png\",\"contentUrl\":\"https:\\\/\\\/webdesi-gn.fr\\\/dev_deltalabo\\\/wp-content\\\/uploads\\\/2022\\\/07\\\/logo-deltalabo.png\",\"width\":694,\"height\":306,\"caption\":\"DeltaLabo\"},\"image\":{\"@id\":\"https:\\\/\\\/webdesi-gn.fr\\\/dev_deltalabo\\\/#\\\/schema\\\/logo\\\/image\\\/\"}}]}<\/script>\n<!-- \/ Yoast SEO plugin. -->","yoast_head_json":{"title":"Analyseur en ligne de pression de vapeur GRABNER MiniVap On-Line | DeltaLabo","robots":{"index":"noindex","follow":"follow","max-snippet":"max-snippet:-1","max-image-preview":"max-image-preview:large","max-video-preview":"max-video-preview:-1"},"og_locale":"fr_FR","og_type":"article","og_title":"Analyseur en ligne de pression de vapeur GRABNER MiniVap On-Line | DeltaLabo","og_description":"Analyseur en ligne de pression de vapeur GRABNER MiniVap On-Line :  Le Grabner MiniVap On-Line est un analyseur de mesure en ligne utilis\u00e9 pour la d\u00e9termination de la pression de vapeur de l'essence, du p\u00e9trole brut et du GPL:   pression de vapeur des essences : conforme aux normes ASTM D6378, ASTM D5191, ASTM D4953, ASTM D323, ASTM D5188, EN 13016, IP 394, IP 409  pression de vapeur du p\u00e9trole brut : conforme aux normes ASTM D6377, ASTM D323  pression de vapeur du GPL : conforme aux normes ASTM D6897, ASTM D1267  Jusqu'\u00e0 2 flux d'\u00e9chantillons diff\u00e9rents peuvent \u00eatre connect\u00e9s \u00e0 un seul analyseur.\u00a0    Plage de mesure selon la configuration : de 20\u00b0C \u00e0 60\u00b0C.  Plage de pression : 0 \u00e0 1000 kPa.  Temps de cycle de 7 minutes.  T\u00e9l\u00e9charger la brochure produit : Analyseur en ligne de pression de vapeur GRABNER MiniVap On-Line  Visionner l'utilisation du produit : Analyseur en ligne de pression de vapeur GRABNER MiniVap On-Line","og_url":"https:\/\/webdesi-gn.fr\/dev_deltalabo\/produits\/astm-d323\/appareil-pression-de-vapeur-grabner-minivap-vp-vision\/","og_site_name":"DeltaLabo","article_modified_time":"2025-11-24T14:50:19+00:00","og_image":[{"width":961,"height":961,"url":"https:\/\/webdesi-gn.fr\/dev_deltalabo\/wp-content\/uploads\/2025\/11\/DELTA-LABO-Grabner-MiniVap-On-Line.webp","type":"image\/webp"}],"twitter_card":"summary_large_image","twitter_misc":{"Dur\u00e9e de lecture estim\u00e9e":"1 minute"},"schema":{"@context":"https:\/\/schema.org","@graph":[{"@type":"WebPage","@id":"https:\/\/webdesi-gn.fr\/dev_deltalabo\/produits\/astm-d323\/appareil-pression-de-vapeur-grabner-minivap-vp-vision\/","url":"https:\/\/webdesi-gn.fr\/dev_deltalabo\/produits\/astm-d323\/appareil-pression-de-vapeur-grabner-minivap-vp-vision\/","name":"Analyseur en ligne de pression de vapeur GRABNER MiniVap On-Line | DeltaLabo","isPartOf":{"@id":"https:\/\/webdesi-gn.fr\/dev_deltalabo\/#website"},"primaryImageOfPage":{"@id":"https:\/\/webdesi-gn.fr\/dev_deltalabo\/produits\/astm-d323\/appareil-pression-de-vapeur-grabner-minivap-vp-vision\/#primaryimage"},"image":{"@id":"https:\/\/webdesi-gn.fr\/dev_deltalabo\/produits\/astm-d323\/appareil-pression-de-vapeur-grabner-minivap-vp-vision\/#primaryimage"},"thumbnailUrl":"https:\/\/webdesi-gn.fr\/dev_deltalabo\/wp-content\/uploads\/2025\/11\/DELTA-LABO-Grabner-MiniVap-On-Line.webp","datePublished":"2025-05-22T07:55:51+00:00","dateModified":"2025-11-24T14:50:19+00:00","breadcrumb":{"@id":"https:\/\/webdesi-gn.fr\/dev_deltalabo\/produits\/astm-d323\/appareil-pression-de-vapeur-grabner-minivap-vp-vision\/#breadcrumb"},"inLanguage":"fr-FR","potentialAction":[{"@type":"ReadAction","target":["https:\/\/webdesi-gn.fr\/dev_deltalabo\/produits\/astm-d323\/appareil-pression-de-vapeur-grabner-minivap-vp-vision\/"]}]},{"@type":"ImageObject","inLanguage":"fr-FR","@id":"https:\/\/webdesi-gn.fr\/dev_deltalabo\/produits\/astm-d323\/appareil-pression-de-vapeur-grabner-minivap-vp-vision\/#primaryimage","url":"https:\/\/webdesi-gn.fr\/dev_deltalabo\/wp-content\/uploads\/2025\/11\/DELTA-LABO-Grabner-MiniVap-On-Line.webp","contentUrl":"https:\/\/webdesi-gn.fr\/dev_deltalabo\/wp-content\/uploads\/2025\/11\/DELTA-LABO-Grabner-MiniVap-On-Line.webp","width":961,"height":961},{"@type":"BreadcrumbList","@id":"https:\/\/webdesi-gn.fr\/dev_deltalabo\/produits\/astm-d323\/appareil-pression-de-vapeur-grabner-minivap-vp-vision\/#breadcrumb","itemListElement":[{"@type":"ListItem","position":1,"name":"Accueil","item":"https:\/\/webdesi-gn.fr\/dev_deltalabo\/"},{"@type":"ListItem","position":2,"name":"Produits","item":"https:\/\/webdesi-gn.fr\/dev_deltalabo\/produits\/"},{"@type":"ListItem","position":3,"name":"Analyseur en ligne de pression de vapeur GRABNER MiniVap On-Line"}]},{"@type":"WebSite","@id":"https:\/\/webdesi-gn.fr\/dev_deltalabo\/#website","url":"https:\/\/webdesi-gn.fr\/dev_deltalabo\/","name":"Delta Labo","description":"Un site utilisant WordPress","publisher":{"@id":"https:\/\/webdesi-gn.fr\/dev_deltalabo\/#organization"},"alternateName":"Delta Labo","potentialAction":[{"@type":"SearchAction","target":{"@type":"EntryPoint","urlTemplate":"https:\/\/webdesi-gn.fr\/dev_deltalabo\/?s={search_term_string}"},"query-input":{"@type":"PropertyValueSpecification","valueRequired":true,"valueName":"search_term_string"}}],"inLanguage":"fr-FR"},{"@type":"Organization","@id":"https:\/\/webdesi-gn.fr\/dev_deltalabo\/#organization","name":"DeltaLabo","url":"https:\/\/webdesi-gn.fr\/dev_deltalabo\/","logo":{"@type":"ImageObject","inLanguage":"fr-FR","@id":"https:\/\/webdesi-gn.fr\/dev_deltalabo\/#\/schema\/logo\/image\/","url":"https:\/\/webdesi-gn.fr\/dev_deltalabo\/wp-content\/uploads\/2022\/07\/logo-deltalabo.png","contentUrl":"https:\/\/webdesi-gn.fr\/dev_deltalabo\/wp-content\/uploads\/2022\/07\/logo-deltalabo.png","width":694,"height":306,"caption":"DeltaLabo"},"image":{"@id":"https:\/\/webdesi-gn.fr\/dev_deltalabo\/#\/schema\/logo\/image\/"}}]}},"_links":{"self":[{"href":"https:\/\/webdesi-gn.fr\/dev_deltalabo\/wp-json\/wp\/v2\/product\/260130","targetHints":{"allow":["GET"]}}],"collection":[{"href":"https:\/\/webdesi-gn.fr\/dev_deltalabo\/wp-json\/wp\/v2\/product"}],"about":[{"href":"https:\/\/webdesi-gn.fr\/dev_deltalabo\/wp-json\/wp\/v2\/types\/product"}],"wp:featuredmedia":[{"embeddable":true,"href":"https:\/\/webdesi-gn.fr\/dev_deltalabo\/wp-json\/wp\/v2\/media\/261981"}],"wp:attachment":[{"href":"https:\/\/webdesi-gn.fr\/dev_deltalabo\/wp-json\/wp\/v2\/media?parent=260130"}],"wp:term":[{"taxonomy":"domaine","embeddable":true,"href":"https:\/\/webdesi-gn.fr\/dev_deltalabo\/wp-json\/wp\/v2\/domaine?post=260130"},{"taxonomy":"normes","embeddable":true,"href":"https:\/\/webdesi-gn.fr\/dev_deltalabo\/wp-json\/wp\/v2\/normes?post=260130"},{"taxonomy":"product_brand","embeddable":true,"href":"https:\/\/webdesi-gn.fr\/dev_deltalabo\/wp-json\/wp\/v2\/product_brand?post=260130"},{"taxonomy":"product_cat","embeddable":true,"href":"https:\/\/webdesi-gn.fr\/dev_deltalabo\/wp-json\/wp\/v2\/product_cat?post=260130"},{"taxonomy":"product_tag","embeddable":true,"href":"https:\/\/webdesi-gn.fr\/dev_deltalabo\/wp-json\/wp\/v2\/product_tag?post=260130"}],"curies":[{"name":"wp","href":"https:\/\/api.w.org\/{rel}","templated":true}]}}