{"id":260172,"date":"2025-05-26T14:47:09","date_gmt":"2025-05-26T12:47:09","guid":{"rendered":"https:\/\/webdesi-gn.fr\/dev_deltalabo\/?post_type=product&#038;p=260172"},"modified":"2026-03-27T09:54:04","modified_gmt":"2026-03-27T08:54:04","slug":"luminometre-charm-sciences-novalum-ii-biojet","status":"publish","type":"product","link":"https:\/\/webdesi-gn.fr\/dev_deltalabo\/produits\/petrochimie-chimie-nucleaire\/carbureacteurs-saf\/luminometre-charm-sciences-novalum-ii-biojet\/","title":{"rendered":"Luminom\u00e8tre CHARM SCIENCES NOVALUM II-Biojet"},"content":{"rendered":"","protected":false},"excerpt":{"rendered":"<p>Le luminom\u00e8tre NOVALUM II-Biojet correspond \u00e0 une version sp\u00e9ciale destin\u00e9e \u00e0 la d\u00e9termination des contaminants microbiologiques dans les carburants d&rsquo;aviation.<\/p>\n<p>Principe de la mesure :<\/p>\n<p>Un complexe enzymatique lucif\u00e9rine\/lucif\u00e9rase est mis en solution en pr\u00e9sence de l&rsquo;\u00e9chantillon \u00e0 tester. Si l&rsquo;\u00e9chantillon contient un contaminant biologique (champignon, bact\u00e9rie, autres micro organismes), il contient dans ce cas de l&rsquo;ATP.<\/p>\n<p>Cet ATP est n\u00e9cessaire \u00e0 l&rsquo;enzyme lucif\u00e9rase pour hydrolyser la prot\u00e9ine, la lucif\u00e9rine. Cette hydrolyse produit de la luninescence. C&rsquo;est cette \u00e9mission de luminescence qui est dos\u00e9e par l&rsquo;instrument.<\/p>\n<p>Le luminom\u00e8tre NOVALUM II-Biojet doit \u00eatre compl\u00e9t\u00e9 des kits de d\u00e9tection Biojet.<\/p>\n<p><strong>T\u00e9l\u00e9charger la brochure produit :<\/strong> <a href=\"https:\/\/www.deltalabo.fr\/wp-content\/uploads\/2025\/05\/Doc-NovaLUM-II-Bio-Jet-engl-DL.pdf\">luminom\u00e8tre CHARM SCIENCES NOVALUM II-Biojet<\/a><\/p>\n","protected":false},"featured_media":261979,"template":"","meta":{"_acf_changed":false,"site-sidebar-layout":"default","site-content-layout":"","ast-site-content-layout":"default","site-content-style":"default","site-sidebar-style":"default","ast-global-header-display":"","ast-banner-title-visibility":"","ast-main-header-display":"","ast-hfb-above-header-display":"","ast-hfb-below-header-display":"","ast-hfb-mobile-header-display":"","site-post-title":"","ast-breadcrumbs-content":"","ast-featured-img":"","footer-sml-layout":"","ast-disable-related-posts":"","theme-transparent-header-meta":"default","adv-header-id-meta":"","stick-header-meta":"","header-above-stick-meta":"","header-main-stick-meta":"","header-below-stick-meta":"","astra-migrate-meta-layouts":"set","ast-page-background-enabled":"default","ast-page-background-meta":{"desktop":{"background-color":"var(--ast-global-color-5)","background-image":"","background-repeat":"repeat","background-position":"center center","background-size":"auto","background-attachment":"scroll","background-type":"","background-media":"","overlay-type":"","overlay-color":"","overlay-opacity":"","overlay-gradient":""},"tablet":{"background-color":"","background-image":"","background-repeat":"repeat","background-position":"center center","background-size":"auto","background-attachment":"scroll","background-type":"","background-media":"","overlay-type":"","overlay-color":"","overlay-opacity":"","overlay-gradient":""},"mobile":{"background-color":"","background-image":"","background-repeat":"repeat","background-position":"center center","background-size":"auto","background-attachment":"scroll","background-type":"","background-media":"","overlay-type":"","overlay-color":"","overlay-opacity":"","overlay-gradient":""}},"ast-content-background-meta":{"desktop":{"background-color":"var(--ast-global-color-4)","background-image":"","background-repeat":"repeat","background-position":"center center","background-size":"auto","background-attachment":"scroll","background-type":"","background-media":"","overlay-type":"","overlay-color":"","overlay-opacity":"","overlay-gradient":""},"tablet":{"background-color":"var(--ast-global-color-4)","background-image":"","background-repeat":"repeat","background-position":"center center","background-size":"auto","background-attachment":"scroll","background-type":"","background-media":"","overlay-type":"","overlay-color":"","overlay-opacity":"","overlay-gradient":""},"mobile":{"background-color":"var(--ast-global-color-4)","background-image":"","background-repeat":"repeat","background-position":"center center","background-size":"auto","background-attachment":"scroll","background-type":"","background-media":"","overlay-type":"","overlay-color":"","overlay-opacity":"","overlay-gradient":""}}},"domaine":[],"normes":[17135],"product_brand":[],"product_cat":[17192,17193,17210],"product_tag":[],"class_list":{"0":"post-260172","1":"product","2":"type-product","3":"status-publish","4":"has-post-thumbnail","6":"normes-din-51562","7":"product_cat-carbureacteurs-saf","8":"product_cat-diesel-gazole","9":"product_cat-saf","10":"desktop-align-left","11":"tablet-align-left","12":"mobile-align-left","14":"first","15":"instock","16":"shipping-taxable","17":"purchasable","18":"product-type-simple"},"acf":[],"yoast_head":"<!-- This site is optimized with the Yoast SEO plugin v27.4 - https:\/\/yoast.com\/product\/yoast-seo-wordpress\/ -->\n<title>Luminom\u00e8tre CHARM SCIENCES NOVALUM II-Biojet | DeltaLabo<\/title>\n<meta name=\"robots\" content=\"noindex, follow, max-snippet:-1, max-image-preview:large, max-video-preview:-1\" \/>\n<meta property=\"og:locale\" content=\"fr_FR\" \/>\n<meta property=\"og:type\" content=\"article\" \/>\n<meta property=\"og:title\" content=\"Luminom\u00e8tre CHARM SCIENCES NOVALUM II-Biojet | DeltaLabo\" \/>\n<meta property=\"og:description\" content=\"Le luminom\u00e8tre NOVALUM II-Biojet correspond \u00e0 une version sp\u00e9ciale destin\u00e9e \u00e0 la d\u00e9termination des contaminants microbiologiques dans les carburants d&#039;aviation.  Principe de la mesure :  Un complexe enzymatique lucif\u00e9rine\/lucif\u00e9rase est mis en solution en pr\u00e9sence de l&#039;\u00e9chantillon \u00e0 tester. Si l&#039;\u00e9chantillon contient un contaminant biologique (champignon, bact\u00e9rie, autres micro organismes), il contient dans ce cas de l&#039;ATP.  Cet ATP est n\u00e9cessaire \u00e0 l&#039;enzyme lucif\u00e9rase pour hydrolyser la prot\u00e9ine, la lucif\u00e9rine. Cette hydrolyse produit de la luninescence. C&#039;est cette \u00e9mission de luminescence qui est dos\u00e9e par l&#039;instrument.  Le luminom\u00e8tre NOVALUM II-Biojet doit \u00eatre compl\u00e9t\u00e9 des kits de d\u00e9tection Biojet.  T\u00e9l\u00e9charger la brochure produit : luminom\u00e8tre CHARM SCIENCES NOVALUM II-Biojet\" \/>\n<meta property=\"og:url\" content=\"https:\/\/webdesi-gn.fr\/dev_deltalabo\/produits\/petrochimie-chimie-nucleaire\/carbureacteurs-saf\/luminometre-charm-sciences-novalum-ii-biojet\/\" \/>\n<meta property=\"og:site_name\" content=\"DeltaLabo\" \/>\n<meta property=\"article:modified_time\" content=\"2026-03-27T08:54:04+00:00\" \/>\n<meta property=\"og:image\" content=\"https:\/\/webdesi-gn.fr\/dev_deltalabo\/wp-content\/uploads\/2025\/11\/DELTA-LABO-Novalum-II-Biojet.jpg\" \/>\n\t<meta property=\"og:image:width\" content=\"430\" \/>\n\t<meta property=\"og:image:height\" content=\"410\" \/>\n\t<meta property=\"og:image:type\" content=\"image\/jpeg\" \/>\n<meta name=\"twitter:card\" content=\"summary_large_image\" \/>\n<meta name=\"twitter:label1\" content=\"Dur\u00e9e de lecture estim\u00e9e\" \/>\n\t<meta name=\"twitter:data1\" content=\"1 minute\" \/>\n<script type=\"application\/ld+json\" class=\"yoast-schema-graph\">{\"@context\":\"https:\\\/\\\/schema.org\",\"@graph\":[{\"@type\":\"WebPage\",\"@id\":\"https:\\\/\\\/webdesi-gn.fr\\\/dev_deltalabo\\\/produits\\\/petrochimie-chimie-nucleaire\\\/carbureacteurs-saf\\\/luminometre-charm-sciences-novalum-ii-biojet\\\/\",\"url\":\"https:\\\/\\\/webdesi-gn.fr\\\/dev_deltalabo\\\/produits\\\/petrochimie-chimie-nucleaire\\\/carbureacteurs-saf\\\/luminometre-charm-sciences-novalum-ii-biojet\\\/\",\"name\":\"Luminom\u00e8tre CHARM SCIENCES NOVALUM II-Biojet | DeltaLabo\",\"isPartOf\":{\"@id\":\"https:\\\/\\\/webdesi-gn.fr\\\/dev_deltalabo\\\/#website\"},\"primaryImageOfPage\":{\"@id\":\"https:\\\/\\\/webdesi-gn.fr\\\/dev_deltalabo\\\/produits\\\/petrochimie-chimie-nucleaire\\\/carbureacteurs-saf\\\/luminometre-charm-sciences-novalum-ii-biojet\\\/#primaryimage\"},\"image\":{\"@id\":\"https:\\\/\\\/webdesi-gn.fr\\\/dev_deltalabo\\\/produits\\\/petrochimie-chimie-nucleaire\\\/carbureacteurs-saf\\\/luminometre-charm-sciences-novalum-ii-biojet\\\/#primaryimage\"},\"thumbnailUrl\":\"https:\\\/\\\/webdesi-gn.fr\\\/dev_deltalabo\\\/wp-content\\\/uploads\\\/2025\\\/11\\\/DELTA-LABO-Novalum-II-Biojet.jpg\",\"datePublished\":\"2025-05-26T12:47:09+00:00\",\"dateModified\":\"2026-03-27T08:54:04+00:00\",\"breadcrumb\":{\"@id\":\"https:\\\/\\\/webdesi-gn.fr\\\/dev_deltalabo\\\/produits\\\/petrochimie-chimie-nucleaire\\\/carbureacteurs-saf\\\/luminometre-charm-sciences-novalum-ii-biojet\\\/#breadcrumb\"},\"inLanguage\":\"fr-FR\",\"potentialAction\":[{\"@type\":\"ReadAction\",\"target\":[\"https:\\\/\\\/webdesi-gn.fr\\\/dev_deltalabo\\\/produits\\\/petrochimie-chimie-nucleaire\\\/carbureacteurs-saf\\\/luminometre-charm-sciences-novalum-ii-biojet\\\/\"]}]},{\"@type\":\"ImageObject\",\"inLanguage\":\"fr-FR\",\"@id\":\"https:\\\/\\\/webdesi-gn.fr\\\/dev_deltalabo\\\/produits\\\/petrochimie-chimie-nucleaire\\\/carbureacteurs-saf\\\/luminometre-charm-sciences-novalum-ii-biojet\\\/#primaryimage\",\"url\":\"https:\\\/\\\/webdesi-gn.fr\\\/dev_deltalabo\\\/wp-content\\\/uploads\\\/2025\\\/11\\\/DELTA-LABO-Novalum-II-Biojet.jpg\",\"contentUrl\":\"https:\\\/\\\/webdesi-gn.fr\\\/dev_deltalabo\\\/wp-content\\\/uploads\\\/2025\\\/11\\\/DELTA-LABO-Novalum-II-Biojet.jpg\",\"width\":430,\"height\":410},{\"@type\":\"BreadcrumbList\",\"@id\":\"https:\\\/\\\/webdesi-gn.fr\\\/dev_deltalabo\\\/produits\\\/petrochimie-chimie-nucleaire\\\/carbureacteurs-saf\\\/luminometre-charm-sciences-novalum-ii-biojet\\\/#breadcrumb\",\"itemListElement\":[{\"@type\":\"ListItem\",\"position\":1,\"name\":\"Accueil\",\"item\":\"https:\\\/\\\/webdesi-gn.fr\\\/dev_deltalabo\\\/\"},{\"@type\":\"ListItem\",\"position\":2,\"name\":\"Produits\",\"item\":\"https:\\\/\\\/webdesi-gn.fr\\\/dev_deltalabo\\\/produits\\\/\"},{\"@type\":\"ListItem\",\"position\":3,\"name\":\"Luminom\u00e8tre CHARM SCIENCES NOVALUM II-Biojet\"}]},{\"@type\":\"WebSite\",\"@id\":\"https:\\\/\\\/webdesi-gn.fr\\\/dev_deltalabo\\\/#website\",\"url\":\"https:\\\/\\\/webdesi-gn.fr\\\/dev_deltalabo\\\/\",\"name\":\"Delta Labo\",\"description\":\"Un site utilisant WordPress\",\"publisher\":{\"@id\":\"https:\\\/\\\/webdesi-gn.fr\\\/dev_deltalabo\\\/#organization\"},\"alternateName\":\"Delta Labo\",\"potentialAction\":[{\"@type\":\"SearchAction\",\"target\":{\"@type\":\"EntryPoint\",\"urlTemplate\":\"https:\\\/\\\/webdesi-gn.fr\\\/dev_deltalabo\\\/?s={search_term_string}\"},\"query-input\":{\"@type\":\"PropertyValueSpecification\",\"valueRequired\":true,\"valueName\":\"search_term_string\"}}],\"inLanguage\":\"fr-FR\"},{\"@type\":\"Organization\",\"@id\":\"https:\\\/\\\/webdesi-gn.fr\\\/dev_deltalabo\\\/#organization\",\"name\":\"DeltaLabo\",\"url\":\"https:\\\/\\\/webdesi-gn.fr\\\/dev_deltalabo\\\/\",\"logo\":{\"@type\":\"ImageObject\",\"inLanguage\":\"fr-FR\",\"@id\":\"https:\\\/\\\/webdesi-gn.fr\\\/dev_deltalabo\\\/#\\\/schema\\\/logo\\\/image\\\/\",\"url\":\"https:\\\/\\\/webdesi-gn.fr\\\/dev_deltalabo\\\/wp-content\\\/uploads\\\/2022\\\/07\\\/logo-deltalabo.png\",\"contentUrl\":\"https:\\\/\\\/webdesi-gn.fr\\\/dev_deltalabo\\\/wp-content\\\/uploads\\\/2022\\\/07\\\/logo-deltalabo.png\",\"width\":694,\"height\":306,\"caption\":\"DeltaLabo\"},\"image\":{\"@id\":\"https:\\\/\\\/webdesi-gn.fr\\\/dev_deltalabo\\\/#\\\/schema\\\/logo\\\/image\\\/\"}}]}<\/script>\n<!-- \/ Yoast SEO plugin. -->","yoast_head_json":{"title":"Luminom\u00e8tre CHARM SCIENCES NOVALUM II-Biojet | DeltaLabo","robots":{"index":"noindex","follow":"follow","max-snippet":"max-snippet:-1","max-image-preview":"max-image-preview:large","max-video-preview":"max-video-preview:-1"},"og_locale":"fr_FR","og_type":"article","og_title":"Luminom\u00e8tre CHARM SCIENCES NOVALUM II-Biojet | DeltaLabo","og_description":"Le luminom\u00e8tre NOVALUM II-Biojet correspond \u00e0 une version sp\u00e9ciale destin\u00e9e \u00e0 la d\u00e9termination des contaminants microbiologiques dans les carburants d'aviation.  Principe de la mesure :  Un complexe enzymatique lucif\u00e9rine\/lucif\u00e9rase est mis en solution en pr\u00e9sence de l'\u00e9chantillon \u00e0 tester. Si l'\u00e9chantillon contient un contaminant biologique (champignon, bact\u00e9rie, autres micro organismes), il contient dans ce cas de l'ATP.  Cet ATP est n\u00e9cessaire \u00e0 l'enzyme lucif\u00e9rase pour hydrolyser la prot\u00e9ine, la lucif\u00e9rine. Cette hydrolyse produit de la luninescence. C'est cette \u00e9mission de luminescence qui est dos\u00e9e par l'instrument.  Le luminom\u00e8tre NOVALUM II-Biojet doit \u00eatre compl\u00e9t\u00e9 des kits de d\u00e9tection Biojet.  T\u00e9l\u00e9charger la brochure produit : luminom\u00e8tre CHARM SCIENCES NOVALUM II-Biojet","og_url":"https:\/\/webdesi-gn.fr\/dev_deltalabo\/produits\/petrochimie-chimie-nucleaire\/carbureacteurs-saf\/luminometre-charm-sciences-novalum-ii-biojet\/","og_site_name":"DeltaLabo","article_modified_time":"2026-03-27T08:54:04+00:00","og_image":[{"width":430,"height":410,"url":"https:\/\/webdesi-gn.fr\/dev_deltalabo\/wp-content\/uploads\/2025\/11\/DELTA-LABO-Novalum-II-Biojet.jpg","type":"image\/jpeg"}],"twitter_card":"summary_large_image","twitter_misc":{"Dur\u00e9e de lecture estim\u00e9e":"1 minute"},"schema":{"@context":"https:\/\/schema.org","@graph":[{"@type":"WebPage","@id":"https:\/\/webdesi-gn.fr\/dev_deltalabo\/produits\/petrochimie-chimie-nucleaire\/carbureacteurs-saf\/luminometre-charm-sciences-novalum-ii-biojet\/","url":"https:\/\/webdesi-gn.fr\/dev_deltalabo\/produits\/petrochimie-chimie-nucleaire\/carbureacteurs-saf\/luminometre-charm-sciences-novalum-ii-biojet\/","name":"Luminom\u00e8tre CHARM SCIENCES NOVALUM II-Biojet | DeltaLabo","isPartOf":{"@id":"https:\/\/webdesi-gn.fr\/dev_deltalabo\/#website"},"primaryImageOfPage":{"@id":"https:\/\/webdesi-gn.fr\/dev_deltalabo\/produits\/petrochimie-chimie-nucleaire\/carbureacteurs-saf\/luminometre-charm-sciences-novalum-ii-biojet\/#primaryimage"},"image":{"@id":"https:\/\/webdesi-gn.fr\/dev_deltalabo\/produits\/petrochimie-chimie-nucleaire\/carbureacteurs-saf\/luminometre-charm-sciences-novalum-ii-biojet\/#primaryimage"},"thumbnailUrl":"https:\/\/webdesi-gn.fr\/dev_deltalabo\/wp-content\/uploads\/2025\/11\/DELTA-LABO-Novalum-II-Biojet.jpg","datePublished":"2025-05-26T12:47:09+00:00","dateModified":"2026-03-27T08:54:04+00:00","breadcrumb":{"@id":"https:\/\/webdesi-gn.fr\/dev_deltalabo\/produits\/petrochimie-chimie-nucleaire\/carbureacteurs-saf\/luminometre-charm-sciences-novalum-ii-biojet\/#breadcrumb"},"inLanguage":"fr-FR","potentialAction":[{"@type":"ReadAction","target":["https:\/\/webdesi-gn.fr\/dev_deltalabo\/produits\/petrochimie-chimie-nucleaire\/carbureacteurs-saf\/luminometre-charm-sciences-novalum-ii-biojet\/"]}]},{"@type":"ImageObject","inLanguage":"fr-FR","@id":"https:\/\/webdesi-gn.fr\/dev_deltalabo\/produits\/petrochimie-chimie-nucleaire\/carbureacteurs-saf\/luminometre-charm-sciences-novalum-ii-biojet\/#primaryimage","url":"https:\/\/webdesi-gn.fr\/dev_deltalabo\/wp-content\/uploads\/2025\/11\/DELTA-LABO-Novalum-II-Biojet.jpg","contentUrl":"https:\/\/webdesi-gn.fr\/dev_deltalabo\/wp-content\/uploads\/2025\/11\/DELTA-LABO-Novalum-II-Biojet.jpg","width":430,"height":410},{"@type":"BreadcrumbList","@id":"https:\/\/webdesi-gn.fr\/dev_deltalabo\/produits\/petrochimie-chimie-nucleaire\/carbureacteurs-saf\/luminometre-charm-sciences-novalum-ii-biojet\/#breadcrumb","itemListElement":[{"@type":"ListItem","position":1,"name":"Accueil","item":"https:\/\/webdesi-gn.fr\/dev_deltalabo\/"},{"@type":"ListItem","position":2,"name":"Produits","item":"https:\/\/webdesi-gn.fr\/dev_deltalabo\/produits\/"},{"@type":"ListItem","position":3,"name":"Luminom\u00e8tre CHARM SCIENCES NOVALUM II-Biojet"}]},{"@type":"WebSite","@id":"https:\/\/webdesi-gn.fr\/dev_deltalabo\/#website","url":"https:\/\/webdesi-gn.fr\/dev_deltalabo\/","name":"Delta Labo","description":"Un site utilisant WordPress","publisher":{"@id":"https:\/\/webdesi-gn.fr\/dev_deltalabo\/#organization"},"alternateName":"Delta Labo","potentialAction":[{"@type":"SearchAction","target":{"@type":"EntryPoint","urlTemplate":"https:\/\/webdesi-gn.fr\/dev_deltalabo\/?s={search_term_string}"},"query-input":{"@type":"PropertyValueSpecification","valueRequired":true,"valueName":"search_term_string"}}],"inLanguage":"fr-FR"},{"@type":"Organization","@id":"https:\/\/webdesi-gn.fr\/dev_deltalabo\/#organization","name":"DeltaLabo","url":"https:\/\/webdesi-gn.fr\/dev_deltalabo\/","logo":{"@type":"ImageObject","inLanguage":"fr-FR","@id":"https:\/\/webdesi-gn.fr\/dev_deltalabo\/#\/schema\/logo\/image\/","url":"https:\/\/webdesi-gn.fr\/dev_deltalabo\/wp-content\/uploads\/2022\/07\/logo-deltalabo.png","contentUrl":"https:\/\/webdesi-gn.fr\/dev_deltalabo\/wp-content\/uploads\/2022\/07\/logo-deltalabo.png","width":694,"height":306,"caption":"DeltaLabo"},"image":{"@id":"https:\/\/webdesi-gn.fr\/dev_deltalabo\/#\/schema\/logo\/image\/"}}]}},"_links":{"self":[{"href":"https:\/\/webdesi-gn.fr\/dev_deltalabo\/wp-json\/wp\/v2\/product\/260172","targetHints":{"allow":["GET"]}}],"collection":[{"href":"https:\/\/webdesi-gn.fr\/dev_deltalabo\/wp-json\/wp\/v2\/product"}],"about":[{"href":"https:\/\/webdesi-gn.fr\/dev_deltalabo\/wp-json\/wp\/v2\/types\/product"}],"wp:featuredmedia":[{"embeddable":true,"href":"https:\/\/webdesi-gn.fr\/dev_deltalabo\/wp-json\/wp\/v2\/media\/261979"}],"wp:attachment":[{"href":"https:\/\/webdesi-gn.fr\/dev_deltalabo\/wp-json\/wp\/v2\/media?parent=260172"}],"wp:term":[{"taxonomy":"domaine","embeddable":true,"href":"https:\/\/webdesi-gn.fr\/dev_deltalabo\/wp-json\/wp\/v2\/domaine?post=260172"},{"taxonomy":"normes","embeddable":true,"href":"https:\/\/webdesi-gn.fr\/dev_deltalabo\/wp-json\/wp\/v2\/normes?post=260172"},{"taxonomy":"product_brand","embeddable":true,"href":"https:\/\/webdesi-gn.fr\/dev_deltalabo\/wp-json\/wp\/v2\/product_brand?post=260172"},{"taxonomy":"product_cat","embeddable":true,"href":"https:\/\/webdesi-gn.fr\/dev_deltalabo\/wp-json\/wp\/v2\/product_cat?post=260172"},{"taxonomy":"product_tag","embeddable":true,"href":"https:\/\/webdesi-gn.fr\/dev_deltalabo\/wp-json\/wp\/v2\/product_tag?post=260172"}],"curies":[{"name":"wp","href":"https:\/\/api.w.org\/{rel}","templated":true}]}}