{"id":260195,"date":"2025-05-27T15:05:26","date_gmt":"2025-05-27T13:05:26","guid":{"rendered":"https:\/\/webdesi-gn.fr\/dev_deltalabo\/?post_type=product&#038;p=260195"},"modified":"2025-11-24T15:57:41","modified_gmt":"2025-11-24T14:57:41","slug":"instrument-de-determination-du-couple-des-graisses-a-basse-temperature-lin-tech-newlab-800","status":"publish","type":"product","link":"https:\/\/webdesi-gn.fr\/dev_deltalabo\/produits\/cat-produit\/instrument-de-determination-du-couple-des-graisses-a-basse-temperature-lin-tech-newlab-800\/","title":{"rendered":"Instrument de d\u00e9termination du couple des graisses \u00e0 basse temp\u00e9rature LIN-TECH &#8211; NewLab 800"},"content":{"rendered":"","protected":false},"excerpt":{"rendered":"<p><strong>Instrument de d\u00e9termination du couple des graisses \u00e0 basse temp\u00e9rature LIN-TECH &#8211; NewLab 800 :\u00a0<\/strong><\/p>\n<p>Cet instrument permet <span class=\"Y2IQFc\" lang=\"fr\">automatiquement la d\u00e9termination du couple des graisses \u00e0 basse temp\u00e9rature, conform\u00e9ment aux normes ASTM D1478, ASTM D4693 et ASTM D4950.<\/span><\/p>\n<ul>\n<li>Groupe frigorifique \u00e0 deux \u00e9tages sans gaz, capable<span class=\"Y2IQFc\" lang=\"fr\"> d&rsquo;assurer une temp\u00e9rature de travail homog\u00e8ne de -73\u00b0C<\/span><\/li>\n<li>Motor\u00e9ducteur et cage \u00e0 billes tournant \u00e0 1 tr\/min<\/li>\n<li>Capable de stocker plus de 60 000 analyses<\/li>\n<\/ul>\n<p><strong>T\u00e9l\u00e9charger la brochure produit :<\/strong> <a href=\"https:\/\/www.deltalabo.fr\/wp-content\/uploads\/2025\/05\/Doc-New-lab-800-engl-DL.pdf\">Instrument de d\u00e9termination du couple des graisses \u00e0 basse temp\u00e9rature LIN-TECH &#8211; NewLab 800<\/a><\/p>\n","protected":false},"featured_media":261977,"template":"","meta":{"_acf_changed":false,"site-sidebar-layout":"default","site-content-layout":"","ast-site-content-layout":"default","site-content-style":"default","site-sidebar-style":"default","ast-global-header-display":"","ast-banner-title-visibility":"","ast-main-header-display":"","ast-hfb-above-header-display":"","ast-hfb-below-header-display":"","ast-hfb-mobile-header-display":"","site-post-title":"","ast-breadcrumbs-content":"","ast-featured-img":"","footer-sml-layout":"","ast-disable-related-posts":"","theme-transparent-header-meta":"default","adv-header-id-meta":"","stick-header-meta":"","header-above-stick-meta":"","header-main-stick-meta":"","header-below-stick-meta":"","astra-migrate-meta-layouts":"set","ast-page-background-enabled":"default","ast-page-background-meta":{"desktop":{"background-color":"var(--ast-global-color-5)","background-image":"","background-repeat":"repeat","background-position":"center center","background-size":"auto","background-attachment":"scroll","background-type":"","background-media":"","overlay-type":"","overlay-color":"","overlay-opacity":"","overlay-gradient":""},"tablet":{"background-color":"","background-image":"","background-repeat":"repeat","background-position":"center center","background-size":"auto","background-attachment":"scroll","background-type":"","background-media":"","overlay-type":"","overlay-color":"","overlay-opacity":"","overlay-gradient":""},"mobile":{"background-color":"","background-image":"","background-repeat":"repeat","background-position":"center center","background-size":"auto","background-attachment":"scroll","background-type":"","background-media":"","overlay-type":"","overlay-color":"","overlay-opacity":"","overlay-gradient":""}},"ast-content-background-meta":{"desktop":{"background-color":"var(--ast-global-color-4)","background-image":"","background-repeat":"repeat","background-position":"center center","background-size":"auto","background-attachment":"scroll","background-type":"","background-media":"","overlay-type":"","overlay-color":"","overlay-opacity":"","overlay-gradient":""},"tablet":{"background-color":"var(--ast-global-color-4)","background-image":"","background-repeat":"repeat","background-position":"center center","background-size":"auto","background-attachment":"scroll","background-type":"","background-media":"","overlay-type":"","overlay-color":"","overlay-opacity":"","overlay-gradient":""},"mobile":{"background-color":"var(--ast-global-color-4)","background-image":"","background-repeat":"repeat","background-position":"center center","background-size":"auto","background-attachment":"scroll","background-type":"","background-media":"","overlay-type":"","overlay-color":"","overlay-opacity":"","overlay-gradient":""}}},"domaine":[],"normes":[3301,3342,17135],"product_brand":[],"product_cat":[15],"product_tag":[],"class_list":{"0":"post-260195","1":"product","2":"type-product","3":"status-publish","4":"has-post-thumbnail","6":"normes-d1478","7":"normes-d4950","8":"normes-din-51562","9":"product_cat-cat-produit","10":"desktop-align-left","11":"tablet-align-left","12":"mobile-align-left","14":"first","15":"instock","16":"shipping-taxable","17":"product-type-simple"},"acf":[],"yoast_head":"<!-- This site is optimized with the Yoast SEO plugin v27.4 - https:\/\/yoast.com\/product\/yoast-seo-wordpress\/ -->\n<title>Instrument de d\u00e9termination du couple des graisses \u00e0 basse temp\u00e9rature LIN-TECH - NewLab 800 | DeltaLabo<\/title>\n<meta name=\"robots\" content=\"noindex, follow, max-snippet:-1, max-image-preview:large, max-video-preview:-1\" \/>\n<meta property=\"og:locale\" content=\"fr_FR\" \/>\n<meta property=\"og:type\" content=\"article\" \/>\n<meta property=\"og:title\" content=\"Instrument de d\u00e9termination du couple des graisses \u00e0 basse temp\u00e9rature LIN-TECH - NewLab 800 | DeltaLabo\" \/>\n<meta property=\"og:description\" content=\"Instrument de d\u00e9termination du couple des graisses \u00e0 basse temp\u00e9rature LIN-TECH - NewLab 800 :\u00a0  Cet instrument permet automatiquement la d\u00e9termination du couple des graisses \u00e0 basse temp\u00e9rature, conform\u00e9ment aux normes ASTM D1478, ASTM D4693 et ASTM D4950.   Groupe frigorifique \u00e0 deux \u00e9tages sans gaz, capable d&#039;assurer une temp\u00e9rature de travail homog\u00e8ne de -73\u00b0C  Motor\u00e9ducteur et cage \u00e0 billes tournant \u00e0 1 tr\/min  Capable de stocker plus de 60 000 analyses  T\u00e9l\u00e9charger la brochure produit : Instrument de d\u00e9termination du couple des graisses \u00e0 basse temp\u00e9rature LIN-TECH - NewLab 800\" \/>\n<meta property=\"og:url\" content=\"https:\/\/webdesi-gn.fr\/dev_deltalabo\/produits\/astm-d4950\/instrument-de-determination-du-couple-des-graisses-a-basse-temperature-lin-tech-newlab-800\/\" \/>\n<meta property=\"og:site_name\" content=\"DeltaLabo\" \/>\n<meta property=\"article:modified_time\" content=\"2025-11-24T14:57:41+00:00\" \/>\n<meta property=\"og:image\" content=\"https:\/\/webdesi-gn.fr\/dev_deltalabo\/wp-content\/uploads\/2025\/11\/DELTA-LABO-newlab-800.jpg\" \/>\n\t<meta property=\"og:image:width\" content=\"491\" \/>\n\t<meta property=\"og:image:height\" content=\"624\" \/>\n\t<meta property=\"og:image:type\" content=\"image\/jpeg\" \/>\n<meta name=\"twitter:card\" content=\"summary_large_image\" \/>\n<meta name=\"twitter:label1\" content=\"Dur\u00e9e de lecture estim\u00e9e\" \/>\n\t<meta name=\"twitter:data1\" content=\"1 minute\" \/>\n<script type=\"application\/ld+json\" class=\"yoast-schema-graph\">{\"@context\":\"https:\\\/\\\/schema.org\",\"@graph\":[{\"@type\":\"WebPage\",\"@id\":\"https:\\\/\\\/webdesi-gn.fr\\\/dev_deltalabo\\\/produits\\\/astm-d4950\\\/instrument-de-determination-du-couple-des-graisses-a-basse-temperature-lin-tech-newlab-800\\\/\",\"url\":\"https:\\\/\\\/webdesi-gn.fr\\\/dev_deltalabo\\\/produits\\\/astm-d4950\\\/instrument-de-determination-du-couple-des-graisses-a-basse-temperature-lin-tech-newlab-800\\\/\",\"name\":\"Instrument de d\u00e9termination du couple des graisses \u00e0 basse temp\u00e9rature LIN-TECH - NewLab 800 | DeltaLabo\",\"isPartOf\":{\"@id\":\"https:\\\/\\\/webdesi-gn.fr\\\/dev_deltalabo\\\/#website\"},\"primaryImageOfPage\":{\"@id\":\"https:\\\/\\\/webdesi-gn.fr\\\/dev_deltalabo\\\/produits\\\/astm-d4950\\\/instrument-de-determination-du-couple-des-graisses-a-basse-temperature-lin-tech-newlab-800\\\/#primaryimage\"},\"image\":{\"@id\":\"https:\\\/\\\/webdesi-gn.fr\\\/dev_deltalabo\\\/produits\\\/astm-d4950\\\/instrument-de-determination-du-couple-des-graisses-a-basse-temperature-lin-tech-newlab-800\\\/#primaryimage\"},\"thumbnailUrl\":\"https:\\\/\\\/webdesi-gn.fr\\\/dev_deltalabo\\\/wp-content\\\/uploads\\\/2025\\\/11\\\/DELTA-LABO-newlab-800.jpg\",\"datePublished\":\"2025-05-27T13:05:26+00:00\",\"dateModified\":\"2025-11-24T14:57:41+00:00\",\"breadcrumb\":{\"@id\":\"https:\\\/\\\/webdesi-gn.fr\\\/dev_deltalabo\\\/produits\\\/astm-d4950\\\/instrument-de-determination-du-couple-des-graisses-a-basse-temperature-lin-tech-newlab-800\\\/#breadcrumb\"},\"inLanguage\":\"fr-FR\",\"potentialAction\":[{\"@type\":\"ReadAction\",\"target\":[\"https:\\\/\\\/webdesi-gn.fr\\\/dev_deltalabo\\\/produits\\\/astm-d4950\\\/instrument-de-determination-du-couple-des-graisses-a-basse-temperature-lin-tech-newlab-800\\\/\"]}]},{\"@type\":\"ImageObject\",\"inLanguage\":\"fr-FR\",\"@id\":\"https:\\\/\\\/webdesi-gn.fr\\\/dev_deltalabo\\\/produits\\\/astm-d4950\\\/instrument-de-determination-du-couple-des-graisses-a-basse-temperature-lin-tech-newlab-800\\\/#primaryimage\",\"url\":\"https:\\\/\\\/webdesi-gn.fr\\\/dev_deltalabo\\\/wp-content\\\/uploads\\\/2025\\\/11\\\/DELTA-LABO-newlab-800.jpg\",\"contentUrl\":\"https:\\\/\\\/webdesi-gn.fr\\\/dev_deltalabo\\\/wp-content\\\/uploads\\\/2025\\\/11\\\/DELTA-LABO-newlab-800.jpg\",\"width\":491,\"height\":624},{\"@type\":\"BreadcrumbList\",\"@id\":\"https:\\\/\\\/webdesi-gn.fr\\\/dev_deltalabo\\\/produits\\\/astm-d4950\\\/instrument-de-determination-du-couple-des-graisses-a-basse-temperature-lin-tech-newlab-800\\\/#breadcrumb\",\"itemListElement\":[{\"@type\":\"ListItem\",\"position\":1,\"name\":\"Accueil\",\"item\":\"https:\\\/\\\/webdesi-gn.fr\\\/dev_deltalabo\\\/\"},{\"@type\":\"ListItem\",\"position\":2,\"name\":\"Produits\",\"item\":\"https:\\\/\\\/webdesi-gn.fr\\\/dev_deltalabo\\\/produits\\\/\"},{\"@type\":\"ListItem\",\"position\":3,\"name\":\"Instrument de d\u00e9termination du couple des graisses \u00e0 basse temp\u00e9rature LIN-TECH &#8211; NewLab 800\"}]},{\"@type\":\"WebSite\",\"@id\":\"https:\\\/\\\/webdesi-gn.fr\\\/dev_deltalabo\\\/#website\",\"url\":\"https:\\\/\\\/webdesi-gn.fr\\\/dev_deltalabo\\\/\",\"name\":\"Delta Labo\",\"description\":\"Un site utilisant WordPress\",\"publisher\":{\"@id\":\"https:\\\/\\\/webdesi-gn.fr\\\/dev_deltalabo\\\/#organization\"},\"alternateName\":\"Delta Labo\",\"potentialAction\":[{\"@type\":\"SearchAction\",\"target\":{\"@type\":\"EntryPoint\",\"urlTemplate\":\"https:\\\/\\\/webdesi-gn.fr\\\/dev_deltalabo\\\/?s={search_term_string}\"},\"query-input\":{\"@type\":\"PropertyValueSpecification\",\"valueRequired\":true,\"valueName\":\"search_term_string\"}}],\"inLanguage\":\"fr-FR\"},{\"@type\":\"Organization\",\"@id\":\"https:\\\/\\\/webdesi-gn.fr\\\/dev_deltalabo\\\/#organization\",\"name\":\"DeltaLabo\",\"url\":\"https:\\\/\\\/webdesi-gn.fr\\\/dev_deltalabo\\\/\",\"logo\":{\"@type\":\"ImageObject\",\"inLanguage\":\"fr-FR\",\"@id\":\"https:\\\/\\\/webdesi-gn.fr\\\/dev_deltalabo\\\/#\\\/schema\\\/logo\\\/image\\\/\",\"url\":\"https:\\\/\\\/webdesi-gn.fr\\\/dev_deltalabo\\\/wp-content\\\/uploads\\\/2022\\\/07\\\/logo-deltalabo.png\",\"contentUrl\":\"https:\\\/\\\/webdesi-gn.fr\\\/dev_deltalabo\\\/wp-content\\\/uploads\\\/2022\\\/07\\\/logo-deltalabo.png\",\"width\":694,\"height\":306,\"caption\":\"DeltaLabo\"},\"image\":{\"@id\":\"https:\\\/\\\/webdesi-gn.fr\\\/dev_deltalabo\\\/#\\\/schema\\\/logo\\\/image\\\/\"}}]}<\/script>\n<!-- \/ Yoast SEO plugin. -->","yoast_head_json":{"title":"Instrument de d\u00e9termination du couple des graisses \u00e0 basse temp\u00e9rature LIN-TECH - NewLab 800 | DeltaLabo","robots":{"index":"noindex","follow":"follow","max-snippet":"max-snippet:-1","max-image-preview":"max-image-preview:large","max-video-preview":"max-video-preview:-1"},"og_locale":"fr_FR","og_type":"article","og_title":"Instrument de d\u00e9termination du couple des graisses \u00e0 basse temp\u00e9rature LIN-TECH - NewLab 800 | DeltaLabo","og_description":"Instrument de d\u00e9termination du couple des graisses \u00e0 basse temp\u00e9rature LIN-TECH - NewLab 800 :\u00a0  Cet instrument permet automatiquement la d\u00e9termination du couple des graisses \u00e0 basse temp\u00e9rature, conform\u00e9ment aux normes ASTM D1478, ASTM D4693 et ASTM D4950.   Groupe frigorifique \u00e0 deux \u00e9tages sans gaz, capable d'assurer une temp\u00e9rature de travail homog\u00e8ne de -73\u00b0C  Motor\u00e9ducteur et cage \u00e0 billes tournant \u00e0 1 tr\/min  Capable de stocker plus de 60 000 analyses  T\u00e9l\u00e9charger la brochure produit : Instrument de d\u00e9termination du couple des graisses \u00e0 basse temp\u00e9rature LIN-TECH - NewLab 800","og_url":"https:\/\/webdesi-gn.fr\/dev_deltalabo\/produits\/astm-d4950\/instrument-de-determination-du-couple-des-graisses-a-basse-temperature-lin-tech-newlab-800\/","og_site_name":"DeltaLabo","article_modified_time":"2025-11-24T14:57:41+00:00","og_image":[{"width":491,"height":624,"url":"https:\/\/webdesi-gn.fr\/dev_deltalabo\/wp-content\/uploads\/2025\/11\/DELTA-LABO-newlab-800.jpg","type":"image\/jpeg"}],"twitter_card":"summary_large_image","twitter_misc":{"Dur\u00e9e de lecture estim\u00e9e":"1 minute"},"schema":{"@context":"https:\/\/schema.org","@graph":[{"@type":"WebPage","@id":"https:\/\/webdesi-gn.fr\/dev_deltalabo\/produits\/astm-d4950\/instrument-de-determination-du-couple-des-graisses-a-basse-temperature-lin-tech-newlab-800\/","url":"https:\/\/webdesi-gn.fr\/dev_deltalabo\/produits\/astm-d4950\/instrument-de-determination-du-couple-des-graisses-a-basse-temperature-lin-tech-newlab-800\/","name":"Instrument de d\u00e9termination du couple des graisses \u00e0 basse temp\u00e9rature LIN-TECH - NewLab 800 | DeltaLabo","isPartOf":{"@id":"https:\/\/webdesi-gn.fr\/dev_deltalabo\/#website"},"primaryImageOfPage":{"@id":"https:\/\/webdesi-gn.fr\/dev_deltalabo\/produits\/astm-d4950\/instrument-de-determination-du-couple-des-graisses-a-basse-temperature-lin-tech-newlab-800\/#primaryimage"},"image":{"@id":"https:\/\/webdesi-gn.fr\/dev_deltalabo\/produits\/astm-d4950\/instrument-de-determination-du-couple-des-graisses-a-basse-temperature-lin-tech-newlab-800\/#primaryimage"},"thumbnailUrl":"https:\/\/webdesi-gn.fr\/dev_deltalabo\/wp-content\/uploads\/2025\/11\/DELTA-LABO-newlab-800.jpg","datePublished":"2025-05-27T13:05:26+00:00","dateModified":"2025-11-24T14:57:41+00:00","breadcrumb":{"@id":"https:\/\/webdesi-gn.fr\/dev_deltalabo\/produits\/astm-d4950\/instrument-de-determination-du-couple-des-graisses-a-basse-temperature-lin-tech-newlab-800\/#breadcrumb"},"inLanguage":"fr-FR","potentialAction":[{"@type":"ReadAction","target":["https:\/\/webdesi-gn.fr\/dev_deltalabo\/produits\/astm-d4950\/instrument-de-determination-du-couple-des-graisses-a-basse-temperature-lin-tech-newlab-800\/"]}]},{"@type":"ImageObject","inLanguage":"fr-FR","@id":"https:\/\/webdesi-gn.fr\/dev_deltalabo\/produits\/astm-d4950\/instrument-de-determination-du-couple-des-graisses-a-basse-temperature-lin-tech-newlab-800\/#primaryimage","url":"https:\/\/webdesi-gn.fr\/dev_deltalabo\/wp-content\/uploads\/2025\/11\/DELTA-LABO-newlab-800.jpg","contentUrl":"https:\/\/webdesi-gn.fr\/dev_deltalabo\/wp-content\/uploads\/2025\/11\/DELTA-LABO-newlab-800.jpg","width":491,"height":624},{"@type":"BreadcrumbList","@id":"https:\/\/webdesi-gn.fr\/dev_deltalabo\/produits\/astm-d4950\/instrument-de-determination-du-couple-des-graisses-a-basse-temperature-lin-tech-newlab-800\/#breadcrumb","itemListElement":[{"@type":"ListItem","position":1,"name":"Accueil","item":"https:\/\/webdesi-gn.fr\/dev_deltalabo\/"},{"@type":"ListItem","position":2,"name":"Produits","item":"https:\/\/webdesi-gn.fr\/dev_deltalabo\/produits\/"},{"@type":"ListItem","position":3,"name":"Instrument de d\u00e9termination du couple des graisses \u00e0 basse temp\u00e9rature LIN-TECH &#8211; NewLab 800"}]},{"@type":"WebSite","@id":"https:\/\/webdesi-gn.fr\/dev_deltalabo\/#website","url":"https:\/\/webdesi-gn.fr\/dev_deltalabo\/","name":"Delta Labo","description":"Un site utilisant WordPress","publisher":{"@id":"https:\/\/webdesi-gn.fr\/dev_deltalabo\/#organization"},"alternateName":"Delta Labo","potentialAction":[{"@type":"SearchAction","target":{"@type":"EntryPoint","urlTemplate":"https:\/\/webdesi-gn.fr\/dev_deltalabo\/?s={search_term_string}"},"query-input":{"@type":"PropertyValueSpecification","valueRequired":true,"valueName":"search_term_string"}}],"inLanguage":"fr-FR"},{"@type":"Organization","@id":"https:\/\/webdesi-gn.fr\/dev_deltalabo\/#organization","name":"DeltaLabo","url":"https:\/\/webdesi-gn.fr\/dev_deltalabo\/","logo":{"@type":"ImageObject","inLanguage":"fr-FR","@id":"https:\/\/webdesi-gn.fr\/dev_deltalabo\/#\/schema\/logo\/image\/","url":"https:\/\/webdesi-gn.fr\/dev_deltalabo\/wp-content\/uploads\/2022\/07\/logo-deltalabo.png","contentUrl":"https:\/\/webdesi-gn.fr\/dev_deltalabo\/wp-content\/uploads\/2022\/07\/logo-deltalabo.png","width":694,"height":306,"caption":"DeltaLabo"},"image":{"@id":"https:\/\/webdesi-gn.fr\/dev_deltalabo\/#\/schema\/logo\/image\/"}}]}},"_links":{"self":[{"href":"https:\/\/webdesi-gn.fr\/dev_deltalabo\/wp-json\/wp\/v2\/product\/260195","targetHints":{"allow":["GET"]}}],"collection":[{"href":"https:\/\/webdesi-gn.fr\/dev_deltalabo\/wp-json\/wp\/v2\/product"}],"about":[{"href":"https:\/\/webdesi-gn.fr\/dev_deltalabo\/wp-json\/wp\/v2\/types\/product"}],"wp:featuredmedia":[{"embeddable":true,"href":"https:\/\/webdesi-gn.fr\/dev_deltalabo\/wp-json\/wp\/v2\/media\/261977"}],"wp:attachment":[{"href":"https:\/\/webdesi-gn.fr\/dev_deltalabo\/wp-json\/wp\/v2\/media?parent=260195"}],"wp:term":[{"taxonomy":"domaine","embeddable":true,"href":"https:\/\/webdesi-gn.fr\/dev_deltalabo\/wp-json\/wp\/v2\/domaine?post=260195"},{"taxonomy":"normes","embeddable":true,"href":"https:\/\/webdesi-gn.fr\/dev_deltalabo\/wp-json\/wp\/v2\/normes?post=260195"},{"taxonomy":"product_brand","embeddable":true,"href":"https:\/\/webdesi-gn.fr\/dev_deltalabo\/wp-json\/wp\/v2\/product_brand?post=260195"},{"taxonomy":"product_cat","embeddable":true,"href":"https:\/\/webdesi-gn.fr\/dev_deltalabo\/wp-json\/wp\/v2\/product_cat?post=260195"},{"taxonomy":"product_tag","embeddable":true,"href":"https:\/\/webdesi-gn.fr\/dev_deltalabo\/wp-json\/wp\/v2\/product_tag?post=260195"}],"curies":[{"name":"wp","href":"https:\/\/api.w.org\/{rel}","templated":true}]}}