{"id":260278,"date":"2025-06-02T16:13:36","date_gmt":"2025-06-02T14:13:36","guid":{"rendered":"https:\/\/webdesi-gn.fr\/dev_deltalabo\/?post_type=product&#038;p=260278"},"modified":"2025-11-24T13:41:26","modified_gmt":"2025-11-24T12:41:26","slug":"appareil-pour-test-dinhibiteurs-dhydrates-modele-rcs-psl-systemtechnik","status":"publish","type":"product","link":"https:\/\/webdesi-gn.fr\/dev_deltalabo\/produits\/categories\/appareil-pour-test-dinhibiteurs-dhydrates-modele-rcs-psl-systemtechnik\/","title":{"rendered":"Instrument pour test d\u2019inhibiteurs d\u2019hydrates mod\u00e8le RCS &#8211; PSL Systemtechnik"},"content":{"rendered":"<div id=\"tw-container\" class=\"nev7se\" data-cp=\"1\" data-nnttsvi=\"1\" data-ntl-fpwrite=\"true\" data-sletp=\"false\" data-sm=\"1\" data-ssbp=\"false\" data-sugg-time=\"500\" data-sugg-url=\"https:\/\/clients1.google.com\/complete\/search\" data-uilc=\"fr\" data-vil=\",af,af-ZA,am,am-ET,ar-EG,ar-AE,ar-KW,ar-QA,ar,ar-IL,ar-JO,ar-LB,ar-PS,az,az-AZ,bg,bg-BG,bn,bn-BD,bn-IN,ca,ca-es,cs,cs-CZ,de,de-DE,de-CH,de-AT,de-LI,en,en-US,en-CA,en-AU,en-NZ,en-GB,en-IN,en-KE,en-TZ,en-NG,en-GH,en-PH,en-ZA,es,es-ES,es-AR,es-UY,es-419,es-BO,es-CL,es-CR,es-CO,es-DO,es-EC,es-GT,es-HN,es-NI,es-PA,es-PE,es-PR,es-PY,es-SV,es-VE,es-MX,es-US,eu,eu-ES,fi,fi-FI,fr,fr-FR,fr-CH,fr-BE,gl,gl-ES,gu,gu-IN,he,he-IL,iw,iw-IL,hu,hu-HU,hy,hy-AM,id,id-ID,is,is-IS,it,it-IT,it-CH,ja,ja-JP,jv,jv-ID,ka,ka-GE,km,km-KH,kn,kn-IN,ko,ko-KR,la,lo,lo-LA,lv,lv-LV,ml,ml-IN,mr,mr-IN,ms,ms-MY,nl,nl-NL,nb,nb-NO,ne,ne-NP,pl,pl-PL,pt,pt-BR,pt-PT,ro,ro-RO,ru,ru-RU,si-LK,sk,sk-SK,sr,sr-RS,su,su-ID,sv,sv-SE,sw,sw-TZ,sw-KE,ta,ta-IN,ta-SG,ta-LK,ta-MY,te,te-IN,tr,tr-TR,ur,ur-PK,ur-IN,yue,yue-HK,yue-Hant-HK,zh-HK,zh,zh-CN,zh-cmn,zh-cmn-CN,zh-Hans,zh-Hans-CN,zh-cmn-Hans,zh-cmn-Hans-CN,cmn-CN,cmn-Hans,cmn-Hans-CN,zh-TW,zh-Hant-TW,cmn-TW,cmn-Hant-TW,zh-cmn-TW,zh-cmn-Hant-TW,zu,zu-ZA,hi,hi-IN,tl,tl-PH,pa,pa-IN\">\n<div>\n<div>\n<div id=\"tw-ob\" class=\"tw-src-ltr\">\n<div class=\"oSioSc\">\n<div id=\"tw-target\">\n<div id=\"kAz1tf\" class=\"g9WsWb PZPZlf\" data-attrid=\"tw-targetArea\" data-entityname=\"Google Translate\">\n<div id=\"tw-target-text-container\" class=\"tw-ta-container tw-nfl\" tabindex=\"0\" role=\"text\">\n<p dir=\"ltr\" data-placeholder=\"Traduction\" data-ved=\"2ahUKEwjd3J_P5tKNAxVFRKQEHafUPGIQ3ewLegQICRAV\" aria-label=\"Texte traduit\u00a0: Il s'agit de la nouvelle norme dans les principaux laboratoires p\u00e9troliers pour mesurer les d\u00e9p\u00f4ts de cire et de paraffine ainsi que pour la s\u00e9paration des inhibiteurs.\">\n<\/div>\n<\/div>\n<\/div>\n<\/div>\n<\/div>\n<\/div>\n<\/div>\n<\/div>\n","protected":false},"excerpt":{"rendered":"<p><strong>Instrument pour test d\u2019inhibiteurs d\u2019hydrates mod\u00e8le RCS &#8211; PSL Systemtechnik :<\/strong><\/p>\n<div id=\"tw-container\" class=\"nev7se\" data-cp=\"1\" data-nnttsvi=\"1\" data-ntl-fpwrite=\"true\" data-sletp=\"false\" data-sm=\"1\" data-ssbp=\"false\" data-sugg-time=\"500\" data-sugg-url=\"https:\/\/clients1.google.com\/complete\/search\" data-uilc=\"fr\" data-vil=\",af,af-ZA,am,am-ET,ar-EG,ar-AE,ar-KW,ar-QA,ar,ar-IL,ar-JO,ar-LB,ar-PS,az,az-AZ,bg,bg-BG,bn,bn-BD,bn-IN,ca,ca-es,cs,cs-CZ,de,de-DE,de-CH,de-AT,de-LI,en,en-US,en-CA,en-AU,en-NZ,en-GB,en-IN,en-KE,en-TZ,en-NG,en-GH,en-PH,en-ZA,es,es-ES,es-AR,es-UY,es-419,es-BO,es-CL,es-CR,es-CO,es-DO,es-EC,es-GT,es-HN,es-NI,es-PA,es-PE,es-PR,es-PY,es-SV,es-VE,es-MX,es-US,eu,eu-ES,fi,fi-FI,fr,fr-FR,fr-CH,fr-BE,gl,gl-ES,gu,gu-IN,he,he-IL,iw,iw-IL,hu,hu-HU,hy,hy-AM,id,id-ID,is,is-IS,it,it-IT,it-CH,ja,ja-JP,jv,jv-ID,ka,ka-GE,km,km-KH,kn,kn-IN,ko,ko-KR,la,lo,lo-LA,lv,lv-LV,ml,ml-IN,mr,mr-IN,ms,ms-MY,nl,nl-NL,nb,nb-NO,ne,ne-NP,pl,pl-PL,pt,pt-BR,pt-PT,ro,ro-RO,ru,ru-RU,si-LK,sk,sk-SK,sr,sr-RS,su,su-ID,sv,sv-SE,sw,sw-TZ,sw-KE,ta,ta-IN,ta-SG,ta-LK,ta-MY,te,te-IN,tr,tr-TR,ur,ur-PK,ur-IN,yue,yue-HK,yue-Hant-HK,zh-HK,zh,zh-CN,zh-cmn,zh-cmn-CN,zh-Hans,zh-Hans-CN,zh-cmn-Hans,zh-cmn-Hans-CN,cmn-CN,cmn-Hans,cmn-Hans-CN,zh-TW,zh-Hant-TW,cmn-TW,cmn-Hant-TW,zh-cmn-TW,zh-cmn-Hant-TW,zu,zu-ZA,hi,hi-IN,tl,tl-PH,pa,pa-IN\">\n<div id=\"tw-ob\" class=\"tw-src-ltr\">\n<div class=\"oSioSc\">\n<div id=\"tw-target\">\n<div id=\"kAz1tf\" class=\"g9WsWb PZPZlf\" data-attrid=\"tw-targetArea\" data-entityname=\"Google Translate\">\n<div id=\"tw-target-text-container\" class=\"tw-ta-container tw-nfl\" tabindex=\"0\" role=\"text\">\n<p class=\"tw-data-text tw-text-large tw-ta\" dir=\"ltr\" data-placeholder=\"Traduction\" data-ved=\"2ahUKEwi9o6-T7NKNAxU_UKQEHYvsOHsQ3ewLegQICRAV\" aria-label=\"Texte traduit\u00a0: L'instrument de laboratoire Sapphire Rocking Cell teste l'efficacit\u00e9 et l'efficience des inhibiteurs d'hydrates de gaz. Ceux-ci emp\u00eachent ou limitent la formation d'hydrates de gaz.\"><span class=\"Y2IQFc\" lang=\"fr\">Cet instrument de laboratoire teste l&rsquo;efficacit\u00e9 et l&rsquo;efficience des inhibiteurs d&rsquo;hydrates de gaz.\u00a0<\/span><\/p>\n<p>Les hydrates de gaz peuvent se former lorsque le gaz naturel est transport\u00e9 dans des pipelines \u00e0 basse temp\u00e9rature et haute pression, en particulier en eaux profondes. \u00c0 cette fin, la cellule basculante Sapphire simule des m\u00e9langes \u00e0 deux et trois phases de gaz naturel, d&rsquo;eau de r\u00e9servoir et de p\u00e9trole brut ou de condensats\u00a0 \u00e0 des pressions pouvant atteindre 350 bars (5 080 psi), comme ils se forment g\u00e9n\u00e9ralement lors du transport par pipeline.<\/p>\n<p dir=\"ltr\" data-placeholder=\"Traduction\" data-ved=\"2ahUKEwi9o6-T7NKNAxU_UKQEHYvsOHsQ3ewLegQICRAV\" aria-label=\"Texte traduit\u00a0: La m\u00e9thode de rotation utilis\u00e9e par le PPT 45150 d\u00e9termine le point d'\u00e9coulement (pas de point d'\u00e9coulement) avec une pr\u00e9cision de \u00b1 0,1 \u00b0C et une tr\u00e8s bonne reproductibilit\u00e9.\">Il existe <span class=\"Y2IQFc\" lang=\"fr\">quatre mod\u00e8les diff\u00e9rents :\u00a0<\/span><\/p>\n<ul>\n<li dir=\"ltr\" data-placeholder=\"Traduction\" data-ved=\"2ahUKEwi9o6-T7NKNAxU_UKQEHYvsOHsQ3ewLegQICRAV\" aria-label=\"Texte traduit\u00a0: La m\u00e9thode de rotation utilis\u00e9e par le PPT 45150 d\u00e9termine le point d'\u00e9coulement (pas de point d'\u00e9coulement) avec une pr\u00e9cision de \u00b1 0,1 \u00b0C et une tr\u00e8s bonne reproductibilit\u00e9.\">RCS 2 : avec 2 cellules de test et angle d&rsquo;inclinaison \u00e9largi de 180\u00b0C<\/li>\n<li dir=\"ltr\" data-placeholder=\"Traduction\" data-ved=\"2ahUKEwi9o6-T7NKNAxU_UKQEHYvsOHsQ3ewLegQICRAV\" aria-label=\"Texte traduit\u00a0: La m\u00e9thode de rotation utilis\u00e9e par le PPT 45150 d\u00e9termine le point d'\u00e9coulement (pas de point d'\u00e9coulement) avec une pr\u00e9cision de \u00b1 0,1 \u00b0C et une tr\u00e8s bonne reproductibilit\u00e9.\">RCS 6 : avec 6 cellules de test et optimis\u00e9 pour le travail sous la sorbonne<\/li>\n<li dir=\"ltr\" data-placeholder=\"Traduction\" data-ved=\"2ahUKEwi9o6-T7NKNAxU_UKQEHYvsOHsQ3ewLegQICRAV\" aria-label=\"Texte traduit\u00a0: La m\u00e9thode de rotation utilis\u00e9e par le PPT 45150 d\u00e9termine le point d'\u00e9coulement (pas de point d'\u00e9coulement) avec une pr\u00e9cision de \u00b1 0,1 \u00b0C et une tr\u00e8s bonne reproductibilit\u00e9.\">RCS 8 : avec 8 cellules de test, optimis\u00e9es pour 2 tests \u00e0 blanc et 3 tests en double<\/li>\n<li dir=\"ltr\" data-placeholder=\"Traduction\" data-ved=\"2ahUKEwi9o6-T7NKNAxU_UKQEHYvsOHsQ3ewLegQICRAV\" aria-label=\"Texte traduit\u00a0: La m\u00e9thode de rotation utilis\u00e9e par le PPT 45150 d\u00e9termine le point d'\u00e9coulement (pas de point d'\u00e9coulement) avec une pr\u00e9cision de \u00b1 0,1 \u00b0C et une tr\u00e8s bonne reproductibilit\u00e9.\">RCS 20 : avec jusqu&rsquo;\u00e0 20 cellules de test pour les exigences \u00e9lev\u00e9es<\/li>\n<\/ul>\n<p dir=\"ltr\" data-placeholder=\"Traduction\" data-ved=\"2ahUKEwjd3J_P5tKNAxVFRKQEHafUPGIQ3ewLegQICRAV\" aria-label=\"Texte traduit\u00a0: Il s'agit de la nouvelle norme dans les principaux laboratoires p\u00e9troliers pour mesurer les d\u00e9p\u00f4ts de cire et de paraffine ainsi que pour la s\u00e9paration des inhibiteurs.\"><strong>T\u00e9l\u00e9charger la brochure produit :<\/strong> <a href=\"https:\/\/www.deltalabo.fr\/wp-content\/uploads\/2025\/06\/Rocking-Cell-Sapphire-RCS-Data-sheet-2024-07-eng-DL.pdf\">Instrument pour test d\u2019inhibiteurs d\u2019hydrates RCS &#8211; PSL Systemtechnik<\/a><\/p>\n<p dir=\"ltr\" data-placeholder=\"Traduction\" data-ved=\"2ahUKEwjd3J_P5tKNAxVFRKQEHafUPGIQ3ewLegQICRAV\" aria-label=\"Texte traduit\u00a0: Il s'agit de la nouvelle norme dans les principaux laboratoires p\u00e9troliers pour mesurer les d\u00e9p\u00f4ts de cire et de paraffine ainsi que pour la s\u00e9paration des inhibiteurs.\">\n<\/div>\n<\/div>\n<\/div>\n<\/div>\n<\/div>\n<\/div>\n","protected":false},"featured_media":261964,"template":"","meta":{"_acf_changed":false,"site-sidebar-layout":"default","site-content-layout":"","ast-site-content-layout":"default","site-content-style":"default","site-sidebar-style":"default","ast-global-header-display":"","ast-banner-title-visibility":"","ast-main-header-display":"","ast-hfb-above-header-display":"","ast-hfb-below-header-display":"","ast-hfb-mobile-header-display":"","site-post-title":"","ast-breadcrumbs-content":"","ast-featured-img":"","footer-sml-layout":"","ast-disable-related-posts":"","theme-transparent-header-meta":"","adv-header-id-meta":"","stick-header-meta":"","header-above-stick-meta":"","header-main-stick-meta":"","header-below-stick-meta":"","astra-migrate-meta-layouts":"default","ast-page-background-enabled":"default","ast-page-background-meta":{"desktop":{"background-color":"var(--ast-global-color-5)","background-image":"","background-repeat":"repeat","background-position":"center center","background-size":"auto","background-attachment":"scroll","background-type":"","background-media":"","overlay-type":"","overlay-color":"","overlay-opacity":"","overlay-gradient":""},"tablet":{"background-color":"","background-image":"","background-repeat":"repeat","background-position":"center center","background-size":"auto","background-attachment":"scroll","background-type":"","background-media":"","overlay-type":"","overlay-color":"","overlay-opacity":"","overlay-gradient":""},"mobile":{"background-color":"","background-image":"","background-repeat":"repeat","background-position":"center center","background-size":"auto","background-attachment":"scroll","background-type":"","background-media":"","overlay-type":"","overlay-color":"","overlay-opacity":"","overlay-gradient":""}},"ast-content-background-meta":{"desktop":{"background-color":"var(--ast-global-color-4)","background-image":"","background-repeat":"repeat","background-position":"center center","background-size":"auto","background-attachment":"scroll","background-type":"","background-media":"","overlay-type":"","overlay-color":"","overlay-opacity":"","overlay-gradient":""},"tablet":{"background-color":"var(--ast-global-color-4)","background-image":"","background-repeat":"repeat","background-position":"center center","background-size":"auto","background-attachment":"scroll","background-type":"","background-media":"","overlay-type":"","overlay-color":"","overlay-opacity":"","overlay-gradient":""},"mobile":{"background-color":"var(--ast-global-color-4)","background-image":"","background-repeat":"repeat","background-position":"center center","background-size":"auto","background-attachment":"scroll","background-type":"","background-media":"","overlay-type":"","overlay-color":"","overlay-opacity":"","overlay-gradient":""}}},"domaine":[],"normes":[17135],"product_brand":[],"product_cat":[17240],"product_tag":[],"class_list":{"0":"post-260278","1":"product","2":"type-product","3":"status-publish","4":"has-post-thumbnail","6":"normes-din-51562","7":"product_cat-categories","8":"desktop-align-left","9":"tablet-align-left","10":"mobile-align-left","12":"first","13":"instock","14":"shipping-taxable","15":"product-type-simple"},"acf":[],"yoast_head":"<!-- This site is optimized with the Yoast SEO plugin v27.4 - https:\/\/yoast.com\/product\/yoast-seo-wordpress\/ -->\n<title>Instrument pour test d\u2019inhibiteurs d\u2019hydrates mod\u00e8le RCS - PSL Systemtechnik | DeltaLabo<\/title>\n<meta name=\"robots\" content=\"noindex, follow, max-snippet:-1, max-image-preview:large, max-video-preview:-1\" \/>\n<meta property=\"og:locale\" content=\"fr_FR\" \/>\n<meta property=\"og:type\" content=\"article\" \/>\n<meta property=\"og:title\" content=\"Instrument pour test d\u2019inhibiteurs d\u2019hydrates mod\u00e8le RCS - PSL Systemtechnik | DeltaLabo\" \/>\n<meta property=\"og:description\" content=\"Instrument pour test d\u2019inhibiteurs d\u2019hydrates mod\u00e8le RCS - PSL Systemtechnik :       Cet instrument de laboratoire teste l&#039;efficacit\u00e9 et l&#039;efficience des inhibiteurs d&#039;hydrates de gaz.\u00a0 Les hydrates de gaz peuvent se former lorsque le gaz naturel est transport\u00e9 dans des pipelines \u00e0 basse temp\u00e9rature et haute pression, en particulier en eaux profondes. \u00c0 cette fin, la cellule basculante Sapphire simule des m\u00e9langes \u00e0 deux et trois phases de gaz naturel, d&#039;eau de r\u00e9servoir et de p\u00e9trole brut ou de condensats\u00a0 \u00e0 des pressions pouvant atteindre 350 bars (5 080 psi), comme ils se forment g\u00e9n\u00e9ralement lors du transport par pipeline. Il existe quatre mod\u00e8les diff\u00e9rents :\u00a0    RCS 2 : avec 2 cellules de test et angle d&#039;inclinaison \u00e9largi de 180\u00b0C  RCS 6 : avec 6 cellules de test et optimis\u00e9 pour le travail sous la sorbonne  RCS 8 : avec 8 cellules de test, optimis\u00e9es pour 2 tests \u00e0 blanc et 3 tests en double  RCS 20 : avec jusqu&#039;\u00e0 20 cellules de test pour les exigences \u00e9lev\u00e9es  T\u00e9l\u00e9charger la brochure produit : Instrument pour test d\u2019inhibiteurs d\u2019hydrates RCS - PSL Systemtechnik\" \/>\n<meta property=\"og:url\" content=\"https:\/\/webdesi-gn.fr\/dev_deltalabo\/produits\/cat-produit\/appareil-pour-test-dinhibiteurs-dhydrates-modele-rcs-psl-systemtechnik\/\" \/>\n<meta property=\"og:site_name\" content=\"DeltaLabo\" \/>\n<meta property=\"article:modified_time\" content=\"2025-11-24T12:41:26+00:00\" \/>\n<meta property=\"og:image\" content=\"https:\/\/webdesi-gn.fr\/dev_deltalabo\/wp-content\/uploads\/2025\/06\/RCS20.webp\" \/>\n\t<meta property=\"og:image:width\" content=\"1800\" \/>\n\t<meta property=\"og:image:height\" content=\"1200\" \/>\n\t<meta property=\"og:image:type\" content=\"image\/webp\" \/>\n<meta name=\"twitter:card\" content=\"summary_large_image\" \/>\n<meta name=\"twitter:label1\" content=\"Dur\u00e9e de lecture estim\u00e9e\" \/>\n\t<meta name=\"twitter:data1\" content=\"1 minute\" \/>\n<script type=\"application\/ld+json\" class=\"yoast-schema-graph\">{\"@context\":\"https:\\\/\\\/schema.org\",\"@graph\":[{\"@type\":\"WebPage\",\"@id\":\"https:\\\/\\\/webdesi-gn.fr\\\/dev_deltalabo\\\/produits\\\/cat-produit\\\/appareil-pour-test-dinhibiteurs-dhydrates-modele-rcs-psl-systemtechnik\\\/\",\"url\":\"https:\\\/\\\/webdesi-gn.fr\\\/dev_deltalabo\\\/produits\\\/cat-produit\\\/appareil-pour-test-dinhibiteurs-dhydrates-modele-rcs-psl-systemtechnik\\\/\",\"name\":\"Instrument pour test d\u2019inhibiteurs d\u2019hydrates mod\u00e8le RCS - PSL Systemtechnik | DeltaLabo\",\"isPartOf\":{\"@id\":\"https:\\\/\\\/webdesi-gn.fr\\\/dev_deltalabo\\\/#website\"},\"primaryImageOfPage\":{\"@id\":\"https:\\\/\\\/webdesi-gn.fr\\\/dev_deltalabo\\\/produits\\\/cat-produit\\\/appareil-pour-test-dinhibiteurs-dhydrates-modele-rcs-psl-systemtechnik\\\/#primaryimage\"},\"image\":{\"@id\":\"https:\\\/\\\/webdesi-gn.fr\\\/dev_deltalabo\\\/produits\\\/cat-produit\\\/appareil-pour-test-dinhibiteurs-dhydrates-modele-rcs-psl-systemtechnik\\\/#primaryimage\"},\"thumbnailUrl\":\"https:\\\/\\\/webdesi-gn.fr\\\/dev_deltalabo\\\/wp-content\\\/uploads\\\/2025\\\/11\\\/RCS20.webp\",\"datePublished\":\"2025-06-02T14:13:36+00:00\",\"dateModified\":\"2025-11-24T12:41:26+00:00\",\"breadcrumb\":{\"@id\":\"https:\\\/\\\/webdesi-gn.fr\\\/dev_deltalabo\\\/produits\\\/cat-produit\\\/appareil-pour-test-dinhibiteurs-dhydrates-modele-rcs-psl-systemtechnik\\\/#breadcrumb\"},\"inLanguage\":\"fr-FR\",\"potentialAction\":[{\"@type\":\"ReadAction\",\"target\":[\"https:\\\/\\\/webdesi-gn.fr\\\/dev_deltalabo\\\/produits\\\/cat-produit\\\/appareil-pour-test-dinhibiteurs-dhydrates-modele-rcs-psl-systemtechnik\\\/\"]}]},{\"@type\":\"ImageObject\",\"inLanguage\":\"fr-FR\",\"@id\":\"https:\\\/\\\/webdesi-gn.fr\\\/dev_deltalabo\\\/produits\\\/cat-produit\\\/appareil-pour-test-dinhibiteurs-dhydrates-modele-rcs-psl-systemtechnik\\\/#primaryimage\",\"url\":\"https:\\\/\\\/webdesi-gn.fr\\\/dev_deltalabo\\\/wp-content\\\/uploads\\\/2025\\\/11\\\/RCS20.webp\",\"contentUrl\":\"https:\\\/\\\/webdesi-gn.fr\\\/dev_deltalabo\\\/wp-content\\\/uploads\\\/2025\\\/11\\\/RCS20.webp\",\"width\":1800,\"height\":1200},{\"@type\":\"BreadcrumbList\",\"@id\":\"https:\\\/\\\/webdesi-gn.fr\\\/dev_deltalabo\\\/produits\\\/cat-produit\\\/appareil-pour-test-dinhibiteurs-dhydrates-modele-rcs-psl-systemtechnik\\\/#breadcrumb\",\"itemListElement\":[{\"@type\":\"ListItem\",\"position\":1,\"name\":\"Accueil\",\"item\":\"https:\\\/\\\/webdesi-gn.fr\\\/dev_deltalabo\\\/\"},{\"@type\":\"ListItem\",\"position\":2,\"name\":\"Produits\",\"item\":\"https:\\\/\\\/webdesi-gn.fr\\\/dev_deltalabo\\\/produits\\\/\"},{\"@type\":\"ListItem\",\"position\":3,\"name\":\"Instrument pour test d\u2019inhibiteurs d\u2019hydrates mod\u00e8le RCS &#8211; PSL Systemtechnik\"}]},{\"@type\":\"WebSite\",\"@id\":\"https:\\\/\\\/webdesi-gn.fr\\\/dev_deltalabo\\\/#website\",\"url\":\"https:\\\/\\\/webdesi-gn.fr\\\/dev_deltalabo\\\/\",\"name\":\"Delta Labo\",\"description\":\"Un site utilisant WordPress\",\"publisher\":{\"@id\":\"https:\\\/\\\/webdesi-gn.fr\\\/dev_deltalabo\\\/#organization\"},\"alternateName\":\"Delta Labo\",\"potentialAction\":[{\"@type\":\"SearchAction\",\"target\":{\"@type\":\"EntryPoint\",\"urlTemplate\":\"https:\\\/\\\/webdesi-gn.fr\\\/dev_deltalabo\\\/?s={search_term_string}\"},\"query-input\":{\"@type\":\"PropertyValueSpecification\",\"valueRequired\":true,\"valueName\":\"search_term_string\"}}],\"inLanguage\":\"fr-FR\"},{\"@type\":\"Organization\",\"@id\":\"https:\\\/\\\/webdesi-gn.fr\\\/dev_deltalabo\\\/#organization\",\"name\":\"DeltaLabo\",\"url\":\"https:\\\/\\\/webdesi-gn.fr\\\/dev_deltalabo\\\/\",\"logo\":{\"@type\":\"ImageObject\",\"inLanguage\":\"fr-FR\",\"@id\":\"https:\\\/\\\/webdesi-gn.fr\\\/dev_deltalabo\\\/#\\\/schema\\\/logo\\\/image\\\/\",\"url\":\"https:\\\/\\\/webdesi-gn.fr\\\/dev_deltalabo\\\/wp-content\\\/uploads\\\/2022\\\/07\\\/logo-deltalabo.png\",\"contentUrl\":\"https:\\\/\\\/webdesi-gn.fr\\\/dev_deltalabo\\\/wp-content\\\/uploads\\\/2022\\\/07\\\/logo-deltalabo.png\",\"width\":694,\"height\":306,\"caption\":\"DeltaLabo\"},\"image\":{\"@id\":\"https:\\\/\\\/webdesi-gn.fr\\\/dev_deltalabo\\\/#\\\/schema\\\/logo\\\/image\\\/\"}}]}<\/script>\n<!-- \/ Yoast SEO plugin. -->","yoast_head_json":{"title":"Instrument pour test d\u2019inhibiteurs d\u2019hydrates mod\u00e8le RCS - PSL Systemtechnik | DeltaLabo","robots":{"index":"noindex","follow":"follow","max-snippet":"max-snippet:-1","max-image-preview":"max-image-preview:large","max-video-preview":"max-video-preview:-1"},"og_locale":"fr_FR","og_type":"article","og_title":"Instrument pour test d\u2019inhibiteurs d\u2019hydrates mod\u00e8le RCS - PSL Systemtechnik | DeltaLabo","og_description":"Instrument pour test d\u2019inhibiteurs d\u2019hydrates mod\u00e8le RCS - PSL Systemtechnik :       Cet instrument de laboratoire teste l'efficacit\u00e9 et l'efficience des inhibiteurs d'hydrates de gaz.\u00a0 Les hydrates de gaz peuvent se former lorsque le gaz naturel est transport\u00e9 dans des pipelines \u00e0 basse temp\u00e9rature et haute pression, en particulier en eaux profondes. \u00c0 cette fin, la cellule basculante Sapphire simule des m\u00e9langes \u00e0 deux et trois phases de gaz naturel, d'eau de r\u00e9servoir et de p\u00e9trole brut ou de condensats\u00a0 \u00e0 des pressions pouvant atteindre 350 bars (5 080 psi), comme ils se forment g\u00e9n\u00e9ralement lors du transport par pipeline. Il existe quatre mod\u00e8les diff\u00e9rents :\u00a0    RCS 2 : avec 2 cellules de test et angle d'inclinaison \u00e9largi de 180\u00b0C  RCS 6 : avec 6 cellules de test et optimis\u00e9 pour le travail sous la sorbonne  RCS 8 : avec 8 cellules de test, optimis\u00e9es pour 2 tests \u00e0 blanc et 3 tests en double  RCS 20 : avec jusqu'\u00e0 20 cellules de test pour les exigences \u00e9lev\u00e9es  T\u00e9l\u00e9charger la brochure produit : Instrument pour test d\u2019inhibiteurs d\u2019hydrates RCS - PSL Systemtechnik","og_url":"https:\/\/webdesi-gn.fr\/dev_deltalabo\/produits\/cat-produit\/appareil-pour-test-dinhibiteurs-dhydrates-modele-rcs-psl-systemtechnik\/","og_site_name":"DeltaLabo","article_modified_time":"2025-11-24T12:41:26+00:00","og_image":[{"width":1800,"height":1200,"url":"https:\/\/webdesi-gn.fr\/dev_deltalabo\/wp-content\/uploads\/2025\/06\/RCS20.webp","type":"image\/webp"}],"twitter_card":"summary_large_image","twitter_misc":{"Dur\u00e9e de lecture estim\u00e9e":"1 minute"},"schema":{"@context":"https:\/\/schema.org","@graph":[{"@type":"WebPage","@id":"https:\/\/webdesi-gn.fr\/dev_deltalabo\/produits\/cat-produit\/appareil-pour-test-dinhibiteurs-dhydrates-modele-rcs-psl-systemtechnik\/","url":"https:\/\/webdesi-gn.fr\/dev_deltalabo\/produits\/cat-produit\/appareil-pour-test-dinhibiteurs-dhydrates-modele-rcs-psl-systemtechnik\/","name":"Instrument pour test d\u2019inhibiteurs d\u2019hydrates mod\u00e8le RCS - PSL Systemtechnik | DeltaLabo","isPartOf":{"@id":"https:\/\/webdesi-gn.fr\/dev_deltalabo\/#website"},"primaryImageOfPage":{"@id":"https:\/\/webdesi-gn.fr\/dev_deltalabo\/produits\/cat-produit\/appareil-pour-test-dinhibiteurs-dhydrates-modele-rcs-psl-systemtechnik\/#primaryimage"},"image":{"@id":"https:\/\/webdesi-gn.fr\/dev_deltalabo\/produits\/cat-produit\/appareil-pour-test-dinhibiteurs-dhydrates-modele-rcs-psl-systemtechnik\/#primaryimage"},"thumbnailUrl":"https:\/\/webdesi-gn.fr\/dev_deltalabo\/wp-content\/uploads\/2025\/11\/RCS20.webp","datePublished":"2025-06-02T14:13:36+00:00","dateModified":"2025-11-24T12:41:26+00:00","breadcrumb":{"@id":"https:\/\/webdesi-gn.fr\/dev_deltalabo\/produits\/cat-produit\/appareil-pour-test-dinhibiteurs-dhydrates-modele-rcs-psl-systemtechnik\/#breadcrumb"},"inLanguage":"fr-FR","potentialAction":[{"@type":"ReadAction","target":["https:\/\/webdesi-gn.fr\/dev_deltalabo\/produits\/cat-produit\/appareil-pour-test-dinhibiteurs-dhydrates-modele-rcs-psl-systemtechnik\/"]}]},{"@type":"ImageObject","inLanguage":"fr-FR","@id":"https:\/\/webdesi-gn.fr\/dev_deltalabo\/produits\/cat-produit\/appareil-pour-test-dinhibiteurs-dhydrates-modele-rcs-psl-systemtechnik\/#primaryimage","url":"https:\/\/webdesi-gn.fr\/dev_deltalabo\/wp-content\/uploads\/2025\/11\/RCS20.webp","contentUrl":"https:\/\/webdesi-gn.fr\/dev_deltalabo\/wp-content\/uploads\/2025\/11\/RCS20.webp","width":1800,"height":1200},{"@type":"BreadcrumbList","@id":"https:\/\/webdesi-gn.fr\/dev_deltalabo\/produits\/cat-produit\/appareil-pour-test-dinhibiteurs-dhydrates-modele-rcs-psl-systemtechnik\/#breadcrumb","itemListElement":[{"@type":"ListItem","position":1,"name":"Accueil","item":"https:\/\/webdesi-gn.fr\/dev_deltalabo\/"},{"@type":"ListItem","position":2,"name":"Produits","item":"https:\/\/webdesi-gn.fr\/dev_deltalabo\/produits\/"},{"@type":"ListItem","position":3,"name":"Instrument pour test d\u2019inhibiteurs d\u2019hydrates mod\u00e8le RCS &#8211; PSL Systemtechnik"}]},{"@type":"WebSite","@id":"https:\/\/webdesi-gn.fr\/dev_deltalabo\/#website","url":"https:\/\/webdesi-gn.fr\/dev_deltalabo\/","name":"Delta Labo","description":"Un site utilisant WordPress","publisher":{"@id":"https:\/\/webdesi-gn.fr\/dev_deltalabo\/#organization"},"alternateName":"Delta Labo","potentialAction":[{"@type":"SearchAction","target":{"@type":"EntryPoint","urlTemplate":"https:\/\/webdesi-gn.fr\/dev_deltalabo\/?s={search_term_string}"},"query-input":{"@type":"PropertyValueSpecification","valueRequired":true,"valueName":"search_term_string"}}],"inLanguage":"fr-FR"},{"@type":"Organization","@id":"https:\/\/webdesi-gn.fr\/dev_deltalabo\/#organization","name":"DeltaLabo","url":"https:\/\/webdesi-gn.fr\/dev_deltalabo\/","logo":{"@type":"ImageObject","inLanguage":"fr-FR","@id":"https:\/\/webdesi-gn.fr\/dev_deltalabo\/#\/schema\/logo\/image\/","url":"https:\/\/webdesi-gn.fr\/dev_deltalabo\/wp-content\/uploads\/2022\/07\/logo-deltalabo.png","contentUrl":"https:\/\/webdesi-gn.fr\/dev_deltalabo\/wp-content\/uploads\/2022\/07\/logo-deltalabo.png","width":694,"height":306,"caption":"DeltaLabo"},"image":{"@id":"https:\/\/webdesi-gn.fr\/dev_deltalabo\/#\/schema\/logo\/image\/"}}]}},"_links":{"self":[{"href":"https:\/\/webdesi-gn.fr\/dev_deltalabo\/wp-json\/wp\/v2\/product\/260278","targetHints":{"allow":["GET"]}}],"collection":[{"href":"https:\/\/webdesi-gn.fr\/dev_deltalabo\/wp-json\/wp\/v2\/product"}],"about":[{"href":"https:\/\/webdesi-gn.fr\/dev_deltalabo\/wp-json\/wp\/v2\/types\/product"}],"wp:featuredmedia":[{"embeddable":true,"href":"https:\/\/webdesi-gn.fr\/dev_deltalabo\/wp-json\/wp\/v2\/media\/261964"}],"wp:attachment":[{"href":"https:\/\/webdesi-gn.fr\/dev_deltalabo\/wp-json\/wp\/v2\/media?parent=260278"}],"wp:term":[{"taxonomy":"domaine","embeddable":true,"href":"https:\/\/webdesi-gn.fr\/dev_deltalabo\/wp-json\/wp\/v2\/domaine?post=260278"},{"taxonomy":"normes","embeddable":true,"href":"https:\/\/webdesi-gn.fr\/dev_deltalabo\/wp-json\/wp\/v2\/normes?post=260278"},{"taxonomy":"product_brand","embeddable":true,"href":"https:\/\/webdesi-gn.fr\/dev_deltalabo\/wp-json\/wp\/v2\/product_brand?post=260278"},{"taxonomy":"product_cat","embeddable":true,"href":"https:\/\/webdesi-gn.fr\/dev_deltalabo\/wp-json\/wp\/v2\/product_cat?post=260278"},{"taxonomy":"product_tag","embeddable":true,"href":"https:\/\/webdesi-gn.fr\/dev_deltalabo\/wp-json\/wp\/v2\/product_tag?post=260278"}],"curies":[{"name":"wp","href":"https:\/\/api.w.org\/{rel}","templated":true}]}}