{"id":260285,"date":"2025-06-03T09:49:27","date_gmt":"2025-06-03T07:49:27","guid":{"rendered":"https:\/\/webdesi-gn.fr\/dev_deltalabo\/?post_type=product&#038;p=260285"},"modified":"2025-11-24T15:33:42","modified_gmt":"2025-11-24T14:33:42","slug":"analyseur-h2s-pour-bitumes-et-bruts-modele-320-psl-systemtechnik","status":"publish","type":"product","link":"https:\/\/webdesi-gn.fr\/dev_deltalabo\/produits\/petrochimie-chimie-nucleaire\/bitumes\/analyseur-h2s-pour-bitumes-et-bruts-modele-320-psl-systemtechnik\/","title":{"rendered":"Analyseur H2S pour bitumes et bruts\u00a0mod\u00e8le 320 &#8211; PSL Systemtechnik"},"content":{"rendered":"","protected":false},"excerpt":{"rendered":"<p><strong>Analyseur H2S pour bitumes et bruts\u00a0mod\u00e8le 320 &#8211; PSL Systemtechnik :<\/strong><\/p>\n<p>L&rsquo;analyseur H2S 320 permet la <span class=\"Y2IQFc\" lang=\"fr\">d\u00e9termination du sulfure d&rsquo;hydrog\u00e8ne dans le bitume, les asphaltes, les p\u00e9troles bruts et les fuels lourds sur la plage de +30\u00b0C \u00e0 200 \u00b0C.<\/span><\/p>\n<p class=\"tw-data-text tw-text-large tw-ta\" dir=\"ltr\" data-placeholder=\"Traduction\" data-ved=\"2ahUKEwjA-vyd49SNAxU5NPsDHRKOH6wQ3ewLegQICRAV\" aria-label=\"Texte traduit\u00a0: L'instrument de laboratoire H2S Analyser 320 d\u00e9termine la teneur en sulfure d'hydrog\u00e8ne et la concentration en sulfure d'hydrog\u00e8ne dans le bitume, l'asphalte, les p\u00e9troles bruts et lourds ainsi que les produits de raffinage jusqu'\u00e0 200 \u00b0C. Il convient \u00e9galement \u00e0 l\u2019\u00e9valuation et \u00e0 l\u2019optimisation des pi\u00e9geurs de H2S (additifs). La m\u00e9thode de mesure du H2S Analyser 320 permet des mesures pr\u00e9cises en phase liquide et gazeuse. Le sulfure d'hydrog\u00e8ne dissous et s'\u00e9chappant, le mercaptan, le SO2 et les composants soufr\u00e9s inh\u00e9rents sont mesur\u00e9s. L'appareil de laboratoire fournit des r\u00e9sultats tr\u00e8s pr\u00e9cis et fiables sur toute la plage de mesure.\"><span class=\"Y2IQFc\" lang=\"fr\">Il permet des mesures pr\u00e9cises en phase liquide et gazeuse et <\/span><span class=\"Y2IQFc\" lang=\"fr\">couvre une large \u00e9chelle de niveaux d&rsquo;\u00e9mission allant de 1 \u00e0 10 000 ppm de sulfure d&rsquo;hydrog\u00e8ne en phase liquide et allant de 1 \u00e0 1 000 ppm en phase gazeuse.<\/span><\/p>\n<p><strong>T\u00e9l\u00e9charger la brochure produit :<\/strong> <a href=\"https:\/\/www.deltalabo.fr\/wp-content\/uploads\/2025\/06\/H2S-Analyzer-320-eng-DL.pdf\">Analyseur H2S 320<\/a><\/p>\n","protected":false},"featured_media":261961,"template":"","meta":{"_acf_changed":false,"site-sidebar-layout":"default","site-content-layout":"","ast-site-content-layout":"default","site-content-style":"default","site-sidebar-style":"default","ast-global-header-display":"","ast-banner-title-visibility":"","ast-main-header-display":"","ast-hfb-above-header-display":"","ast-hfb-below-header-display":"","ast-hfb-mobile-header-display":"","site-post-title":"","ast-breadcrumbs-content":"","ast-featured-img":"","footer-sml-layout":"","ast-disable-related-posts":"","theme-transparent-header-meta":"","adv-header-id-meta":"","stick-header-meta":"","header-above-stick-meta":"","header-main-stick-meta":"","header-below-stick-meta":"","astra-migrate-meta-layouts":"default","ast-page-background-enabled":"default","ast-page-background-meta":{"desktop":{"background-color":"var(--ast-global-color-5)","background-image":"","background-repeat":"repeat","background-position":"center center","background-size":"auto","background-attachment":"scroll","background-type":"","background-media":"","overlay-type":"","overlay-color":"","overlay-opacity":"","overlay-gradient":""},"tablet":{"background-color":"","background-image":"","background-repeat":"repeat","background-position":"center center","background-size":"auto","background-attachment":"scroll","background-type":"","background-media":"","overlay-type":"","overlay-color":"","overlay-opacity":"","overlay-gradient":""},"mobile":{"background-color":"","background-image":"","background-repeat":"repeat","background-position":"center center","background-size":"auto","background-attachment":"scroll","background-type":"","background-media":"","overlay-type":"","overlay-color":"","overlay-opacity":"","overlay-gradient":""}},"ast-content-background-meta":{"desktop":{"background-color":"var(--ast-global-color-4)","background-image":"","background-repeat":"repeat","background-position":"center center","background-size":"auto","background-attachment":"scroll","background-type":"","background-media":"","overlay-type":"","overlay-color":"","overlay-opacity":"","overlay-gradient":""},"tablet":{"background-color":"var(--ast-global-color-4)","background-image":"","background-repeat":"repeat","background-position":"center center","background-size":"auto","background-attachment":"scroll","background-type":"","background-media":"","overlay-type":"","overlay-color":"","overlay-opacity":"","overlay-gradient":""},"mobile":{"background-color":"var(--ast-global-color-4)","background-image":"","background-repeat":"repeat","background-position":"center center","background-size":"auto","background-attachment":"scroll","background-type":"","background-media":"","overlay-type":"","overlay-color":"","overlay-opacity":"","overlay-gradient":""}}},"domaine":[],"normes":[17135],"product_brand":[],"product_cat":[17191,17240],"product_tag":[],"class_list":{"0":"post-260285","1":"product","2":"type-product","3":"status-publish","4":"has-post-thumbnail","6":"normes-din-51562","7":"product_cat-bitumes","8":"product_cat-categories","9":"desktop-align-left","10":"tablet-align-left","11":"mobile-align-left","13":"first","14":"instock","15":"shipping-taxable","16":"purchasable","17":"product-type-simple"},"acf":[],"yoast_head":"<!-- This site is optimized with the Yoast SEO plugin v27.4 - https:\/\/yoast.com\/product\/yoast-seo-wordpress\/ -->\n<title>Analyseur H2S pour bitumes et bruts\u00a0mod\u00e8le 320 - PSL Systemtechnik | DeltaLabo<\/title>\n<meta name=\"robots\" content=\"noindex, follow, max-snippet:-1, max-image-preview:large, max-video-preview:-1\" \/>\n<meta property=\"og:locale\" content=\"fr_FR\" \/>\n<meta property=\"og:type\" content=\"article\" \/>\n<meta property=\"og:title\" content=\"Analyseur H2S pour bitumes et bruts\u00a0mod\u00e8le 320 - PSL Systemtechnik | DeltaLabo\" \/>\n<meta property=\"og:description\" content=\"Analyseur H2S pour bitumes et bruts\u00a0mod\u00e8le 320 - PSL Systemtechnik :  L&#039;analyseur H2S 320 permet la d\u00e9termination du sulfure d&#039;hydrog\u00e8ne dans le bitume, les asphaltes, les p\u00e9troles bruts et les fuels lourds sur la plage de +30\u00b0C \u00e0 200 \u00b0C. Il permet des mesures pr\u00e9cises en phase liquide et gazeuse et couvre une large \u00e9chelle de niveaux d&#039;\u00e9mission allant de 1 \u00e0 10 000 ppm de sulfure d&#039;hydrog\u00e8ne en phase liquide et allant de 1 \u00e0 1 000 ppm en phase gazeuse. T\u00e9l\u00e9charger la brochure produit : Analyseur H2S 320\" \/>\n<meta property=\"og:url\" content=\"https:\/\/webdesi-gn.fr\/dev_deltalabo\/produits\/petrochimie-chimie-nucleaire\/bitumes\/analyseur-h2s-pour-bitumes-et-bruts-modele-320-psl-systemtechnik\/\" \/>\n<meta property=\"og:site_name\" content=\"DeltaLabo\" \/>\n<meta property=\"article:modified_time\" content=\"2025-11-24T14:33:42+00:00\" \/>\n<meta property=\"og:image\" content=\"https:\/\/webdesi-gn.fr\/dev_deltalabo\/wp-content\/uploads\/2025\/11\/H2S-Analyer-320.webp\" \/>\n\t<meta property=\"og:image:width\" content=\"1800\" \/>\n\t<meta property=\"og:image:height\" content=\"1200\" \/>\n\t<meta property=\"og:image:type\" content=\"image\/webp\" \/>\n<meta name=\"twitter:card\" content=\"summary_large_image\" \/>\n<meta name=\"twitter:label1\" content=\"Dur\u00e9e de lecture estim\u00e9e\" \/>\n\t<meta name=\"twitter:data1\" content=\"1 minute\" \/>\n<script type=\"application\/ld+json\" class=\"yoast-schema-graph\">{\"@context\":\"https:\\\/\\\/schema.org\",\"@graph\":[{\"@type\":\"WebPage\",\"@id\":\"https:\\\/\\\/webdesi-gn.fr\\\/dev_deltalabo\\\/produits\\\/petrochimie-chimie-nucleaire\\\/bitumes\\\/analyseur-h2s-pour-bitumes-et-bruts-modele-320-psl-systemtechnik\\\/\",\"url\":\"https:\\\/\\\/webdesi-gn.fr\\\/dev_deltalabo\\\/produits\\\/petrochimie-chimie-nucleaire\\\/bitumes\\\/analyseur-h2s-pour-bitumes-et-bruts-modele-320-psl-systemtechnik\\\/\",\"name\":\"Analyseur H2S pour bitumes et bruts\u00a0mod\u00e8le 320 - PSL Systemtechnik | DeltaLabo\",\"isPartOf\":{\"@id\":\"https:\\\/\\\/webdesi-gn.fr\\\/dev_deltalabo\\\/#website\"},\"primaryImageOfPage\":{\"@id\":\"https:\\\/\\\/webdesi-gn.fr\\\/dev_deltalabo\\\/produits\\\/petrochimie-chimie-nucleaire\\\/bitumes\\\/analyseur-h2s-pour-bitumes-et-bruts-modele-320-psl-systemtechnik\\\/#primaryimage\"},\"image\":{\"@id\":\"https:\\\/\\\/webdesi-gn.fr\\\/dev_deltalabo\\\/produits\\\/petrochimie-chimie-nucleaire\\\/bitumes\\\/analyseur-h2s-pour-bitumes-et-bruts-modele-320-psl-systemtechnik\\\/#primaryimage\"},\"thumbnailUrl\":\"https:\\\/\\\/webdesi-gn.fr\\\/dev_deltalabo\\\/wp-content\\\/uploads\\\/2025\\\/11\\\/H2S-Analyer-320.webp\",\"datePublished\":\"2025-06-03T07:49:27+00:00\",\"dateModified\":\"2025-11-24T14:33:42+00:00\",\"breadcrumb\":{\"@id\":\"https:\\\/\\\/webdesi-gn.fr\\\/dev_deltalabo\\\/produits\\\/petrochimie-chimie-nucleaire\\\/bitumes\\\/analyseur-h2s-pour-bitumes-et-bruts-modele-320-psl-systemtechnik\\\/#breadcrumb\"},\"inLanguage\":\"fr-FR\",\"potentialAction\":[{\"@type\":\"ReadAction\",\"target\":[\"https:\\\/\\\/webdesi-gn.fr\\\/dev_deltalabo\\\/produits\\\/petrochimie-chimie-nucleaire\\\/bitumes\\\/analyseur-h2s-pour-bitumes-et-bruts-modele-320-psl-systemtechnik\\\/\"]}]},{\"@type\":\"ImageObject\",\"inLanguage\":\"fr-FR\",\"@id\":\"https:\\\/\\\/webdesi-gn.fr\\\/dev_deltalabo\\\/produits\\\/petrochimie-chimie-nucleaire\\\/bitumes\\\/analyseur-h2s-pour-bitumes-et-bruts-modele-320-psl-systemtechnik\\\/#primaryimage\",\"url\":\"https:\\\/\\\/webdesi-gn.fr\\\/dev_deltalabo\\\/wp-content\\\/uploads\\\/2025\\\/11\\\/H2S-Analyer-320.webp\",\"contentUrl\":\"https:\\\/\\\/webdesi-gn.fr\\\/dev_deltalabo\\\/wp-content\\\/uploads\\\/2025\\\/11\\\/H2S-Analyer-320.webp\",\"width\":1800,\"height\":1200},{\"@type\":\"BreadcrumbList\",\"@id\":\"https:\\\/\\\/webdesi-gn.fr\\\/dev_deltalabo\\\/produits\\\/petrochimie-chimie-nucleaire\\\/bitumes\\\/analyseur-h2s-pour-bitumes-et-bruts-modele-320-psl-systemtechnik\\\/#breadcrumb\",\"itemListElement\":[{\"@type\":\"ListItem\",\"position\":1,\"name\":\"Accueil\",\"item\":\"https:\\\/\\\/webdesi-gn.fr\\\/dev_deltalabo\\\/\"},{\"@type\":\"ListItem\",\"position\":2,\"name\":\"Produits\",\"item\":\"https:\\\/\\\/webdesi-gn.fr\\\/dev_deltalabo\\\/produits\\\/\"},{\"@type\":\"ListItem\",\"position\":3,\"name\":\"Analyseur H2S pour bitumes et bruts\u00a0mod\u00e8le 320 &#8211; PSL Systemtechnik\"}]},{\"@type\":\"WebSite\",\"@id\":\"https:\\\/\\\/webdesi-gn.fr\\\/dev_deltalabo\\\/#website\",\"url\":\"https:\\\/\\\/webdesi-gn.fr\\\/dev_deltalabo\\\/\",\"name\":\"Delta Labo\",\"description\":\"Un site utilisant WordPress\",\"publisher\":{\"@id\":\"https:\\\/\\\/webdesi-gn.fr\\\/dev_deltalabo\\\/#organization\"},\"alternateName\":\"Delta Labo\",\"potentialAction\":[{\"@type\":\"SearchAction\",\"target\":{\"@type\":\"EntryPoint\",\"urlTemplate\":\"https:\\\/\\\/webdesi-gn.fr\\\/dev_deltalabo\\\/?s={search_term_string}\"},\"query-input\":{\"@type\":\"PropertyValueSpecification\",\"valueRequired\":true,\"valueName\":\"search_term_string\"}}],\"inLanguage\":\"fr-FR\"},{\"@type\":\"Organization\",\"@id\":\"https:\\\/\\\/webdesi-gn.fr\\\/dev_deltalabo\\\/#organization\",\"name\":\"DeltaLabo\",\"url\":\"https:\\\/\\\/webdesi-gn.fr\\\/dev_deltalabo\\\/\",\"logo\":{\"@type\":\"ImageObject\",\"inLanguage\":\"fr-FR\",\"@id\":\"https:\\\/\\\/webdesi-gn.fr\\\/dev_deltalabo\\\/#\\\/schema\\\/logo\\\/image\\\/\",\"url\":\"https:\\\/\\\/webdesi-gn.fr\\\/dev_deltalabo\\\/wp-content\\\/uploads\\\/2022\\\/07\\\/logo-deltalabo.png\",\"contentUrl\":\"https:\\\/\\\/webdesi-gn.fr\\\/dev_deltalabo\\\/wp-content\\\/uploads\\\/2022\\\/07\\\/logo-deltalabo.png\",\"width\":694,\"height\":306,\"caption\":\"DeltaLabo\"},\"image\":{\"@id\":\"https:\\\/\\\/webdesi-gn.fr\\\/dev_deltalabo\\\/#\\\/schema\\\/logo\\\/image\\\/\"}}]}<\/script>\n<!-- \/ Yoast SEO plugin. -->","yoast_head_json":{"title":"Analyseur H2S pour bitumes et bruts\u00a0mod\u00e8le 320 - PSL Systemtechnik | DeltaLabo","robots":{"index":"noindex","follow":"follow","max-snippet":"max-snippet:-1","max-image-preview":"max-image-preview:large","max-video-preview":"max-video-preview:-1"},"og_locale":"fr_FR","og_type":"article","og_title":"Analyseur H2S pour bitumes et bruts\u00a0mod\u00e8le 320 - PSL Systemtechnik | DeltaLabo","og_description":"Analyseur H2S pour bitumes et bruts\u00a0mod\u00e8le 320 - PSL Systemtechnik :  L'analyseur H2S 320 permet la d\u00e9termination du sulfure d'hydrog\u00e8ne dans le bitume, les asphaltes, les p\u00e9troles bruts et les fuels lourds sur la plage de +30\u00b0C \u00e0 200 \u00b0C. Il permet des mesures pr\u00e9cises en phase liquide et gazeuse et couvre une large \u00e9chelle de niveaux d'\u00e9mission allant de 1 \u00e0 10 000 ppm de sulfure d'hydrog\u00e8ne en phase liquide et allant de 1 \u00e0 1 000 ppm en phase gazeuse. T\u00e9l\u00e9charger la brochure produit : Analyseur H2S 320","og_url":"https:\/\/webdesi-gn.fr\/dev_deltalabo\/produits\/petrochimie-chimie-nucleaire\/bitumes\/analyseur-h2s-pour-bitumes-et-bruts-modele-320-psl-systemtechnik\/","og_site_name":"DeltaLabo","article_modified_time":"2025-11-24T14:33:42+00:00","og_image":[{"width":1800,"height":1200,"url":"https:\/\/webdesi-gn.fr\/dev_deltalabo\/wp-content\/uploads\/2025\/11\/H2S-Analyer-320.webp","type":"image\/webp"}],"twitter_card":"summary_large_image","twitter_misc":{"Dur\u00e9e de lecture estim\u00e9e":"1 minute"},"schema":{"@context":"https:\/\/schema.org","@graph":[{"@type":"WebPage","@id":"https:\/\/webdesi-gn.fr\/dev_deltalabo\/produits\/petrochimie-chimie-nucleaire\/bitumes\/analyseur-h2s-pour-bitumes-et-bruts-modele-320-psl-systemtechnik\/","url":"https:\/\/webdesi-gn.fr\/dev_deltalabo\/produits\/petrochimie-chimie-nucleaire\/bitumes\/analyseur-h2s-pour-bitumes-et-bruts-modele-320-psl-systemtechnik\/","name":"Analyseur H2S pour bitumes et bruts\u00a0mod\u00e8le 320 - PSL Systemtechnik | DeltaLabo","isPartOf":{"@id":"https:\/\/webdesi-gn.fr\/dev_deltalabo\/#website"},"primaryImageOfPage":{"@id":"https:\/\/webdesi-gn.fr\/dev_deltalabo\/produits\/petrochimie-chimie-nucleaire\/bitumes\/analyseur-h2s-pour-bitumes-et-bruts-modele-320-psl-systemtechnik\/#primaryimage"},"image":{"@id":"https:\/\/webdesi-gn.fr\/dev_deltalabo\/produits\/petrochimie-chimie-nucleaire\/bitumes\/analyseur-h2s-pour-bitumes-et-bruts-modele-320-psl-systemtechnik\/#primaryimage"},"thumbnailUrl":"https:\/\/webdesi-gn.fr\/dev_deltalabo\/wp-content\/uploads\/2025\/11\/H2S-Analyer-320.webp","datePublished":"2025-06-03T07:49:27+00:00","dateModified":"2025-11-24T14:33:42+00:00","breadcrumb":{"@id":"https:\/\/webdesi-gn.fr\/dev_deltalabo\/produits\/petrochimie-chimie-nucleaire\/bitumes\/analyseur-h2s-pour-bitumes-et-bruts-modele-320-psl-systemtechnik\/#breadcrumb"},"inLanguage":"fr-FR","potentialAction":[{"@type":"ReadAction","target":["https:\/\/webdesi-gn.fr\/dev_deltalabo\/produits\/petrochimie-chimie-nucleaire\/bitumes\/analyseur-h2s-pour-bitumes-et-bruts-modele-320-psl-systemtechnik\/"]}]},{"@type":"ImageObject","inLanguage":"fr-FR","@id":"https:\/\/webdesi-gn.fr\/dev_deltalabo\/produits\/petrochimie-chimie-nucleaire\/bitumes\/analyseur-h2s-pour-bitumes-et-bruts-modele-320-psl-systemtechnik\/#primaryimage","url":"https:\/\/webdesi-gn.fr\/dev_deltalabo\/wp-content\/uploads\/2025\/11\/H2S-Analyer-320.webp","contentUrl":"https:\/\/webdesi-gn.fr\/dev_deltalabo\/wp-content\/uploads\/2025\/11\/H2S-Analyer-320.webp","width":1800,"height":1200},{"@type":"BreadcrumbList","@id":"https:\/\/webdesi-gn.fr\/dev_deltalabo\/produits\/petrochimie-chimie-nucleaire\/bitumes\/analyseur-h2s-pour-bitumes-et-bruts-modele-320-psl-systemtechnik\/#breadcrumb","itemListElement":[{"@type":"ListItem","position":1,"name":"Accueil","item":"https:\/\/webdesi-gn.fr\/dev_deltalabo\/"},{"@type":"ListItem","position":2,"name":"Produits","item":"https:\/\/webdesi-gn.fr\/dev_deltalabo\/produits\/"},{"@type":"ListItem","position":3,"name":"Analyseur H2S pour bitumes et bruts\u00a0mod\u00e8le 320 &#8211; PSL Systemtechnik"}]},{"@type":"WebSite","@id":"https:\/\/webdesi-gn.fr\/dev_deltalabo\/#website","url":"https:\/\/webdesi-gn.fr\/dev_deltalabo\/","name":"Delta Labo","description":"Un site utilisant WordPress","publisher":{"@id":"https:\/\/webdesi-gn.fr\/dev_deltalabo\/#organization"},"alternateName":"Delta Labo","potentialAction":[{"@type":"SearchAction","target":{"@type":"EntryPoint","urlTemplate":"https:\/\/webdesi-gn.fr\/dev_deltalabo\/?s={search_term_string}"},"query-input":{"@type":"PropertyValueSpecification","valueRequired":true,"valueName":"search_term_string"}}],"inLanguage":"fr-FR"},{"@type":"Organization","@id":"https:\/\/webdesi-gn.fr\/dev_deltalabo\/#organization","name":"DeltaLabo","url":"https:\/\/webdesi-gn.fr\/dev_deltalabo\/","logo":{"@type":"ImageObject","inLanguage":"fr-FR","@id":"https:\/\/webdesi-gn.fr\/dev_deltalabo\/#\/schema\/logo\/image\/","url":"https:\/\/webdesi-gn.fr\/dev_deltalabo\/wp-content\/uploads\/2022\/07\/logo-deltalabo.png","contentUrl":"https:\/\/webdesi-gn.fr\/dev_deltalabo\/wp-content\/uploads\/2022\/07\/logo-deltalabo.png","width":694,"height":306,"caption":"DeltaLabo"},"image":{"@id":"https:\/\/webdesi-gn.fr\/dev_deltalabo\/#\/schema\/logo\/image\/"}}]}},"_links":{"self":[{"href":"https:\/\/webdesi-gn.fr\/dev_deltalabo\/wp-json\/wp\/v2\/product\/260285","targetHints":{"allow":["GET"]}}],"collection":[{"href":"https:\/\/webdesi-gn.fr\/dev_deltalabo\/wp-json\/wp\/v2\/product"}],"about":[{"href":"https:\/\/webdesi-gn.fr\/dev_deltalabo\/wp-json\/wp\/v2\/types\/product"}],"wp:featuredmedia":[{"embeddable":true,"href":"https:\/\/webdesi-gn.fr\/dev_deltalabo\/wp-json\/wp\/v2\/media\/261961"}],"wp:attachment":[{"href":"https:\/\/webdesi-gn.fr\/dev_deltalabo\/wp-json\/wp\/v2\/media?parent=260285"}],"wp:term":[{"taxonomy":"domaine","embeddable":true,"href":"https:\/\/webdesi-gn.fr\/dev_deltalabo\/wp-json\/wp\/v2\/domaine?post=260285"},{"taxonomy":"normes","embeddable":true,"href":"https:\/\/webdesi-gn.fr\/dev_deltalabo\/wp-json\/wp\/v2\/normes?post=260285"},{"taxonomy":"product_brand","embeddable":true,"href":"https:\/\/webdesi-gn.fr\/dev_deltalabo\/wp-json\/wp\/v2\/product_brand?post=260285"},{"taxonomy":"product_cat","embeddable":true,"href":"https:\/\/webdesi-gn.fr\/dev_deltalabo\/wp-json\/wp\/v2\/product_cat?post=260285"},{"taxonomy":"product_tag","embeddable":true,"href":"https:\/\/webdesi-gn.fr\/dev_deltalabo\/wp-json\/wp\/v2\/product_tag?post=260285"}],"curies":[{"name":"wp","href":"https:\/\/api.w.org\/{rel}","templated":true}]}}