{"id":260290,"date":"2025-06-03T10:34:05","date_gmt":"2025-06-03T08:34:05","guid":{"rendered":"https:\/\/webdesi-gn.fr\/dev_deltalabo\/?post_type=product&#038;p=260290"},"modified":"2025-07-15T15:25:27","modified_gmt":"2025-07-15T13:25:27","slug":"enceinte-climatique-pour-tests-de-condensation-espec-mb-electronique","status":"publish","type":"product","link":"https:\/\/webdesi-gn.fr\/dev_deltalabo\/produits\/cat-produit\/enceinte-climatique-pour-tests-de-condensation-espec-mb-electronique\/","title":{"rendered":"Enceinte climatique pour tests de condensation ESPEC S\u00e9rie ARS &#8211; ISO 12100"},"content":{"rendered":"","protected":false},"excerpt":{"rendered":"<p><strong>Enceinte climatique pour tests de condensation ESPEC S\u00e9rie ARS :<\/strong><\/p>\n<p>Les enceintes climatiques ESPEC S\u00e9rie ARS pour tests de condensation sont garanties 3 ans et conformes aux normes ISO 12100 et EN 50581.<\/p>\n<p>Elles permettent des simulations de temp\u00e9rature de -75\u00b0C \u00e0 +180\u00b0C sur des plages de 10% \u00e0 98% d\u2019humidit\u00e9 relative (selon les mod\u00e8les).<\/p>\n<div id=\"tw-container\" class=\"nev7se\" data-cp=\"1\" data-nnttsvi=\"1\" data-ntl-fpwrite=\"true\" data-sletp=\"false\" data-sm=\"1\" data-ssbp=\"false\" data-sugg-time=\"500\" data-sugg-url=\"https:\/\/clients1.google.com\/complete\/search\" data-uilc=\"fr\" data-vil=\",af,af-ZA,am,am-ET,ar-EG,ar-AE,ar-KW,ar-QA,ar,ar-IL,ar-JO,ar-LB,ar-PS,az,az-AZ,bg,bg-BG,bn,bn-BD,bn-IN,ca,ca-es,cs,cs-CZ,de,de-DE,de-CH,de-AT,de-LI,en,en-US,en-CA,en-AU,en-NZ,en-GB,en-IN,en-KE,en-TZ,en-NG,en-GH,en-PH,en-ZA,es,es-ES,es-AR,es-UY,es-419,es-BO,es-CL,es-CR,es-CO,es-DO,es-EC,es-GT,es-HN,es-NI,es-PA,es-PE,es-PR,es-PY,es-SV,es-VE,es-MX,es-US,eu,eu-ES,fi,fi-FI,fr,fr-FR,fr-CH,fr-BE,gl,gl-ES,gu,gu-IN,he,he-IL,iw,iw-IL,hu,hu-HU,hy,hy-AM,id,id-ID,is,is-IS,it,it-IT,it-CH,ja,ja-JP,jv,jv-ID,ka,ka-GE,km,km-KH,kn,kn-IN,ko,ko-KR,la,lo,lo-LA,lv,lv-LV,ml,ml-IN,mr,mr-IN,ms,ms-MY,nl,nl-NL,nb,nb-NO,ne,ne-NP,pl,pl-PL,pt,pt-BR,pt-PT,ro,ro-RO,ru,ru-RU,si-LK,sk,sk-SK,sr,sr-RS,su,su-ID,sv,sv-SE,sw,sw-TZ,sw-KE,ta,ta-IN,ta-SG,ta-LK,ta-MY,te,te-IN,tr,tr-TR,ur,ur-PK,ur-IN,yue,yue-HK,yue-Hant-HK,zh-HK,zh,zh-CN,zh-cmn,zh-cmn-CN,zh-Hans,zh-Hans-CN,zh-cmn-Hans,zh-cmn-Hans-CN,cmn-CN,cmn-Hans,cmn-Hans-CN,zh-TW,zh-Hant-TW,cmn-TW,cmn-Hant-TW,zh-cmn-TW,zh-cmn-Hant-TW,zu,zu-ZA,hi,hi-IN,tl,tl-PH,pa,pa-IN\">\n<p class=\"dURPtb\">Quelques caract\u00e9ristiques :<\/p>\n<\/div>\n<ul>\n<li>12 mod\u00e8les diff\u00e9rentes pour r\u00e9pondre \u00e0 tous les besoins<\/li>\n<li>Tol\u00e9rance aux charges thermique g\u00e9n\u00e9r\u00e9es par l&rsquo;\u00e9chantillon<\/li>\n<li>Syst\u00e8me de contr\u00f4le de temp\u00e9rature et d&rsquo;humidit\u00e9 \u00e9quilibr\u00e9e (BTHC System)<\/li>\n<li>Mesure HR par m\u00e9thode analogique (Psychrom\u00e8tre &#8211; sondes s\u00e8che &amp; humide)<\/li>\n<li>Contr\u00f4leur avec \u00e9cran tactile P310<\/li>\n<li>Conforme \u00e0 la directive F-Gaz (R449A\/R452A)<\/li>\n<\/ul>\n<p><strong>T\u00e9l\u00e9charger la brochure produit :\u00a0<\/strong><a href=\"https:\/\/webdesi-gn.fr\/dev_deltalabo\/wp-content\/uploads\/2025\/06\/Espec-Brochure_Enceinte-Climatique-engl-DL.pdf\">Enceinte climatique pour tests de condensation ESPEC s\u00e9rie ARS<\/a><\/p>\n<p><strong>Visualiser l&rsquo;utilisation du produit : <\/strong><a href=\"https:\/\/youtu.be\/-phFBXS1tqk\">Enceinte climatique pour tests de condensation ESPEC s\u00e9rie ARS<\/a><\/p>\n","protected":false},"featured_media":260291,"template":"","meta":{"_acf_changed":false,"site-sidebar-layout":"default","site-content-layout":"","ast-site-content-layout":"default","site-content-style":"default","site-sidebar-style":"default","ast-global-header-display":"","ast-banner-title-visibility":"","ast-main-header-display":"","ast-hfb-above-header-display":"","ast-hfb-below-header-display":"","ast-hfb-mobile-header-display":"","site-post-title":"","ast-breadcrumbs-content":"","ast-featured-img":"","footer-sml-layout":"","ast-disable-related-posts":"","theme-transparent-header-meta":"","adv-header-id-meta":"","stick-header-meta":"","header-above-stick-meta":"","header-main-stick-meta":"","header-below-stick-meta":"","astra-migrate-meta-layouts":"default","ast-page-background-enabled":"default","ast-page-background-meta":{"desktop":{"background-color":"var(--ast-global-color-5)","background-image":"","background-repeat":"repeat","background-position":"center center","background-size":"auto","background-attachment":"scroll","background-type":"","background-media":"","overlay-type":"","overlay-color":"","overlay-opacity":"","overlay-gradient":""},"tablet":{"background-color":"","background-image":"","background-repeat":"repeat","background-position":"center center","background-size":"auto","background-attachment":"scroll","background-type":"","background-media":"","overlay-type":"","overlay-color":"","overlay-opacity":"","overlay-gradient":""},"mobile":{"background-color":"","background-image":"","background-repeat":"repeat","background-position":"center center","background-size":"auto","background-attachment":"scroll","background-type":"","background-media":"","overlay-type":"","overlay-color":"","overlay-opacity":"","overlay-gradient":""}},"ast-content-background-meta":{"desktop":{"background-color":"var(--ast-global-color-4)","background-image":"","background-repeat":"repeat","background-position":"center center","background-size":"auto","background-attachment":"scroll","background-type":"","background-media":"","overlay-type":"","overlay-color":"","overlay-opacity":"","overlay-gradient":""},"tablet":{"background-color":"var(--ast-global-color-4)","background-image":"","background-repeat":"repeat","background-position":"center center","background-size":"auto","background-attachment":"scroll","background-type":"","background-media":"","overlay-type":"","overlay-color":"","overlay-opacity":"","overlay-gradient":""},"mobile":{"background-color":"var(--ast-global-color-4)","background-image":"","background-repeat":"repeat","background-position":"center center","background-size":"auto","background-attachment":"scroll","background-type":"","background-media":"","overlay-type":"","overlay-color":"","overlay-opacity":"","overlay-gradient":""}}},"domaine":[],"normes":[17135,17097],"product_brand":[],"product_cat":[15],"product_tag":[],"class_list":{"0":"post-260290","1":"product","2":"type-product","3":"status-publish","4":"has-post-thumbnail","6":"normes-din-51562","7":"normes-iso-12100","8":"product_cat-cat-produit","9":"desktop-align-left","10":"tablet-align-left","11":"mobile-align-left","13":"first","14":"instock","15":"shipping-taxable","16":"product-type-simple"},"acf":[],"yoast_head":"<!-- This site is optimized with the Yoast SEO plugin v27.4 - https:\/\/yoast.com\/product\/yoast-seo-wordpress\/ -->\n<title>Enceinte climatique pour tests de condensation ESPEC S\u00e9rie ARS - ISO 12100 | DeltaLabo<\/title>\n<meta name=\"robots\" content=\"noindex, follow, max-snippet:-1, max-image-preview:large, max-video-preview:-1\" \/>\n<meta property=\"og:locale\" content=\"fr_FR\" \/>\n<meta property=\"og:type\" content=\"article\" \/>\n<meta property=\"og:title\" content=\"Enceinte climatique pour tests de condensation ESPEC S\u00e9rie ARS - ISO 12100 | DeltaLabo\" \/>\n<meta property=\"og:description\" content=\"Enceinte climatique pour tests de condensation ESPEC S\u00e9rie ARS :  Les enceintes climatiques ESPEC S\u00e9rie ARS pour tests de condensation sont garanties 3 ans et conformes aux normes ISO 12100 et EN 50581.  Elles permettent des simulations de temp\u00e9rature de -75\u00b0C \u00e0 +180\u00b0C sur des plages de 10% \u00e0 98% d\u2019humidit\u00e9 relative (selon les mod\u00e8les).  Quelques caract\u00e9ristiques :     12 mod\u00e8les diff\u00e9rentes pour r\u00e9pondre \u00e0 tous les besoins  Tol\u00e9rance aux charges thermique g\u00e9n\u00e9r\u00e9es par l&#039;\u00e9chantillon  Syst\u00e8me de contr\u00f4le de temp\u00e9rature et d&#039;humidit\u00e9 \u00e9quilibr\u00e9e (BTHC System)  Mesure HR par m\u00e9thode analogique (Psychrom\u00e8tre - sondes s\u00e8che &amp; humide)  Contr\u00f4leur avec \u00e9cran tactile P310  Conforme \u00e0 la directive F-Gaz (R449A\/R452A)  T\u00e9l\u00e9charger la brochure produit :\u00a0Enceinte climatique pour tests de condensation ESPEC s\u00e9rie ARS  Visualiser l&#039;utilisation du produit : Enceinte climatique pour tests de condensation ESPEC s\u00e9rie ARS\" \/>\n<meta property=\"og:url\" content=\"https:\/\/webdesi-gn.fr\/dev_deltalabo\/produits\/les-normes\/normes-iso\/iso-12100\/enceinte-climatique-pour-tests-de-condensation-espec-mb-electronique\/\" \/>\n<meta property=\"og:site_name\" content=\"DeltaLabo\" \/>\n<meta property=\"article:modified_time\" content=\"2025-07-15T13:25:27+00:00\" \/>\n<meta property=\"og:image\" content=\"https:\/\/webdesi-gn.fr\/dev_deltalabo\/wp-content\/uploads\/2025\/06\/enceinte-climatique-thermique-standard-serie-ar-3.jpg\" \/>\n\t<meta property=\"og:image:width\" content=\"600\" \/>\n\t<meta property=\"og:image:height\" content=\"600\" \/>\n\t<meta property=\"og:image:type\" content=\"image\/jpeg\" \/>\n<meta name=\"twitter:card\" content=\"summary_large_image\" \/>\n<meta name=\"twitter:label1\" content=\"Dur\u00e9e de lecture estim\u00e9e\" \/>\n\t<meta name=\"twitter:data1\" content=\"1 minute\" \/>\n<script type=\"application\/ld+json\" class=\"yoast-schema-graph\">{\"@context\":\"https:\\\/\\\/schema.org\",\"@graph\":[{\"@type\":\"WebPage\",\"@id\":\"https:\\\/\\\/webdesi-gn.fr\\\/dev_deltalabo\\\/produits\\\/les-normes\\\/normes-iso\\\/iso-12100\\\/enceinte-climatique-pour-tests-de-condensation-espec-mb-electronique\\\/\",\"url\":\"https:\\\/\\\/webdesi-gn.fr\\\/dev_deltalabo\\\/produits\\\/les-normes\\\/normes-iso\\\/iso-12100\\\/enceinte-climatique-pour-tests-de-condensation-espec-mb-electronique\\\/\",\"name\":\"Enceinte climatique pour tests de condensation ESPEC S\u00e9rie ARS - ISO 12100 | DeltaLabo\",\"isPartOf\":{\"@id\":\"https:\\\/\\\/webdesi-gn.fr\\\/dev_deltalabo\\\/#website\"},\"primaryImageOfPage\":{\"@id\":\"https:\\\/\\\/webdesi-gn.fr\\\/dev_deltalabo\\\/produits\\\/les-normes\\\/normes-iso\\\/iso-12100\\\/enceinte-climatique-pour-tests-de-condensation-espec-mb-electronique\\\/#primaryimage\"},\"image\":{\"@id\":\"https:\\\/\\\/webdesi-gn.fr\\\/dev_deltalabo\\\/produits\\\/les-normes\\\/normes-iso\\\/iso-12100\\\/enceinte-climatique-pour-tests-de-condensation-espec-mb-electronique\\\/#primaryimage\"},\"thumbnailUrl\":\"https:\\\/\\\/webdesi-gn.fr\\\/dev_deltalabo\\\/wp-content\\\/uploads\\\/2025\\\/06\\\/enceinte-climatique-thermique-standard-serie-ar-3.jpg\",\"datePublished\":\"2025-06-03T08:34:05+00:00\",\"dateModified\":\"2025-07-15T13:25:27+00:00\",\"breadcrumb\":{\"@id\":\"https:\\\/\\\/webdesi-gn.fr\\\/dev_deltalabo\\\/produits\\\/les-normes\\\/normes-iso\\\/iso-12100\\\/enceinte-climatique-pour-tests-de-condensation-espec-mb-electronique\\\/#breadcrumb\"},\"inLanguage\":\"fr-FR\",\"potentialAction\":[{\"@type\":\"ReadAction\",\"target\":[\"https:\\\/\\\/webdesi-gn.fr\\\/dev_deltalabo\\\/produits\\\/les-normes\\\/normes-iso\\\/iso-12100\\\/enceinte-climatique-pour-tests-de-condensation-espec-mb-electronique\\\/\"]}]},{\"@type\":\"ImageObject\",\"inLanguage\":\"fr-FR\",\"@id\":\"https:\\\/\\\/webdesi-gn.fr\\\/dev_deltalabo\\\/produits\\\/les-normes\\\/normes-iso\\\/iso-12100\\\/enceinte-climatique-pour-tests-de-condensation-espec-mb-electronique\\\/#primaryimage\",\"url\":\"https:\\\/\\\/webdesi-gn.fr\\\/dev_deltalabo\\\/wp-content\\\/uploads\\\/2025\\\/06\\\/enceinte-climatique-thermique-standard-serie-ar-3.jpg\",\"contentUrl\":\"https:\\\/\\\/webdesi-gn.fr\\\/dev_deltalabo\\\/wp-content\\\/uploads\\\/2025\\\/06\\\/enceinte-climatique-thermique-standard-serie-ar-3.jpg\",\"width\":600,\"height\":600},{\"@type\":\"BreadcrumbList\",\"@id\":\"https:\\\/\\\/webdesi-gn.fr\\\/dev_deltalabo\\\/produits\\\/les-normes\\\/normes-iso\\\/iso-12100\\\/enceinte-climatique-pour-tests-de-condensation-espec-mb-electronique\\\/#breadcrumb\",\"itemListElement\":[{\"@type\":\"ListItem\",\"position\":1,\"name\":\"Accueil\",\"item\":\"https:\\\/\\\/webdesi-gn.fr\\\/dev_deltalabo\\\/\"},{\"@type\":\"ListItem\",\"position\":2,\"name\":\"Produits\",\"item\":\"https:\\\/\\\/webdesi-gn.fr\\\/dev_deltalabo\\\/produits\\\/\"},{\"@type\":\"ListItem\",\"position\":3,\"name\":\"Enceinte climatique pour tests de condensation ESPEC S\u00e9rie ARS &#8211; ISO 12100\"}]},{\"@type\":\"WebSite\",\"@id\":\"https:\\\/\\\/webdesi-gn.fr\\\/dev_deltalabo\\\/#website\",\"url\":\"https:\\\/\\\/webdesi-gn.fr\\\/dev_deltalabo\\\/\",\"name\":\"Delta Labo\",\"description\":\"Un site utilisant WordPress\",\"publisher\":{\"@id\":\"https:\\\/\\\/webdesi-gn.fr\\\/dev_deltalabo\\\/#organization\"},\"alternateName\":\"Delta Labo\",\"potentialAction\":[{\"@type\":\"SearchAction\",\"target\":{\"@type\":\"EntryPoint\",\"urlTemplate\":\"https:\\\/\\\/webdesi-gn.fr\\\/dev_deltalabo\\\/?s={search_term_string}\"},\"query-input\":{\"@type\":\"PropertyValueSpecification\",\"valueRequired\":true,\"valueName\":\"search_term_string\"}}],\"inLanguage\":\"fr-FR\"},{\"@type\":\"Organization\",\"@id\":\"https:\\\/\\\/webdesi-gn.fr\\\/dev_deltalabo\\\/#organization\",\"name\":\"DeltaLabo\",\"url\":\"https:\\\/\\\/webdesi-gn.fr\\\/dev_deltalabo\\\/\",\"logo\":{\"@type\":\"ImageObject\",\"inLanguage\":\"fr-FR\",\"@id\":\"https:\\\/\\\/webdesi-gn.fr\\\/dev_deltalabo\\\/#\\\/schema\\\/logo\\\/image\\\/\",\"url\":\"https:\\\/\\\/webdesi-gn.fr\\\/dev_deltalabo\\\/wp-content\\\/uploads\\\/2022\\\/07\\\/logo-deltalabo.png\",\"contentUrl\":\"https:\\\/\\\/webdesi-gn.fr\\\/dev_deltalabo\\\/wp-content\\\/uploads\\\/2022\\\/07\\\/logo-deltalabo.png\",\"width\":694,\"height\":306,\"caption\":\"DeltaLabo\"},\"image\":{\"@id\":\"https:\\\/\\\/webdesi-gn.fr\\\/dev_deltalabo\\\/#\\\/schema\\\/logo\\\/image\\\/\"}}]}<\/script>\n<!-- \/ Yoast SEO plugin. -->","yoast_head_json":{"title":"Enceinte climatique pour tests de condensation ESPEC S\u00e9rie ARS - ISO 12100 | DeltaLabo","robots":{"index":"noindex","follow":"follow","max-snippet":"max-snippet:-1","max-image-preview":"max-image-preview:large","max-video-preview":"max-video-preview:-1"},"og_locale":"fr_FR","og_type":"article","og_title":"Enceinte climatique pour tests de condensation ESPEC S\u00e9rie ARS - ISO 12100 | DeltaLabo","og_description":"Enceinte climatique pour tests de condensation ESPEC S\u00e9rie ARS :  Les enceintes climatiques ESPEC S\u00e9rie ARS pour tests de condensation sont garanties 3 ans et conformes aux normes ISO 12100 et EN 50581.  Elles permettent des simulations de temp\u00e9rature de -75\u00b0C \u00e0 +180\u00b0C sur des plages de 10% \u00e0 98% d\u2019humidit\u00e9 relative (selon les mod\u00e8les).  Quelques caract\u00e9ristiques :     12 mod\u00e8les diff\u00e9rentes pour r\u00e9pondre \u00e0 tous les besoins  Tol\u00e9rance aux charges thermique g\u00e9n\u00e9r\u00e9es par l'\u00e9chantillon  Syst\u00e8me de contr\u00f4le de temp\u00e9rature et d'humidit\u00e9 \u00e9quilibr\u00e9e (BTHC System)  Mesure HR par m\u00e9thode analogique (Psychrom\u00e8tre - sondes s\u00e8che &amp; humide)  Contr\u00f4leur avec \u00e9cran tactile P310  Conforme \u00e0 la directive F-Gaz (R449A\/R452A)  T\u00e9l\u00e9charger la brochure produit :\u00a0Enceinte climatique pour tests de condensation ESPEC s\u00e9rie ARS  Visualiser l'utilisation du produit : Enceinte climatique pour tests de condensation ESPEC s\u00e9rie ARS","og_url":"https:\/\/webdesi-gn.fr\/dev_deltalabo\/produits\/les-normes\/normes-iso\/iso-12100\/enceinte-climatique-pour-tests-de-condensation-espec-mb-electronique\/","og_site_name":"DeltaLabo","article_modified_time":"2025-07-15T13:25:27+00:00","og_image":[{"width":600,"height":600,"url":"https:\/\/webdesi-gn.fr\/dev_deltalabo\/wp-content\/uploads\/2025\/06\/enceinte-climatique-thermique-standard-serie-ar-3.jpg","type":"image\/jpeg"}],"twitter_card":"summary_large_image","twitter_misc":{"Dur\u00e9e de lecture estim\u00e9e":"1 minute"},"schema":{"@context":"https:\/\/schema.org","@graph":[{"@type":"WebPage","@id":"https:\/\/webdesi-gn.fr\/dev_deltalabo\/produits\/les-normes\/normes-iso\/iso-12100\/enceinte-climatique-pour-tests-de-condensation-espec-mb-electronique\/","url":"https:\/\/webdesi-gn.fr\/dev_deltalabo\/produits\/les-normes\/normes-iso\/iso-12100\/enceinte-climatique-pour-tests-de-condensation-espec-mb-electronique\/","name":"Enceinte climatique pour tests de condensation ESPEC S\u00e9rie ARS - ISO 12100 | DeltaLabo","isPartOf":{"@id":"https:\/\/webdesi-gn.fr\/dev_deltalabo\/#website"},"primaryImageOfPage":{"@id":"https:\/\/webdesi-gn.fr\/dev_deltalabo\/produits\/les-normes\/normes-iso\/iso-12100\/enceinte-climatique-pour-tests-de-condensation-espec-mb-electronique\/#primaryimage"},"image":{"@id":"https:\/\/webdesi-gn.fr\/dev_deltalabo\/produits\/les-normes\/normes-iso\/iso-12100\/enceinte-climatique-pour-tests-de-condensation-espec-mb-electronique\/#primaryimage"},"thumbnailUrl":"https:\/\/webdesi-gn.fr\/dev_deltalabo\/wp-content\/uploads\/2025\/06\/enceinte-climatique-thermique-standard-serie-ar-3.jpg","datePublished":"2025-06-03T08:34:05+00:00","dateModified":"2025-07-15T13:25:27+00:00","breadcrumb":{"@id":"https:\/\/webdesi-gn.fr\/dev_deltalabo\/produits\/les-normes\/normes-iso\/iso-12100\/enceinte-climatique-pour-tests-de-condensation-espec-mb-electronique\/#breadcrumb"},"inLanguage":"fr-FR","potentialAction":[{"@type":"ReadAction","target":["https:\/\/webdesi-gn.fr\/dev_deltalabo\/produits\/les-normes\/normes-iso\/iso-12100\/enceinte-climatique-pour-tests-de-condensation-espec-mb-electronique\/"]}]},{"@type":"ImageObject","inLanguage":"fr-FR","@id":"https:\/\/webdesi-gn.fr\/dev_deltalabo\/produits\/les-normes\/normes-iso\/iso-12100\/enceinte-climatique-pour-tests-de-condensation-espec-mb-electronique\/#primaryimage","url":"https:\/\/webdesi-gn.fr\/dev_deltalabo\/wp-content\/uploads\/2025\/06\/enceinte-climatique-thermique-standard-serie-ar-3.jpg","contentUrl":"https:\/\/webdesi-gn.fr\/dev_deltalabo\/wp-content\/uploads\/2025\/06\/enceinte-climatique-thermique-standard-serie-ar-3.jpg","width":600,"height":600},{"@type":"BreadcrumbList","@id":"https:\/\/webdesi-gn.fr\/dev_deltalabo\/produits\/les-normes\/normes-iso\/iso-12100\/enceinte-climatique-pour-tests-de-condensation-espec-mb-electronique\/#breadcrumb","itemListElement":[{"@type":"ListItem","position":1,"name":"Accueil","item":"https:\/\/webdesi-gn.fr\/dev_deltalabo\/"},{"@type":"ListItem","position":2,"name":"Produits","item":"https:\/\/webdesi-gn.fr\/dev_deltalabo\/produits\/"},{"@type":"ListItem","position":3,"name":"Enceinte climatique pour tests de condensation ESPEC S\u00e9rie ARS &#8211; ISO 12100"}]},{"@type":"WebSite","@id":"https:\/\/webdesi-gn.fr\/dev_deltalabo\/#website","url":"https:\/\/webdesi-gn.fr\/dev_deltalabo\/","name":"Delta Labo","description":"Un site utilisant WordPress","publisher":{"@id":"https:\/\/webdesi-gn.fr\/dev_deltalabo\/#organization"},"alternateName":"Delta Labo","potentialAction":[{"@type":"SearchAction","target":{"@type":"EntryPoint","urlTemplate":"https:\/\/webdesi-gn.fr\/dev_deltalabo\/?s={search_term_string}"},"query-input":{"@type":"PropertyValueSpecification","valueRequired":true,"valueName":"search_term_string"}}],"inLanguage":"fr-FR"},{"@type":"Organization","@id":"https:\/\/webdesi-gn.fr\/dev_deltalabo\/#organization","name":"DeltaLabo","url":"https:\/\/webdesi-gn.fr\/dev_deltalabo\/","logo":{"@type":"ImageObject","inLanguage":"fr-FR","@id":"https:\/\/webdesi-gn.fr\/dev_deltalabo\/#\/schema\/logo\/image\/","url":"https:\/\/webdesi-gn.fr\/dev_deltalabo\/wp-content\/uploads\/2022\/07\/logo-deltalabo.png","contentUrl":"https:\/\/webdesi-gn.fr\/dev_deltalabo\/wp-content\/uploads\/2022\/07\/logo-deltalabo.png","width":694,"height":306,"caption":"DeltaLabo"},"image":{"@id":"https:\/\/webdesi-gn.fr\/dev_deltalabo\/#\/schema\/logo\/image\/"}}]}},"_links":{"self":[{"href":"https:\/\/webdesi-gn.fr\/dev_deltalabo\/wp-json\/wp\/v2\/product\/260290","targetHints":{"allow":["GET"]}}],"collection":[{"href":"https:\/\/webdesi-gn.fr\/dev_deltalabo\/wp-json\/wp\/v2\/product"}],"about":[{"href":"https:\/\/webdesi-gn.fr\/dev_deltalabo\/wp-json\/wp\/v2\/types\/product"}],"wp:featuredmedia":[{"embeddable":true,"href":"https:\/\/webdesi-gn.fr\/dev_deltalabo\/wp-json\/wp\/v2\/media\/260291"}],"wp:attachment":[{"href":"https:\/\/webdesi-gn.fr\/dev_deltalabo\/wp-json\/wp\/v2\/media?parent=260290"}],"wp:term":[{"taxonomy":"domaine","embeddable":true,"href":"https:\/\/webdesi-gn.fr\/dev_deltalabo\/wp-json\/wp\/v2\/domaine?post=260290"},{"taxonomy":"normes","embeddable":true,"href":"https:\/\/webdesi-gn.fr\/dev_deltalabo\/wp-json\/wp\/v2\/normes?post=260290"},{"taxonomy":"product_brand","embeddable":true,"href":"https:\/\/webdesi-gn.fr\/dev_deltalabo\/wp-json\/wp\/v2\/product_brand?post=260290"},{"taxonomy":"product_cat","embeddable":true,"href":"https:\/\/webdesi-gn.fr\/dev_deltalabo\/wp-json\/wp\/v2\/product_cat?post=260290"},{"taxonomy":"product_tag","embeddable":true,"href":"https:\/\/webdesi-gn.fr\/dev_deltalabo\/wp-json\/wp\/v2\/product_tag?post=260290"}],"curies":[{"name":"wp","href":"https:\/\/api.w.org\/{rel}","templated":true}]}}