{"id":260298,"date":"2025-06-03T11:50:47","date_gmt":"2025-06-03T09:50:47","guid":{"rendered":"https:\/\/webdesi-gn.fr\/dev_deltalabo\/?post_type=product&#038;p=260298"},"modified":"2025-11-24T13:41:26","modified_gmt":"2025-11-24T12:41:26","slug":"instrument-de-mobilite-de-graisse-koehler","status":"publish","type":"product","link":"https:\/\/webdesi-gn.fr\/dev_deltalabo\/produits\/categories\/instrument-de-mobilite-de-graisse-koehler\/","title":{"rendered":"Instrument de mobilit\u00e9 de graisse KOEHLER"},"content":{"rendered":"","protected":false},"excerpt":{"rendered":"<p><strong>Instrument de mobilit\u00e9 de graisse KOEHLER :<\/strong><\/p>\n<p>L&rsquo;instrument de mobilit\u00e9 de graisse KOEHLER d\u00e9termine la r\u00e9sistance de la graisse lubrifiante \u00e0 l&rsquo;\u00e9coulement dans des conditions prescrites selon la norme U.S. Steel. La mobilit\u00e9 est mesur\u00e9e en grammes par seconde en pompant l&rsquo;\u00e9chantillon \u00e0 travers un viscosim\u00e8tre vertical \u00e0 pression normalis\u00e9, \u00e0 temp\u00e9rature et pression r\u00e9gul\u00e9es.<\/p>\n<p>L&rsquo;instrument permet d&rsquo;effectuer le test de mobilit\u00e9 des graisses \u00e0 basse temp\u00e9rature afin de pr\u00e9dire les caract\u00e9ristiques de pompabilit\u00e9. Il d\u00e9termine l&rsquo;ad\u00e9quation des graisses pour des applications dans des syst\u00e8mes de pompage ou de transfert (dimensionnement des pompes, des vannes ou des tuyaux).<\/p>\n<p>Il comprend un viscosim\u00e8tre \u00e0 pression et une unit\u00e9 de r\u00e9frig\u00e9ration. Le viscosim\u00e8tre \u00e0 pression en acier inoxydable est charg\u00e9 d&rsquo;un capillaire modifi\u00e9 n\u00b0 1, rapport 40:1. Une fois l&rsquo;\u00e9chantillon charg\u00e9 dans le viscosim\u00e8tre \u00e0 pression, l&rsquo;ensemble est install\u00e9 dans la chambre de test, jusqu&rsquo;\u00e0 la temp\u00e9rature de l&rsquo;essai (mini -34,4\u00b0C \u00b11 \u00b0C). Une fois l&rsquo;\u00e9chantillon \u00e0 la temp\u00e9rature d&rsquo;essai, l&rsquo;\u00e9coulement de la graisse est d\u00e9clench\u00e9 sous pression d&rsquo;azote (pr\u00e9voir une arriv\u00e9 d&rsquo;azote avec manom\u00e8tre r\u00e9gulateur) (comprend un plateau tournant pour collecter les \u00e9chantillons).<\/p>\n<p>Le d\u00e9bit par seconde est d\u00e9termin\u00e9 en collectant la graisse pendant une p\u00e9riode sp\u00e9cifi\u00e9e.<\/p>\n<p><strong>T\u00e9l\u00e9charger la brochure produit : <\/strong><a href=\"https:\/\/www.deltalabo.fr\/wp-content\/uploads\/2025\/06\/Grease-Mobility-Tester-brochure-engl-DL.pdf\">Instrument de mobilit\u00e9 de graisse KOEHLER<\/a><\/p>\n<p>&nbsp;<\/p>\n","protected":false},"featured_media":261960,"template":"","meta":{"_acf_changed":false,"site-sidebar-layout":"default","site-content-layout":"","ast-site-content-layout":"default","site-content-style":"default","site-sidebar-style":"default","ast-global-header-display":"","ast-banner-title-visibility":"","ast-main-header-display":"","ast-hfb-above-header-display":"","ast-hfb-below-header-display":"","ast-hfb-mobile-header-display":"","site-post-title":"","ast-breadcrumbs-content":"","ast-featured-img":"","footer-sml-layout":"","ast-disable-related-posts":"","theme-transparent-header-meta":"","adv-header-id-meta":"","stick-header-meta":"","header-above-stick-meta":"","header-main-stick-meta":"","header-below-stick-meta":"","astra-migrate-meta-layouts":"default","ast-page-background-enabled":"default","ast-page-background-meta":{"desktop":{"background-color":"var(--ast-global-color-5)","background-image":"","background-repeat":"repeat","background-position":"center center","background-size":"auto","background-attachment":"scroll","background-type":"","background-media":"","overlay-type":"","overlay-color":"","overlay-opacity":"","overlay-gradient":""},"tablet":{"background-color":"","background-image":"","background-repeat":"repeat","background-position":"center center","background-size":"auto","background-attachment":"scroll","background-type":"","background-media":"","overlay-type":"","overlay-color":"","overlay-opacity":"","overlay-gradient":""},"mobile":{"background-color":"","background-image":"","background-repeat":"repeat","background-position":"center center","background-size":"auto","background-attachment":"scroll","background-type":"","background-media":"","overlay-type":"","overlay-color":"","overlay-opacity":"","overlay-gradient":""}},"ast-content-background-meta":{"desktop":{"background-color":"var(--ast-global-color-4)","background-image":"","background-repeat":"repeat","background-position":"center center","background-size":"auto","background-attachment":"scroll","background-type":"","background-media":"","overlay-type":"","overlay-color":"","overlay-opacity":"","overlay-gradient":""},"tablet":{"background-color":"var(--ast-global-color-4)","background-image":"","background-repeat":"repeat","background-position":"center center","background-size":"auto","background-attachment":"scroll","background-type":"","background-media":"","overlay-type":"","overlay-color":"","overlay-opacity":"","overlay-gradient":""},"mobile":{"background-color":"var(--ast-global-color-4)","background-image":"","background-repeat":"repeat","background-position":"center center","background-size":"auto","background-attachment":"scroll","background-type":"","background-media":"","overlay-type":"","overlay-color":"","overlay-opacity":"","overlay-gradient":""}}},"domaine":[],"normes":[17135],"product_brand":[],"product_cat":[17240],"product_tag":[],"class_list":{"0":"post-260298","1":"product","2":"type-product","3":"status-publish","4":"has-post-thumbnail","6":"normes-din-51562","7":"product_cat-categories","8":"desktop-align-left","9":"tablet-align-left","10":"mobile-align-left","12":"first","13":"instock","14":"shipping-taxable","15":"product-type-simple"},"acf":[],"yoast_head":"<!-- This site is optimized with the Yoast SEO plugin v27.4 - https:\/\/yoast.com\/product\/yoast-seo-wordpress\/ -->\n<title>Instrument de mobilit\u00e9 de graisse KOEHLER | DeltaLabo<\/title>\n<meta name=\"robots\" content=\"noindex, follow, max-snippet:-1, max-image-preview:large, max-video-preview:-1\" \/>\n<meta property=\"og:locale\" content=\"fr_FR\" \/>\n<meta property=\"og:type\" content=\"article\" \/>\n<meta property=\"og:title\" content=\"Instrument de mobilit\u00e9 de graisse KOEHLER | DeltaLabo\" \/>\n<meta property=\"og:description\" content=\"Instrument de mobilit\u00e9 de graisse KOEHLER :  L&#039;instrument de mobilit\u00e9 de graisse KOEHLER d\u00e9termine la r\u00e9sistance de la graisse lubrifiante \u00e0 l&#039;\u00e9coulement dans des conditions prescrites selon la norme U.S. Steel. La mobilit\u00e9 est mesur\u00e9e en grammes par seconde en pompant l&#039;\u00e9chantillon \u00e0 travers un viscosim\u00e8tre vertical \u00e0 pression normalis\u00e9, \u00e0 temp\u00e9rature et pression r\u00e9gul\u00e9es.  L&#039;instrument permet d&#039;effectuer le test de mobilit\u00e9 des graisses \u00e0 basse temp\u00e9rature afin de pr\u00e9dire les caract\u00e9ristiques de pompabilit\u00e9. Il d\u00e9termine l&#039;ad\u00e9quation des graisses pour des applications dans des syst\u00e8mes de pompage ou de transfert (dimensionnement des pompes, des vannes ou des tuyaux).  Il comprend un viscosim\u00e8tre \u00e0 pression et une unit\u00e9 de r\u00e9frig\u00e9ration. Le viscosim\u00e8tre \u00e0 pression en acier inoxydable est charg\u00e9 d&#039;un capillaire modifi\u00e9 n\u00b0 1, rapport 40:1. Une fois l&#039;\u00e9chantillon charg\u00e9 dans le viscosim\u00e8tre \u00e0 pression, l&#039;ensemble est install\u00e9 dans la chambre de test, jusqu&#039;\u00e0 la temp\u00e9rature de l&#039;essai (mini -34,4\u00b0C \u00b11 \u00b0C). Une fois l&#039;\u00e9chantillon \u00e0 la temp\u00e9rature d&#039;essai, l&#039;\u00e9coulement de la graisse est d\u00e9clench\u00e9 sous pression d&#039;azote (pr\u00e9voir une arriv\u00e9 d&#039;azote avec manom\u00e8tre r\u00e9gulateur) (comprend un plateau tournant pour collecter les \u00e9chantillons).  Le d\u00e9bit par seconde est d\u00e9termin\u00e9 en collectant la graisse pendant une p\u00e9riode sp\u00e9cifi\u00e9e.  T\u00e9l\u00e9charger la brochure produit : Instrument de mobilit\u00e9 de graisse KOEHLER  &nbsp;\" \/>\n<meta property=\"og:url\" content=\"https:\/\/webdesi-gn.fr\/dev_deltalabo\/produits\/cat-produit\/instrument-de-mobilite-de-graisse-koehler\/\" \/>\n<meta property=\"og:site_name\" content=\"DeltaLabo\" \/>\n<meta property=\"article:modified_time\" content=\"2025-11-24T12:41:26+00:00\" \/>\n<meta property=\"og:image\" content=\"https:\/\/webdesi-gn.fr\/dev_deltalabo\/wp-content\/uploads\/2025\/06\/K22680-appareil-de-mobilite-de-graisse-KOEHLER.png\" \/>\n\t<meta property=\"og:image:width\" content=\"1000\" \/>\n\t<meta property=\"og:image:height\" content=\"1000\" \/>\n\t<meta property=\"og:image:type\" content=\"image\/png\" \/>\n<meta name=\"twitter:card\" content=\"summary_large_image\" \/>\n<meta name=\"twitter:label1\" content=\"Dur\u00e9e de lecture estim\u00e9e\" \/>\n\t<meta name=\"twitter:data1\" content=\"1 minute\" \/>\n<script type=\"application\/ld+json\" class=\"yoast-schema-graph\">{\"@context\":\"https:\\\/\\\/schema.org\",\"@graph\":[{\"@type\":\"WebPage\",\"@id\":\"https:\\\/\\\/webdesi-gn.fr\\\/dev_deltalabo\\\/produits\\\/cat-produit\\\/instrument-de-mobilite-de-graisse-koehler\\\/\",\"url\":\"https:\\\/\\\/webdesi-gn.fr\\\/dev_deltalabo\\\/produits\\\/cat-produit\\\/instrument-de-mobilite-de-graisse-koehler\\\/\",\"name\":\"Instrument de mobilit\u00e9 de graisse KOEHLER | DeltaLabo\",\"isPartOf\":{\"@id\":\"https:\\\/\\\/webdesi-gn.fr\\\/dev_deltalabo\\\/#website\"},\"primaryImageOfPage\":{\"@id\":\"https:\\\/\\\/webdesi-gn.fr\\\/dev_deltalabo\\\/produits\\\/cat-produit\\\/instrument-de-mobilite-de-graisse-koehler\\\/#primaryimage\"},\"image\":{\"@id\":\"https:\\\/\\\/webdesi-gn.fr\\\/dev_deltalabo\\\/produits\\\/cat-produit\\\/instrument-de-mobilite-de-graisse-koehler\\\/#primaryimage\"},\"thumbnailUrl\":\"https:\\\/\\\/webdesi-gn.fr\\\/dev_deltalabo\\\/wp-content\\\/uploads\\\/2025\\\/11\\\/K22680-appareil-de-mobilite-de-graisse-KOEHLER.png\",\"datePublished\":\"2025-06-03T09:50:47+00:00\",\"dateModified\":\"2025-11-24T12:41:26+00:00\",\"breadcrumb\":{\"@id\":\"https:\\\/\\\/webdesi-gn.fr\\\/dev_deltalabo\\\/produits\\\/cat-produit\\\/instrument-de-mobilite-de-graisse-koehler\\\/#breadcrumb\"},\"inLanguage\":\"fr-FR\",\"potentialAction\":[{\"@type\":\"ReadAction\",\"target\":[\"https:\\\/\\\/webdesi-gn.fr\\\/dev_deltalabo\\\/produits\\\/cat-produit\\\/instrument-de-mobilite-de-graisse-koehler\\\/\"]}]},{\"@type\":\"ImageObject\",\"inLanguage\":\"fr-FR\",\"@id\":\"https:\\\/\\\/webdesi-gn.fr\\\/dev_deltalabo\\\/produits\\\/cat-produit\\\/instrument-de-mobilite-de-graisse-koehler\\\/#primaryimage\",\"url\":\"https:\\\/\\\/webdesi-gn.fr\\\/dev_deltalabo\\\/wp-content\\\/uploads\\\/2025\\\/11\\\/K22680-appareil-de-mobilite-de-graisse-KOEHLER.png\",\"contentUrl\":\"https:\\\/\\\/webdesi-gn.fr\\\/dev_deltalabo\\\/wp-content\\\/uploads\\\/2025\\\/11\\\/K22680-appareil-de-mobilite-de-graisse-KOEHLER.png\",\"width\":1000,\"height\":1000},{\"@type\":\"BreadcrumbList\",\"@id\":\"https:\\\/\\\/webdesi-gn.fr\\\/dev_deltalabo\\\/produits\\\/cat-produit\\\/instrument-de-mobilite-de-graisse-koehler\\\/#breadcrumb\",\"itemListElement\":[{\"@type\":\"ListItem\",\"position\":1,\"name\":\"Accueil\",\"item\":\"https:\\\/\\\/webdesi-gn.fr\\\/dev_deltalabo\\\/\"},{\"@type\":\"ListItem\",\"position\":2,\"name\":\"Produits\",\"item\":\"https:\\\/\\\/webdesi-gn.fr\\\/dev_deltalabo\\\/produits\\\/\"},{\"@type\":\"ListItem\",\"position\":3,\"name\":\"Instrument de mobilit\u00e9 de graisse KOEHLER\"}]},{\"@type\":\"WebSite\",\"@id\":\"https:\\\/\\\/webdesi-gn.fr\\\/dev_deltalabo\\\/#website\",\"url\":\"https:\\\/\\\/webdesi-gn.fr\\\/dev_deltalabo\\\/\",\"name\":\"Delta Labo\",\"description\":\"Un site utilisant WordPress\",\"publisher\":{\"@id\":\"https:\\\/\\\/webdesi-gn.fr\\\/dev_deltalabo\\\/#organization\"},\"alternateName\":\"Delta Labo\",\"potentialAction\":[{\"@type\":\"SearchAction\",\"target\":{\"@type\":\"EntryPoint\",\"urlTemplate\":\"https:\\\/\\\/webdesi-gn.fr\\\/dev_deltalabo\\\/?s={search_term_string}\"},\"query-input\":{\"@type\":\"PropertyValueSpecification\",\"valueRequired\":true,\"valueName\":\"search_term_string\"}}],\"inLanguage\":\"fr-FR\"},{\"@type\":\"Organization\",\"@id\":\"https:\\\/\\\/webdesi-gn.fr\\\/dev_deltalabo\\\/#organization\",\"name\":\"DeltaLabo\",\"url\":\"https:\\\/\\\/webdesi-gn.fr\\\/dev_deltalabo\\\/\",\"logo\":{\"@type\":\"ImageObject\",\"inLanguage\":\"fr-FR\",\"@id\":\"https:\\\/\\\/webdesi-gn.fr\\\/dev_deltalabo\\\/#\\\/schema\\\/logo\\\/image\\\/\",\"url\":\"https:\\\/\\\/webdesi-gn.fr\\\/dev_deltalabo\\\/wp-content\\\/uploads\\\/2022\\\/07\\\/logo-deltalabo.png\",\"contentUrl\":\"https:\\\/\\\/webdesi-gn.fr\\\/dev_deltalabo\\\/wp-content\\\/uploads\\\/2022\\\/07\\\/logo-deltalabo.png\",\"width\":694,\"height\":306,\"caption\":\"DeltaLabo\"},\"image\":{\"@id\":\"https:\\\/\\\/webdesi-gn.fr\\\/dev_deltalabo\\\/#\\\/schema\\\/logo\\\/image\\\/\"}}]}<\/script>\n<!-- \/ Yoast SEO plugin. -->","yoast_head_json":{"title":"Instrument de mobilit\u00e9 de graisse KOEHLER | DeltaLabo","robots":{"index":"noindex","follow":"follow","max-snippet":"max-snippet:-1","max-image-preview":"max-image-preview:large","max-video-preview":"max-video-preview:-1"},"og_locale":"fr_FR","og_type":"article","og_title":"Instrument de mobilit\u00e9 de graisse KOEHLER | DeltaLabo","og_description":"Instrument de mobilit\u00e9 de graisse KOEHLER :  L'instrument de mobilit\u00e9 de graisse KOEHLER d\u00e9termine la r\u00e9sistance de la graisse lubrifiante \u00e0 l'\u00e9coulement dans des conditions prescrites selon la norme U.S. Steel. La mobilit\u00e9 est mesur\u00e9e en grammes par seconde en pompant l'\u00e9chantillon \u00e0 travers un viscosim\u00e8tre vertical \u00e0 pression normalis\u00e9, \u00e0 temp\u00e9rature et pression r\u00e9gul\u00e9es.  L'instrument permet d'effectuer le test de mobilit\u00e9 des graisses \u00e0 basse temp\u00e9rature afin de pr\u00e9dire les caract\u00e9ristiques de pompabilit\u00e9. Il d\u00e9termine l'ad\u00e9quation des graisses pour des applications dans des syst\u00e8mes de pompage ou de transfert (dimensionnement des pompes, des vannes ou des tuyaux).  Il comprend un viscosim\u00e8tre \u00e0 pression et une unit\u00e9 de r\u00e9frig\u00e9ration. Le viscosim\u00e8tre \u00e0 pression en acier inoxydable est charg\u00e9 d'un capillaire modifi\u00e9 n\u00b0 1, rapport 40:1. Une fois l'\u00e9chantillon charg\u00e9 dans le viscosim\u00e8tre \u00e0 pression, l'ensemble est install\u00e9 dans la chambre de test, jusqu'\u00e0 la temp\u00e9rature de l'essai (mini -34,4\u00b0C \u00b11 \u00b0C). Une fois l'\u00e9chantillon \u00e0 la temp\u00e9rature d'essai, l'\u00e9coulement de la graisse est d\u00e9clench\u00e9 sous pression d'azote (pr\u00e9voir une arriv\u00e9 d'azote avec manom\u00e8tre r\u00e9gulateur) (comprend un plateau tournant pour collecter les \u00e9chantillons).  Le d\u00e9bit par seconde est d\u00e9termin\u00e9 en collectant la graisse pendant une p\u00e9riode sp\u00e9cifi\u00e9e.  T\u00e9l\u00e9charger la brochure produit : Instrument de mobilit\u00e9 de graisse KOEHLER  &nbsp;","og_url":"https:\/\/webdesi-gn.fr\/dev_deltalabo\/produits\/cat-produit\/instrument-de-mobilite-de-graisse-koehler\/","og_site_name":"DeltaLabo","article_modified_time":"2025-11-24T12:41:26+00:00","og_image":[{"width":1000,"height":1000,"url":"https:\/\/webdesi-gn.fr\/dev_deltalabo\/wp-content\/uploads\/2025\/06\/K22680-appareil-de-mobilite-de-graisse-KOEHLER.png","type":"image\/png"}],"twitter_card":"summary_large_image","twitter_misc":{"Dur\u00e9e de lecture estim\u00e9e":"1 minute"},"schema":{"@context":"https:\/\/schema.org","@graph":[{"@type":"WebPage","@id":"https:\/\/webdesi-gn.fr\/dev_deltalabo\/produits\/cat-produit\/instrument-de-mobilite-de-graisse-koehler\/","url":"https:\/\/webdesi-gn.fr\/dev_deltalabo\/produits\/cat-produit\/instrument-de-mobilite-de-graisse-koehler\/","name":"Instrument de mobilit\u00e9 de graisse KOEHLER | DeltaLabo","isPartOf":{"@id":"https:\/\/webdesi-gn.fr\/dev_deltalabo\/#website"},"primaryImageOfPage":{"@id":"https:\/\/webdesi-gn.fr\/dev_deltalabo\/produits\/cat-produit\/instrument-de-mobilite-de-graisse-koehler\/#primaryimage"},"image":{"@id":"https:\/\/webdesi-gn.fr\/dev_deltalabo\/produits\/cat-produit\/instrument-de-mobilite-de-graisse-koehler\/#primaryimage"},"thumbnailUrl":"https:\/\/webdesi-gn.fr\/dev_deltalabo\/wp-content\/uploads\/2025\/11\/K22680-appareil-de-mobilite-de-graisse-KOEHLER.png","datePublished":"2025-06-03T09:50:47+00:00","dateModified":"2025-11-24T12:41:26+00:00","breadcrumb":{"@id":"https:\/\/webdesi-gn.fr\/dev_deltalabo\/produits\/cat-produit\/instrument-de-mobilite-de-graisse-koehler\/#breadcrumb"},"inLanguage":"fr-FR","potentialAction":[{"@type":"ReadAction","target":["https:\/\/webdesi-gn.fr\/dev_deltalabo\/produits\/cat-produit\/instrument-de-mobilite-de-graisse-koehler\/"]}]},{"@type":"ImageObject","inLanguage":"fr-FR","@id":"https:\/\/webdesi-gn.fr\/dev_deltalabo\/produits\/cat-produit\/instrument-de-mobilite-de-graisse-koehler\/#primaryimage","url":"https:\/\/webdesi-gn.fr\/dev_deltalabo\/wp-content\/uploads\/2025\/11\/K22680-appareil-de-mobilite-de-graisse-KOEHLER.png","contentUrl":"https:\/\/webdesi-gn.fr\/dev_deltalabo\/wp-content\/uploads\/2025\/11\/K22680-appareil-de-mobilite-de-graisse-KOEHLER.png","width":1000,"height":1000},{"@type":"BreadcrumbList","@id":"https:\/\/webdesi-gn.fr\/dev_deltalabo\/produits\/cat-produit\/instrument-de-mobilite-de-graisse-koehler\/#breadcrumb","itemListElement":[{"@type":"ListItem","position":1,"name":"Accueil","item":"https:\/\/webdesi-gn.fr\/dev_deltalabo\/"},{"@type":"ListItem","position":2,"name":"Produits","item":"https:\/\/webdesi-gn.fr\/dev_deltalabo\/produits\/"},{"@type":"ListItem","position":3,"name":"Instrument de mobilit\u00e9 de graisse KOEHLER"}]},{"@type":"WebSite","@id":"https:\/\/webdesi-gn.fr\/dev_deltalabo\/#website","url":"https:\/\/webdesi-gn.fr\/dev_deltalabo\/","name":"Delta Labo","description":"Un site utilisant WordPress","publisher":{"@id":"https:\/\/webdesi-gn.fr\/dev_deltalabo\/#organization"},"alternateName":"Delta Labo","potentialAction":[{"@type":"SearchAction","target":{"@type":"EntryPoint","urlTemplate":"https:\/\/webdesi-gn.fr\/dev_deltalabo\/?s={search_term_string}"},"query-input":{"@type":"PropertyValueSpecification","valueRequired":true,"valueName":"search_term_string"}}],"inLanguage":"fr-FR"},{"@type":"Organization","@id":"https:\/\/webdesi-gn.fr\/dev_deltalabo\/#organization","name":"DeltaLabo","url":"https:\/\/webdesi-gn.fr\/dev_deltalabo\/","logo":{"@type":"ImageObject","inLanguage":"fr-FR","@id":"https:\/\/webdesi-gn.fr\/dev_deltalabo\/#\/schema\/logo\/image\/","url":"https:\/\/webdesi-gn.fr\/dev_deltalabo\/wp-content\/uploads\/2022\/07\/logo-deltalabo.png","contentUrl":"https:\/\/webdesi-gn.fr\/dev_deltalabo\/wp-content\/uploads\/2022\/07\/logo-deltalabo.png","width":694,"height":306,"caption":"DeltaLabo"},"image":{"@id":"https:\/\/webdesi-gn.fr\/dev_deltalabo\/#\/schema\/logo\/image\/"}}]}},"_links":{"self":[{"href":"https:\/\/webdesi-gn.fr\/dev_deltalabo\/wp-json\/wp\/v2\/product\/260298","targetHints":{"allow":["GET"]}}],"collection":[{"href":"https:\/\/webdesi-gn.fr\/dev_deltalabo\/wp-json\/wp\/v2\/product"}],"about":[{"href":"https:\/\/webdesi-gn.fr\/dev_deltalabo\/wp-json\/wp\/v2\/types\/product"}],"wp:featuredmedia":[{"embeddable":true,"href":"https:\/\/webdesi-gn.fr\/dev_deltalabo\/wp-json\/wp\/v2\/media\/261960"}],"wp:attachment":[{"href":"https:\/\/webdesi-gn.fr\/dev_deltalabo\/wp-json\/wp\/v2\/media?parent=260298"}],"wp:term":[{"taxonomy":"domaine","embeddable":true,"href":"https:\/\/webdesi-gn.fr\/dev_deltalabo\/wp-json\/wp\/v2\/domaine?post=260298"},{"taxonomy":"normes","embeddable":true,"href":"https:\/\/webdesi-gn.fr\/dev_deltalabo\/wp-json\/wp\/v2\/normes?post=260298"},{"taxonomy":"product_brand","embeddable":true,"href":"https:\/\/webdesi-gn.fr\/dev_deltalabo\/wp-json\/wp\/v2\/product_brand?post=260298"},{"taxonomy":"product_cat","embeddable":true,"href":"https:\/\/webdesi-gn.fr\/dev_deltalabo\/wp-json\/wp\/v2\/product_cat?post=260298"},{"taxonomy":"product_tag","embeddable":true,"href":"https:\/\/webdesi-gn.fr\/dev_deltalabo\/wp-json\/wp\/v2\/product_tag?post=260298"}],"curies":[{"name":"wp","href":"https:\/\/api.w.org\/{rel}","templated":true}]}}