{"id":260351,"date":"2025-06-11T15:42:33","date_gmt":"2025-06-11T13:42:33","guid":{"rendered":"https:\/\/webdesi-gn.fr\/dev_deltalabo\/?post_type=product&#038;p=260351"},"modified":"2025-11-24T15:33:42","modified_gmt":"2025-11-24T14:33:42","slug":"bain-de-viscosite-tv4000-astm-d2171-ip-222-en-12596","status":"publish","type":"product","link":"https:\/\/webdesi-gn.fr\/dev_deltalabo\/produits\/petrochimie-chimie-nucleaire\/bitumes\/bain-de-viscosite-tv4000-astm-d2171-ip-222-en-12596\/","title":{"rendered":"Bain de viscosit\u00e9 Tamson &#8211; TV4000"},"content":{"rendered":"","protected":false},"excerpt":{"rendered":"<p id=\"tw-target-text\" class=\"tw-data-text tw-text-large tw-ta\" dir=\"ltr\" data-placeholder=\"Traduction\" data-ved=\"2ahUKEwi_qJGIk9eMAxUSSaQEHQfROV0Q3ewLegQICBAV\" aria-label=\"Texte traduit\u00a0: Son nouveau mod\u00e8le TBS est enti\u00e8rement repens\u00e9 et r\u00e9innov\u00e9, offrant de multiples am\u00e9liorations aux composants \u00e9lectriques et de temp\u00e9rature, \u00e0 l'automatisation, aux \u00e9talonnages et aux fonctionnalit\u00e9s d'injection d'huile, am\u00e9liorant consid\u00e9rablement l'exp\u00e9rience utilisateur globale. Ces avanc\u00e9es favorisent des op\u00e9rations simplifi\u00e9es et une consommation moindre d'huile de r\u00e9f\u00e9rence sans composants s\u00e9par\u00e9s tout en offrant une pr\u00e9cision et une robustesse identiques ou sup\u00e9rieures \u00e0 celles des mod\u00e8les TBS pr\u00e9c\u00e9dents.\"><span class=\"Y2IQFc\" lang=\"fr\"><strong>Bain de viscosit\u00e9 Tamson &#8211; TV4000 <\/strong>:<\/span><\/p>\n<p>Le viscosim\u00e8tre capillaire TAMSON est un ensemble d\u2019instruments qui permet de mesurer la viscosit\u00e9 dynamique des bitumes selon les normes ASTM D2171, IP 222, EN 12596 et AASHTOT 202.<\/p>\n<p>Cet ensemble est compos\u00e9 d\u2019un bain thermostat\u00e9 de 40L ayant une plage de temp\u00e9rature de l\u2019ambiante jusqu\u2019\u00e0 230\u00b0C (stabilit\u00e9 +\/- 0,01\u00b0C), d\u2019un syst\u00e8me digital de r\u00e9gulation du vide (entre 30 et 430mbar), d\u2019un collecteur de vide pouvant accueillir jusqu\u2019\u00e0 4 capillaires.<\/p>\n<p>L\u2019ensemble permet de mesurer la viscosit\u00e9 des bitumes \u00e0 60\u00b0C sur une plage allant de 0,0036 \u00e0 20000Pa.s.<\/p>\n<p>Les avantages de ce mod\u00e8le sont\u00a0:<\/p>\n<ul>\n<li>Un bain peu encombrant et stable en temp\u00e9rature<\/li>\n<li>Une pompe \u00e0 vide silencieuse et un r\u00e9gulateur de vide digital<\/li>\n<li>4 positions de mesure<\/li>\n<li>Facile \u00e0 calibrer<\/li>\n<\/ul>\n<p><strong>T\u00e9l\u00e9charger la brochure produit :<\/strong> <a href=\"https:\/\/www.deltalabo.fr\/wp-content\/uploads\/2025\/06\/Doc-visco-d2171-engl-DL.pdf\"><span class=\"Y2IQFc\" lang=\"fr\">Bain de viscosit\u00e9 Tamson &#8211; TV4000<\/span><\/a><\/p>\n","protected":false},"featured_media":261957,"template":"","meta":{"_acf_changed":false,"site-sidebar-layout":"default","site-content-layout":"","ast-site-content-layout":"default","site-content-style":"default","site-sidebar-style":"default","ast-global-header-display":"","ast-banner-title-visibility":"","ast-main-header-display":"","ast-hfb-above-header-display":"","ast-hfb-below-header-display":"","ast-hfb-mobile-header-display":"","site-post-title":"","ast-breadcrumbs-content":"","ast-featured-img":"","footer-sml-layout":"","ast-disable-related-posts":"","theme-transparent-header-meta":"","adv-header-id-meta":"","stick-header-meta":"","header-above-stick-meta":"","header-main-stick-meta":"","header-below-stick-meta":"","astra-migrate-meta-layouts":"default","ast-page-background-enabled":"default","ast-page-background-meta":{"desktop":{"background-color":"var(--ast-global-color-5)","background-image":"","background-repeat":"repeat","background-position":"center center","background-size":"auto","background-attachment":"scroll","background-type":"","background-media":"","overlay-type":"","overlay-color":"","overlay-opacity":"","overlay-gradient":""},"tablet":{"background-color":"","background-image":"","background-repeat":"repeat","background-position":"center center","background-size":"auto","background-attachment":"scroll","background-type":"","background-media":"","overlay-type":"","overlay-color":"","overlay-opacity":"","overlay-gradient":""},"mobile":{"background-color":"","background-image":"","background-repeat":"repeat","background-position":"center center","background-size":"auto","background-attachment":"scroll","background-type":"","background-media":"","overlay-type":"","overlay-color":"","overlay-opacity":"","overlay-gradient":""}},"ast-content-background-meta":{"desktop":{"background-color":"var(--ast-global-color-4)","background-image":"","background-repeat":"repeat","background-position":"center center","background-size":"auto","background-attachment":"scroll","background-type":"","background-media":"","overlay-type":"","overlay-color":"","overlay-opacity":"","overlay-gradient":""},"tablet":{"background-color":"var(--ast-global-color-4)","background-image":"","background-repeat":"repeat","background-position":"center center","background-size":"auto","background-attachment":"scroll","background-type":"","background-media":"","overlay-type":"","overlay-color":"","overlay-opacity":"","overlay-gradient":""},"mobile":{"background-color":"var(--ast-global-color-4)","background-image":"","background-repeat":"repeat","background-position":"center center","background-size":"auto","background-attachment":"scroll","background-type":"","background-media":"","overlay-type":"","overlay-color":"","overlay-opacity":"","overlay-gradient":""}}},"domaine":[],"normes":[3312,17135,5255,17169],"product_brand":[],"product_cat":[17191],"product_tag":[],"class_list":{"0":"post-260351","1":"product","2":"type-product","3":"status-publish","4":"has-post-thumbnail","6":"normes-d2171","7":"normes-din-51562","8":"normes-en-12596","9":"normes-ip-222","10":"product_cat-bitumes","11":"desktop-align-left","12":"tablet-align-left","13":"mobile-align-left","15":"first","16":"instock","17":"shipping-taxable","18":"product-type-simple"},"acf":[],"yoast_head":"<!-- This site is optimized with the Yoast SEO plugin v27.4 - https:\/\/yoast.com\/product\/yoast-seo-wordpress\/ -->\n<title>Bain de viscosit\u00e9 Tamson - TV4000 | DeltaLabo<\/title>\n<meta name=\"robots\" content=\"noindex, follow, max-snippet:-1, max-image-preview:large, max-video-preview:-1\" \/>\n<meta property=\"og:locale\" content=\"fr_FR\" \/>\n<meta property=\"og:type\" content=\"article\" \/>\n<meta property=\"og:title\" content=\"Bain de viscosit\u00e9 Tamson - TV4000 | DeltaLabo\" \/>\n<meta property=\"og:description\" content=\"Bain de viscosit\u00e9 Tamson - TV4000 : Le viscosim\u00e8tre capillaire TAMSON est un ensemble d\u2019instruments qui permet de mesurer la viscosit\u00e9 dynamique des bitumes selon les normes ASTM D2171, IP 222, EN 12596 et AASHTOT 202.  Cet ensemble est compos\u00e9 d\u2019un bain thermostat\u00e9 de 40L ayant une plage de temp\u00e9rature de l\u2019ambiante jusqu\u2019\u00e0 230\u00b0C (stabilit\u00e9 +\/- 0,01\u00b0C), d\u2019un syst\u00e8me digital de r\u00e9gulation du vide (entre 30 et 430mbar), d\u2019un collecteur de vide pouvant accueillir jusqu\u2019\u00e0 4 capillaires.  L\u2019ensemble permet de mesurer la viscosit\u00e9 des bitumes \u00e0 60\u00b0C sur une plage allant de 0,0036 \u00e0 20000Pa.s.  Les avantages de ce mod\u00e8le sont\u00a0:   Un bain peu encombrant et stable en temp\u00e9rature  Une pompe \u00e0 vide silencieuse et un r\u00e9gulateur de vide digital  4 positions de mesure  Facile \u00e0 calibrer  T\u00e9l\u00e9charger la brochure produit : Bain de viscosit\u00e9 Tamson - TV4000\" \/>\n<meta property=\"og:url\" content=\"https:\/\/webdesi-gn.fr\/dev_deltalabo\/produits\/petrochimie-chimie-nucleaire\/bitumes\/bain-de-viscosite-tv4000-astm-d2171-ip-222-en-12596\/\" \/>\n<meta property=\"og:site_name\" content=\"DeltaLabo\" \/>\n<meta property=\"article:modified_time\" content=\"2025-11-24T14:33:42+00:00\" \/>\n<meta property=\"og:image\" content=\"https:\/\/webdesi-gn.fr\/dev_deltalabo\/wp-content\/uploads\/2025\/11\/DELTA-LABO-bain-de-viscosite-TAMSON-TV4000.jpg\" \/>\n\t<meta property=\"og:image:width\" content=\"500\" \/>\n\t<meta property=\"og:image:height\" content=\"500\" \/>\n\t<meta property=\"og:image:type\" content=\"image\/jpeg\" \/>\n<meta name=\"twitter:card\" content=\"summary_large_image\" \/>\n<meta name=\"twitter:label1\" content=\"Dur\u00e9e de lecture estim\u00e9e\" \/>\n\t<meta name=\"twitter:data1\" content=\"1 minute\" \/>\n<script type=\"application\/ld+json\" class=\"yoast-schema-graph\">{\"@context\":\"https:\\\/\\\/schema.org\",\"@graph\":[{\"@type\":\"WebPage\",\"@id\":\"https:\\\/\\\/webdesi-gn.fr\\\/dev_deltalabo\\\/produits\\\/petrochimie-chimie-nucleaire\\\/bitumes\\\/bain-de-viscosite-tv4000-astm-d2171-ip-222-en-12596\\\/\",\"url\":\"https:\\\/\\\/webdesi-gn.fr\\\/dev_deltalabo\\\/produits\\\/petrochimie-chimie-nucleaire\\\/bitumes\\\/bain-de-viscosite-tv4000-astm-d2171-ip-222-en-12596\\\/\",\"name\":\"Bain de viscosit\u00e9 Tamson - TV4000 | DeltaLabo\",\"isPartOf\":{\"@id\":\"https:\\\/\\\/webdesi-gn.fr\\\/dev_deltalabo\\\/#website\"},\"primaryImageOfPage\":{\"@id\":\"https:\\\/\\\/webdesi-gn.fr\\\/dev_deltalabo\\\/produits\\\/petrochimie-chimie-nucleaire\\\/bitumes\\\/bain-de-viscosite-tv4000-astm-d2171-ip-222-en-12596\\\/#primaryimage\"},\"image\":{\"@id\":\"https:\\\/\\\/webdesi-gn.fr\\\/dev_deltalabo\\\/produits\\\/petrochimie-chimie-nucleaire\\\/bitumes\\\/bain-de-viscosite-tv4000-astm-d2171-ip-222-en-12596\\\/#primaryimage\"},\"thumbnailUrl\":\"https:\\\/\\\/webdesi-gn.fr\\\/dev_deltalabo\\\/wp-content\\\/uploads\\\/2025\\\/11\\\/DELTA-LABO-bain-de-viscosite-TAMSON-TV4000.jpg\",\"datePublished\":\"2025-06-11T13:42:33+00:00\",\"dateModified\":\"2025-11-24T14:33:42+00:00\",\"breadcrumb\":{\"@id\":\"https:\\\/\\\/webdesi-gn.fr\\\/dev_deltalabo\\\/produits\\\/petrochimie-chimie-nucleaire\\\/bitumes\\\/bain-de-viscosite-tv4000-astm-d2171-ip-222-en-12596\\\/#breadcrumb\"},\"inLanguage\":\"fr-FR\",\"potentialAction\":[{\"@type\":\"ReadAction\",\"target\":[\"https:\\\/\\\/webdesi-gn.fr\\\/dev_deltalabo\\\/produits\\\/petrochimie-chimie-nucleaire\\\/bitumes\\\/bain-de-viscosite-tv4000-astm-d2171-ip-222-en-12596\\\/\"]}]},{\"@type\":\"ImageObject\",\"inLanguage\":\"fr-FR\",\"@id\":\"https:\\\/\\\/webdesi-gn.fr\\\/dev_deltalabo\\\/produits\\\/petrochimie-chimie-nucleaire\\\/bitumes\\\/bain-de-viscosite-tv4000-astm-d2171-ip-222-en-12596\\\/#primaryimage\",\"url\":\"https:\\\/\\\/webdesi-gn.fr\\\/dev_deltalabo\\\/wp-content\\\/uploads\\\/2025\\\/11\\\/DELTA-LABO-bain-de-viscosite-TAMSON-TV4000.jpg\",\"contentUrl\":\"https:\\\/\\\/webdesi-gn.fr\\\/dev_deltalabo\\\/wp-content\\\/uploads\\\/2025\\\/11\\\/DELTA-LABO-bain-de-viscosite-TAMSON-TV4000.jpg\",\"width\":500,\"height\":500},{\"@type\":\"BreadcrumbList\",\"@id\":\"https:\\\/\\\/webdesi-gn.fr\\\/dev_deltalabo\\\/produits\\\/petrochimie-chimie-nucleaire\\\/bitumes\\\/bain-de-viscosite-tv4000-astm-d2171-ip-222-en-12596\\\/#breadcrumb\",\"itemListElement\":[{\"@type\":\"ListItem\",\"position\":1,\"name\":\"Accueil\",\"item\":\"https:\\\/\\\/webdesi-gn.fr\\\/dev_deltalabo\\\/\"},{\"@type\":\"ListItem\",\"position\":2,\"name\":\"Produits\",\"item\":\"https:\\\/\\\/webdesi-gn.fr\\\/dev_deltalabo\\\/produits\\\/\"},{\"@type\":\"ListItem\",\"position\":3,\"name\":\"Bain de viscosit\u00e9 Tamson &#8211; TV4000\"}]},{\"@type\":\"WebSite\",\"@id\":\"https:\\\/\\\/webdesi-gn.fr\\\/dev_deltalabo\\\/#website\",\"url\":\"https:\\\/\\\/webdesi-gn.fr\\\/dev_deltalabo\\\/\",\"name\":\"Delta Labo\",\"description\":\"Un site utilisant WordPress\",\"publisher\":{\"@id\":\"https:\\\/\\\/webdesi-gn.fr\\\/dev_deltalabo\\\/#organization\"},\"alternateName\":\"Delta Labo\",\"potentialAction\":[{\"@type\":\"SearchAction\",\"target\":{\"@type\":\"EntryPoint\",\"urlTemplate\":\"https:\\\/\\\/webdesi-gn.fr\\\/dev_deltalabo\\\/?s={search_term_string}\"},\"query-input\":{\"@type\":\"PropertyValueSpecification\",\"valueRequired\":true,\"valueName\":\"search_term_string\"}}],\"inLanguage\":\"fr-FR\"},{\"@type\":\"Organization\",\"@id\":\"https:\\\/\\\/webdesi-gn.fr\\\/dev_deltalabo\\\/#organization\",\"name\":\"DeltaLabo\",\"url\":\"https:\\\/\\\/webdesi-gn.fr\\\/dev_deltalabo\\\/\",\"logo\":{\"@type\":\"ImageObject\",\"inLanguage\":\"fr-FR\",\"@id\":\"https:\\\/\\\/webdesi-gn.fr\\\/dev_deltalabo\\\/#\\\/schema\\\/logo\\\/image\\\/\",\"url\":\"https:\\\/\\\/webdesi-gn.fr\\\/dev_deltalabo\\\/wp-content\\\/uploads\\\/2022\\\/07\\\/logo-deltalabo.png\",\"contentUrl\":\"https:\\\/\\\/webdesi-gn.fr\\\/dev_deltalabo\\\/wp-content\\\/uploads\\\/2022\\\/07\\\/logo-deltalabo.png\",\"width\":694,\"height\":306,\"caption\":\"DeltaLabo\"},\"image\":{\"@id\":\"https:\\\/\\\/webdesi-gn.fr\\\/dev_deltalabo\\\/#\\\/schema\\\/logo\\\/image\\\/\"}}]}<\/script>\n<!-- \/ Yoast SEO plugin. -->","yoast_head_json":{"title":"Bain de viscosit\u00e9 Tamson - TV4000 | DeltaLabo","robots":{"index":"noindex","follow":"follow","max-snippet":"max-snippet:-1","max-image-preview":"max-image-preview:large","max-video-preview":"max-video-preview:-1"},"og_locale":"fr_FR","og_type":"article","og_title":"Bain de viscosit\u00e9 Tamson - TV4000 | DeltaLabo","og_description":"Bain de viscosit\u00e9 Tamson - TV4000 : Le viscosim\u00e8tre capillaire TAMSON est un ensemble d\u2019instruments qui permet de mesurer la viscosit\u00e9 dynamique des bitumes selon les normes ASTM D2171, IP 222, EN 12596 et AASHTOT 202.  Cet ensemble est compos\u00e9 d\u2019un bain thermostat\u00e9 de 40L ayant une plage de temp\u00e9rature de l\u2019ambiante jusqu\u2019\u00e0 230\u00b0C (stabilit\u00e9 +\/- 0,01\u00b0C), d\u2019un syst\u00e8me digital de r\u00e9gulation du vide (entre 30 et 430mbar), d\u2019un collecteur de vide pouvant accueillir jusqu\u2019\u00e0 4 capillaires.  L\u2019ensemble permet de mesurer la viscosit\u00e9 des bitumes \u00e0 60\u00b0C sur une plage allant de 0,0036 \u00e0 20000Pa.s.  Les avantages de ce mod\u00e8le sont\u00a0:   Un bain peu encombrant et stable en temp\u00e9rature  Une pompe \u00e0 vide silencieuse et un r\u00e9gulateur de vide digital  4 positions de mesure  Facile \u00e0 calibrer  T\u00e9l\u00e9charger la brochure produit : Bain de viscosit\u00e9 Tamson - TV4000","og_url":"https:\/\/webdesi-gn.fr\/dev_deltalabo\/produits\/petrochimie-chimie-nucleaire\/bitumes\/bain-de-viscosite-tv4000-astm-d2171-ip-222-en-12596\/","og_site_name":"DeltaLabo","article_modified_time":"2025-11-24T14:33:42+00:00","og_image":[{"width":500,"height":500,"url":"https:\/\/webdesi-gn.fr\/dev_deltalabo\/wp-content\/uploads\/2025\/11\/DELTA-LABO-bain-de-viscosite-TAMSON-TV4000.jpg","type":"image\/jpeg"}],"twitter_card":"summary_large_image","twitter_misc":{"Dur\u00e9e de lecture estim\u00e9e":"1 minute"},"schema":{"@context":"https:\/\/schema.org","@graph":[{"@type":"WebPage","@id":"https:\/\/webdesi-gn.fr\/dev_deltalabo\/produits\/petrochimie-chimie-nucleaire\/bitumes\/bain-de-viscosite-tv4000-astm-d2171-ip-222-en-12596\/","url":"https:\/\/webdesi-gn.fr\/dev_deltalabo\/produits\/petrochimie-chimie-nucleaire\/bitumes\/bain-de-viscosite-tv4000-astm-d2171-ip-222-en-12596\/","name":"Bain de viscosit\u00e9 Tamson - TV4000 | DeltaLabo","isPartOf":{"@id":"https:\/\/webdesi-gn.fr\/dev_deltalabo\/#website"},"primaryImageOfPage":{"@id":"https:\/\/webdesi-gn.fr\/dev_deltalabo\/produits\/petrochimie-chimie-nucleaire\/bitumes\/bain-de-viscosite-tv4000-astm-d2171-ip-222-en-12596\/#primaryimage"},"image":{"@id":"https:\/\/webdesi-gn.fr\/dev_deltalabo\/produits\/petrochimie-chimie-nucleaire\/bitumes\/bain-de-viscosite-tv4000-astm-d2171-ip-222-en-12596\/#primaryimage"},"thumbnailUrl":"https:\/\/webdesi-gn.fr\/dev_deltalabo\/wp-content\/uploads\/2025\/11\/DELTA-LABO-bain-de-viscosite-TAMSON-TV4000.jpg","datePublished":"2025-06-11T13:42:33+00:00","dateModified":"2025-11-24T14:33:42+00:00","breadcrumb":{"@id":"https:\/\/webdesi-gn.fr\/dev_deltalabo\/produits\/petrochimie-chimie-nucleaire\/bitumes\/bain-de-viscosite-tv4000-astm-d2171-ip-222-en-12596\/#breadcrumb"},"inLanguage":"fr-FR","potentialAction":[{"@type":"ReadAction","target":["https:\/\/webdesi-gn.fr\/dev_deltalabo\/produits\/petrochimie-chimie-nucleaire\/bitumes\/bain-de-viscosite-tv4000-astm-d2171-ip-222-en-12596\/"]}]},{"@type":"ImageObject","inLanguage":"fr-FR","@id":"https:\/\/webdesi-gn.fr\/dev_deltalabo\/produits\/petrochimie-chimie-nucleaire\/bitumes\/bain-de-viscosite-tv4000-astm-d2171-ip-222-en-12596\/#primaryimage","url":"https:\/\/webdesi-gn.fr\/dev_deltalabo\/wp-content\/uploads\/2025\/11\/DELTA-LABO-bain-de-viscosite-TAMSON-TV4000.jpg","contentUrl":"https:\/\/webdesi-gn.fr\/dev_deltalabo\/wp-content\/uploads\/2025\/11\/DELTA-LABO-bain-de-viscosite-TAMSON-TV4000.jpg","width":500,"height":500},{"@type":"BreadcrumbList","@id":"https:\/\/webdesi-gn.fr\/dev_deltalabo\/produits\/petrochimie-chimie-nucleaire\/bitumes\/bain-de-viscosite-tv4000-astm-d2171-ip-222-en-12596\/#breadcrumb","itemListElement":[{"@type":"ListItem","position":1,"name":"Accueil","item":"https:\/\/webdesi-gn.fr\/dev_deltalabo\/"},{"@type":"ListItem","position":2,"name":"Produits","item":"https:\/\/webdesi-gn.fr\/dev_deltalabo\/produits\/"},{"@type":"ListItem","position":3,"name":"Bain de viscosit\u00e9 Tamson &#8211; TV4000"}]},{"@type":"WebSite","@id":"https:\/\/webdesi-gn.fr\/dev_deltalabo\/#website","url":"https:\/\/webdesi-gn.fr\/dev_deltalabo\/","name":"Delta Labo","description":"Un site utilisant WordPress","publisher":{"@id":"https:\/\/webdesi-gn.fr\/dev_deltalabo\/#organization"},"alternateName":"Delta Labo","potentialAction":[{"@type":"SearchAction","target":{"@type":"EntryPoint","urlTemplate":"https:\/\/webdesi-gn.fr\/dev_deltalabo\/?s={search_term_string}"},"query-input":{"@type":"PropertyValueSpecification","valueRequired":true,"valueName":"search_term_string"}}],"inLanguage":"fr-FR"},{"@type":"Organization","@id":"https:\/\/webdesi-gn.fr\/dev_deltalabo\/#organization","name":"DeltaLabo","url":"https:\/\/webdesi-gn.fr\/dev_deltalabo\/","logo":{"@type":"ImageObject","inLanguage":"fr-FR","@id":"https:\/\/webdesi-gn.fr\/dev_deltalabo\/#\/schema\/logo\/image\/","url":"https:\/\/webdesi-gn.fr\/dev_deltalabo\/wp-content\/uploads\/2022\/07\/logo-deltalabo.png","contentUrl":"https:\/\/webdesi-gn.fr\/dev_deltalabo\/wp-content\/uploads\/2022\/07\/logo-deltalabo.png","width":694,"height":306,"caption":"DeltaLabo"},"image":{"@id":"https:\/\/webdesi-gn.fr\/dev_deltalabo\/#\/schema\/logo\/image\/"}}]}},"_links":{"self":[{"href":"https:\/\/webdesi-gn.fr\/dev_deltalabo\/wp-json\/wp\/v2\/product\/260351","targetHints":{"allow":["GET"]}}],"collection":[{"href":"https:\/\/webdesi-gn.fr\/dev_deltalabo\/wp-json\/wp\/v2\/product"}],"about":[{"href":"https:\/\/webdesi-gn.fr\/dev_deltalabo\/wp-json\/wp\/v2\/types\/product"}],"wp:featuredmedia":[{"embeddable":true,"href":"https:\/\/webdesi-gn.fr\/dev_deltalabo\/wp-json\/wp\/v2\/media\/261957"}],"wp:attachment":[{"href":"https:\/\/webdesi-gn.fr\/dev_deltalabo\/wp-json\/wp\/v2\/media?parent=260351"}],"wp:term":[{"taxonomy":"domaine","embeddable":true,"href":"https:\/\/webdesi-gn.fr\/dev_deltalabo\/wp-json\/wp\/v2\/domaine?post=260351"},{"taxonomy":"normes","embeddable":true,"href":"https:\/\/webdesi-gn.fr\/dev_deltalabo\/wp-json\/wp\/v2\/normes?post=260351"},{"taxonomy":"product_brand","embeddable":true,"href":"https:\/\/webdesi-gn.fr\/dev_deltalabo\/wp-json\/wp\/v2\/product_brand?post=260351"},{"taxonomy":"product_cat","embeddable":true,"href":"https:\/\/webdesi-gn.fr\/dev_deltalabo\/wp-json\/wp\/v2\/product_cat?post=260351"},{"taxonomy":"product_tag","embeddable":true,"href":"https:\/\/webdesi-gn.fr\/dev_deltalabo\/wp-json\/wp\/v2\/product_tag?post=260351"}],"curies":[{"name":"wp","href":"https:\/\/api.w.org\/{rel}","templated":true}]}}