{"id":260357,"date":"2025-06-11T16:07:37","date_gmt":"2025-06-11T14:07:37","guid":{"rendered":"https:\/\/webdesi-gn.fr\/dev_deltalabo\/?post_type=product&#038;p=260357"},"modified":"2025-11-24T13:41:25","modified_gmt":"2025-11-24T12:41:25","slug":"analyseur-de-carburant-portable-miniscan-ir-vision-grabner-astm-d5845-iso-15212","status":"publish","type":"product","link":"https:\/\/webdesi-gn.fr\/dev_deltalabo\/produits\/cat-produit\/analyseur-de-carburant-portable-miniscan-ir-vision-grabner-astm-d5845-iso-15212\/","title":{"rendered":"Analyseur d&rsquo;essence portable MINISCAN IR VISION GRABNER"},"content":{"rendered":"","protected":false},"excerpt":{"rendered":"<p><strong>Analyseur d&rsquo;essence portable MINISCAN IR VISION GRABNER :<\/strong><\/p>\n<p>L&rsquo;analyse des compos\u00e9s est effectu\u00e9e conform\u00e9ment aux normes internationales ASTM D5845 pour les compos\u00e9s oxyg\u00e9n\u00e9s, ASTM D6277 et EN 238 pour le benz\u00e8ne et EN 14078.<\/p>\n<p>Un densim\u00e8tre \u00e0 temp\u00e9rature r\u00e9gul\u00e9e int\u00e9gr\u00e9 permet de d\u00e9terminer avec pr\u00e9cision et de mani\u00e8re stable la densit\u00e9 du carburant. L&rsquo;indice d&rsquo;octane et de c\u00e9tane, la distillation, la pression de vapeur et d&rsquo;autres propri\u00e9t\u00e9s du carburant sont automatiquement d\u00e9termin\u00e9s \u00e0 partir du spectre IR complet \u00e0 l&rsquo;aide de l&rsquo;analyse PLS (Partial Least Square) et de mod\u00e8les chimiom\u00e9triques avanc\u00e9s conformes \u00e0 la norme ASTM E1655.<\/p>\n<p>Plusieurs milliers de points de donn\u00e9es sont utilis\u00e9s pour obtenir la meilleure pr\u00e9cision de pr\u00e9diction possible.<\/p>\n<p>Il est conforme aux normes ASTM D5845, ASTM D6277, ASTM D7777, ASTM D7806, ASTM E1655, EN 238, EN 14078, ISO 15212.<\/p>\n<p><strong>T\u00e9l\u00e9charger la brochure produit : <\/strong><a href=\"https:\/\/www.deltalabo.fr\/wp-content\/uploads\/2025\/11\/Doc-Miniscan-Vision-engl-DL.pdf\">Analyseur d&rsquo;essence portable MINISCAN IR VISION GRABNER<\/a><\/p>\n<p>&nbsp;<\/p>\n","protected":false},"featured_media":261951,"template":"","meta":{"_acf_changed":false,"site-sidebar-layout":"default","site-content-layout":"","ast-site-content-layout":"default","site-content-style":"default","site-sidebar-style":"default","ast-global-header-display":"","ast-banner-title-visibility":"","ast-main-header-display":"","ast-hfb-above-header-display":"","ast-hfb-below-header-display":"","ast-hfb-mobile-header-display":"","site-post-title":"","ast-breadcrumbs-content":"","ast-featured-img":"","footer-sml-layout":"","ast-disable-related-posts":"","theme-transparent-header-meta":"default","adv-header-id-meta":"","stick-header-meta":"","header-above-stick-meta":"","header-main-stick-meta":"","header-below-stick-meta":"","astra-migrate-meta-layouts":"set","ast-page-background-enabled":"default","ast-page-background-meta":{"desktop":{"background-color":"var(--ast-global-color-5)","background-image":"","background-repeat":"repeat","background-position":"center center","background-size":"auto","background-attachment":"scroll","background-type":"","background-media":"","overlay-type":"","overlay-color":"","overlay-opacity":"","overlay-gradient":""},"tablet":{"background-color":"","background-image":"","background-repeat":"repeat","background-position":"center center","background-size":"auto","background-attachment":"scroll","background-type":"","background-media":"","overlay-type":"","overlay-color":"","overlay-opacity":"","overlay-gradient":""},"mobile":{"background-color":"","background-image":"","background-repeat":"repeat","background-position":"center center","background-size":"auto","background-attachment":"scroll","background-type":"","background-media":"","overlay-type":"","overlay-color":"","overlay-opacity":"","overlay-gradient":""}},"ast-content-background-meta":{"desktop":{"background-color":"var(--ast-global-color-4)","background-image":"","background-repeat":"repeat","background-position":"center center","background-size":"auto","background-attachment":"scroll","background-type":"","background-media":"","overlay-type":"","overlay-color":"","overlay-opacity":"","overlay-gradient":""},"tablet":{"background-color":"var(--ast-global-color-4)","background-image":"","background-repeat":"repeat","background-position":"center center","background-size":"auto","background-attachment":"scroll","background-type":"","background-media":"","overlay-type":"","overlay-color":"","overlay-opacity":"","overlay-gradient":""},"mobile":{"background-color":"var(--ast-global-color-4)","background-image":"","background-repeat":"repeat","background-position":"center center","background-size":"auto","background-attachment":"scroll","background-type":"","background-media":"","overlay-type":"","overlay-color":"","overlay-opacity":"","overlay-gradient":""}}},"domaine":[],"normes":[3352,3359,3383,3403,17135,13256,17100],"product_brand":[],"product_cat":[15],"product_tag":[],"class_list":{"0":"post-260357","1":"product","2":"type-product","3":"status-publish","4":"has-post-thumbnail","6":"normes-d5845","7":"normes-d6277","8":"normes-d7806","9":"normes-e1655","10":"normes-din-51562","11":"normes-en-14078","12":"normes-iso-15212","13":"product_cat-cat-produit","14":"desktop-align-left","15":"tablet-align-left","16":"mobile-align-left","18":"first","19":"instock","20":"shipping-taxable","21":"product-type-simple"},"acf":[],"yoast_head":"<!-- This site is optimized with the Yoast SEO plugin v27.4 - https:\/\/yoast.com\/product\/yoast-seo-wordpress\/ -->\n<title>Analyseur d&#039;essence portable MINISCAN IR VISION GRABNER | DeltaLabo<\/title>\n<meta name=\"robots\" content=\"noindex, follow, max-snippet:-1, max-image-preview:large, max-video-preview:-1\" \/>\n<meta property=\"og:locale\" content=\"fr_FR\" \/>\n<meta property=\"og:type\" content=\"article\" \/>\n<meta property=\"og:title\" content=\"Analyseur d&#039;essence portable MINISCAN IR VISION GRABNER | DeltaLabo\" \/>\n<meta property=\"og:description\" content=\"Analyseur d&#039;essence portable MINISCAN IR VISION GRABNER :  L&#039;analyse des compos\u00e9s est effectu\u00e9e conform\u00e9ment aux normes internationales ASTM D5845 pour les compos\u00e9s oxyg\u00e9n\u00e9s, ASTM D6277 et EN 238 pour le benz\u00e8ne et EN 14078.  Un densim\u00e8tre \u00e0 temp\u00e9rature r\u00e9gul\u00e9e int\u00e9gr\u00e9 permet de d\u00e9terminer avec pr\u00e9cision et de mani\u00e8re stable la densit\u00e9 du carburant. L&#039;indice d&#039;octane et de c\u00e9tane, la distillation, la pression de vapeur et d&#039;autres propri\u00e9t\u00e9s du carburant sont automatiquement d\u00e9termin\u00e9s \u00e0 partir du spectre IR complet \u00e0 l&#039;aide de l&#039;analyse PLS (Partial Least Square) et de mod\u00e8les chimiom\u00e9triques avanc\u00e9s conformes \u00e0 la norme ASTM E1655.  Plusieurs milliers de points de donn\u00e9es sont utilis\u00e9s pour obtenir la meilleure pr\u00e9cision de pr\u00e9diction possible.  Il est conforme aux normes ASTM D5845, ASTM D6277, ASTM D7777, ASTM D7806, ASTM E1655, EN 238, EN 14078, ISO 15212.  T\u00e9l\u00e9charger la brochure produit : Analyseur d&#039;essence portable MINISCAN IR VISION GRABNER  &nbsp;\" \/>\n<meta property=\"og:url\" content=\"https:\/\/webdesi-gn.fr\/dev_deltalabo\/produits\/petrochimie-chimie-nucleaire\/essence\/analyseur-de-carburant-portable-miniscan-ir-vision-grabner-astm-d5845-iso-15212\/\" \/>\n<meta property=\"og:site_name\" content=\"DeltaLabo\" \/>\n<meta property=\"article:modified_time\" content=\"2025-11-24T12:41:25+00:00\" \/>\n<meta property=\"og:image\" content=\"https:\/\/webdesi-gn.fr\/dev_deltalabo\/wp-content\/uploads\/2025\/06\/DELTALABO_miniscan-ir-vision.webp\" \/>\n\t<meta property=\"og:image:width\" content=\"1500\" \/>\n\t<meta property=\"og:image:height\" content=\"1500\" \/>\n\t<meta property=\"og:image:type\" content=\"image\/webp\" \/>\n<meta name=\"twitter:card\" content=\"summary_large_image\" \/>\n<meta name=\"twitter:label1\" content=\"Dur\u00e9e de lecture estim\u00e9e\" \/>\n\t<meta name=\"twitter:data1\" content=\"1 minute\" \/>\n<script type=\"application\/ld+json\" class=\"yoast-schema-graph\">{\"@context\":\"https:\\\/\\\/schema.org\",\"@graph\":[{\"@type\":\"WebPage\",\"@id\":\"https:\\\/\\\/webdesi-gn.fr\\\/dev_deltalabo\\\/produits\\\/petrochimie-chimie-nucleaire\\\/essence\\\/analyseur-de-carburant-portable-miniscan-ir-vision-grabner-astm-d5845-iso-15212\\\/\",\"url\":\"https:\\\/\\\/webdesi-gn.fr\\\/dev_deltalabo\\\/produits\\\/petrochimie-chimie-nucleaire\\\/essence\\\/analyseur-de-carburant-portable-miniscan-ir-vision-grabner-astm-d5845-iso-15212\\\/\",\"name\":\"Analyseur d'essence portable MINISCAN IR VISION GRABNER | DeltaLabo\",\"isPartOf\":{\"@id\":\"https:\\\/\\\/webdesi-gn.fr\\\/dev_deltalabo\\\/#website\"},\"primaryImageOfPage\":{\"@id\":\"https:\\\/\\\/webdesi-gn.fr\\\/dev_deltalabo\\\/produits\\\/petrochimie-chimie-nucleaire\\\/essence\\\/analyseur-de-carburant-portable-miniscan-ir-vision-grabner-astm-d5845-iso-15212\\\/#primaryimage\"},\"image\":{\"@id\":\"https:\\\/\\\/webdesi-gn.fr\\\/dev_deltalabo\\\/produits\\\/petrochimie-chimie-nucleaire\\\/essence\\\/analyseur-de-carburant-portable-miniscan-ir-vision-grabner-astm-d5845-iso-15212\\\/#primaryimage\"},\"thumbnailUrl\":\"https:\\\/\\\/webdesi-gn.fr\\\/dev_deltalabo\\\/wp-content\\\/uploads\\\/2025\\\/11\\\/DELTALABO_miniscan-ir-vision.webp\",\"datePublished\":\"2025-06-11T14:07:37+00:00\",\"dateModified\":\"2025-11-24T12:41:25+00:00\",\"breadcrumb\":{\"@id\":\"https:\\\/\\\/webdesi-gn.fr\\\/dev_deltalabo\\\/produits\\\/petrochimie-chimie-nucleaire\\\/essence\\\/analyseur-de-carburant-portable-miniscan-ir-vision-grabner-astm-d5845-iso-15212\\\/#breadcrumb\"},\"inLanguage\":\"fr-FR\",\"potentialAction\":[{\"@type\":\"ReadAction\",\"target\":[\"https:\\\/\\\/webdesi-gn.fr\\\/dev_deltalabo\\\/produits\\\/petrochimie-chimie-nucleaire\\\/essence\\\/analyseur-de-carburant-portable-miniscan-ir-vision-grabner-astm-d5845-iso-15212\\\/\"]}]},{\"@type\":\"ImageObject\",\"inLanguage\":\"fr-FR\",\"@id\":\"https:\\\/\\\/webdesi-gn.fr\\\/dev_deltalabo\\\/produits\\\/petrochimie-chimie-nucleaire\\\/essence\\\/analyseur-de-carburant-portable-miniscan-ir-vision-grabner-astm-d5845-iso-15212\\\/#primaryimage\",\"url\":\"https:\\\/\\\/webdesi-gn.fr\\\/dev_deltalabo\\\/wp-content\\\/uploads\\\/2025\\\/11\\\/DELTALABO_miniscan-ir-vision.webp\",\"contentUrl\":\"https:\\\/\\\/webdesi-gn.fr\\\/dev_deltalabo\\\/wp-content\\\/uploads\\\/2025\\\/11\\\/DELTALABO_miniscan-ir-vision.webp\",\"width\":1500,\"height\":1500},{\"@type\":\"BreadcrumbList\",\"@id\":\"https:\\\/\\\/webdesi-gn.fr\\\/dev_deltalabo\\\/produits\\\/petrochimie-chimie-nucleaire\\\/essence\\\/analyseur-de-carburant-portable-miniscan-ir-vision-grabner-astm-d5845-iso-15212\\\/#breadcrumb\",\"itemListElement\":[{\"@type\":\"ListItem\",\"position\":1,\"name\":\"Accueil\",\"item\":\"https:\\\/\\\/webdesi-gn.fr\\\/dev_deltalabo\\\/\"},{\"@type\":\"ListItem\",\"position\":2,\"name\":\"Produits\",\"item\":\"https:\\\/\\\/webdesi-gn.fr\\\/dev_deltalabo\\\/produits\\\/\"},{\"@type\":\"ListItem\",\"position\":3,\"name\":\"Analyseur d&rsquo;essence portable MINISCAN IR VISION GRABNER\"}]},{\"@type\":\"WebSite\",\"@id\":\"https:\\\/\\\/webdesi-gn.fr\\\/dev_deltalabo\\\/#website\",\"url\":\"https:\\\/\\\/webdesi-gn.fr\\\/dev_deltalabo\\\/\",\"name\":\"Delta Labo\",\"description\":\"Un site utilisant WordPress\",\"publisher\":{\"@id\":\"https:\\\/\\\/webdesi-gn.fr\\\/dev_deltalabo\\\/#organization\"},\"alternateName\":\"Delta Labo\",\"potentialAction\":[{\"@type\":\"SearchAction\",\"target\":{\"@type\":\"EntryPoint\",\"urlTemplate\":\"https:\\\/\\\/webdesi-gn.fr\\\/dev_deltalabo\\\/?s={search_term_string}\"},\"query-input\":{\"@type\":\"PropertyValueSpecification\",\"valueRequired\":true,\"valueName\":\"search_term_string\"}}],\"inLanguage\":\"fr-FR\"},{\"@type\":\"Organization\",\"@id\":\"https:\\\/\\\/webdesi-gn.fr\\\/dev_deltalabo\\\/#organization\",\"name\":\"DeltaLabo\",\"url\":\"https:\\\/\\\/webdesi-gn.fr\\\/dev_deltalabo\\\/\",\"logo\":{\"@type\":\"ImageObject\",\"inLanguage\":\"fr-FR\",\"@id\":\"https:\\\/\\\/webdesi-gn.fr\\\/dev_deltalabo\\\/#\\\/schema\\\/logo\\\/image\\\/\",\"url\":\"https:\\\/\\\/webdesi-gn.fr\\\/dev_deltalabo\\\/wp-content\\\/uploads\\\/2022\\\/07\\\/logo-deltalabo.png\",\"contentUrl\":\"https:\\\/\\\/webdesi-gn.fr\\\/dev_deltalabo\\\/wp-content\\\/uploads\\\/2022\\\/07\\\/logo-deltalabo.png\",\"width\":694,\"height\":306,\"caption\":\"DeltaLabo\"},\"image\":{\"@id\":\"https:\\\/\\\/webdesi-gn.fr\\\/dev_deltalabo\\\/#\\\/schema\\\/logo\\\/image\\\/\"}}]}<\/script>\n<!-- \/ Yoast SEO plugin. -->","yoast_head_json":{"title":"Analyseur d'essence portable MINISCAN IR VISION GRABNER | DeltaLabo","robots":{"index":"noindex","follow":"follow","max-snippet":"max-snippet:-1","max-image-preview":"max-image-preview:large","max-video-preview":"max-video-preview:-1"},"og_locale":"fr_FR","og_type":"article","og_title":"Analyseur d'essence portable MINISCAN IR VISION GRABNER | DeltaLabo","og_description":"Analyseur d'essence portable MINISCAN IR VISION GRABNER :  L'analyse des compos\u00e9s est effectu\u00e9e conform\u00e9ment aux normes internationales ASTM D5845 pour les compos\u00e9s oxyg\u00e9n\u00e9s, ASTM D6277 et EN 238 pour le benz\u00e8ne et EN 14078.  Un densim\u00e8tre \u00e0 temp\u00e9rature r\u00e9gul\u00e9e int\u00e9gr\u00e9 permet de d\u00e9terminer avec pr\u00e9cision et de mani\u00e8re stable la densit\u00e9 du carburant. L'indice d'octane et de c\u00e9tane, la distillation, la pression de vapeur et d'autres propri\u00e9t\u00e9s du carburant sont automatiquement d\u00e9termin\u00e9s \u00e0 partir du spectre IR complet \u00e0 l'aide de l'analyse PLS (Partial Least Square) et de mod\u00e8les chimiom\u00e9triques avanc\u00e9s conformes \u00e0 la norme ASTM E1655.  Plusieurs milliers de points de donn\u00e9es sont utilis\u00e9s pour obtenir la meilleure pr\u00e9cision de pr\u00e9diction possible.  Il est conforme aux normes ASTM D5845, ASTM D6277, ASTM D7777, ASTM D7806, ASTM E1655, EN 238, EN 14078, ISO 15212.  T\u00e9l\u00e9charger la brochure produit : Analyseur d'essence portable MINISCAN IR VISION GRABNER  &nbsp;","og_url":"https:\/\/webdesi-gn.fr\/dev_deltalabo\/produits\/petrochimie-chimie-nucleaire\/essence\/analyseur-de-carburant-portable-miniscan-ir-vision-grabner-astm-d5845-iso-15212\/","og_site_name":"DeltaLabo","article_modified_time":"2025-11-24T12:41:25+00:00","og_image":[{"width":1500,"height":1500,"url":"https:\/\/webdesi-gn.fr\/dev_deltalabo\/wp-content\/uploads\/2025\/06\/DELTALABO_miniscan-ir-vision.webp","type":"image\/webp"}],"twitter_card":"summary_large_image","twitter_misc":{"Dur\u00e9e de lecture estim\u00e9e":"1 minute"},"schema":{"@context":"https:\/\/schema.org","@graph":[{"@type":"WebPage","@id":"https:\/\/webdesi-gn.fr\/dev_deltalabo\/produits\/petrochimie-chimie-nucleaire\/essence\/analyseur-de-carburant-portable-miniscan-ir-vision-grabner-astm-d5845-iso-15212\/","url":"https:\/\/webdesi-gn.fr\/dev_deltalabo\/produits\/petrochimie-chimie-nucleaire\/essence\/analyseur-de-carburant-portable-miniscan-ir-vision-grabner-astm-d5845-iso-15212\/","name":"Analyseur d'essence portable MINISCAN IR VISION GRABNER | DeltaLabo","isPartOf":{"@id":"https:\/\/webdesi-gn.fr\/dev_deltalabo\/#website"},"primaryImageOfPage":{"@id":"https:\/\/webdesi-gn.fr\/dev_deltalabo\/produits\/petrochimie-chimie-nucleaire\/essence\/analyseur-de-carburant-portable-miniscan-ir-vision-grabner-astm-d5845-iso-15212\/#primaryimage"},"image":{"@id":"https:\/\/webdesi-gn.fr\/dev_deltalabo\/produits\/petrochimie-chimie-nucleaire\/essence\/analyseur-de-carburant-portable-miniscan-ir-vision-grabner-astm-d5845-iso-15212\/#primaryimage"},"thumbnailUrl":"https:\/\/webdesi-gn.fr\/dev_deltalabo\/wp-content\/uploads\/2025\/11\/DELTALABO_miniscan-ir-vision.webp","datePublished":"2025-06-11T14:07:37+00:00","dateModified":"2025-11-24T12:41:25+00:00","breadcrumb":{"@id":"https:\/\/webdesi-gn.fr\/dev_deltalabo\/produits\/petrochimie-chimie-nucleaire\/essence\/analyseur-de-carburant-portable-miniscan-ir-vision-grabner-astm-d5845-iso-15212\/#breadcrumb"},"inLanguage":"fr-FR","potentialAction":[{"@type":"ReadAction","target":["https:\/\/webdesi-gn.fr\/dev_deltalabo\/produits\/petrochimie-chimie-nucleaire\/essence\/analyseur-de-carburant-portable-miniscan-ir-vision-grabner-astm-d5845-iso-15212\/"]}]},{"@type":"ImageObject","inLanguage":"fr-FR","@id":"https:\/\/webdesi-gn.fr\/dev_deltalabo\/produits\/petrochimie-chimie-nucleaire\/essence\/analyseur-de-carburant-portable-miniscan-ir-vision-grabner-astm-d5845-iso-15212\/#primaryimage","url":"https:\/\/webdesi-gn.fr\/dev_deltalabo\/wp-content\/uploads\/2025\/11\/DELTALABO_miniscan-ir-vision.webp","contentUrl":"https:\/\/webdesi-gn.fr\/dev_deltalabo\/wp-content\/uploads\/2025\/11\/DELTALABO_miniscan-ir-vision.webp","width":1500,"height":1500},{"@type":"BreadcrumbList","@id":"https:\/\/webdesi-gn.fr\/dev_deltalabo\/produits\/petrochimie-chimie-nucleaire\/essence\/analyseur-de-carburant-portable-miniscan-ir-vision-grabner-astm-d5845-iso-15212\/#breadcrumb","itemListElement":[{"@type":"ListItem","position":1,"name":"Accueil","item":"https:\/\/webdesi-gn.fr\/dev_deltalabo\/"},{"@type":"ListItem","position":2,"name":"Produits","item":"https:\/\/webdesi-gn.fr\/dev_deltalabo\/produits\/"},{"@type":"ListItem","position":3,"name":"Analyseur d&rsquo;essence portable MINISCAN IR VISION GRABNER"}]},{"@type":"WebSite","@id":"https:\/\/webdesi-gn.fr\/dev_deltalabo\/#website","url":"https:\/\/webdesi-gn.fr\/dev_deltalabo\/","name":"Delta Labo","description":"Un site utilisant WordPress","publisher":{"@id":"https:\/\/webdesi-gn.fr\/dev_deltalabo\/#organization"},"alternateName":"Delta Labo","potentialAction":[{"@type":"SearchAction","target":{"@type":"EntryPoint","urlTemplate":"https:\/\/webdesi-gn.fr\/dev_deltalabo\/?s={search_term_string}"},"query-input":{"@type":"PropertyValueSpecification","valueRequired":true,"valueName":"search_term_string"}}],"inLanguage":"fr-FR"},{"@type":"Organization","@id":"https:\/\/webdesi-gn.fr\/dev_deltalabo\/#organization","name":"DeltaLabo","url":"https:\/\/webdesi-gn.fr\/dev_deltalabo\/","logo":{"@type":"ImageObject","inLanguage":"fr-FR","@id":"https:\/\/webdesi-gn.fr\/dev_deltalabo\/#\/schema\/logo\/image\/","url":"https:\/\/webdesi-gn.fr\/dev_deltalabo\/wp-content\/uploads\/2022\/07\/logo-deltalabo.png","contentUrl":"https:\/\/webdesi-gn.fr\/dev_deltalabo\/wp-content\/uploads\/2022\/07\/logo-deltalabo.png","width":694,"height":306,"caption":"DeltaLabo"},"image":{"@id":"https:\/\/webdesi-gn.fr\/dev_deltalabo\/#\/schema\/logo\/image\/"}}]}},"_links":{"self":[{"href":"https:\/\/webdesi-gn.fr\/dev_deltalabo\/wp-json\/wp\/v2\/product\/260357","targetHints":{"allow":["GET"]}}],"collection":[{"href":"https:\/\/webdesi-gn.fr\/dev_deltalabo\/wp-json\/wp\/v2\/product"}],"about":[{"href":"https:\/\/webdesi-gn.fr\/dev_deltalabo\/wp-json\/wp\/v2\/types\/product"}],"wp:featuredmedia":[{"embeddable":true,"href":"https:\/\/webdesi-gn.fr\/dev_deltalabo\/wp-json\/wp\/v2\/media\/261951"}],"wp:attachment":[{"href":"https:\/\/webdesi-gn.fr\/dev_deltalabo\/wp-json\/wp\/v2\/media?parent=260357"}],"wp:term":[{"taxonomy":"domaine","embeddable":true,"href":"https:\/\/webdesi-gn.fr\/dev_deltalabo\/wp-json\/wp\/v2\/domaine?post=260357"},{"taxonomy":"normes","embeddable":true,"href":"https:\/\/webdesi-gn.fr\/dev_deltalabo\/wp-json\/wp\/v2\/normes?post=260357"},{"taxonomy":"product_brand","embeddable":true,"href":"https:\/\/webdesi-gn.fr\/dev_deltalabo\/wp-json\/wp\/v2\/product_brand?post=260357"},{"taxonomy":"product_cat","embeddable":true,"href":"https:\/\/webdesi-gn.fr\/dev_deltalabo\/wp-json\/wp\/v2\/product_cat?post=260357"},{"taxonomy":"product_tag","embeddable":true,"href":"https:\/\/webdesi-gn.fr\/dev_deltalabo\/wp-json\/wp\/v2\/product_tag?post=260357"}],"curies":[{"name":"wp","href":"https:\/\/api.w.org\/{rel}","templated":true}]}}