{"id":260366,"date":"2025-06-12T10:17:46","date_gmt":"2025-06-12T08:17:46","guid":{"rendered":"https:\/\/webdesi-gn.fr\/dev_deltalabo\/?post_type=product&#038;p=260366"},"modified":"2025-11-24T15:54:41","modified_gmt":"2025-11-24T14:54:41","slug":"instrument-de-desemulsion-des-huiles-automatique-scavini-astm-d1401-iso-6614","status":"publish","type":"product","link":"https:\/\/webdesi-gn.fr\/dev_deltalabo\/produits\/cat-produit\/instrument-de-desemulsion-des-huiles-automatique-scavini-astm-d1401-iso-6614\/","title":{"rendered":"Instrument de d\u00e9s\u00e9mulsion des huiles automatique SCAVINI AD1401-500 &#8211; ASTM D1401 &#8211; ISO 6614"},"content":{"rendered":"","protected":false},"excerpt":{"rendered":"<p><strong>Instrument de d\u00e9s\u00e9mulsion des huiles automatique SCAVINI AD1401-500 &#8211; ASTM D1401 &#8211; ISO 6614 :\u00a0<\/strong><\/p>\n<p>L&rsquo;appareil de d\u00e9s\u00e9mulsion Scavini automatique comprend l&rsquo;ensemble des \u00e9l\u00e9ments permettant la d\u00e9termination de la capacit\u00e9 des huiles et autres fluides synth\u00e9tiques \u00e0 se s\u00e9parer de l&rsquo;eau (\u00e0 se d\u00e9s\u00e9mulsionner) selon les normes ASTM D1401 et ISO 6614.<\/p>\n<p class=\"tw-data-text tw-text-large tw-ta\" dir=\"ltr\" data-placeholder=\"Traduction\" data-ved=\"2ahUKEwj9g6Ccu-uNAxXCUKQEHZtsA6kQ3ewLegQICRAV\" aria-label=\"Texte traduit\u00a0: Instrument automatique \u00e0 quatre positions ind\u00e9pendantes et cam\u00e9ra CCD qui surveille en continu la s\u00e9paration huile\/eau : les images prises \u00e0 intervalles de 5 minutes sont enregistr\u00e9es et imprim\u00e9es sous forme de rapports de test.\"><span class=\"Y2IQFc\" lang=\"fr\">Cet instrument automatique \u00e0 quatre positions ind\u00e9pendantes <\/span>se compose d&rsquo;un bo\u00eetier en acier de paillasse contenant le bain-marie, la cam\u00e9ra CCD, l&rsquo;\u00e9lectronique et le m\u00e9canisme de levage des palettes.<\/p>\n<p>La cam\u00e9ra CCD enregistre l&rsquo;essai pendant tout le test et d\u00e9termine le temps n\u00e9cessaire au retour \u00e0 l&rsquo;\u00e9quilibre entre la phase eau et la phase huile.<\/p>\n<ul>\n<li dir=\"ltr\" data-placeholder=\"Traduction\" data-ved=\"2ahUKEwj9g6Ccu-uNAxXCUKQEHZtsA6kQ3ewLegQICRAV\" aria-label=\"Texte traduit\u00a0: Instrument automatique \u00e0 quatre positions ind\u00e9pendantes et cam\u00e9ra CCD qui surveille en continu la s\u00e9paration huile\/eau : les images prises \u00e0 intervalles de 5 minutes sont enregistr\u00e9es et imprim\u00e9es sous forme de rapports de test.\">Rapport de test avec photo des tubes aux diff\u00e9rents temps<\/li>\n<li dir=\"ltr\" data-placeholder=\"Traduction\" data-ved=\"2ahUKEwj9g6Ccu-uNAxXCUKQEHZtsA6kQ3ewLegQICRAV\" aria-label=\"Texte traduit\u00a0: Instrument automatique \u00e0 quatre positions ind\u00e9pendantes et cam\u00e9ra CCD qui surveille en continu la s\u00e9paration huile\/eau : les images prises \u00e0 intervalles de 5 minutes sont enregistr\u00e9es et imprim\u00e9es sous forme de rapports de test.\">4 moteurs d&rsquo;agitation ind\u00e9pendants<\/li>\n<li dir=\"ltr\" data-placeholder=\"Traduction\" data-ved=\"2ahUKEwj9g6Ccu-uNAxXCUKQEHZtsA6kQ3ewLegQICRAV\" aria-label=\"Texte traduit\u00a0: Instrument automatique \u00e0 quatre positions ind\u00e9pendantes et cam\u00e9ra CCD qui surveille en continu la s\u00e9paration huile\/eau : les images prises \u00e0 intervalles de 5 minutes sont enregistr\u00e9es et imprim\u00e9es sous forme de rapports de test.\">E<span class=\"Y2IQFc\" lang=\"fr\">prouvettes gradu\u00e9es de 100 ml<\/span><\/li>\n<li dir=\"ltr\" data-placeholder=\"Traduction\" data-ved=\"2ahUKEwj9g6Ccu-uNAxXCUKQEHZtsA6kQ3ewLegQICRAV\" aria-label=\"Texte traduit\u00a0: Instrument automatique \u00e0 quatre positions ind\u00e9pendantes et cam\u00e9ra CCD qui surveille en continu la s\u00e9paration huile\/eau : les images prises \u00e0 intervalles de 5 minutes sont enregistr\u00e9es et imprim\u00e9es sous forme de rapports de test.\"><span class=\"Y2IQFc\" lang=\"fr\">T<\/span><span class=\"Y2IQFc\" lang=\"fr\">emp\u00e9rature ambiante \u00e0 90\u00b0C et une pr\u00e9cision de r\u00e9glage de +\/- 0,1\u00b0C<\/span><\/li>\n<li dir=\"ltr\" data-placeholder=\"Traduction\" data-ved=\"2ahUKEwj9g6Ccu-uNAxXCUKQEHZtsA6kQ3ewLegQICRAV\" aria-label=\"Texte traduit\u00a0: Instrument automatique \u00e0 quatre positions ind\u00e9pendantes et cam\u00e9ra CCD qui surveille en continu la s\u00e9paration huile\/eau : les images prises \u00e0 intervalles de 5 minutes sont enregistr\u00e9es et imprim\u00e9es sous forme de rapports de test.\"><span class=\"Y2IQFc\" lang=\"fr\">Panneau de contr\u00f4le en face avant avec \u00e9cran tactile<\/span><\/li>\n<\/ul>\n<p><strong>T\u00e9l\u00e9charger la brochure produit :<\/strong> <a href=\"https:\/\/www.deltalabo.fr\/wp-content\/uploads\/2025\/06\/AD1401-500-doc-desemulsion-des-huiles-auto-Engl-DL21.pdf\">Testeur de d\u00e9s\u00e9mulsion Scavini AD1401-500<\/a><\/p>\n","protected":false},"featured_media":261955,"template":"","meta":{"_acf_changed":false,"site-sidebar-layout":"default","site-content-layout":"","ast-site-content-layout":"default","site-content-style":"default","site-sidebar-style":"default","ast-global-header-display":"","ast-banner-title-visibility":"","ast-main-header-display":"","ast-hfb-above-header-display":"","ast-hfb-below-header-display":"","ast-hfb-mobile-header-display":"","site-post-title":"","ast-breadcrumbs-content":"","ast-featured-img":"","footer-sml-layout":"","ast-disable-related-posts":"","theme-transparent-header-meta":"default","adv-header-id-meta":"","stick-header-meta":"","header-above-stick-meta":"","header-main-stick-meta":"","header-below-stick-meta":"","astra-migrate-meta-layouts":"set","ast-page-background-enabled":"default","ast-page-background-meta":{"desktop":{"background-color":"var(--ast-global-color-5)","background-image":"","background-repeat":"repeat","background-position":"center center","background-size":"auto","background-attachment":"scroll","background-type":"","background-media":"","overlay-type":"","overlay-color":"","overlay-opacity":"","overlay-gradient":""},"tablet":{"background-color":"","background-image":"","background-repeat":"repeat","background-position":"center center","background-size":"auto","background-attachment":"scroll","background-type":"","background-media":"","overlay-type":"","overlay-color":"","overlay-opacity":"","overlay-gradient":""},"mobile":{"background-color":"","background-image":"","background-repeat":"repeat","background-position":"center center","background-size":"auto","background-attachment":"scroll","background-type":"","background-media":"","overlay-type":"","overlay-color":"","overlay-opacity":"","overlay-gradient":""}},"ast-content-background-meta":{"desktop":{"background-color":"var(--ast-global-color-4)","background-image":"","background-repeat":"repeat","background-position":"center center","background-size":"auto","background-attachment":"scroll","background-type":"","background-media":"","overlay-type":"","overlay-color":"","overlay-opacity":"","overlay-gradient":""},"tablet":{"background-color":"var(--ast-global-color-4)","background-image":"","background-repeat":"repeat","background-position":"center center","background-size":"auto","background-attachment":"scroll","background-type":"","background-media":"","overlay-type":"","overlay-color":"","overlay-opacity":"","overlay-gradient":""},"mobile":{"background-color":"var(--ast-global-color-4)","background-image":"","background-repeat":"repeat","background-position":"center center","background-size":"auto","background-attachment":"scroll","background-type":"","background-media":"","overlay-type":"","overlay-color":"","overlay-opacity":"","overlay-gradient":""}}},"domaine":[],"normes":[3299,17135,17119],"product_brand":[],"product_cat":[15],"product_tag":[],"class_list":{"0":"post-260366","1":"product","2":"type-product","3":"status-publish","4":"has-post-thumbnail","6":"normes-d1401","7":"normes-din-51562","8":"normes-iso-6614","9":"product_cat-cat-produit","10":"desktop-align-left","11":"tablet-align-left","12":"mobile-align-left","14":"first","15":"instock","16":"shipping-taxable","17":"purchasable","18":"product-type-simple"},"acf":[],"yoast_head":"<!-- This site is optimized with the Yoast SEO plugin v27.4 - https:\/\/yoast.com\/product\/yoast-seo-wordpress\/ -->\n<title>Instrument de d\u00e9s\u00e9mulsion des huiles automatique SCAVINI AD1401-500 - ASTM D1401 - ISO 6614 | DeltaLabo<\/title>\n<meta name=\"robots\" content=\"noindex, follow, max-snippet:-1, max-image-preview:large, max-video-preview:-1\" \/>\n<meta property=\"og:locale\" content=\"fr_FR\" \/>\n<meta property=\"og:type\" content=\"article\" \/>\n<meta property=\"og:title\" content=\"Instrument de d\u00e9s\u00e9mulsion des huiles automatique SCAVINI AD1401-500 - ASTM D1401 - ISO 6614 | DeltaLabo\" \/>\n<meta property=\"og:description\" content=\"Instrument de d\u00e9s\u00e9mulsion des huiles automatique SCAVINI AD1401-500 - ASTM D1401 - ISO 6614 :\u00a0  L&#039;appareil de d\u00e9s\u00e9mulsion Scavini automatique comprend l&#039;ensemble des \u00e9l\u00e9ments permettant la d\u00e9termination de la capacit\u00e9 des huiles et autres fluides synth\u00e9tiques \u00e0 se s\u00e9parer de l&#039;eau (\u00e0 se d\u00e9s\u00e9mulsionner) selon les normes ASTM D1401 et ISO 6614. Cet instrument automatique \u00e0 quatre positions ind\u00e9pendantes se compose d&#039;un bo\u00eetier en acier de paillasse contenant le bain-marie, la cam\u00e9ra CCD, l&#039;\u00e9lectronique et le m\u00e9canisme de levage des palettes. La cam\u00e9ra CCD enregistre l&#039;essai pendant tout le test et d\u00e9termine le temps n\u00e9cessaire au retour \u00e0 l&#039;\u00e9quilibre entre la phase eau et la phase huile.   Rapport de test avec photo des tubes aux diff\u00e9rents temps  4 moteurs d&#039;agitation ind\u00e9pendants  Eprouvettes gradu\u00e9es de 100 ml  Temp\u00e9rature ambiante \u00e0 90\u00b0C et une pr\u00e9cision de r\u00e9glage de +\/- 0,1\u00b0C  Panneau de contr\u00f4le en face avant avec \u00e9cran tactile  T\u00e9l\u00e9charger la brochure produit : Testeur de d\u00e9s\u00e9mulsion Scavini AD1401-500\" \/>\n<meta property=\"og:url\" content=\"https:\/\/webdesi-gn.fr\/dev_deltalabo\/produits\/iso-6614\/instrument-de-desemulsion-des-huiles-automatique-scavini-astm-d1401-iso-6614\/\" \/>\n<meta property=\"og:site_name\" content=\"DeltaLabo\" \/>\n<meta property=\"article:modified_time\" content=\"2025-11-24T14:54:41+00:00\" \/>\n<meta property=\"og:image\" content=\"https:\/\/webdesi-gn.fr\/dev_deltalabo\/wp-content\/uploads\/2025\/11\/DELTA-LABO-desemulsion-des-huiles-automatique.jpg\" \/>\n\t<meta property=\"og:image:width\" content=\"900\" \/>\n\t<meta property=\"og:image:height\" content=\"900\" \/>\n\t<meta property=\"og:image:type\" content=\"image\/jpeg\" \/>\n<meta name=\"twitter:card\" content=\"summary_large_image\" \/>\n<meta name=\"twitter:label1\" content=\"Dur\u00e9e de lecture estim\u00e9e\" \/>\n\t<meta name=\"twitter:data1\" content=\"1 minute\" \/>\n<script type=\"application\/ld+json\" class=\"yoast-schema-graph\">{\"@context\":\"https:\\\/\\\/schema.org\",\"@graph\":[{\"@type\":\"WebPage\",\"@id\":\"https:\\\/\\\/webdesi-gn.fr\\\/dev_deltalabo\\\/produits\\\/iso-6614\\\/instrument-de-desemulsion-des-huiles-automatique-scavini-astm-d1401-iso-6614\\\/\",\"url\":\"https:\\\/\\\/webdesi-gn.fr\\\/dev_deltalabo\\\/produits\\\/iso-6614\\\/instrument-de-desemulsion-des-huiles-automatique-scavini-astm-d1401-iso-6614\\\/\",\"name\":\"Instrument de d\u00e9s\u00e9mulsion des huiles automatique SCAVINI AD1401-500 - ASTM D1401 - ISO 6614 | DeltaLabo\",\"isPartOf\":{\"@id\":\"https:\\\/\\\/webdesi-gn.fr\\\/dev_deltalabo\\\/#website\"},\"primaryImageOfPage\":{\"@id\":\"https:\\\/\\\/webdesi-gn.fr\\\/dev_deltalabo\\\/produits\\\/iso-6614\\\/instrument-de-desemulsion-des-huiles-automatique-scavini-astm-d1401-iso-6614\\\/#primaryimage\"},\"image\":{\"@id\":\"https:\\\/\\\/webdesi-gn.fr\\\/dev_deltalabo\\\/produits\\\/iso-6614\\\/instrument-de-desemulsion-des-huiles-automatique-scavini-astm-d1401-iso-6614\\\/#primaryimage\"},\"thumbnailUrl\":\"https:\\\/\\\/webdesi-gn.fr\\\/dev_deltalabo\\\/wp-content\\\/uploads\\\/2025\\\/11\\\/DELTA-LABO-desemulsion-des-huiles-automatique.jpg\",\"datePublished\":\"2025-06-12T08:17:46+00:00\",\"dateModified\":\"2025-11-24T14:54:41+00:00\",\"breadcrumb\":{\"@id\":\"https:\\\/\\\/webdesi-gn.fr\\\/dev_deltalabo\\\/produits\\\/iso-6614\\\/instrument-de-desemulsion-des-huiles-automatique-scavini-astm-d1401-iso-6614\\\/#breadcrumb\"},\"inLanguage\":\"fr-FR\",\"potentialAction\":[{\"@type\":\"ReadAction\",\"target\":[\"https:\\\/\\\/webdesi-gn.fr\\\/dev_deltalabo\\\/produits\\\/iso-6614\\\/instrument-de-desemulsion-des-huiles-automatique-scavini-astm-d1401-iso-6614\\\/\"]}]},{\"@type\":\"ImageObject\",\"inLanguage\":\"fr-FR\",\"@id\":\"https:\\\/\\\/webdesi-gn.fr\\\/dev_deltalabo\\\/produits\\\/iso-6614\\\/instrument-de-desemulsion-des-huiles-automatique-scavini-astm-d1401-iso-6614\\\/#primaryimage\",\"url\":\"https:\\\/\\\/webdesi-gn.fr\\\/dev_deltalabo\\\/wp-content\\\/uploads\\\/2025\\\/11\\\/DELTA-LABO-desemulsion-des-huiles-automatique.jpg\",\"contentUrl\":\"https:\\\/\\\/webdesi-gn.fr\\\/dev_deltalabo\\\/wp-content\\\/uploads\\\/2025\\\/11\\\/DELTA-LABO-desemulsion-des-huiles-automatique.jpg\",\"width\":900,\"height\":900},{\"@type\":\"BreadcrumbList\",\"@id\":\"https:\\\/\\\/webdesi-gn.fr\\\/dev_deltalabo\\\/produits\\\/iso-6614\\\/instrument-de-desemulsion-des-huiles-automatique-scavini-astm-d1401-iso-6614\\\/#breadcrumb\",\"itemListElement\":[{\"@type\":\"ListItem\",\"position\":1,\"name\":\"Accueil\",\"item\":\"https:\\\/\\\/webdesi-gn.fr\\\/dev_deltalabo\\\/\"},{\"@type\":\"ListItem\",\"position\":2,\"name\":\"Produits\",\"item\":\"https:\\\/\\\/webdesi-gn.fr\\\/dev_deltalabo\\\/produits\\\/\"},{\"@type\":\"ListItem\",\"position\":3,\"name\":\"Instrument de d\u00e9s\u00e9mulsion des huiles automatique SCAVINI AD1401-500 &#8211; ASTM D1401 &#8211; ISO 6614\"}]},{\"@type\":\"WebSite\",\"@id\":\"https:\\\/\\\/webdesi-gn.fr\\\/dev_deltalabo\\\/#website\",\"url\":\"https:\\\/\\\/webdesi-gn.fr\\\/dev_deltalabo\\\/\",\"name\":\"Delta Labo\",\"description\":\"Un site utilisant WordPress\",\"publisher\":{\"@id\":\"https:\\\/\\\/webdesi-gn.fr\\\/dev_deltalabo\\\/#organization\"},\"alternateName\":\"Delta Labo\",\"potentialAction\":[{\"@type\":\"SearchAction\",\"target\":{\"@type\":\"EntryPoint\",\"urlTemplate\":\"https:\\\/\\\/webdesi-gn.fr\\\/dev_deltalabo\\\/?s={search_term_string}\"},\"query-input\":{\"@type\":\"PropertyValueSpecification\",\"valueRequired\":true,\"valueName\":\"search_term_string\"}}],\"inLanguage\":\"fr-FR\"},{\"@type\":\"Organization\",\"@id\":\"https:\\\/\\\/webdesi-gn.fr\\\/dev_deltalabo\\\/#organization\",\"name\":\"DeltaLabo\",\"url\":\"https:\\\/\\\/webdesi-gn.fr\\\/dev_deltalabo\\\/\",\"logo\":{\"@type\":\"ImageObject\",\"inLanguage\":\"fr-FR\",\"@id\":\"https:\\\/\\\/webdesi-gn.fr\\\/dev_deltalabo\\\/#\\\/schema\\\/logo\\\/image\\\/\",\"url\":\"https:\\\/\\\/webdesi-gn.fr\\\/dev_deltalabo\\\/wp-content\\\/uploads\\\/2022\\\/07\\\/logo-deltalabo.png\",\"contentUrl\":\"https:\\\/\\\/webdesi-gn.fr\\\/dev_deltalabo\\\/wp-content\\\/uploads\\\/2022\\\/07\\\/logo-deltalabo.png\",\"width\":694,\"height\":306,\"caption\":\"DeltaLabo\"},\"image\":{\"@id\":\"https:\\\/\\\/webdesi-gn.fr\\\/dev_deltalabo\\\/#\\\/schema\\\/logo\\\/image\\\/\"}}]}<\/script>\n<!-- \/ Yoast SEO plugin. -->","yoast_head_json":{"title":"Instrument de d\u00e9s\u00e9mulsion des huiles automatique SCAVINI AD1401-500 - ASTM D1401 - ISO 6614 | DeltaLabo","robots":{"index":"noindex","follow":"follow","max-snippet":"max-snippet:-1","max-image-preview":"max-image-preview:large","max-video-preview":"max-video-preview:-1"},"og_locale":"fr_FR","og_type":"article","og_title":"Instrument de d\u00e9s\u00e9mulsion des huiles automatique SCAVINI AD1401-500 - ASTM D1401 - ISO 6614 | DeltaLabo","og_description":"Instrument de d\u00e9s\u00e9mulsion des huiles automatique SCAVINI AD1401-500 - ASTM D1401 - ISO 6614 :\u00a0  L'appareil de d\u00e9s\u00e9mulsion Scavini automatique comprend l'ensemble des \u00e9l\u00e9ments permettant la d\u00e9termination de la capacit\u00e9 des huiles et autres fluides synth\u00e9tiques \u00e0 se s\u00e9parer de l'eau (\u00e0 se d\u00e9s\u00e9mulsionner) selon les normes ASTM D1401 et ISO 6614. Cet instrument automatique \u00e0 quatre positions ind\u00e9pendantes se compose d'un bo\u00eetier en acier de paillasse contenant le bain-marie, la cam\u00e9ra CCD, l'\u00e9lectronique et le m\u00e9canisme de levage des palettes. La cam\u00e9ra CCD enregistre l'essai pendant tout le test et d\u00e9termine le temps n\u00e9cessaire au retour \u00e0 l'\u00e9quilibre entre la phase eau et la phase huile.   Rapport de test avec photo des tubes aux diff\u00e9rents temps  4 moteurs d'agitation ind\u00e9pendants  Eprouvettes gradu\u00e9es de 100 ml  Temp\u00e9rature ambiante \u00e0 90\u00b0C et une pr\u00e9cision de r\u00e9glage de +\/- 0,1\u00b0C  Panneau de contr\u00f4le en face avant avec \u00e9cran tactile  T\u00e9l\u00e9charger la brochure produit : Testeur de d\u00e9s\u00e9mulsion Scavini AD1401-500","og_url":"https:\/\/webdesi-gn.fr\/dev_deltalabo\/produits\/iso-6614\/instrument-de-desemulsion-des-huiles-automatique-scavini-astm-d1401-iso-6614\/","og_site_name":"DeltaLabo","article_modified_time":"2025-11-24T14:54:41+00:00","og_image":[{"width":900,"height":900,"url":"https:\/\/webdesi-gn.fr\/dev_deltalabo\/wp-content\/uploads\/2025\/11\/DELTA-LABO-desemulsion-des-huiles-automatique.jpg","type":"image\/jpeg"}],"twitter_card":"summary_large_image","twitter_misc":{"Dur\u00e9e de lecture estim\u00e9e":"1 minute"},"schema":{"@context":"https:\/\/schema.org","@graph":[{"@type":"WebPage","@id":"https:\/\/webdesi-gn.fr\/dev_deltalabo\/produits\/iso-6614\/instrument-de-desemulsion-des-huiles-automatique-scavini-astm-d1401-iso-6614\/","url":"https:\/\/webdesi-gn.fr\/dev_deltalabo\/produits\/iso-6614\/instrument-de-desemulsion-des-huiles-automatique-scavini-astm-d1401-iso-6614\/","name":"Instrument de d\u00e9s\u00e9mulsion des huiles automatique SCAVINI AD1401-500 - ASTM D1401 - ISO 6614 | DeltaLabo","isPartOf":{"@id":"https:\/\/webdesi-gn.fr\/dev_deltalabo\/#website"},"primaryImageOfPage":{"@id":"https:\/\/webdesi-gn.fr\/dev_deltalabo\/produits\/iso-6614\/instrument-de-desemulsion-des-huiles-automatique-scavini-astm-d1401-iso-6614\/#primaryimage"},"image":{"@id":"https:\/\/webdesi-gn.fr\/dev_deltalabo\/produits\/iso-6614\/instrument-de-desemulsion-des-huiles-automatique-scavini-astm-d1401-iso-6614\/#primaryimage"},"thumbnailUrl":"https:\/\/webdesi-gn.fr\/dev_deltalabo\/wp-content\/uploads\/2025\/11\/DELTA-LABO-desemulsion-des-huiles-automatique.jpg","datePublished":"2025-06-12T08:17:46+00:00","dateModified":"2025-11-24T14:54:41+00:00","breadcrumb":{"@id":"https:\/\/webdesi-gn.fr\/dev_deltalabo\/produits\/iso-6614\/instrument-de-desemulsion-des-huiles-automatique-scavini-astm-d1401-iso-6614\/#breadcrumb"},"inLanguage":"fr-FR","potentialAction":[{"@type":"ReadAction","target":["https:\/\/webdesi-gn.fr\/dev_deltalabo\/produits\/iso-6614\/instrument-de-desemulsion-des-huiles-automatique-scavini-astm-d1401-iso-6614\/"]}]},{"@type":"ImageObject","inLanguage":"fr-FR","@id":"https:\/\/webdesi-gn.fr\/dev_deltalabo\/produits\/iso-6614\/instrument-de-desemulsion-des-huiles-automatique-scavini-astm-d1401-iso-6614\/#primaryimage","url":"https:\/\/webdesi-gn.fr\/dev_deltalabo\/wp-content\/uploads\/2025\/11\/DELTA-LABO-desemulsion-des-huiles-automatique.jpg","contentUrl":"https:\/\/webdesi-gn.fr\/dev_deltalabo\/wp-content\/uploads\/2025\/11\/DELTA-LABO-desemulsion-des-huiles-automatique.jpg","width":900,"height":900},{"@type":"BreadcrumbList","@id":"https:\/\/webdesi-gn.fr\/dev_deltalabo\/produits\/iso-6614\/instrument-de-desemulsion-des-huiles-automatique-scavini-astm-d1401-iso-6614\/#breadcrumb","itemListElement":[{"@type":"ListItem","position":1,"name":"Accueil","item":"https:\/\/webdesi-gn.fr\/dev_deltalabo\/"},{"@type":"ListItem","position":2,"name":"Produits","item":"https:\/\/webdesi-gn.fr\/dev_deltalabo\/produits\/"},{"@type":"ListItem","position":3,"name":"Instrument de d\u00e9s\u00e9mulsion des huiles automatique SCAVINI AD1401-500 &#8211; ASTM D1401 &#8211; ISO 6614"}]},{"@type":"WebSite","@id":"https:\/\/webdesi-gn.fr\/dev_deltalabo\/#website","url":"https:\/\/webdesi-gn.fr\/dev_deltalabo\/","name":"Delta Labo","description":"Un site utilisant WordPress","publisher":{"@id":"https:\/\/webdesi-gn.fr\/dev_deltalabo\/#organization"},"alternateName":"Delta Labo","potentialAction":[{"@type":"SearchAction","target":{"@type":"EntryPoint","urlTemplate":"https:\/\/webdesi-gn.fr\/dev_deltalabo\/?s={search_term_string}"},"query-input":{"@type":"PropertyValueSpecification","valueRequired":true,"valueName":"search_term_string"}}],"inLanguage":"fr-FR"},{"@type":"Organization","@id":"https:\/\/webdesi-gn.fr\/dev_deltalabo\/#organization","name":"DeltaLabo","url":"https:\/\/webdesi-gn.fr\/dev_deltalabo\/","logo":{"@type":"ImageObject","inLanguage":"fr-FR","@id":"https:\/\/webdesi-gn.fr\/dev_deltalabo\/#\/schema\/logo\/image\/","url":"https:\/\/webdesi-gn.fr\/dev_deltalabo\/wp-content\/uploads\/2022\/07\/logo-deltalabo.png","contentUrl":"https:\/\/webdesi-gn.fr\/dev_deltalabo\/wp-content\/uploads\/2022\/07\/logo-deltalabo.png","width":694,"height":306,"caption":"DeltaLabo"},"image":{"@id":"https:\/\/webdesi-gn.fr\/dev_deltalabo\/#\/schema\/logo\/image\/"}}]}},"_links":{"self":[{"href":"https:\/\/webdesi-gn.fr\/dev_deltalabo\/wp-json\/wp\/v2\/product\/260366","targetHints":{"allow":["GET"]}}],"collection":[{"href":"https:\/\/webdesi-gn.fr\/dev_deltalabo\/wp-json\/wp\/v2\/product"}],"about":[{"href":"https:\/\/webdesi-gn.fr\/dev_deltalabo\/wp-json\/wp\/v2\/types\/product"}],"wp:featuredmedia":[{"embeddable":true,"href":"https:\/\/webdesi-gn.fr\/dev_deltalabo\/wp-json\/wp\/v2\/media\/261955"}],"wp:attachment":[{"href":"https:\/\/webdesi-gn.fr\/dev_deltalabo\/wp-json\/wp\/v2\/media?parent=260366"}],"wp:term":[{"taxonomy":"domaine","embeddable":true,"href":"https:\/\/webdesi-gn.fr\/dev_deltalabo\/wp-json\/wp\/v2\/domaine?post=260366"},{"taxonomy":"normes","embeddable":true,"href":"https:\/\/webdesi-gn.fr\/dev_deltalabo\/wp-json\/wp\/v2\/normes?post=260366"},{"taxonomy":"product_brand","embeddable":true,"href":"https:\/\/webdesi-gn.fr\/dev_deltalabo\/wp-json\/wp\/v2\/product_brand?post=260366"},{"taxonomy":"product_cat","embeddable":true,"href":"https:\/\/webdesi-gn.fr\/dev_deltalabo\/wp-json\/wp\/v2\/product_cat?post=260366"},{"taxonomy":"product_tag","embeddable":true,"href":"https:\/\/webdesi-gn.fr\/dev_deltalabo\/wp-json\/wp\/v2\/product_tag?post=260366"}],"curies":[{"name":"wp","href":"https:\/\/api.w.org\/{rel}","templated":true}]}}