{"id":260371,"date":"2025-06-12T13:37:23","date_gmt":"2025-06-12T11:37:23","guid":{"rendered":"https:\/\/webdesi-gn.fr\/dev_deltalabo\/?post_type=product&#038;p=260371"},"modified":"2025-11-24T13:41:24","modified_gmt":"2025-11-24T12:41:24","slug":"instrument-de-determination-des-pertes-a-evaporation-des-graisses-scavini","status":"publish","type":"product","link":"https:\/\/webdesi-gn.fr\/dev_deltalabo\/produits\/cat-produit\/instrument-de-determination-des-pertes-a-evaporation-des-graisses-scavini\/","title":{"rendered":"Instrument de d\u00e9termination des pertes \u00e0 l&rsquo;\u00e9vaporation des graisses SCAVINI &#8211; ASTM D972 et IP 183"},"content":{"rendered":"","protected":false},"excerpt":{"rendered":"<p><strong>Instrument de d\u00e9termination des pertes \u00e0 l&rsquo;\u00e9vaporation des graisses SCAVINI &#8211; ASTM D972 et IP 183 :\u00a0<\/strong><\/p>\n<p>Conforme aux normes ASTM D972 et IP 183, l&rsquo;instrument de d\u00e9termination des pertes \u00e0 l&rsquo;\u00e9vaporation des graisses Scavini est dot\u00e9<span class=\"Y2IQFc\" lang=\"fr\"> d&rsquo;un bo\u00eetier contenant un bain en acier inoxydable et des d\u00e9bitm\u00e8tres de pr\u00e9cision livr\u00e9s avec certificat (2L\/min). Le bain est \u00e9quip\u00e9 d&rsquo;un couvercle en acier inoxydable perc\u00e9 de trous pour l&rsquo;introduction des cellules d&rsquo;\u00e9vaporation.<\/span><\/p>\n<p>Sp\u00e9cificit\u00e9s :<\/p>\n<ul>\n<li>Mod\u00e8le 2 positions mais existe aussi en 4 positions<\/li>\n<li><span class=\"Y2IQFc\" lang=\"fr\">Cuve en acier inoxydable avec robinet de vidange<\/span><\/li>\n<li>Agitateur \u00e9lectrique avec axe et pale d&rsquo;agitation inox<\/li>\n<li>Plage de temp\u00e9rature de l&rsquo;ambiante \u00e0 220\u00b0C<\/li>\n<li>Dispositif de s\u00e9curit\u00e9 contre la surchauffe et les niveaux bas<\/li>\n<\/ul>\n<p><strong>T\u00e9l\u00e9charger la brochure produit :<\/strong> <a href=\"https:\/\/www.deltalabo.fr\/wp-content\/uploads\/2025\/06\/AD0972-100-perte-par-evaporation-des-graisses-huiles-eng-DL-2025.pdf\">Instrument de d\u00e9termination des pertes \u00e0 \u00e9vaporation des graisses SCAVINI<\/a><\/p>\n","protected":false},"featured_media":261954,"template":"","meta":{"_acf_changed":false,"site-sidebar-layout":"default","site-content-layout":"","ast-site-content-layout":"default","site-content-style":"default","site-sidebar-style":"default","ast-global-header-display":"","ast-banner-title-visibility":"","ast-main-header-display":"","ast-hfb-above-header-display":"","ast-hfb-below-header-display":"","ast-hfb-mobile-header-display":"","site-post-title":"","ast-breadcrumbs-content":"","ast-featured-img":"","footer-sml-layout":"","ast-disable-related-posts":"","theme-transparent-header-meta":"","adv-header-id-meta":"","stick-header-meta":"","header-above-stick-meta":"","header-main-stick-meta":"","header-below-stick-meta":"","astra-migrate-meta-layouts":"default","ast-page-background-enabled":"default","ast-page-background-meta":{"desktop":{"background-color":"var(--ast-global-color-5)","background-image":"","background-repeat":"repeat","background-position":"center center","background-size":"auto","background-attachment":"scroll","background-type":"","background-media":"","overlay-type":"","overlay-color":"","overlay-opacity":"","overlay-gradient":""},"tablet":{"background-color":"","background-image":"","background-repeat":"repeat","background-position":"center center","background-size":"auto","background-attachment":"scroll","background-type":"","background-media":"","overlay-type":"","overlay-color":"","overlay-opacity":"","overlay-gradient":""},"mobile":{"background-color":"","background-image":"","background-repeat":"repeat","background-position":"center center","background-size":"auto","background-attachment":"scroll","background-type":"","background-media":"","overlay-type":"","overlay-color":"","overlay-opacity":"","overlay-gradient":""}},"ast-content-background-meta":{"desktop":{"background-color":"var(--ast-global-color-4)","background-image":"","background-repeat":"repeat","background-position":"center center","background-size":"auto","background-attachment":"scroll","background-type":"","background-media":"","overlay-type":"","overlay-color":"","overlay-opacity":"","overlay-gradient":""},"tablet":{"background-color":"var(--ast-global-color-4)","background-image":"","background-repeat":"repeat","background-position":"center center","background-size":"auto","background-attachment":"scroll","background-type":"","background-media":"","overlay-type":"","overlay-color":"","overlay-opacity":"","overlay-gradient":""},"mobile":{"background-color":"var(--ast-global-color-4)","background-image":"","background-repeat":"repeat","background-position":"center center","background-size":"auto","background-attachment":"scroll","background-type":"","background-media":"","overlay-type":"","overlay-color":"","overlay-opacity":"","overlay-gradient":""}}},"domaine":[],"normes":[3401,17135,17171],"product_brand":[],"product_cat":[15],"product_tag":[],"class_list":{"0":"post-260371","1":"product","2":"type-product","3":"status-publish","4":"has-post-thumbnail","6":"normes-d972","7":"normes-din-51562","8":"normes-ip-183","9":"product_cat-cat-produit","10":"desktop-align-left","11":"tablet-align-left","12":"mobile-align-left","14":"first","15":"instock","16":"shipping-taxable","17":"purchasable","18":"product-type-simple"},"acf":[],"yoast_head":"<!-- This site is optimized with the Yoast SEO plugin v27.4 - https:\/\/yoast.com\/product\/yoast-seo-wordpress\/ -->\n<title>Instrument de d\u00e9termination des pertes \u00e0 l&#039;\u00e9vaporation des graisses SCAVINI - ASTM D972 et IP 183 | DeltaLabo<\/title>\n<meta name=\"robots\" content=\"noindex, follow, max-snippet:-1, max-image-preview:large, max-video-preview:-1\" \/>\n<meta property=\"og:locale\" content=\"fr_FR\" \/>\n<meta property=\"og:type\" content=\"article\" \/>\n<meta property=\"og:title\" content=\"Instrument de d\u00e9termination des pertes \u00e0 l&#039;\u00e9vaporation des graisses SCAVINI - ASTM D972 et IP 183 | DeltaLabo\" \/>\n<meta property=\"og:description\" content=\"Instrument de d\u00e9termination des pertes \u00e0 l&#039;\u00e9vaporation des graisses SCAVINI - ASTM D972 et IP 183 :\u00a0  Conforme aux normes ASTM D972 et IP 183, l&#039;instrument de d\u00e9termination des pertes \u00e0 l&#039;\u00e9vaporation des graisses Scavini est dot\u00e9 d&#039;un bo\u00eetier contenant un bain en acier inoxydable et des d\u00e9bitm\u00e8tres de pr\u00e9cision livr\u00e9s avec certificat (2L\/min). Le bain est \u00e9quip\u00e9 d&#039;un couvercle en acier inoxydable perc\u00e9 de trous pour l&#039;introduction des cellules d&#039;\u00e9vaporation.  Sp\u00e9cificit\u00e9s :   Mod\u00e8le 2 positions mais existe aussi en 4 positions  Cuve en acier inoxydable avec robinet de vidange  Agitateur \u00e9lectrique avec axe et pale d&#039;agitation inox  Plage de temp\u00e9rature de l&#039;ambiante \u00e0 220\u00b0C  Dispositif de s\u00e9curit\u00e9 contre la surchauffe et les niveaux bas  T\u00e9l\u00e9charger la brochure produit : Instrument de d\u00e9termination des pertes \u00e0 \u00e9vaporation des graisses SCAVINI\" \/>\n<meta property=\"og:url\" content=\"https:\/\/webdesi-gn.fr\/dev_deltalabo\/produits\/cat-produit\/instrument-de-determination-des-pertes-a-evaporation-des-graisses-scavini\/\" \/>\n<meta property=\"og:site_name\" content=\"DeltaLabo\" \/>\n<meta property=\"article:modified_time\" content=\"2025-11-24T12:41:24+00:00\" \/>\n<meta property=\"og:image\" content=\"https:\/\/webdesi-gn.fr\/dev_deltalabo\/wp-content\/uploads\/2025\/06\/DELTA-LABO-AD0972-100.jpg\" \/>\n\t<meta property=\"og:image:width\" content=\"900\" \/>\n\t<meta property=\"og:image:height\" content=\"900\" \/>\n\t<meta property=\"og:image:type\" content=\"image\/jpeg\" \/>\n<meta name=\"twitter:card\" content=\"summary_large_image\" \/>\n<meta name=\"twitter:label1\" content=\"Dur\u00e9e de lecture estim\u00e9e\" \/>\n\t<meta name=\"twitter:data1\" content=\"1 minute\" \/>\n<script type=\"application\/ld+json\" class=\"yoast-schema-graph\">{\"@context\":\"https:\\\/\\\/schema.org\",\"@graph\":[{\"@type\":\"WebPage\",\"@id\":\"https:\\\/\\\/webdesi-gn.fr\\\/dev_deltalabo\\\/produits\\\/cat-produit\\\/instrument-de-determination-des-pertes-a-evaporation-des-graisses-scavini\\\/\",\"url\":\"https:\\\/\\\/webdesi-gn.fr\\\/dev_deltalabo\\\/produits\\\/cat-produit\\\/instrument-de-determination-des-pertes-a-evaporation-des-graisses-scavini\\\/\",\"name\":\"Instrument de d\u00e9termination des pertes \u00e0 l'\u00e9vaporation des graisses SCAVINI - ASTM D972 et IP 183 | DeltaLabo\",\"isPartOf\":{\"@id\":\"https:\\\/\\\/webdesi-gn.fr\\\/dev_deltalabo\\\/#website\"},\"primaryImageOfPage\":{\"@id\":\"https:\\\/\\\/webdesi-gn.fr\\\/dev_deltalabo\\\/produits\\\/cat-produit\\\/instrument-de-determination-des-pertes-a-evaporation-des-graisses-scavini\\\/#primaryimage\"},\"image\":{\"@id\":\"https:\\\/\\\/webdesi-gn.fr\\\/dev_deltalabo\\\/produits\\\/cat-produit\\\/instrument-de-determination-des-pertes-a-evaporation-des-graisses-scavini\\\/#primaryimage\"},\"thumbnailUrl\":\"https:\\\/\\\/webdesi-gn.fr\\\/dev_deltalabo\\\/wp-content\\\/uploads\\\/2025\\\/11\\\/DELTA-LABO-AD0972-100.jpg\",\"datePublished\":\"2025-06-12T11:37:23+00:00\",\"dateModified\":\"2025-11-24T12:41:24+00:00\",\"breadcrumb\":{\"@id\":\"https:\\\/\\\/webdesi-gn.fr\\\/dev_deltalabo\\\/produits\\\/cat-produit\\\/instrument-de-determination-des-pertes-a-evaporation-des-graisses-scavini\\\/#breadcrumb\"},\"inLanguage\":\"fr-FR\",\"potentialAction\":[{\"@type\":\"ReadAction\",\"target\":[\"https:\\\/\\\/webdesi-gn.fr\\\/dev_deltalabo\\\/produits\\\/cat-produit\\\/instrument-de-determination-des-pertes-a-evaporation-des-graisses-scavini\\\/\"]}]},{\"@type\":\"ImageObject\",\"inLanguage\":\"fr-FR\",\"@id\":\"https:\\\/\\\/webdesi-gn.fr\\\/dev_deltalabo\\\/produits\\\/cat-produit\\\/instrument-de-determination-des-pertes-a-evaporation-des-graisses-scavini\\\/#primaryimage\",\"url\":\"https:\\\/\\\/webdesi-gn.fr\\\/dev_deltalabo\\\/wp-content\\\/uploads\\\/2025\\\/11\\\/DELTA-LABO-AD0972-100.jpg\",\"contentUrl\":\"https:\\\/\\\/webdesi-gn.fr\\\/dev_deltalabo\\\/wp-content\\\/uploads\\\/2025\\\/11\\\/DELTA-LABO-AD0972-100.jpg\",\"width\":900,\"height\":900},{\"@type\":\"BreadcrumbList\",\"@id\":\"https:\\\/\\\/webdesi-gn.fr\\\/dev_deltalabo\\\/produits\\\/cat-produit\\\/instrument-de-determination-des-pertes-a-evaporation-des-graisses-scavini\\\/#breadcrumb\",\"itemListElement\":[{\"@type\":\"ListItem\",\"position\":1,\"name\":\"Accueil\",\"item\":\"https:\\\/\\\/webdesi-gn.fr\\\/dev_deltalabo\\\/\"},{\"@type\":\"ListItem\",\"position\":2,\"name\":\"Produits\",\"item\":\"https:\\\/\\\/webdesi-gn.fr\\\/dev_deltalabo\\\/produits\\\/\"},{\"@type\":\"ListItem\",\"position\":3,\"name\":\"Instrument de d\u00e9termination des pertes \u00e0 l&rsquo;\u00e9vaporation des graisses SCAVINI &#8211; ASTM D972 et IP 183\"}]},{\"@type\":\"WebSite\",\"@id\":\"https:\\\/\\\/webdesi-gn.fr\\\/dev_deltalabo\\\/#website\",\"url\":\"https:\\\/\\\/webdesi-gn.fr\\\/dev_deltalabo\\\/\",\"name\":\"Delta Labo\",\"description\":\"Un site utilisant WordPress\",\"publisher\":{\"@id\":\"https:\\\/\\\/webdesi-gn.fr\\\/dev_deltalabo\\\/#organization\"},\"alternateName\":\"Delta Labo\",\"potentialAction\":[{\"@type\":\"SearchAction\",\"target\":{\"@type\":\"EntryPoint\",\"urlTemplate\":\"https:\\\/\\\/webdesi-gn.fr\\\/dev_deltalabo\\\/?s={search_term_string}\"},\"query-input\":{\"@type\":\"PropertyValueSpecification\",\"valueRequired\":true,\"valueName\":\"search_term_string\"}}],\"inLanguage\":\"fr-FR\"},{\"@type\":\"Organization\",\"@id\":\"https:\\\/\\\/webdesi-gn.fr\\\/dev_deltalabo\\\/#organization\",\"name\":\"DeltaLabo\",\"url\":\"https:\\\/\\\/webdesi-gn.fr\\\/dev_deltalabo\\\/\",\"logo\":{\"@type\":\"ImageObject\",\"inLanguage\":\"fr-FR\",\"@id\":\"https:\\\/\\\/webdesi-gn.fr\\\/dev_deltalabo\\\/#\\\/schema\\\/logo\\\/image\\\/\",\"url\":\"https:\\\/\\\/webdesi-gn.fr\\\/dev_deltalabo\\\/wp-content\\\/uploads\\\/2022\\\/07\\\/logo-deltalabo.png\",\"contentUrl\":\"https:\\\/\\\/webdesi-gn.fr\\\/dev_deltalabo\\\/wp-content\\\/uploads\\\/2022\\\/07\\\/logo-deltalabo.png\",\"width\":694,\"height\":306,\"caption\":\"DeltaLabo\"},\"image\":{\"@id\":\"https:\\\/\\\/webdesi-gn.fr\\\/dev_deltalabo\\\/#\\\/schema\\\/logo\\\/image\\\/\"}}]}<\/script>\n<!-- \/ Yoast SEO plugin. -->","yoast_head_json":{"title":"Instrument de d\u00e9termination des pertes \u00e0 l'\u00e9vaporation des graisses SCAVINI - ASTM D972 et IP 183 | DeltaLabo","robots":{"index":"noindex","follow":"follow","max-snippet":"max-snippet:-1","max-image-preview":"max-image-preview:large","max-video-preview":"max-video-preview:-1"},"og_locale":"fr_FR","og_type":"article","og_title":"Instrument de d\u00e9termination des pertes \u00e0 l'\u00e9vaporation des graisses SCAVINI - ASTM D972 et IP 183 | DeltaLabo","og_description":"Instrument de d\u00e9termination des pertes \u00e0 l'\u00e9vaporation des graisses SCAVINI - ASTM D972 et IP 183 :\u00a0  Conforme aux normes ASTM D972 et IP 183, l'instrument de d\u00e9termination des pertes \u00e0 l'\u00e9vaporation des graisses Scavini est dot\u00e9 d'un bo\u00eetier contenant un bain en acier inoxydable et des d\u00e9bitm\u00e8tres de pr\u00e9cision livr\u00e9s avec certificat (2L\/min). Le bain est \u00e9quip\u00e9 d'un couvercle en acier inoxydable perc\u00e9 de trous pour l'introduction des cellules d'\u00e9vaporation.  Sp\u00e9cificit\u00e9s :   Mod\u00e8le 2 positions mais existe aussi en 4 positions  Cuve en acier inoxydable avec robinet de vidange  Agitateur \u00e9lectrique avec axe et pale d'agitation inox  Plage de temp\u00e9rature de l'ambiante \u00e0 220\u00b0C  Dispositif de s\u00e9curit\u00e9 contre la surchauffe et les niveaux bas  T\u00e9l\u00e9charger la brochure produit : Instrument de d\u00e9termination des pertes \u00e0 \u00e9vaporation des graisses SCAVINI","og_url":"https:\/\/webdesi-gn.fr\/dev_deltalabo\/produits\/cat-produit\/instrument-de-determination-des-pertes-a-evaporation-des-graisses-scavini\/","og_site_name":"DeltaLabo","article_modified_time":"2025-11-24T12:41:24+00:00","og_image":[{"width":900,"height":900,"url":"https:\/\/webdesi-gn.fr\/dev_deltalabo\/wp-content\/uploads\/2025\/06\/DELTA-LABO-AD0972-100.jpg","type":"image\/jpeg"}],"twitter_card":"summary_large_image","twitter_misc":{"Dur\u00e9e de lecture estim\u00e9e":"1 minute"},"schema":{"@context":"https:\/\/schema.org","@graph":[{"@type":"WebPage","@id":"https:\/\/webdesi-gn.fr\/dev_deltalabo\/produits\/cat-produit\/instrument-de-determination-des-pertes-a-evaporation-des-graisses-scavini\/","url":"https:\/\/webdesi-gn.fr\/dev_deltalabo\/produits\/cat-produit\/instrument-de-determination-des-pertes-a-evaporation-des-graisses-scavini\/","name":"Instrument de d\u00e9termination des pertes \u00e0 l'\u00e9vaporation des graisses SCAVINI - ASTM D972 et IP 183 | DeltaLabo","isPartOf":{"@id":"https:\/\/webdesi-gn.fr\/dev_deltalabo\/#website"},"primaryImageOfPage":{"@id":"https:\/\/webdesi-gn.fr\/dev_deltalabo\/produits\/cat-produit\/instrument-de-determination-des-pertes-a-evaporation-des-graisses-scavini\/#primaryimage"},"image":{"@id":"https:\/\/webdesi-gn.fr\/dev_deltalabo\/produits\/cat-produit\/instrument-de-determination-des-pertes-a-evaporation-des-graisses-scavini\/#primaryimage"},"thumbnailUrl":"https:\/\/webdesi-gn.fr\/dev_deltalabo\/wp-content\/uploads\/2025\/11\/DELTA-LABO-AD0972-100.jpg","datePublished":"2025-06-12T11:37:23+00:00","dateModified":"2025-11-24T12:41:24+00:00","breadcrumb":{"@id":"https:\/\/webdesi-gn.fr\/dev_deltalabo\/produits\/cat-produit\/instrument-de-determination-des-pertes-a-evaporation-des-graisses-scavini\/#breadcrumb"},"inLanguage":"fr-FR","potentialAction":[{"@type":"ReadAction","target":["https:\/\/webdesi-gn.fr\/dev_deltalabo\/produits\/cat-produit\/instrument-de-determination-des-pertes-a-evaporation-des-graisses-scavini\/"]}]},{"@type":"ImageObject","inLanguage":"fr-FR","@id":"https:\/\/webdesi-gn.fr\/dev_deltalabo\/produits\/cat-produit\/instrument-de-determination-des-pertes-a-evaporation-des-graisses-scavini\/#primaryimage","url":"https:\/\/webdesi-gn.fr\/dev_deltalabo\/wp-content\/uploads\/2025\/11\/DELTA-LABO-AD0972-100.jpg","contentUrl":"https:\/\/webdesi-gn.fr\/dev_deltalabo\/wp-content\/uploads\/2025\/11\/DELTA-LABO-AD0972-100.jpg","width":900,"height":900},{"@type":"BreadcrumbList","@id":"https:\/\/webdesi-gn.fr\/dev_deltalabo\/produits\/cat-produit\/instrument-de-determination-des-pertes-a-evaporation-des-graisses-scavini\/#breadcrumb","itemListElement":[{"@type":"ListItem","position":1,"name":"Accueil","item":"https:\/\/webdesi-gn.fr\/dev_deltalabo\/"},{"@type":"ListItem","position":2,"name":"Produits","item":"https:\/\/webdesi-gn.fr\/dev_deltalabo\/produits\/"},{"@type":"ListItem","position":3,"name":"Instrument de d\u00e9termination des pertes \u00e0 l&rsquo;\u00e9vaporation des graisses SCAVINI &#8211; ASTM D972 et IP 183"}]},{"@type":"WebSite","@id":"https:\/\/webdesi-gn.fr\/dev_deltalabo\/#website","url":"https:\/\/webdesi-gn.fr\/dev_deltalabo\/","name":"Delta Labo","description":"Un site utilisant WordPress","publisher":{"@id":"https:\/\/webdesi-gn.fr\/dev_deltalabo\/#organization"},"alternateName":"Delta Labo","potentialAction":[{"@type":"SearchAction","target":{"@type":"EntryPoint","urlTemplate":"https:\/\/webdesi-gn.fr\/dev_deltalabo\/?s={search_term_string}"},"query-input":{"@type":"PropertyValueSpecification","valueRequired":true,"valueName":"search_term_string"}}],"inLanguage":"fr-FR"},{"@type":"Organization","@id":"https:\/\/webdesi-gn.fr\/dev_deltalabo\/#organization","name":"DeltaLabo","url":"https:\/\/webdesi-gn.fr\/dev_deltalabo\/","logo":{"@type":"ImageObject","inLanguage":"fr-FR","@id":"https:\/\/webdesi-gn.fr\/dev_deltalabo\/#\/schema\/logo\/image\/","url":"https:\/\/webdesi-gn.fr\/dev_deltalabo\/wp-content\/uploads\/2022\/07\/logo-deltalabo.png","contentUrl":"https:\/\/webdesi-gn.fr\/dev_deltalabo\/wp-content\/uploads\/2022\/07\/logo-deltalabo.png","width":694,"height":306,"caption":"DeltaLabo"},"image":{"@id":"https:\/\/webdesi-gn.fr\/dev_deltalabo\/#\/schema\/logo\/image\/"}}]}},"_links":{"self":[{"href":"https:\/\/webdesi-gn.fr\/dev_deltalabo\/wp-json\/wp\/v2\/product\/260371","targetHints":{"allow":["GET"]}}],"collection":[{"href":"https:\/\/webdesi-gn.fr\/dev_deltalabo\/wp-json\/wp\/v2\/product"}],"about":[{"href":"https:\/\/webdesi-gn.fr\/dev_deltalabo\/wp-json\/wp\/v2\/types\/product"}],"wp:featuredmedia":[{"embeddable":true,"href":"https:\/\/webdesi-gn.fr\/dev_deltalabo\/wp-json\/wp\/v2\/media\/261954"}],"wp:attachment":[{"href":"https:\/\/webdesi-gn.fr\/dev_deltalabo\/wp-json\/wp\/v2\/media?parent=260371"}],"wp:term":[{"taxonomy":"domaine","embeddable":true,"href":"https:\/\/webdesi-gn.fr\/dev_deltalabo\/wp-json\/wp\/v2\/domaine?post=260371"},{"taxonomy":"normes","embeddable":true,"href":"https:\/\/webdesi-gn.fr\/dev_deltalabo\/wp-json\/wp\/v2\/normes?post=260371"},{"taxonomy":"product_brand","embeddable":true,"href":"https:\/\/webdesi-gn.fr\/dev_deltalabo\/wp-json\/wp\/v2\/product_brand?post=260371"},{"taxonomy":"product_cat","embeddable":true,"href":"https:\/\/webdesi-gn.fr\/dev_deltalabo\/wp-json\/wp\/v2\/product_cat?post=260371"},{"taxonomy":"product_tag","embeddable":true,"href":"https:\/\/webdesi-gn.fr\/dev_deltalabo\/wp-json\/wp\/v2\/product_tag?post=260371"}],"curies":[{"name":"wp","href":"https:\/\/api.w.org\/{rel}","templated":true}]}}