{"id":260519,"date":"2025-06-24T15:47:31","date_gmt":"2025-06-24T13:47:31","guid":{"rendered":"https:\/\/webdesi-gn.fr\/dev_deltalabo\/?post_type=product&#038;p=260519"},"modified":"2025-11-24T13:41:23","modified_gmt":"2025-11-24T12:41:23","slug":"thermostat-a-circulation-et-de-process-lauda-integral-p","status":"publish","type":"product","link":"https:\/\/webdesi-gn.fr\/dev_deltalabo\/produits\/thermostatisation\/thermostat-a-circulation-et-de-process-lauda-integral-p\/","title":{"rendered":"Thermostat \u00e0 circulation et de process LAUDA INTEGRAL P"},"content":{"rendered":"","protected":false},"excerpt":{"rendered":"<p><strong>Thermostat \u00e0 circulation et de process LAUDA INTEGRAL P :<\/strong><\/p>\n<p>Les thermostats de process LAUDA Integral P permettent des circulations externes allant jusqu&rsquo;\u00e0 4 bars. Les m\u00e9langes eau-glycol non inflammables peuvent \u00eatre utilis\u00e9s dans une plage de temp\u00e9rature allant de -40\u00b0C \u00e0 140\u00b0C.<\/p>\n<div class=\"col-12 col-md-4\">\n<div class=\"richtext\">\n<p>Gr\u00e2ce \u00e0 la pompe coupl\u00e9e \u00e0 un sol\u00e9noide magn\u00e9tique \u00e0 r\u00e9gulation \u00e9lectronique, il est possible de r\u00e9gler des d\u00e9bits optimis\u00e9s pour diff\u00e9rentes applications.<\/p>\n<p>Caract\u00e9ristiques :<\/p>\n<\/div>\n<\/div>\n<div class=\"col-md-6\">\n<div class=\"list\">\n<ul>\n<li class=\"listContainer\">\n<div class=\"linePerformance\">Puissance frigorifique de 20 kW \u00e0 25 kW<\/div>\n<\/li>\n<li class=\"listContainer\">\n<div class=\"linePerformance\">Puissance de chauffage de 16 kW \u00e0 24 kW<\/div>\n<\/li>\n<li class=\"listContainer\">\n<div class=\"listContainerInner\">Cycles rapides de refroidissement et de chauffage<\/div>\n<\/li>\n<li class=\"listContainer\">D\u00e9bits volumiques li\u00e9s \u00e0 la demande dans l&rsquo;application<\/li>\n<li class=\"listContainer\">\n<div class=\"listContainerInner\">Performance optimale de l&rsquo;Integral P, m\u00eame en cas de chute de pression extr\u00eamement \u00e9lev\u00e9e avec un faible d\u00e9bit volum\u00e9trique<\/div>\n<\/li>\n<\/ul>\n<\/div>\n<\/div>\n<div class=\"col-12 col-md-4\">\n<div class=\"richtext\">\n<p><strong>T\u00e9l\u00e9charger la brochure produit :<\/strong> <a href=\"https:\/\/www.deltalabo.fr\/wp-content\/uploads\/2025\/07\/LAUDA_Catalogue_General_2024_25-FR-DL-thermostat-a-circulation-Integral-P.pdf\">Thermostat \u00e0 circulation et de process LAUDA INTEGRAL P<\/a><\/p>\n<\/div>\n<\/div>\n<p><strong>Visualiser l&rsquo;utilisation du produit :<\/strong> <a href=\"https:\/\/youtu.be\/5FAUaKjXpqs?t=5\">Thermostat \u00e0 circulation et de process LAUDA INTEGRAL P<\/a><\/p>\n","protected":false},"featured_media":261945,"template":"","meta":{"_acf_changed":false,"site-sidebar-layout":"default","site-content-layout":"","ast-site-content-layout":"default","site-content-style":"default","site-sidebar-style":"default","ast-global-header-display":"","ast-banner-title-visibility":"","ast-main-header-display":"","ast-hfb-above-header-display":"","ast-hfb-below-header-display":"","ast-hfb-mobile-header-display":"","site-post-title":"","ast-breadcrumbs-content":"","ast-featured-img":"","footer-sml-layout":"","ast-disable-related-posts":"","theme-transparent-header-meta":"","adv-header-id-meta":"","stick-header-meta":"","header-above-stick-meta":"","header-main-stick-meta":"","header-below-stick-meta":"","astra-migrate-meta-layouts":"default","ast-page-background-enabled":"default","ast-page-background-meta":{"desktop":{"background-color":"var(--ast-global-color-5)","background-image":"","background-repeat":"repeat","background-position":"center center","background-size":"auto","background-attachment":"scroll","background-type":"","background-media":"","overlay-type":"","overlay-color":"","overlay-opacity":"","overlay-gradient":""},"tablet":{"background-color":"","background-image":"","background-repeat":"repeat","background-position":"center center","background-size":"auto","background-attachment":"scroll","background-type":"","background-media":"","overlay-type":"","overlay-color":"","overlay-opacity":"","overlay-gradient":""},"mobile":{"background-color":"","background-image":"","background-repeat":"repeat","background-position":"center center","background-size":"auto","background-attachment":"scroll","background-type":"","background-media":"","overlay-type":"","overlay-color":"","overlay-opacity":"","overlay-gradient":""}},"ast-content-background-meta":{"desktop":{"background-color":"var(--ast-global-color-4)","background-image":"","background-repeat":"repeat","background-position":"center center","background-size":"auto","background-attachment":"scroll","background-type":"","background-media":"","overlay-type":"","overlay-color":"","overlay-opacity":"","overlay-gradient":""},"tablet":{"background-color":"var(--ast-global-color-4)","background-image":"","background-repeat":"repeat","background-position":"center center","background-size":"auto","background-attachment":"scroll","background-type":"","background-media":"","overlay-type":"","overlay-color":"","overlay-opacity":"","overlay-gradient":""},"mobile":{"background-color":"var(--ast-global-color-4)","background-image":"","background-repeat":"repeat","background-position":"center center","background-size":"auto","background-attachment":"scroll","background-type":"","background-media":"","overlay-type":"","overlay-color":"","overlay-opacity":"","overlay-gradient":""}}},"domaine":[17187],"normes":[17135],"product_brand":[],"product_cat":[17423],"product_tag":[],"class_list":{"0":"post-260519","1":"product","2":"type-product","3":"status-publish","4":"has-post-thumbnail","6":"domaine-thermostatisation","7":"normes-din-51562","8":"product_cat-thermostatisation","9":"desktop-align-left","10":"tablet-align-left","11":"mobile-align-left","13":"first","14":"instock","15":"shipping-taxable","16":"purchasable","17":"product-type-simple"},"acf":[],"yoast_head":"<!-- This site is optimized with the Yoast SEO plugin v27.4 - https:\/\/yoast.com\/product\/yoast-seo-wordpress\/ -->\n<title>Thermostat \u00e0 circulation et de process LAUDA INTEGRAL P | DeltaLabo<\/title>\n<meta name=\"robots\" content=\"noindex, follow, max-snippet:-1, max-image-preview:large, max-video-preview:-1\" \/>\n<meta property=\"og:locale\" content=\"fr_FR\" \/>\n<meta property=\"og:type\" content=\"article\" \/>\n<meta property=\"og:title\" content=\"Thermostat \u00e0 circulation et de process LAUDA INTEGRAL P | DeltaLabo\" \/>\n<meta property=\"og:description\" content=\"Thermostat \u00e0 circulation et de process LAUDA INTEGRAL P :  Les thermostats de process LAUDA Integral P permettent des circulations externes allant jusqu&#039;\u00e0 4 bars. Les m\u00e9langes eau-glycol non inflammables peuvent \u00eatre utilis\u00e9s dans une plage de temp\u00e9rature allant de -40\u00b0C \u00e0 140\u00b0C.    Gr\u00e2ce \u00e0 la pompe coupl\u00e9e \u00e0 un sol\u00e9noide magn\u00e9tique \u00e0 r\u00e9gulation \u00e9lectronique, il est possible de r\u00e9gler des d\u00e9bits optimis\u00e9s pour diff\u00e9rentes applications.  Caract\u00e9ristiques :         Puissance frigorifique de 20 kW \u00e0 25 kW   Puissance de chauffage de 16 kW \u00e0 24 kW   Cycles rapides de refroidissement et de chauffage  D\u00e9bits volumiques li\u00e9s \u00e0 la demande dans l&#039;application   Performance optimale de l&#039;Integral P, m\u00eame en cas de chute de pression extr\u00eamement \u00e9lev\u00e9e avec un faible d\u00e9bit volum\u00e9trique       T\u00e9l\u00e9charger la brochure produit : Thermostat \u00e0 circulation et de process LAUDA INTEGRAL P    Visualiser l&#039;utilisation du produit : Thermostat \u00e0 circulation et de process LAUDA INTEGRAL P\" \/>\n<meta property=\"og:url\" content=\"https:\/\/webdesi-gn.fr\/dev_deltalabo\/produits\/cat-produit\/thermostat-a-circulation-et-de-process-lauda-integral-p\/\" \/>\n<meta property=\"og:site_name\" content=\"DeltaLabo\" \/>\n<meta property=\"article:modified_time\" content=\"2025-11-24T12:41:23+00:00\" \/>\n<meta property=\"og:image\" content=\"https:\/\/webdesi-gn.fr\/dev_deltalabo\/wp-content\/uploads\/2025\/06\/LAUDA-thermostat-a-circulation-Integral-P.png\" \/>\n\t<meta property=\"og:image:width\" content=\"800\" \/>\n\t<meta property=\"og:image:height\" content=\"800\" \/>\n\t<meta property=\"og:image:type\" content=\"image\/png\" \/>\n<meta name=\"twitter:card\" content=\"summary_large_image\" \/>\n<meta name=\"twitter:label1\" content=\"Dur\u00e9e de lecture estim\u00e9e\" \/>\n\t<meta name=\"twitter:data1\" content=\"1 minute\" \/>\n<script type=\"application\/ld+json\" class=\"yoast-schema-graph\">{\"@context\":\"https:\\\/\\\/schema.org\",\"@graph\":[{\"@type\":\"WebPage\",\"@id\":\"https:\\\/\\\/webdesi-gn.fr\\\/dev_deltalabo\\\/produits\\\/cat-produit\\\/thermostat-a-circulation-et-de-process-lauda-integral-p\\\/\",\"url\":\"https:\\\/\\\/webdesi-gn.fr\\\/dev_deltalabo\\\/produits\\\/cat-produit\\\/thermostat-a-circulation-et-de-process-lauda-integral-p\\\/\",\"name\":\"Thermostat \u00e0 circulation et de process LAUDA INTEGRAL P | DeltaLabo\",\"isPartOf\":{\"@id\":\"https:\\\/\\\/webdesi-gn.fr\\\/dev_deltalabo\\\/#website\"},\"primaryImageOfPage\":{\"@id\":\"https:\\\/\\\/webdesi-gn.fr\\\/dev_deltalabo\\\/produits\\\/cat-produit\\\/thermostat-a-circulation-et-de-process-lauda-integral-p\\\/#primaryimage\"},\"image\":{\"@id\":\"https:\\\/\\\/webdesi-gn.fr\\\/dev_deltalabo\\\/produits\\\/cat-produit\\\/thermostat-a-circulation-et-de-process-lauda-integral-p\\\/#primaryimage\"},\"thumbnailUrl\":\"https:\\\/\\\/webdesi-gn.fr\\\/dev_deltalabo\\\/wp-content\\\/uploads\\\/2025\\\/11\\\/LAUDA-thermostat-a-circulation-Integral-P.png\",\"datePublished\":\"2025-06-24T13:47:31+00:00\",\"dateModified\":\"2025-11-24T12:41:23+00:00\",\"breadcrumb\":{\"@id\":\"https:\\\/\\\/webdesi-gn.fr\\\/dev_deltalabo\\\/produits\\\/cat-produit\\\/thermostat-a-circulation-et-de-process-lauda-integral-p\\\/#breadcrumb\"},\"inLanguage\":\"fr-FR\",\"potentialAction\":[{\"@type\":\"ReadAction\",\"target\":[\"https:\\\/\\\/webdesi-gn.fr\\\/dev_deltalabo\\\/produits\\\/cat-produit\\\/thermostat-a-circulation-et-de-process-lauda-integral-p\\\/\"]}]},{\"@type\":\"ImageObject\",\"inLanguage\":\"fr-FR\",\"@id\":\"https:\\\/\\\/webdesi-gn.fr\\\/dev_deltalabo\\\/produits\\\/cat-produit\\\/thermostat-a-circulation-et-de-process-lauda-integral-p\\\/#primaryimage\",\"url\":\"https:\\\/\\\/webdesi-gn.fr\\\/dev_deltalabo\\\/wp-content\\\/uploads\\\/2025\\\/11\\\/LAUDA-thermostat-a-circulation-Integral-P.png\",\"contentUrl\":\"https:\\\/\\\/webdesi-gn.fr\\\/dev_deltalabo\\\/wp-content\\\/uploads\\\/2025\\\/11\\\/LAUDA-thermostat-a-circulation-Integral-P.png\",\"width\":800,\"height\":800},{\"@type\":\"BreadcrumbList\",\"@id\":\"https:\\\/\\\/webdesi-gn.fr\\\/dev_deltalabo\\\/produits\\\/cat-produit\\\/thermostat-a-circulation-et-de-process-lauda-integral-p\\\/#breadcrumb\",\"itemListElement\":[{\"@type\":\"ListItem\",\"position\":1,\"name\":\"Accueil\",\"item\":\"https:\\\/\\\/webdesi-gn.fr\\\/dev_deltalabo\\\/\"},{\"@type\":\"ListItem\",\"position\":2,\"name\":\"Produits\",\"item\":\"https:\\\/\\\/webdesi-gn.fr\\\/dev_deltalabo\\\/produits\\\/\"},{\"@type\":\"ListItem\",\"position\":3,\"name\":\"Thermostat \u00e0 circulation et de process LAUDA INTEGRAL P\"}]},{\"@type\":\"WebSite\",\"@id\":\"https:\\\/\\\/webdesi-gn.fr\\\/dev_deltalabo\\\/#website\",\"url\":\"https:\\\/\\\/webdesi-gn.fr\\\/dev_deltalabo\\\/\",\"name\":\"Delta Labo\",\"description\":\"Un site utilisant WordPress\",\"publisher\":{\"@id\":\"https:\\\/\\\/webdesi-gn.fr\\\/dev_deltalabo\\\/#organization\"},\"alternateName\":\"Delta Labo\",\"potentialAction\":[{\"@type\":\"SearchAction\",\"target\":{\"@type\":\"EntryPoint\",\"urlTemplate\":\"https:\\\/\\\/webdesi-gn.fr\\\/dev_deltalabo\\\/?s={search_term_string}\"},\"query-input\":{\"@type\":\"PropertyValueSpecification\",\"valueRequired\":true,\"valueName\":\"search_term_string\"}}],\"inLanguage\":\"fr-FR\"},{\"@type\":\"Organization\",\"@id\":\"https:\\\/\\\/webdesi-gn.fr\\\/dev_deltalabo\\\/#organization\",\"name\":\"DeltaLabo\",\"url\":\"https:\\\/\\\/webdesi-gn.fr\\\/dev_deltalabo\\\/\",\"logo\":{\"@type\":\"ImageObject\",\"inLanguage\":\"fr-FR\",\"@id\":\"https:\\\/\\\/webdesi-gn.fr\\\/dev_deltalabo\\\/#\\\/schema\\\/logo\\\/image\\\/\",\"url\":\"https:\\\/\\\/webdesi-gn.fr\\\/dev_deltalabo\\\/wp-content\\\/uploads\\\/2022\\\/07\\\/logo-deltalabo.png\",\"contentUrl\":\"https:\\\/\\\/webdesi-gn.fr\\\/dev_deltalabo\\\/wp-content\\\/uploads\\\/2022\\\/07\\\/logo-deltalabo.png\",\"width\":694,\"height\":306,\"caption\":\"DeltaLabo\"},\"image\":{\"@id\":\"https:\\\/\\\/webdesi-gn.fr\\\/dev_deltalabo\\\/#\\\/schema\\\/logo\\\/image\\\/\"}}]}<\/script>\n<!-- \/ Yoast SEO plugin. -->","yoast_head_json":{"title":"Thermostat \u00e0 circulation et de process LAUDA INTEGRAL P | DeltaLabo","robots":{"index":"noindex","follow":"follow","max-snippet":"max-snippet:-1","max-image-preview":"max-image-preview:large","max-video-preview":"max-video-preview:-1"},"og_locale":"fr_FR","og_type":"article","og_title":"Thermostat \u00e0 circulation et de process LAUDA INTEGRAL P | DeltaLabo","og_description":"Thermostat \u00e0 circulation et de process LAUDA INTEGRAL P :  Les thermostats de process LAUDA Integral P permettent des circulations externes allant jusqu'\u00e0 4 bars. Les m\u00e9langes eau-glycol non inflammables peuvent \u00eatre utilis\u00e9s dans une plage de temp\u00e9rature allant de -40\u00b0C \u00e0 140\u00b0C.    Gr\u00e2ce \u00e0 la pompe coupl\u00e9e \u00e0 un sol\u00e9noide magn\u00e9tique \u00e0 r\u00e9gulation \u00e9lectronique, il est possible de r\u00e9gler des d\u00e9bits optimis\u00e9s pour diff\u00e9rentes applications.  Caract\u00e9ristiques :         Puissance frigorifique de 20 kW \u00e0 25 kW   Puissance de chauffage de 16 kW \u00e0 24 kW   Cycles rapides de refroidissement et de chauffage  D\u00e9bits volumiques li\u00e9s \u00e0 la demande dans l'application   Performance optimale de l'Integral P, m\u00eame en cas de chute de pression extr\u00eamement \u00e9lev\u00e9e avec un faible d\u00e9bit volum\u00e9trique       T\u00e9l\u00e9charger la brochure produit : Thermostat \u00e0 circulation et de process LAUDA INTEGRAL P    Visualiser l'utilisation du produit : Thermostat \u00e0 circulation et de process LAUDA INTEGRAL P","og_url":"https:\/\/webdesi-gn.fr\/dev_deltalabo\/produits\/cat-produit\/thermostat-a-circulation-et-de-process-lauda-integral-p\/","og_site_name":"DeltaLabo","article_modified_time":"2025-11-24T12:41:23+00:00","og_image":[{"width":800,"height":800,"url":"https:\/\/webdesi-gn.fr\/dev_deltalabo\/wp-content\/uploads\/2025\/06\/LAUDA-thermostat-a-circulation-Integral-P.png","type":"image\/png"}],"twitter_card":"summary_large_image","twitter_misc":{"Dur\u00e9e de lecture estim\u00e9e":"1 minute"},"schema":{"@context":"https:\/\/schema.org","@graph":[{"@type":"WebPage","@id":"https:\/\/webdesi-gn.fr\/dev_deltalabo\/produits\/cat-produit\/thermostat-a-circulation-et-de-process-lauda-integral-p\/","url":"https:\/\/webdesi-gn.fr\/dev_deltalabo\/produits\/cat-produit\/thermostat-a-circulation-et-de-process-lauda-integral-p\/","name":"Thermostat \u00e0 circulation et de process LAUDA INTEGRAL P | DeltaLabo","isPartOf":{"@id":"https:\/\/webdesi-gn.fr\/dev_deltalabo\/#website"},"primaryImageOfPage":{"@id":"https:\/\/webdesi-gn.fr\/dev_deltalabo\/produits\/cat-produit\/thermostat-a-circulation-et-de-process-lauda-integral-p\/#primaryimage"},"image":{"@id":"https:\/\/webdesi-gn.fr\/dev_deltalabo\/produits\/cat-produit\/thermostat-a-circulation-et-de-process-lauda-integral-p\/#primaryimage"},"thumbnailUrl":"https:\/\/webdesi-gn.fr\/dev_deltalabo\/wp-content\/uploads\/2025\/11\/LAUDA-thermostat-a-circulation-Integral-P.png","datePublished":"2025-06-24T13:47:31+00:00","dateModified":"2025-11-24T12:41:23+00:00","breadcrumb":{"@id":"https:\/\/webdesi-gn.fr\/dev_deltalabo\/produits\/cat-produit\/thermostat-a-circulation-et-de-process-lauda-integral-p\/#breadcrumb"},"inLanguage":"fr-FR","potentialAction":[{"@type":"ReadAction","target":["https:\/\/webdesi-gn.fr\/dev_deltalabo\/produits\/cat-produit\/thermostat-a-circulation-et-de-process-lauda-integral-p\/"]}]},{"@type":"ImageObject","inLanguage":"fr-FR","@id":"https:\/\/webdesi-gn.fr\/dev_deltalabo\/produits\/cat-produit\/thermostat-a-circulation-et-de-process-lauda-integral-p\/#primaryimage","url":"https:\/\/webdesi-gn.fr\/dev_deltalabo\/wp-content\/uploads\/2025\/11\/LAUDA-thermostat-a-circulation-Integral-P.png","contentUrl":"https:\/\/webdesi-gn.fr\/dev_deltalabo\/wp-content\/uploads\/2025\/11\/LAUDA-thermostat-a-circulation-Integral-P.png","width":800,"height":800},{"@type":"BreadcrumbList","@id":"https:\/\/webdesi-gn.fr\/dev_deltalabo\/produits\/cat-produit\/thermostat-a-circulation-et-de-process-lauda-integral-p\/#breadcrumb","itemListElement":[{"@type":"ListItem","position":1,"name":"Accueil","item":"https:\/\/webdesi-gn.fr\/dev_deltalabo\/"},{"@type":"ListItem","position":2,"name":"Produits","item":"https:\/\/webdesi-gn.fr\/dev_deltalabo\/produits\/"},{"@type":"ListItem","position":3,"name":"Thermostat \u00e0 circulation et de process LAUDA INTEGRAL P"}]},{"@type":"WebSite","@id":"https:\/\/webdesi-gn.fr\/dev_deltalabo\/#website","url":"https:\/\/webdesi-gn.fr\/dev_deltalabo\/","name":"Delta Labo","description":"Un site utilisant WordPress","publisher":{"@id":"https:\/\/webdesi-gn.fr\/dev_deltalabo\/#organization"},"alternateName":"Delta Labo","potentialAction":[{"@type":"SearchAction","target":{"@type":"EntryPoint","urlTemplate":"https:\/\/webdesi-gn.fr\/dev_deltalabo\/?s={search_term_string}"},"query-input":{"@type":"PropertyValueSpecification","valueRequired":true,"valueName":"search_term_string"}}],"inLanguage":"fr-FR"},{"@type":"Organization","@id":"https:\/\/webdesi-gn.fr\/dev_deltalabo\/#organization","name":"DeltaLabo","url":"https:\/\/webdesi-gn.fr\/dev_deltalabo\/","logo":{"@type":"ImageObject","inLanguage":"fr-FR","@id":"https:\/\/webdesi-gn.fr\/dev_deltalabo\/#\/schema\/logo\/image\/","url":"https:\/\/webdesi-gn.fr\/dev_deltalabo\/wp-content\/uploads\/2022\/07\/logo-deltalabo.png","contentUrl":"https:\/\/webdesi-gn.fr\/dev_deltalabo\/wp-content\/uploads\/2022\/07\/logo-deltalabo.png","width":694,"height":306,"caption":"DeltaLabo"},"image":{"@id":"https:\/\/webdesi-gn.fr\/dev_deltalabo\/#\/schema\/logo\/image\/"}}]}},"_links":{"self":[{"href":"https:\/\/webdesi-gn.fr\/dev_deltalabo\/wp-json\/wp\/v2\/product\/260519","targetHints":{"allow":["GET"]}}],"collection":[{"href":"https:\/\/webdesi-gn.fr\/dev_deltalabo\/wp-json\/wp\/v2\/product"}],"about":[{"href":"https:\/\/webdesi-gn.fr\/dev_deltalabo\/wp-json\/wp\/v2\/types\/product"}],"wp:featuredmedia":[{"embeddable":true,"href":"https:\/\/webdesi-gn.fr\/dev_deltalabo\/wp-json\/wp\/v2\/media\/261945"}],"wp:attachment":[{"href":"https:\/\/webdesi-gn.fr\/dev_deltalabo\/wp-json\/wp\/v2\/media?parent=260519"}],"wp:term":[{"taxonomy":"domaine","embeddable":true,"href":"https:\/\/webdesi-gn.fr\/dev_deltalabo\/wp-json\/wp\/v2\/domaine?post=260519"},{"taxonomy":"normes","embeddable":true,"href":"https:\/\/webdesi-gn.fr\/dev_deltalabo\/wp-json\/wp\/v2\/normes?post=260519"},{"taxonomy":"product_brand","embeddable":true,"href":"https:\/\/webdesi-gn.fr\/dev_deltalabo\/wp-json\/wp\/v2\/product_brand?post=260519"},{"taxonomy":"product_cat","embeddable":true,"href":"https:\/\/webdesi-gn.fr\/dev_deltalabo\/wp-json\/wp\/v2\/product_cat?post=260519"},{"taxonomy":"product_tag","embeddable":true,"href":"https:\/\/webdesi-gn.fr\/dev_deltalabo\/wp-json\/wp\/v2\/product_tag?post=260519"}],"curies":[{"name":"wp","href":"https:\/\/api.w.org\/{rel}","templated":true}]}}