{"id":260523,"date":"2025-06-24T16:11:44","date_gmt":"2025-06-24T14:11:44","guid":{"rendered":"https:\/\/webdesi-gn.fr\/dev_deltalabo\/?post_type=product&#038;p=260523"},"modified":"2025-11-24T13:41:23","modified_gmt":"2025-11-24T12:41:23","slug":"thermostat-a-circulation-et-de-process-lauda-ultratemp","status":"publish","type":"product","link":"https:\/\/webdesi-gn.fr\/dev_deltalabo\/produits\/thermostatisation\/thermostat-a-circulation-et-de-process-lauda-ultratemp\/","title":{"rendered":"Thermostat \u00e0 circulation et de process LAUDA ULTRATEMP"},"content":{"rendered":"","protected":false},"excerpt":{"rendered":"<p><strong>Thermostat \u00e0 circulation et de process LAUDA ULTRATEMP :<\/strong><\/p>\n<p>Les thermostats \u00e0 circulation et de process LAUDA ULTRATEMP offrent une thermor\u00e9gulation performante pour les applications biotechnologiques et industrielles, \u00e0 des co\u00fbts d&rsquo;exploitation r\u00e9duits et sur une plage de temp\u00e9rature allant de -5\u00b0C \u00e0 60\u00b0C.<\/p>\n<p>Ces nouveaux thermostats de process Ultratemp permettent ainsi par exemple d&rsquo;obtenir les capacit\u00e9s de chauffage et de refroidissement \u00e9lev\u00e9es requises dans le cadre de process de longue dur\u00e9e \u00e0 des temp\u00e9ratures constantes de 37\u00b0C et peuvent ensuite refroidir tr\u00e8s rapidement le contenu du r\u00e9acteur.<\/p>\n<p>Les thermostats Ultratemp comprennent trois types de thermor\u00e9gulateurs avec des puissances de chauffage et de refroidissement \u00e9lev\u00e9es de 25 \u00e0 50 kW, en particulier pour les applications de bior\u00e9acteurs avec des volumes de r\u00e9acteurs de 2000 \u00e0 5000 litres dans une plage de temp\u00e9rature mod\u00e9r\u00e9e.<\/p>\n<div class=\"col-12 col-md-4\">\n<div class=\"richtext\">\n<p>Caract\u00e9ristiques :<\/p>\n<\/div>\n<\/div>\n<div class=\"col-md-6\">\n<div class=\"list\">\n<ul>\n<li class=\"listContainer\">Commande intuitive via un \u00e9cran LCD ou via un serveur web int\u00e9gr\u00e9 via un PC<\/li>\n<li class=\"listContainer\">Grande constance de temp\u00e9rature de \u00b10,5 K<\/li>\n<li class=\"listContainer\">Manipulation simple et co\u00fbts d&rsquo;exploitation r\u00e9duits gr\u00e2ce aux fluides ininflammables que sont l&rsquo;eau ou l&rsquo;eau-glycol<\/li>\n<li class=\"listContainer\">Utilisation dans le monde entier gr\u00e2ce \u00e0 une alimentation \u00e9lectrique bifr\u00e9quence 400 V ; 3\/PE ; 50 Hz &amp; 460 V ; 3\/PE ; 60 Hz<\/li>\n<\/ul>\n<\/div>\n<\/div>\n<div class=\"col-12 col-md-4\">\n<div class=\"richtext\">\n<p><strong>T\u00e9l\u00e9charger la brochure produit :<\/strong> <a href=\"https:\/\/www.deltalabo.fr\/wp-content\/uploads\/2025\/07\/LAUDA_Catalogue_General_2024_25-FR-DL-thermostat-a-circulation-Ultratemp.pdf\">Thermostat \u00e0 circulation et de process LAUDA ULTRATEMP<\/a><\/p>\n<\/div>\n<\/div>\n<p><strong>Visualiser l&rsquo;utilisation du produit :<\/strong> <a href=\"https:\/\/youtu.be\/niBbA28aKM8?t=6\">Thermostat \u00e0 circulation et de process LAUDA ULTRATEMP<\/a><\/p>\n","protected":false},"featured_media":261944,"template":"","meta":{"_acf_changed":false,"site-sidebar-layout":"default","site-content-layout":"","ast-site-content-layout":"default","site-content-style":"default","site-sidebar-style":"default","ast-global-header-display":"","ast-banner-title-visibility":"","ast-main-header-display":"","ast-hfb-above-header-display":"","ast-hfb-below-header-display":"","ast-hfb-mobile-header-display":"","site-post-title":"","ast-breadcrumbs-content":"","ast-featured-img":"","footer-sml-layout":"","ast-disable-related-posts":"","theme-transparent-header-meta":"","adv-header-id-meta":"","stick-header-meta":"","header-above-stick-meta":"","header-main-stick-meta":"","header-below-stick-meta":"","astra-migrate-meta-layouts":"default","ast-page-background-enabled":"default","ast-page-background-meta":{"desktop":{"background-color":"var(--ast-global-color-5)","background-image":"","background-repeat":"repeat","background-position":"center center","background-size":"auto","background-attachment":"scroll","background-type":"","background-media":"","overlay-type":"","overlay-color":"","overlay-opacity":"","overlay-gradient":""},"tablet":{"background-color":"","background-image":"","background-repeat":"repeat","background-position":"center center","background-size":"auto","background-attachment":"scroll","background-type":"","background-media":"","overlay-type":"","overlay-color":"","overlay-opacity":"","overlay-gradient":""},"mobile":{"background-color":"","background-image":"","background-repeat":"repeat","background-position":"center center","background-size":"auto","background-attachment":"scroll","background-type":"","background-media":"","overlay-type":"","overlay-color":"","overlay-opacity":"","overlay-gradient":""}},"ast-content-background-meta":{"desktop":{"background-color":"var(--ast-global-color-4)","background-image":"","background-repeat":"repeat","background-position":"center center","background-size":"auto","background-attachment":"scroll","background-type":"","background-media":"","overlay-type":"","overlay-color":"","overlay-opacity":"","overlay-gradient":""},"tablet":{"background-color":"var(--ast-global-color-4)","background-image":"","background-repeat":"repeat","background-position":"center center","background-size":"auto","background-attachment":"scroll","background-type":"","background-media":"","overlay-type":"","overlay-color":"","overlay-opacity":"","overlay-gradient":""},"mobile":{"background-color":"var(--ast-global-color-4)","background-image":"","background-repeat":"repeat","background-position":"center center","background-size":"auto","background-attachment":"scroll","background-type":"","background-media":"","overlay-type":"","overlay-color":"","overlay-opacity":"","overlay-gradient":""}}},"domaine":[17187],"normes":[17135],"product_brand":[],"product_cat":[17423],"product_tag":[],"class_list":{"0":"post-260523","1":"product","2":"type-product","3":"status-publish","4":"has-post-thumbnail","6":"domaine-thermostatisation","7":"normes-din-51562","8":"product_cat-thermostatisation","9":"desktop-align-left","10":"tablet-align-left","11":"mobile-align-left","13":"first","14":"instock","15":"shipping-taxable","16":"purchasable","17":"product-type-simple"},"acf":[],"yoast_head":"<!-- This site is optimized with the Yoast SEO plugin v27.4 - https:\/\/yoast.com\/product\/yoast-seo-wordpress\/ -->\n<title>Thermostat \u00e0 circulation et de process LAUDA ULTRATEMP | DeltaLabo<\/title>\n<meta name=\"robots\" content=\"noindex, follow, max-snippet:-1, max-image-preview:large, max-video-preview:-1\" \/>\n<meta property=\"og:locale\" content=\"fr_FR\" \/>\n<meta property=\"og:type\" content=\"article\" \/>\n<meta property=\"og:title\" content=\"Thermostat \u00e0 circulation et de process LAUDA ULTRATEMP | DeltaLabo\" \/>\n<meta property=\"og:description\" content=\"Thermostat \u00e0 circulation et de process LAUDA ULTRATEMP :  Les thermostats \u00e0 circulation et de process LAUDA ULTRATEMP offrent une thermor\u00e9gulation performante pour les applications biotechnologiques et industrielles, \u00e0 des co\u00fbts d&#039;exploitation r\u00e9duits et sur une plage de temp\u00e9rature allant de -5\u00b0C \u00e0 60\u00b0C.  Ces nouveaux thermostats de process Ultratemp permettent ainsi par exemple d&#039;obtenir les capacit\u00e9s de chauffage et de refroidissement \u00e9lev\u00e9es requises dans le cadre de process de longue dur\u00e9e \u00e0 des temp\u00e9ratures constantes de 37\u00b0C et peuvent ensuite refroidir tr\u00e8s rapidement le contenu du r\u00e9acteur.  Les thermostats Ultratemp comprennent trois types de thermor\u00e9gulateurs avec des puissances de chauffage et de refroidissement \u00e9lev\u00e9es de 25 \u00e0 50 kW, en particulier pour les applications de bior\u00e9acteurs avec des volumes de r\u00e9acteurs de 2000 \u00e0 5000 litres dans une plage de temp\u00e9rature mod\u00e9r\u00e9e.    Caract\u00e9ristiques :        Commande intuitive via un \u00e9cran LCD ou via un serveur web int\u00e9gr\u00e9 via un PC  Grande constance de temp\u00e9rature de \u00b10,5 K  Manipulation simple et co\u00fbts d&#039;exploitation r\u00e9duits gr\u00e2ce aux fluides ininflammables que sont l&#039;eau ou l&#039;eau-glycol  Utilisation dans le monde entier gr\u00e2ce \u00e0 une alimentation \u00e9lectrique bifr\u00e9quence 400 V ; 3\/PE ; 50 Hz &amp; 460 V ; 3\/PE ; 60 Hz       T\u00e9l\u00e9charger la brochure produit : Thermostat \u00e0 circulation et de process LAUDA ULTRATEMP    Visualiser l&#039;utilisation du produit : Thermostat \u00e0 circulation et de process LAUDA ULTRATEMP\" \/>\n<meta property=\"og:url\" content=\"https:\/\/webdesi-gn.fr\/dev_deltalabo\/produits\/cat-produit\/thermostat-a-circulation-et-de-process-lauda-ultratemp\/\" \/>\n<meta property=\"og:site_name\" content=\"DeltaLabo\" \/>\n<meta property=\"article:modified_time\" content=\"2025-11-24T12:41:23+00:00\" \/>\n<meta property=\"og:image\" content=\"https:\/\/webdesi-gn.fr\/dev_deltalabo\/wp-content\/uploads\/2025\/06\/LAUDA_Ultratemp-1.png\" \/>\n\t<meta property=\"og:image:width\" content=\"800\" \/>\n\t<meta property=\"og:image:height\" content=\"800\" \/>\n\t<meta property=\"og:image:type\" content=\"image\/png\" \/>\n<meta name=\"twitter:card\" content=\"summary_large_image\" \/>\n<meta name=\"twitter:label1\" content=\"Dur\u00e9e de lecture estim\u00e9e\" \/>\n\t<meta name=\"twitter:data1\" content=\"1 minute\" \/>\n<script type=\"application\/ld+json\" class=\"yoast-schema-graph\">{\"@context\":\"https:\\\/\\\/schema.org\",\"@graph\":[{\"@type\":\"WebPage\",\"@id\":\"https:\\\/\\\/webdesi-gn.fr\\\/dev_deltalabo\\\/produits\\\/cat-produit\\\/thermostat-a-circulation-et-de-process-lauda-ultratemp\\\/\",\"url\":\"https:\\\/\\\/webdesi-gn.fr\\\/dev_deltalabo\\\/produits\\\/cat-produit\\\/thermostat-a-circulation-et-de-process-lauda-ultratemp\\\/\",\"name\":\"Thermostat \u00e0 circulation et de process LAUDA ULTRATEMP | DeltaLabo\",\"isPartOf\":{\"@id\":\"https:\\\/\\\/webdesi-gn.fr\\\/dev_deltalabo\\\/#website\"},\"primaryImageOfPage\":{\"@id\":\"https:\\\/\\\/webdesi-gn.fr\\\/dev_deltalabo\\\/produits\\\/cat-produit\\\/thermostat-a-circulation-et-de-process-lauda-ultratemp\\\/#primaryimage\"},\"image\":{\"@id\":\"https:\\\/\\\/webdesi-gn.fr\\\/dev_deltalabo\\\/produits\\\/cat-produit\\\/thermostat-a-circulation-et-de-process-lauda-ultratemp\\\/#primaryimage\"},\"thumbnailUrl\":\"https:\\\/\\\/webdesi-gn.fr\\\/dev_deltalabo\\\/wp-content\\\/uploads\\\/2025\\\/11\\\/LAUDA_Ultratemp-1.png\",\"datePublished\":\"2025-06-24T14:11:44+00:00\",\"dateModified\":\"2025-11-24T12:41:23+00:00\",\"breadcrumb\":{\"@id\":\"https:\\\/\\\/webdesi-gn.fr\\\/dev_deltalabo\\\/produits\\\/cat-produit\\\/thermostat-a-circulation-et-de-process-lauda-ultratemp\\\/#breadcrumb\"},\"inLanguage\":\"fr-FR\",\"potentialAction\":[{\"@type\":\"ReadAction\",\"target\":[\"https:\\\/\\\/webdesi-gn.fr\\\/dev_deltalabo\\\/produits\\\/cat-produit\\\/thermostat-a-circulation-et-de-process-lauda-ultratemp\\\/\"]}]},{\"@type\":\"ImageObject\",\"inLanguage\":\"fr-FR\",\"@id\":\"https:\\\/\\\/webdesi-gn.fr\\\/dev_deltalabo\\\/produits\\\/cat-produit\\\/thermostat-a-circulation-et-de-process-lauda-ultratemp\\\/#primaryimage\",\"url\":\"https:\\\/\\\/webdesi-gn.fr\\\/dev_deltalabo\\\/wp-content\\\/uploads\\\/2025\\\/11\\\/LAUDA_Ultratemp-1.png\",\"contentUrl\":\"https:\\\/\\\/webdesi-gn.fr\\\/dev_deltalabo\\\/wp-content\\\/uploads\\\/2025\\\/11\\\/LAUDA_Ultratemp-1.png\",\"width\":800,\"height\":800},{\"@type\":\"BreadcrumbList\",\"@id\":\"https:\\\/\\\/webdesi-gn.fr\\\/dev_deltalabo\\\/produits\\\/cat-produit\\\/thermostat-a-circulation-et-de-process-lauda-ultratemp\\\/#breadcrumb\",\"itemListElement\":[{\"@type\":\"ListItem\",\"position\":1,\"name\":\"Accueil\",\"item\":\"https:\\\/\\\/webdesi-gn.fr\\\/dev_deltalabo\\\/\"},{\"@type\":\"ListItem\",\"position\":2,\"name\":\"Produits\",\"item\":\"https:\\\/\\\/webdesi-gn.fr\\\/dev_deltalabo\\\/produits\\\/\"},{\"@type\":\"ListItem\",\"position\":3,\"name\":\"Thermostat \u00e0 circulation et de process LAUDA ULTRATEMP\"}]},{\"@type\":\"WebSite\",\"@id\":\"https:\\\/\\\/webdesi-gn.fr\\\/dev_deltalabo\\\/#website\",\"url\":\"https:\\\/\\\/webdesi-gn.fr\\\/dev_deltalabo\\\/\",\"name\":\"Delta Labo\",\"description\":\"Un site utilisant WordPress\",\"publisher\":{\"@id\":\"https:\\\/\\\/webdesi-gn.fr\\\/dev_deltalabo\\\/#organization\"},\"alternateName\":\"Delta Labo\",\"potentialAction\":[{\"@type\":\"SearchAction\",\"target\":{\"@type\":\"EntryPoint\",\"urlTemplate\":\"https:\\\/\\\/webdesi-gn.fr\\\/dev_deltalabo\\\/?s={search_term_string}\"},\"query-input\":{\"@type\":\"PropertyValueSpecification\",\"valueRequired\":true,\"valueName\":\"search_term_string\"}}],\"inLanguage\":\"fr-FR\"},{\"@type\":\"Organization\",\"@id\":\"https:\\\/\\\/webdesi-gn.fr\\\/dev_deltalabo\\\/#organization\",\"name\":\"DeltaLabo\",\"url\":\"https:\\\/\\\/webdesi-gn.fr\\\/dev_deltalabo\\\/\",\"logo\":{\"@type\":\"ImageObject\",\"inLanguage\":\"fr-FR\",\"@id\":\"https:\\\/\\\/webdesi-gn.fr\\\/dev_deltalabo\\\/#\\\/schema\\\/logo\\\/image\\\/\",\"url\":\"https:\\\/\\\/webdesi-gn.fr\\\/dev_deltalabo\\\/wp-content\\\/uploads\\\/2022\\\/07\\\/logo-deltalabo.png\",\"contentUrl\":\"https:\\\/\\\/webdesi-gn.fr\\\/dev_deltalabo\\\/wp-content\\\/uploads\\\/2022\\\/07\\\/logo-deltalabo.png\",\"width\":694,\"height\":306,\"caption\":\"DeltaLabo\"},\"image\":{\"@id\":\"https:\\\/\\\/webdesi-gn.fr\\\/dev_deltalabo\\\/#\\\/schema\\\/logo\\\/image\\\/\"}}]}<\/script>\n<!-- \/ Yoast SEO plugin. -->","yoast_head_json":{"title":"Thermostat \u00e0 circulation et de process LAUDA ULTRATEMP | DeltaLabo","robots":{"index":"noindex","follow":"follow","max-snippet":"max-snippet:-1","max-image-preview":"max-image-preview:large","max-video-preview":"max-video-preview:-1"},"og_locale":"fr_FR","og_type":"article","og_title":"Thermostat \u00e0 circulation et de process LAUDA ULTRATEMP | DeltaLabo","og_description":"Thermostat \u00e0 circulation et de process LAUDA ULTRATEMP :  Les thermostats \u00e0 circulation et de process LAUDA ULTRATEMP offrent une thermor\u00e9gulation performante pour les applications biotechnologiques et industrielles, \u00e0 des co\u00fbts d'exploitation r\u00e9duits et sur une plage de temp\u00e9rature allant de -5\u00b0C \u00e0 60\u00b0C.  Ces nouveaux thermostats de process Ultratemp permettent ainsi par exemple d'obtenir les capacit\u00e9s de chauffage et de refroidissement \u00e9lev\u00e9es requises dans le cadre de process de longue dur\u00e9e \u00e0 des temp\u00e9ratures constantes de 37\u00b0C et peuvent ensuite refroidir tr\u00e8s rapidement le contenu du r\u00e9acteur.  Les thermostats Ultratemp comprennent trois types de thermor\u00e9gulateurs avec des puissances de chauffage et de refroidissement \u00e9lev\u00e9es de 25 \u00e0 50 kW, en particulier pour les applications de bior\u00e9acteurs avec des volumes de r\u00e9acteurs de 2000 \u00e0 5000 litres dans une plage de temp\u00e9rature mod\u00e9r\u00e9e.    Caract\u00e9ristiques :        Commande intuitive via un \u00e9cran LCD ou via un serveur web int\u00e9gr\u00e9 via un PC  Grande constance de temp\u00e9rature de \u00b10,5 K  Manipulation simple et co\u00fbts d'exploitation r\u00e9duits gr\u00e2ce aux fluides ininflammables que sont l'eau ou l'eau-glycol  Utilisation dans le monde entier gr\u00e2ce \u00e0 une alimentation \u00e9lectrique bifr\u00e9quence 400 V ; 3\/PE ; 50 Hz &amp; 460 V ; 3\/PE ; 60 Hz       T\u00e9l\u00e9charger la brochure produit : Thermostat \u00e0 circulation et de process LAUDA ULTRATEMP    Visualiser l'utilisation du produit : Thermostat \u00e0 circulation et de process LAUDA ULTRATEMP","og_url":"https:\/\/webdesi-gn.fr\/dev_deltalabo\/produits\/cat-produit\/thermostat-a-circulation-et-de-process-lauda-ultratemp\/","og_site_name":"DeltaLabo","article_modified_time":"2025-11-24T12:41:23+00:00","og_image":[{"width":800,"height":800,"url":"https:\/\/webdesi-gn.fr\/dev_deltalabo\/wp-content\/uploads\/2025\/06\/LAUDA_Ultratemp-1.png","type":"image\/png"}],"twitter_card":"summary_large_image","twitter_misc":{"Dur\u00e9e de lecture estim\u00e9e":"1 minute"},"schema":{"@context":"https:\/\/schema.org","@graph":[{"@type":"WebPage","@id":"https:\/\/webdesi-gn.fr\/dev_deltalabo\/produits\/cat-produit\/thermostat-a-circulation-et-de-process-lauda-ultratemp\/","url":"https:\/\/webdesi-gn.fr\/dev_deltalabo\/produits\/cat-produit\/thermostat-a-circulation-et-de-process-lauda-ultratemp\/","name":"Thermostat \u00e0 circulation et de process LAUDA ULTRATEMP | DeltaLabo","isPartOf":{"@id":"https:\/\/webdesi-gn.fr\/dev_deltalabo\/#website"},"primaryImageOfPage":{"@id":"https:\/\/webdesi-gn.fr\/dev_deltalabo\/produits\/cat-produit\/thermostat-a-circulation-et-de-process-lauda-ultratemp\/#primaryimage"},"image":{"@id":"https:\/\/webdesi-gn.fr\/dev_deltalabo\/produits\/cat-produit\/thermostat-a-circulation-et-de-process-lauda-ultratemp\/#primaryimage"},"thumbnailUrl":"https:\/\/webdesi-gn.fr\/dev_deltalabo\/wp-content\/uploads\/2025\/11\/LAUDA_Ultratemp-1.png","datePublished":"2025-06-24T14:11:44+00:00","dateModified":"2025-11-24T12:41:23+00:00","breadcrumb":{"@id":"https:\/\/webdesi-gn.fr\/dev_deltalabo\/produits\/cat-produit\/thermostat-a-circulation-et-de-process-lauda-ultratemp\/#breadcrumb"},"inLanguage":"fr-FR","potentialAction":[{"@type":"ReadAction","target":["https:\/\/webdesi-gn.fr\/dev_deltalabo\/produits\/cat-produit\/thermostat-a-circulation-et-de-process-lauda-ultratemp\/"]}]},{"@type":"ImageObject","inLanguage":"fr-FR","@id":"https:\/\/webdesi-gn.fr\/dev_deltalabo\/produits\/cat-produit\/thermostat-a-circulation-et-de-process-lauda-ultratemp\/#primaryimage","url":"https:\/\/webdesi-gn.fr\/dev_deltalabo\/wp-content\/uploads\/2025\/11\/LAUDA_Ultratemp-1.png","contentUrl":"https:\/\/webdesi-gn.fr\/dev_deltalabo\/wp-content\/uploads\/2025\/11\/LAUDA_Ultratemp-1.png","width":800,"height":800},{"@type":"BreadcrumbList","@id":"https:\/\/webdesi-gn.fr\/dev_deltalabo\/produits\/cat-produit\/thermostat-a-circulation-et-de-process-lauda-ultratemp\/#breadcrumb","itemListElement":[{"@type":"ListItem","position":1,"name":"Accueil","item":"https:\/\/webdesi-gn.fr\/dev_deltalabo\/"},{"@type":"ListItem","position":2,"name":"Produits","item":"https:\/\/webdesi-gn.fr\/dev_deltalabo\/produits\/"},{"@type":"ListItem","position":3,"name":"Thermostat \u00e0 circulation et de process LAUDA ULTRATEMP"}]},{"@type":"WebSite","@id":"https:\/\/webdesi-gn.fr\/dev_deltalabo\/#website","url":"https:\/\/webdesi-gn.fr\/dev_deltalabo\/","name":"Delta Labo","description":"Un site utilisant WordPress","publisher":{"@id":"https:\/\/webdesi-gn.fr\/dev_deltalabo\/#organization"},"alternateName":"Delta Labo","potentialAction":[{"@type":"SearchAction","target":{"@type":"EntryPoint","urlTemplate":"https:\/\/webdesi-gn.fr\/dev_deltalabo\/?s={search_term_string}"},"query-input":{"@type":"PropertyValueSpecification","valueRequired":true,"valueName":"search_term_string"}}],"inLanguage":"fr-FR"},{"@type":"Organization","@id":"https:\/\/webdesi-gn.fr\/dev_deltalabo\/#organization","name":"DeltaLabo","url":"https:\/\/webdesi-gn.fr\/dev_deltalabo\/","logo":{"@type":"ImageObject","inLanguage":"fr-FR","@id":"https:\/\/webdesi-gn.fr\/dev_deltalabo\/#\/schema\/logo\/image\/","url":"https:\/\/webdesi-gn.fr\/dev_deltalabo\/wp-content\/uploads\/2022\/07\/logo-deltalabo.png","contentUrl":"https:\/\/webdesi-gn.fr\/dev_deltalabo\/wp-content\/uploads\/2022\/07\/logo-deltalabo.png","width":694,"height":306,"caption":"DeltaLabo"},"image":{"@id":"https:\/\/webdesi-gn.fr\/dev_deltalabo\/#\/schema\/logo\/image\/"}}]}},"_links":{"self":[{"href":"https:\/\/webdesi-gn.fr\/dev_deltalabo\/wp-json\/wp\/v2\/product\/260523","targetHints":{"allow":["GET"]}}],"collection":[{"href":"https:\/\/webdesi-gn.fr\/dev_deltalabo\/wp-json\/wp\/v2\/product"}],"about":[{"href":"https:\/\/webdesi-gn.fr\/dev_deltalabo\/wp-json\/wp\/v2\/types\/product"}],"wp:featuredmedia":[{"embeddable":true,"href":"https:\/\/webdesi-gn.fr\/dev_deltalabo\/wp-json\/wp\/v2\/media\/261944"}],"wp:attachment":[{"href":"https:\/\/webdesi-gn.fr\/dev_deltalabo\/wp-json\/wp\/v2\/media?parent=260523"}],"wp:term":[{"taxonomy":"domaine","embeddable":true,"href":"https:\/\/webdesi-gn.fr\/dev_deltalabo\/wp-json\/wp\/v2\/domaine?post=260523"},{"taxonomy":"normes","embeddable":true,"href":"https:\/\/webdesi-gn.fr\/dev_deltalabo\/wp-json\/wp\/v2\/normes?post=260523"},{"taxonomy":"product_brand","embeddable":true,"href":"https:\/\/webdesi-gn.fr\/dev_deltalabo\/wp-json\/wp\/v2\/product_brand?post=260523"},{"taxonomy":"product_cat","embeddable":true,"href":"https:\/\/webdesi-gn.fr\/dev_deltalabo\/wp-json\/wp\/v2\/product_cat?post=260523"},{"taxonomy":"product_tag","embeddable":true,"href":"https:\/\/webdesi-gn.fr\/dev_deltalabo\/wp-json\/wp\/v2\/product_tag?post=260523"}],"curies":[{"name":"wp","href":"https:\/\/api.w.org\/{rel}","templated":true}]}}