{"id":260549,"date":"2025-06-25T15:32:20","date_gmt":"2025-06-25T13:32:20","guid":{"rendered":"https:\/\/webdesi-gn.fr\/dev_deltalabo\/?post_type=product&#038;p=260549"},"modified":"2025-07-08T13:27:03","modified_gmt":"2025-07-08T11:27:03","slug":"thermostat-chauffant-lauda-pro","status":"publish","type":"product","link":"https:\/\/webdesi-gn.fr\/dev_deltalabo\/produits\/cat-produit\/thermostat-chauffant-lauda-pro\/","title":{"rendered":"Thermostat chauffant LAUDA PRO"},"content":{"rendered":"","protected":false},"excerpt":{"rendered":"<p>Les thermostats chauffants LAUDA PRO sont utilis\u00e9s pour une thermor\u00e9gulation professionnelle sur une plage de temp\u00e9rature allant de 30\u00b0C \u00e0 250\u00b0C.<\/p>\n<p>Utilisation flexible, volumes de bain de 10 \u00e0 30 litres, les thermostats chauffants LAUDA PRO sont optimis\u00e9s pour les applications dans le bain avec une tr\u00e8s bonne stabilit\u00e9 de la temp\u00e9rature (temp\u00e9rature constante \u00b1 0,01 K).<\/p>\n<p>Les unit\u00e9s de contr\u00f4le innovantes Base ou Command Touch sont amovibles et utilisables comme t\u00e9l\u00e9commandes.<\/p>\n<p>Les bains thermostat\u00e9s sont disponibles en trois tailles de cuve et sont \u00e9quip\u00e9s en s\u00e9rie d&rsquo;un serpentin de refroidissement.<\/p>\n<p>Caract\u00e9ristiques :<\/p>\n<ul>\n<li>Vanne de vidange sur la partie avant de l&rsquo;appareil<\/li>\n<li>Cuves de bain en acier inoxydable (isol\u00e9es, avec poign\u00e9es)<\/li>\n<li>Pompe Vario interne avec 8 niveaux de puissance s\u00e9lectionnables<\/li>\n<\/ul>\n<p><strong>T\u00e9l\u00e9charger la brochure produit :<\/strong> <a href=\"https:\/\/webdesi-gn.fr\/dev_deltalabo\/wp-content\/uploads\/2025\/07\/LAUDA_Catalogue_General_2024_25-FR-DL-thermostat-chauffant-PRO-1.pdf\">Thermostat chauffant LAUDA PRO<\/a><\/p>\n","protected":false},"featured_media":260811,"template":"","meta":{"_acf_changed":false,"site-sidebar-layout":"default","site-content-layout":"","ast-site-content-layout":"default","site-content-style":"default","site-sidebar-style":"default","ast-global-header-display":"","ast-banner-title-visibility":"","ast-main-header-display":"","ast-hfb-above-header-display":"","ast-hfb-below-header-display":"","ast-hfb-mobile-header-display":"","site-post-title":"","ast-breadcrumbs-content":"","ast-featured-img":"","footer-sml-layout":"","ast-disable-related-posts":"","theme-transparent-header-meta":"","adv-header-id-meta":"","stick-header-meta":"","header-above-stick-meta":"","header-main-stick-meta":"","header-below-stick-meta":"","astra-migrate-meta-layouts":"default","ast-page-background-enabled":"default","ast-page-background-meta":{"desktop":{"background-color":"var(--ast-global-color-5)","background-image":"","background-repeat":"repeat","background-position":"center center","background-size":"auto","background-attachment":"scroll","background-type":"","background-media":"","overlay-type":"","overlay-color":"","overlay-opacity":"","overlay-gradient":""},"tablet":{"background-color":"","background-image":"","background-repeat":"repeat","background-position":"center center","background-size":"auto","background-attachment":"scroll","background-type":"","background-media":"","overlay-type":"","overlay-color":"","overlay-opacity":"","overlay-gradient":""},"mobile":{"background-color":"","background-image":"","background-repeat":"repeat","background-position":"center center","background-size":"auto","background-attachment":"scroll","background-type":"","background-media":"","overlay-type":"","overlay-color":"","overlay-opacity":"","overlay-gradient":""}},"ast-content-background-meta":{"desktop":{"background-color":"var(--ast-global-color-4)","background-image":"","background-repeat":"repeat","background-position":"center center","background-size":"auto","background-attachment":"scroll","background-type":"","background-media":"","overlay-type":"","overlay-color":"","overlay-opacity":"","overlay-gradient":""},"tablet":{"background-color":"var(--ast-global-color-4)","background-image":"","background-repeat":"repeat","background-position":"center center","background-size":"auto","background-attachment":"scroll","background-type":"","background-media":"","overlay-type":"","overlay-color":"","overlay-opacity":"","overlay-gradient":""},"mobile":{"background-color":"var(--ast-global-color-4)","background-image":"","background-repeat":"repeat","background-position":"center center","background-size":"auto","background-attachment":"scroll","background-type":"","background-media":"","overlay-type":"","overlay-color":"","overlay-opacity":"","overlay-gradient":""}}},"domaine":[17187],"normes":[17135],"product_brand":[],"product_cat":[15],"product_tag":[],"class_list":{"0":"post-260549","1":"product","2":"type-product","3":"status-publish","4":"has-post-thumbnail","6":"domaine-thermostatisation","7":"normes-din-51562","8":"product_cat-cat-produit","9":"desktop-align-left","10":"tablet-align-left","11":"mobile-align-left","13":"first","14":"instock","15":"shipping-taxable","16":"purchasable","17":"product-type-simple"},"acf":[],"yoast_head":"<!-- This site is optimized with the Yoast SEO plugin v27.4 - https:\/\/yoast.com\/product\/yoast-seo-wordpress\/ -->\n<title>Thermostat chauffant LAUDA PRO | DeltaLabo<\/title>\n<meta name=\"robots\" content=\"noindex, follow, max-snippet:-1, max-image-preview:large, max-video-preview:-1\" \/>\n<meta property=\"og:locale\" content=\"fr_FR\" \/>\n<meta property=\"og:type\" content=\"article\" \/>\n<meta property=\"og:title\" content=\"Thermostat chauffant LAUDA PRO | DeltaLabo\" \/>\n<meta property=\"og:description\" content=\"Les thermostats chauffants LAUDA PRO sont utilis\u00e9s pour une thermor\u00e9gulation professionnelle sur une plage de temp\u00e9rature allant de 30\u00b0C \u00e0 250\u00b0C.  Utilisation flexible, volumes de bain de 10 \u00e0 30 litres, les thermostats chauffants LAUDA PRO sont optimis\u00e9s pour les applications dans le bain avec une tr\u00e8s bonne stabilit\u00e9 de la temp\u00e9rature (temp\u00e9rature constante \u00b1 0,01 K).  Les unit\u00e9s de contr\u00f4le innovantes Base ou Command Touch sont amovibles et utilisables comme t\u00e9l\u00e9commandes.  Les bains thermostat\u00e9s sont disponibles en trois tailles de cuve et sont \u00e9quip\u00e9s en s\u00e9rie d&#039;un serpentin de refroidissement.  Caract\u00e9ristiques :   Vanne de vidange sur la partie avant de l&#039;appareil  Cuves de bain en acier inoxydable (isol\u00e9es, avec poign\u00e9es)  Pompe Vario interne avec 8 niveaux de puissance s\u00e9lectionnables  T\u00e9l\u00e9charger la brochure produit : Thermostat chauffant LAUDA PRO\" \/>\n<meta property=\"og:url\" content=\"https:\/\/webdesi-gn.fr\/dev_deltalabo\/produits\/domaines\/thermostatisation\/thermostat-chauffant-lauda-pro\/\" \/>\n<meta property=\"og:site_name\" content=\"DeltaLabo\" \/>\n<meta property=\"article:modified_time\" content=\"2025-07-08T11:27:03+00:00\" \/>\n<meta property=\"og:image\" content=\"https:\/\/webdesi-gn.fr\/dev_deltalabo\/wp-content\/uploads\/2025\/06\/DELTA-LABO-thermostat-chauffant-LAUDA-Pro.png\" \/>\n\t<meta property=\"og:image:width\" content=\"800\" \/>\n\t<meta property=\"og:image:height\" content=\"800\" \/>\n\t<meta property=\"og:image:type\" content=\"image\/png\" \/>\n<meta name=\"twitter:card\" content=\"summary_large_image\" \/>\n<meta name=\"twitter:label1\" content=\"Dur\u00e9e de lecture estim\u00e9e\" \/>\n\t<meta name=\"twitter:data1\" content=\"1 minute\" \/>\n<script type=\"application\/ld+json\" class=\"yoast-schema-graph\">{\"@context\":\"https:\\\/\\\/schema.org\",\"@graph\":[{\"@type\":\"WebPage\",\"@id\":\"https:\\\/\\\/webdesi-gn.fr\\\/dev_deltalabo\\\/produits\\\/domaines\\\/thermostatisation\\\/thermostat-chauffant-lauda-pro\\\/\",\"url\":\"https:\\\/\\\/webdesi-gn.fr\\\/dev_deltalabo\\\/produits\\\/domaines\\\/thermostatisation\\\/thermostat-chauffant-lauda-pro\\\/\",\"name\":\"Thermostat chauffant LAUDA PRO | DeltaLabo\",\"isPartOf\":{\"@id\":\"https:\\\/\\\/webdesi-gn.fr\\\/dev_deltalabo\\\/#website\"},\"primaryImageOfPage\":{\"@id\":\"https:\\\/\\\/webdesi-gn.fr\\\/dev_deltalabo\\\/produits\\\/domaines\\\/thermostatisation\\\/thermostat-chauffant-lauda-pro\\\/#primaryimage\"},\"image\":{\"@id\":\"https:\\\/\\\/webdesi-gn.fr\\\/dev_deltalabo\\\/produits\\\/domaines\\\/thermostatisation\\\/thermostat-chauffant-lauda-pro\\\/#primaryimage\"},\"thumbnailUrl\":\"https:\\\/\\\/webdesi-gn.fr\\\/dev_deltalabo\\\/wp-content\\\/uploads\\\/2025\\\/06\\\/DELTA-LABO-thermostat-chauffant-LAUDA-Pro.png\",\"datePublished\":\"2025-06-25T13:32:20+00:00\",\"dateModified\":\"2025-07-08T11:27:03+00:00\",\"breadcrumb\":{\"@id\":\"https:\\\/\\\/webdesi-gn.fr\\\/dev_deltalabo\\\/produits\\\/domaines\\\/thermostatisation\\\/thermostat-chauffant-lauda-pro\\\/#breadcrumb\"},\"inLanguage\":\"fr-FR\",\"potentialAction\":[{\"@type\":\"ReadAction\",\"target\":[\"https:\\\/\\\/webdesi-gn.fr\\\/dev_deltalabo\\\/produits\\\/domaines\\\/thermostatisation\\\/thermostat-chauffant-lauda-pro\\\/\"]}]},{\"@type\":\"ImageObject\",\"inLanguage\":\"fr-FR\",\"@id\":\"https:\\\/\\\/webdesi-gn.fr\\\/dev_deltalabo\\\/produits\\\/domaines\\\/thermostatisation\\\/thermostat-chauffant-lauda-pro\\\/#primaryimage\",\"url\":\"https:\\\/\\\/webdesi-gn.fr\\\/dev_deltalabo\\\/wp-content\\\/uploads\\\/2025\\\/06\\\/DELTA-LABO-thermostat-chauffant-LAUDA-Pro.png\",\"contentUrl\":\"https:\\\/\\\/webdesi-gn.fr\\\/dev_deltalabo\\\/wp-content\\\/uploads\\\/2025\\\/06\\\/DELTA-LABO-thermostat-chauffant-LAUDA-Pro.png\",\"width\":800,\"height\":800},{\"@type\":\"BreadcrumbList\",\"@id\":\"https:\\\/\\\/webdesi-gn.fr\\\/dev_deltalabo\\\/produits\\\/domaines\\\/thermostatisation\\\/thermostat-chauffant-lauda-pro\\\/#breadcrumb\",\"itemListElement\":[{\"@type\":\"ListItem\",\"position\":1,\"name\":\"Accueil\",\"item\":\"https:\\\/\\\/webdesi-gn.fr\\\/dev_deltalabo\\\/\"},{\"@type\":\"ListItem\",\"position\":2,\"name\":\"Produits\",\"item\":\"https:\\\/\\\/webdesi-gn.fr\\\/dev_deltalabo\\\/produits\\\/\"},{\"@type\":\"ListItem\",\"position\":3,\"name\":\"Thermostat chauffant LAUDA PRO\"}]},{\"@type\":\"WebSite\",\"@id\":\"https:\\\/\\\/webdesi-gn.fr\\\/dev_deltalabo\\\/#website\",\"url\":\"https:\\\/\\\/webdesi-gn.fr\\\/dev_deltalabo\\\/\",\"name\":\"Delta Labo\",\"description\":\"Un site utilisant WordPress\",\"publisher\":{\"@id\":\"https:\\\/\\\/webdesi-gn.fr\\\/dev_deltalabo\\\/#organization\"},\"alternateName\":\"Delta Labo\",\"potentialAction\":[{\"@type\":\"SearchAction\",\"target\":{\"@type\":\"EntryPoint\",\"urlTemplate\":\"https:\\\/\\\/webdesi-gn.fr\\\/dev_deltalabo\\\/?s={search_term_string}\"},\"query-input\":{\"@type\":\"PropertyValueSpecification\",\"valueRequired\":true,\"valueName\":\"search_term_string\"}}],\"inLanguage\":\"fr-FR\"},{\"@type\":\"Organization\",\"@id\":\"https:\\\/\\\/webdesi-gn.fr\\\/dev_deltalabo\\\/#organization\",\"name\":\"DeltaLabo\",\"url\":\"https:\\\/\\\/webdesi-gn.fr\\\/dev_deltalabo\\\/\",\"logo\":{\"@type\":\"ImageObject\",\"inLanguage\":\"fr-FR\",\"@id\":\"https:\\\/\\\/webdesi-gn.fr\\\/dev_deltalabo\\\/#\\\/schema\\\/logo\\\/image\\\/\",\"url\":\"https:\\\/\\\/webdesi-gn.fr\\\/dev_deltalabo\\\/wp-content\\\/uploads\\\/2022\\\/07\\\/logo-deltalabo.png\",\"contentUrl\":\"https:\\\/\\\/webdesi-gn.fr\\\/dev_deltalabo\\\/wp-content\\\/uploads\\\/2022\\\/07\\\/logo-deltalabo.png\",\"width\":694,\"height\":306,\"caption\":\"DeltaLabo\"},\"image\":{\"@id\":\"https:\\\/\\\/webdesi-gn.fr\\\/dev_deltalabo\\\/#\\\/schema\\\/logo\\\/image\\\/\"}}]}<\/script>\n<!-- \/ Yoast SEO plugin. -->","yoast_head_json":{"title":"Thermostat chauffant LAUDA PRO | DeltaLabo","robots":{"index":"noindex","follow":"follow","max-snippet":"max-snippet:-1","max-image-preview":"max-image-preview:large","max-video-preview":"max-video-preview:-1"},"og_locale":"fr_FR","og_type":"article","og_title":"Thermostat chauffant LAUDA PRO | DeltaLabo","og_description":"Les thermostats chauffants LAUDA PRO sont utilis\u00e9s pour une thermor\u00e9gulation professionnelle sur une plage de temp\u00e9rature allant de 30\u00b0C \u00e0 250\u00b0C.  Utilisation flexible, volumes de bain de 10 \u00e0 30 litres, les thermostats chauffants LAUDA PRO sont optimis\u00e9s pour les applications dans le bain avec une tr\u00e8s bonne stabilit\u00e9 de la temp\u00e9rature (temp\u00e9rature constante \u00b1 0,01 K).  Les unit\u00e9s de contr\u00f4le innovantes Base ou Command Touch sont amovibles et utilisables comme t\u00e9l\u00e9commandes.  Les bains thermostat\u00e9s sont disponibles en trois tailles de cuve et sont \u00e9quip\u00e9s en s\u00e9rie d'un serpentin de refroidissement.  Caract\u00e9ristiques :   Vanne de vidange sur la partie avant de l'appareil  Cuves de bain en acier inoxydable (isol\u00e9es, avec poign\u00e9es)  Pompe Vario interne avec 8 niveaux de puissance s\u00e9lectionnables  T\u00e9l\u00e9charger la brochure produit : Thermostat chauffant LAUDA PRO","og_url":"https:\/\/webdesi-gn.fr\/dev_deltalabo\/produits\/domaines\/thermostatisation\/thermostat-chauffant-lauda-pro\/","og_site_name":"DeltaLabo","article_modified_time":"2025-07-08T11:27:03+00:00","og_image":[{"width":800,"height":800,"url":"https:\/\/webdesi-gn.fr\/dev_deltalabo\/wp-content\/uploads\/2025\/06\/DELTA-LABO-thermostat-chauffant-LAUDA-Pro.png","type":"image\/png"}],"twitter_card":"summary_large_image","twitter_misc":{"Dur\u00e9e de lecture estim\u00e9e":"1 minute"},"schema":{"@context":"https:\/\/schema.org","@graph":[{"@type":"WebPage","@id":"https:\/\/webdesi-gn.fr\/dev_deltalabo\/produits\/domaines\/thermostatisation\/thermostat-chauffant-lauda-pro\/","url":"https:\/\/webdesi-gn.fr\/dev_deltalabo\/produits\/domaines\/thermostatisation\/thermostat-chauffant-lauda-pro\/","name":"Thermostat chauffant LAUDA PRO | DeltaLabo","isPartOf":{"@id":"https:\/\/webdesi-gn.fr\/dev_deltalabo\/#website"},"primaryImageOfPage":{"@id":"https:\/\/webdesi-gn.fr\/dev_deltalabo\/produits\/domaines\/thermostatisation\/thermostat-chauffant-lauda-pro\/#primaryimage"},"image":{"@id":"https:\/\/webdesi-gn.fr\/dev_deltalabo\/produits\/domaines\/thermostatisation\/thermostat-chauffant-lauda-pro\/#primaryimage"},"thumbnailUrl":"https:\/\/webdesi-gn.fr\/dev_deltalabo\/wp-content\/uploads\/2025\/06\/DELTA-LABO-thermostat-chauffant-LAUDA-Pro.png","datePublished":"2025-06-25T13:32:20+00:00","dateModified":"2025-07-08T11:27:03+00:00","breadcrumb":{"@id":"https:\/\/webdesi-gn.fr\/dev_deltalabo\/produits\/domaines\/thermostatisation\/thermostat-chauffant-lauda-pro\/#breadcrumb"},"inLanguage":"fr-FR","potentialAction":[{"@type":"ReadAction","target":["https:\/\/webdesi-gn.fr\/dev_deltalabo\/produits\/domaines\/thermostatisation\/thermostat-chauffant-lauda-pro\/"]}]},{"@type":"ImageObject","inLanguage":"fr-FR","@id":"https:\/\/webdesi-gn.fr\/dev_deltalabo\/produits\/domaines\/thermostatisation\/thermostat-chauffant-lauda-pro\/#primaryimage","url":"https:\/\/webdesi-gn.fr\/dev_deltalabo\/wp-content\/uploads\/2025\/06\/DELTA-LABO-thermostat-chauffant-LAUDA-Pro.png","contentUrl":"https:\/\/webdesi-gn.fr\/dev_deltalabo\/wp-content\/uploads\/2025\/06\/DELTA-LABO-thermostat-chauffant-LAUDA-Pro.png","width":800,"height":800},{"@type":"BreadcrumbList","@id":"https:\/\/webdesi-gn.fr\/dev_deltalabo\/produits\/domaines\/thermostatisation\/thermostat-chauffant-lauda-pro\/#breadcrumb","itemListElement":[{"@type":"ListItem","position":1,"name":"Accueil","item":"https:\/\/webdesi-gn.fr\/dev_deltalabo\/"},{"@type":"ListItem","position":2,"name":"Produits","item":"https:\/\/webdesi-gn.fr\/dev_deltalabo\/produits\/"},{"@type":"ListItem","position":3,"name":"Thermostat chauffant LAUDA PRO"}]},{"@type":"WebSite","@id":"https:\/\/webdesi-gn.fr\/dev_deltalabo\/#website","url":"https:\/\/webdesi-gn.fr\/dev_deltalabo\/","name":"Delta Labo","description":"Un site utilisant WordPress","publisher":{"@id":"https:\/\/webdesi-gn.fr\/dev_deltalabo\/#organization"},"alternateName":"Delta Labo","potentialAction":[{"@type":"SearchAction","target":{"@type":"EntryPoint","urlTemplate":"https:\/\/webdesi-gn.fr\/dev_deltalabo\/?s={search_term_string}"},"query-input":{"@type":"PropertyValueSpecification","valueRequired":true,"valueName":"search_term_string"}}],"inLanguage":"fr-FR"},{"@type":"Organization","@id":"https:\/\/webdesi-gn.fr\/dev_deltalabo\/#organization","name":"DeltaLabo","url":"https:\/\/webdesi-gn.fr\/dev_deltalabo\/","logo":{"@type":"ImageObject","inLanguage":"fr-FR","@id":"https:\/\/webdesi-gn.fr\/dev_deltalabo\/#\/schema\/logo\/image\/","url":"https:\/\/webdesi-gn.fr\/dev_deltalabo\/wp-content\/uploads\/2022\/07\/logo-deltalabo.png","contentUrl":"https:\/\/webdesi-gn.fr\/dev_deltalabo\/wp-content\/uploads\/2022\/07\/logo-deltalabo.png","width":694,"height":306,"caption":"DeltaLabo"},"image":{"@id":"https:\/\/webdesi-gn.fr\/dev_deltalabo\/#\/schema\/logo\/image\/"}}]}},"_links":{"self":[{"href":"https:\/\/webdesi-gn.fr\/dev_deltalabo\/wp-json\/wp\/v2\/product\/260549","targetHints":{"allow":["GET"]}}],"collection":[{"href":"https:\/\/webdesi-gn.fr\/dev_deltalabo\/wp-json\/wp\/v2\/product"}],"about":[{"href":"https:\/\/webdesi-gn.fr\/dev_deltalabo\/wp-json\/wp\/v2\/types\/product"}],"wp:featuredmedia":[{"embeddable":true,"href":"https:\/\/webdesi-gn.fr\/dev_deltalabo\/wp-json\/wp\/v2\/media\/260811"}],"wp:attachment":[{"href":"https:\/\/webdesi-gn.fr\/dev_deltalabo\/wp-json\/wp\/v2\/media?parent=260549"}],"wp:term":[{"taxonomy":"domaine","embeddable":true,"href":"https:\/\/webdesi-gn.fr\/dev_deltalabo\/wp-json\/wp\/v2\/domaine?post=260549"},{"taxonomy":"normes","embeddable":true,"href":"https:\/\/webdesi-gn.fr\/dev_deltalabo\/wp-json\/wp\/v2\/normes?post=260549"},{"taxonomy":"product_brand","embeddable":true,"href":"https:\/\/webdesi-gn.fr\/dev_deltalabo\/wp-json\/wp\/v2\/product_brand?post=260549"},{"taxonomy":"product_cat","embeddable":true,"href":"https:\/\/webdesi-gn.fr\/dev_deltalabo\/wp-json\/wp\/v2\/product_cat?post=260549"},{"taxonomy":"product_tag","embeddable":true,"href":"https:\/\/webdesi-gn.fr\/dev_deltalabo\/wp-json\/wp\/v2\/product_tag?post=260549"}],"curies":[{"name":"wp","href":"https:\/\/api.w.org\/{rel}","templated":true}]}}