{"id":260551,"date":"2025-06-25T16:03:49","date_gmt":"2025-06-25T14:03:49","guid":{"rendered":"https:\/\/webdesi-gn.fr\/dev_deltalabo\/?post_type=product&#038;p=260551"},"modified":"2025-07-08T15:36:18","modified_gmt":"2025-07-08T13:36:18","slug":"thermostat-chauffant-lauda-thermostats-a-pont-proline","status":"publish","type":"product","link":"https:\/\/webdesi-gn.fr\/dev_deltalabo\/produits\/cat-produit\/thermostat-chauffant-lauda-thermostats-a-pont-proline\/","title":{"rendered":"Thermostat \u00e0 pont LAUDA Proline"},"content":{"rendered":"","protected":false},"excerpt":{"rendered":"<p><strong>Thermostat \u00e0 pont LAUDA Proline :<\/strong><\/p>\n<p>Les thermostats \u00e0 pont LAUDA Proline avec pompe Varioflex sont utilis\u00e9s pour la thermor\u00e9gulation de n&rsquo;importe quel bain, sur une large plage de temp\u00e9rature allant de 30\u00b0C \u00e0 300\u00b0C.<\/p>\n<p>Les mod\u00e8les PB sont dot\u00e9s d&rsquo;une pompe refoulante-aspirante alors que les mod\u00e8les PBD sont \u00e9quip\u00e9s d&rsquo;une pompe de refoulement plus puissante. Ils permettent de thermor\u00e9guler des cuves plus profondes \u00e0 partir de 320 mm. Une tige t\u00e9lescopique est en outre disponible pour les bains de 310 \u00e0 550 mm de largeur, de m\u00eame qu&rsquo;une poign\u00e9e ergonomique et des raccords de pompe \u00e0 l&rsquo;arri\u00e8re et sur les c\u00f4t\u00e9s.<\/p>\n<p>Caract\u00e9ristiques :<\/p>\n<ul>\n<li>Unit\u00e9 de t\u00e9l\u00e9commande amovible pour une utilisation simple et intuitive<\/li>\n<li>Programmateur avec 150 segments temp\u00e9rature-temps et affichage graphique de l&rsquo;\u00e9volution de la temp\u00e9rature<\/li>\n<li>Syst\u00e8me PowerAdapt pour une puissance de chauffe maximale parfaitement adapt\u00e9e, sans influence de l&rsquo;alimentation secteur<\/li>\n<li>Protection contre les niveaux trop bas et protection r\u00e9glable contre les surchauffes avec alarme sonore. Flotteur pour d\u00e9tecter les niveaux trop \u00e9lev\u00e9s ou trop bas<\/li>\n<\/ul>\n<p><strong>T\u00e9l\u00e9charger la brochure produit :<\/strong> <a href=\"https:\/\/webdesi-gn.fr\/dev_deltalabo\/wp-content\/uploads\/2025\/07\/LAUDA_Catalogue_General_2024_25-FR-DL-thermostat-chauffant-a-pont-Proline.pdf\">Thermostat \u00e0 pont LAUDA Proline\u00a0<\/a><\/p>\n","protected":false},"featured_media":260803,"template":"","meta":{"_acf_changed":false,"site-sidebar-layout":"default","site-content-layout":"","ast-site-content-layout":"default","site-content-style":"default","site-sidebar-style":"default","ast-global-header-display":"","ast-banner-title-visibility":"","ast-main-header-display":"","ast-hfb-above-header-display":"","ast-hfb-below-header-display":"","ast-hfb-mobile-header-display":"","site-post-title":"","ast-breadcrumbs-content":"","ast-featured-img":"","footer-sml-layout":"","ast-disable-related-posts":"","theme-transparent-header-meta":"","adv-header-id-meta":"","stick-header-meta":"","header-above-stick-meta":"","header-main-stick-meta":"","header-below-stick-meta":"","astra-migrate-meta-layouts":"default","ast-page-background-enabled":"default","ast-page-background-meta":{"desktop":{"background-color":"var(--ast-global-color-5)","background-image":"","background-repeat":"repeat","background-position":"center center","background-size":"auto","background-attachment":"scroll","background-type":"","background-media":"","overlay-type":"","overlay-color":"","overlay-opacity":"","overlay-gradient":""},"tablet":{"background-color":"","background-image":"","background-repeat":"repeat","background-position":"center center","background-size":"auto","background-attachment":"scroll","background-type":"","background-media":"","overlay-type":"","overlay-color":"","overlay-opacity":"","overlay-gradient":""},"mobile":{"background-color":"","background-image":"","background-repeat":"repeat","background-position":"center center","background-size":"auto","background-attachment":"scroll","background-type":"","background-media":"","overlay-type":"","overlay-color":"","overlay-opacity":"","overlay-gradient":""}},"ast-content-background-meta":{"desktop":{"background-color":"var(--ast-global-color-4)","background-image":"","background-repeat":"repeat","background-position":"center center","background-size":"auto","background-attachment":"scroll","background-type":"","background-media":"","overlay-type":"","overlay-color":"","overlay-opacity":"","overlay-gradient":""},"tablet":{"background-color":"var(--ast-global-color-4)","background-image":"","background-repeat":"repeat","background-position":"center center","background-size":"auto","background-attachment":"scroll","background-type":"","background-media":"","overlay-type":"","overlay-color":"","overlay-opacity":"","overlay-gradient":""},"mobile":{"background-color":"var(--ast-global-color-4)","background-image":"","background-repeat":"repeat","background-position":"center center","background-size":"auto","background-attachment":"scroll","background-type":"","background-media":"","overlay-type":"","overlay-color":"","overlay-opacity":"","overlay-gradient":""}}},"domaine":[17187],"normes":[17135],"product_brand":[],"product_cat":[15],"product_tag":[],"class_list":{"0":"post-260551","1":"product","2":"type-product","3":"status-publish","4":"has-post-thumbnail","6":"domaine-thermostatisation","7":"normes-din-51562","8":"product_cat-cat-produit","9":"desktop-align-left","10":"tablet-align-left","11":"mobile-align-left","13":"first","14":"instock","15":"shipping-taxable","16":"purchasable","17":"product-type-simple"},"acf":[],"yoast_head":"<!-- This site is optimized with the Yoast SEO plugin v27.4 - https:\/\/yoast.com\/product\/yoast-seo-wordpress\/ -->\n<title>Thermostat \u00e0 pont LAUDA Proline | DeltaLabo<\/title>\n<meta name=\"robots\" content=\"noindex, follow, max-snippet:-1, max-image-preview:large, max-video-preview:-1\" \/>\n<meta property=\"og:locale\" content=\"fr_FR\" \/>\n<meta property=\"og:type\" content=\"article\" \/>\n<meta property=\"og:title\" content=\"Thermostat \u00e0 pont LAUDA Proline | DeltaLabo\" \/>\n<meta property=\"og:description\" content=\"Thermostat \u00e0 pont LAUDA Proline :  Les thermostats \u00e0 pont LAUDA Proline avec pompe Varioflex sont utilis\u00e9s pour la thermor\u00e9gulation de n&#039;importe quel bain, sur une large plage de temp\u00e9rature allant de 30\u00b0C \u00e0 300\u00b0C.  Les mod\u00e8les PB sont dot\u00e9s d&#039;une pompe refoulante-aspirante alors que les mod\u00e8les PBD sont \u00e9quip\u00e9s d&#039;une pompe de refoulement plus puissante. Ils permettent de thermor\u00e9guler des cuves plus profondes \u00e0 partir de 320 mm. Une tige t\u00e9lescopique est en outre disponible pour les bains de 310 \u00e0 550 mm de largeur, de m\u00eame qu&#039;une poign\u00e9e ergonomique et des raccords de pompe \u00e0 l&#039;arri\u00e8re et sur les c\u00f4t\u00e9s.  Caract\u00e9ristiques :   Unit\u00e9 de t\u00e9l\u00e9commande amovible pour une utilisation simple et intuitive  Programmateur avec 150 segments temp\u00e9rature-temps et affichage graphique de l&#039;\u00e9volution de la temp\u00e9rature  Syst\u00e8me PowerAdapt pour une puissance de chauffe maximale parfaitement adapt\u00e9e, sans influence de l&#039;alimentation secteur  Protection contre les niveaux trop bas et protection r\u00e9glable contre les surchauffes avec alarme sonore. Flotteur pour d\u00e9tecter les niveaux trop \u00e9lev\u00e9s ou trop bas  T\u00e9l\u00e9charger la brochure produit : Thermostat \u00e0 pont LAUDA Proline\u00a0\" \/>\n<meta property=\"og:url\" content=\"https:\/\/webdesi-gn.fr\/dev_deltalabo\/produits\/domaines\/thermostatisation\/thermostat-chauffant-lauda-thermostats-a-pont-proline\/\" \/>\n<meta property=\"og:site_name\" content=\"DeltaLabo\" \/>\n<meta property=\"article:modified_time\" content=\"2025-07-08T13:36:18+00:00\" \/>\n<meta property=\"og:image\" content=\"https:\/\/webdesi-gn.fr\/dev_deltalabo\/wp-content\/uploads\/2025\/06\/DELTA-LABO-thermostat-a-pont-proline-LAUDA-1.png\" \/>\n\t<meta property=\"og:image:width\" content=\"800\" \/>\n\t<meta property=\"og:image:height\" content=\"800\" \/>\n\t<meta property=\"og:image:type\" content=\"image\/png\" \/>\n<meta name=\"twitter:card\" content=\"summary_large_image\" \/>\n<meta name=\"twitter:label1\" content=\"Dur\u00e9e de lecture estim\u00e9e\" \/>\n\t<meta name=\"twitter:data1\" content=\"1 minute\" \/>\n<script type=\"application\/ld+json\" class=\"yoast-schema-graph\">{\"@context\":\"https:\\\/\\\/schema.org\",\"@graph\":[{\"@type\":\"WebPage\",\"@id\":\"https:\\\/\\\/webdesi-gn.fr\\\/dev_deltalabo\\\/produits\\\/domaines\\\/thermostatisation\\\/thermostat-chauffant-lauda-thermostats-a-pont-proline\\\/\",\"url\":\"https:\\\/\\\/webdesi-gn.fr\\\/dev_deltalabo\\\/produits\\\/domaines\\\/thermostatisation\\\/thermostat-chauffant-lauda-thermostats-a-pont-proline\\\/\",\"name\":\"Thermostat \u00e0 pont LAUDA Proline | DeltaLabo\",\"isPartOf\":{\"@id\":\"https:\\\/\\\/webdesi-gn.fr\\\/dev_deltalabo\\\/#website\"},\"primaryImageOfPage\":{\"@id\":\"https:\\\/\\\/webdesi-gn.fr\\\/dev_deltalabo\\\/produits\\\/domaines\\\/thermostatisation\\\/thermostat-chauffant-lauda-thermostats-a-pont-proline\\\/#primaryimage\"},\"image\":{\"@id\":\"https:\\\/\\\/webdesi-gn.fr\\\/dev_deltalabo\\\/produits\\\/domaines\\\/thermostatisation\\\/thermostat-chauffant-lauda-thermostats-a-pont-proline\\\/#primaryimage\"},\"thumbnailUrl\":\"https:\\\/\\\/webdesi-gn.fr\\\/dev_deltalabo\\\/wp-content\\\/uploads\\\/2025\\\/06\\\/DELTA-LABO-thermostat-a-pont-proline-LAUDA-1.png\",\"datePublished\":\"2025-06-25T14:03:49+00:00\",\"dateModified\":\"2025-07-08T13:36:18+00:00\",\"breadcrumb\":{\"@id\":\"https:\\\/\\\/webdesi-gn.fr\\\/dev_deltalabo\\\/produits\\\/domaines\\\/thermostatisation\\\/thermostat-chauffant-lauda-thermostats-a-pont-proline\\\/#breadcrumb\"},\"inLanguage\":\"fr-FR\",\"potentialAction\":[{\"@type\":\"ReadAction\",\"target\":[\"https:\\\/\\\/webdesi-gn.fr\\\/dev_deltalabo\\\/produits\\\/domaines\\\/thermostatisation\\\/thermostat-chauffant-lauda-thermostats-a-pont-proline\\\/\"]}]},{\"@type\":\"ImageObject\",\"inLanguage\":\"fr-FR\",\"@id\":\"https:\\\/\\\/webdesi-gn.fr\\\/dev_deltalabo\\\/produits\\\/domaines\\\/thermostatisation\\\/thermostat-chauffant-lauda-thermostats-a-pont-proline\\\/#primaryimage\",\"url\":\"https:\\\/\\\/webdesi-gn.fr\\\/dev_deltalabo\\\/wp-content\\\/uploads\\\/2025\\\/06\\\/DELTA-LABO-thermostat-a-pont-proline-LAUDA-1.png\",\"contentUrl\":\"https:\\\/\\\/webdesi-gn.fr\\\/dev_deltalabo\\\/wp-content\\\/uploads\\\/2025\\\/06\\\/DELTA-LABO-thermostat-a-pont-proline-LAUDA-1.png\",\"width\":800,\"height\":800},{\"@type\":\"BreadcrumbList\",\"@id\":\"https:\\\/\\\/webdesi-gn.fr\\\/dev_deltalabo\\\/produits\\\/domaines\\\/thermostatisation\\\/thermostat-chauffant-lauda-thermostats-a-pont-proline\\\/#breadcrumb\",\"itemListElement\":[{\"@type\":\"ListItem\",\"position\":1,\"name\":\"Accueil\",\"item\":\"https:\\\/\\\/webdesi-gn.fr\\\/dev_deltalabo\\\/\"},{\"@type\":\"ListItem\",\"position\":2,\"name\":\"Produits\",\"item\":\"https:\\\/\\\/webdesi-gn.fr\\\/dev_deltalabo\\\/produits\\\/\"},{\"@type\":\"ListItem\",\"position\":3,\"name\":\"Thermostat \u00e0 pont LAUDA Proline\"}]},{\"@type\":\"WebSite\",\"@id\":\"https:\\\/\\\/webdesi-gn.fr\\\/dev_deltalabo\\\/#website\",\"url\":\"https:\\\/\\\/webdesi-gn.fr\\\/dev_deltalabo\\\/\",\"name\":\"Delta Labo\",\"description\":\"Un site utilisant WordPress\",\"publisher\":{\"@id\":\"https:\\\/\\\/webdesi-gn.fr\\\/dev_deltalabo\\\/#organization\"},\"alternateName\":\"Delta Labo\",\"potentialAction\":[{\"@type\":\"SearchAction\",\"target\":{\"@type\":\"EntryPoint\",\"urlTemplate\":\"https:\\\/\\\/webdesi-gn.fr\\\/dev_deltalabo\\\/?s={search_term_string}\"},\"query-input\":{\"@type\":\"PropertyValueSpecification\",\"valueRequired\":true,\"valueName\":\"search_term_string\"}}],\"inLanguage\":\"fr-FR\"},{\"@type\":\"Organization\",\"@id\":\"https:\\\/\\\/webdesi-gn.fr\\\/dev_deltalabo\\\/#organization\",\"name\":\"DeltaLabo\",\"url\":\"https:\\\/\\\/webdesi-gn.fr\\\/dev_deltalabo\\\/\",\"logo\":{\"@type\":\"ImageObject\",\"inLanguage\":\"fr-FR\",\"@id\":\"https:\\\/\\\/webdesi-gn.fr\\\/dev_deltalabo\\\/#\\\/schema\\\/logo\\\/image\\\/\",\"url\":\"https:\\\/\\\/webdesi-gn.fr\\\/dev_deltalabo\\\/wp-content\\\/uploads\\\/2022\\\/07\\\/logo-deltalabo.png\",\"contentUrl\":\"https:\\\/\\\/webdesi-gn.fr\\\/dev_deltalabo\\\/wp-content\\\/uploads\\\/2022\\\/07\\\/logo-deltalabo.png\",\"width\":694,\"height\":306,\"caption\":\"DeltaLabo\"},\"image\":{\"@id\":\"https:\\\/\\\/webdesi-gn.fr\\\/dev_deltalabo\\\/#\\\/schema\\\/logo\\\/image\\\/\"}}]}<\/script>\n<!-- \/ Yoast SEO plugin. -->","yoast_head_json":{"title":"Thermostat \u00e0 pont LAUDA Proline | DeltaLabo","robots":{"index":"noindex","follow":"follow","max-snippet":"max-snippet:-1","max-image-preview":"max-image-preview:large","max-video-preview":"max-video-preview:-1"},"og_locale":"fr_FR","og_type":"article","og_title":"Thermostat \u00e0 pont LAUDA Proline | DeltaLabo","og_description":"Thermostat \u00e0 pont LAUDA Proline :  Les thermostats \u00e0 pont LAUDA Proline avec pompe Varioflex sont utilis\u00e9s pour la thermor\u00e9gulation de n'importe quel bain, sur une large plage de temp\u00e9rature allant de 30\u00b0C \u00e0 300\u00b0C.  Les mod\u00e8les PB sont dot\u00e9s d'une pompe refoulante-aspirante alors que les mod\u00e8les PBD sont \u00e9quip\u00e9s d'une pompe de refoulement plus puissante. Ils permettent de thermor\u00e9guler des cuves plus profondes \u00e0 partir de 320 mm. Une tige t\u00e9lescopique est en outre disponible pour les bains de 310 \u00e0 550 mm de largeur, de m\u00eame qu'une poign\u00e9e ergonomique et des raccords de pompe \u00e0 l'arri\u00e8re et sur les c\u00f4t\u00e9s.  Caract\u00e9ristiques :   Unit\u00e9 de t\u00e9l\u00e9commande amovible pour une utilisation simple et intuitive  Programmateur avec 150 segments temp\u00e9rature-temps et affichage graphique de l'\u00e9volution de la temp\u00e9rature  Syst\u00e8me PowerAdapt pour une puissance de chauffe maximale parfaitement adapt\u00e9e, sans influence de l'alimentation secteur  Protection contre les niveaux trop bas et protection r\u00e9glable contre les surchauffes avec alarme sonore. Flotteur pour d\u00e9tecter les niveaux trop \u00e9lev\u00e9s ou trop bas  T\u00e9l\u00e9charger la brochure produit : Thermostat \u00e0 pont LAUDA Proline\u00a0","og_url":"https:\/\/webdesi-gn.fr\/dev_deltalabo\/produits\/domaines\/thermostatisation\/thermostat-chauffant-lauda-thermostats-a-pont-proline\/","og_site_name":"DeltaLabo","article_modified_time":"2025-07-08T13:36:18+00:00","og_image":[{"width":800,"height":800,"url":"https:\/\/webdesi-gn.fr\/dev_deltalabo\/wp-content\/uploads\/2025\/06\/DELTA-LABO-thermostat-a-pont-proline-LAUDA-1.png","type":"image\/png"}],"twitter_card":"summary_large_image","twitter_misc":{"Dur\u00e9e de lecture estim\u00e9e":"1 minute"},"schema":{"@context":"https:\/\/schema.org","@graph":[{"@type":"WebPage","@id":"https:\/\/webdesi-gn.fr\/dev_deltalabo\/produits\/domaines\/thermostatisation\/thermostat-chauffant-lauda-thermostats-a-pont-proline\/","url":"https:\/\/webdesi-gn.fr\/dev_deltalabo\/produits\/domaines\/thermostatisation\/thermostat-chauffant-lauda-thermostats-a-pont-proline\/","name":"Thermostat \u00e0 pont LAUDA Proline | DeltaLabo","isPartOf":{"@id":"https:\/\/webdesi-gn.fr\/dev_deltalabo\/#website"},"primaryImageOfPage":{"@id":"https:\/\/webdesi-gn.fr\/dev_deltalabo\/produits\/domaines\/thermostatisation\/thermostat-chauffant-lauda-thermostats-a-pont-proline\/#primaryimage"},"image":{"@id":"https:\/\/webdesi-gn.fr\/dev_deltalabo\/produits\/domaines\/thermostatisation\/thermostat-chauffant-lauda-thermostats-a-pont-proline\/#primaryimage"},"thumbnailUrl":"https:\/\/webdesi-gn.fr\/dev_deltalabo\/wp-content\/uploads\/2025\/06\/DELTA-LABO-thermostat-a-pont-proline-LAUDA-1.png","datePublished":"2025-06-25T14:03:49+00:00","dateModified":"2025-07-08T13:36:18+00:00","breadcrumb":{"@id":"https:\/\/webdesi-gn.fr\/dev_deltalabo\/produits\/domaines\/thermostatisation\/thermostat-chauffant-lauda-thermostats-a-pont-proline\/#breadcrumb"},"inLanguage":"fr-FR","potentialAction":[{"@type":"ReadAction","target":["https:\/\/webdesi-gn.fr\/dev_deltalabo\/produits\/domaines\/thermostatisation\/thermostat-chauffant-lauda-thermostats-a-pont-proline\/"]}]},{"@type":"ImageObject","inLanguage":"fr-FR","@id":"https:\/\/webdesi-gn.fr\/dev_deltalabo\/produits\/domaines\/thermostatisation\/thermostat-chauffant-lauda-thermostats-a-pont-proline\/#primaryimage","url":"https:\/\/webdesi-gn.fr\/dev_deltalabo\/wp-content\/uploads\/2025\/06\/DELTA-LABO-thermostat-a-pont-proline-LAUDA-1.png","contentUrl":"https:\/\/webdesi-gn.fr\/dev_deltalabo\/wp-content\/uploads\/2025\/06\/DELTA-LABO-thermostat-a-pont-proline-LAUDA-1.png","width":800,"height":800},{"@type":"BreadcrumbList","@id":"https:\/\/webdesi-gn.fr\/dev_deltalabo\/produits\/domaines\/thermostatisation\/thermostat-chauffant-lauda-thermostats-a-pont-proline\/#breadcrumb","itemListElement":[{"@type":"ListItem","position":1,"name":"Accueil","item":"https:\/\/webdesi-gn.fr\/dev_deltalabo\/"},{"@type":"ListItem","position":2,"name":"Produits","item":"https:\/\/webdesi-gn.fr\/dev_deltalabo\/produits\/"},{"@type":"ListItem","position":3,"name":"Thermostat \u00e0 pont LAUDA Proline"}]},{"@type":"WebSite","@id":"https:\/\/webdesi-gn.fr\/dev_deltalabo\/#website","url":"https:\/\/webdesi-gn.fr\/dev_deltalabo\/","name":"Delta Labo","description":"Un site utilisant WordPress","publisher":{"@id":"https:\/\/webdesi-gn.fr\/dev_deltalabo\/#organization"},"alternateName":"Delta Labo","potentialAction":[{"@type":"SearchAction","target":{"@type":"EntryPoint","urlTemplate":"https:\/\/webdesi-gn.fr\/dev_deltalabo\/?s={search_term_string}"},"query-input":{"@type":"PropertyValueSpecification","valueRequired":true,"valueName":"search_term_string"}}],"inLanguage":"fr-FR"},{"@type":"Organization","@id":"https:\/\/webdesi-gn.fr\/dev_deltalabo\/#organization","name":"DeltaLabo","url":"https:\/\/webdesi-gn.fr\/dev_deltalabo\/","logo":{"@type":"ImageObject","inLanguage":"fr-FR","@id":"https:\/\/webdesi-gn.fr\/dev_deltalabo\/#\/schema\/logo\/image\/","url":"https:\/\/webdesi-gn.fr\/dev_deltalabo\/wp-content\/uploads\/2022\/07\/logo-deltalabo.png","contentUrl":"https:\/\/webdesi-gn.fr\/dev_deltalabo\/wp-content\/uploads\/2022\/07\/logo-deltalabo.png","width":694,"height":306,"caption":"DeltaLabo"},"image":{"@id":"https:\/\/webdesi-gn.fr\/dev_deltalabo\/#\/schema\/logo\/image\/"}}]}},"_links":{"self":[{"href":"https:\/\/webdesi-gn.fr\/dev_deltalabo\/wp-json\/wp\/v2\/product\/260551","targetHints":{"allow":["GET"]}}],"collection":[{"href":"https:\/\/webdesi-gn.fr\/dev_deltalabo\/wp-json\/wp\/v2\/product"}],"about":[{"href":"https:\/\/webdesi-gn.fr\/dev_deltalabo\/wp-json\/wp\/v2\/types\/product"}],"wp:featuredmedia":[{"embeddable":true,"href":"https:\/\/webdesi-gn.fr\/dev_deltalabo\/wp-json\/wp\/v2\/media\/260803"}],"wp:attachment":[{"href":"https:\/\/webdesi-gn.fr\/dev_deltalabo\/wp-json\/wp\/v2\/media?parent=260551"}],"wp:term":[{"taxonomy":"domaine","embeddable":true,"href":"https:\/\/webdesi-gn.fr\/dev_deltalabo\/wp-json\/wp\/v2\/domaine?post=260551"},{"taxonomy":"normes","embeddable":true,"href":"https:\/\/webdesi-gn.fr\/dev_deltalabo\/wp-json\/wp\/v2\/normes?post=260551"},{"taxonomy":"product_brand","embeddable":true,"href":"https:\/\/webdesi-gn.fr\/dev_deltalabo\/wp-json\/wp\/v2\/product_brand?post=260551"},{"taxonomy":"product_cat","embeddable":true,"href":"https:\/\/webdesi-gn.fr\/dev_deltalabo\/wp-json\/wp\/v2\/product_cat?post=260551"},{"taxonomy":"product_tag","embeddable":true,"href":"https:\/\/webdesi-gn.fr\/dev_deltalabo\/wp-json\/wp\/v2\/product_tag?post=260551"}],"curies":[{"name":"wp","href":"https:\/\/api.w.org\/{rel}","templated":true}]}}