{"id":260554,"date":"2025-06-25T16:19:54","date_gmt":"2025-06-25T14:19:54","guid":{"rendered":"https:\/\/webdesi-gn.fr\/dev_deltalabo\/?post_type=product&#038;p=260554"},"modified":"2025-07-08T11:54:43","modified_gmt":"2025-07-08T09:54:43","slug":"thermostat-transparent-lauda-proline","status":"publish","type":"product","link":"https:\/\/webdesi-gn.fr\/dev_deltalabo\/produits\/cat-produit\/thermostat-transparent-lauda-proline\/","title":{"rendered":"Thermostat transparent LAUDA Proline"},"content":{"rendered":"","protected":false},"excerpt":{"rendered":"<p><strong>Thermostat transparent LAUDA Proline :<\/strong><\/p>\n<p>Les thermostats transparents chauffants LAUDA Proline sont con\u00e7us pour une utilisation professionnelle dans la recherche, l&rsquo;ing\u00e9nierie appliqu\u00e9e et la production.<\/p>\n<p>Ils sont id\u00e9aux pour une utilisation avec le viscosim\u00e8tre LAUDA PVS iVisc enti\u00e8rement automatique, car la constance de la temp\u00e9rature dans le temps et dans l&rsquo;espace, n\u00e9cessaire \u00e0 la d\u00e9termination pr\u00e9cise de la viscosit\u00e9, est garantie sur toute la plage de temp\u00e9rature.<\/p>\n<p>Le principe des deux compartiments garantit toujours un niveau de liquide constant dans l&rsquo;espace de mesure ind\u00e9pendamment de la quantit\u00e9 de<br \/>\nliquide et de la temp\u00e9rature.<\/p>\n<p>Les mod\u00e8les PVL \u00e0 cinq couches de verre isolant permettent d&rsquo;effectuer des mesures \u00e0 tr\u00e8s basse temp\u00e9rature jusqu&rsquo;\u00e0 -40\u00b0C ou -60\u00b0C en raccordant un cryothermostat.<\/p>\n<p>Caract\u00e9ristiques :<\/p>\n<ul>\n<li>Programmateur avec 150 segments temp\u00e9rature-temps et affichage graphique de l&rsquo;\u00e9volution de la temp\u00e9rature pour l&rsquo;unit\u00e9 de commande Command<\/li>\n<li>Pompe Varioflex LAUDA (pompe de refoulement) avec 8 niveaux de puissance s\u00e9lectionnables<\/li>\n<li>Serpentin de refroidissement de s\u00e9rie permettant de raccorder un refroidisseur suppl\u00e9mentaire<\/li>\n<\/ul>\n<p><strong>T\u00e9l\u00e9charger la brochure produit :<\/strong> <a href=\"https:\/\/webdesi-gn.fr\/dev_deltalabo\/wp-content\/uploads\/2025\/07\/LAUDA_Catalogue_General_2024_25-FR-DL-Thermostat-transparent-LAUDA-Proline.pdf\">Thermostat transparent LAUDA Proline<\/a><\/p>\n","protected":false},"featured_media":260807,"template":"","meta":{"_acf_changed":false,"site-sidebar-layout":"default","site-content-layout":"","ast-site-content-layout":"default","site-content-style":"default","site-sidebar-style":"default","ast-global-header-display":"","ast-banner-title-visibility":"","ast-main-header-display":"","ast-hfb-above-header-display":"","ast-hfb-below-header-display":"","ast-hfb-mobile-header-display":"","site-post-title":"","ast-breadcrumbs-content":"","ast-featured-img":"","footer-sml-layout":"","ast-disable-related-posts":"","theme-transparent-header-meta":"","adv-header-id-meta":"","stick-header-meta":"","header-above-stick-meta":"","header-main-stick-meta":"","header-below-stick-meta":"","astra-migrate-meta-layouts":"default","ast-page-background-enabled":"default","ast-page-background-meta":{"desktop":{"background-color":"var(--ast-global-color-5)","background-image":"","background-repeat":"repeat","background-position":"center center","background-size":"auto","background-attachment":"scroll","background-type":"","background-media":"","overlay-type":"","overlay-color":"","overlay-opacity":"","overlay-gradient":""},"tablet":{"background-color":"","background-image":"","background-repeat":"repeat","background-position":"center center","background-size":"auto","background-attachment":"scroll","background-type":"","background-media":"","overlay-type":"","overlay-color":"","overlay-opacity":"","overlay-gradient":""},"mobile":{"background-color":"","background-image":"","background-repeat":"repeat","background-position":"center center","background-size":"auto","background-attachment":"scroll","background-type":"","background-media":"","overlay-type":"","overlay-color":"","overlay-opacity":"","overlay-gradient":""}},"ast-content-background-meta":{"desktop":{"background-color":"var(--ast-global-color-4)","background-image":"","background-repeat":"repeat","background-position":"center center","background-size":"auto","background-attachment":"scroll","background-type":"","background-media":"","overlay-type":"","overlay-color":"","overlay-opacity":"","overlay-gradient":""},"tablet":{"background-color":"var(--ast-global-color-4)","background-image":"","background-repeat":"repeat","background-position":"center center","background-size":"auto","background-attachment":"scroll","background-type":"","background-media":"","overlay-type":"","overlay-color":"","overlay-opacity":"","overlay-gradient":""},"mobile":{"background-color":"var(--ast-global-color-4)","background-image":"","background-repeat":"repeat","background-position":"center center","background-size":"auto","background-attachment":"scroll","background-type":"","background-media":"","overlay-type":"","overlay-color":"","overlay-opacity":"","overlay-gradient":""}}},"domaine":[17187],"normes":[17135],"product_brand":[],"product_cat":[15],"product_tag":[],"class_list":{"0":"post-260554","1":"product","2":"type-product","3":"status-publish","4":"has-post-thumbnail","6":"domaine-thermostatisation","7":"normes-din-51562","8":"product_cat-cat-produit","9":"desktop-align-left","10":"tablet-align-left","11":"mobile-align-left","13":"first","14":"instock","15":"shipping-taxable","16":"purchasable","17":"product-type-simple"},"acf":[],"yoast_head":"<!-- This site is optimized with the Yoast SEO plugin v27.4 - https:\/\/yoast.com\/product\/yoast-seo-wordpress\/ -->\n<title>Thermostat transparent LAUDA Proline | DeltaLabo<\/title>\n<meta name=\"robots\" content=\"noindex, follow, max-snippet:-1, max-image-preview:large, max-video-preview:-1\" \/>\n<meta property=\"og:locale\" content=\"fr_FR\" \/>\n<meta property=\"og:type\" content=\"article\" \/>\n<meta property=\"og:title\" content=\"Thermostat transparent LAUDA Proline | DeltaLabo\" \/>\n<meta property=\"og:description\" content=\"Thermostat transparent LAUDA Proline :  Les thermostats transparents chauffants LAUDA Proline sont con\u00e7us pour une utilisation professionnelle dans la recherche, l&#039;ing\u00e9nierie appliqu\u00e9e et la production.  Ils sont id\u00e9aux pour une utilisation avec le viscosim\u00e8tre LAUDA PVS iVisc enti\u00e8rement automatique, car la constance de la temp\u00e9rature dans le temps et dans l&#039;espace, n\u00e9cessaire \u00e0 la d\u00e9termination pr\u00e9cise de la viscosit\u00e9, est garantie sur toute la plage de temp\u00e9rature.  Le principe des deux compartiments garantit toujours un niveau de liquide constant dans l&#039;espace de mesure ind\u00e9pendamment de la quantit\u00e9 de liquide et de la temp\u00e9rature.  Les mod\u00e8les PVL \u00e0 cinq couches de verre isolant permettent d&#039;effectuer des mesures \u00e0 tr\u00e8s basse temp\u00e9rature jusqu&#039;\u00e0 -40\u00b0C ou -60\u00b0C en raccordant un cryothermostat.  Caract\u00e9ristiques :   Programmateur avec 150 segments temp\u00e9rature-temps et affichage graphique de l&#039;\u00e9volution de la temp\u00e9rature pour l&#039;unit\u00e9 de commande Command  Pompe Varioflex LAUDA (pompe de refoulement) avec 8 niveaux de puissance s\u00e9lectionnables  Serpentin de refroidissement de s\u00e9rie permettant de raccorder un refroidisseur suppl\u00e9mentaire  T\u00e9l\u00e9charger la brochure produit : Thermostat transparent LAUDA Proline\" \/>\n<meta property=\"og:url\" content=\"https:\/\/webdesi-gn.fr\/dev_deltalabo\/produits\/domaines\/thermostatisation\/thermostat-transparent-lauda-proline\/\" \/>\n<meta property=\"og:site_name\" content=\"DeltaLabo\" \/>\n<meta property=\"article:modified_time\" content=\"2025-07-08T09:54:43+00:00\" \/>\n<meta property=\"og:image\" content=\"https:\/\/webdesi-gn.fr\/dev_deltalabo\/wp-content\/uploads\/2025\/06\/DELTA-LABO-thermostat-transparent-LAUDA-proline-2.png\" \/>\n\t<meta property=\"og:image:width\" content=\"800\" \/>\n\t<meta property=\"og:image:height\" content=\"800\" \/>\n\t<meta property=\"og:image:type\" content=\"image\/png\" \/>\n<meta name=\"twitter:card\" content=\"summary_large_image\" \/>\n<meta name=\"twitter:label1\" content=\"Dur\u00e9e de lecture estim\u00e9e\" \/>\n\t<meta name=\"twitter:data1\" content=\"1 minute\" \/>\n<script type=\"application\/ld+json\" class=\"yoast-schema-graph\">{\"@context\":\"https:\\\/\\\/schema.org\",\"@graph\":[{\"@type\":\"WebPage\",\"@id\":\"https:\\\/\\\/webdesi-gn.fr\\\/dev_deltalabo\\\/produits\\\/domaines\\\/thermostatisation\\\/thermostat-transparent-lauda-proline\\\/\",\"url\":\"https:\\\/\\\/webdesi-gn.fr\\\/dev_deltalabo\\\/produits\\\/domaines\\\/thermostatisation\\\/thermostat-transparent-lauda-proline\\\/\",\"name\":\"Thermostat transparent LAUDA Proline | DeltaLabo\",\"isPartOf\":{\"@id\":\"https:\\\/\\\/webdesi-gn.fr\\\/dev_deltalabo\\\/#website\"},\"primaryImageOfPage\":{\"@id\":\"https:\\\/\\\/webdesi-gn.fr\\\/dev_deltalabo\\\/produits\\\/domaines\\\/thermostatisation\\\/thermostat-transparent-lauda-proline\\\/#primaryimage\"},\"image\":{\"@id\":\"https:\\\/\\\/webdesi-gn.fr\\\/dev_deltalabo\\\/produits\\\/domaines\\\/thermostatisation\\\/thermostat-transparent-lauda-proline\\\/#primaryimage\"},\"thumbnailUrl\":\"https:\\\/\\\/webdesi-gn.fr\\\/dev_deltalabo\\\/wp-content\\\/uploads\\\/2025\\\/06\\\/DELTA-LABO-thermostat-transparent-LAUDA-proline-2.png\",\"datePublished\":\"2025-06-25T14:19:54+00:00\",\"dateModified\":\"2025-07-08T09:54:43+00:00\",\"breadcrumb\":{\"@id\":\"https:\\\/\\\/webdesi-gn.fr\\\/dev_deltalabo\\\/produits\\\/domaines\\\/thermostatisation\\\/thermostat-transparent-lauda-proline\\\/#breadcrumb\"},\"inLanguage\":\"fr-FR\",\"potentialAction\":[{\"@type\":\"ReadAction\",\"target\":[\"https:\\\/\\\/webdesi-gn.fr\\\/dev_deltalabo\\\/produits\\\/domaines\\\/thermostatisation\\\/thermostat-transparent-lauda-proline\\\/\"]}]},{\"@type\":\"ImageObject\",\"inLanguage\":\"fr-FR\",\"@id\":\"https:\\\/\\\/webdesi-gn.fr\\\/dev_deltalabo\\\/produits\\\/domaines\\\/thermostatisation\\\/thermostat-transparent-lauda-proline\\\/#primaryimage\",\"url\":\"https:\\\/\\\/webdesi-gn.fr\\\/dev_deltalabo\\\/wp-content\\\/uploads\\\/2025\\\/06\\\/DELTA-LABO-thermostat-transparent-LAUDA-proline-2.png\",\"contentUrl\":\"https:\\\/\\\/webdesi-gn.fr\\\/dev_deltalabo\\\/wp-content\\\/uploads\\\/2025\\\/06\\\/DELTA-LABO-thermostat-transparent-LAUDA-proline-2.png\",\"width\":800,\"height\":800},{\"@type\":\"BreadcrumbList\",\"@id\":\"https:\\\/\\\/webdesi-gn.fr\\\/dev_deltalabo\\\/produits\\\/domaines\\\/thermostatisation\\\/thermostat-transparent-lauda-proline\\\/#breadcrumb\",\"itemListElement\":[{\"@type\":\"ListItem\",\"position\":1,\"name\":\"Accueil\",\"item\":\"https:\\\/\\\/webdesi-gn.fr\\\/dev_deltalabo\\\/\"},{\"@type\":\"ListItem\",\"position\":2,\"name\":\"Produits\",\"item\":\"https:\\\/\\\/webdesi-gn.fr\\\/dev_deltalabo\\\/produits\\\/\"},{\"@type\":\"ListItem\",\"position\":3,\"name\":\"Thermostat transparent LAUDA Proline\"}]},{\"@type\":\"WebSite\",\"@id\":\"https:\\\/\\\/webdesi-gn.fr\\\/dev_deltalabo\\\/#website\",\"url\":\"https:\\\/\\\/webdesi-gn.fr\\\/dev_deltalabo\\\/\",\"name\":\"Delta Labo\",\"description\":\"Un site utilisant WordPress\",\"publisher\":{\"@id\":\"https:\\\/\\\/webdesi-gn.fr\\\/dev_deltalabo\\\/#organization\"},\"alternateName\":\"Delta Labo\",\"potentialAction\":[{\"@type\":\"SearchAction\",\"target\":{\"@type\":\"EntryPoint\",\"urlTemplate\":\"https:\\\/\\\/webdesi-gn.fr\\\/dev_deltalabo\\\/?s={search_term_string}\"},\"query-input\":{\"@type\":\"PropertyValueSpecification\",\"valueRequired\":true,\"valueName\":\"search_term_string\"}}],\"inLanguage\":\"fr-FR\"},{\"@type\":\"Organization\",\"@id\":\"https:\\\/\\\/webdesi-gn.fr\\\/dev_deltalabo\\\/#organization\",\"name\":\"DeltaLabo\",\"url\":\"https:\\\/\\\/webdesi-gn.fr\\\/dev_deltalabo\\\/\",\"logo\":{\"@type\":\"ImageObject\",\"inLanguage\":\"fr-FR\",\"@id\":\"https:\\\/\\\/webdesi-gn.fr\\\/dev_deltalabo\\\/#\\\/schema\\\/logo\\\/image\\\/\",\"url\":\"https:\\\/\\\/webdesi-gn.fr\\\/dev_deltalabo\\\/wp-content\\\/uploads\\\/2022\\\/07\\\/logo-deltalabo.png\",\"contentUrl\":\"https:\\\/\\\/webdesi-gn.fr\\\/dev_deltalabo\\\/wp-content\\\/uploads\\\/2022\\\/07\\\/logo-deltalabo.png\",\"width\":694,\"height\":306,\"caption\":\"DeltaLabo\"},\"image\":{\"@id\":\"https:\\\/\\\/webdesi-gn.fr\\\/dev_deltalabo\\\/#\\\/schema\\\/logo\\\/image\\\/\"}}]}<\/script>\n<!-- \/ Yoast SEO plugin. -->","yoast_head_json":{"title":"Thermostat transparent LAUDA Proline | DeltaLabo","robots":{"index":"noindex","follow":"follow","max-snippet":"max-snippet:-1","max-image-preview":"max-image-preview:large","max-video-preview":"max-video-preview:-1"},"og_locale":"fr_FR","og_type":"article","og_title":"Thermostat transparent LAUDA Proline | DeltaLabo","og_description":"Thermostat transparent LAUDA Proline :  Les thermostats transparents chauffants LAUDA Proline sont con\u00e7us pour une utilisation professionnelle dans la recherche, l'ing\u00e9nierie appliqu\u00e9e et la production.  Ils sont id\u00e9aux pour une utilisation avec le viscosim\u00e8tre LAUDA PVS iVisc enti\u00e8rement automatique, car la constance de la temp\u00e9rature dans le temps et dans l'espace, n\u00e9cessaire \u00e0 la d\u00e9termination pr\u00e9cise de la viscosit\u00e9, est garantie sur toute la plage de temp\u00e9rature.  Le principe des deux compartiments garantit toujours un niveau de liquide constant dans l'espace de mesure ind\u00e9pendamment de la quantit\u00e9 de liquide et de la temp\u00e9rature.  Les mod\u00e8les PVL \u00e0 cinq couches de verre isolant permettent d'effectuer des mesures \u00e0 tr\u00e8s basse temp\u00e9rature jusqu'\u00e0 -40\u00b0C ou -60\u00b0C en raccordant un cryothermostat.  Caract\u00e9ristiques :   Programmateur avec 150 segments temp\u00e9rature-temps et affichage graphique de l'\u00e9volution de la temp\u00e9rature pour l'unit\u00e9 de commande Command  Pompe Varioflex LAUDA (pompe de refoulement) avec 8 niveaux de puissance s\u00e9lectionnables  Serpentin de refroidissement de s\u00e9rie permettant de raccorder un refroidisseur suppl\u00e9mentaire  T\u00e9l\u00e9charger la brochure produit : Thermostat transparent LAUDA Proline","og_url":"https:\/\/webdesi-gn.fr\/dev_deltalabo\/produits\/domaines\/thermostatisation\/thermostat-transparent-lauda-proline\/","og_site_name":"DeltaLabo","article_modified_time":"2025-07-08T09:54:43+00:00","og_image":[{"width":800,"height":800,"url":"https:\/\/webdesi-gn.fr\/dev_deltalabo\/wp-content\/uploads\/2025\/06\/DELTA-LABO-thermostat-transparent-LAUDA-proline-2.png","type":"image\/png"}],"twitter_card":"summary_large_image","twitter_misc":{"Dur\u00e9e de lecture estim\u00e9e":"1 minute"},"schema":{"@context":"https:\/\/schema.org","@graph":[{"@type":"WebPage","@id":"https:\/\/webdesi-gn.fr\/dev_deltalabo\/produits\/domaines\/thermostatisation\/thermostat-transparent-lauda-proline\/","url":"https:\/\/webdesi-gn.fr\/dev_deltalabo\/produits\/domaines\/thermostatisation\/thermostat-transparent-lauda-proline\/","name":"Thermostat transparent LAUDA Proline | DeltaLabo","isPartOf":{"@id":"https:\/\/webdesi-gn.fr\/dev_deltalabo\/#website"},"primaryImageOfPage":{"@id":"https:\/\/webdesi-gn.fr\/dev_deltalabo\/produits\/domaines\/thermostatisation\/thermostat-transparent-lauda-proline\/#primaryimage"},"image":{"@id":"https:\/\/webdesi-gn.fr\/dev_deltalabo\/produits\/domaines\/thermostatisation\/thermostat-transparent-lauda-proline\/#primaryimage"},"thumbnailUrl":"https:\/\/webdesi-gn.fr\/dev_deltalabo\/wp-content\/uploads\/2025\/06\/DELTA-LABO-thermostat-transparent-LAUDA-proline-2.png","datePublished":"2025-06-25T14:19:54+00:00","dateModified":"2025-07-08T09:54:43+00:00","breadcrumb":{"@id":"https:\/\/webdesi-gn.fr\/dev_deltalabo\/produits\/domaines\/thermostatisation\/thermostat-transparent-lauda-proline\/#breadcrumb"},"inLanguage":"fr-FR","potentialAction":[{"@type":"ReadAction","target":["https:\/\/webdesi-gn.fr\/dev_deltalabo\/produits\/domaines\/thermostatisation\/thermostat-transparent-lauda-proline\/"]}]},{"@type":"ImageObject","inLanguage":"fr-FR","@id":"https:\/\/webdesi-gn.fr\/dev_deltalabo\/produits\/domaines\/thermostatisation\/thermostat-transparent-lauda-proline\/#primaryimage","url":"https:\/\/webdesi-gn.fr\/dev_deltalabo\/wp-content\/uploads\/2025\/06\/DELTA-LABO-thermostat-transparent-LAUDA-proline-2.png","contentUrl":"https:\/\/webdesi-gn.fr\/dev_deltalabo\/wp-content\/uploads\/2025\/06\/DELTA-LABO-thermostat-transparent-LAUDA-proline-2.png","width":800,"height":800},{"@type":"BreadcrumbList","@id":"https:\/\/webdesi-gn.fr\/dev_deltalabo\/produits\/domaines\/thermostatisation\/thermostat-transparent-lauda-proline\/#breadcrumb","itemListElement":[{"@type":"ListItem","position":1,"name":"Accueil","item":"https:\/\/webdesi-gn.fr\/dev_deltalabo\/"},{"@type":"ListItem","position":2,"name":"Produits","item":"https:\/\/webdesi-gn.fr\/dev_deltalabo\/produits\/"},{"@type":"ListItem","position":3,"name":"Thermostat transparent LAUDA Proline"}]},{"@type":"WebSite","@id":"https:\/\/webdesi-gn.fr\/dev_deltalabo\/#website","url":"https:\/\/webdesi-gn.fr\/dev_deltalabo\/","name":"Delta Labo","description":"Un site utilisant WordPress","publisher":{"@id":"https:\/\/webdesi-gn.fr\/dev_deltalabo\/#organization"},"alternateName":"Delta Labo","potentialAction":[{"@type":"SearchAction","target":{"@type":"EntryPoint","urlTemplate":"https:\/\/webdesi-gn.fr\/dev_deltalabo\/?s={search_term_string}"},"query-input":{"@type":"PropertyValueSpecification","valueRequired":true,"valueName":"search_term_string"}}],"inLanguage":"fr-FR"},{"@type":"Organization","@id":"https:\/\/webdesi-gn.fr\/dev_deltalabo\/#organization","name":"DeltaLabo","url":"https:\/\/webdesi-gn.fr\/dev_deltalabo\/","logo":{"@type":"ImageObject","inLanguage":"fr-FR","@id":"https:\/\/webdesi-gn.fr\/dev_deltalabo\/#\/schema\/logo\/image\/","url":"https:\/\/webdesi-gn.fr\/dev_deltalabo\/wp-content\/uploads\/2022\/07\/logo-deltalabo.png","contentUrl":"https:\/\/webdesi-gn.fr\/dev_deltalabo\/wp-content\/uploads\/2022\/07\/logo-deltalabo.png","width":694,"height":306,"caption":"DeltaLabo"},"image":{"@id":"https:\/\/webdesi-gn.fr\/dev_deltalabo\/#\/schema\/logo\/image\/"}}]}},"_links":{"self":[{"href":"https:\/\/webdesi-gn.fr\/dev_deltalabo\/wp-json\/wp\/v2\/product\/260554","targetHints":{"allow":["GET"]}}],"collection":[{"href":"https:\/\/webdesi-gn.fr\/dev_deltalabo\/wp-json\/wp\/v2\/product"}],"about":[{"href":"https:\/\/webdesi-gn.fr\/dev_deltalabo\/wp-json\/wp\/v2\/types\/product"}],"wp:featuredmedia":[{"embeddable":true,"href":"https:\/\/webdesi-gn.fr\/dev_deltalabo\/wp-json\/wp\/v2\/media\/260807"}],"wp:attachment":[{"href":"https:\/\/webdesi-gn.fr\/dev_deltalabo\/wp-json\/wp\/v2\/media?parent=260554"}],"wp:term":[{"taxonomy":"domaine","embeddable":true,"href":"https:\/\/webdesi-gn.fr\/dev_deltalabo\/wp-json\/wp\/v2\/domaine?post=260554"},{"taxonomy":"normes","embeddable":true,"href":"https:\/\/webdesi-gn.fr\/dev_deltalabo\/wp-json\/wp\/v2\/normes?post=260554"},{"taxonomy":"product_brand","embeddable":true,"href":"https:\/\/webdesi-gn.fr\/dev_deltalabo\/wp-json\/wp\/v2\/product_brand?post=260554"},{"taxonomy":"product_cat","embeddable":true,"href":"https:\/\/webdesi-gn.fr\/dev_deltalabo\/wp-json\/wp\/v2\/product_cat?post=260554"},{"taxonomy":"product_tag","embeddable":true,"href":"https:\/\/webdesi-gn.fr\/dev_deltalabo\/wp-json\/wp\/v2\/product_tag?post=260554"}],"curies":[{"name":"wp","href":"https:\/\/api.w.org\/{rel}","templated":true}]}}