{"id":260562,"date":"2025-06-26T11:25:37","date_gmt":"2025-06-26T09:25:37","guid":{"rendered":"https:\/\/webdesi-gn.fr\/dev_deltalabo\/?post_type=product&#038;p=260562"},"modified":"2025-11-24T13:41:23","modified_gmt":"2025-11-24T12:41:23","slug":"autoclave-hanshin-medical-s-class-hs-60sl-hs-85sl","status":"publish","type":"product","link":"https:\/\/webdesi-gn.fr\/dev_deltalabo\/produits\/categories\/autoclave-hanshin-medical-s-class-hs-60sl-hs-85sl\/","title":{"rendered":"Autoclaves Hanshin Medical S-Class HS-60SL \/ HS-85SL"},"content":{"rendered":"","protected":false},"excerpt":{"rendered":"<p><strong>Autoclaves Hanshin Medical S-Class HS-60SL \/ HS-85SL :<\/strong><\/p>\n<p>Ces st\u00e9rilisateurs adoptent une chambre cylindrique unique de type vertical \u00e9quip\u00e9e d&rsquo;une porte automatique motoris\u00e9e, ce qui rend le chargement, le d\u00e9chargement et le fonctionnement du st\u00e9rilisateur s\u00fbr et pratique.<\/p>\n<p>La chambre de type vertical permet d&rsquo;utiliser une chambre plus large que les autres petits st\u00e9rilisateurs dans un espace confin\u00e9, et est la plus efficace pour st\u00e9riliser une charge liquide, plus utile pour les liquides contenus dans une grande bouteille en verre dans les laboratoires cliniques et les instituts de recherche.<\/p>\n<p>L&rsquo;op\u00e9rateur peut v\u00e9rifier facilement la progression du cycle sur l&rsquo;\u00e9cran LCD.<\/p>\n<ul>\n<li>5 types de programmes pour la st\u00e9rilisation, modifiable \u00e0 tout moment<\/li>\n<li>Code d&rsquo;erreur sur l&rsquo;\u00e9cran LCD accompagn\u00e9 d&rsquo;une alarme sonore si une erreur est d\u00e9tect\u00e9e pendant le fonctionnement du st\u00e9rilisateur, avec interruption automatique<\/li>\n<li>HS-60SL : capacit\u00e9 60 litres<\/li>\n<li>HS-85SL : capacit\u00e9 85 litres<\/li>\n<li>Plage de temp\u00e9rature : 121\u00b0C \u00e0 135\u00b0C<\/li>\n<li>Chambre en inox<\/li>\n<\/ul>\n<p><strong>T\u00e9l\u00e9charger la brochure produit :<\/strong> <a href=\"https:\/\/www.deltalabo.fr\/wp-content\/uploads\/2025\/06\/3-Doc-autoclave-DL-01.18.pdf\">Autoclave S-Class HS-60SL \/ HS-85SL Hanshin<\/a><\/p>\n","protected":false},"featured_media":261936,"template":"","meta":{"_acf_changed":false,"site-sidebar-layout":"default","site-content-layout":"","ast-site-content-layout":"default","site-content-style":"default","site-sidebar-style":"default","ast-global-header-display":"","ast-banner-title-visibility":"","ast-main-header-display":"","ast-hfb-above-header-display":"","ast-hfb-below-header-display":"","ast-hfb-mobile-header-display":"","site-post-title":"","ast-breadcrumbs-content":"","ast-featured-img":"","footer-sml-layout":"","ast-disable-related-posts":"","theme-transparent-header-meta":"","adv-header-id-meta":"","stick-header-meta":"","header-above-stick-meta":"","header-main-stick-meta":"","header-below-stick-meta":"","astra-migrate-meta-layouts":"default","ast-page-background-enabled":"default","ast-page-background-meta":{"desktop":{"background-color":"var(--ast-global-color-5)","background-image":"","background-repeat":"repeat","background-position":"center center","background-size":"auto","background-attachment":"scroll","background-type":"","background-media":"","overlay-type":"","overlay-color":"","overlay-opacity":"","overlay-gradient":""},"tablet":{"background-color":"","background-image":"","background-repeat":"repeat","background-position":"center center","background-size":"auto","background-attachment":"scroll","background-type":"","background-media":"","overlay-type":"","overlay-color":"","overlay-opacity":"","overlay-gradient":""},"mobile":{"background-color":"","background-image":"","background-repeat":"repeat","background-position":"center center","background-size":"auto","background-attachment":"scroll","background-type":"","background-media":"","overlay-type":"","overlay-color":"","overlay-opacity":"","overlay-gradient":""}},"ast-content-background-meta":{"desktop":{"background-color":"var(--ast-global-color-4)","background-image":"","background-repeat":"repeat","background-position":"center center","background-size":"auto","background-attachment":"scroll","background-type":"","background-media":"","overlay-type":"","overlay-color":"","overlay-opacity":"","overlay-gradient":""},"tablet":{"background-color":"var(--ast-global-color-4)","background-image":"","background-repeat":"repeat","background-position":"center center","background-size":"auto","background-attachment":"scroll","background-type":"","background-media":"","overlay-type":"","overlay-color":"","overlay-opacity":"","overlay-gradient":""},"mobile":{"background-color":"var(--ast-global-color-4)","background-image":"","background-repeat":"repeat","background-position":"center center","background-size":"auto","background-attachment":"scroll","background-type":"","background-media":"","overlay-type":"","overlay-color":"","overlay-opacity":"","overlay-gradient":""}}},"domaine":[],"normes":[17135],"product_brand":[],"product_cat":[17240],"product_tag":[],"class_list":{"0":"post-260562","1":"product","2":"type-product","3":"status-publish","4":"has-post-thumbnail","6":"normes-din-51562","7":"product_cat-categories","8":"desktop-align-left","9":"tablet-align-left","10":"mobile-align-left","12":"first","13":"instock","14":"shipping-taxable","15":"product-type-simple"},"acf":[],"yoast_head":"<!-- This site is optimized with the Yoast SEO plugin v27.4 - https:\/\/yoast.com\/product\/yoast-seo-wordpress\/ -->\n<title>Autoclaves Hanshin Medical S-Class HS-60SL \/ HS-85SL | DeltaLabo<\/title>\n<meta name=\"robots\" content=\"noindex, follow, max-snippet:-1, max-image-preview:large, max-video-preview:-1\" \/>\n<meta property=\"og:locale\" content=\"fr_FR\" \/>\n<meta property=\"og:type\" content=\"article\" \/>\n<meta property=\"og:title\" content=\"Autoclaves Hanshin Medical S-Class HS-60SL \/ HS-85SL | DeltaLabo\" \/>\n<meta property=\"og:description\" content=\"Autoclaves Hanshin Medical S-Class HS-60SL \/ HS-85SL :  Ces st\u00e9rilisateurs adoptent une chambre cylindrique unique de type vertical \u00e9quip\u00e9e d&#039;une porte automatique motoris\u00e9e, ce qui rend le chargement, le d\u00e9chargement et le fonctionnement du st\u00e9rilisateur s\u00fbr et pratique.  La chambre de type vertical permet d&#039;utiliser une chambre plus large que les autres petits st\u00e9rilisateurs dans un espace confin\u00e9, et est la plus efficace pour st\u00e9riliser une charge liquide, plus utile pour les liquides contenus dans une grande bouteille en verre dans les laboratoires cliniques et les instituts de recherche.  L&#039;op\u00e9rateur peut v\u00e9rifier facilement la progression du cycle sur l&#039;\u00e9cran LCD.   5 types de programmes pour la st\u00e9rilisation, modifiable \u00e0 tout moment  Code d&#039;erreur sur l&#039;\u00e9cran LCD accompagn\u00e9 d&#039;une alarme sonore si une erreur est d\u00e9tect\u00e9e pendant le fonctionnement du st\u00e9rilisateur, avec interruption automatique  HS-60SL : capacit\u00e9 60 litres  HS-85SL : capacit\u00e9 85 litres  Plage de temp\u00e9rature : 121\u00b0C \u00e0 135\u00b0C  Chambre en inox  T\u00e9l\u00e9charger la brochure produit : Autoclave S-Class HS-60SL \/ HS-85SL Hanshin\" \/>\n<meta property=\"og:url\" content=\"https:\/\/webdesi-gn.fr\/dev_deltalabo\/produits\/cat-produit\/autoclave-hanshin-medical-s-class-hs-60sl-hs-85sl\/\" \/>\n<meta property=\"og:site_name\" content=\"DeltaLabo\" \/>\n<meta property=\"article:modified_time\" content=\"2025-11-24T12:41:23+00:00\" \/>\n<meta property=\"og:image\" content=\"https:\/\/webdesi-gn.fr\/dev_deltalabo\/wp-content\/uploads\/2025\/06\/DELTA-LABO-Autoclave-HS-60SL.jpg\" \/>\n\t<meta property=\"og:image:width\" content=\"500\" \/>\n\t<meta property=\"og:image:height\" content=\"623\" \/>\n\t<meta property=\"og:image:type\" content=\"image\/jpeg\" \/>\n<meta name=\"twitter:card\" content=\"summary_large_image\" \/>\n<meta name=\"twitter:label1\" content=\"Dur\u00e9e de lecture estim\u00e9e\" \/>\n\t<meta name=\"twitter:data1\" content=\"1 minute\" \/>\n<script type=\"application\/ld+json\" class=\"yoast-schema-graph\">{\"@context\":\"https:\\\/\\\/schema.org\",\"@graph\":[{\"@type\":\"WebPage\",\"@id\":\"https:\\\/\\\/webdesi-gn.fr\\\/dev_deltalabo\\\/produits\\\/cat-produit\\\/autoclave-hanshin-medical-s-class-hs-60sl-hs-85sl\\\/\",\"url\":\"https:\\\/\\\/webdesi-gn.fr\\\/dev_deltalabo\\\/produits\\\/cat-produit\\\/autoclave-hanshin-medical-s-class-hs-60sl-hs-85sl\\\/\",\"name\":\"Autoclaves Hanshin Medical S-Class HS-60SL \\\/ HS-85SL | DeltaLabo\",\"isPartOf\":{\"@id\":\"https:\\\/\\\/webdesi-gn.fr\\\/dev_deltalabo\\\/#website\"},\"primaryImageOfPage\":{\"@id\":\"https:\\\/\\\/webdesi-gn.fr\\\/dev_deltalabo\\\/produits\\\/cat-produit\\\/autoclave-hanshin-medical-s-class-hs-60sl-hs-85sl\\\/#primaryimage\"},\"image\":{\"@id\":\"https:\\\/\\\/webdesi-gn.fr\\\/dev_deltalabo\\\/produits\\\/cat-produit\\\/autoclave-hanshin-medical-s-class-hs-60sl-hs-85sl\\\/#primaryimage\"},\"thumbnailUrl\":\"https:\\\/\\\/webdesi-gn.fr\\\/dev_deltalabo\\\/wp-content\\\/uploads\\\/2025\\\/11\\\/DELTA-LABO-Autoclave-HS-60SL.jpg\",\"datePublished\":\"2025-06-26T09:25:37+00:00\",\"dateModified\":\"2025-11-24T12:41:23+00:00\",\"breadcrumb\":{\"@id\":\"https:\\\/\\\/webdesi-gn.fr\\\/dev_deltalabo\\\/produits\\\/cat-produit\\\/autoclave-hanshin-medical-s-class-hs-60sl-hs-85sl\\\/#breadcrumb\"},\"inLanguage\":\"fr-FR\",\"potentialAction\":[{\"@type\":\"ReadAction\",\"target\":[\"https:\\\/\\\/webdesi-gn.fr\\\/dev_deltalabo\\\/produits\\\/cat-produit\\\/autoclave-hanshin-medical-s-class-hs-60sl-hs-85sl\\\/\"]}]},{\"@type\":\"ImageObject\",\"inLanguage\":\"fr-FR\",\"@id\":\"https:\\\/\\\/webdesi-gn.fr\\\/dev_deltalabo\\\/produits\\\/cat-produit\\\/autoclave-hanshin-medical-s-class-hs-60sl-hs-85sl\\\/#primaryimage\",\"url\":\"https:\\\/\\\/webdesi-gn.fr\\\/dev_deltalabo\\\/wp-content\\\/uploads\\\/2025\\\/11\\\/DELTA-LABO-Autoclave-HS-60SL.jpg\",\"contentUrl\":\"https:\\\/\\\/webdesi-gn.fr\\\/dev_deltalabo\\\/wp-content\\\/uploads\\\/2025\\\/11\\\/DELTA-LABO-Autoclave-HS-60SL.jpg\",\"width\":500,\"height\":623},{\"@type\":\"BreadcrumbList\",\"@id\":\"https:\\\/\\\/webdesi-gn.fr\\\/dev_deltalabo\\\/produits\\\/cat-produit\\\/autoclave-hanshin-medical-s-class-hs-60sl-hs-85sl\\\/#breadcrumb\",\"itemListElement\":[{\"@type\":\"ListItem\",\"position\":1,\"name\":\"Accueil\",\"item\":\"https:\\\/\\\/webdesi-gn.fr\\\/dev_deltalabo\\\/\"},{\"@type\":\"ListItem\",\"position\":2,\"name\":\"Produits\",\"item\":\"https:\\\/\\\/webdesi-gn.fr\\\/dev_deltalabo\\\/produits\\\/\"},{\"@type\":\"ListItem\",\"position\":3,\"name\":\"Autoclaves Hanshin Medical S-Class HS-60SL \\\/ HS-85SL\"}]},{\"@type\":\"WebSite\",\"@id\":\"https:\\\/\\\/webdesi-gn.fr\\\/dev_deltalabo\\\/#website\",\"url\":\"https:\\\/\\\/webdesi-gn.fr\\\/dev_deltalabo\\\/\",\"name\":\"Delta Labo\",\"description\":\"Un site utilisant WordPress\",\"publisher\":{\"@id\":\"https:\\\/\\\/webdesi-gn.fr\\\/dev_deltalabo\\\/#organization\"},\"alternateName\":\"Delta Labo\",\"potentialAction\":[{\"@type\":\"SearchAction\",\"target\":{\"@type\":\"EntryPoint\",\"urlTemplate\":\"https:\\\/\\\/webdesi-gn.fr\\\/dev_deltalabo\\\/?s={search_term_string}\"},\"query-input\":{\"@type\":\"PropertyValueSpecification\",\"valueRequired\":true,\"valueName\":\"search_term_string\"}}],\"inLanguage\":\"fr-FR\"},{\"@type\":\"Organization\",\"@id\":\"https:\\\/\\\/webdesi-gn.fr\\\/dev_deltalabo\\\/#organization\",\"name\":\"DeltaLabo\",\"url\":\"https:\\\/\\\/webdesi-gn.fr\\\/dev_deltalabo\\\/\",\"logo\":{\"@type\":\"ImageObject\",\"inLanguage\":\"fr-FR\",\"@id\":\"https:\\\/\\\/webdesi-gn.fr\\\/dev_deltalabo\\\/#\\\/schema\\\/logo\\\/image\\\/\",\"url\":\"https:\\\/\\\/webdesi-gn.fr\\\/dev_deltalabo\\\/wp-content\\\/uploads\\\/2022\\\/07\\\/logo-deltalabo.png\",\"contentUrl\":\"https:\\\/\\\/webdesi-gn.fr\\\/dev_deltalabo\\\/wp-content\\\/uploads\\\/2022\\\/07\\\/logo-deltalabo.png\",\"width\":694,\"height\":306,\"caption\":\"DeltaLabo\"},\"image\":{\"@id\":\"https:\\\/\\\/webdesi-gn.fr\\\/dev_deltalabo\\\/#\\\/schema\\\/logo\\\/image\\\/\"}}]}<\/script>\n<!-- \/ Yoast SEO plugin. -->","yoast_head_json":{"title":"Autoclaves Hanshin Medical S-Class HS-60SL \/ HS-85SL | DeltaLabo","robots":{"index":"noindex","follow":"follow","max-snippet":"max-snippet:-1","max-image-preview":"max-image-preview:large","max-video-preview":"max-video-preview:-1"},"og_locale":"fr_FR","og_type":"article","og_title":"Autoclaves Hanshin Medical S-Class HS-60SL \/ HS-85SL | DeltaLabo","og_description":"Autoclaves Hanshin Medical S-Class HS-60SL \/ HS-85SL :  Ces st\u00e9rilisateurs adoptent une chambre cylindrique unique de type vertical \u00e9quip\u00e9e d'une porte automatique motoris\u00e9e, ce qui rend le chargement, le d\u00e9chargement et le fonctionnement du st\u00e9rilisateur s\u00fbr et pratique.  La chambre de type vertical permet d'utiliser une chambre plus large que les autres petits st\u00e9rilisateurs dans un espace confin\u00e9, et est la plus efficace pour st\u00e9riliser une charge liquide, plus utile pour les liquides contenus dans une grande bouteille en verre dans les laboratoires cliniques et les instituts de recherche.  L'op\u00e9rateur peut v\u00e9rifier facilement la progression du cycle sur l'\u00e9cran LCD.   5 types de programmes pour la st\u00e9rilisation, modifiable \u00e0 tout moment  Code d'erreur sur l'\u00e9cran LCD accompagn\u00e9 d'une alarme sonore si une erreur est d\u00e9tect\u00e9e pendant le fonctionnement du st\u00e9rilisateur, avec interruption automatique  HS-60SL : capacit\u00e9 60 litres  HS-85SL : capacit\u00e9 85 litres  Plage de temp\u00e9rature : 121\u00b0C \u00e0 135\u00b0C  Chambre en inox  T\u00e9l\u00e9charger la brochure produit : Autoclave S-Class HS-60SL \/ HS-85SL Hanshin","og_url":"https:\/\/webdesi-gn.fr\/dev_deltalabo\/produits\/cat-produit\/autoclave-hanshin-medical-s-class-hs-60sl-hs-85sl\/","og_site_name":"DeltaLabo","article_modified_time":"2025-11-24T12:41:23+00:00","og_image":[{"width":500,"height":623,"url":"https:\/\/webdesi-gn.fr\/dev_deltalabo\/wp-content\/uploads\/2025\/06\/DELTA-LABO-Autoclave-HS-60SL.jpg","type":"image\/jpeg"}],"twitter_card":"summary_large_image","twitter_misc":{"Dur\u00e9e de lecture estim\u00e9e":"1 minute"},"schema":{"@context":"https:\/\/schema.org","@graph":[{"@type":"WebPage","@id":"https:\/\/webdesi-gn.fr\/dev_deltalabo\/produits\/cat-produit\/autoclave-hanshin-medical-s-class-hs-60sl-hs-85sl\/","url":"https:\/\/webdesi-gn.fr\/dev_deltalabo\/produits\/cat-produit\/autoclave-hanshin-medical-s-class-hs-60sl-hs-85sl\/","name":"Autoclaves Hanshin Medical S-Class HS-60SL \/ HS-85SL | DeltaLabo","isPartOf":{"@id":"https:\/\/webdesi-gn.fr\/dev_deltalabo\/#website"},"primaryImageOfPage":{"@id":"https:\/\/webdesi-gn.fr\/dev_deltalabo\/produits\/cat-produit\/autoclave-hanshin-medical-s-class-hs-60sl-hs-85sl\/#primaryimage"},"image":{"@id":"https:\/\/webdesi-gn.fr\/dev_deltalabo\/produits\/cat-produit\/autoclave-hanshin-medical-s-class-hs-60sl-hs-85sl\/#primaryimage"},"thumbnailUrl":"https:\/\/webdesi-gn.fr\/dev_deltalabo\/wp-content\/uploads\/2025\/11\/DELTA-LABO-Autoclave-HS-60SL.jpg","datePublished":"2025-06-26T09:25:37+00:00","dateModified":"2025-11-24T12:41:23+00:00","breadcrumb":{"@id":"https:\/\/webdesi-gn.fr\/dev_deltalabo\/produits\/cat-produit\/autoclave-hanshin-medical-s-class-hs-60sl-hs-85sl\/#breadcrumb"},"inLanguage":"fr-FR","potentialAction":[{"@type":"ReadAction","target":["https:\/\/webdesi-gn.fr\/dev_deltalabo\/produits\/cat-produit\/autoclave-hanshin-medical-s-class-hs-60sl-hs-85sl\/"]}]},{"@type":"ImageObject","inLanguage":"fr-FR","@id":"https:\/\/webdesi-gn.fr\/dev_deltalabo\/produits\/cat-produit\/autoclave-hanshin-medical-s-class-hs-60sl-hs-85sl\/#primaryimage","url":"https:\/\/webdesi-gn.fr\/dev_deltalabo\/wp-content\/uploads\/2025\/11\/DELTA-LABO-Autoclave-HS-60SL.jpg","contentUrl":"https:\/\/webdesi-gn.fr\/dev_deltalabo\/wp-content\/uploads\/2025\/11\/DELTA-LABO-Autoclave-HS-60SL.jpg","width":500,"height":623},{"@type":"BreadcrumbList","@id":"https:\/\/webdesi-gn.fr\/dev_deltalabo\/produits\/cat-produit\/autoclave-hanshin-medical-s-class-hs-60sl-hs-85sl\/#breadcrumb","itemListElement":[{"@type":"ListItem","position":1,"name":"Accueil","item":"https:\/\/webdesi-gn.fr\/dev_deltalabo\/"},{"@type":"ListItem","position":2,"name":"Produits","item":"https:\/\/webdesi-gn.fr\/dev_deltalabo\/produits\/"},{"@type":"ListItem","position":3,"name":"Autoclaves Hanshin Medical S-Class HS-60SL \/ HS-85SL"}]},{"@type":"WebSite","@id":"https:\/\/webdesi-gn.fr\/dev_deltalabo\/#website","url":"https:\/\/webdesi-gn.fr\/dev_deltalabo\/","name":"Delta Labo","description":"Un site utilisant WordPress","publisher":{"@id":"https:\/\/webdesi-gn.fr\/dev_deltalabo\/#organization"},"alternateName":"Delta Labo","potentialAction":[{"@type":"SearchAction","target":{"@type":"EntryPoint","urlTemplate":"https:\/\/webdesi-gn.fr\/dev_deltalabo\/?s={search_term_string}"},"query-input":{"@type":"PropertyValueSpecification","valueRequired":true,"valueName":"search_term_string"}}],"inLanguage":"fr-FR"},{"@type":"Organization","@id":"https:\/\/webdesi-gn.fr\/dev_deltalabo\/#organization","name":"DeltaLabo","url":"https:\/\/webdesi-gn.fr\/dev_deltalabo\/","logo":{"@type":"ImageObject","inLanguage":"fr-FR","@id":"https:\/\/webdesi-gn.fr\/dev_deltalabo\/#\/schema\/logo\/image\/","url":"https:\/\/webdesi-gn.fr\/dev_deltalabo\/wp-content\/uploads\/2022\/07\/logo-deltalabo.png","contentUrl":"https:\/\/webdesi-gn.fr\/dev_deltalabo\/wp-content\/uploads\/2022\/07\/logo-deltalabo.png","width":694,"height":306,"caption":"DeltaLabo"},"image":{"@id":"https:\/\/webdesi-gn.fr\/dev_deltalabo\/#\/schema\/logo\/image\/"}}]}},"_links":{"self":[{"href":"https:\/\/webdesi-gn.fr\/dev_deltalabo\/wp-json\/wp\/v2\/product\/260562","targetHints":{"allow":["GET"]}}],"collection":[{"href":"https:\/\/webdesi-gn.fr\/dev_deltalabo\/wp-json\/wp\/v2\/product"}],"about":[{"href":"https:\/\/webdesi-gn.fr\/dev_deltalabo\/wp-json\/wp\/v2\/types\/product"}],"wp:featuredmedia":[{"embeddable":true,"href":"https:\/\/webdesi-gn.fr\/dev_deltalabo\/wp-json\/wp\/v2\/media\/261936"}],"wp:attachment":[{"href":"https:\/\/webdesi-gn.fr\/dev_deltalabo\/wp-json\/wp\/v2\/media?parent=260562"}],"wp:term":[{"taxonomy":"domaine","embeddable":true,"href":"https:\/\/webdesi-gn.fr\/dev_deltalabo\/wp-json\/wp\/v2\/domaine?post=260562"},{"taxonomy":"normes","embeddable":true,"href":"https:\/\/webdesi-gn.fr\/dev_deltalabo\/wp-json\/wp\/v2\/normes?post=260562"},{"taxonomy":"product_brand","embeddable":true,"href":"https:\/\/webdesi-gn.fr\/dev_deltalabo\/wp-json\/wp\/v2\/product_brand?post=260562"},{"taxonomy":"product_cat","embeddable":true,"href":"https:\/\/webdesi-gn.fr\/dev_deltalabo\/wp-json\/wp\/v2\/product_cat?post=260562"},{"taxonomy":"product_tag","embeddable":true,"href":"https:\/\/webdesi-gn.fr\/dev_deltalabo\/wp-json\/wp\/v2\/product_tag?post=260562"}],"curies":[{"name":"wp","href":"https:\/\/api.w.org\/{rel}","templated":true}]}}