{"id":260572,"date":"2025-06-26T11:45:45","date_gmt":"2025-06-26T09:45:45","guid":{"rendered":"https:\/\/webdesi-gn.fr\/dev_deltalabo\/?post_type=product&#038;p=260572"},"modified":"2025-11-24T13:41:23","modified_gmt":"2025-11-24T12:41:23","slug":"autoclave-hanshin-medical-s-class-hs-2321bl-hs-3041bl","status":"publish","type":"product","link":"https:\/\/webdesi-gn.fr\/dev_deltalabo\/produits\/categories\/autoclave-hanshin-medical-s-class-hs-2321bl-hs-3041bl\/","title":{"rendered":"Autoclaves Hanshin Medical S-Class HS-2321BL \/ HS-3041BL"},"content":{"rendered":"","protected":false},"excerpt":{"rendered":"<p><strong>Autoclaves Hanshin Medical S-Class HS-2321BL \/ HS-3041BL :<\/strong><\/p>\n<p>Les autoclaves S-Class HS-2321BL \/ HS-3041BL sont des st\u00e9rilisateurs de classe B con\u00e7us pour les st\u00e9rilisations de routine en laboratoire.<\/p>\n<p>Le g\u00e9n\u00e9rateur de vapeur int\u00e9gr\u00e9 permet d&rsquo;injecter directement la vapeur dans la chambre de st\u00e9rilisation.<\/p>\n<p>L&rsquo;eau us\u00e9e apr\u00e8s l&rsquo;ach\u00e8vement d&rsquo;un cycle de st\u00e9rilisation est recueillie dans le conteneur de collecte s\u00e9par\u00e9 du r\u00e9servoir. Ainsi, la vapeur est g\u00e9n\u00e9r\u00e9e par une eau propre toujours disponible.<\/p>\n<p>La chambre de st\u00e9rilisation poss\u00e8de une forme rectangulaire, offrant un maximum de volume utile.<\/p>\n<p>En outre, les programmes du cycle de st\u00e9rilisation comportent un processus de s\u00e9chage unique.<\/p>\n<ul>\n<li>Mod\u00e8le de paillasse<\/li>\n<li>Mod\u00e8le encastrable<\/li>\n<li>Mod\u00e8le programmable, contr\u00f4l\u00e9 par microprocesseur, avec cycle \u00e0 vide<\/li>\n<li>Plage de temp\u00e9rature : 121\u00b0C \u00e0 135\u00b0C<\/li>\n<li>HS-2321BL : capacit\u00e9 21,5 litres<\/li>\n<li>HS-3041BL : capacit\u00e9 40,5 litres<\/li>\n<\/ul>\n<p><strong>T\u00e9l\u00e9charger la brochure produit :<\/strong> <a href=\"https:\/\/www.deltalabo.fr\/wp-content\/uploads\/2025\/06\/Doc-autoclave-HS-2321BL-3041-BL-engl-DL22.pdf\">Autoclave S-Class HS-2321BL \/ HS-3041BL Hanshin<\/a><\/p>\n","protected":false},"featured_media":261932,"template":"","meta":{"_acf_changed":false,"site-sidebar-layout":"default","site-content-layout":"","ast-site-content-layout":"default","site-content-style":"default","site-sidebar-style":"default","ast-global-header-display":"","ast-banner-title-visibility":"","ast-main-header-display":"","ast-hfb-above-header-display":"","ast-hfb-below-header-display":"","ast-hfb-mobile-header-display":"","site-post-title":"","ast-breadcrumbs-content":"","ast-featured-img":"","footer-sml-layout":"","ast-disable-related-posts":"","theme-transparent-header-meta":"","adv-header-id-meta":"","stick-header-meta":"","header-above-stick-meta":"","header-main-stick-meta":"","header-below-stick-meta":"","astra-migrate-meta-layouts":"default","ast-page-background-enabled":"default","ast-page-background-meta":{"desktop":{"background-color":"var(--ast-global-color-5)","background-image":"","background-repeat":"repeat","background-position":"center center","background-size":"auto","background-attachment":"scroll","background-type":"","background-media":"","overlay-type":"","overlay-color":"","overlay-opacity":"","overlay-gradient":""},"tablet":{"background-color":"","background-image":"","background-repeat":"repeat","background-position":"center center","background-size":"auto","background-attachment":"scroll","background-type":"","background-media":"","overlay-type":"","overlay-color":"","overlay-opacity":"","overlay-gradient":""},"mobile":{"background-color":"","background-image":"","background-repeat":"repeat","background-position":"center center","background-size":"auto","background-attachment":"scroll","background-type":"","background-media":"","overlay-type":"","overlay-color":"","overlay-opacity":"","overlay-gradient":""}},"ast-content-background-meta":{"desktop":{"background-color":"var(--ast-global-color-4)","background-image":"","background-repeat":"repeat","background-position":"center center","background-size":"auto","background-attachment":"scroll","background-type":"","background-media":"","overlay-type":"","overlay-color":"","overlay-opacity":"","overlay-gradient":""},"tablet":{"background-color":"var(--ast-global-color-4)","background-image":"","background-repeat":"repeat","background-position":"center center","background-size":"auto","background-attachment":"scroll","background-type":"","background-media":"","overlay-type":"","overlay-color":"","overlay-opacity":"","overlay-gradient":""},"mobile":{"background-color":"var(--ast-global-color-4)","background-image":"","background-repeat":"repeat","background-position":"center center","background-size":"auto","background-attachment":"scroll","background-type":"","background-media":"","overlay-type":"","overlay-color":"","overlay-opacity":"","overlay-gradient":""}}},"domaine":[],"normes":[17135],"product_brand":[],"product_cat":[17240],"product_tag":[],"class_list":{"0":"post-260572","1":"product","2":"type-product","3":"status-publish","4":"has-post-thumbnail","6":"normes-din-51562","7":"product_cat-categories","8":"desktop-align-left","9":"tablet-align-left","10":"mobile-align-left","12":"first","13":"instock","14":"shipping-taxable","15":"product-type-simple"},"acf":[],"yoast_head":"<!-- This site is optimized with the Yoast SEO plugin v27.4 - https:\/\/yoast.com\/product\/yoast-seo-wordpress\/ -->\n<title>Autoclaves Hanshin Medical S-Class HS-2321BL \/ HS-3041BL | DeltaLabo<\/title>\n<meta name=\"robots\" content=\"noindex, follow, max-snippet:-1, max-image-preview:large, max-video-preview:-1\" \/>\n<meta property=\"og:locale\" content=\"fr_FR\" \/>\n<meta property=\"og:type\" content=\"article\" \/>\n<meta property=\"og:title\" content=\"Autoclaves Hanshin Medical S-Class HS-2321BL \/ HS-3041BL | DeltaLabo\" \/>\n<meta property=\"og:description\" content=\"Autoclaves Hanshin Medical S-Class HS-2321BL \/ HS-3041BL :  Les autoclaves S-Class HS-2321BL \/ HS-3041BL sont des st\u00e9rilisateurs de classe B con\u00e7us pour les st\u00e9rilisations de routine en laboratoire.  Le g\u00e9n\u00e9rateur de vapeur int\u00e9gr\u00e9 permet d&#039;injecter directement la vapeur dans la chambre de st\u00e9rilisation.  L&#039;eau us\u00e9e apr\u00e8s l&#039;ach\u00e8vement d&#039;un cycle de st\u00e9rilisation est recueillie dans le conteneur de collecte s\u00e9par\u00e9 du r\u00e9servoir. Ainsi, la vapeur est g\u00e9n\u00e9r\u00e9e par une eau propre toujours disponible.  La chambre de st\u00e9rilisation poss\u00e8de une forme rectangulaire, offrant un maximum de volume utile.  En outre, les programmes du cycle de st\u00e9rilisation comportent un processus de s\u00e9chage unique.   Mod\u00e8le de paillasse  Mod\u00e8le encastrable  Mod\u00e8le programmable, contr\u00f4l\u00e9 par microprocesseur, avec cycle \u00e0 vide  Plage de temp\u00e9rature : 121\u00b0C \u00e0 135\u00b0C  HS-2321BL : capacit\u00e9 21,5 litres  HS-3041BL : capacit\u00e9 40,5 litres  T\u00e9l\u00e9charger la brochure produit : Autoclave S-Class HS-2321BL \/ HS-3041BL Hanshin\" \/>\n<meta property=\"og:url\" content=\"https:\/\/webdesi-gn.fr\/dev_deltalabo\/produits\/cat-produit\/autoclave-hanshin-medical-s-class-hs-2321bl-hs-3041bl\/\" \/>\n<meta property=\"og:site_name\" content=\"DeltaLabo\" \/>\n<meta property=\"article:modified_time\" content=\"2025-11-24T12:41:23+00:00\" \/>\n<meta property=\"og:image\" content=\"https:\/\/webdesi-gn.fr\/dev_deltalabo\/wp-content\/uploads\/2025\/06\/DELTA-LABO-Autoclave-HS-2321BL.webp\" \/>\n\t<meta property=\"og:image:width\" content=\"1482\" \/>\n\t<meta property=\"og:image:height\" content=\"1482\" \/>\n\t<meta property=\"og:image:type\" content=\"image\/webp\" \/>\n<meta name=\"twitter:card\" content=\"summary_large_image\" \/>\n<meta name=\"twitter:label1\" content=\"Dur\u00e9e de lecture estim\u00e9e\" \/>\n\t<meta name=\"twitter:data1\" content=\"1 minute\" \/>\n<script type=\"application\/ld+json\" class=\"yoast-schema-graph\">{\"@context\":\"https:\\\/\\\/schema.org\",\"@graph\":[{\"@type\":\"WebPage\",\"@id\":\"https:\\\/\\\/webdesi-gn.fr\\\/dev_deltalabo\\\/produits\\\/cat-produit\\\/autoclave-hanshin-medical-s-class-hs-2321bl-hs-3041bl\\\/\",\"url\":\"https:\\\/\\\/webdesi-gn.fr\\\/dev_deltalabo\\\/produits\\\/cat-produit\\\/autoclave-hanshin-medical-s-class-hs-2321bl-hs-3041bl\\\/\",\"name\":\"Autoclaves Hanshin Medical S-Class HS-2321BL \\\/ HS-3041BL | DeltaLabo\",\"isPartOf\":{\"@id\":\"https:\\\/\\\/webdesi-gn.fr\\\/dev_deltalabo\\\/#website\"},\"primaryImageOfPage\":{\"@id\":\"https:\\\/\\\/webdesi-gn.fr\\\/dev_deltalabo\\\/produits\\\/cat-produit\\\/autoclave-hanshin-medical-s-class-hs-2321bl-hs-3041bl\\\/#primaryimage\"},\"image\":{\"@id\":\"https:\\\/\\\/webdesi-gn.fr\\\/dev_deltalabo\\\/produits\\\/cat-produit\\\/autoclave-hanshin-medical-s-class-hs-2321bl-hs-3041bl\\\/#primaryimage\"},\"thumbnailUrl\":\"https:\\\/\\\/webdesi-gn.fr\\\/dev_deltalabo\\\/wp-content\\\/uploads\\\/2025\\\/11\\\/DELTA-LABO-Autoclave-HS-2321BL.webp\",\"datePublished\":\"2025-06-26T09:45:45+00:00\",\"dateModified\":\"2025-11-24T12:41:23+00:00\",\"breadcrumb\":{\"@id\":\"https:\\\/\\\/webdesi-gn.fr\\\/dev_deltalabo\\\/produits\\\/cat-produit\\\/autoclave-hanshin-medical-s-class-hs-2321bl-hs-3041bl\\\/#breadcrumb\"},\"inLanguage\":\"fr-FR\",\"potentialAction\":[{\"@type\":\"ReadAction\",\"target\":[\"https:\\\/\\\/webdesi-gn.fr\\\/dev_deltalabo\\\/produits\\\/cat-produit\\\/autoclave-hanshin-medical-s-class-hs-2321bl-hs-3041bl\\\/\"]}]},{\"@type\":\"ImageObject\",\"inLanguage\":\"fr-FR\",\"@id\":\"https:\\\/\\\/webdesi-gn.fr\\\/dev_deltalabo\\\/produits\\\/cat-produit\\\/autoclave-hanshin-medical-s-class-hs-2321bl-hs-3041bl\\\/#primaryimage\",\"url\":\"https:\\\/\\\/webdesi-gn.fr\\\/dev_deltalabo\\\/wp-content\\\/uploads\\\/2025\\\/11\\\/DELTA-LABO-Autoclave-HS-2321BL.webp\",\"contentUrl\":\"https:\\\/\\\/webdesi-gn.fr\\\/dev_deltalabo\\\/wp-content\\\/uploads\\\/2025\\\/11\\\/DELTA-LABO-Autoclave-HS-2321BL.webp\",\"width\":1482,\"height\":1482},{\"@type\":\"BreadcrumbList\",\"@id\":\"https:\\\/\\\/webdesi-gn.fr\\\/dev_deltalabo\\\/produits\\\/cat-produit\\\/autoclave-hanshin-medical-s-class-hs-2321bl-hs-3041bl\\\/#breadcrumb\",\"itemListElement\":[{\"@type\":\"ListItem\",\"position\":1,\"name\":\"Accueil\",\"item\":\"https:\\\/\\\/webdesi-gn.fr\\\/dev_deltalabo\\\/\"},{\"@type\":\"ListItem\",\"position\":2,\"name\":\"Produits\",\"item\":\"https:\\\/\\\/webdesi-gn.fr\\\/dev_deltalabo\\\/produits\\\/\"},{\"@type\":\"ListItem\",\"position\":3,\"name\":\"Autoclaves Hanshin Medical S-Class HS-2321BL \\\/ HS-3041BL\"}]},{\"@type\":\"WebSite\",\"@id\":\"https:\\\/\\\/webdesi-gn.fr\\\/dev_deltalabo\\\/#website\",\"url\":\"https:\\\/\\\/webdesi-gn.fr\\\/dev_deltalabo\\\/\",\"name\":\"Delta Labo\",\"description\":\"Un site utilisant WordPress\",\"publisher\":{\"@id\":\"https:\\\/\\\/webdesi-gn.fr\\\/dev_deltalabo\\\/#organization\"},\"alternateName\":\"Delta Labo\",\"potentialAction\":[{\"@type\":\"SearchAction\",\"target\":{\"@type\":\"EntryPoint\",\"urlTemplate\":\"https:\\\/\\\/webdesi-gn.fr\\\/dev_deltalabo\\\/?s={search_term_string}\"},\"query-input\":{\"@type\":\"PropertyValueSpecification\",\"valueRequired\":true,\"valueName\":\"search_term_string\"}}],\"inLanguage\":\"fr-FR\"},{\"@type\":\"Organization\",\"@id\":\"https:\\\/\\\/webdesi-gn.fr\\\/dev_deltalabo\\\/#organization\",\"name\":\"DeltaLabo\",\"url\":\"https:\\\/\\\/webdesi-gn.fr\\\/dev_deltalabo\\\/\",\"logo\":{\"@type\":\"ImageObject\",\"inLanguage\":\"fr-FR\",\"@id\":\"https:\\\/\\\/webdesi-gn.fr\\\/dev_deltalabo\\\/#\\\/schema\\\/logo\\\/image\\\/\",\"url\":\"https:\\\/\\\/webdesi-gn.fr\\\/dev_deltalabo\\\/wp-content\\\/uploads\\\/2022\\\/07\\\/logo-deltalabo.png\",\"contentUrl\":\"https:\\\/\\\/webdesi-gn.fr\\\/dev_deltalabo\\\/wp-content\\\/uploads\\\/2022\\\/07\\\/logo-deltalabo.png\",\"width\":694,\"height\":306,\"caption\":\"DeltaLabo\"},\"image\":{\"@id\":\"https:\\\/\\\/webdesi-gn.fr\\\/dev_deltalabo\\\/#\\\/schema\\\/logo\\\/image\\\/\"}}]}<\/script>\n<!-- \/ Yoast SEO plugin. -->","yoast_head_json":{"title":"Autoclaves Hanshin Medical S-Class HS-2321BL \/ HS-3041BL | DeltaLabo","robots":{"index":"noindex","follow":"follow","max-snippet":"max-snippet:-1","max-image-preview":"max-image-preview:large","max-video-preview":"max-video-preview:-1"},"og_locale":"fr_FR","og_type":"article","og_title":"Autoclaves Hanshin Medical S-Class HS-2321BL \/ HS-3041BL | DeltaLabo","og_description":"Autoclaves Hanshin Medical S-Class HS-2321BL \/ HS-3041BL :  Les autoclaves S-Class HS-2321BL \/ HS-3041BL sont des st\u00e9rilisateurs de classe B con\u00e7us pour les st\u00e9rilisations de routine en laboratoire.  Le g\u00e9n\u00e9rateur de vapeur int\u00e9gr\u00e9 permet d'injecter directement la vapeur dans la chambre de st\u00e9rilisation.  L'eau us\u00e9e apr\u00e8s l'ach\u00e8vement d'un cycle de st\u00e9rilisation est recueillie dans le conteneur de collecte s\u00e9par\u00e9 du r\u00e9servoir. Ainsi, la vapeur est g\u00e9n\u00e9r\u00e9e par une eau propre toujours disponible.  La chambre de st\u00e9rilisation poss\u00e8de une forme rectangulaire, offrant un maximum de volume utile.  En outre, les programmes du cycle de st\u00e9rilisation comportent un processus de s\u00e9chage unique.   Mod\u00e8le de paillasse  Mod\u00e8le encastrable  Mod\u00e8le programmable, contr\u00f4l\u00e9 par microprocesseur, avec cycle \u00e0 vide  Plage de temp\u00e9rature : 121\u00b0C \u00e0 135\u00b0C  HS-2321BL : capacit\u00e9 21,5 litres  HS-3041BL : capacit\u00e9 40,5 litres  T\u00e9l\u00e9charger la brochure produit : Autoclave S-Class HS-2321BL \/ HS-3041BL Hanshin","og_url":"https:\/\/webdesi-gn.fr\/dev_deltalabo\/produits\/cat-produit\/autoclave-hanshin-medical-s-class-hs-2321bl-hs-3041bl\/","og_site_name":"DeltaLabo","article_modified_time":"2025-11-24T12:41:23+00:00","og_image":[{"width":1482,"height":1482,"url":"https:\/\/webdesi-gn.fr\/dev_deltalabo\/wp-content\/uploads\/2025\/06\/DELTA-LABO-Autoclave-HS-2321BL.webp","type":"image\/webp"}],"twitter_card":"summary_large_image","twitter_misc":{"Dur\u00e9e de lecture estim\u00e9e":"1 minute"},"schema":{"@context":"https:\/\/schema.org","@graph":[{"@type":"WebPage","@id":"https:\/\/webdesi-gn.fr\/dev_deltalabo\/produits\/cat-produit\/autoclave-hanshin-medical-s-class-hs-2321bl-hs-3041bl\/","url":"https:\/\/webdesi-gn.fr\/dev_deltalabo\/produits\/cat-produit\/autoclave-hanshin-medical-s-class-hs-2321bl-hs-3041bl\/","name":"Autoclaves Hanshin Medical S-Class HS-2321BL \/ HS-3041BL | DeltaLabo","isPartOf":{"@id":"https:\/\/webdesi-gn.fr\/dev_deltalabo\/#website"},"primaryImageOfPage":{"@id":"https:\/\/webdesi-gn.fr\/dev_deltalabo\/produits\/cat-produit\/autoclave-hanshin-medical-s-class-hs-2321bl-hs-3041bl\/#primaryimage"},"image":{"@id":"https:\/\/webdesi-gn.fr\/dev_deltalabo\/produits\/cat-produit\/autoclave-hanshin-medical-s-class-hs-2321bl-hs-3041bl\/#primaryimage"},"thumbnailUrl":"https:\/\/webdesi-gn.fr\/dev_deltalabo\/wp-content\/uploads\/2025\/11\/DELTA-LABO-Autoclave-HS-2321BL.webp","datePublished":"2025-06-26T09:45:45+00:00","dateModified":"2025-11-24T12:41:23+00:00","breadcrumb":{"@id":"https:\/\/webdesi-gn.fr\/dev_deltalabo\/produits\/cat-produit\/autoclave-hanshin-medical-s-class-hs-2321bl-hs-3041bl\/#breadcrumb"},"inLanguage":"fr-FR","potentialAction":[{"@type":"ReadAction","target":["https:\/\/webdesi-gn.fr\/dev_deltalabo\/produits\/cat-produit\/autoclave-hanshin-medical-s-class-hs-2321bl-hs-3041bl\/"]}]},{"@type":"ImageObject","inLanguage":"fr-FR","@id":"https:\/\/webdesi-gn.fr\/dev_deltalabo\/produits\/cat-produit\/autoclave-hanshin-medical-s-class-hs-2321bl-hs-3041bl\/#primaryimage","url":"https:\/\/webdesi-gn.fr\/dev_deltalabo\/wp-content\/uploads\/2025\/11\/DELTA-LABO-Autoclave-HS-2321BL.webp","contentUrl":"https:\/\/webdesi-gn.fr\/dev_deltalabo\/wp-content\/uploads\/2025\/11\/DELTA-LABO-Autoclave-HS-2321BL.webp","width":1482,"height":1482},{"@type":"BreadcrumbList","@id":"https:\/\/webdesi-gn.fr\/dev_deltalabo\/produits\/cat-produit\/autoclave-hanshin-medical-s-class-hs-2321bl-hs-3041bl\/#breadcrumb","itemListElement":[{"@type":"ListItem","position":1,"name":"Accueil","item":"https:\/\/webdesi-gn.fr\/dev_deltalabo\/"},{"@type":"ListItem","position":2,"name":"Produits","item":"https:\/\/webdesi-gn.fr\/dev_deltalabo\/produits\/"},{"@type":"ListItem","position":3,"name":"Autoclaves Hanshin Medical S-Class HS-2321BL \/ HS-3041BL"}]},{"@type":"WebSite","@id":"https:\/\/webdesi-gn.fr\/dev_deltalabo\/#website","url":"https:\/\/webdesi-gn.fr\/dev_deltalabo\/","name":"Delta Labo","description":"Un site utilisant WordPress","publisher":{"@id":"https:\/\/webdesi-gn.fr\/dev_deltalabo\/#organization"},"alternateName":"Delta Labo","potentialAction":[{"@type":"SearchAction","target":{"@type":"EntryPoint","urlTemplate":"https:\/\/webdesi-gn.fr\/dev_deltalabo\/?s={search_term_string}"},"query-input":{"@type":"PropertyValueSpecification","valueRequired":true,"valueName":"search_term_string"}}],"inLanguage":"fr-FR"},{"@type":"Organization","@id":"https:\/\/webdesi-gn.fr\/dev_deltalabo\/#organization","name":"DeltaLabo","url":"https:\/\/webdesi-gn.fr\/dev_deltalabo\/","logo":{"@type":"ImageObject","inLanguage":"fr-FR","@id":"https:\/\/webdesi-gn.fr\/dev_deltalabo\/#\/schema\/logo\/image\/","url":"https:\/\/webdesi-gn.fr\/dev_deltalabo\/wp-content\/uploads\/2022\/07\/logo-deltalabo.png","contentUrl":"https:\/\/webdesi-gn.fr\/dev_deltalabo\/wp-content\/uploads\/2022\/07\/logo-deltalabo.png","width":694,"height":306,"caption":"DeltaLabo"},"image":{"@id":"https:\/\/webdesi-gn.fr\/dev_deltalabo\/#\/schema\/logo\/image\/"}}]}},"_links":{"self":[{"href":"https:\/\/webdesi-gn.fr\/dev_deltalabo\/wp-json\/wp\/v2\/product\/260572","targetHints":{"allow":["GET"]}}],"collection":[{"href":"https:\/\/webdesi-gn.fr\/dev_deltalabo\/wp-json\/wp\/v2\/product"}],"about":[{"href":"https:\/\/webdesi-gn.fr\/dev_deltalabo\/wp-json\/wp\/v2\/types\/product"}],"wp:featuredmedia":[{"embeddable":true,"href":"https:\/\/webdesi-gn.fr\/dev_deltalabo\/wp-json\/wp\/v2\/media\/261932"}],"wp:attachment":[{"href":"https:\/\/webdesi-gn.fr\/dev_deltalabo\/wp-json\/wp\/v2\/media?parent=260572"}],"wp:term":[{"taxonomy":"domaine","embeddable":true,"href":"https:\/\/webdesi-gn.fr\/dev_deltalabo\/wp-json\/wp\/v2\/domaine?post=260572"},{"taxonomy":"normes","embeddable":true,"href":"https:\/\/webdesi-gn.fr\/dev_deltalabo\/wp-json\/wp\/v2\/normes?post=260572"},{"taxonomy":"product_brand","embeddable":true,"href":"https:\/\/webdesi-gn.fr\/dev_deltalabo\/wp-json\/wp\/v2\/product_brand?post=260572"},{"taxonomy":"product_cat","embeddable":true,"href":"https:\/\/webdesi-gn.fr\/dev_deltalabo\/wp-json\/wp\/v2\/product_cat?post=260572"},{"taxonomy":"product_tag","embeddable":true,"href":"https:\/\/webdesi-gn.fr\/dev_deltalabo\/wp-json\/wp\/v2\/product_tag?post=260572"}],"curies":[{"name":"wp","href":"https:\/\/api.w.org\/{rel}","templated":true}]}}