{"id":260592,"date":"2025-06-26T16:02:41","date_gmt":"2025-06-26T14:02:41","guid":{"rendered":"https:\/\/webdesi-gn.fr\/dev_deltalabo\/?post_type=product&#038;p=260592"},"modified":"2025-11-24T15:30:17","modified_gmt":"2025-11-24T14:30:17","slug":"thermostat-de-calibration-lauda-eco","status":"publish","type":"product","link":"https:\/\/webdesi-gn.fr\/dev_deltalabo\/produits\/cat-produit\/thermostat-de-calibration-lauda-eco\/","title":{"rendered":"Thermostat de calibration LAUDA ECO"},"content":{"rendered":"","protected":false},"excerpt":{"rendered":"<p><strong>Thermostat de calibration LAUDA ECO :<\/strong><\/p>\n<p>Solution compl\u00e8te et performante pour la calibration et l\u2019ajustement, le thermostat de calibration LAUDA ECO est synonyme de temp\u00e9rature constante et d\u2019homog\u00e9n\u00e9it\u00e9 lors de la calibration et de l\u2019ajustement en laboratoire.<\/p>\n<p>C\u2019est la solution id\u00e9ale, notamment par rapport aux armoires chauffantes et aux blocs thermostats m\u00e9talliques, car les thermostats \u00e0 liquide transmettent 40 \u00e0 60 fois mieux la chaleur dans le liquide caloporteur que l\u2019air.<\/p>\n<p>Caract\u00e9ristiques :<\/p>\n<ul>\n<li>Calibration et ajustement de -25\u00b0C \u00e0 200\u00b0C<\/li>\n<li>Puissance frigorifique 0,3 kW<\/li>\n<li>Puissance de chauffage de 1 kW \u00e0 2,6 kW<\/li>\n<li>Profondeurs d\u2019immersion constantes gr\u00e2ce \u00e0 sa chambre de calibrage dot\u00e9e d\u2019un trop-plein<\/li>\n<li>Variopompe LAUDA avec 6 niveaux de puissance<\/li>\n<li>Possibilit\u00e9 de placer la chambre de thermor\u00e9gulation \u00e0 la verticale<\/li>\n<li>Cuve de bain en acier inoxydable (isol\u00e9e, avec poign\u00e9es et robinet de vidange)<\/li>\n<\/ul>\n<div class=\"productText \">\n<p><strong>T\u00e9l\u00e9charger la brochure produit :<\/strong>\u00a0<a href=\"https:\/\/webdesi-gn.fr\/dev_deltalabo\/wp-content\/uploads\/2025\/07\/LAUDA_Catalogue_General_2024_25-FR-DL-Thermostat-de-calibration-ECO.pdf\">Thermostat de calibration ECO LAUDA<\/a><\/p>\n<\/div>\n","protected":false},"featured_media":260815,"template":"","meta":{"_acf_changed":false,"site-sidebar-layout":"default","site-content-layout":"","ast-site-content-layout":"default","site-content-style":"default","site-sidebar-style":"default","ast-global-header-display":"","ast-banner-title-visibility":"","ast-main-header-display":"","ast-hfb-above-header-display":"","ast-hfb-below-header-display":"","ast-hfb-mobile-header-display":"","site-post-title":"","ast-breadcrumbs-content":"","ast-featured-img":"","footer-sml-layout":"","ast-disable-related-posts":"","theme-transparent-header-meta":"","adv-header-id-meta":"","stick-header-meta":"","header-above-stick-meta":"","header-main-stick-meta":"","header-below-stick-meta":"","astra-migrate-meta-layouts":"default","ast-page-background-enabled":"default","ast-page-background-meta":{"desktop":{"background-color":"var(--ast-global-color-5)","background-image":"","background-repeat":"repeat","background-position":"center center","background-size":"auto","background-attachment":"scroll","background-type":"","background-media":"","overlay-type":"","overlay-color":"","overlay-opacity":"","overlay-gradient":""},"tablet":{"background-color":"","background-image":"","background-repeat":"repeat","background-position":"center center","background-size":"auto","background-attachment":"scroll","background-type":"","background-media":"","overlay-type":"","overlay-color":"","overlay-opacity":"","overlay-gradient":""},"mobile":{"background-color":"","background-image":"","background-repeat":"repeat","background-position":"center center","background-size":"auto","background-attachment":"scroll","background-type":"","background-media":"","overlay-type":"","overlay-color":"","overlay-opacity":"","overlay-gradient":""}},"ast-content-background-meta":{"desktop":{"background-color":"var(--ast-global-color-4)","background-image":"","background-repeat":"repeat","background-position":"center center","background-size":"auto","background-attachment":"scroll","background-type":"","background-media":"","overlay-type":"","overlay-color":"","overlay-opacity":"","overlay-gradient":""},"tablet":{"background-color":"var(--ast-global-color-4)","background-image":"","background-repeat":"repeat","background-position":"center center","background-size":"auto","background-attachment":"scroll","background-type":"","background-media":"","overlay-type":"","overlay-color":"","overlay-opacity":"","overlay-gradient":""},"mobile":{"background-color":"var(--ast-global-color-4)","background-image":"","background-repeat":"repeat","background-position":"center center","background-size":"auto","background-attachment":"scroll","background-type":"","background-media":"","overlay-type":"","overlay-color":"","overlay-opacity":"","overlay-gradient":""}}},"domaine":[17187],"normes":[17135],"product_brand":[],"product_cat":[15,86],"product_tag":[],"class_list":{"0":"post-260592","1":"product","2":"type-product","3":"status-publish","4":"has-post-thumbnail","6":"domaine-thermostatisation","7":"normes-din-51562","8":"product_cat-cat-produit","9":"product_cat-metallurgie-siderurgie","10":"desktop-align-left","11":"tablet-align-left","12":"mobile-align-left","14":"first","15":"instock","16":"shipping-taxable","17":"product-type-simple"},"acf":[],"yoast_head":"<!-- This site is optimized with the Yoast SEO plugin v27.4 - https:\/\/yoast.com\/product\/yoast-seo-wordpress\/ -->\n<title>Thermostat de calibration LAUDA ECO | DeltaLabo<\/title>\n<meta name=\"robots\" content=\"noindex, follow, max-snippet:-1, max-image-preview:large, max-video-preview:-1\" \/>\n<meta property=\"og:locale\" content=\"fr_FR\" \/>\n<meta property=\"og:type\" content=\"article\" \/>\n<meta property=\"og:title\" content=\"Thermostat de calibration LAUDA ECO | DeltaLabo\" \/>\n<meta property=\"og:description\" content=\"Thermostat de calibration LAUDA ECO :  Solution compl\u00e8te et performante pour la calibration et l\u2019ajustement, le thermostat de calibration LAUDA ECO est synonyme de temp\u00e9rature constante et d\u2019homog\u00e9n\u00e9it\u00e9 lors de la calibration et de l\u2019ajustement en laboratoire.  C\u2019est la solution id\u00e9ale, notamment par rapport aux armoires chauffantes et aux blocs thermostats m\u00e9talliques, car les thermostats \u00e0 liquide transmettent 40 \u00e0 60 fois mieux la chaleur dans le liquide caloporteur que l\u2019air.  Caract\u00e9ristiques :   Calibration et ajustement de -25\u00b0C \u00e0 200\u00b0C  Puissance frigorifique 0,3 kW  Puissance de chauffage de 1 kW \u00e0 2,6 kW  Profondeurs d\u2019immersion constantes gr\u00e2ce \u00e0 sa chambre de calibrage dot\u00e9e d\u2019un trop-plein  Variopompe LAUDA avec 6 niveaux de puissance  Possibilit\u00e9 de placer la chambre de thermor\u00e9gulation \u00e0 la verticale  Cuve de bain en acier inoxydable (isol\u00e9e, avec poign\u00e9es et robinet de vidange)    T\u00e9l\u00e9charger la brochure produit :\u00a0Thermostat de calibration ECO LAUDA\" \/>\n<meta property=\"og:url\" content=\"https:\/\/webdesi-gn.fr\/dev_deltalabo\/produits\/cat-produit\/thermostat-de-calibration-lauda-eco\/\" \/>\n<meta property=\"og:site_name\" content=\"DeltaLabo\" \/>\n<meta property=\"article:modified_time\" content=\"2025-11-24T14:30:17+00:00\" \/>\n<meta property=\"og:image\" content=\"https:\/\/webdesi-gn.fr\/dev_deltalabo\/wp-content\/uploads\/2025\/06\/DELTA-LABO-thermostat-de-calibration-LAUDA-eco.png\" \/>\n\t<meta property=\"og:image:width\" content=\"800\" \/>\n\t<meta property=\"og:image:height\" content=\"800\" \/>\n\t<meta property=\"og:image:type\" content=\"image\/png\" \/>\n<meta name=\"twitter:card\" content=\"summary_large_image\" \/>\n<meta name=\"twitter:label1\" content=\"Dur\u00e9e de lecture estim\u00e9e\" \/>\n\t<meta name=\"twitter:data1\" content=\"1 minute\" \/>\n<script type=\"application\/ld+json\" class=\"yoast-schema-graph\">{\"@context\":\"https:\\\/\\\/schema.org\",\"@graph\":[{\"@type\":\"WebPage\",\"@id\":\"https:\\\/\\\/webdesi-gn.fr\\\/dev_deltalabo\\\/produits\\\/cat-produit\\\/thermostat-de-calibration-lauda-eco\\\/\",\"url\":\"https:\\\/\\\/webdesi-gn.fr\\\/dev_deltalabo\\\/produits\\\/cat-produit\\\/thermostat-de-calibration-lauda-eco\\\/\",\"name\":\"Thermostat de calibration LAUDA ECO | DeltaLabo\",\"isPartOf\":{\"@id\":\"https:\\\/\\\/webdesi-gn.fr\\\/dev_deltalabo\\\/#website\"},\"primaryImageOfPage\":{\"@id\":\"https:\\\/\\\/webdesi-gn.fr\\\/dev_deltalabo\\\/produits\\\/cat-produit\\\/thermostat-de-calibration-lauda-eco\\\/#primaryimage\"},\"image\":{\"@id\":\"https:\\\/\\\/webdesi-gn.fr\\\/dev_deltalabo\\\/produits\\\/cat-produit\\\/thermostat-de-calibration-lauda-eco\\\/#primaryimage\"},\"thumbnailUrl\":\"https:\\\/\\\/webdesi-gn.fr\\\/dev_deltalabo\\\/wp-content\\\/uploads\\\/2025\\\/06\\\/DELTA-LABO-thermostat-de-calibration-LAUDA-eco.png\",\"datePublished\":\"2025-06-26T14:02:41+00:00\",\"dateModified\":\"2025-11-24T14:30:17+00:00\",\"breadcrumb\":{\"@id\":\"https:\\\/\\\/webdesi-gn.fr\\\/dev_deltalabo\\\/produits\\\/cat-produit\\\/thermostat-de-calibration-lauda-eco\\\/#breadcrumb\"},\"inLanguage\":\"fr-FR\",\"potentialAction\":[{\"@type\":\"ReadAction\",\"target\":[\"https:\\\/\\\/webdesi-gn.fr\\\/dev_deltalabo\\\/produits\\\/cat-produit\\\/thermostat-de-calibration-lauda-eco\\\/\"]}]},{\"@type\":\"ImageObject\",\"inLanguage\":\"fr-FR\",\"@id\":\"https:\\\/\\\/webdesi-gn.fr\\\/dev_deltalabo\\\/produits\\\/cat-produit\\\/thermostat-de-calibration-lauda-eco\\\/#primaryimage\",\"url\":\"https:\\\/\\\/webdesi-gn.fr\\\/dev_deltalabo\\\/wp-content\\\/uploads\\\/2025\\\/06\\\/DELTA-LABO-thermostat-de-calibration-LAUDA-eco.png\",\"contentUrl\":\"https:\\\/\\\/webdesi-gn.fr\\\/dev_deltalabo\\\/wp-content\\\/uploads\\\/2025\\\/06\\\/DELTA-LABO-thermostat-de-calibration-LAUDA-eco.png\",\"width\":800,\"height\":800},{\"@type\":\"BreadcrumbList\",\"@id\":\"https:\\\/\\\/webdesi-gn.fr\\\/dev_deltalabo\\\/produits\\\/cat-produit\\\/thermostat-de-calibration-lauda-eco\\\/#breadcrumb\",\"itemListElement\":[{\"@type\":\"ListItem\",\"position\":1,\"name\":\"Accueil\",\"item\":\"https:\\\/\\\/webdesi-gn.fr\\\/dev_deltalabo\\\/\"},{\"@type\":\"ListItem\",\"position\":2,\"name\":\"Produits\",\"item\":\"https:\\\/\\\/webdesi-gn.fr\\\/dev_deltalabo\\\/produits\\\/\"},{\"@type\":\"ListItem\",\"position\":3,\"name\":\"Thermostat de calibration LAUDA ECO\"}]},{\"@type\":\"WebSite\",\"@id\":\"https:\\\/\\\/webdesi-gn.fr\\\/dev_deltalabo\\\/#website\",\"url\":\"https:\\\/\\\/webdesi-gn.fr\\\/dev_deltalabo\\\/\",\"name\":\"Delta Labo\",\"description\":\"Un site utilisant WordPress\",\"publisher\":{\"@id\":\"https:\\\/\\\/webdesi-gn.fr\\\/dev_deltalabo\\\/#organization\"},\"alternateName\":\"Delta Labo\",\"potentialAction\":[{\"@type\":\"SearchAction\",\"target\":{\"@type\":\"EntryPoint\",\"urlTemplate\":\"https:\\\/\\\/webdesi-gn.fr\\\/dev_deltalabo\\\/?s={search_term_string}\"},\"query-input\":{\"@type\":\"PropertyValueSpecification\",\"valueRequired\":true,\"valueName\":\"search_term_string\"}}],\"inLanguage\":\"fr-FR\"},{\"@type\":\"Organization\",\"@id\":\"https:\\\/\\\/webdesi-gn.fr\\\/dev_deltalabo\\\/#organization\",\"name\":\"DeltaLabo\",\"url\":\"https:\\\/\\\/webdesi-gn.fr\\\/dev_deltalabo\\\/\",\"logo\":{\"@type\":\"ImageObject\",\"inLanguage\":\"fr-FR\",\"@id\":\"https:\\\/\\\/webdesi-gn.fr\\\/dev_deltalabo\\\/#\\\/schema\\\/logo\\\/image\\\/\",\"url\":\"https:\\\/\\\/webdesi-gn.fr\\\/dev_deltalabo\\\/wp-content\\\/uploads\\\/2022\\\/07\\\/logo-deltalabo.png\",\"contentUrl\":\"https:\\\/\\\/webdesi-gn.fr\\\/dev_deltalabo\\\/wp-content\\\/uploads\\\/2022\\\/07\\\/logo-deltalabo.png\",\"width\":694,\"height\":306,\"caption\":\"DeltaLabo\"},\"image\":{\"@id\":\"https:\\\/\\\/webdesi-gn.fr\\\/dev_deltalabo\\\/#\\\/schema\\\/logo\\\/image\\\/\"}}]}<\/script>\n<!-- \/ Yoast SEO plugin. -->","yoast_head_json":{"title":"Thermostat de calibration LAUDA ECO | DeltaLabo","robots":{"index":"noindex","follow":"follow","max-snippet":"max-snippet:-1","max-image-preview":"max-image-preview:large","max-video-preview":"max-video-preview:-1"},"og_locale":"fr_FR","og_type":"article","og_title":"Thermostat de calibration LAUDA ECO | DeltaLabo","og_description":"Thermostat de calibration LAUDA ECO :  Solution compl\u00e8te et performante pour la calibration et l\u2019ajustement, le thermostat de calibration LAUDA ECO est synonyme de temp\u00e9rature constante et d\u2019homog\u00e9n\u00e9it\u00e9 lors de la calibration et de l\u2019ajustement en laboratoire.  C\u2019est la solution id\u00e9ale, notamment par rapport aux armoires chauffantes et aux blocs thermostats m\u00e9talliques, car les thermostats \u00e0 liquide transmettent 40 \u00e0 60 fois mieux la chaleur dans le liquide caloporteur que l\u2019air.  Caract\u00e9ristiques :   Calibration et ajustement de -25\u00b0C \u00e0 200\u00b0C  Puissance frigorifique 0,3 kW  Puissance de chauffage de 1 kW \u00e0 2,6 kW  Profondeurs d\u2019immersion constantes gr\u00e2ce \u00e0 sa chambre de calibrage dot\u00e9e d\u2019un trop-plein  Variopompe LAUDA avec 6 niveaux de puissance  Possibilit\u00e9 de placer la chambre de thermor\u00e9gulation \u00e0 la verticale  Cuve de bain en acier inoxydable (isol\u00e9e, avec poign\u00e9es et robinet de vidange)    T\u00e9l\u00e9charger la brochure produit :\u00a0Thermostat de calibration ECO LAUDA","og_url":"https:\/\/webdesi-gn.fr\/dev_deltalabo\/produits\/cat-produit\/thermostat-de-calibration-lauda-eco\/","og_site_name":"DeltaLabo","article_modified_time":"2025-11-24T14:30:17+00:00","og_image":[{"width":800,"height":800,"url":"https:\/\/webdesi-gn.fr\/dev_deltalabo\/wp-content\/uploads\/2025\/06\/DELTA-LABO-thermostat-de-calibration-LAUDA-eco.png","type":"image\/png"}],"twitter_card":"summary_large_image","twitter_misc":{"Dur\u00e9e de lecture estim\u00e9e":"1 minute"},"schema":{"@context":"https:\/\/schema.org","@graph":[{"@type":"WebPage","@id":"https:\/\/webdesi-gn.fr\/dev_deltalabo\/produits\/cat-produit\/thermostat-de-calibration-lauda-eco\/","url":"https:\/\/webdesi-gn.fr\/dev_deltalabo\/produits\/cat-produit\/thermostat-de-calibration-lauda-eco\/","name":"Thermostat de calibration LAUDA ECO | DeltaLabo","isPartOf":{"@id":"https:\/\/webdesi-gn.fr\/dev_deltalabo\/#website"},"primaryImageOfPage":{"@id":"https:\/\/webdesi-gn.fr\/dev_deltalabo\/produits\/cat-produit\/thermostat-de-calibration-lauda-eco\/#primaryimage"},"image":{"@id":"https:\/\/webdesi-gn.fr\/dev_deltalabo\/produits\/cat-produit\/thermostat-de-calibration-lauda-eco\/#primaryimage"},"thumbnailUrl":"https:\/\/webdesi-gn.fr\/dev_deltalabo\/wp-content\/uploads\/2025\/06\/DELTA-LABO-thermostat-de-calibration-LAUDA-eco.png","datePublished":"2025-06-26T14:02:41+00:00","dateModified":"2025-11-24T14:30:17+00:00","breadcrumb":{"@id":"https:\/\/webdesi-gn.fr\/dev_deltalabo\/produits\/cat-produit\/thermostat-de-calibration-lauda-eco\/#breadcrumb"},"inLanguage":"fr-FR","potentialAction":[{"@type":"ReadAction","target":["https:\/\/webdesi-gn.fr\/dev_deltalabo\/produits\/cat-produit\/thermostat-de-calibration-lauda-eco\/"]}]},{"@type":"ImageObject","inLanguage":"fr-FR","@id":"https:\/\/webdesi-gn.fr\/dev_deltalabo\/produits\/cat-produit\/thermostat-de-calibration-lauda-eco\/#primaryimage","url":"https:\/\/webdesi-gn.fr\/dev_deltalabo\/wp-content\/uploads\/2025\/06\/DELTA-LABO-thermostat-de-calibration-LAUDA-eco.png","contentUrl":"https:\/\/webdesi-gn.fr\/dev_deltalabo\/wp-content\/uploads\/2025\/06\/DELTA-LABO-thermostat-de-calibration-LAUDA-eco.png","width":800,"height":800},{"@type":"BreadcrumbList","@id":"https:\/\/webdesi-gn.fr\/dev_deltalabo\/produits\/cat-produit\/thermostat-de-calibration-lauda-eco\/#breadcrumb","itemListElement":[{"@type":"ListItem","position":1,"name":"Accueil","item":"https:\/\/webdesi-gn.fr\/dev_deltalabo\/"},{"@type":"ListItem","position":2,"name":"Produits","item":"https:\/\/webdesi-gn.fr\/dev_deltalabo\/produits\/"},{"@type":"ListItem","position":3,"name":"Thermostat de calibration LAUDA ECO"}]},{"@type":"WebSite","@id":"https:\/\/webdesi-gn.fr\/dev_deltalabo\/#website","url":"https:\/\/webdesi-gn.fr\/dev_deltalabo\/","name":"Delta Labo","description":"Un site utilisant WordPress","publisher":{"@id":"https:\/\/webdesi-gn.fr\/dev_deltalabo\/#organization"},"alternateName":"Delta Labo","potentialAction":[{"@type":"SearchAction","target":{"@type":"EntryPoint","urlTemplate":"https:\/\/webdesi-gn.fr\/dev_deltalabo\/?s={search_term_string}"},"query-input":{"@type":"PropertyValueSpecification","valueRequired":true,"valueName":"search_term_string"}}],"inLanguage":"fr-FR"},{"@type":"Organization","@id":"https:\/\/webdesi-gn.fr\/dev_deltalabo\/#organization","name":"DeltaLabo","url":"https:\/\/webdesi-gn.fr\/dev_deltalabo\/","logo":{"@type":"ImageObject","inLanguage":"fr-FR","@id":"https:\/\/webdesi-gn.fr\/dev_deltalabo\/#\/schema\/logo\/image\/","url":"https:\/\/webdesi-gn.fr\/dev_deltalabo\/wp-content\/uploads\/2022\/07\/logo-deltalabo.png","contentUrl":"https:\/\/webdesi-gn.fr\/dev_deltalabo\/wp-content\/uploads\/2022\/07\/logo-deltalabo.png","width":694,"height":306,"caption":"DeltaLabo"},"image":{"@id":"https:\/\/webdesi-gn.fr\/dev_deltalabo\/#\/schema\/logo\/image\/"}}]}},"_links":{"self":[{"href":"https:\/\/webdesi-gn.fr\/dev_deltalabo\/wp-json\/wp\/v2\/product\/260592","targetHints":{"allow":["GET"]}}],"collection":[{"href":"https:\/\/webdesi-gn.fr\/dev_deltalabo\/wp-json\/wp\/v2\/product"}],"about":[{"href":"https:\/\/webdesi-gn.fr\/dev_deltalabo\/wp-json\/wp\/v2\/types\/product"}],"wp:featuredmedia":[{"embeddable":true,"href":"https:\/\/webdesi-gn.fr\/dev_deltalabo\/wp-json\/wp\/v2\/media\/260815"}],"wp:attachment":[{"href":"https:\/\/webdesi-gn.fr\/dev_deltalabo\/wp-json\/wp\/v2\/media?parent=260592"}],"wp:term":[{"taxonomy":"domaine","embeddable":true,"href":"https:\/\/webdesi-gn.fr\/dev_deltalabo\/wp-json\/wp\/v2\/domaine?post=260592"},{"taxonomy":"normes","embeddable":true,"href":"https:\/\/webdesi-gn.fr\/dev_deltalabo\/wp-json\/wp\/v2\/normes?post=260592"},{"taxonomy":"product_brand","embeddable":true,"href":"https:\/\/webdesi-gn.fr\/dev_deltalabo\/wp-json\/wp\/v2\/product_brand?post=260592"},{"taxonomy":"product_cat","embeddable":true,"href":"https:\/\/webdesi-gn.fr\/dev_deltalabo\/wp-json\/wp\/v2\/product_cat?post=260592"},{"taxonomy":"product_tag","embeddable":true,"href":"https:\/\/webdesi-gn.fr\/dev_deltalabo\/wp-json\/wp\/v2\/product_tag?post=260592"}],"curies":[{"name":"wp","href":"https:\/\/api.w.org\/{rel}","templated":true}]}}