{"id":260595,"date":"2025-06-26T16:08:22","date_gmt":"2025-06-26T14:08:22","guid":{"rendered":"https:\/\/webdesi-gn.fr\/dev_deltalabo\/?post_type=product&#038;p=260595"},"modified":"2025-07-08T13:30:12","modified_gmt":"2025-07-08T11:30:12","slug":"thermostat-de-calibration-lauda-proline","status":"publish","type":"product","link":"https:\/\/webdesi-gn.fr\/dev_deltalabo\/produits\/cat-produit\/thermostat-de-calibration-lauda-proline\/","title":{"rendered":"Thermostat de calibration LAUDA Proline"},"content":{"rendered":"","protected":false},"excerpt":{"rendered":"<p><strong>Thermostat de calibration LAUDA Proline :<\/strong><\/p>\n<div class=\"col-12 col-md-4\">\n<div class=\"richtext\">\n<p>Le thermostat de calibration LAUDA Proline garantit une temp\u00e9rature constante et homog\u00e8ne lors de la calibration et de l&rsquo;ajustement dans le laboratoire.<\/p>\n<p>Selon la taille, l&rsquo;ouverture du bain et la profondeur utile souhait\u00e9e, diff\u00e9rents mod\u00e8les sont disponibles.<\/p>\n<p>Les thermostats de calibration Proline permettent une plage de temp\u00e9rature allant de -40\u00b0C minimum \u00e0 300\u00b0C maximum.<\/p>\n<p>L&rsquo;unit\u00e9 de contr\u00f4le Command est intuitive et peut \u00eatre retir\u00e9e pour \u00eatre utilis\u00e9e comme t\u00e9l\u00e9commande.<\/p>\n<p>Caract\u00e9ristiques :<\/p>\n<\/div>\n<\/div>\n<ul>\n<li>Puissance de chauffage de 1,3 kW \u00e0 3,6 kW<\/li>\n<li class=\"listContainer\">\n<div class=\"listContainerInner\">Cuves de bain isol\u00e9es en acier inoxydable avec poign\u00e9es et robinet de vidange<\/div>\n<\/li>\n<li class=\"listContainer\">\n<div class=\"listContainerInner\">Deux t\u00eates de contr\u00f4le diff\u00e9rentes au choix : ma\u00eetre avec affichage LED ou panneau de commande amovible avec affichage LCD graphique<\/div>\n<\/li>\n<li class=\"listContainer\">\n<div class=\"listContainerInner\">Variopompe interne avec 8 niveaux de puissance<\/div>\n<\/li>\n<li class=\"listContainer\">\n<div class=\"listContainerInner\">Syst\u00e8me PowerAdapt pour une puissance de chauffage maximale adapt\u00e9e de mani\u00e8re optimale, sans influence sur l&rsquo;alimentation secteur<\/div>\n<\/li>\n<\/ul>\n<div class=\"productText \">\n<p><strong>T\u00e9l\u00e9charger la brochure produit :<\/strong>\u00a0<a href=\"https:\/\/webdesi-gn.fr\/dev_deltalabo\/wp-content\/uploads\/2025\/07\/LAUDA_Catalogue_General_2024_25-FR-DL-Thermostat-de-calibration-Proline.pdf\">Thermostat de calibration LAUDA Proline<\/a><\/p>\n<\/div>\n","protected":false},"featured_media":260812,"template":"","meta":{"_acf_changed":false,"site-sidebar-layout":"default","site-content-layout":"","ast-site-content-layout":"default","site-content-style":"default","site-sidebar-style":"default","ast-global-header-display":"","ast-banner-title-visibility":"","ast-main-header-display":"","ast-hfb-above-header-display":"","ast-hfb-below-header-display":"","ast-hfb-mobile-header-display":"","site-post-title":"","ast-breadcrumbs-content":"","ast-featured-img":"","footer-sml-layout":"","ast-disable-related-posts":"","theme-transparent-header-meta":"","adv-header-id-meta":"","stick-header-meta":"","header-above-stick-meta":"","header-main-stick-meta":"","header-below-stick-meta":"","astra-migrate-meta-layouts":"default","ast-page-background-enabled":"default","ast-page-background-meta":{"desktop":{"background-color":"var(--ast-global-color-5)","background-image":"","background-repeat":"repeat","background-position":"center center","background-size":"auto","background-attachment":"scroll","background-type":"","background-media":"","overlay-type":"","overlay-color":"","overlay-opacity":"","overlay-gradient":""},"tablet":{"background-color":"","background-image":"","background-repeat":"repeat","background-position":"center center","background-size":"auto","background-attachment":"scroll","background-type":"","background-media":"","overlay-type":"","overlay-color":"","overlay-opacity":"","overlay-gradient":""},"mobile":{"background-color":"","background-image":"","background-repeat":"repeat","background-position":"center center","background-size":"auto","background-attachment":"scroll","background-type":"","background-media":"","overlay-type":"","overlay-color":"","overlay-opacity":"","overlay-gradient":""}},"ast-content-background-meta":{"desktop":{"background-color":"var(--ast-global-color-4)","background-image":"","background-repeat":"repeat","background-position":"center center","background-size":"auto","background-attachment":"scroll","background-type":"","background-media":"","overlay-type":"","overlay-color":"","overlay-opacity":"","overlay-gradient":""},"tablet":{"background-color":"var(--ast-global-color-4)","background-image":"","background-repeat":"repeat","background-position":"center center","background-size":"auto","background-attachment":"scroll","background-type":"","background-media":"","overlay-type":"","overlay-color":"","overlay-opacity":"","overlay-gradient":""},"mobile":{"background-color":"var(--ast-global-color-4)","background-image":"","background-repeat":"repeat","background-position":"center center","background-size":"auto","background-attachment":"scroll","background-type":"","background-media":"","overlay-type":"","overlay-color":"","overlay-opacity":"","overlay-gradient":""}}},"domaine":[17187],"normes":[17135],"product_brand":[],"product_cat":[15],"product_tag":[],"class_list":{"0":"post-260595","1":"product","2":"type-product","3":"status-publish","4":"has-post-thumbnail","6":"domaine-thermostatisation","7":"normes-din-51562","8":"product_cat-cat-produit","9":"desktop-align-left","10":"tablet-align-left","11":"mobile-align-left","13":"first","14":"instock","15":"shipping-taxable","16":"product-type-simple"},"acf":[],"yoast_head":"<!-- This site is optimized with the Yoast SEO plugin v27.4 - https:\/\/yoast.com\/product\/yoast-seo-wordpress\/ -->\n<title>Thermostat de calibration LAUDA Proline | DeltaLabo<\/title>\n<meta name=\"robots\" content=\"noindex, follow, max-snippet:-1, max-image-preview:large, max-video-preview:-1\" \/>\n<meta property=\"og:locale\" content=\"fr_FR\" \/>\n<meta property=\"og:type\" content=\"article\" \/>\n<meta property=\"og:title\" content=\"Thermostat de calibration LAUDA Proline | DeltaLabo\" \/>\n<meta property=\"og:description\" content=\"Thermostat de calibration LAUDA Proline :    Le thermostat de calibration LAUDA Proline garantit une temp\u00e9rature constante et homog\u00e8ne lors de la calibration et de l&#039;ajustement dans le laboratoire.  Selon la taille, l&#039;ouverture du bain et la profondeur utile souhait\u00e9e, diff\u00e9rents mod\u00e8les sont disponibles.  Les thermostats de calibration Proline permettent une plage de temp\u00e9rature allant de -40\u00b0C minimum \u00e0 300\u00b0C maximum.  L&#039;unit\u00e9 de contr\u00f4le Command est intuitive et peut \u00eatre retir\u00e9e pour \u00eatre utilis\u00e9e comme t\u00e9l\u00e9commande.  Caract\u00e9ristiques :      Puissance de chauffage de 1,3 kW \u00e0 3,6 kW   Cuves de bain isol\u00e9es en acier inoxydable avec poign\u00e9es et robinet de vidange   Deux t\u00eates de contr\u00f4le diff\u00e9rentes au choix : ma\u00eetre avec affichage LED ou panneau de commande amovible avec affichage LCD graphique   Variopompe interne avec 8 niveaux de puissance   Syst\u00e8me PowerAdapt pour une puissance de chauffage maximale adapt\u00e9e de mani\u00e8re optimale, sans influence sur l&#039;alimentation secteur    T\u00e9l\u00e9charger la brochure produit :\u00a0Thermostat de calibration LAUDA Proline\" \/>\n<meta property=\"og:url\" content=\"https:\/\/webdesi-gn.fr\/dev_deltalabo\/produits\/domaines\/thermostatisation\/thermostat-de-calibration-lauda-proline\/\" \/>\n<meta property=\"og:site_name\" content=\"DeltaLabo\" \/>\n<meta property=\"article:modified_time\" content=\"2025-07-08T11:30:12+00:00\" \/>\n<meta property=\"og:image\" content=\"https:\/\/webdesi-gn.fr\/dev_deltalabo\/wp-content\/uploads\/2025\/06\/DELTA-LABO-thermostat-de-calibration-LAUDA-proline.png\" \/>\n\t<meta property=\"og:image:width\" content=\"800\" \/>\n\t<meta property=\"og:image:height\" content=\"800\" \/>\n\t<meta property=\"og:image:type\" content=\"image\/png\" \/>\n<meta name=\"twitter:card\" content=\"summary_large_image\" \/>\n<meta name=\"twitter:label1\" content=\"Dur\u00e9e de lecture estim\u00e9e\" \/>\n\t<meta name=\"twitter:data1\" content=\"1 minute\" \/>\n<script type=\"application\/ld+json\" class=\"yoast-schema-graph\">{\"@context\":\"https:\\\/\\\/schema.org\",\"@graph\":[{\"@type\":\"WebPage\",\"@id\":\"https:\\\/\\\/webdesi-gn.fr\\\/dev_deltalabo\\\/produits\\\/domaines\\\/thermostatisation\\\/thermostat-de-calibration-lauda-proline\\\/\",\"url\":\"https:\\\/\\\/webdesi-gn.fr\\\/dev_deltalabo\\\/produits\\\/domaines\\\/thermostatisation\\\/thermostat-de-calibration-lauda-proline\\\/\",\"name\":\"Thermostat de calibration LAUDA Proline | DeltaLabo\",\"isPartOf\":{\"@id\":\"https:\\\/\\\/webdesi-gn.fr\\\/dev_deltalabo\\\/#website\"},\"primaryImageOfPage\":{\"@id\":\"https:\\\/\\\/webdesi-gn.fr\\\/dev_deltalabo\\\/produits\\\/domaines\\\/thermostatisation\\\/thermostat-de-calibration-lauda-proline\\\/#primaryimage\"},\"image\":{\"@id\":\"https:\\\/\\\/webdesi-gn.fr\\\/dev_deltalabo\\\/produits\\\/domaines\\\/thermostatisation\\\/thermostat-de-calibration-lauda-proline\\\/#primaryimage\"},\"thumbnailUrl\":\"https:\\\/\\\/webdesi-gn.fr\\\/dev_deltalabo\\\/wp-content\\\/uploads\\\/2025\\\/06\\\/DELTA-LABO-thermostat-de-calibration-LAUDA-proline.png\",\"datePublished\":\"2025-06-26T14:08:22+00:00\",\"dateModified\":\"2025-07-08T11:30:12+00:00\",\"breadcrumb\":{\"@id\":\"https:\\\/\\\/webdesi-gn.fr\\\/dev_deltalabo\\\/produits\\\/domaines\\\/thermostatisation\\\/thermostat-de-calibration-lauda-proline\\\/#breadcrumb\"},\"inLanguage\":\"fr-FR\",\"potentialAction\":[{\"@type\":\"ReadAction\",\"target\":[\"https:\\\/\\\/webdesi-gn.fr\\\/dev_deltalabo\\\/produits\\\/domaines\\\/thermostatisation\\\/thermostat-de-calibration-lauda-proline\\\/\"]}]},{\"@type\":\"ImageObject\",\"inLanguage\":\"fr-FR\",\"@id\":\"https:\\\/\\\/webdesi-gn.fr\\\/dev_deltalabo\\\/produits\\\/domaines\\\/thermostatisation\\\/thermostat-de-calibration-lauda-proline\\\/#primaryimage\",\"url\":\"https:\\\/\\\/webdesi-gn.fr\\\/dev_deltalabo\\\/wp-content\\\/uploads\\\/2025\\\/06\\\/DELTA-LABO-thermostat-de-calibration-LAUDA-proline.png\",\"contentUrl\":\"https:\\\/\\\/webdesi-gn.fr\\\/dev_deltalabo\\\/wp-content\\\/uploads\\\/2025\\\/06\\\/DELTA-LABO-thermostat-de-calibration-LAUDA-proline.png\",\"width\":800,\"height\":800},{\"@type\":\"BreadcrumbList\",\"@id\":\"https:\\\/\\\/webdesi-gn.fr\\\/dev_deltalabo\\\/produits\\\/domaines\\\/thermostatisation\\\/thermostat-de-calibration-lauda-proline\\\/#breadcrumb\",\"itemListElement\":[{\"@type\":\"ListItem\",\"position\":1,\"name\":\"Accueil\",\"item\":\"https:\\\/\\\/webdesi-gn.fr\\\/dev_deltalabo\\\/\"},{\"@type\":\"ListItem\",\"position\":2,\"name\":\"Produits\",\"item\":\"https:\\\/\\\/webdesi-gn.fr\\\/dev_deltalabo\\\/produits\\\/\"},{\"@type\":\"ListItem\",\"position\":3,\"name\":\"Thermostat de calibration LAUDA Proline\"}]},{\"@type\":\"WebSite\",\"@id\":\"https:\\\/\\\/webdesi-gn.fr\\\/dev_deltalabo\\\/#website\",\"url\":\"https:\\\/\\\/webdesi-gn.fr\\\/dev_deltalabo\\\/\",\"name\":\"Delta Labo\",\"description\":\"Un site utilisant WordPress\",\"publisher\":{\"@id\":\"https:\\\/\\\/webdesi-gn.fr\\\/dev_deltalabo\\\/#organization\"},\"alternateName\":\"Delta Labo\",\"potentialAction\":[{\"@type\":\"SearchAction\",\"target\":{\"@type\":\"EntryPoint\",\"urlTemplate\":\"https:\\\/\\\/webdesi-gn.fr\\\/dev_deltalabo\\\/?s={search_term_string}\"},\"query-input\":{\"@type\":\"PropertyValueSpecification\",\"valueRequired\":true,\"valueName\":\"search_term_string\"}}],\"inLanguage\":\"fr-FR\"},{\"@type\":\"Organization\",\"@id\":\"https:\\\/\\\/webdesi-gn.fr\\\/dev_deltalabo\\\/#organization\",\"name\":\"DeltaLabo\",\"url\":\"https:\\\/\\\/webdesi-gn.fr\\\/dev_deltalabo\\\/\",\"logo\":{\"@type\":\"ImageObject\",\"inLanguage\":\"fr-FR\",\"@id\":\"https:\\\/\\\/webdesi-gn.fr\\\/dev_deltalabo\\\/#\\\/schema\\\/logo\\\/image\\\/\",\"url\":\"https:\\\/\\\/webdesi-gn.fr\\\/dev_deltalabo\\\/wp-content\\\/uploads\\\/2022\\\/07\\\/logo-deltalabo.png\",\"contentUrl\":\"https:\\\/\\\/webdesi-gn.fr\\\/dev_deltalabo\\\/wp-content\\\/uploads\\\/2022\\\/07\\\/logo-deltalabo.png\",\"width\":694,\"height\":306,\"caption\":\"DeltaLabo\"},\"image\":{\"@id\":\"https:\\\/\\\/webdesi-gn.fr\\\/dev_deltalabo\\\/#\\\/schema\\\/logo\\\/image\\\/\"}}]}<\/script>\n<!-- \/ Yoast SEO plugin. -->","yoast_head_json":{"title":"Thermostat de calibration LAUDA Proline | DeltaLabo","robots":{"index":"noindex","follow":"follow","max-snippet":"max-snippet:-1","max-image-preview":"max-image-preview:large","max-video-preview":"max-video-preview:-1"},"og_locale":"fr_FR","og_type":"article","og_title":"Thermostat de calibration LAUDA Proline | DeltaLabo","og_description":"Thermostat de calibration LAUDA Proline :    Le thermostat de calibration LAUDA Proline garantit une temp\u00e9rature constante et homog\u00e8ne lors de la calibration et de l'ajustement dans le laboratoire.  Selon la taille, l'ouverture du bain et la profondeur utile souhait\u00e9e, diff\u00e9rents mod\u00e8les sont disponibles.  Les thermostats de calibration Proline permettent une plage de temp\u00e9rature allant de -40\u00b0C minimum \u00e0 300\u00b0C maximum.  L'unit\u00e9 de contr\u00f4le Command est intuitive et peut \u00eatre retir\u00e9e pour \u00eatre utilis\u00e9e comme t\u00e9l\u00e9commande.  Caract\u00e9ristiques :      Puissance de chauffage de 1,3 kW \u00e0 3,6 kW   Cuves de bain isol\u00e9es en acier inoxydable avec poign\u00e9es et robinet de vidange   Deux t\u00eates de contr\u00f4le diff\u00e9rentes au choix : ma\u00eetre avec affichage LED ou panneau de commande amovible avec affichage LCD graphique   Variopompe interne avec 8 niveaux de puissance   Syst\u00e8me PowerAdapt pour une puissance de chauffage maximale adapt\u00e9e de mani\u00e8re optimale, sans influence sur l'alimentation secteur    T\u00e9l\u00e9charger la brochure produit :\u00a0Thermostat de calibration LAUDA Proline","og_url":"https:\/\/webdesi-gn.fr\/dev_deltalabo\/produits\/domaines\/thermostatisation\/thermostat-de-calibration-lauda-proline\/","og_site_name":"DeltaLabo","article_modified_time":"2025-07-08T11:30:12+00:00","og_image":[{"width":800,"height":800,"url":"https:\/\/webdesi-gn.fr\/dev_deltalabo\/wp-content\/uploads\/2025\/06\/DELTA-LABO-thermostat-de-calibration-LAUDA-proline.png","type":"image\/png"}],"twitter_card":"summary_large_image","twitter_misc":{"Dur\u00e9e de lecture estim\u00e9e":"1 minute"},"schema":{"@context":"https:\/\/schema.org","@graph":[{"@type":"WebPage","@id":"https:\/\/webdesi-gn.fr\/dev_deltalabo\/produits\/domaines\/thermostatisation\/thermostat-de-calibration-lauda-proline\/","url":"https:\/\/webdesi-gn.fr\/dev_deltalabo\/produits\/domaines\/thermostatisation\/thermostat-de-calibration-lauda-proline\/","name":"Thermostat de calibration LAUDA Proline | DeltaLabo","isPartOf":{"@id":"https:\/\/webdesi-gn.fr\/dev_deltalabo\/#website"},"primaryImageOfPage":{"@id":"https:\/\/webdesi-gn.fr\/dev_deltalabo\/produits\/domaines\/thermostatisation\/thermostat-de-calibration-lauda-proline\/#primaryimage"},"image":{"@id":"https:\/\/webdesi-gn.fr\/dev_deltalabo\/produits\/domaines\/thermostatisation\/thermostat-de-calibration-lauda-proline\/#primaryimage"},"thumbnailUrl":"https:\/\/webdesi-gn.fr\/dev_deltalabo\/wp-content\/uploads\/2025\/06\/DELTA-LABO-thermostat-de-calibration-LAUDA-proline.png","datePublished":"2025-06-26T14:08:22+00:00","dateModified":"2025-07-08T11:30:12+00:00","breadcrumb":{"@id":"https:\/\/webdesi-gn.fr\/dev_deltalabo\/produits\/domaines\/thermostatisation\/thermostat-de-calibration-lauda-proline\/#breadcrumb"},"inLanguage":"fr-FR","potentialAction":[{"@type":"ReadAction","target":["https:\/\/webdesi-gn.fr\/dev_deltalabo\/produits\/domaines\/thermostatisation\/thermostat-de-calibration-lauda-proline\/"]}]},{"@type":"ImageObject","inLanguage":"fr-FR","@id":"https:\/\/webdesi-gn.fr\/dev_deltalabo\/produits\/domaines\/thermostatisation\/thermostat-de-calibration-lauda-proline\/#primaryimage","url":"https:\/\/webdesi-gn.fr\/dev_deltalabo\/wp-content\/uploads\/2025\/06\/DELTA-LABO-thermostat-de-calibration-LAUDA-proline.png","contentUrl":"https:\/\/webdesi-gn.fr\/dev_deltalabo\/wp-content\/uploads\/2025\/06\/DELTA-LABO-thermostat-de-calibration-LAUDA-proline.png","width":800,"height":800},{"@type":"BreadcrumbList","@id":"https:\/\/webdesi-gn.fr\/dev_deltalabo\/produits\/domaines\/thermostatisation\/thermostat-de-calibration-lauda-proline\/#breadcrumb","itemListElement":[{"@type":"ListItem","position":1,"name":"Accueil","item":"https:\/\/webdesi-gn.fr\/dev_deltalabo\/"},{"@type":"ListItem","position":2,"name":"Produits","item":"https:\/\/webdesi-gn.fr\/dev_deltalabo\/produits\/"},{"@type":"ListItem","position":3,"name":"Thermostat de calibration LAUDA Proline"}]},{"@type":"WebSite","@id":"https:\/\/webdesi-gn.fr\/dev_deltalabo\/#website","url":"https:\/\/webdesi-gn.fr\/dev_deltalabo\/","name":"Delta Labo","description":"Un site utilisant WordPress","publisher":{"@id":"https:\/\/webdesi-gn.fr\/dev_deltalabo\/#organization"},"alternateName":"Delta Labo","potentialAction":[{"@type":"SearchAction","target":{"@type":"EntryPoint","urlTemplate":"https:\/\/webdesi-gn.fr\/dev_deltalabo\/?s={search_term_string}"},"query-input":{"@type":"PropertyValueSpecification","valueRequired":true,"valueName":"search_term_string"}}],"inLanguage":"fr-FR"},{"@type":"Organization","@id":"https:\/\/webdesi-gn.fr\/dev_deltalabo\/#organization","name":"DeltaLabo","url":"https:\/\/webdesi-gn.fr\/dev_deltalabo\/","logo":{"@type":"ImageObject","inLanguage":"fr-FR","@id":"https:\/\/webdesi-gn.fr\/dev_deltalabo\/#\/schema\/logo\/image\/","url":"https:\/\/webdesi-gn.fr\/dev_deltalabo\/wp-content\/uploads\/2022\/07\/logo-deltalabo.png","contentUrl":"https:\/\/webdesi-gn.fr\/dev_deltalabo\/wp-content\/uploads\/2022\/07\/logo-deltalabo.png","width":694,"height":306,"caption":"DeltaLabo"},"image":{"@id":"https:\/\/webdesi-gn.fr\/dev_deltalabo\/#\/schema\/logo\/image\/"}}]}},"_links":{"self":[{"href":"https:\/\/webdesi-gn.fr\/dev_deltalabo\/wp-json\/wp\/v2\/product\/260595","targetHints":{"allow":["GET"]}}],"collection":[{"href":"https:\/\/webdesi-gn.fr\/dev_deltalabo\/wp-json\/wp\/v2\/product"}],"about":[{"href":"https:\/\/webdesi-gn.fr\/dev_deltalabo\/wp-json\/wp\/v2\/types\/product"}],"wp:featuredmedia":[{"embeddable":true,"href":"https:\/\/webdesi-gn.fr\/dev_deltalabo\/wp-json\/wp\/v2\/media\/260812"}],"wp:attachment":[{"href":"https:\/\/webdesi-gn.fr\/dev_deltalabo\/wp-json\/wp\/v2\/media?parent=260595"}],"wp:term":[{"taxonomy":"domaine","embeddable":true,"href":"https:\/\/webdesi-gn.fr\/dev_deltalabo\/wp-json\/wp\/v2\/domaine?post=260595"},{"taxonomy":"normes","embeddable":true,"href":"https:\/\/webdesi-gn.fr\/dev_deltalabo\/wp-json\/wp\/v2\/normes?post=260595"},{"taxonomy":"product_brand","embeddable":true,"href":"https:\/\/webdesi-gn.fr\/dev_deltalabo\/wp-json\/wp\/v2\/product_brand?post=260595"},{"taxonomy":"product_cat","embeddable":true,"href":"https:\/\/webdesi-gn.fr\/dev_deltalabo\/wp-json\/wp\/v2\/product_cat?post=260595"},{"taxonomy":"product_tag","embeddable":true,"href":"https:\/\/webdesi-gn.fr\/dev_deltalabo\/wp-json\/wp\/v2\/product_tag?post=260595"}],"curies":[{"name":"wp","href":"https:\/\/api.w.org\/{rel}","templated":true}]}}