{"id":260601,"date":"2025-06-27T09:23:23","date_gmt":"2025-06-27T07:23:23","guid":{"rendered":"https:\/\/webdesi-gn.fr\/dev_deltalabo\/?post_type=product&#038;p=260601"},"modified":"2025-11-24T13:41:22","modified_gmt":"2025-11-24T12:41:22","slug":"congelateur-lauda-versafreeze","status":"publish","type":"product","link":"https:\/\/webdesi-gn.fr\/dev_deltalabo\/produits\/thermostatisation\/congelateur-lauda-versafreeze\/","title":{"rendered":"Cong\u00e9lateur LAUDA Versafreeze"},"content":{"rendered":"","protected":false},"excerpt":{"rendered":"<p><strong>Cong\u00e9lateur LAUDA Versafreeze :<\/strong><\/p>\n<div class=\"col-12 col-md-4\">\n<div class=\"richtext\">\n<p>Ultra-haut de gamme, ultra-s\u00e9curit\u00e9, ultra-fiabilit\u00e9, le cong\u00e9lateur LAUDA Versafreeze offre une excellente r\u00e9partition de la temp\u00e9rature, d&rsquo;excellentes propri\u00e9t\u00e9s d&rsquo;isolation avec de longs temps de d\u00e9cong\u00e9lation, notamment pour les \u00e9chantillons de valeur, vaccins, substances organiques&#8230;\u00a0m\u00eame en cas de panne de secteur.<\/p>\n<p>L&rsquo;accumulateur int\u00e9gr\u00e9 de s\u00e9rie permet de maintenir l&rsquo;affichage des fonctions d&rsquo;alarme pendant une dur\u00e9e maximale de 35 heures.<\/p>\n<p>Le cong\u00e9lateur LAUDA Versafreeze est dot\u00e9 d&rsquo;un \u00e9cran tactile moderne et intuitif offrant de nombreuses possibilit\u00e9s de r\u00e9glage, des droits d&rsquo;acc\u00e8s prot\u00e9g\u00e9s par mot de passe. Cela permet de v\u00e9rifier et de contr\u00f4ler les valeurs critiques des cong\u00e9lateurs \u00e0 tr\u00e8s basse temp\u00e9rature ind\u00e9pendamment de l&#8217;emplacement et du dispositif.<\/p>\n<p><strong>T\u00e9l\u00e9charger la brochure produit :<\/strong>\u00a0<a href=\"https:\/\/www.deltalabo.fr\/wp-content\/uploads\/2025\/07\/LAUDA-Versafreeze_FR-DL-2025.pdf\">Cong\u00e9lateur LAUDA Versafreeze<\/a><\/p>\n<\/div>\n<\/div>\n","protected":false},"featured_media":261930,"template":"","meta":{"_acf_changed":false,"site-sidebar-layout":"default","site-content-layout":"","ast-site-content-layout":"default","site-content-style":"default","site-sidebar-style":"default","ast-global-header-display":"","ast-banner-title-visibility":"","ast-main-header-display":"","ast-hfb-above-header-display":"","ast-hfb-below-header-display":"","ast-hfb-mobile-header-display":"","site-post-title":"","ast-breadcrumbs-content":"","ast-featured-img":"","footer-sml-layout":"","ast-disable-related-posts":"","theme-transparent-header-meta":"","adv-header-id-meta":"","stick-header-meta":"","header-above-stick-meta":"","header-main-stick-meta":"","header-below-stick-meta":"","astra-migrate-meta-layouts":"default","ast-page-background-enabled":"default","ast-page-background-meta":{"desktop":{"background-color":"var(--ast-global-color-5)","background-image":"","background-repeat":"repeat","background-position":"center center","background-size":"auto","background-attachment":"scroll","background-type":"","background-media":"","overlay-type":"","overlay-color":"","overlay-opacity":"","overlay-gradient":""},"tablet":{"background-color":"","background-image":"","background-repeat":"repeat","background-position":"center center","background-size":"auto","background-attachment":"scroll","background-type":"","background-media":"","overlay-type":"","overlay-color":"","overlay-opacity":"","overlay-gradient":""},"mobile":{"background-color":"","background-image":"","background-repeat":"repeat","background-position":"center center","background-size":"auto","background-attachment":"scroll","background-type":"","background-media":"","overlay-type":"","overlay-color":"","overlay-opacity":"","overlay-gradient":""}},"ast-content-background-meta":{"desktop":{"background-color":"var(--ast-global-color-4)","background-image":"","background-repeat":"repeat","background-position":"center center","background-size":"auto","background-attachment":"scroll","background-type":"","background-media":"","overlay-type":"","overlay-color":"","overlay-opacity":"","overlay-gradient":""},"tablet":{"background-color":"var(--ast-global-color-4)","background-image":"","background-repeat":"repeat","background-position":"center center","background-size":"auto","background-attachment":"scroll","background-type":"","background-media":"","overlay-type":"","overlay-color":"","overlay-opacity":"","overlay-gradient":""},"mobile":{"background-color":"var(--ast-global-color-4)","background-image":"","background-repeat":"repeat","background-position":"center center","background-size":"auto","background-attachment":"scroll","background-type":"","background-media":"","overlay-type":"","overlay-color":"","overlay-opacity":"","overlay-gradient":""}}},"domaine":[17187],"normes":[17135],"product_brand":[],"product_cat":[17423],"product_tag":[],"class_list":{"0":"post-260601","1":"product","2":"type-product","3":"status-publish","4":"has-post-thumbnail","6":"domaine-thermostatisation","7":"normes-din-51562","8":"product_cat-thermostatisation","9":"desktop-align-left","10":"tablet-align-left","11":"mobile-align-left","13":"first","14":"instock","15":"shipping-taxable","16":"product-type-simple"},"acf":[],"yoast_head":"<!-- This site is optimized with the Yoast SEO plugin v27.4 - https:\/\/yoast.com\/product\/yoast-seo-wordpress\/ -->\n<title>Cong\u00e9lateur LAUDA Versafreeze | DeltaLabo<\/title>\n<meta name=\"robots\" content=\"noindex, follow, max-snippet:-1, max-image-preview:large, max-video-preview:-1\" \/>\n<meta property=\"og:locale\" content=\"fr_FR\" \/>\n<meta property=\"og:type\" content=\"article\" \/>\n<meta property=\"og:title\" content=\"Cong\u00e9lateur LAUDA Versafreeze | DeltaLabo\" \/>\n<meta property=\"og:description\" content=\"Cong\u00e9lateur LAUDA Versafreeze :    Ultra-haut de gamme, ultra-s\u00e9curit\u00e9, ultra-fiabilit\u00e9, le cong\u00e9lateur LAUDA Versafreeze offre une excellente r\u00e9partition de la temp\u00e9rature, d&#039;excellentes propri\u00e9t\u00e9s d&#039;isolation avec de longs temps de d\u00e9cong\u00e9lation, notamment pour les \u00e9chantillons de valeur, vaccins, substances organiques...\u00a0m\u00eame en cas de panne de secteur.  L&#039;accumulateur int\u00e9gr\u00e9 de s\u00e9rie permet de maintenir l&#039;affichage des fonctions d&#039;alarme pendant une dur\u00e9e maximale de 35 heures.  Le cong\u00e9lateur LAUDA Versafreeze est dot\u00e9 d&#039;un \u00e9cran tactile moderne et intuitif offrant de nombreuses possibilit\u00e9s de r\u00e9glage, des droits d&#039;acc\u00e8s prot\u00e9g\u00e9s par mot de passe. Cela permet de v\u00e9rifier et de contr\u00f4ler les valeurs critiques des cong\u00e9lateurs \u00e0 tr\u00e8s basse temp\u00e9rature ind\u00e9pendamment de l&#039;emplacement et du dispositif.  T\u00e9l\u00e9charger la brochure produit :\u00a0Cong\u00e9lateur LAUDA Versafreeze\" \/>\n<meta property=\"og:url\" content=\"https:\/\/webdesi-gn.fr\/dev_deltalabo\/produits\/cat-produit\/congelateur-lauda-versafreeze\/\" \/>\n<meta property=\"og:site_name\" content=\"DeltaLabo\" \/>\n<meta property=\"article:modified_time\" content=\"2025-11-24T12:41:22+00:00\" \/>\n<meta property=\"og:image\" content=\"https:\/\/webdesi-gn.fr\/dev_deltalabo\/wp-content\/uploads\/2025\/06\/DELTA-LABO-congelateur-Versafreeze.jpg\" \/>\n\t<meta property=\"og:image:width\" content=\"800\" \/>\n\t<meta property=\"og:image:height\" content=\"800\" \/>\n\t<meta property=\"og:image:type\" content=\"image\/jpeg\" \/>\n<meta name=\"twitter:card\" content=\"summary_large_image\" \/>\n<meta name=\"twitter:label1\" content=\"Dur\u00e9e de lecture estim\u00e9e\" \/>\n\t<meta name=\"twitter:data1\" content=\"1 minute\" \/>\n<script type=\"application\/ld+json\" class=\"yoast-schema-graph\">{\"@context\":\"https:\\\/\\\/schema.org\",\"@graph\":[{\"@type\":\"WebPage\",\"@id\":\"https:\\\/\\\/webdesi-gn.fr\\\/dev_deltalabo\\\/produits\\\/cat-produit\\\/congelateur-lauda-versafreeze\\\/\",\"url\":\"https:\\\/\\\/webdesi-gn.fr\\\/dev_deltalabo\\\/produits\\\/cat-produit\\\/congelateur-lauda-versafreeze\\\/\",\"name\":\"Cong\u00e9lateur LAUDA Versafreeze | DeltaLabo\",\"isPartOf\":{\"@id\":\"https:\\\/\\\/webdesi-gn.fr\\\/dev_deltalabo\\\/#website\"},\"primaryImageOfPage\":{\"@id\":\"https:\\\/\\\/webdesi-gn.fr\\\/dev_deltalabo\\\/produits\\\/cat-produit\\\/congelateur-lauda-versafreeze\\\/#primaryimage\"},\"image\":{\"@id\":\"https:\\\/\\\/webdesi-gn.fr\\\/dev_deltalabo\\\/produits\\\/cat-produit\\\/congelateur-lauda-versafreeze\\\/#primaryimage\"},\"thumbnailUrl\":\"https:\\\/\\\/webdesi-gn.fr\\\/dev_deltalabo\\\/wp-content\\\/uploads\\\/2025\\\/11\\\/DELTA-LABO-congelateur-Versafreeze.jpg\",\"datePublished\":\"2025-06-27T07:23:23+00:00\",\"dateModified\":\"2025-11-24T12:41:22+00:00\",\"breadcrumb\":{\"@id\":\"https:\\\/\\\/webdesi-gn.fr\\\/dev_deltalabo\\\/produits\\\/cat-produit\\\/congelateur-lauda-versafreeze\\\/#breadcrumb\"},\"inLanguage\":\"fr-FR\",\"potentialAction\":[{\"@type\":\"ReadAction\",\"target\":[\"https:\\\/\\\/webdesi-gn.fr\\\/dev_deltalabo\\\/produits\\\/cat-produit\\\/congelateur-lauda-versafreeze\\\/\"]}]},{\"@type\":\"ImageObject\",\"inLanguage\":\"fr-FR\",\"@id\":\"https:\\\/\\\/webdesi-gn.fr\\\/dev_deltalabo\\\/produits\\\/cat-produit\\\/congelateur-lauda-versafreeze\\\/#primaryimage\",\"url\":\"https:\\\/\\\/webdesi-gn.fr\\\/dev_deltalabo\\\/wp-content\\\/uploads\\\/2025\\\/11\\\/DELTA-LABO-congelateur-Versafreeze.jpg\",\"contentUrl\":\"https:\\\/\\\/webdesi-gn.fr\\\/dev_deltalabo\\\/wp-content\\\/uploads\\\/2025\\\/11\\\/DELTA-LABO-congelateur-Versafreeze.jpg\",\"width\":800,\"height\":800},{\"@type\":\"BreadcrumbList\",\"@id\":\"https:\\\/\\\/webdesi-gn.fr\\\/dev_deltalabo\\\/produits\\\/cat-produit\\\/congelateur-lauda-versafreeze\\\/#breadcrumb\",\"itemListElement\":[{\"@type\":\"ListItem\",\"position\":1,\"name\":\"Accueil\",\"item\":\"https:\\\/\\\/webdesi-gn.fr\\\/dev_deltalabo\\\/\"},{\"@type\":\"ListItem\",\"position\":2,\"name\":\"Produits\",\"item\":\"https:\\\/\\\/webdesi-gn.fr\\\/dev_deltalabo\\\/produits\\\/\"},{\"@type\":\"ListItem\",\"position\":3,\"name\":\"Cong\u00e9lateur LAUDA Versafreeze\"}]},{\"@type\":\"WebSite\",\"@id\":\"https:\\\/\\\/webdesi-gn.fr\\\/dev_deltalabo\\\/#website\",\"url\":\"https:\\\/\\\/webdesi-gn.fr\\\/dev_deltalabo\\\/\",\"name\":\"Delta Labo\",\"description\":\"Un site utilisant WordPress\",\"publisher\":{\"@id\":\"https:\\\/\\\/webdesi-gn.fr\\\/dev_deltalabo\\\/#organization\"},\"alternateName\":\"Delta Labo\",\"potentialAction\":[{\"@type\":\"SearchAction\",\"target\":{\"@type\":\"EntryPoint\",\"urlTemplate\":\"https:\\\/\\\/webdesi-gn.fr\\\/dev_deltalabo\\\/?s={search_term_string}\"},\"query-input\":{\"@type\":\"PropertyValueSpecification\",\"valueRequired\":true,\"valueName\":\"search_term_string\"}}],\"inLanguage\":\"fr-FR\"},{\"@type\":\"Organization\",\"@id\":\"https:\\\/\\\/webdesi-gn.fr\\\/dev_deltalabo\\\/#organization\",\"name\":\"DeltaLabo\",\"url\":\"https:\\\/\\\/webdesi-gn.fr\\\/dev_deltalabo\\\/\",\"logo\":{\"@type\":\"ImageObject\",\"inLanguage\":\"fr-FR\",\"@id\":\"https:\\\/\\\/webdesi-gn.fr\\\/dev_deltalabo\\\/#\\\/schema\\\/logo\\\/image\\\/\",\"url\":\"https:\\\/\\\/webdesi-gn.fr\\\/dev_deltalabo\\\/wp-content\\\/uploads\\\/2022\\\/07\\\/logo-deltalabo.png\",\"contentUrl\":\"https:\\\/\\\/webdesi-gn.fr\\\/dev_deltalabo\\\/wp-content\\\/uploads\\\/2022\\\/07\\\/logo-deltalabo.png\",\"width\":694,\"height\":306,\"caption\":\"DeltaLabo\"},\"image\":{\"@id\":\"https:\\\/\\\/webdesi-gn.fr\\\/dev_deltalabo\\\/#\\\/schema\\\/logo\\\/image\\\/\"}}]}<\/script>\n<!-- \/ Yoast SEO plugin. -->","yoast_head_json":{"title":"Cong\u00e9lateur LAUDA Versafreeze | DeltaLabo","robots":{"index":"noindex","follow":"follow","max-snippet":"max-snippet:-1","max-image-preview":"max-image-preview:large","max-video-preview":"max-video-preview:-1"},"og_locale":"fr_FR","og_type":"article","og_title":"Cong\u00e9lateur LAUDA Versafreeze | DeltaLabo","og_description":"Cong\u00e9lateur LAUDA Versafreeze :    Ultra-haut de gamme, ultra-s\u00e9curit\u00e9, ultra-fiabilit\u00e9, le cong\u00e9lateur LAUDA Versafreeze offre une excellente r\u00e9partition de la temp\u00e9rature, d'excellentes propri\u00e9t\u00e9s d'isolation avec de longs temps de d\u00e9cong\u00e9lation, notamment pour les \u00e9chantillons de valeur, vaccins, substances organiques...\u00a0m\u00eame en cas de panne de secteur.  L'accumulateur int\u00e9gr\u00e9 de s\u00e9rie permet de maintenir l'affichage des fonctions d'alarme pendant une dur\u00e9e maximale de 35 heures.  Le cong\u00e9lateur LAUDA Versafreeze est dot\u00e9 d'un \u00e9cran tactile moderne et intuitif offrant de nombreuses possibilit\u00e9s de r\u00e9glage, des droits d'acc\u00e8s prot\u00e9g\u00e9s par mot de passe. Cela permet de v\u00e9rifier et de contr\u00f4ler les valeurs critiques des cong\u00e9lateurs \u00e0 tr\u00e8s basse temp\u00e9rature ind\u00e9pendamment de l'emplacement et du dispositif.  T\u00e9l\u00e9charger la brochure produit :\u00a0Cong\u00e9lateur LAUDA Versafreeze","og_url":"https:\/\/webdesi-gn.fr\/dev_deltalabo\/produits\/cat-produit\/congelateur-lauda-versafreeze\/","og_site_name":"DeltaLabo","article_modified_time":"2025-11-24T12:41:22+00:00","og_image":[{"width":800,"height":800,"url":"https:\/\/webdesi-gn.fr\/dev_deltalabo\/wp-content\/uploads\/2025\/06\/DELTA-LABO-congelateur-Versafreeze.jpg","type":"image\/jpeg"}],"twitter_card":"summary_large_image","twitter_misc":{"Dur\u00e9e de lecture estim\u00e9e":"1 minute"},"schema":{"@context":"https:\/\/schema.org","@graph":[{"@type":"WebPage","@id":"https:\/\/webdesi-gn.fr\/dev_deltalabo\/produits\/cat-produit\/congelateur-lauda-versafreeze\/","url":"https:\/\/webdesi-gn.fr\/dev_deltalabo\/produits\/cat-produit\/congelateur-lauda-versafreeze\/","name":"Cong\u00e9lateur LAUDA Versafreeze | DeltaLabo","isPartOf":{"@id":"https:\/\/webdesi-gn.fr\/dev_deltalabo\/#website"},"primaryImageOfPage":{"@id":"https:\/\/webdesi-gn.fr\/dev_deltalabo\/produits\/cat-produit\/congelateur-lauda-versafreeze\/#primaryimage"},"image":{"@id":"https:\/\/webdesi-gn.fr\/dev_deltalabo\/produits\/cat-produit\/congelateur-lauda-versafreeze\/#primaryimage"},"thumbnailUrl":"https:\/\/webdesi-gn.fr\/dev_deltalabo\/wp-content\/uploads\/2025\/11\/DELTA-LABO-congelateur-Versafreeze.jpg","datePublished":"2025-06-27T07:23:23+00:00","dateModified":"2025-11-24T12:41:22+00:00","breadcrumb":{"@id":"https:\/\/webdesi-gn.fr\/dev_deltalabo\/produits\/cat-produit\/congelateur-lauda-versafreeze\/#breadcrumb"},"inLanguage":"fr-FR","potentialAction":[{"@type":"ReadAction","target":["https:\/\/webdesi-gn.fr\/dev_deltalabo\/produits\/cat-produit\/congelateur-lauda-versafreeze\/"]}]},{"@type":"ImageObject","inLanguage":"fr-FR","@id":"https:\/\/webdesi-gn.fr\/dev_deltalabo\/produits\/cat-produit\/congelateur-lauda-versafreeze\/#primaryimage","url":"https:\/\/webdesi-gn.fr\/dev_deltalabo\/wp-content\/uploads\/2025\/11\/DELTA-LABO-congelateur-Versafreeze.jpg","contentUrl":"https:\/\/webdesi-gn.fr\/dev_deltalabo\/wp-content\/uploads\/2025\/11\/DELTA-LABO-congelateur-Versafreeze.jpg","width":800,"height":800},{"@type":"BreadcrumbList","@id":"https:\/\/webdesi-gn.fr\/dev_deltalabo\/produits\/cat-produit\/congelateur-lauda-versafreeze\/#breadcrumb","itemListElement":[{"@type":"ListItem","position":1,"name":"Accueil","item":"https:\/\/webdesi-gn.fr\/dev_deltalabo\/"},{"@type":"ListItem","position":2,"name":"Produits","item":"https:\/\/webdesi-gn.fr\/dev_deltalabo\/produits\/"},{"@type":"ListItem","position":3,"name":"Cong\u00e9lateur LAUDA Versafreeze"}]},{"@type":"WebSite","@id":"https:\/\/webdesi-gn.fr\/dev_deltalabo\/#website","url":"https:\/\/webdesi-gn.fr\/dev_deltalabo\/","name":"Delta Labo","description":"Un site utilisant WordPress","publisher":{"@id":"https:\/\/webdesi-gn.fr\/dev_deltalabo\/#organization"},"alternateName":"Delta Labo","potentialAction":[{"@type":"SearchAction","target":{"@type":"EntryPoint","urlTemplate":"https:\/\/webdesi-gn.fr\/dev_deltalabo\/?s={search_term_string}"},"query-input":{"@type":"PropertyValueSpecification","valueRequired":true,"valueName":"search_term_string"}}],"inLanguage":"fr-FR"},{"@type":"Organization","@id":"https:\/\/webdesi-gn.fr\/dev_deltalabo\/#organization","name":"DeltaLabo","url":"https:\/\/webdesi-gn.fr\/dev_deltalabo\/","logo":{"@type":"ImageObject","inLanguage":"fr-FR","@id":"https:\/\/webdesi-gn.fr\/dev_deltalabo\/#\/schema\/logo\/image\/","url":"https:\/\/webdesi-gn.fr\/dev_deltalabo\/wp-content\/uploads\/2022\/07\/logo-deltalabo.png","contentUrl":"https:\/\/webdesi-gn.fr\/dev_deltalabo\/wp-content\/uploads\/2022\/07\/logo-deltalabo.png","width":694,"height":306,"caption":"DeltaLabo"},"image":{"@id":"https:\/\/webdesi-gn.fr\/dev_deltalabo\/#\/schema\/logo\/image\/"}}]}},"_links":{"self":[{"href":"https:\/\/webdesi-gn.fr\/dev_deltalabo\/wp-json\/wp\/v2\/product\/260601","targetHints":{"allow":["GET"]}}],"collection":[{"href":"https:\/\/webdesi-gn.fr\/dev_deltalabo\/wp-json\/wp\/v2\/product"}],"about":[{"href":"https:\/\/webdesi-gn.fr\/dev_deltalabo\/wp-json\/wp\/v2\/types\/product"}],"wp:featuredmedia":[{"embeddable":true,"href":"https:\/\/webdesi-gn.fr\/dev_deltalabo\/wp-json\/wp\/v2\/media\/261930"}],"wp:attachment":[{"href":"https:\/\/webdesi-gn.fr\/dev_deltalabo\/wp-json\/wp\/v2\/media?parent=260601"}],"wp:term":[{"taxonomy":"domaine","embeddable":true,"href":"https:\/\/webdesi-gn.fr\/dev_deltalabo\/wp-json\/wp\/v2\/domaine?post=260601"},{"taxonomy":"normes","embeddable":true,"href":"https:\/\/webdesi-gn.fr\/dev_deltalabo\/wp-json\/wp\/v2\/normes?post=260601"},{"taxonomy":"product_brand","embeddable":true,"href":"https:\/\/webdesi-gn.fr\/dev_deltalabo\/wp-json\/wp\/v2\/product_brand?post=260601"},{"taxonomy":"product_cat","embeddable":true,"href":"https:\/\/webdesi-gn.fr\/dev_deltalabo\/wp-json\/wp\/v2\/product_cat?post=260601"},{"taxonomy":"product_tag","embeddable":true,"href":"https:\/\/webdesi-gn.fr\/dev_deltalabo\/wp-json\/wp\/v2\/product_tag?post=260601"}],"curies":[{"name":"wp","href":"https:\/\/api.w.org\/{rel}","templated":true}]}}